{"id":8284,"date":"2023-02-20T22:32:43","date_gmt":"2023-02-20T22:32:43","guid":{"rendered":"https:\/\/iberoid.com\/?post_type=product&#038;p=8284"},"modified":"2024-06-03T20:15:51","modified_gmt":"2024-06-03T20:15:51","slug":"nandrolone-decanoate-250-diamond-pharm","status":"publish","type":"product","link":"https:\/\/iberoid.com\/fr\/product\/nandrolone-decanoate-250-diamond-pharm\/","title":{"rendered":"NANDROLONE DECANOATE 250\/DIAMON"},"content":{"rendered":"<p><strong>NANDROLONE DECANOATE 250<\/strong><\/p>\n<p>La nandrolone, connue sous le nom de d\u00e9ca, est le produit le plus r\u00e9pandu pour les cycles de masse musculaire, d\u00e9tenant un pourcentage allant jusqu&rsquo;\u00e0 30% de toutes les ventes de st\u00e9ro\u00efdes. Sa substance active est le d\u00e9canoate de nandrolone. Mode d&rsquo;administration : la dose recommand\u00e9e est comprise entre 400 mg et 600 mg par semaine. La dose optimale pour chacun est calcul\u00e9e en multipliant 6 mg de d\u00e9ca durabolin par le nombre de kg.<\/p>\n<p>Une fois administr\u00e9, il reste actif dans l&rsquo;organisme entre 7 et 10 jours. La r\u00e9tention d&rsquo;eau est mod\u00e9r\u00e9e. Il est recommand\u00e9 d&rsquo;administrer en plus du tamoxif\u00e8ne ou du clomid pendant le traitement Deca pour \u00e9viter les effets \u0153strog\u00e9niques. Il est important de suivre certaines r\u00e8gles essentielles dans tout autre traitement aux st\u00e9ro\u00efdes pour obtenir les r\u00e9sultats souhait\u00e9s.<\/p>","protected":false},"excerpt":{"rendered":"<p>NANDROLONE DECANOATE 250 La nandrolone, connue sous le nom de d\u00e9ca, est le produit le plus r\u00e9pandu pour les cycles<\/p>\n","protected":false},"featured_media":8285,"comment_status":"open","ping_status":"closed","template":"","meta":[],"product_brand":[],"product_cat":[69],"product_tag":[],"class_list":{"0":"post-8284","1":"product","2":"type-product","3":"status-publish","4":"has-post-thumbnail","6":"product_cat-esteroides_inyectables","8":"first","9":"outofstock","10":"shipping-taxable","11":"purchasable","12":"product-type-simple"},"yoast_head":"<!-- This site is optimized with the Yoast SEO Premium plugin v24.4 (Yoast SEO v27.3) - https:\/\/yoast.com\/product\/yoast-seo-premium-wordpress\/ -->\n<title>NANDROLONE DECANOATE 250\/DIAMON - (Espa\u00f1ol) Esteroides en l\u00ednea<\/title>\n<meta name=\"robots\" content=\"index, follow, max-snippet:-1, max-image-preview:large, max-video-preview:-1\" \/>\n<link rel=\"canonical\" href=\"https:\/\/iberoid.com\/fr\/product\/nandrolone-decanoate-250-diamond-pharm\/\" \/>\n<meta property=\"og:locale\" content=\"fr_FR\" \/>\n<meta property=\"og:type\" content=\"article\" \/>\n<meta property=\"og:title\" content=\"NANDROLONE DECANOATE 250\/DIAMON\" \/>\n<meta property=\"og:description\" content=\"NANDROLONE DECANOATE 250 La nandrolone, connue sous le nom de d\u00e9ca, est le produit le plus r\u00e9pandu pour les cycles\" \/>\n<meta property=\"og:url\" content=\"https:\/\/iberoid.com\/fr\/product\/nandrolone-decanoate-250-diamond-pharm\/\" \/>\n<meta property=\"og:site_name\" content=\"(Espa\u00f1ol) Esteroides en l\u00ednea\" \/>\n<meta property=\"article:modified_time\" content=\"2024-06-03T20:15:51+00:00\" \/>\n<meta property=\"og:image\" content=\"https:\/\/iberoid.com\/wp-content\/uploads\/2023\/02\/IMG_9729.jpg?v=1688372884\" \/>\n\t<meta property=\"og:image:width\" content=\"1000\" \/>\n\t<meta property=\"og:image:height\" content=\"1000\" \/>\n\t<meta property=\"og:image:type\" content=\"image\/jpeg\" \/>\n<meta name=\"twitter:card\" content=\"summary_large_image\" \/>\n<meta name=\"twitter:label1\" content=\"Prix\" \/>\n\t<meta name=\"twitter:data1\" content=\"&euro;60.00\" \/>\n\t<meta name=\"twitter:label2\" content=\"Disponibilit\u00e9\" \/>\n\t<meta name=\"twitter:data2\" content=\"Rupture de stock\" \/>\n<script type=\"application\/ld+json\" class=\"yoast-schema-graph\">{\"@context\":\"https:\\\/\\\/schema.org\",\"@graph\":[{\"@type\":\"WebPage\",\"@id\":\"https:\\\/\\\/iberoid.com\\\/fr\\\/product\\\/nandrolone-decanoate-250-diamond-pharm\\\/\",\"url\":\"https:\\\/\\\/iberoid.com\\\/fr\\\/product\\\/nandrolone-decanoate-250-diamond-pharm\\\/\",\"name\":\"NANDROLONE DECANOATE 250\\\/DIAMON - (Espa\u00f1ol) Esteroides en l\u00ednea\",\"isPartOf\":{\"@id\":\"https:\\\/\\\/iberoid-shop.com\\\/#website\"},\"primaryImageOfPage\":{\"@id\":\"https:\\\/\\\/iberoid.com\\\/fr\\\/product\\\/nandrolone-decanoate-250-diamond-pharm\\\/#primaryimage\"},\"image\":{\"@id\":\"https:\\\/\\\/iberoid.com\\\/fr\\\/product\\\/nandrolone-decanoate-250-diamond-pharm\\\/#primaryimage\"},\"thumbnailUrl\":\"https:\\\/\\\/iberoid.com\\\/wp-content\\\/uploads\\\/2023\\\/02\\\/IMG_9729.jpg?v=1688372884\",\"datePublished\":\"2023-02-20T22:32:43+00:00\",\"dateModified\":\"2024-06-03T20:15:51+00:00\",\"breadcrumb\":{\"@id\":\"https:\\\/\\\/iberoid.com\\\/fr\\\/product\\\/nandrolone-decanoate-250-diamond-pharm\\\/#breadcrumb\"},\"inLanguage\":\"fr-FR\",\"potentialAction\":[{\"@type\":\"ReadAction\",\"target\":[[\"https:\\\/\\\/iberoid.com\\\/fr\\\/product\\\/nandrolone-decanoate-250-diamond-pharm\\\/\"]]}]},{\"@type\":\"ImageObject\",\"inLanguage\":\"fr-FR\",\"@id\":\"https:\\\/\\\/iberoid.com\\\/fr\\\/product\\\/nandrolone-decanoate-250-diamond-pharm\\\/#primaryimage\",\"url\":\"https:\\\/\\\/iberoid.com\\\/wp-content\\\/uploads\\\/2023\\\/02\\\/IMG_9729.jpg?v=1688372884\",\"contentUrl\":\"https:\\\/\\\/iberoid.com\\\/wp-content\\\/uploads\\\/2023\\\/02\\\/IMG_9729.jpg?v=1688372884\",\"width\":1000,\"height\":1000},{\"@type\":\"BreadcrumbList\",\"@id\":\"https:\\\/\\\/iberoid.com\\\/fr\\\/product\\\/nandrolone-decanoate-250-diamond-pharm\\\/#breadcrumb\",\"itemListElement\":[{\"@type\":\"ListItem\",\"position\":1,\"name\":\"Portada\",\"item\":\"https:\\\/\\\/iberoid.com\\\/fr\\\/\"},{\"@type\":\"ListItem\",\"position\":2,\"name\":\"Magasin\",\"item\":\"https:\\\/\\\/iberoid.com\\\/fr\\\/shop\\\/\"},{\"@type\":\"ListItem\",\"position\":3,\"name\":\"NANDROLONE DECANOATE 250\\\/DIAMON\"}]},{\"@type\":\"WebSite\",\"@id\":\"https:\\\/\\\/iberoid-shop.com\\\/#website\",\"url\":\"https:\\\/\\\/iberoid-shop.com\\\/\",\"name\":\"(Espa\u00f1ol) Esteroides en l\u00ednea\",\"description\":\"(Espa\u00f1ol) Comprar esteroides en l\u00ednea hoy en Espa\u00f1a y Portugal. Tenemos el mejor servicio al cliente en la industria y los productos de la m\u00e1s alta calidad\",\"potentialAction\":[{\"@type\":\"SearchAction\",\"target\":{\"@type\":\"EntryPoint\",\"urlTemplate\":\"https:\\\/\\\/iberoid-shop.com\\\/?s={search_term_string}\"},\"query-input\":{\"@type\":\"PropertyValueSpecification\",\"valueRequired\":true,\"valueName\":\"search_term_string\"}}],\"inLanguage\":\"fr-FR\"}]}<\/script>\n<meta property=\"product:brand\" content=\"Diamond Pharma\" \/>\n<meta property=\"product:price:amount\" content=\"60.00\" \/>\n<meta property=\"product:price:currency\" content=\"EUR\" \/>\n<meta property=\"og:availability\" content=\"out of stock\" \/>\n<meta property=\"product:availability\" content=\"out of stock\" \/>\n<meta property=\"product:condition\" content=\"new\" \/>\n<!-- \/ Yoast SEO Premium plugin. -->","yoast_head_json":{"title":"NANDROLONE DECANOATE 250\/DIAMON - (Espa\u00f1ol) Esteroides en l\u00ednea","robots":{"index":"index","follow":"follow","max-snippet":"max-snippet:-1","max-image-preview":"max-image-preview:large","max-video-preview":"max-video-preview:-1"},"canonical":"https:\/\/iberoid.com\/fr\/product\/nandrolone-decanoate-250-diamond-pharm\/","og_locale":"fr_FR","og_type":"article","og_title":"NANDROLONE DECANOATE 250\/DIAMON","og_description":"NANDROLONE DECANOATE 250 La nandrolone, connue sous le nom de d\u00e9ca, est le produit le plus r\u00e9pandu pour les cycles","og_url":"https:\/\/iberoid.com\/fr\/product\/nandrolone-decanoate-250-diamond-pharm\/","og_site_name":"(Espa\u00f1ol) Esteroides en l\u00ednea","article_modified_time":"2024-06-03T20:15:51+00:00","og_image":[{"width":1000,"height":1000,"url":"https:\/\/iberoid.com\/wp-content\/uploads\/2023\/02\/IMG_9729.jpg?v=1688372884","type":"image\/jpeg"}],"twitter_card":"summary_large_image","twitter_misc":{"Prix":"&euro;60.00","Disponibilit\u00e9":"Rupture de stock"},"schema":{"@context":"https:\/\/schema.org","@graph":[{"@type":"WebPage","@id":"https:\/\/iberoid.com\/fr\/product\/nandrolone-decanoate-250-diamond-pharm\/","url":"https:\/\/iberoid.com\/fr\/product\/nandrolone-decanoate-250-diamond-pharm\/","name":"NANDROLONE DECANOATE 250\/DIAMON - (Espa\u00f1ol) Esteroides en l\u00ednea","isPartOf":{"@id":"https:\/\/iberoid-shop.com\/#website"},"primaryImageOfPage":{"@id":"https:\/\/iberoid.com\/fr\/product\/nandrolone-decanoate-250-diamond-pharm\/#primaryimage"},"image":{"@id":"https:\/\/iberoid.com\/fr\/product\/nandrolone-decanoate-250-diamond-pharm\/#primaryimage"},"thumbnailUrl":"https:\/\/iberoid.com\/wp-content\/uploads\/2023\/02\/IMG_9729.jpg?v=1688372884","datePublished":"2023-02-20T22:32:43+00:00","dateModified":"2024-06-03T20:15:51+00:00","breadcrumb":{"@id":"https:\/\/iberoid.com\/fr\/product\/nandrolone-decanoate-250-diamond-pharm\/#breadcrumb"},"inLanguage":"fr-FR","potentialAction":[{"@type":"ReadAction","target":[["https:\/\/iberoid.com\/fr\/product\/nandrolone-decanoate-250-diamond-pharm\/"]]}]},{"@type":"ImageObject","inLanguage":"fr-FR","@id":"https:\/\/iberoid.com\/fr\/product\/nandrolone-decanoate-250-diamond-pharm\/#primaryimage","url":"https:\/\/iberoid.com\/wp-content\/uploads\/2023\/02\/IMG_9729.jpg?v=1688372884","contentUrl":"https:\/\/iberoid.com\/wp-content\/uploads\/2023\/02\/IMG_9729.jpg?v=1688372884","width":1000,"height":1000},{"@type":"BreadcrumbList","@id":"https:\/\/iberoid.com\/fr\/product\/nandrolone-decanoate-250-diamond-pharm\/#breadcrumb","itemListElement":[{"@type":"ListItem","position":1,"name":"Portada","item":"https:\/\/iberoid.com\/fr\/"},{"@type":"ListItem","position":2,"name":"Magasin","item":"https:\/\/iberoid.com\/fr\/shop\/"},{"@type":"ListItem","position":3,"name":"NANDROLONE DECANOATE 250\/DIAMON"}]},{"@type":"WebSite","@id":"https:\/\/iberoid-shop.com\/#website","url":"https:\/\/iberoid-shop.com\/","name":"(Espa\u00f1ol) Esteroides en l\u00ednea","description":"(Espa\u00f1ol) Comprar esteroides en l\u00ednea hoy en Espa\u00f1a y Portugal. Tenemos el mejor servicio al cliente en la industria y los productos de la m\u00e1s alta calidad","potentialAction":[{"@type":"SearchAction","target":{"@type":"EntryPoint","urlTemplate":"https:\/\/iberoid-shop.com\/?s={search_term_string}"},"query-input":{"@type":"PropertyValueSpecification","valueRequired":true,"valueName":"search_term_string"}}],"inLanguage":"fr-FR"}]},"product_brand":"Diamond Pharma","product_price_amount":"60.00","product_price_currency":"EUR","og_availability":"out of stock","product_availability":"out of stock","product_condition":"new"},"_links":{"self":[{"href":"https:\/\/iberoid.com\/fr\/wp-json\/wp\/v2\/product\/8284","targetHints":{"allow":["GET"]}}],"collection":[{"href":"https:\/\/iberoid.com\/fr\/wp-json\/wp\/v2\/product"}],"about":[{"href":"https:\/\/iberoid.com\/fr\/wp-json\/wp\/v2\/types\/product"}],"replies":[{"embeddable":true,"href":"https:\/\/iberoid.com\/fr\/wp-json\/wp\/v2\/comments?post=8284"}],"wp:featuredmedia":[{"embeddable":true,"href":"https:\/\/iberoid.com\/fr\/wp-json\/wp\/v2\/media\/8285"}],"wp:attachment":[{"href":"https:\/\/iberoid.com\/fr\/wp-json\/wp\/v2\/media?parent=8284"}],"wp:term":[{"taxonomy":"product_brand","embeddable":true,"href":"https:\/\/iberoid.com\/fr\/wp-json\/wp\/v2\/product_brand?post=8284"},{"taxonomy":"product_cat","embeddable":true,"href":"https:\/\/iberoid.com\/fr\/wp-json\/wp\/v2\/product_cat?post=8284"},{"taxonomy":"product_tag","embeddable":true,"href":"https:\/\/iberoid.com\/fr\/wp-json\/wp\/v2\/product_tag?post=8284"}],"curies":[{"name":"wp","href":"https:\/\/api.w.org\/{rel}","templated":true}]}}