{"id":8386,"date":"2023-03-26T12:17:56","date_gmt":"2023-03-26T12:17:56","guid":{"rendered":"https:\/\/iberoid.com\/?post_type=product&#038;p=8386"},"modified":"2026-03-01T14:02:08","modified_gmt":"2026-03-01T14:02:08","slug":"pak2-somatek-75uix2-150-ui-somatropin","status":"publish","type":"product","link":"https:\/\/iberoid.com\/fr\/product\/pak2-somatek-75uix2-150-ui-somatropin\/","title":{"rendered":"PAK2 SOMATEK 75UI X2 &#8211; SOMATROPIN"},"content":{"rendered":"<p><\/p>\n<article class=\"text-token-text-primary w-full\" dir=\"auto\" data-testid=\"conversation-turn-18\" data-scroll-anchor=\"true\">\n<div class=\"text-base my-auto mx-auto py-5 [--thread-content-margin:--spacing(4)] @[37rem]:[--thread-content-margin:--spacing(6)] @[72rem]:[--thread-content-margin:--spacing(16)] px-(--thread-content-margin)\">\n<div class=\"[--thread-content-max-width:32rem] @[34rem]:[--thread-content-max-width:40rem] @[64rem]:[--thread-content-max-width:48rem] mx-auto flex max-w-(--thread-content-max-width) flex-1 text-base gap-4 md:gap-5 lg:gap-6 group\/turn-messages focus-visible:outline-hidden\" tabindex=\"-1\">\n<div class=\"group\/conversation-turn relative flex w-full min-w-0 flex-col agent-turn\">\n<div class=\"relative flex-col gap-1 md:gap-3\">\n<div class=\"flex max-w-full flex-col grow\">\n<div class=\"min-h-8 text-message relative flex w-full flex-col items-end gap-2 text-start break-words whitespace-normal [.text-message+&amp;]:mt-5\" dir=\"auto\" data-message-author-role=\"assistant\" data-message-id=\"753042bf-6c56-41f9-97fa-1567adf35718\" data-message-model-slug=\"gpt-4o\">\n<div class=\"flex w-full flex-col gap-1 empty:hidden first:pt-[3px]\">\n<div class=\"markdown prose dark:prose-invert w-full break-words dark\">\n<p class=\"\" data-start=\"0\" data-end=\"87\">Achetez <strong data-start=\"8\" data-end=\"41\">PB Laboratories SOMATEK 75 UI<\/strong>, hormone de croissance domestique 191aa 75 UI<\/p>\n<p class=\"\" data-start=\"89\" data-end=\"342\">\u2022 Stimule la croissance de la masse musculaire maigre<br data-start=\"142\" data-end=\"145\" \/>\u2022 Rend les muscles plus denses et fermes<br data-start=\"185\" data-end=\"188\" \/>\u2022 Augmente la force<br data-start=\"207\" data-end=\"210\" \/>\u2022 Favorise la perte de graisse<br data-start=\"240\" data-end=\"243\" \/>\u2022 Effet anti-\u00e2ge<br data-start=\"259\" data-end=\"262\" \/>\u2022 Effet b\u00e9n\u00e9fique sur les articulations et soulage les douleurs dans ces zones<\/p>\n<p class=\"\" data-start=\"344\" data-end=\"368\"><strong data-start=\"344\" data-end=\"366\">Caract\u00e9ristiques :<\/strong><\/p>\n<ul data-start=\"369\" data-end=\"477\">\n<li class=\"\" data-start=\"369\" data-end=\"405\">\n<p class=\"\" data-start=\"371\" data-end=\"405\">Demi-vie active : 3 \u00e0 3,5 heures<\/p>\n<\/li>\n<li class=\"\" data-start=\"406\" data-end=\"437\">\n<p class=\"\" data-start=\"408\" data-end=\"437\">Dur\u00e9e du cycle : 2 \u00e0 6 mois<\/p>\n<\/li>\n<li class=\"\" data-start=\"438\" data-end=\"477\">\n<p class=\"\" data-start=\"440\" data-end=\"477\">PCT apr\u00e8s le cycle : Non n\u00e9cessaire<\/p>\n<\/li>\n<\/ul>\n<p class=\"\" data-start=\"479\" data-end=\"690\">Il s&rsquo;agit d&rsquo;une autre formulation d\u2019hormone de croissance humaine recombinante (HGH). <strong data-start=\"565\" data-end=\"583\">La somatropine<\/strong> est utilis\u00e9e pour traiter diverses conditions m\u00e9dicales, similaire \u00e0 <strong data-start=\"653\" data-end=\"665\">Ansomone<\/strong>. Voici les points cl\u00e9s :<\/p>\n<p class=\"\" data-start=\"692\" data-end=\"712\"><strong data-start=\"692\" data-end=\"710\">Utilisations :<\/strong><\/p>\n<ul data-start=\"713\" data-end=\"1425\">\n<li class=\"\" data-start=\"713\" data-end=\"821\">\n<p class=\"\" data-start=\"715\" data-end=\"821\"><strong data-start=\"715\" data-end=\"751\">D\u00e9ficit en hormone de croissance<\/strong> : chez les enfants et les adultes qui manquent d\u2019hormone naturelle.<\/p>\n<\/li>\n<li class=\"\" data-start=\"822\" data-end=\"935\">\n<p class=\"\" data-start=\"824\" data-end=\"935\"><strong data-start=\"824\" data-end=\"846\">Syndrome de Turner<\/strong> : pour favoriser la croissance chez les filles atteintes de cette condition g\u00e9n\u00e9tique.<\/p>\n<\/li>\n<li class=\"\" data-start=\"936\" data-end=\"1021\">\n<p class=\"\" data-start=\"938\" data-end=\"1021\"><strong data-start=\"938\" data-end=\"971\">Insuffisance r\u00e9nale chronique<\/strong> : chez les enfants pour stimuler la croissance.<\/p>\n<\/li>\n<li class=\"\" data-start=\"1022\" data-end=\"1121\">\n<p class=\"\" data-start=\"1024\" data-end=\"1121\"><strong data-start=\"1024\" data-end=\"1073\">Fonte musculaire ou cachexie li\u00e9e au VIH\/SIDA<\/strong> : pour aider \u00e0 maintenir la masse musculaire.<\/p>\n<\/li>\n<li class=\"\" data-start=\"1122\" data-end=\"1204\">\n<p class=\"\" data-start=\"1124\" data-end=\"1204\"><strong data-start=\"1124\" data-end=\"1156\">Syndrome de l\u2019intestin court<\/strong> : pour am\u00e9liorer l\u2019absorption des nutriments.<\/p>\n<\/li>\n<li class=\"\" data-start=\"1205\" data-end=\"1425\">\n<p class=\"\" data-start=\"1207\" data-end=\"1425\"><strong data-start=\"1207\" data-end=\"1261\">Anti-\u00e2ge et croissance musculaire (usage hors AMM)<\/strong> : certains l\u2019utilisent pour ses effets anti-\u00e2ge potentiels et pour augmenter la masse musculaire, bien que cela ne soit pas approuv\u00e9 par les autorit\u00e9s m\u00e9dicales.<\/p>\n<\/li>\n<\/ul>\n<p class=\"\" data-start=\"1427\" data-end=\"1459\"><strong data-start=\"1427\" data-end=\"1457\">Administration et dosage :<\/strong><\/p>\n<ul data-start=\"1460\" data-end=\"1578\">\n<li class=\"\" data-start=\"1460\" data-end=\"1502\">\n<p class=\"\" data-start=\"1462\" data-end=\"1502\">Administr\u00e9 par injection sous-cutan\u00e9e.<\/p>\n<\/li>\n<li class=\"\" data-start=\"1503\" data-end=\"1578\">\n<p class=\"\" data-start=\"1505\" data-end=\"1578\">Le dosage d\u00e9pend de la condition trait\u00e9e et de la r\u00e9ponse individuelle.<\/p>\n<\/li>\n<\/ul>\n<p class=\"\" data-start=\"1580\" data-end=\"1616\"><strong data-start=\"1580\" data-end=\"1614\">Effets secondaires possibles :<\/strong><\/p>\n<ul data-start=\"1617\" data-end=\"1800\" data-is-last-node=\"\" data-is-only-node=\"\">\n<li class=\"\" data-start=\"1617\" data-end=\"1657\">\n<p class=\"\" data-start=\"1619\" data-end=\"1657\">Douleurs musculaires et articulaires<\/p>\n<\/li>\n<li class=\"\" data-start=\"1658\" data-end=\"1681\">\n<p class=\"\" data-start=\"1660\" data-end=\"1681\">Gonflements (\u0153d\u00e8me)<\/p>\n<\/li>\n<li class=\"\" data-start=\"1682\" data-end=\"1711\">\n<p class=\"\" data-start=\"1684\" data-end=\"1711\">Syndrome du canal carpien<\/p>\n<\/li>\n<li class=\"\" data-start=\"1712\" data-end=\"1739\">\n<p class=\"\" data-start=\"1714\" data-end=\"1739\">Risque accru de diab\u00e8te<\/p>\n<\/li>\n<li class=\"\" data-start=\"1740\" data-end=\"1756\">\n<p class=\"\" data-start=\"1742\" data-end=\"1756\">Maux de t\u00eate<\/p>\n<\/li>\n<li class=\"\" data-start=\"1757\" data-end=\"1768\">\n<p class=\"\" data-start=\"1759\" data-end=\"1768\">Naus\u00e9es<\/p>\n<\/li>\n<li class=\"\" data-start=\"1769\" data-end=\"1800\">\n<p class=\"\" data-start=\"1771\" data-end=\"1800\">R\u00e9actions au site d\u2019injection<\/p>\n<\/li>\n<\/ul>\n<\/div>\n<\/div>\n<\/div>\n<\/div>\n<div class=\"flex justify-start\"><\/div>\n<\/div>\n<\/div>\n<\/div>\n<\/div>\n<\/article>\n<div class=\"pointer-events-none h-px w-px\" aria-hidden=\"true\" data-edge=\"true\"><\/div>\n<p><\/p>","protected":false},"excerpt":{"rendered":"<p>Achetez PB Laboratories SOMATEK 75 UI, hormone de croissance domestique 191aa 75 UI \u2022 Stimule la croissance de la masse<\/p>\n","protected":false},"featured_media":8389,"comment_status":"open","ping_status":"closed","template":"","meta":[],"product_brand":[],"product_cat":[76,3474],"product_tag":[],"class_list":{"0":"post-8386","1":"product","2":"type-product","3":"status-publish","4":"has-post-thumbnail","6":"product_cat-hgh_peptido","7":"product_cat-packs","9":"first","10":"outofstock","11":"sale","12":"shipping-taxable","13":"purchasable","14":"product-type-simple"},"yoast_head":"<!-- This site is optimized with the Yoast SEO Premium plugin v24.4 (Yoast SEO v27.0) - https:\/\/yoast.com\/product\/yoast-seo-premium-wordpress\/ -->\n<title>PAK2 SOMATEK 75UI X2 - SOMATROPIN - (Espa\u00f1ol) Esteroides en l\u00ednea<\/title>\n<meta name=\"description\" content=\"SOMATEK HGH (Somatropine) : Stimule le muscle maigre, aide \u00e0 la perte de graisse, anti-\u00e2ge et soutient les articulations. Hormone de croissance recombinante.\" \/>\n<meta name=\"robots\" content=\"index, follow, max-snippet:-1, max-image-preview:large, max-video-preview:-1\" \/>\n<link rel=\"canonical\" href=\"https:\/\/iberoid-shop.com\/product\/pak2-somatek-75uix2-150-ui-somatropin\/\" \/>\n<meta property=\"og:locale\" content=\"fr_FR\" \/>\n<meta property=\"og:type\" content=\"article\" \/>\n<meta property=\"og:title\" content=\"PAK2 SOMATEK 75UI X2 - SOMATROPIN\" \/>\n<meta property=\"og:description\" content=\"SOMATEK HGH (Somatropine) : Stimule le muscle maigre, aide \u00e0 la perte de graisse, anti-\u00e2ge et soutient les articulations. Hormone de croissance recombinante.\" \/>\n<meta property=\"og:url\" content=\"https:\/\/iberoid-shop.com\/product\/pak2-somatek-75uix2-150-ui-somatropin\/\" \/>\n<meta property=\"og:site_name\" content=\"(Espa\u00f1ol) Esteroides en l\u00ednea\" \/>\n<meta property=\"article:modified_time\" content=\"2026-03-01T14:02:08+00:00\" \/>\n<meta property=\"og:image\" content=\"https:\/\/iberoid-shop.com\/wp-content\/uploads\/2023\/03\/2.-som.jpg?v=1710934319\" \/>\n\t<meta property=\"og:image:width\" content=\"1024\" \/>\n\t<meta property=\"og:image:height\" content=\"614\" \/>\n\t<meta property=\"og:image:type\" content=\"image\/jpeg\" \/>\n<meta name=\"twitter:card\" content=\"summary_large_image\" \/>\n<meta name=\"twitter:label1\" content=\"Prix\" \/>\n\t<meta name=\"twitter:data1\" content=\"&euro;100.00\" \/>\n\t<meta name=\"twitter:label2\" content=\"Disponibilit\u00e9\" \/>\n\t<meta name=\"twitter:data2\" content=\"Rupture de stock\" \/>\n<script type=\"application\/ld+json\" class=\"yoast-schema-graph\">{\"@context\":\"https:\/\/schema.org\",\"@graph\":[{\"@type\":\"WebPage\",\"@id\":\"https:\/\/iberoid-shop.com\/product\/pak2-somatek-75uix2-150-ui-somatropin\/\",\"url\":\"https:\/\/iberoid-shop.com\/product\/pak2-somatek-75uix2-150-ui-somatropin\/\",\"name\":\"PAK2 SOMATEK 75UI X2 - SOMATROPIN - (Espa\u00f1ol) Esteroides en l\u00ednea\",\"isPartOf\":{\"@id\":\"https:\/\/iberoid-shop.com\/#website\"},\"primaryImageOfPage\":{\"@id\":\"https:\/\/iberoid-shop.com\/product\/pak2-somatek-75uix2-150-ui-somatropin\/#primaryimage\"},\"image\":{\"@id\":\"https:\/\/iberoid-shop.com\/product\/pak2-somatek-75uix2-150-ui-somatropin\/#primaryimage\"},\"thumbnailUrl\":\"https:\/\/iberoid.com\/wp-content\/uploads\/2023\/03\/2.-som.jpg?v=1710934319\",\"datePublished\":\"2023-03-26T12:17:56+00:00\",\"dateModified\":\"2026-03-01T14:02:08+00:00\",\"description\":\"SOMATEK HGH (Somatropine) : Stimule le muscle maigre, aide \u00e0 la perte de graisse, anti-\u00e2ge et soutient les articulations. Hormone de croissance recombinante.\",\"breadcrumb\":{\"@id\":\"https:\/\/iberoid-shop.com\/product\/pak2-somatek-75uix2-150-ui-somatropin\/#breadcrumb\"},\"inLanguage\":\"fr-FR\",\"potentialAction\":[{\"@type\":\"ReadAction\",\"target\":[[\"https:\/\/iberoid-shop.com\/product\/pak2-somatek-75uix2-150-ui-somatropin\/\"]]}]},{\"@type\":\"ImageObject\",\"inLanguage\":\"fr-FR\",\"@id\":\"https:\/\/iberoid-shop.com\/product\/pak2-somatek-75uix2-150-ui-somatropin\/#primaryimage\",\"url\":\"https:\/\/iberoid.com\/wp-content\/uploads\/2023\/03\/2.-som.jpg?v=1710934319\",\"contentUrl\":\"https:\/\/iberoid.com\/wp-content\/uploads\/2023\/03\/2.-som.jpg?v=1710934319\",\"width\":1024,\"height\":614},{\"@type\":\"BreadcrumbList\",\"@id\":\"https:\/\/iberoid-shop.com\/product\/pak2-somatek-75uix2-150-ui-somatropin\/#breadcrumb\",\"itemListElement\":[{\"@type\":\"ListItem\",\"position\":1,\"name\":\"Portada\",\"item\":\"https:\/\/iberoid.com\/fr\/\"},{\"@type\":\"ListItem\",\"position\":2,\"name\":\"Magasin\",\"item\":\"https:\/\/iberoid.com\/fr\/shop\/\"},{\"@type\":\"ListItem\",\"position\":3,\"name\":\"PACK2- SOMATEK 75UI X2 &#8211; 150 ui SOMATROPIN\"}]},{\"@type\":\"WebSite\",\"@id\":\"https:\/\/iberoid-shop.com\/#website\",\"url\":\"https:\/\/iberoid-shop.com\/\",\"name\":\"(Espa\u00f1ol) Esteroides en l\u00ednea\",\"description\":\"(Espa\u00f1ol) Comprar esteroides en l\u00ednea hoy en Espa\u00f1a y Portugal. Tenemos el mejor servicio al cliente en la industria y los productos de la m\u00e1s alta calidad\",\"potentialAction\":[{\"@type\":\"SearchAction\",\"target\":{\"@type\":\"EntryPoint\",\"urlTemplate\":\"https:\/\/iberoid-shop.com\/?s={search_term_string}\"},\"query-input\":{\"@type\":\"PropertyValueSpecification\",\"valueRequired\":true,\"valueName\":\"search_term_string\"}}],\"inLanguage\":\"fr-FR\"}]}<\/script>\n<meta property=\"product:brand\" content=\"Pb Laboratories\" \/>\n<meta property=\"product:price:amount\" content=\"100.00\" \/>\n<meta property=\"product:price:currency\" content=\"EUR\" \/>\n<meta property=\"og:availability\" content=\"out of stock\" \/>\n<meta property=\"product:availability\" content=\"out of stock\" \/>\n<meta property=\"product:condition\" content=\"new\" \/>\n<!-- \/ Yoast SEO Premium plugin. -->","yoast_head_json":{"title":"PAK2 SOMATEK 75UI X2 - SOMATROPIN - (Espa\u00f1ol) Esteroides en l\u00ednea","description":"SOMATEK HGH (Somatropine) : Stimule le muscle maigre, aide \u00e0 la perte de graisse, anti-\u00e2ge et soutient les articulations. Hormone de croissance recombinante.","robots":{"index":"index","follow":"follow","max-snippet":"max-snippet:-1","max-image-preview":"max-image-preview:large","max-video-preview":"max-video-preview:-1"},"canonical":"https:\/\/iberoid-shop.com\/product\/pak2-somatek-75uix2-150-ui-somatropin\/","og_locale":"fr_FR","og_type":"article","og_title":"PAK2 SOMATEK 75UI X2 - SOMATROPIN","og_description":"SOMATEK HGH (Somatropine) : Stimule le muscle maigre, aide \u00e0 la perte de graisse, anti-\u00e2ge et soutient les articulations. Hormone de croissance recombinante.","og_url":"https:\/\/iberoid-shop.com\/product\/pak2-somatek-75uix2-150-ui-somatropin\/","og_site_name":"(Espa\u00f1ol) Esteroides en l\u00ednea","article_modified_time":"2026-03-01T14:02:08+00:00","og_image":[{"width":1024,"height":614,"url":"https:\/\/iberoid-shop.com\/wp-content\/uploads\/2023\/03\/2.-som.jpg?v=1710934319","type":"image\/jpeg"}],"twitter_card":"summary_large_image","twitter_misc":{"Prix":"&euro;100.00","Disponibilit\u00e9":"Rupture de stock"},"schema":{"@context":"https:\/\/schema.org","@graph":[{"@type":"WebPage","@id":"https:\/\/iberoid-shop.com\/product\/pak2-somatek-75uix2-150-ui-somatropin\/","url":"https:\/\/iberoid-shop.com\/product\/pak2-somatek-75uix2-150-ui-somatropin\/","name":"PAK2 SOMATEK 75UI X2 - SOMATROPIN - (Espa\u00f1ol) Esteroides en l\u00ednea","isPartOf":{"@id":"https:\/\/iberoid-shop.com\/#website"},"primaryImageOfPage":{"@id":"https:\/\/iberoid-shop.com\/product\/pak2-somatek-75uix2-150-ui-somatropin\/#primaryimage"},"image":{"@id":"https:\/\/iberoid-shop.com\/product\/pak2-somatek-75uix2-150-ui-somatropin\/#primaryimage"},"thumbnailUrl":"https:\/\/iberoid.com\/wp-content\/uploads\/2023\/03\/2.-som.jpg?v=1710934319","datePublished":"2023-03-26T12:17:56+00:00","dateModified":"2026-03-01T14:02:08+00:00","description":"SOMATEK HGH (Somatropine) : Stimule le muscle maigre, aide \u00e0 la perte de graisse, anti-\u00e2ge et soutient les articulations. Hormone de croissance recombinante.","breadcrumb":{"@id":"https:\/\/iberoid-shop.com\/product\/pak2-somatek-75uix2-150-ui-somatropin\/#breadcrumb"},"inLanguage":"fr-FR","potentialAction":[{"@type":"ReadAction","target":[["https:\/\/iberoid-shop.com\/product\/pak2-somatek-75uix2-150-ui-somatropin\/"]]}]},{"@type":"ImageObject","inLanguage":"fr-FR","@id":"https:\/\/iberoid-shop.com\/product\/pak2-somatek-75uix2-150-ui-somatropin\/#primaryimage","url":"https:\/\/iberoid.com\/wp-content\/uploads\/2023\/03\/2.-som.jpg?v=1710934319","contentUrl":"https:\/\/iberoid.com\/wp-content\/uploads\/2023\/03\/2.-som.jpg?v=1710934319","width":1024,"height":614},{"@type":"BreadcrumbList","@id":"https:\/\/iberoid-shop.com\/product\/pak2-somatek-75uix2-150-ui-somatropin\/#breadcrumb","itemListElement":[{"@type":"ListItem","position":1,"name":"Portada","item":"https:\/\/iberoid.com\/fr\/"},{"@type":"ListItem","position":2,"name":"Magasin","item":"https:\/\/iberoid.com\/fr\/shop\/"},{"@type":"ListItem","position":3,"name":"PACK2- SOMATEK 75UI X2 &#8211; 150 ui SOMATROPIN"}]},{"@type":"WebSite","@id":"https:\/\/iberoid-shop.com\/#website","url":"https:\/\/iberoid-shop.com\/","name":"(Espa\u00f1ol) Esteroides en l\u00ednea","description":"(Espa\u00f1ol) Comprar esteroides en l\u00ednea hoy en Espa\u00f1a y Portugal. Tenemos el mejor servicio al cliente en la industria y los productos de la m\u00e1s alta calidad","potentialAction":[{"@type":"SearchAction","target":{"@type":"EntryPoint","urlTemplate":"https:\/\/iberoid-shop.com\/?s={search_term_string}"},"query-input":{"@type":"PropertyValueSpecification","valueRequired":true,"valueName":"search_term_string"}}],"inLanguage":"fr-FR"}]},"product_brand":"Pb Laboratories","product_price_amount":"100.00","product_price_currency":"EUR","og_availability":"out of stock","product_availability":"out of stock","product_condition":"new"},"_links":{"self":[{"href":"https:\/\/iberoid.com\/fr\/wp-json\/wp\/v2\/product\/8386","targetHints":{"allow":["GET"]}}],"collection":[{"href":"https:\/\/iberoid.com\/fr\/wp-json\/wp\/v2\/product"}],"about":[{"href":"https:\/\/iberoid.com\/fr\/wp-json\/wp\/v2\/types\/product"}],"replies":[{"embeddable":true,"href":"https:\/\/iberoid.com\/fr\/wp-json\/wp\/v2\/comments?post=8386"}],"wp:featuredmedia":[{"embeddable":true,"href":"https:\/\/iberoid.com\/fr\/wp-json\/wp\/v2\/media\/8389"}],"wp:attachment":[{"href":"https:\/\/iberoid.com\/fr\/wp-json\/wp\/v2\/media?parent=8386"}],"wp:term":[{"taxonomy":"product_brand","embeddable":true,"href":"https:\/\/iberoid.com\/fr\/wp-json\/wp\/v2\/product_brand?post=8386"},{"taxonomy":"product_cat","embeddable":true,"href":"https:\/\/iberoid.com\/fr\/wp-json\/wp\/v2\/product_cat?post=8386"},{"taxonomy":"product_tag","embeddable":true,"href":"https:\/\/iberoid.com\/fr\/wp-json\/wp\/v2\/product_tag?post=8386"}],"curies":[{"name":"wp","href":"https:\/\/api.w.org\/{rel}","templated":true}]}}