{"id":8509,"date":"2023-05-13T15:19:11","date_gmt":"2023-05-13T15:19:11","guid":{"rendered":"https:\/\/iberoid.com\/?post_type=product&#038;p=8509"},"modified":"2024-05-09T12:37:28","modified_gmt":"2024-05-09T12:37:28","slug":"nandrolone-decanoate-200mg-golden-dragon","status":"publish","type":"product","link":"https:\/\/iberoid.com\/fr\/product\/nandrolone-decanoate-200mg-golden-dragon\/","title":{"rendered":"NANDROLONE DECANOATE 200mg"},"content":{"rendered":"<p>Les effets positifs du m\u00e9dicament comprennent la croissance musculaire, la stimulation de l\u2019app\u00e9tit et l\u2019augmentation de la production de globules rouges et de la densit\u00e9 osseuse. Des \u00e9tudes cliniques ont montr\u00e9 son efficacit\u00e9 dans le traitement de l&rsquo;an\u00e9mie, de l&rsquo;ost\u00e9oporose et de certaines formes de n\u00e9oplasie, notamment le cancer du sein, et agit \u00e9galement comme contraceptif \u00e0 base de progestatif. Pour ces raisons, aux \u00c9tats-Unis, la nandrolone a re\u00e7u l\u2019approbation de la FDA en 1983.<\/p>\n<p>LES EFFETS SECONDAIRES POSSIBLES:<br \/>\n\u00c9tant donn\u00e9 que la nandrolone n&rsquo;est pas d\u00e9compos\u00e9e en DHT, les effets d\u00e9l\u00e9t\u00e8res communs \u00e0 la plupart des st\u00e9ro\u00efdes anabolisants sur le cuir chevelu, la peau et la prostate sont att\u00e9nu\u00e9s dans une certaine mesure ; mais il est plut\u00f4t d\u00e9compos\u00e9 en dihydronandrolone, un androg\u00e8ne beaucoup plus faible. L\u2019absence d\u2019alkylation sur le carbone 17\u00e1 r\u00e9duit consid\u00e9rablement la toxicit\u00e9 h\u00e9patique du m\u00e9dicament. Les effets \u0153strog\u00e9niques r\u00e9sultant de la r\u00e9action avec l&rsquo;aromatase sont \u00e9galement att\u00e9nu\u00e9s du fait que le m\u00e9dicament est un progestatif, mais des effets tels que la gyn\u00e9comastie et la r\u00e9duction de la libido se produisent toujours \u00e0 des doses plus \u00e9lev\u00e9es. D\u2019autres effets secondaires peuvent inclure une dysfonction \u00e9rectile et des dommages cardiovasculaires, ainsi que plusieurs affections r\u00e9sultant de l\u2019effet du m\u00e9dicament consistant \u00e0 abaisser les niveaux d\u2019hormone lut\u00e9inisante par le biais d\u2019une r\u00e9troaction n\u00e9gative.<\/p>","protected":false},"excerpt":{"rendered":"<p>Les effets positifs du m\u00e9dicament comprennent la croissance musculaire, la stimulation de l\u2019app\u00e9tit et l\u2019augmentation de la production de globules<\/p>\n","protected":false},"featured_media":6576,"comment_status":"open","ping_status":"closed","template":"","meta":[],"product_brand":[],"product_cat":[69],"product_tag":[],"class_list":{"0":"post-8509","1":"product","2":"type-product","3":"status-publish","4":"has-post-thumbnail","6":"product_cat-esteroides_inyectables","8":"first","9":"outofstock","10":"sale","11":"shipping-taxable","12":"purchasable","13":"product-type-simple"},"yoast_head":"<!-- This site is optimized with the Yoast SEO Premium plugin v24.4 (Yoast SEO v27.3) - https:\/\/yoast.com\/product\/yoast-seo-premium-wordpress\/ -->\n<title>NANDROLONE DECANOATE 200mg - (Espa\u00f1ol) Esteroides en l\u00ednea<\/title>\n<meta name=\"robots\" content=\"index, follow, max-snippet:-1, max-image-preview:large, max-video-preview:-1\" \/>\n<link rel=\"canonical\" href=\"https:\/\/iberoid.com\/fr\/product\/nandrolone-decanoate-200mg-golden-dragon\/\" \/>\n<meta property=\"og:locale\" content=\"fr_FR\" \/>\n<meta property=\"og:type\" content=\"article\" \/>\n<meta property=\"og:title\" content=\"NANDROLONE DECANOATE 200mg\" \/>\n<meta property=\"og:description\" content=\"Les effets positifs du m\u00e9dicament comprennent la croissance musculaire, la stimulation de l\u2019app\u00e9tit et l\u2019augmentation de la production de globules\" \/>\n<meta property=\"og:url\" content=\"https:\/\/iberoid.com\/fr\/product\/nandrolone-decanoate-200mg-golden-dragon\/\" \/>\n<meta property=\"og:site_name\" content=\"(Espa\u00f1ol) Esteroides en l\u00ednea\" \/>\n<meta property=\"article:modified_time\" content=\"2024-05-09T12:37:28+00:00\" \/>\n<meta property=\"og:image\" content=\"https:\/\/iberoid.com\/wp-content\/uploads\/2021\/08\/nandroged.jpg?v=1699082603\" \/>\n\t<meta property=\"og:image:width\" content=\"500\" \/>\n\t<meta property=\"og:image:height\" content=\"500\" \/>\n\t<meta property=\"og:image:type\" content=\"image\/jpeg\" \/>\n<meta name=\"twitter:card\" content=\"summary_large_image\" \/>\n<meta name=\"twitter:label1\" content=\"Prix\" \/>\n\t<meta name=\"twitter:data1\" content=\"&euro;35.00\" \/>\n\t<meta name=\"twitter:label2\" content=\"Disponibilit\u00e9\" \/>\n\t<meta name=\"twitter:data2\" content=\"Rupture de stock\" \/>\n<script type=\"application\/ld+json\" class=\"yoast-schema-graph\">{\"@context\":\"https:\\\/\\\/schema.org\",\"@graph\":[{\"@type\":\"WebPage\",\"@id\":\"https:\\\/\\\/iberoid.com\\\/fr\\\/product\\\/nandrolone-decanoate-200mg-golden-dragon\\\/\",\"url\":\"https:\\\/\\\/iberoid.com\\\/fr\\\/product\\\/nandrolone-decanoate-200mg-golden-dragon\\\/\",\"name\":\"NANDROLONE DECANOATE 200mg - (Espa\u00f1ol) Esteroides en l\u00ednea\",\"isPartOf\":{\"@id\":\"https:\\\/\\\/iberoid-shop.com\\\/#website\"},\"primaryImageOfPage\":{\"@id\":\"https:\\\/\\\/iberoid.com\\\/fr\\\/product\\\/nandrolone-decanoate-200mg-golden-dragon\\\/#primaryimage\"},\"image\":{\"@id\":\"https:\\\/\\\/iberoid.com\\\/fr\\\/product\\\/nandrolone-decanoate-200mg-golden-dragon\\\/#primaryimage\"},\"thumbnailUrl\":\"https:\\\/\\\/iberoid.com\\\/wp-content\\\/uploads\\\/2021\\\/08\\\/nandroged.jpg?v=1699082603\",\"datePublished\":\"2023-05-13T15:19:11+00:00\",\"dateModified\":\"2024-05-09T12:37:28+00:00\",\"breadcrumb\":{\"@id\":\"https:\\\/\\\/iberoid.com\\\/fr\\\/product\\\/nandrolone-decanoate-200mg-golden-dragon\\\/#breadcrumb\"},\"inLanguage\":\"fr-FR\",\"potentialAction\":[{\"@type\":\"ReadAction\",\"target\":[[\"https:\\\/\\\/iberoid.com\\\/fr\\\/product\\\/nandrolone-decanoate-200mg-golden-dragon\\\/\"]]}]},{\"@type\":\"ImageObject\",\"inLanguage\":\"fr-FR\",\"@id\":\"https:\\\/\\\/iberoid.com\\\/fr\\\/product\\\/nandrolone-decanoate-200mg-golden-dragon\\\/#primaryimage\",\"url\":\"https:\\\/\\\/iberoid.com\\\/wp-content\\\/uploads\\\/2021\\\/08\\\/nandroged.jpg?v=1699082603\",\"contentUrl\":\"https:\\\/\\\/iberoid.com\\\/wp-content\\\/uploads\\\/2021\\\/08\\\/nandroged.jpg?v=1699082603\",\"width\":500,\"height\":500},{\"@type\":\"BreadcrumbList\",\"@id\":\"https:\\\/\\\/iberoid.com\\\/fr\\\/product\\\/nandrolone-decanoate-200mg-golden-dragon\\\/#breadcrumb\",\"itemListElement\":[{\"@type\":\"ListItem\",\"position\":1,\"name\":\"Portada\",\"item\":\"https:\\\/\\\/iberoid.com\\\/fr\\\/\"},{\"@type\":\"ListItem\",\"position\":2,\"name\":\"Magasin\",\"item\":\"https:\\\/\\\/iberoid.com\\\/fr\\\/shop\\\/\"},{\"@type\":\"ListItem\",\"position\":3,\"name\":\"NANDROLONE DECANOATE 200mg\"}]},{\"@type\":\"WebSite\",\"@id\":\"https:\\\/\\\/iberoid-shop.com\\\/#website\",\"url\":\"https:\\\/\\\/iberoid-shop.com\\\/\",\"name\":\"(Espa\u00f1ol) Esteroides en l\u00ednea\",\"description\":\"(Espa\u00f1ol) Comprar esteroides en l\u00ednea hoy en Espa\u00f1a y Portugal. Tenemos el mejor servicio al cliente en la industria y los productos de la m\u00e1s alta calidad\",\"potentialAction\":[{\"@type\":\"SearchAction\",\"target\":{\"@type\":\"EntryPoint\",\"urlTemplate\":\"https:\\\/\\\/iberoid-shop.com\\\/?s={search_term_string}\"},\"query-input\":{\"@type\":\"PropertyValueSpecification\",\"valueRequired\":true,\"valueName\":\"search_term_string\"}}],\"inLanguage\":\"fr-FR\"}]}<\/script>\n<meta property=\"product:brand\" content=\"Golden Dragon\" \/>\n<meta property=\"product:price:amount\" content=\"35.00\" \/>\n<meta property=\"product:price:currency\" content=\"EUR\" \/>\n<meta property=\"og:availability\" content=\"out of stock\" \/>\n<meta property=\"product:availability\" content=\"out of stock\" \/>\n<meta property=\"product:condition\" content=\"new\" \/>\n<!-- \/ Yoast SEO Premium plugin. -->","yoast_head_json":{"title":"NANDROLONE DECANOATE 200mg - (Espa\u00f1ol) Esteroides en l\u00ednea","robots":{"index":"index","follow":"follow","max-snippet":"max-snippet:-1","max-image-preview":"max-image-preview:large","max-video-preview":"max-video-preview:-1"},"canonical":"https:\/\/iberoid.com\/fr\/product\/nandrolone-decanoate-200mg-golden-dragon\/","og_locale":"fr_FR","og_type":"article","og_title":"NANDROLONE DECANOATE 200mg","og_description":"Les effets positifs du m\u00e9dicament comprennent la croissance musculaire, la stimulation de l\u2019app\u00e9tit et l\u2019augmentation de la production de globules","og_url":"https:\/\/iberoid.com\/fr\/product\/nandrolone-decanoate-200mg-golden-dragon\/","og_site_name":"(Espa\u00f1ol) Esteroides en l\u00ednea","article_modified_time":"2024-05-09T12:37:28+00:00","og_image":[{"width":500,"height":500,"url":"https:\/\/iberoid.com\/wp-content\/uploads\/2021\/08\/nandroged.jpg?v=1699082603","type":"image\/jpeg"}],"twitter_card":"summary_large_image","twitter_misc":{"Prix":"&euro;35.00","Disponibilit\u00e9":"Rupture de stock"},"schema":{"@context":"https:\/\/schema.org","@graph":[{"@type":"WebPage","@id":"https:\/\/iberoid.com\/fr\/product\/nandrolone-decanoate-200mg-golden-dragon\/","url":"https:\/\/iberoid.com\/fr\/product\/nandrolone-decanoate-200mg-golden-dragon\/","name":"NANDROLONE DECANOATE 200mg - (Espa\u00f1ol) Esteroides en l\u00ednea","isPartOf":{"@id":"https:\/\/iberoid-shop.com\/#website"},"primaryImageOfPage":{"@id":"https:\/\/iberoid.com\/fr\/product\/nandrolone-decanoate-200mg-golden-dragon\/#primaryimage"},"image":{"@id":"https:\/\/iberoid.com\/fr\/product\/nandrolone-decanoate-200mg-golden-dragon\/#primaryimage"},"thumbnailUrl":"https:\/\/iberoid.com\/wp-content\/uploads\/2021\/08\/nandroged.jpg?v=1699082603","datePublished":"2023-05-13T15:19:11+00:00","dateModified":"2024-05-09T12:37:28+00:00","breadcrumb":{"@id":"https:\/\/iberoid.com\/fr\/product\/nandrolone-decanoate-200mg-golden-dragon\/#breadcrumb"},"inLanguage":"fr-FR","potentialAction":[{"@type":"ReadAction","target":[["https:\/\/iberoid.com\/fr\/product\/nandrolone-decanoate-200mg-golden-dragon\/"]]}]},{"@type":"ImageObject","inLanguage":"fr-FR","@id":"https:\/\/iberoid.com\/fr\/product\/nandrolone-decanoate-200mg-golden-dragon\/#primaryimage","url":"https:\/\/iberoid.com\/wp-content\/uploads\/2021\/08\/nandroged.jpg?v=1699082603","contentUrl":"https:\/\/iberoid.com\/wp-content\/uploads\/2021\/08\/nandroged.jpg?v=1699082603","width":500,"height":500},{"@type":"BreadcrumbList","@id":"https:\/\/iberoid.com\/fr\/product\/nandrolone-decanoate-200mg-golden-dragon\/#breadcrumb","itemListElement":[{"@type":"ListItem","position":1,"name":"Portada","item":"https:\/\/iberoid.com\/fr\/"},{"@type":"ListItem","position":2,"name":"Magasin","item":"https:\/\/iberoid.com\/fr\/shop\/"},{"@type":"ListItem","position":3,"name":"NANDROLONE DECANOATE 200mg"}]},{"@type":"WebSite","@id":"https:\/\/iberoid-shop.com\/#website","url":"https:\/\/iberoid-shop.com\/","name":"(Espa\u00f1ol) Esteroides en l\u00ednea","description":"(Espa\u00f1ol) Comprar esteroides en l\u00ednea hoy en Espa\u00f1a y Portugal. Tenemos el mejor servicio al cliente en la industria y los productos de la m\u00e1s alta calidad","potentialAction":[{"@type":"SearchAction","target":{"@type":"EntryPoint","urlTemplate":"https:\/\/iberoid-shop.com\/?s={search_term_string}"},"query-input":{"@type":"PropertyValueSpecification","valueRequired":true,"valueName":"search_term_string"}}],"inLanguage":"fr-FR"}]},"product_brand":"Golden Dragon","product_price_amount":"35.00","product_price_currency":"EUR","og_availability":"out of stock","product_availability":"out of stock","product_condition":"new"},"_links":{"self":[{"href":"https:\/\/iberoid.com\/fr\/wp-json\/wp\/v2\/product\/8509","targetHints":{"allow":["GET"]}}],"collection":[{"href":"https:\/\/iberoid.com\/fr\/wp-json\/wp\/v2\/product"}],"about":[{"href":"https:\/\/iberoid.com\/fr\/wp-json\/wp\/v2\/types\/product"}],"replies":[{"embeddable":true,"href":"https:\/\/iberoid.com\/fr\/wp-json\/wp\/v2\/comments?post=8509"}],"wp:featuredmedia":[{"embeddable":true,"href":"https:\/\/iberoid.com\/fr\/wp-json\/wp\/v2\/media\/6576"}],"wp:attachment":[{"href":"https:\/\/iberoid.com\/fr\/wp-json\/wp\/v2\/media?parent=8509"}],"wp:term":[{"taxonomy":"product_brand","embeddable":true,"href":"https:\/\/iberoid.com\/fr\/wp-json\/wp\/v2\/product_brand?post=8509"},{"taxonomy":"product_cat","embeddable":true,"href":"https:\/\/iberoid.com\/fr\/wp-json\/wp\/v2\/product_cat?post=8509"},{"taxonomy":"product_tag","embeddable":true,"href":"https:\/\/iberoid.com\/fr\/wp-json\/wp\/v2\/product_tag?post=8509"}],"curies":[{"name":"wp","href":"https:\/\/api.w.org\/{rel}","templated":true}]}}