{"id":8516,"date":"2023-05-13T16:19:45","date_gmt":"2023-05-13T16:19:45","guid":{"rendered":"https:\/\/iberoid.com\/?post_type=product&#038;p=8516"},"modified":"2024-05-25T16:43:57","modified_gmt":"2024-05-25T16:43:57","slug":"pak10-genotropin-pfizer-12-mg-36-ui-pen","status":"publish","type":"product","link":"https:\/\/iberoid.com\/fr\/product\/pak10-genotropin-pfizer-12-mg-36-ui-pen\/","title":{"rendered":"MEGA PAK10 GENOTROPIN &#8211; 12 MG &#8211; 36 UI PEN"},"content":{"rendered":"<p>La g\u00e9notropine, \u00e9galement commun\u00e9ment appel\u00e9e hormone de croissance humaine (HGH), est une hormone produite dans le corps humain et excr\u00e9t\u00e9e dans le sang par les cellules somatotropes de l&rsquo;hypophyse ant\u00e9rieure. Il s&rsquo;agit d&rsquo;une prot\u00e9ine \u00e0 cha\u00eene unique compos\u00e9e de 191 acides amin\u00e9s d&rsquo;un poids mol\u00e9culaire d&rsquo;environ 22 000 daltons.<\/p>\n<p>La s\u00e9cr\u00e9tion de GH a de nombreux effets directs et indirects sur le corps humain. Premi\u00e8rement, la GH stimule la production h\u00e9patique de facteur de croissance analogue \u00e0 l\u2019insuline (IGH-1). \u00c9tant donn\u00e9 que la GH stimule la production h\u00e9patique d\u2019IGF-1, les effets de la GH et de l\u2019IGF-1 sont r\u00e9pertori\u00e9s ci-dessous.<\/p>\n<p>La version synth\u00e9tique de l\u2019hormone de croissance humaine est appel\u00e9e somatropine (hormone de croissance \u00e0 s\u00e9quence de 191 acides amin\u00e9s). La somatropine est identique \u00e0 la GH du corps humain.<\/p>\n<p>Genotropin est utilis\u00e9 pour\u00a0: le d\u00e9ficit en hormone de croissance, le traitement du petit \u00e2ge gestationnel (SGA) et du retard de croissance intra-ut\u00e9rin (RCIU), la petite taille idiopathique, l&rsquo;\u00e9maciation et la cachexie dues au SIDA, la petite taille caus\u00e9e par le syndrome de Turner, la petite taille caus\u00e9e par le syndrome de Prader-Willi, probl\u00e8mes de croissance caus\u00e9s par le syndrome de l&rsquo;intestin court, mauvaise croissance chez les enfants atteints d&rsquo;une maladie r\u00e9nale, m\u00e9dicament pour am\u00e9liorer la musculation, m\u00e9dicament pour perdre du poids, m\u00e9dicament anti-\u00e2ge, traitement pour les enfants atteints de polyarthrite rhumato\u00efde, traitement pour l&rsquo;ost\u00e9oporose, traitement pour les enfants atteints de rachitisme hypophosphat\u00e9mique li\u00e9 \u00e0 l&rsquo;X ( XLH).<\/p>","protected":false},"excerpt":{"rendered":"<p>La g\u00e9notropine, \u00e9galement commun\u00e9ment appel\u00e9e hormone de croissance humaine (HGH), est une hormone produite dans le corps humain et excr\u00e9t\u00e9e<\/p>\n","protected":false},"featured_media":8517,"comment_status":"open","ping_status":"closed","template":"","meta":[],"product_brand":[],"product_cat":[76,3474],"product_tag":[],"class_list":{"0":"post-8516","1":"product","2":"type-product","3":"status-publish","4":"has-post-thumbnail","6":"product_cat-hgh_peptido","7":"product_cat-packs","9":"first","10":"outofstock","11":"shipping-taxable","12":"purchasable","13":"product-type-simple"},"yoast_head":"<!-- This site is optimized with the Yoast SEO Premium plugin v24.4 (Yoast SEO v27.0) - https:\/\/yoast.com\/product\/yoast-seo-premium-wordpress\/ -->\n<title>MEGA PAK10 GENOTROPIN - 12 MG - 36 UI PEN - (Espa\u00f1ol) Esteroides en l\u00ednea<\/title>\n<meta name=\"robots\" content=\"index, follow, max-snippet:-1, max-image-preview:large, max-video-preview:-1\" \/>\n<link rel=\"canonical\" href=\"https:\/\/iberoid.com\/fr\/product\/pak10-genotropin-pfizer-12-mg-36-ui-pen\/\" \/>\n<meta property=\"og:locale\" content=\"fr_FR\" \/>\n<meta property=\"og:type\" content=\"article\" \/>\n<meta property=\"og:title\" content=\"MEGA PAK10 GENOTROPIN - 12 MG - 36 UI PEN\" \/>\n<meta property=\"og:description\" content=\"La g\u00e9notropine, \u00e9galement commun\u00e9ment appel\u00e9e hormone de croissance humaine (HGH), est une hormone produite dans le corps humain et excr\u00e9t\u00e9e\" \/>\n<meta property=\"og:url\" content=\"https:\/\/iberoid.com\/fr\/product\/pak10-genotropin-pfizer-12-mg-36-ui-pen\/\" \/>\n<meta property=\"og:site_name\" content=\"(Espa\u00f1ol) Esteroides en l\u00ednea\" \/>\n<meta property=\"article:modified_time\" content=\"2024-05-25T16:43:57+00:00\" \/>\n<meta property=\"og:image\" content=\"https:\/\/iberoid.com\/wp-content\/uploads\/2023\/05\/pfizer-genotropin-12-mg-36-iu-somatropin-1000x1000-1.webp\" \/>\n\t<meta property=\"og:image:width\" content=\"1000\" \/>\n\t<meta property=\"og:image:height\" content=\"1000\" \/>\n\t<meta property=\"og:image:type\" content=\"image\/webp\" \/>\n<meta name=\"twitter:card\" content=\"summary_large_image\" \/>\n<meta name=\"twitter:label1\" content=\"Prix\" \/>\n\t<meta name=\"twitter:data1\" content=\"&euro;1,100.00\" \/>\n\t<meta name=\"twitter:label2\" content=\"Disponibilit\u00e9\" \/>\n\t<meta name=\"twitter:data2\" content=\"Rupture de stock\" \/>\n<script type=\"application\/ld+json\" class=\"yoast-schema-graph\">{\"@context\":\"https:\/\/schema.org\",\"@graph\":[{\"@type\":\"WebPage\",\"@id\":\"https:\/\/iberoid.com\/fr\/product\/pak10-genotropin-pfizer-12-mg-36-ui-pen\/\",\"url\":\"https:\/\/iberoid.com\/fr\/product\/pak10-genotropin-pfizer-12-mg-36-ui-pen\/\",\"name\":\"MEGA PAK10 GENOTROPIN - 12 MG - 36 UI PEN - (Espa\u00f1ol) Esteroides en l\u00ednea\",\"isPartOf\":{\"@id\":\"https:\/\/iberoid-shop.com\/#website\"},\"primaryImageOfPage\":{\"@id\":\"https:\/\/iberoid.com\/fr\/product\/pak10-genotropin-pfizer-12-mg-36-ui-pen\/#primaryimage\"},\"image\":{\"@id\":\"https:\/\/iberoid.com\/fr\/product\/pak10-genotropin-pfizer-12-mg-36-ui-pen\/#primaryimage\"},\"thumbnailUrl\":\"https:\/\/iberoid.com\/wp-content\/uploads\/2023\/05\/pfizer-genotropin-12-mg-36-iu-somatropin-1000x1000-1.webp\",\"datePublished\":\"2023-05-13T16:19:45+00:00\",\"dateModified\":\"2024-05-25T16:43:57+00:00\",\"breadcrumb\":{\"@id\":\"https:\/\/iberoid.com\/fr\/product\/pak10-genotropin-pfizer-12-mg-36-ui-pen\/#breadcrumb\"},\"inLanguage\":\"fr-FR\",\"potentialAction\":[{\"@type\":\"ReadAction\",\"target\":[[\"https:\/\/iberoid.com\/fr\/product\/pak10-genotropin-pfizer-12-mg-36-ui-pen\/\"]]}]},{\"@type\":\"ImageObject\",\"inLanguage\":\"fr-FR\",\"@id\":\"https:\/\/iberoid.com\/fr\/product\/pak10-genotropin-pfizer-12-mg-36-ui-pen\/#primaryimage\",\"url\":\"https:\/\/iberoid.com\/wp-content\/uploads\/2023\/05\/pfizer-genotropin-12-mg-36-iu-somatropin-1000x1000-1.webp\",\"contentUrl\":\"https:\/\/iberoid.com\/wp-content\/uploads\/2023\/05\/pfizer-genotropin-12-mg-36-iu-somatropin-1000x1000-1.webp\",\"width\":1000,\"height\":1000},{\"@type\":\"BreadcrumbList\",\"@id\":\"https:\/\/iberoid.com\/fr\/product\/pak10-genotropin-pfizer-12-mg-36-ui-pen\/#breadcrumb\",\"itemListElement\":[{\"@type\":\"ListItem\",\"position\":1,\"name\":\"Portada\",\"item\":\"https:\/\/iberoid.com\/fr\/\"},{\"@type\":\"ListItem\",\"position\":2,\"name\":\"Magasin\",\"item\":\"https:\/\/iberoid.com\/fr\/shop\/\"},{\"@type\":\"ListItem\",\"position\":3,\"name\":\"MEGA PAK10 GENOTROPIN &#8211; 12 MG &#8211; 36 UI PEN\"}]},{\"@type\":\"WebSite\",\"@id\":\"https:\/\/iberoid-shop.com\/#website\",\"url\":\"https:\/\/iberoid-shop.com\/\",\"name\":\"(Espa\u00f1ol) Esteroides en l\u00ednea\",\"description\":\"(Espa\u00f1ol) Comprar esteroides en l\u00ednea hoy en Espa\u00f1a y Portugal. Tenemos el mejor servicio al cliente en la industria y los productos de la m\u00e1s alta calidad\",\"potentialAction\":[{\"@type\":\"SearchAction\",\"target\":{\"@type\":\"EntryPoint\",\"urlTemplate\":\"https:\/\/iberoid-shop.com\/?s={search_term_string}\"},\"query-input\":{\"@type\":\"PropertyValueSpecification\",\"valueRequired\":true,\"valueName\":\"search_term_string\"}}],\"inLanguage\":\"fr-FR\"}]}<\/script>\n<meta property=\"product:brand\" content=\"Pfizer\" \/>\n<meta property=\"product:price:amount\" content=\"1100.00\" \/>\n<meta property=\"product:price:currency\" content=\"EUR\" \/>\n<meta property=\"og:availability\" content=\"out of stock\" \/>\n<meta property=\"product:availability\" content=\"out of stock\" \/>\n<meta property=\"product:condition\" content=\"new\" \/>\n<!-- \/ Yoast SEO Premium plugin. -->","yoast_head_json":{"title":"MEGA PAK10 GENOTROPIN - 12 MG - 36 UI PEN - (Espa\u00f1ol) Esteroides en l\u00ednea","robots":{"index":"index","follow":"follow","max-snippet":"max-snippet:-1","max-image-preview":"max-image-preview:large","max-video-preview":"max-video-preview:-1"},"canonical":"https:\/\/iberoid.com\/fr\/product\/pak10-genotropin-pfizer-12-mg-36-ui-pen\/","og_locale":"fr_FR","og_type":"article","og_title":"MEGA PAK10 GENOTROPIN - 12 MG - 36 UI PEN","og_description":"La g\u00e9notropine, \u00e9galement commun\u00e9ment appel\u00e9e hormone de croissance humaine (HGH), est une hormone produite dans le corps humain et excr\u00e9t\u00e9e","og_url":"https:\/\/iberoid.com\/fr\/product\/pak10-genotropin-pfizer-12-mg-36-ui-pen\/","og_site_name":"(Espa\u00f1ol) Esteroides en l\u00ednea","article_modified_time":"2024-05-25T16:43:57+00:00","og_image":[{"width":1000,"height":1000,"url":"https:\/\/iberoid.com\/wp-content\/uploads\/2023\/05\/pfizer-genotropin-12-mg-36-iu-somatropin-1000x1000-1.webp","type":"image\/webp"}],"twitter_card":"summary_large_image","twitter_misc":{"Prix":"&euro;1,100.00","Disponibilit\u00e9":"Rupture de stock"},"schema":{"@context":"https:\/\/schema.org","@graph":[{"@type":"WebPage","@id":"https:\/\/iberoid.com\/fr\/product\/pak10-genotropin-pfizer-12-mg-36-ui-pen\/","url":"https:\/\/iberoid.com\/fr\/product\/pak10-genotropin-pfizer-12-mg-36-ui-pen\/","name":"MEGA PAK10 GENOTROPIN - 12 MG - 36 UI PEN - (Espa\u00f1ol) Esteroides en l\u00ednea","isPartOf":{"@id":"https:\/\/iberoid-shop.com\/#website"},"primaryImageOfPage":{"@id":"https:\/\/iberoid.com\/fr\/product\/pak10-genotropin-pfizer-12-mg-36-ui-pen\/#primaryimage"},"image":{"@id":"https:\/\/iberoid.com\/fr\/product\/pak10-genotropin-pfizer-12-mg-36-ui-pen\/#primaryimage"},"thumbnailUrl":"https:\/\/iberoid.com\/wp-content\/uploads\/2023\/05\/pfizer-genotropin-12-mg-36-iu-somatropin-1000x1000-1.webp","datePublished":"2023-05-13T16:19:45+00:00","dateModified":"2024-05-25T16:43:57+00:00","breadcrumb":{"@id":"https:\/\/iberoid.com\/fr\/product\/pak10-genotropin-pfizer-12-mg-36-ui-pen\/#breadcrumb"},"inLanguage":"fr-FR","potentialAction":[{"@type":"ReadAction","target":[["https:\/\/iberoid.com\/fr\/product\/pak10-genotropin-pfizer-12-mg-36-ui-pen\/"]]}]},{"@type":"ImageObject","inLanguage":"fr-FR","@id":"https:\/\/iberoid.com\/fr\/product\/pak10-genotropin-pfizer-12-mg-36-ui-pen\/#primaryimage","url":"https:\/\/iberoid.com\/wp-content\/uploads\/2023\/05\/pfizer-genotropin-12-mg-36-iu-somatropin-1000x1000-1.webp","contentUrl":"https:\/\/iberoid.com\/wp-content\/uploads\/2023\/05\/pfizer-genotropin-12-mg-36-iu-somatropin-1000x1000-1.webp","width":1000,"height":1000},{"@type":"BreadcrumbList","@id":"https:\/\/iberoid.com\/fr\/product\/pak10-genotropin-pfizer-12-mg-36-ui-pen\/#breadcrumb","itemListElement":[{"@type":"ListItem","position":1,"name":"Portada","item":"https:\/\/iberoid.com\/fr\/"},{"@type":"ListItem","position":2,"name":"Magasin","item":"https:\/\/iberoid.com\/fr\/shop\/"},{"@type":"ListItem","position":3,"name":"MEGA PAK10 GENOTROPIN &#8211; 12 MG &#8211; 36 UI PEN"}]},{"@type":"WebSite","@id":"https:\/\/iberoid-shop.com\/#website","url":"https:\/\/iberoid-shop.com\/","name":"(Espa\u00f1ol) Esteroides en l\u00ednea","description":"(Espa\u00f1ol) Comprar esteroides en l\u00ednea hoy en Espa\u00f1a y Portugal. Tenemos el mejor servicio al cliente en la industria y los productos de la m\u00e1s alta calidad","potentialAction":[{"@type":"SearchAction","target":{"@type":"EntryPoint","urlTemplate":"https:\/\/iberoid-shop.com\/?s={search_term_string}"},"query-input":{"@type":"PropertyValueSpecification","valueRequired":true,"valueName":"search_term_string"}}],"inLanguage":"fr-FR"}]},"product_brand":"Pfizer","product_price_amount":"1100.00","product_price_currency":"EUR","og_availability":"out of stock","product_availability":"out of stock","product_condition":"new"},"_links":{"self":[{"href":"https:\/\/iberoid.com\/fr\/wp-json\/wp\/v2\/product\/8516","targetHints":{"allow":["GET"]}}],"collection":[{"href":"https:\/\/iberoid.com\/fr\/wp-json\/wp\/v2\/product"}],"about":[{"href":"https:\/\/iberoid.com\/fr\/wp-json\/wp\/v2\/types\/product"}],"replies":[{"embeddable":true,"href":"https:\/\/iberoid.com\/fr\/wp-json\/wp\/v2\/comments?post=8516"}],"wp:featuredmedia":[{"embeddable":true,"href":"https:\/\/iberoid.com\/fr\/wp-json\/wp\/v2\/media\/8517"}],"wp:attachment":[{"href":"https:\/\/iberoid.com\/fr\/wp-json\/wp\/v2\/media?parent=8516"}],"wp:term":[{"taxonomy":"product_brand","embeddable":true,"href":"https:\/\/iberoid.com\/fr\/wp-json\/wp\/v2\/product_brand?post=8516"},{"taxonomy":"product_cat","embeddable":true,"href":"https:\/\/iberoid.com\/fr\/wp-json\/wp\/v2\/product_cat?post=8516"},{"taxonomy":"product_tag","embeddable":true,"href":"https:\/\/iberoid.com\/fr\/wp-json\/wp\/v2\/product_tag?post=8516"}],"curies":[{"name":"wp","href":"https:\/\/api.w.org\/{rel}","templated":true}]}}