{"id":8772,"date":"2023-08-01T14:06:23","date_gmt":"2023-08-01T14:06:23","guid":{"rendered":"https:\/\/iberoid.com\/?post_type=product&#038;p=8772"},"modified":"2025-12-30T14:53:46","modified_gmt":"2025-12-30T14:53:46","slug":"pack3-t-mix-sustanon","status":"publish","type":"product","link":"https:\/\/iberoid.com\/fr\/product\/pack3-t-mix-sustanon\/","title":{"rendered":"PACK3 T MIX \/ SUSTANON"},"content":{"rendered":"<p>Sustanon est un st\u00e9ro\u00efde anabolisant injectable qui contient un m\u00e9lange de quatre esters de testost\u00e9rone diff\u00e9rents, dont le propionate de testost\u00e9rone, le ph\u00e9nylpropionate de testost\u00e9rone, l&rsquo;isocaproate de testost\u00e9rone et le d\u00e9canoate de testost\u00e9rone.<\/p>\n<p>Cela fait de Sustanon un choix populaire pour les bodybuilders et les athl\u00e8tes qui souhaitent maintenir des niveaux de testost\u00e9rone stables tout au long de leurs cycles.<\/p>\n<p>\u00cates-vous \u00e0 la recherche d\u2019un st\u00e9ro\u00efde anabolisant efficace qui peut vous aider \u00e0 d\u00e9velopper votre masse musculaire, \u00e0 augmenter votre force et \u00e0 am\u00e9liorer vos performances sportives ?<\/p>\n<p>Si oui, alors Sustanon pourrait \u00eatre l\u2019option parfaite pour vous. Sustanon est un st\u00e9ro\u00efde anabolisant populaire qui contient un m\u00e9lange de quatre esters de testost\u00e9rone diff\u00e9rents.<\/p>\n<p>En ce qui concerne les besoins en musculation, la liste d\u00e9passe de loin les attentes g\u00e9n\u00e9rales que nous pouvons avoir en t\u00eate. En effet, le processus est critique et ne tourne pas n\u00e9cessairement autour de la n\u00e9cessit\u00e9 de muscler les muscles.<\/p>\n<h3>Musculation Sustanon<\/h3>\n<p>Les bodybuilders s\u2019efforcent constamment d\u2019\u00e9largir leur constitution avec des muscles plus fibreux. Mais ils cherchent \u00e9galement \u00e0 tirer le meilleur parti de leur formation et adaptent une d\u00e9finition extr\u00eame pour un look compl\u00e8tement transform\u00e9.<\/p>\n<p>Cependant, il est hors de question de prendre l\u2019avantage dans tous les domaines du fitness en un temps donn\u00e9. Pour que cela soit r\u00e9alisable, les bodybuilders et les amateurs de fitness ont recours aux st\u00e9ro\u00efdes anabolisants qui leur offrent la polyvalence qu\u2019ils recherchent.<\/p>\n<p>Ces d\u00e9riv\u00e9s artificiels de la testost\u00e9rone sont synonymes de musculation. Et malgr\u00e9 leurs dangers et leurs risques pour la sant\u00e9, certains fanatiques du fitness pr\u00e9f\u00e8rent en tirer le meilleur parti.<\/p>","protected":false},"excerpt":{"rendered":"<p>Sustanon est un st\u00e9ro\u00efde anabolisant injectable qui contient un m\u00e9lange de quatre esters de testost\u00e9rone diff\u00e9rents, dont le propionate de<\/p>\n","protected":false},"featured_media":8397,"comment_status":"open","ping_status":"closed","template":"","meta":[],"product_brand":[],"product_cat":[3474],"product_tag":[],"class_list":{"0":"post-8772","1":"product","2":"type-product","3":"status-publish","4":"has-post-thumbnail","6":"product_cat-packs","8":"first","9":"outofstock","10":"shipping-taxable","11":"purchasable","12":"product-type-simple"},"yoast_head":"<!-- This site is optimized with the Yoast SEO Premium plugin v24.4 (Yoast SEO v27.0) - https:\/\/yoast.com\/product\/yoast-seo-premium-wordpress\/ -->\n<title>PACK3 T MIX \/ SUSTANON - (Espa\u00f1ol) Esteroides en l\u00ednea<\/title>\n<meta name=\"description\" content=\"PACK3 T MIX \/ SUSTANON is an injectable anabolic steroid that contains a blend of four different testosterone esters, including testosterone propionate,\" \/>\n<meta name=\"robots\" content=\"index, follow, max-snippet:-1, max-image-preview:large, max-video-preview:-1\" \/>\n<link rel=\"canonical\" href=\"https:\/\/iberoid.com\/fr\/product\/pack3-t-mix-sustanon\/\" \/>\n<meta property=\"og:locale\" content=\"fr_FR\" \/>\n<meta property=\"og:type\" content=\"article\" \/>\n<meta property=\"og:title\" content=\"PACK3 T MIX \/ SUSTANON\" \/>\n<meta property=\"og:description\" content=\"PACK3 T MIX \/ SUSTANON is an injectable anabolic steroid that contains a blend of four different testosterone esters, including testosterone propionate,\" \/>\n<meta property=\"og:url\" content=\"https:\/\/iberoid.com\/fr\/product\/pack3-t-mix-sustanon\/\" \/>\n<meta property=\"og:site_name\" content=\"(Espa\u00f1ol) Esteroides en l\u00ednea\" \/>\n<meta property=\"article:modified_time\" content=\"2025-12-30T14:53:46+00:00\" \/>\n<meta property=\"og:image\" content=\"https:\/\/iberoid.com\/wp-content\/uploads\/2023\/03\/tmix.jpg?v=1699545811\" \/>\n\t<meta property=\"og:image:width\" content=\"466\" \/>\n\t<meta property=\"og:image:height\" content=\"642\" \/>\n\t<meta property=\"og:image:type\" content=\"image\/jpeg\" \/>\n<meta name=\"twitter:card\" content=\"summary_large_image\" \/>\n<meta name=\"twitter:label1\" content=\"Prix\" \/>\n\t<meta name=\"twitter:data1\" content=\"&euro;55.00\" \/>\n\t<meta name=\"twitter:label2\" content=\"Disponibilit\u00e9\" \/>\n\t<meta name=\"twitter:data2\" content=\"Rupture de stock\" \/>\n<script type=\"application\/ld+json\" class=\"yoast-schema-graph\">{\"@context\":\"https:\/\/schema.org\",\"@graph\":[{\"@type\":\"WebPage\",\"@id\":\"https:\/\/iberoid.com\/fr\/product\/pack3-t-mix-sustanon\/\",\"url\":\"https:\/\/iberoid.com\/fr\/product\/pack3-t-mix-sustanon\/\",\"name\":\"PACK3 T MIX \/ SUSTANON - (Espa\u00f1ol) Esteroides en l\u00ednea\",\"isPartOf\":{\"@id\":\"https:\/\/iberoid.com\/fr\/#website\"},\"primaryImageOfPage\":{\"@id\":\"https:\/\/iberoid.com\/fr\/product\/pack3-t-mix-sustanon\/#primaryimage\"},\"image\":{\"@id\":\"https:\/\/iberoid.com\/fr\/product\/pack3-t-mix-sustanon\/#primaryimage\"},\"thumbnailUrl\":\"https:\/\/iberoid.com\/wp-content\/uploads\/2023\/03\/tmix.jpg?v=1699545811\",\"datePublished\":\"2023-08-01T14:06:23+00:00\",\"dateModified\":\"2025-12-30T14:53:46+00:00\",\"description\":\"PACK3 T MIX \/ SUSTANON is an injectable anabolic steroid that contains a blend of four different testosterone esters, including testosterone propionate,\",\"breadcrumb\":{\"@id\":\"https:\/\/iberoid.com\/fr\/product\/pack3-t-mix-sustanon\/#breadcrumb\"},\"inLanguage\":\"fr-FR\",\"potentialAction\":[{\"@type\":\"ReadAction\",\"target\":[[\"https:\/\/iberoid.com\/fr\/product\/pack3-t-mix-sustanon\/\"]]}]},{\"@type\":\"ImageObject\",\"inLanguage\":\"fr-FR\",\"@id\":\"https:\/\/iberoid.com\/fr\/product\/pack3-t-mix-sustanon\/#primaryimage\",\"url\":\"https:\/\/iberoid.com\/wp-content\/uploads\/2023\/03\/tmix.jpg?v=1699545811\",\"contentUrl\":\"https:\/\/iberoid.com\/wp-content\/uploads\/2023\/03\/tmix.jpg?v=1699545811\",\"width\":466,\"height\":642,\"caption\":\"PACK3 T MIX \/ SUSTANON\"},{\"@type\":\"BreadcrumbList\",\"@id\":\"https:\/\/iberoid.com\/fr\/product\/pack3-t-mix-sustanon\/#breadcrumb\",\"itemListElement\":[{\"@type\":\"ListItem\",\"position\":1,\"name\":\"Portada\",\"item\":\"https:\/\/iberoid.com\/fr\/\"},{\"@type\":\"ListItem\",\"position\":2,\"name\":\"Magasin\",\"item\":\"https:\/\/iberoid.com\/fr\/shop\/\"},{\"@type\":\"ListItem\",\"position\":3,\"name\":\"PACK3 T MIX \/ SUSTANON\"}]},{\"@type\":\"WebSite\",\"@id\":\"https:\/\/iberoid.com\/fr\/#website\",\"url\":\"https:\/\/iberoid.com\/fr\/\",\"name\":\"(Espa\u00f1ol) Esteroides en l\u00ednea\",\"description\":\"(Espa\u00f1ol) Comprar esteroides en l\u00ednea hoy en Espa\u00f1a y Portugal. Tenemos el mejor servicio al cliente en la industria y los productos de la m\u00e1s alta calidad\",\"potentialAction\":[{\"@type\":\"SearchAction\",\"target\":{\"@type\":\"EntryPoint\",\"urlTemplate\":\"https:\/\/iberoid.com\/fr\/?s={search_term_string}\"},\"query-input\":{\"@type\":\"PropertyValueSpecification\",\"valueRequired\":true,\"valueName\":\"search_term_string\"}}],\"inLanguage\":\"fr-FR\"}]}<\/script>\n<meta property=\"product:brand\" content=\"Muscle Pharm\" \/>\n<meta property=\"product:price:amount\" content=\"55.00\" \/>\n<meta property=\"product:price:currency\" content=\"EUR\" \/>\n<meta property=\"og:availability\" content=\"out of stock\" \/>\n<meta property=\"product:availability\" content=\"out of stock\" \/>\n<meta property=\"product:condition\" content=\"new\" \/>\n<!-- \/ Yoast SEO Premium plugin. -->","yoast_head_json":{"title":"PACK3 T MIX \/ SUSTANON - (Espa\u00f1ol) Esteroides en l\u00ednea","description":"PACK3 T MIX \/ SUSTANON is an injectable anabolic steroid that contains a blend of four different testosterone esters, including testosterone propionate,","robots":{"index":"index","follow":"follow","max-snippet":"max-snippet:-1","max-image-preview":"max-image-preview:large","max-video-preview":"max-video-preview:-1"},"canonical":"https:\/\/iberoid.com\/fr\/product\/pack3-t-mix-sustanon\/","og_locale":"fr_FR","og_type":"article","og_title":"PACK3 T MIX \/ SUSTANON","og_description":"PACK3 T MIX \/ SUSTANON is an injectable anabolic steroid that contains a blend of four different testosterone esters, including testosterone propionate,","og_url":"https:\/\/iberoid.com\/fr\/product\/pack3-t-mix-sustanon\/","og_site_name":"(Espa\u00f1ol) Esteroides en l\u00ednea","article_modified_time":"2025-12-30T14:53:46+00:00","og_image":[{"width":466,"height":642,"url":"https:\/\/iberoid.com\/wp-content\/uploads\/2023\/03\/tmix.jpg?v=1699545811","type":"image\/jpeg"}],"twitter_card":"summary_large_image","twitter_misc":{"Prix":"&euro;55.00","Disponibilit\u00e9":"Rupture de stock"},"schema":{"@context":"https:\/\/schema.org","@graph":[{"@type":"WebPage","@id":"https:\/\/iberoid.com\/fr\/product\/pack3-t-mix-sustanon\/","url":"https:\/\/iberoid.com\/fr\/product\/pack3-t-mix-sustanon\/","name":"PACK3 T MIX \/ SUSTANON - (Espa\u00f1ol) Esteroides en l\u00ednea","isPartOf":{"@id":"https:\/\/iberoid.com\/fr\/#website"},"primaryImageOfPage":{"@id":"https:\/\/iberoid.com\/fr\/product\/pack3-t-mix-sustanon\/#primaryimage"},"image":{"@id":"https:\/\/iberoid.com\/fr\/product\/pack3-t-mix-sustanon\/#primaryimage"},"thumbnailUrl":"https:\/\/iberoid.com\/wp-content\/uploads\/2023\/03\/tmix.jpg?v=1699545811","datePublished":"2023-08-01T14:06:23+00:00","dateModified":"2025-12-30T14:53:46+00:00","description":"PACK3 T MIX \/ SUSTANON is an injectable anabolic steroid that contains a blend of four different testosterone esters, including testosterone propionate,","breadcrumb":{"@id":"https:\/\/iberoid.com\/fr\/product\/pack3-t-mix-sustanon\/#breadcrumb"},"inLanguage":"fr-FR","potentialAction":[{"@type":"ReadAction","target":[["https:\/\/iberoid.com\/fr\/product\/pack3-t-mix-sustanon\/"]]}]},{"@type":"ImageObject","inLanguage":"fr-FR","@id":"https:\/\/iberoid.com\/fr\/product\/pack3-t-mix-sustanon\/#primaryimage","url":"https:\/\/iberoid.com\/wp-content\/uploads\/2023\/03\/tmix.jpg?v=1699545811","contentUrl":"https:\/\/iberoid.com\/wp-content\/uploads\/2023\/03\/tmix.jpg?v=1699545811","width":466,"height":642,"caption":"PACK3 T MIX \/ SUSTANON"},{"@type":"BreadcrumbList","@id":"https:\/\/iberoid.com\/fr\/product\/pack3-t-mix-sustanon\/#breadcrumb","itemListElement":[{"@type":"ListItem","position":1,"name":"Portada","item":"https:\/\/iberoid.com\/fr\/"},{"@type":"ListItem","position":2,"name":"Magasin","item":"https:\/\/iberoid.com\/fr\/shop\/"},{"@type":"ListItem","position":3,"name":"PACK3 T MIX \/ SUSTANON"}]},{"@type":"WebSite","@id":"https:\/\/iberoid.com\/fr\/#website","url":"https:\/\/iberoid.com\/fr\/","name":"(Espa\u00f1ol) Esteroides en l\u00ednea","description":"(Espa\u00f1ol) Comprar esteroides en l\u00ednea hoy en Espa\u00f1a y Portugal. Tenemos el mejor servicio al cliente en la industria y los productos de la m\u00e1s alta calidad","potentialAction":[{"@type":"SearchAction","target":{"@type":"EntryPoint","urlTemplate":"https:\/\/iberoid.com\/fr\/?s={search_term_string}"},"query-input":{"@type":"PropertyValueSpecification","valueRequired":true,"valueName":"search_term_string"}}],"inLanguage":"fr-FR"}]},"product_brand":"Muscle Pharm","product_price_amount":"55.00","product_price_currency":"EUR","og_availability":"out of stock","product_availability":"out of stock","product_condition":"new"},"_links":{"self":[{"href":"https:\/\/iberoid.com\/fr\/wp-json\/wp\/v2\/product\/8772","targetHints":{"allow":["GET"]}}],"collection":[{"href":"https:\/\/iberoid.com\/fr\/wp-json\/wp\/v2\/product"}],"about":[{"href":"https:\/\/iberoid.com\/fr\/wp-json\/wp\/v2\/types\/product"}],"replies":[{"embeddable":true,"href":"https:\/\/iberoid.com\/fr\/wp-json\/wp\/v2\/comments?post=8772"}],"wp:featuredmedia":[{"embeddable":true,"href":"https:\/\/iberoid.com\/fr\/wp-json\/wp\/v2\/media\/8397"}],"wp:attachment":[{"href":"https:\/\/iberoid.com\/fr\/wp-json\/wp\/v2\/media?parent=8772"}],"wp:term":[{"taxonomy":"product_brand","embeddable":true,"href":"https:\/\/iberoid.com\/fr\/wp-json\/wp\/v2\/product_brand?post=8772"},{"taxonomy":"product_cat","embeddable":true,"href":"https:\/\/iberoid.com\/fr\/wp-json\/wp\/v2\/product_cat?post=8772"},{"taxonomy":"product_tag","embeddable":true,"href":"https:\/\/iberoid.com\/fr\/wp-json\/wp\/v2\/product_tag?post=8772"}],"curies":[{"name":"wp","href":"https:\/\/api.w.org\/{rel}","templated":true}]}}