{"id":8778,"date":"2023-08-01T14:28:22","date_gmt":"2023-08-01T14:28:22","guid":{"rendered":"https:\/\/iberoid.com\/?post_type=product&#038;p=8778"},"modified":"2024-02-01T20:39:48","modified_gmt":"2024-02-01T20:39:48","slug":"pack2-stanozolol10mgx-100-tablets-sp-laboratory","status":"publish","type":"product","link":"https:\/\/iberoid.com\/fr\/product\/pack2-stanozolol10mgx-100-tablets-sp-laboratory\/","title":{"rendered":"PACK2. SP-STANOZOLOL 10mg X 100 tablets"},"content":{"rendered":"<p>SP Stanozolol\u00a0est le nom de marque de la substance active du m\u00eame nom\u00a0:\u00a0Stanozolol. Il s\u2019agit d\u2019un st\u00e9ro\u00efde extr\u00eamement c\u00e9l\u00e8bre en raison de ses propri\u00e9t\u00e9s \u00e9tonnantes et uniques en mati\u00e8re d\u2019am\u00e9lioration du physique et des performances. Pour cette raison,\u00a0Stanozolol\u00a0qui est mieux connu sous le nom de\u00a0Winstrol\u00a0est l&rsquo;un des st\u00e9ro\u00efdes les plus c\u00e9l\u00e8bres et les plus utilis\u00e9s, \u00e9tant dans le top 3 des st\u00e9ro\u00efdes les plus utilis\u00e9s et consid\u00e9r\u00e9 comme l&rsquo;un des meilleurs st\u00e9ro\u00efdes existants \u00e0 des fins de coupe.<\/p>\n<p>SP Stanozolol\u00a0contenant le principe actif\u00a0Stanozolol\u00a0est fabriqu\u00e9 par\u00a0SP Laboratories\u00a0et est consid\u00e9r\u00e9 comme la version g\u00e9n\u00e9rique de\u00a0Winstrol\u00a0c&rsquo;est pourquoi vous pouvez \u00e9conomiser beaucoup d&rsquo;argent en achetant ce produit sp\u00e9cifique en raison de ses prix tr\u00e8s bas, mais en fin de compte, vous recevez exactement le m\u00eame prix. produit sous un nom diff\u00e9rent, mais exactement la m\u00eame substance active et le m\u00eame produit de haute qualit\u00e9.<\/p>\n<p>Ce produit se pr\u00e9sente sous forme de comprim\u00e9s oraux, qui constituent de loin la forme d\u2019administration la plus utilis\u00e9e. Il existe \u00e9galement une forme injectable de Stanozolol, \u00e9galement appel\u00e9e Stanozolol Depot ou Winstrol Depot, vendue sous le nom de SP Stanoject par SP Laboratories. N\u00e9anmoins,\u00a0Stanozolol\u00a0sous forme de comprim\u00e9s est de loin pr\u00e9f\u00e9r\u00e9.<\/p>\n<p>Il s&rsquo;agit d&rsquo;un st\u00e9ro\u00efde anabolisant et androg\u00e8ne (AAS) d\u00e9riv\u00e9 de la dihydrotestost\u00e9rone (DHT) et qui est tr\u00e8s populaire historiquement et de nos jours \u00e0 des fins d&rsquo;am\u00e9lioration du physique et des performances, plus particuli\u00e8rement pour la coupe et le durcissement. Le produit a \u00e9t\u00e9 d\u00e9couvert il y a de nombreuses ann\u00e9es dans les ann\u00e9es 1960 et, bien que dans le pass\u00e9 il ait eu certaines utilisations m\u00e9dicales, il n&rsquo;est aujourd&rsquo;hui utilis\u00e9 que comme\u00a0m\u00e9dicament am\u00e9liorant les performances (PED)\u00a0ou en m\u00e9decine v\u00e9t\u00e9rinaire.<\/p>\n<p>Combien de temps Winstrol reste-t-il dans votre syst\u00e8me ? | Demi-vie du stanozolol<\/p>\n<p>On pense que Oral\u00a0Winstrol\u00a0reste dans votre syst\u00e8me pendant environ 10 heures seulement, en raison de sa demi-vie qui n&rsquo;est que d&rsquo;environ 4 \u00e0 5 heures. La demi-vie est le temps pendant lequel la moiti\u00e9 du produit est \u00e9limin\u00e9e du syst\u00e8me et, en tenant compte du fait que Stanozolol\u00a0&#8211;\u00a0Winstrol par voie orale a une demi-vie de 4 \u00e0 5 heures, il reste actif dans votre syst\u00e8me pendant pas plus de 10 heures. .<\/p>\n<p>Le\u00a0Stanozolol injectable\u00a0a une demi-vie un peu plus longue mais reste assez courte pour un st\u00e9ro\u00efde injectable. Il offre une demi-vie d\u2019environ 18 \u00e0 24 heures, ce qui signifie que la vie active n\u2019est que de 36 \u00e0 48 heures. Quoi qu\u2019il en soit, ce produit sp\u00e9cifique se pr\u00e9sente sous forme de comprim\u00e9s.<\/p>\n<p>\u00c0 quoi sert Stanozolol\u00a0? | Que fait Stanozolol ? | Que fait Winstrol ?<\/p>\n<p>Comme cela a \u00e9t\u00e9 mentionn\u00e9, le\u00a0Stanozolol\u00a0est aujourd&rsquo;hui officiellement utilis\u00e9 exclusivement comme m\u00e9dicament v\u00e9t\u00e9rinaire. Cependant, dans le pass\u00e9, il a \u00e9t\u00e9 utilis\u00e9 avec un certain succ\u00e8s dans le traitement de l\u2019insuffisance veineuse. Le produit stimule la fibrinolyse sanguine et c&rsquo;est pourquoi il a \u00e9galement \u00e9t\u00e9 \u00e9tudi\u00e9 pour d&rsquo;autres utilisations m\u00e9dicales.<\/p>\n<p>N\u00e9anmoins, de nos jours, le produit est le plus largement utilis\u00e9 \u00e0 des fins d\u2019am\u00e9lioration du physique et des performances. En fait, pour \u00eatre plus pr\u00e9cis, \u00e0 des fins de coupe et de durcissement. Cet\u00a0AAS\u00a0est extr\u00eamement c\u00e9l\u00e8bre car il est consid\u00e9r\u00e9 comme l&rsquo;un des st\u00e9ro\u00efdes les meilleurs et les plus utiles \u00e0 ces fins. Il pr\u00e9sente des modifications structurelles uniques, des changements au niveau de l&rsquo;anneau A qui offrent des propri\u00e9t\u00e9s et des capacit\u00e9s de coupe \u00e9tonnantes.<\/p>\n<p>Stanozolol\u00a0a un indice anabolique de 320 et est super favorable par rapport \u00e0 un indice androg\u00e8ne de 30. Et \u00e9tant un d\u00e9riv\u00e9 de\u00a0DHT,\u00a0n&rsquo;a pas d&rsquo;aromatisation. Tout cela fait que\u00a0SP Stanozolol\u00a0est tr\u00e8s utile pour pr\u00e9server la masse musculaire, offrir un peu de gain musculaire (masse musculaire maigre uniquement) et aide grandement \u00e0 perdre de la graisse corporelle suppl\u00e9mentaire.<\/p>\n<p>Cela \u00e9tant dit,\u00a0Stanozolol\u00a0&#8211;\u00a0Winstrol\u00a0est rarement utilis\u00e9 dans les cycles de prise de masse, principalement parce qu&rsquo;il existe d&rsquo;autres st\u00e9ro\u00efdes et d&rsquo;autres options qui peuvent bien mieux aider \u00e0 ces fins. Mais il n&rsquo;y a presque rien de mieux pour couper que le Stanozolol. Le seul produit dont la puissance pourrait d\u00e9passer le Stanozolol \u00e0 de telles fins est le Trenbolone, mais ce st\u00e9ro\u00efde est consid\u00e9r\u00e9 comme tr\u00e8s dangereux.<\/p>","protected":false},"excerpt":{"rendered":"<p>SP Stanozolol\u00a0est le nom de marque de la substance active du m\u00eame nom\u00a0:\u00a0Stanozolol. Il s\u2019agit d\u2019un st\u00e9ro\u00efde extr\u00eamement c\u00e9l\u00e8bre en<\/p>\n","protected":false},"featured_media":8776,"comment_status":"open","ping_status":"closed","template":"","meta":[],"product_brand":[],"product_cat":[3474],"product_tag":[],"class_list":{"0":"post-8778","1":"product","2":"type-product","3":"status-publish","4":"has-post-thumbnail","6":"product_cat-packs","8":"first","9":"outofstock","10":"sale","11":"shipping-taxable","12":"purchasable","13":"product-type-simple"},"yoast_head":"<!-- This site is optimized with the Yoast SEO Premium plugin v24.4 (Yoast SEO v27.3) - https:\/\/yoast.com\/product\/yoast-seo-premium-wordpress\/ -->\n<title>PACK2. SP-STANOZOLOL 10mg X 100 tablets - (Espa\u00f1ol) Esteroides en l\u00ednea<\/title>\n<meta name=\"robots\" content=\"index, follow, max-snippet:-1, max-image-preview:large, max-video-preview:-1\" \/>\n<link rel=\"canonical\" href=\"https:\/\/iberoid.com\/fr\/product\/pack2-stanozolol10mgx-100-tablets-sp-laboratory\/\" \/>\n<meta property=\"og:locale\" content=\"fr_FR\" \/>\n<meta property=\"og:type\" content=\"article\" \/>\n<meta property=\"og:title\" content=\"PACK2. SP-STANOZOLOL 10mg X 100 tablets\" \/>\n<meta property=\"og:description\" content=\"SP Stanozolol\u00a0est le nom de marque de la substance active du m\u00eame nom\u00a0:\u00a0Stanozolol. Il s\u2019agit d\u2019un st\u00e9ro\u00efde extr\u00eamement c\u00e9l\u00e8bre en\" \/>\n<meta property=\"og:url\" content=\"https:\/\/iberoid.com\/fr\/product\/pack2-stanozolol10mgx-100-tablets-sp-laboratory\/\" \/>\n<meta property=\"og:site_name\" content=\"(Espa\u00f1ol) Esteroides en l\u00ednea\" \/>\n<meta property=\"article:modified_time\" content=\"2024-02-01T20:39:48+00:00\" \/>\n<meta property=\"og:image\" content=\"https:\/\/iberoid.com\/wp-content\/uploads\/2023\/08\/product_168551689158cd2.png?v=1690899601\" \/>\n\t<meta property=\"og:image:width\" content=\"388\" \/>\n\t<meta property=\"og:image:height\" content=\"259\" \/>\n\t<meta property=\"og:image:type\" content=\"image\/png\" \/>\n<meta name=\"twitter:card\" content=\"summary_large_image\" \/>\n<meta name=\"twitter:label1\" content=\"Prix\" \/>\n\t<meta name=\"twitter:data1\" content=\"&euro;55.00\" \/>\n\t<meta name=\"twitter:label2\" content=\"Disponibilit\u00e9\" \/>\n\t<meta name=\"twitter:data2\" content=\"Rupture de stock\" \/>\n<script type=\"application\/ld+json\" class=\"yoast-schema-graph\">{\"@context\":\"https:\\\/\\\/schema.org\",\"@graph\":[{\"@type\":\"WebPage\",\"@id\":\"https:\\\/\\\/iberoid.com\\\/fr\\\/product\\\/pack2-stanozolol10mgx-100-tablets-sp-laboratory\\\/\",\"url\":\"https:\\\/\\\/iberoid.com\\\/fr\\\/product\\\/pack2-stanozolol10mgx-100-tablets-sp-laboratory\\\/\",\"name\":\"PACK2. SP-STANOZOLOL 10mg X 100 tablets - (Espa\u00f1ol) Esteroides en l\u00ednea\",\"isPartOf\":{\"@id\":\"https:\\\/\\\/iberoid-shop.com\\\/#website\"},\"primaryImageOfPage\":{\"@id\":\"https:\\\/\\\/iberoid.com\\\/fr\\\/product\\\/pack2-stanozolol10mgx-100-tablets-sp-laboratory\\\/#primaryimage\"},\"image\":{\"@id\":\"https:\\\/\\\/iberoid.com\\\/fr\\\/product\\\/pack2-stanozolol10mgx-100-tablets-sp-laboratory\\\/#primaryimage\"},\"thumbnailUrl\":\"https:\\\/\\\/iberoid.com\\\/wp-content\\\/uploads\\\/2023\\\/08\\\/product_168551689158cd2.png?v=1690899601\",\"datePublished\":\"2023-08-01T14:28:22+00:00\",\"dateModified\":\"2024-02-01T20:39:48+00:00\",\"breadcrumb\":{\"@id\":\"https:\\\/\\\/iberoid.com\\\/fr\\\/product\\\/pack2-stanozolol10mgx-100-tablets-sp-laboratory\\\/#breadcrumb\"},\"inLanguage\":\"fr-FR\",\"potentialAction\":[{\"@type\":\"ReadAction\",\"target\":[[\"https:\\\/\\\/iberoid.com\\\/fr\\\/product\\\/pack2-stanozolol10mgx-100-tablets-sp-laboratory\\\/\"]]}]},{\"@type\":\"ImageObject\",\"inLanguage\":\"fr-FR\",\"@id\":\"https:\\\/\\\/iberoid.com\\\/fr\\\/product\\\/pack2-stanozolol10mgx-100-tablets-sp-laboratory\\\/#primaryimage\",\"url\":\"https:\\\/\\\/iberoid.com\\\/wp-content\\\/uploads\\\/2023\\\/08\\\/product_168551689158cd2.png?v=1690899601\",\"contentUrl\":\"https:\\\/\\\/iberoid.com\\\/wp-content\\\/uploads\\\/2023\\\/08\\\/product_168551689158cd2.png?v=1690899601\",\"width\":388,\"height\":259},{\"@type\":\"BreadcrumbList\",\"@id\":\"https:\\\/\\\/iberoid.com\\\/fr\\\/product\\\/pack2-stanozolol10mgx-100-tablets-sp-laboratory\\\/#breadcrumb\",\"itemListElement\":[{\"@type\":\"ListItem\",\"position\":1,\"name\":\"Portada\",\"item\":\"https:\\\/\\\/iberoid.com\\\/fr\\\/\"},{\"@type\":\"ListItem\",\"position\":2,\"name\":\"Magasin\",\"item\":\"https:\\\/\\\/iberoid.com\\\/fr\\\/shop\\\/\"},{\"@type\":\"ListItem\",\"position\":3,\"name\":\"PACK2. SP-STANOZOLOL 10mg X 100 tablets\"}]},{\"@type\":\"WebSite\",\"@id\":\"https:\\\/\\\/iberoid-shop.com\\\/#website\",\"url\":\"https:\\\/\\\/iberoid-shop.com\\\/\",\"name\":\"(Espa\u00f1ol) Esteroides en l\u00ednea\",\"description\":\"(Espa\u00f1ol) Comprar esteroides en l\u00ednea hoy en Espa\u00f1a y Portugal. Tenemos el mejor servicio al cliente en la industria y los productos de la m\u00e1s alta calidad\",\"potentialAction\":[{\"@type\":\"SearchAction\",\"target\":{\"@type\":\"EntryPoint\",\"urlTemplate\":\"https:\\\/\\\/iberoid-shop.com\\\/?s={search_term_string}\"},\"query-input\":{\"@type\":\"PropertyValueSpecification\",\"valueRequired\":true,\"valueName\":\"search_term_string\"}}],\"inLanguage\":\"fr-FR\"}]}<\/script>\n<meta property=\"product:brand\" content=\"SP Laboratories\" \/>\n<meta property=\"product:price:amount\" content=\"55.00\" \/>\n<meta property=\"product:price:currency\" content=\"EUR\" \/>\n<meta property=\"og:availability\" content=\"out of stock\" \/>\n<meta property=\"product:availability\" content=\"out of stock\" \/>\n<meta property=\"product:condition\" content=\"new\" \/>\n<!-- \/ Yoast SEO Premium plugin. -->","yoast_head_json":{"title":"PACK2. SP-STANOZOLOL 10mg X 100 tablets - (Espa\u00f1ol) Esteroides en l\u00ednea","robots":{"index":"index","follow":"follow","max-snippet":"max-snippet:-1","max-image-preview":"max-image-preview:large","max-video-preview":"max-video-preview:-1"},"canonical":"https:\/\/iberoid.com\/fr\/product\/pack2-stanozolol10mgx-100-tablets-sp-laboratory\/","og_locale":"fr_FR","og_type":"article","og_title":"PACK2. SP-STANOZOLOL 10mg X 100 tablets","og_description":"SP Stanozolol\u00a0est le nom de marque de la substance active du m\u00eame nom\u00a0:\u00a0Stanozolol. Il s\u2019agit d\u2019un st\u00e9ro\u00efde extr\u00eamement c\u00e9l\u00e8bre en","og_url":"https:\/\/iberoid.com\/fr\/product\/pack2-stanozolol10mgx-100-tablets-sp-laboratory\/","og_site_name":"(Espa\u00f1ol) Esteroides en l\u00ednea","article_modified_time":"2024-02-01T20:39:48+00:00","og_image":[{"width":388,"height":259,"url":"https:\/\/iberoid.com\/wp-content\/uploads\/2023\/08\/product_168551689158cd2.png?v=1690899601","type":"image\/png"}],"twitter_card":"summary_large_image","twitter_misc":{"Prix":"&euro;55.00","Disponibilit\u00e9":"Rupture de stock"},"schema":{"@context":"https:\/\/schema.org","@graph":[{"@type":"WebPage","@id":"https:\/\/iberoid.com\/fr\/product\/pack2-stanozolol10mgx-100-tablets-sp-laboratory\/","url":"https:\/\/iberoid.com\/fr\/product\/pack2-stanozolol10mgx-100-tablets-sp-laboratory\/","name":"PACK2. SP-STANOZOLOL 10mg X 100 tablets - (Espa\u00f1ol) Esteroides en l\u00ednea","isPartOf":{"@id":"https:\/\/iberoid-shop.com\/#website"},"primaryImageOfPage":{"@id":"https:\/\/iberoid.com\/fr\/product\/pack2-stanozolol10mgx-100-tablets-sp-laboratory\/#primaryimage"},"image":{"@id":"https:\/\/iberoid.com\/fr\/product\/pack2-stanozolol10mgx-100-tablets-sp-laboratory\/#primaryimage"},"thumbnailUrl":"https:\/\/iberoid.com\/wp-content\/uploads\/2023\/08\/product_168551689158cd2.png?v=1690899601","datePublished":"2023-08-01T14:28:22+00:00","dateModified":"2024-02-01T20:39:48+00:00","breadcrumb":{"@id":"https:\/\/iberoid.com\/fr\/product\/pack2-stanozolol10mgx-100-tablets-sp-laboratory\/#breadcrumb"},"inLanguage":"fr-FR","potentialAction":[{"@type":"ReadAction","target":[["https:\/\/iberoid.com\/fr\/product\/pack2-stanozolol10mgx-100-tablets-sp-laboratory\/"]]}]},{"@type":"ImageObject","inLanguage":"fr-FR","@id":"https:\/\/iberoid.com\/fr\/product\/pack2-stanozolol10mgx-100-tablets-sp-laboratory\/#primaryimage","url":"https:\/\/iberoid.com\/wp-content\/uploads\/2023\/08\/product_168551689158cd2.png?v=1690899601","contentUrl":"https:\/\/iberoid.com\/wp-content\/uploads\/2023\/08\/product_168551689158cd2.png?v=1690899601","width":388,"height":259},{"@type":"BreadcrumbList","@id":"https:\/\/iberoid.com\/fr\/product\/pack2-stanozolol10mgx-100-tablets-sp-laboratory\/#breadcrumb","itemListElement":[{"@type":"ListItem","position":1,"name":"Portada","item":"https:\/\/iberoid.com\/fr\/"},{"@type":"ListItem","position":2,"name":"Magasin","item":"https:\/\/iberoid.com\/fr\/shop\/"},{"@type":"ListItem","position":3,"name":"PACK2. SP-STANOZOLOL 10mg X 100 tablets"}]},{"@type":"WebSite","@id":"https:\/\/iberoid-shop.com\/#website","url":"https:\/\/iberoid-shop.com\/","name":"(Espa\u00f1ol) Esteroides en l\u00ednea","description":"(Espa\u00f1ol) Comprar esteroides en l\u00ednea hoy en Espa\u00f1a y Portugal. Tenemos el mejor servicio al cliente en la industria y los productos de la m\u00e1s alta calidad","potentialAction":[{"@type":"SearchAction","target":{"@type":"EntryPoint","urlTemplate":"https:\/\/iberoid-shop.com\/?s={search_term_string}"},"query-input":{"@type":"PropertyValueSpecification","valueRequired":true,"valueName":"search_term_string"}}],"inLanguage":"fr-FR"}]},"product_brand":"SP Laboratories","product_price_amount":"55.00","product_price_currency":"EUR","og_availability":"out of stock","product_availability":"out of stock","product_condition":"new"},"_links":{"self":[{"href":"https:\/\/iberoid.com\/fr\/wp-json\/wp\/v2\/product\/8778","targetHints":{"allow":["GET"]}}],"collection":[{"href":"https:\/\/iberoid.com\/fr\/wp-json\/wp\/v2\/product"}],"about":[{"href":"https:\/\/iberoid.com\/fr\/wp-json\/wp\/v2\/types\/product"}],"replies":[{"embeddable":true,"href":"https:\/\/iberoid.com\/fr\/wp-json\/wp\/v2\/comments?post=8778"}],"wp:featuredmedia":[{"embeddable":true,"href":"https:\/\/iberoid.com\/fr\/wp-json\/wp\/v2\/media\/8776"}],"wp:attachment":[{"href":"https:\/\/iberoid.com\/fr\/wp-json\/wp\/v2\/media?parent=8778"}],"wp:term":[{"taxonomy":"product_brand","embeddable":true,"href":"https:\/\/iberoid.com\/fr\/wp-json\/wp\/v2\/product_brand?post=8778"},{"taxonomy":"product_cat","embeddable":true,"href":"https:\/\/iberoid.com\/fr\/wp-json\/wp\/v2\/product_cat?post=8778"},{"taxonomy":"product_tag","embeddable":true,"href":"https:\/\/iberoid.com\/fr\/wp-json\/wp\/v2\/product_tag?post=8778"}],"curies":[{"name":"wp","href":"https:\/\/api.w.org\/{rel}","templated":true}]}}