{"id":8789,"date":"2023-08-05T13:46:25","date_gmt":"2023-08-05T13:46:25","guid":{"rendered":"https:\/\/iberoid.com\/?post_type=product&#038;p=8789"},"modified":"2024-07-06T17:10:59","modified_gmt":"2024-07-06T17:10:59","slug":"winstrol50-mg-50-tabs-pharmagen","status":"publish","type":"product","link":"https:\/\/iberoid.com\/fr\/product\/winstrol50-mg-50-tabs-pharmagen\/","title":{"rendered":"WINSTROL 50 MG\/50 TABS"},"content":{"rendered":"<p>Avantages de Winstrol \u2013 \u00c0 quoi sert Winstrol ?<br \/>\nWinstrol, ou Winny, est l\u2019un des st\u00e9ro\u00efdes anabolisants connus qui est utilis\u00e9 pour diverses raisons et avantages. C&rsquo;est une attraction pour ceux qui sont tr\u00e8s clairs sur leurs objectifs de remise en forme d\u00e9finis. Winstrol a toujours \u00e9t\u00e9 un choix de premier ordre et un moyen efficace pour aider les amateurs de fitness \u00e0 r\u00e9duire la graisse tout en cr\u00e9ant un physique plus mince et plus fort. Winstrol a certainement des r\u00e9sultats efficaces, mais les utilisateurs doivent toujours faire leurs propres recherches approfondies avant de d\u00e9finir leurs dosages. S\u2019il est associ\u00e9 \u00e0 un r\u00e9gime alimentaire appropri\u00e9 et \u00e0 un programme d\u2019entra\u00eenement appropri\u00e9, Winstrol produira d\u2019excellents r\u00e9sultats. Bien que Winny ait presque compl\u00e8tement disparu des \u00e9tag\u00e8res, le nombre de personnes qui parviennent \u00e0 l&rsquo;utiliser est une preuve suffisante de sa popularit\u00e9 parmi les utilisateurs en raison de ses effets positifs sur le b\u00e2timent physique. En plus d&rsquo;utiliser Winstrol pour gagner de la masse musculaire, les pilules Winstrol ont \u00e9galement \u00e9t\u00e9 utilis\u00e9es pour d&rsquo;autres avantages r\u00e9pertori\u00e9s ci-dessous\u00a0:<\/p>\n<p>Pour augmenter la force<\/p>\n<p>Winstrol est l\u2019un des st\u00e9ro\u00efdes anabolisants qui arrive en t\u00eate de liste lorsqu\u2019il s\u2019agit d\u2019am\u00e9liorer les performances, en particulier dans les circuits sportifs. Les utilisateurs ont signal\u00e9 que Winstrol avait offert une augmentation spectaculaire de leur force physique ainsi qu&rsquo;une augmentation notable de leur volume ou de leur masse musculaire. Winny est g\u00e9n\u00e9ralement utilis\u00e9 par les bodybuilders pour gagner en vitesse et en force tout en conservant une masse musculaire maigre et un physique d\u00e9chir\u00e9 au lieu d&rsquo;avoir l&rsquo;air extr\u00eamement volumineux.<\/p>\n<p>Synth\u00e8se du collag\u00e8ne<\/p>\n<p>Des \u00e9tudes cliniques ont sugg\u00e9r\u00e9 que l\u2019utilisation de Winstrol entra\u00eenait une augmentation de la synth\u00e8se du collag\u00e8ne. Bien que la p\u00e9riode de r\u00e9cup\u00e9ration soit une partie importante apr\u00e8s l&rsquo;entra\u00eenement, de la m\u00eame mani\u00e8re, une gu\u00e9rison rapide des blessures et la r\u00e9paration des tissus sont essentielles, ce qui peut \u00eatre effectu\u00e9 efficacement gr\u00e2ce \u00e0 la synth\u00e8se du collag\u00e8ne.<\/p>\n<p>Pour durcir les muscles<br \/>\nContrairement \u00e0 d\u2019autres compos\u00e9s anabolisants sur le march\u00e9, Winstrol ass\u00e8che correctement les utilisateurs. Pour clarifier la d\u00e9claration, ce s\u00e9chage est en fait le terme souvent utilis\u00e9 pour d\u00e9signer les r\u00e9sultats maigres que les utilisateurs obtiennent du dosage avec Winny. Le Winstrol est principalement utilis\u00e9 par les bodybuilders car il rend les muscles plus fibreux et plus durs. Avec son utilisation r\u00e9guli\u00e8re, la taille sera plus ajust\u00e9e avec des delto\u00efdes bien sculpt\u00e9s. L\u2019utilisation de ce st\u00e9ro\u00efde anabolisant masquait \u00e9galement bien l\u2019apparition de toute mollesse et r\u00e9tention d\u2019eau dans le processus de prise de muscle.<\/p>\n<p>Pour r\u00e9duire la SHBG<\/p>\n<p>La SHBG, Sex Hormone Binding Globulin, est consid\u00e9rablement r\u00e9duite lorsque Winstrol commence \u00e0 faire son travail. Ces effets sont plus \u00e9vidents lors de l\u2019utilisation de Winstrol par rapport aux r\u00e9sultats d\u2019autres st\u00e9ro\u00efdes anabolisants disponibles sur le march\u00e9. Il aide \u00e0 augmenter les niveaux de testost\u00e9rone libre dans le corps d\u00e8s le premier jour du cycle.<\/p>\n<p>Pour d\u00e9clencher la perte de graisse<\/p>\n<p>C\u2019est l\u2019une des utilisations importantes du Winstrol, car il est \u00e9galement consid\u00e9r\u00e9 comme un suppl\u00e9ment de perte de graisse efficace pour la plupart des personnes ayant un minimum de graisse corporelle. Cela fonctionne bien pour les personnes qui suivent une routine d\u2019entra\u00eenement stricte. En raison de ses propri\u00e9t\u00e9s de combustion des graisses, il n\u2019est pas surprenant qu\u2019il fonctionne si bien pour d\u00e9finir le physique des bodybuilders. Winstrol travaille \u00e9galement \u00e0 acc\u00e9l\u00e9rer le m\u00e9tabolisme tout en veillant \u00e0 ce que les muscles soient pr\u00e9serv\u00e9s au cours du processus.<\/p>\n<p>Pour assurer la pr\u00e9servation musculaire<\/p>\n<p>Chaque fois qu&rsquo;un bodybuilder commence \u00e0 effectuer un cycle de coupe, son objectif principal est d&rsquo;augmenter le cardio et de br\u00fbler les graisses au maximum en r\u00e9duisant \u00e9galement les calories. En faisant ce r\u00e9gime de perte de graisse, il est tr\u00e8s important de prot\u00e9ger les muscles, car en raison du d\u00e9ficit calorique, le corps finit par utiliser la graisse et les muscles comme carburant. Cependant, ce n\u2019est \u00e9videmment pas accueillant pour les bodybuilders. Pour cette raison, Stanozolol est tr\u00e8s appr\u00e9ci\u00e9 et consid\u00e9r\u00e9 comme un st\u00e9ro\u00efde efficace. Avec l&rsquo;utilisation de Winny, les utilisateurs aiment non seulement \u00e9liminer la graisse du corps tout en laissant et en pr\u00e9servant les muscles d\u00e9finis.<\/p>\n<p>Pour am\u00e9liorer les performances<\/p>\n<p>Une autre utilisation du Winstrol est d\u2019am\u00e9liorer les performances et l\u2019endurance. Winstrol a \u00e9t\u00e9 initialement con\u00e7u pour lutter contre l\u2019an\u00e9mie, car le stanozolol chimique est parfait pour augmenter le nombre de globules rouges dans le corps. Ce processus n\u2019est pas seulement utile en g\u00e9n\u00e9ral pour les gens, mais il est \u00e9galement utile pour les bodybuilders. L&rsquo;oxyg\u00e8ne et les nutriments sont transport\u00e9s dans tout le corps par la circulation sanguine. Plus les cellules circulent avec les nutriments, plus l&rsquo;\u00e9nergie circule dans le corps et plus vous pouvez pousser vos muscles et votre corps \u00e0 travailler. Winstrol aide les halt\u00e9rophiles \u00e0 augmenter leur capacit\u00e9 \u00e0 soulever des poids et \u00e0 faire de l&rsquo;exercice pendant de plus longues p\u00e9riodes avec moins de fatigue musculaire et une r\u00e9cup\u00e9ration plus rapide.<\/p>\n<p>Cycle Winstrol<\/p>\n<p>L\u2019une des parties int\u00e9ressantes de cette revue est de discuter de la meilleure fa\u00e7on de faire Winstrol Cycle. Le cycle standard de Winstrol dure entre 4 et 6 semaines. Ex\u00e9cuter un cycle au-del\u00e0 de cette p\u00e9riode habituelle peut provoquer une h\u00e9patoxicit\u00e9. Lors de l\u2019utilisation du cycle Winstrol, il est recommand\u00e9 d\u2019utiliser des suppl\u00e9ments et des produits de soutien qui aident \u00e0 prot\u00e9ger le foie et d\u2019autres organes du corps contre les effets nocifs.<\/p>","protected":false},"excerpt":{"rendered":"<p>Avantages de Winstrol \u2013 \u00c0 quoi sert Winstrol ? Winstrol, ou Winny, est l\u2019un des st\u00e9ro\u00efdes anabolisants connus qui est<\/p>\n","protected":false},"featured_media":8791,"comment_status":"open","ping_status":"closed","template":"","meta":[],"product_brand":[],"product_cat":[73],"product_tag":[],"class_list":{"0":"post-8789","1":"product","2":"type-product","3":"status-publish","4":"has-post-thumbnail","6":"product_cat-ssteroides_orales","8":"first","9":"outofstock","10":"shipping-taxable","11":"purchasable","12":"product-type-simple"},"yoast_head":"<!-- This site is optimized with the Yoast SEO Premium plugin v24.4 (Yoast SEO v27.3) - https:\/\/yoast.com\/product\/yoast-seo-premium-wordpress\/ -->\n<title>WINSTROL 50 MG\/50 TABS - (Espa\u00f1ol) Esteroides en l\u00ednea<\/title>\n<meta name=\"robots\" content=\"index, follow, max-snippet:-1, max-image-preview:large, max-video-preview:-1\" \/>\n<link rel=\"canonical\" href=\"https:\/\/iberoid.com\/fr\/product\/winstrol50-mg-50-tabs-pharmagen\/\" \/>\n<meta property=\"og:locale\" content=\"fr_FR\" \/>\n<meta property=\"og:type\" content=\"article\" \/>\n<meta property=\"og:title\" content=\"WINSTROL 50 MG\/50 TABS\" \/>\n<meta property=\"og:description\" content=\"Avantages de Winstrol \u2013 \u00c0 quoi sert Winstrol ? Winstrol, ou Winny, est l\u2019un des st\u00e9ro\u00efdes anabolisants connus qui est\" \/>\n<meta property=\"og:url\" content=\"https:\/\/iberoid.com\/fr\/product\/winstrol50-mg-50-tabs-pharmagen\/\" \/>\n<meta property=\"og:site_name\" content=\"(Espa\u00f1ol) Esteroides en l\u00ednea\" \/>\n<meta property=\"article:modified_time\" content=\"2024-07-06T17:10:59+00:00\" \/>\n<meta property=\"og:image\" content=\"https:\/\/iberoid.com\/wp-content\/uploads\/2023\/08\/winstrol-50mg.png?v=1691243215\" \/>\n\t<meta property=\"og:image:width\" content=\"1250\" \/>\n\t<meta property=\"og:image:height\" content=\"1100\" \/>\n\t<meta property=\"og:image:type\" content=\"image\/png\" \/>\n<meta name=\"twitter:card\" content=\"summary_large_image\" \/>\n<meta name=\"twitter:label1\" content=\"Prix\" \/>\n\t<meta name=\"twitter:data1\" content=\"&euro;40.00\" \/>\n\t<meta name=\"twitter:label2\" content=\"Disponibilit\u00e9\" \/>\n\t<meta name=\"twitter:data2\" content=\"Rupture de stock\" \/>\n<script type=\"application\/ld+json\" class=\"yoast-schema-graph\">{\"@context\":\"https:\\\/\\\/schema.org\",\"@graph\":[{\"@type\":\"WebPage\",\"@id\":\"https:\\\/\\\/iberoid.com\\\/fr\\\/product\\\/winstrol50-mg-50-tabs-pharmagen\\\/\",\"url\":\"https:\\\/\\\/iberoid.com\\\/fr\\\/product\\\/winstrol50-mg-50-tabs-pharmagen\\\/\",\"name\":\"WINSTROL 50 MG\\\/50 TABS - (Espa\u00f1ol) Esteroides en l\u00ednea\",\"isPartOf\":{\"@id\":\"https:\\\/\\\/iberoid.com\\\/fr\\\/#website\"},\"primaryImageOfPage\":{\"@id\":\"https:\\\/\\\/iberoid.com\\\/fr\\\/product\\\/winstrol50-mg-50-tabs-pharmagen\\\/#primaryimage\"},\"image\":{\"@id\":\"https:\\\/\\\/iberoid.com\\\/fr\\\/product\\\/winstrol50-mg-50-tabs-pharmagen\\\/#primaryimage\"},\"thumbnailUrl\":\"https:\\\/\\\/iberoid.com\\\/wp-content\\\/uploads\\\/2023\\\/08\\\/winstrol-50mg.png?v=1691243215\",\"datePublished\":\"2023-08-05T13:46:25+00:00\",\"dateModified\":\"2024-07-06T17:10:59+00:00\",\"breadcrumb\":{\"@id\":\"https:\\\/\\\/iberoid.com\\\/fr\\\/product\\\/winstrol50-mg-50-tabs-pharmagen\\\/#breadcrumb\"},\"inLanguage\":\"fr-FR\",\"potentialAction\":[{\"@type\":\"ReadAction\",\"target\":[[\"https:\\\/\\\/iberoid.com\\\/fr\\\/product\\\/winstrol50-mg-50-tabs-pharmagen\\\/\"]]}]},{\"@type\":\"ImageObject\",\"inLanguage\":\"fr-FR\",\"@id\":\"https:\\\/\\\/iberoid.com\\\/fr\\\/product\\\/winstrol50-mg-50-tabs-pharmagen\\\/#primaryimage\",\"url\":\"https:\\\/\\\/iberoid.com\\\/wp-content\\\/uploads\\\/2023\\\/08\\\/winstrol-50mg.png?v=1691243215\",\"contentUrl\":\"https:\\\/\\\/iberoid.com\\\/wp-content\\\/uploads\\\/2023\\\/08\\\/winstrol-50mg.png?v=1691243215\",\"width\":1250,\"height\":1100},{\"@type\":\"BreadcrumbList\",\"@id\":\"https:\\\/\\\/iberoid.com\\\/fr\\\/product\\\/winstrol50-mg-50-tabs-pharmagen\\\/#breadcrumb\",\"itemListElement\":[{\"@type\":\"ListItem\",\"position\":1,\"name\":\"Portada\",\"item\":\"https:\\\/\\\/iberoid.com\\\/fr\\\/\"},{\"@type\":\"ListItem\",\"position\":2,\"name\":\"Magasin\",\"item\":\"https:\\\/\\\/iberoid.com\\\/fr\\\/shop\\\/\"},{\"@type\":\"ListItem\",\"position\":3,\"name\":\"WINSTROL 50 MG\\\/50 TABS\"}]},{\"@type\":\"WebSite\",\"@id\":\"https:\\\/\\\/iberoid.com\\\/fr\\\/#website\",\"url\":\"https:\\\/\\\/iberoid.com\\\/fr\\\/\",\"name\":\"(Espa\u00f1ol) Esteroides en l\u00ednea\",\"description\":\"(Espa\u00f1ol) Comprar esteroides en l\u00ednea hoy en Espa\u00f1a y Portugal. Tenemos el mejor servicio al cliente en la industria y los productos de la m\u00e1s alta calidad\",\"potentialAction\":[{\"@type\":\"SearchAction\",\"target\":{\"@type\":\"EntryPoint\",\"urlTemplate\":\"https:\\\/\\\/iberoid.com\\\/fr\\\/?s={search_term_string}\"},\"query-input\":{\"@type\":\"PropertyValueSpecification\",\"valueRequired\":true,\"valueName\":\"search_term_string\"}}],\"inLanguage\":\"fr-FR\"}]}<\/script>\n<meta property=\"product:brand\" content=\"Pharmabol\" \/>\n<meta property=\"product:price:amount\" content=\"40.00\" \/>\n<meta property=\"product:price:currency\" content=\"EUR\" \/>\n<meta property=\"og:availability\" content=\"out of stock\" \/>\n<meta property=\"product:availability\" content=\"out of stock\" \/>\n<meta property=\"product:condition\" content=\"new\" \/>\n<!-- \/ Yoast SEO Premium plugin. -->","yoast_head_json":{"title":"WINSTROL 50 MG\/50 TABS - (Espa\u00f1ol) Esteroides en l\u00ednea","robots":{"index":"index","follow":"follow","max-snippet":"max-snippet:-1","max-image-preview":"max-image-preview:large","max-video-preview":"max-video-preview:-1"},"canonical":"https:\/\/iberoid.com\/fr\/product\/winstrol50-mg-50-tabs-pharmagen\/","og_locale":"fr_FR","og_type":"article","og_title":"WINSTROL 50 MG\/50 TABS","og_description":"Avantages de Winstrol \u2013 \u00c0 quoi sert Winstrol ? Winstrol, ou Winny, est l\u2019un des st\u00e9ro\u00efdes anabolisants connus qui est","og_url":"https:\/\/iberoid.com\/fr\/product\/winstrol50-mg-50-tabs-pharmagen\/","og_site_name":"(Espa\u00f1ol) Esteroides en l\u00ednea","article_modified_time":"2024-07-06T17:10:59+00:00","og_image":[{"width":1250,"height":1100,"url":"https:\/\/iberoid.com\/wp-content\/uploads\/2023\/08\/winstrol-50mg.png?v=1691243215","type":"image\/png"}],"twitter_card":"summary_large_image","twitter_misc":{"Prix":"&euro;40.00","Disponibilit\u00e9":"Rupture de stock"},"schema":{"@context":"https:\/\/schema.org","@graph":[{"@type":"WebPage","@id":"https:\/\/iberoid.com\/fr\/product\/winstrol50-mg-50-tabs-pharmagen\/","url":"https:\/\/iberoid.com\/fr\/product\/winstrol50-mg-50-tabs-pharmagen\/","name":"WINSTROL 50 MG\/50 TABS - (Espa\u00f1ol) Esteroides en l\u00ednea","isPartOf":{"@id":"https:\/\/iberoid.com\/fr\/#website"},"primaryImageOfPage":{"@id":"https:\/\/iberoid.com\/fr\/product\/winstrol50-mg-50-tabs-pharmagen\/#primaryimage"},"image":{"@id":"https:\/\/iberoid.com\/fr\/product\/winstrol50-mg-50-tabs-pharmagen\/#primaryimage"},"thumbnailUrl":"https:\/\/iberoid.com\/wp-content\/uploads\/2023\/08\/winstrol-50mg.png?v=1691243215","datePublished":"2023-08-05T13:46:25+00:00","dateModified":"2024-07-06T17:10:59+00:00","breadcrumb":{"@id":"https:\/\/iberoid.com\/fr\/product\/winstrol50-mg-50-tabs-pharmagen\/#breadcrumb"},"inLanguage":"fr-FR","potentialAction":[{"@type":"ReadAction","target":[["https:\/\/iberoid.com\/fr\/product\/winstrol50-mg-50-tabs-pharmagen\/"]]}]},{"@type":"ImageObject","inLanguage":"fr-FR","@id":"https:\/\/iberoid.com\/fr\/product\/winstrol50-mg-50-tabs-pharmagen\/#primaryimage","url":"https:\/\/iberoid.com\/wp-content\/uploads\/2023\/08\/winstrol-50mg.png?v=1691243215","contentUrl":"https:\/\/iberoid.com\/wp-content\/uploads\/2023\/08\/winstrol-50mg.png?v=1691243215","width":1250,"height":1100},{"@type":"BreadcrumbList","@id":"https:\/\/iberoid.com\/fr\/product\/winstrol50-mg-50-tabs-pharmagen\/#breadcrumb","itemListElement":[{"@type":"ListItem","position":1,"name":"Portada","item":"https:\/\/iberoid.com\/fr\/"},{"@type":"ListItem","position":2,"name":"Magasin","item":"https:\/\/iberoid.com\/fr\/shop\/"},{"@type":"ListItem","position":3,"name":"WINSTROL 50 MG\/50 TABS"}]},{"@type":"WebSite","@id":"https:\/\/iberoid.com\/fr\/#website","url":"https:\/\/iberoid.com\/fr\/","name":"(Espa\u00f1ol) Esteroides en l\u00ednea","description":"(Espa\u00f1ol) Comprar esteroides en l\u00ednea hoy en Espa\u00f1a y Portugal. Tenemos el mejor servicio al cliente en la industria y los productos de la m\u00e1s alta calidad","potentialAction":[{"@type":"SearchAction","target":{"@type":"EntryPoint","urlTemplate":"https:\/\/iberoid.com\/fr\/?s={search_term_string}"},"query-input":{"@type":"PropertyValueSpecification","valueRequired":true,"valueName":"search_term_string"}}],"inLanguage":"fr-FR"}]},"product_brand":"Pharmabol","product_price_amount":"40.00","product_price_currency":"EUR","og_availability":"out of stock","product_availability":"out of stock","product_condition":"new"},"_links":{"self":[{"href":"https:\/\/iberoid.com\/fr\/wp-json\/wp\/v2\/product\/8789","targetHints":{"allow":["GET"]}}],"collection":[{"href":"https:\/\/iberoid.com\/fr\/wp-json\/wp\/v2\/product"}],"about":[{"href":"https:\/\/iberoid.com\/fr\/wp-json\/wp\/v2\/types\/product"}],"replies":[{"embeddable":true,"href":"https:\/\/iberoid.com\/fr\/wp-json\/wp\/v2\/comments?post=8789"}],"wp:featuredmedia":[{"embeddable":true,"href":"https:\/\/iberoid.com\/fr\/wp-json\/wp\/v2\/media\/8791"}],"wp:attachment":[{"href":"https:\/\/iberoid.com\/fr\/wp-json\/wp\/v2\/media?parent=8789"}],"wp:term":[{"taxonomy":"product_brand","embeddable":true,"href":"https:\/\/iberoid.com\/fr\/wp-json\/wp\/v2\/product_brand?post=8789"},{"taxonomy":"product_cat","embeddable":true,"href":"https:\/\/iberoid.com\/fr\/wp-json\/wp\/v2\/product_cat?post=8789"},{"taxonomy":"product_tag","embeddable":true,"href":"https:\/\/iberoid.com\/fr\/wp-json\/wp\/v2\/product_tag?post=8789"}],"curies":[{"name":"wp","href":"https:\/\/api.w.org\/{rel}","templated":true}]}}