{"id":8820,"date":"2023-08-14T21:53:18","date_gmt":"2023-08-14T21:53:18","guid":{"rendered":"https:\/\/iberoid.com\/?post_type=product&#038;p=8820"},"modified":"2026-02-09T18:04:31","modified_gmt":"2026-02-09T18:04:31","slug":"pack3turinabol","status":"publish","type":"product","link":"https:\/\/iberoid.com\/fr\/product\/pack3turinabol\/","title":{"rendered":"PACK3 TURINABOL 100 tabs"},"content":{"rendered":"<p>Turinabol (Tbol en abr\u00e9g\u00e9) est le nom de marque du st\u00e9ro\u00efde anabolisant Chlorodehydromethyltestosterone, que vous pouvez acheter sous forme de comprim\u00e9s oraux. De plus, certaines marques peuvent le proposer sous le nom de Turanabol. Surtout, ce st\u00e9ro\u00efde aide \u00e0 d\u00e9velopper des muscles denses. Par cons\u00e9quent, les bodybuilders ach\u00e8tent souvent du Tbol pour les cycles de gain musculaire.<\/p>\n<p>Les caract\u00e9ristiques de 10 mg Tbol\u00a0:<br \/>\nune augmentation significative de la masse musculaire maigre et tendue ;<br \/>\nun soulagement musculaire am\u00e9lior\u00e9 ;<br \/>\npas de croissance du poids corporel\u00a0;<br \/>\npas d&rsquo;effet de r\u00e9tention d&rsquo;eau\u00a0;<br \/>\nune augmentation de la force et de l\u2019endurance.<br \/>\nLa posologie et l&rsquo;administration<\/p>\n<p>Tout d\u2019abord, la posologie du Turinabol d\u00e9pend du sexe. Les athl\u00e8tes masculins en prennent 20 \u00e0 50 mg par jour, les culturistes f\u00e9minines \u2015 2,5 \u00e0 10 mg. La plupart des sp\u00e9cialistes recommandent de l&rsquo;utiliser pendant 6 \u00e0 8 semaines. De plus, votre m\u00e9decin vous prescrira probablement le PCT. Pour \u00eatre plus clair, vous en aurez besoin pour normaliser la production de testost\u00e9rone naturelle et pr\u00e9server les r\u00e9sultats du cycle.<\/p>\n<p>Empilement avec Tbol<\/p>\n<p>En musculation, Turinabol est souvent associ\u00e9 \u00e0 d\u2019autres st\u00e9ro\u00efdes, par exemple avec la testost\u00e9rone ou le Winstrol.<\/p>","protected":false},"excerpt":{"rendered":"<p>Turinabol (Tbol en abr\u00e9g\u00e9) est le nom de marque du st\u00e9ro\u00efde anabolisant Chlorodehydromethyltestosterone, que vous pouvez acheter sous forme de<\/p>\n","protected":false},"featured_media":8822,"comment_status":"open","ping_status":"closed","template":"","meta":[],"product_brand":[],"product_cat":[73,3474],"product_tag":[],"class_list":{"0":"post-8820","1":"product","2":"type-product","3":"status-publish","4":"has-post-thumbnail","6":"product_cat-ssteroides_orales","7":"product_cat-packs","9":"first","10":"instock","11":"sale","12":"shipping-taxable","13":"purchasable","14":"product-type-simple"},"yoast_head":"<!-- This site is optimized with the Yoast SEO Premium plugin v24.4 (Yoast SEO v27.0) - https:\/\/yoast.com\/product\/yoast-seo-premium-wordpress\/ -->\n<title>PACK3 TURINABOL 100 tabs - (Espa\u00f1ol) Esteroides en l\u00ednea<\/title>\n<meta name=\"robots\" content=\"index, follow, max-snippet:-1, max-image-preview:large, max-video-preview:-1\" \/>\n<link rel=\"canonical\" href=\"https:\/\/iberoid.com\/fr\/product\/pack3turinabol\/\" \/>\n<meta property=\"og:locale\" content=\"fr_FR\" \/>\n<meta property=\"og:type\" content=\"article\" \/>\n<meta property=\"og:title\" content=\"PACK3 TURINABOL 100 tabs\" \/>\n<meta property=\"og:description\" content=\"Turinabol (Tbol en abr\u00e9g\u00e9) est le nom de marque du st\u00e9ro\u00efde anabolisant Chlorodehydromethyltestosterone, que vous pouvez acheter sous forme de\" \/>\n<meta property=\"og:url\" content=\"https:\/\/iberoid.com\/fr\/product\/pack3turinabol\/\" \/>\n<meta property=\"og:site_name\" content=\"(Espa\u00f1ol) Esteroides en l\u00ednea\" \/>\n<meta property=\"article:modified_time\" content=\"2026-02-09T18:04:31+00:00\" \/>\n<meta property=\"og:image\" content=\"https:\/\/iberoid.com\/wp-content\/uploads\/2023\/08\/image_6483441-3.jpg?v=1692049969\" \/>\n\t<meta property=\"og:image:width\" content=\"1023\" \/>\n\t<meta property=\"og:image:height\" content=\"776\" \/>\n\t<meta property=\"og:image:type\" content=\"image\/jpeg\" \/>\n<meta name=\"twitter:card\" content=\"summary_large_image\" \/>\n<meta name=\"twitter:label1\" content=\"Prix\" \/>\n\t<meta name=\"twitter:data1\" content=\"&euro;75.00\" \/>\n\t<meta name=\"twitter:label2\" content=\"Disponibilit\u00e9\" \/>\n\t<meta name=\"twitter:data2\" content=\"En stock\" \/>\n<script type=\"application\/ld+json\" class=\"yoast-schema-graph\">{\"@context\":\"https:\/\/schema.org\",\"@graph\":[{\"@type\":\"WebPage\",\"@id\":\"https:\/\/iberoid.com\/fr\/product\/pack3turinabol\/\",\"url\":\"https:\/\/iberoid.com\/fr\/product\/pack3turinabol\/\",\"name\":\"PACK3 TURINABOL 100 tabs - (Espa\u00f1ol) Esteroides en l\u00ednea\",\"isPartOf\":{\"@id\":\"https:\/\/iberoid.com\/fr\/#website\"},\"primaryImageOfPage\":{\"@id\":\"https:\/\/iberoid.com\/fr\/product\/pack3turinabol\/#primaryimage\"},\"image\":{\"@id\":\"https:\/\/iberoid.com\/fr\/product\/pack3turinabol\/#primaryimage\"},\"thumbnailUrl\":\"https:\/\/iberoid.com\/wp-content\/uploads\/2023\/08\/image_6483441-3.jpg?v=1692049969\",\"datePublished\":\"2023-08-14T21:53:18+00:00\",\"dateModified\":\"2026-02-09T18:04:31+00:00\",\"breadcrumb\":{\"@id\":\"https:\/\/iberoid.com\/fr\/product\/pack3turinabol\/#breadcrumb\"},\"inLanguage\":\"fr-FR\",\"potentialAction\":[{\"@type\":\"ReadAction\",\"target\":[[\"https:\/\/iberoid.com\/fr\/product\/pack3turinabol\/\"]]}]},{\"@type\":\"ImageObject\",\"inLanguage\":\"fr-FR\",\"@id\":\"https:\/\/iberoid.com\/fr\/product\/pack3turinabol\/#primaryimage\",\"url\":\"https:\/\/iberoid.com\/wp-content\/uploads\/2023\/08\/image_6483441-3.jpg?v=1692049969\",\"contentUrl\":\"https:\/\/iberoid.com\/wp-content\/uploads\/2023\/08\/image_6483441-3.jpg?v=1692049969\",\"width\":1023,\"height\":776},{\"@type\":\"BreadcrumbList\",\"@id\":\"https:\/\/iberoid.com\/fr\/product\/pack3turinabol\/#breadcrumb\",\"itemListElement\":[{\"@type\":\"ListItem\",\"position\":1,\"name\":\"Portada\",\"item\":\"https:\/\/iberoid.com\/fr\/\"},{\"@type\":\"ListItem\",\"position\":2,\"name\":\"Magasin\",\"item\":\"https:\/\/iberoid.com\/fr\/shop\/\"},{\"@type\":\"ListItem\",\"position\":3,\"name\":\"PACK3 TURINABOL 100 tabs\"}]},{\"@type\":\"WebSite\",\"@id\":\"https:\/\/iberoid.com\/fr\/#website\",\"url\":\"https:\/\/iberoid.com\/fr\/\",\"name\":\"(Espa\u00f1ol) Esteroides en l\u00ednea\",\"description\":\"(Espa\u00f1ol) Comprar esteroides en l\u00ednea hoy en Espa\u00f1a y Portugal. Tenemos el mejor servicio al cliente en la industria y los productos de la m\u00e1s alta calidad\",\"potentialAction\":[{\"@type\":\"SearchAction\",\"target\":{\"@type\":\"EntryPoint\",\"urlTemplate\":\"https:\/\/iberoid.com\/fr\/?s={search_term_string}\"},\"query-input\":{\"@type\":\"PropertyValueSpecification\",\"valueRequired\":true,\"valueName\":\"search_term_string\"}}],\"inLanguage\":\"fr-FR\"}]}<\/script>\n<meta property=\"product:brand\" content=\"Pharmabol\" \/>\n<meta property=\"product:price:amount\" content=\"75.00\" \/>\n<meta property=\"product:price:currency\" content=\"EUR\" \/>\n<meta property=\"og:availability\" content=\"instock\" \/>\n<meta property=\"product:availability\" content=\"instock\" \/>\n<meta property=\"product:condition\" content=\"new\" \/>\n<!-- \/ Yoast SEO Premium plugin. -->","yoast_head_json":{"title":"PACK3 TURINABOL 100 tabs - (Espa\u00f1ol) Esteroides en l\u00ednea","robots":{"index":"index","follow":"follow","max-snippet":"max-snippet:-1","max-image-preview":"max-image-preview:large","max-video-preview":"max-video-preview:-1"},"canonical":"https:\/\/iberoid.com\/fr\/product\/pack3turinabol\/","og_locale":"fr_FR","og_type":"article","og_title":"PACK3 TURINABOL 100 tabs","og_description":"Turinabol (Tbol en abr\u00e9g\u00e9) est le nom de marque du st\u00e9ro\u00efde anabolisant Chlorodehydromethyltestosterone, que vous pouvez acheter sous forme de","og_url":"https:\/\/iberoid.com\/fr\/product\/pack3turinabol\/","og_site_name":"(Espa\u00f1ol) Esteroides en l\u00ednea","article_modified_time":"2026-02-09T18:04:31+00:00","og_image":[{"width":1023,"height":776,"url":"https:\/\/iberoid.com\/wp-content\/uploads\/2023\/08\/image_6483441-3.jpg?v=1692049969","type":"image\/jpeg"}],"twitter_card":"summary_large_image","twitter_misc":{"Prix":"&euro;75.00","Disponibilit\u00e9":"En stock"},"schema":{"@context":"https:\/\/schema.org","@graph":[{"@type":"WebPage","@id":"https:\/\/iberoid.com\/fr\/product\/pack3turinabol\/","url":"https:\/\/iberoid.com\/fr\/product\/pack3turinabol\/","name":"PACK3 TURINABOL 100 tabs - (Espa\u00f1ol) Esteroides en l\u00ednea","isPartOf":{"@id":"https:\/\/iberoid.com\/fr\/#website"},"primaryImageOfPage":{"@id":"https:\/\/iberoid.com\/fr\/product\/pack3turinabol\/#primaryimage"},"image":{"@id":"https:\/\/iberoid.com\/fr\/product\/pack3turinabol\/#primaryimage"},"thumbnailUrl":"https:\/\/iberoid.com\/wp-content\/uploads\/2023\/08\/image_6483441-3.jpg?v=1692049969","datePublished":"2023-08-14T21:53:18+00:00","dateModified":"2026-02-09T18:04:31+00:00","breadcrumb":{"@id":"https:\/\/iberoid.com\/fr\/product\/pack3turinabol\/#breadcrumb"},"inLanguage":"fr-FR","potentialAction":[{"@type":"ReadAction","target":[["https:\/\/iberoid.com\/fr\/product\/pack3turinabol\/"]]}]},{"@type":"ImageObject","inLanguage":"fr-FR","@id":"https:\/\/iberoid.com\/fr\/product\/pack3turinabol\/#primaryimage","url":"https:\/\/iberoid.com\/wp-content\/uploads\/2023\/08\/image_6483441-3.jpg?v=1692049969","contentUrl":"https:\/\/iberoid.com\/wp-content\/uploads\/2023\/08\/image_6483441-3.jpg?v=1692049969","width":1023,"height":776},{"@type":"BreadcrumbList","@id":"https:\/\/iberoid.com\/fr\/product\/pack3turinabol\/#breadcrumb","itemListElement":[{"@type":"ListItem","position":1,"name":"Portada","item":"https:\/\/iberoid.com\/fr\/"},{"@type":"ListItem","position":2,"name":"Magasin","item":"https:\/\/iberoid.com\/fr\/shop\/"},{"@type":"ListItem","position":3,"name":"PACK3 TURINABOL 100 tabs"}]},{"@type":"WebSite","@id":"https:\/\/iberoid.com\/fr\/#website","url":"https:\/\/iberoid.com\/fr\/","name":"(Espa\u00f1ol) Esteroides en l\u00ednea","description":"(Espa\u00f1ol) Comprar esteroides en l\u00ednea hoy en Espa\u00f1a y Portugal. Tenemos el mejor servicio al cliente en la industria y los productos de la m\u00e1s alta calidad","potentialAction":[{"@type":"SearchAction","target":{"@type":"EntryPoint","urlTemplate":"https:\/\/iberoid.com\/fr\/?s={search_term_string}"},"query-input":{"@type":"PropertyValueSpecification","valueRequired":true,"valueName":"search_term_string"}}],"inLanguage":"fr-FR"}]},"product_brand":"Pharmabol","product_price_amount":"75.00","product_price_currency":"EUR","og_availability":"instock","product_availability":"instock","product_condition":"new"},"_links":{"self":[{"href":"https:\/\/iberoid.com\/fr\/wp-json\/wp\/v2\/product\/8820","targetHints":{"allow":["GET"]}}],"collection":[{"href":"https:\/\/iberoid.com\/fr\/wp-json\/wp\/v2\/product"}],"about":[{"href":"https:\/\/iberoid.com\/fr\/wp-json\/wp\/v2\/types\/product"}],"replies":[{"embeddable":true,"href":"https:\/\/iberoid.com\/fr\/wp-json\/wp\/v2\/comments?post=8820"}],"wp:featuredmedia":[{"embeddable":true,"href":"https:\/\/iberoid.com\/fr\/wp-json\/wp\/v2\/media\/8822"}],"wp:attachment":[{"href":"https:\/\/iberoid.com\/fr\/wp-json\/wp\/v2\/media?parent=8820"}],"wp:term":[{"taxonomy":"product_brand","embeddable":true,"href":"https:\/\/iberoid.com\/fr\/wp-json\/wp\/v2\/product_brand?post=8820"},{"taxonomy":"product_cat","embeddable":true,"href":"https:\/\/iberoid.com\/fr\/wp-json\/wp\/v2\/product_cat?post=8820"},{"taxonomy":"product_tag","embeddable":true,"href":"https:\/\/iberoid.com\/fr\/wp-json\/wp\/v2\/product_tag?post=8820"}],"curies":[{"name":"wp","href":"https:\/\/api.w.org\/{rel}","templated":true}]}}