{"id":8823,"date":"2023-08-14T21:56:06","date_gmt":"2023-08-14T21:56:06","guid":{"rendered":"https:\/\/iberoid.com\/?post_type=product&#038;p=8823"},"modified":"2026-01-21T10:17:31","modified_gmt":"2026-01-21T10:17:31","slug":"pack3strombabol-stanozolol10-mg-100-tabs-pharmabol","status":"publish","type":"product","link":"https:\/\/iberoid.com\/fr\/product\/pack3strombabol-stanozolol10-mg-100-tabs-pharmabol\/","title":{"rendered":"pack3 STROMBABOL \/ STANOZOLOL 10 MG &#8211; 100 TABS"},"content":{"rendered":"<p>STANOZOLOL contient du stanozolol, un st\u00e9ro\u00efde anabolisant synth\u00e9tique (un st\u00e9ro\u00efde artificiel similaire au st\u00e9ro\u00efde naturel\u00a0testost\u00e9rone). STANOZOLOL agit en r\u00e9duisant la lib\u00e9ration d&rsquo;un produit chimique appel\u00e9 bradykinine (un peptide qui favorise l&rsquo;inflammation), qui est responsable de la rupture et des fuites des vaisseaux sanguins. Ces dommages aux vaisseaux sanguins entra\u00eenent une accumulation soudaine de liquides sous la peau, provoquant un gonflement (\u0153d\u00e8me) ainsi que des rougeurs. STANOZOLOL bloque ainsi l\u2019action de la bradykinine et traite l\u2019angio-\u0153d\u00e8me. STANOZOLOL est \u00e9galement utilis\u00e9 pour le traitement de l&rsquo;an\u00e9mie (une affection caract\u00e9ris\u00e9e par une diminution du nombre de globules rouges et des taux d&rsquo;h\u00e9moglobine dans l&rsquo;organisme) et du syndrome de Behcet (un trouble rare caract\u00e9ris\u00e9 par une inflammation des vaisseaux sanguins).<\/p>\n<p>&nbsp;<\/p>\n<p>STANOZOLOL appartient \u00e0 la classe des \u00ab st\u00e9ro\u00efdes anabolisants \u00bb utilis\u00e9s dans le traitement de l&rsquo;angio-\u0153d\u00e8me h\u00e9r\u00e9ditaire. Il s&rsquo;agit d&rsquo;une maladie g\u00e9n\u00e9tique rare caract\u00e9ris\u00e9e par des \u00e9pisodes r\u00e9currents de gonflement s\u00e9v\u00e8re (angio-\u0153d\u00e8me). Les zones du corps les plus susceptibles de d\u00e9velopper un gonflement sont les membres, le visage, le tractus intestinal et les voies respiratoires. Un traumatisme ou un stress mineur peut d\u00e9clencher une attaque, mais un gonflement survient souvent sans d\u00e9clencheur connu.<\/p>\n<p>STANOZOLOL contient du stanozolol, un st\u00e9ro\u00efde anabolisant synth\u00e9tique (un st\u00e9ro\u00efde artificiel similaire au st\u00e9ro\u00efde naturel\u00a0testost\u00e9rone). STANOZOLOL agit en r\u00e9duisant la lib\u00e9ration d&rsquo;un produit chimique appel\u00e9 bradykinine (un peptide qui favorise l&rsquo;inflammation), qui est responsable de la rupture et des fuites des vaisseaux sanguins. Ces dommages aux vaisseaux sanguins entra\u00eenent une accumulation soudaine de liquides sous la peau, provoquant un gonflement (\u0153d\u00e8me) ainsi que des rougeurs. STANOZOLOL bloque ainsi l\u2019action de la bradykinine et traite l\u2019angio-\u0153d\u00e8me.<\/p>","protected":false},"excerpt":{"rendered":"<p>STANOZOLOL contient du stanozolol, un st\u00e9ro\u00efde anabolisant synth\u00e9tique (un st\u00e9ro\u00efde artificiel similaire au st\u00e9ro\u00efde naturel\u00a0testost\u00e9rone). STANOZOLOL agit en r\u00e9duisant la<\/p>\n","protected":false},"featured_media":8826,"comment_status":"open","ping_status":"closed","template":"","meta":[],"product_brand":[],"product_cat":[73,3474],"product_tag":[],"class_list":{"0":"post-8823","1":"product","2":"type-product","3":"status-publish","4":"has-post-thumbnail","6":"product_cat-ssteroides_orales","7":"product_cat-packs","9":"first","10":"outofstock","11":"sale","12":"shipping-taxable","13":"purchasable","14":"product-type-simple"},"yoast_head":"<!-- This site is optimized with the Yoast SEO Premium plugin v24.4 (Yoast SEO v27.0) - https:\/\/yoast.com\/product\/yoast-seo-premium-wordpress\/ -->\n<title>pack3 STROMBABOL \/ STANOZOLOL 10 MG - 100 TABS - (Espa\u00f1ol) Esteroides en l\u00ednea<\/title>\n<meta name=\"description\" content=\"STANOZOLOL : St\u00e9ro\u00efde anabolisant synth\u00e9tique (similaire \u00e0 la testost\u00e9rone). Traite l&#039;angio-\u0153d\u00e8me h\u00e9r\u00e9ditaire en bloquant la bradykinine, r\u00e9duisant le gonflement. \u00c9galement utilis\u00e9 pour l&#039;an\u00e9mie et la maladie de Beh\u00e7et.\" \/>\n<meta name=\"robots\" content=\"index, follow, max-snippet:-1, max-image-preview:large, max-video-preview:-1\" \/>\n<link rel=\"canonical\" href=\"https:\/\/iberoid.com\/fr\/product\/pack3strombabol-stanozolol10-mg-100-tabs-pharmabol\/\" \/>\n<meta property=\"og:locale\" content=\"fr_FR\" \/>\n<meta property=\"og:type\" content=\"article\" \/>\n<meta property=\"og:title\" content=\"pack3 STROMBABOL \/ STANOZOLOL 10 MG - 100 TABS\" \/>\n<meta property=\"og:description\" content=\"STANOZOLOL : St\u00e9ro\u00efde anabolisant synth\u00e9tique (similaire \u00e0 la testost\u00e9rone). Traite l&#039;angio-\u0153d\u00e8me h\u00e9r\u00e9ditaire en bloquant la bradykinine, r\u00e9duisant le gonflement. \u00c9galement utilis\u00e9 pour l&#039;an\u00e9mie et la maladie de Beh\u00e7et.\" \/>\n<meta property=\"og:url\" content=\"https:\/\/iberoid.com\/fr\/product\/pack3strombabol-stanozolol10-mg-100-tabs-pharmabol\/\" \/>\n<meta property=\"og:site_name\" content=\"(Espa\u00f1ol) Esteroides en l\u00ednea\" \/>\n<meta property=\"article:modified_time\" content=\"2026-01-21T10:17:31+00:00\" \/>\n<meta property=\"og:image\" content=\"https:\/\/iberoid.com\/wp-content\/uploads\/2023\/08\/image_6483441-1-1.jpg?v=1692050384\" \/>\n\t<meta property=\"og:image:width\" content=\"1024\" \/>\n\t<meta property=\"og:image:height\" content=\"818\" \/>\n\t<meta property=\"og:image:type\" content=\"image\/jpeg\" \/>\n<meta name=\"twitter:card\" content=\"summary_large_image\" \/>\n<meta name=\"twitter:label1\" content=\"Prix\" \/>\n\t<meta name=\"twitter:data1\" content=\"&euro;40.00\" \/>\n\t<meta name=\"twitter:label2\" content=\"Disponibilit\u00e9\" \/>\n\t<meta name=\"twitter:data2\" content=\"Rupture de stock\" \/>\n<script type=\"application\/ld+json\" class=\"yoast-schema-graph\">{\"@context\":\"https:\/\/schema.org\",\"@graph\":[{\"@type\":\"WebPage\",\"@id\":\"https:\/\/iberoid.com\/fr\/product\/pack3strombabol-stanozolol10-mg-100-tabs-pharmabol\/\",\"url\":\"https:\/\/iberoid.com\/fr\/product\/pack3strombabol-stanozolol10-mg-100-tabs-pharmabol\/\",\"name\":\"pack3 STROMBABOL \/ STANOZOLOL 10 MG - 100 TABS - (Espa\u00f1ol) Esteroides en l\u00ednea\",\"isPartOf\":{\"@id\":\"https:\/\/iberoid-shop.com\/#website\"},\"primaryImageOfPage\":{\"@id\":\"https:\/\/iberoid.com\/fr\/product\/pack3strombabol-stanozolol10-mg-100-tabs-pharmabol\/#primaryimage\"},\"image\":{\"@id\":\"https:\/\/iberoid.com\/fr\/product\/pack3strombabol-stanozolol10-mg-100-tabs-pharmabol\/#primaryimage\"},\"thumbnailUrl\":\"https:\/\/iberoid.com\/wp-content\/uploads\/2023\/08\/image_6483441-1-1.jpg?v=1692050384\",\"datePublished\":\"2023-08-14T21:56:06+00:00\",\"dateModified\":\"2026-01-21T10:17:31+00:00\",\"description\":\"STANOZOLOL : St\u00e9ro\u00efde anabolisant synth\u00e9tique (similaire \u00e0 la testost\u00e9rone). Traite l'angio-\u0153d\u00e8me h\u00e9r\u00e9ditaire en bloquant la bradykinine, r\u00e9duisant le gonflement. \u00c9galement utilis\u00e9 pour l'an\u00e9mie et la maladie de Beh\u00e7et.\",\"breadcrumb\":{\"@id\":\"https:\/\/iberoid.com\/fr\/product\/pack3strombabol-stanozolol10-mg-100-tabs-pharmabol\/#breadcrumb\"},\"inLanguage\":\"fr-FR\",\"potentialAction\":[{\"@type\":\"ReadAction\",\"target\":[[\"https:\/\/iberoid.com\/fr\/product\/pack3strombabol-stanozolol10-mg-100-tabs-pharmabol\/\"]]}]},{\"@type\":\"ImageObject\",\"inLanguage\":\"fr-FR\",\"@id\":\"https:\/\/iberoid.com\/fr\/product\/pack3strombabol-stanozolol10-mg-100-tabs-pharmabol\/#primaryimage\",\"url\":\"https:\/\/iberoid.com\/wp-content\/uploads\/2023\/08\/image_6483441-1-1.jpg?v=1692050384\",\"contentUrl\":\"https:\/\/iberoid.com\/wp-content\/uploads\/2023\/08\/image_6483441-1-1.jpg?v=1692050384\",\"width\":1024,\"height\":818},{\"@type\":\"BreadcrumbList\",\"@id\":\"https:\/\/iberoid.com\/fr\/product\/pack3strombabol-stanozolol10-mg-100-tabs-pharmabol\/#breadcrumb\",\"itemListElement\":[{\"@type\":\"ListItem\",\"position\":1,\"name\":\"Portada\",\"item\":\"https:\/\/iberoid.com\/fr\/\"},{\"@type\":\"ListItem\",\"position\":2,\"name\":\"Magasin\",\"item\":\"https:\/\/iberoid.com\/fr\/shop\/\"},{\"@type\":\"ListItem\",\"position\":3,\"name\":\"pack3 STROMBABOL \/ STANOZOLOL 10 MG &#8211; 100 TABS\"}]},{\"@type\":\"WebSite\",\"@id\":\"https:\/\/iberoid-shop.com\/#website\",\"url\":\"https:\/\/iberoid-shop.com\/\",\"name\":\"(Espa\u00f1ol) Esteroides en l\u00ednea\",\"description\":\"(Espa\u00f1ol) Comprar esteroides en l\u00ednea hoy en Espa\u00f1a y Portugal. Tenemos el mejor servicio al cliente en la industria y los productos de la m\u00e1s alta calidad\",\"potentialAction\":[{\"@type\":\"SearchAction\",\"target\":{\"@type\":\"EntryPoint\",\"urlTemplate\":\"https:\/\/iberoid-shop.com\/?s={search_term_string}\"},\"query-input\":{\"@type\":\"PropertyValueSpecification\",\"valueRequired\":true,\"valueName\":\"search_term_string\"}}],\"inLanguage\":\"fr-FR\"}]}<\/script>\n<meta property=\"product:brand\" content=\"Pharmabol\" \/>\n<meta property=\"product:price:amount\" content=\"40.00\" \/>\n<meta property=\"product:price:currency\" content=\"EUR\" \/>\n<meta property=\"og:availability\" content=\"out of stock\" \/>\n<meta property=\"product:availability\" content=\"out of stock\" \/>\n<meta property=\"product:condition\" content=\"new\" \/>\n<!-- \/ Yoast SEO Premium plugin. -->","yoast_head_json":{"title":"pack3 STROMBABOL \/ STANOZOLOL 10 MG - 100 TABS - (Espa\u00f1ol) Esteroides en l\u00ednea","description":"STANOZOLOL : St\u00e9ro\u00efde anabolisant synth\u00e9tique (similaire \u00e0 la testost\u00e9rone). Traite l'angio-\u0153d\u00e8me h\u00e9r\u00e9ditaire en bloquant la bradykinine, r\u00e9duisant le gonflement. \u00c9galement utilis\u00e9 pour l'an\u00e9mie et la maladie de Beh\u00e7et.","robots":{"index":"index","follow":"follow","max-snippet":"max-snippet:-1","max-image-preview":"max-image-preview:large","max-video-preview":"max-video-preview:-1"},"canonical":"https:\/\/iberoid.com\/fr\/product\/pack3strombabol-stanozolol10-mg-100-tabs-pharmabol\/","og_locale":"fr_FR","og_type":"article","og_title":"pack3 STROMBABOL \/ STANOZOLOL 10 MG - 100 TABS","og_description":"STANOZOLOL : St\u00e9ro\u00efde anabolisant synth\u00e9tique (similaire \u00e0 la testost\u00e9rone). Traite l'angio-\u0153d\u00e8me h\u00e9r\u00e9ditaire en bloquant la bradykinine, r\u00e9duisant le gonflement. \u00c9galement utilis\u00e9 pour l'an\u00e9mie et la maladie de Beh\u00e7et.","og_url":"https:\/\/iberoid.com\/fr\/product\/pack3strombabol-stanozolol10-mg-100-tabs-pharmabol\/","og_site_name":"(Espa\u00f1ol) Esteroides en l\u00ednea","article_modified_time":"2026-01-21T10:17:31+00:00","og_image":[{"width":1024,"height":818,"url":"https:\/\/iberoid.com\/wp-content\/uploads\/2023\/08\/image_6483441-1-1.jpg?v=1692050384","type":"image\/jpeg"}],"twitter_card":"summary_large_image","twitter_misc":{"Prix":"&euro;40.00","Disponibilit\u00e9":"Rupture de stock"},"schema":{"@context":"https:\/\/schema.org","@graph":[{"@type":"WebPage","@id":"https:\/\/iberoid.com\/fr\/product\/pack3strombabol-stanozolol10-mg-100-tabs-pharmabol\/","url":"https:\/\/iberoid.com\/fr\/product\/pack3strombabol-stanozolol10-mg-100-tabs-pharmabol\/","name":"pack3 STROMBABOL \/ STANOZOLOL 10 MG - 100 TABS - (Espa\u00f1ol) Esteroides en l\u00ednea","isPartOf":{"@id":"https:\/\/iberoid-shop.com\/#website"},"primaryImageOfPage":{"@id":"https:\/\/iberoid.com\/fr\/product\/pack3strombabol-stanozolol10-mg-100-tabs-pharmabol\/#primaryimage"},"image":{"@id":"https:\/\/iberoid.com\/fr\/product\/pack3strombabol-stanozolol10-mg-100-tabs-pharmabol\/#primaryimage"},"thumbnailUrl":"https:\/\/iberoid.com\/wp-content\/uploads\/2023\/08\/image_6483441-1-1.jpg?v=1692050384","datePublished":"2023-08-14T21:56:06+00:00","dateModified":"2026-01-21T10:17:31+00:00","description":"STANOZOLOL : St\u00e9ro\u00efde anabolisant synth\u00e9tique (similaire \u00e0 la testost\u00e9rone). Traite l'angio-\u0153d\u00e8me h\u00e9r\u00e9ditaire en bloquant la bradykinine, r\u00e9duisant le gonflement. \u00c9galement utilis\u00e9 pour l'an\u00e9mie et la maladie de Beh\u00e7et.","breadcrumb":{"@id":"https:\/\/iberoid.com\/fr\/product\/pack3strombabol-stanozolol10-mg-100-tabs-pharmabol\/#breadcrumb"},"inLanguage":"fr-FR","potentialAction":[{"@type":"ReadAction","target":[["https:\/\/iberoid.com\/fr\/product\/pack3strombabol-stanozolol10-mg-100-tabs-pharmabol\/"]]}]},{"@type":"ImageObject","inLanguage":"fr-FR","@id":"https:\/\/iberoid.com\/fr\/product\/pack3strombabol-stanozolol10-mg-100-tabs-pharmabol\/#primaryimage","url":"https:\/\/iberoid.com\/wp-content\/uploads\/2023\/08\/image_6483441-1-1.jpg?v=1692050384","contentUrl":"https:\/\/iberoid.com\/wp-content\/uploads\/2023\/08\/image_6483441-1-1.jpg?v=1692050384","width":1024,"height":818},{"@type":"BreadcrumbList","@id":"https:\/\/iberoid.com\/fr\/product\/pack3strombabol-stanozolol10-mg-100-tabs-pharmabol\/#breadcrumb","itemListElement":[{"@type":"ListItem","position":1,"name":"Portada","item":"https:\/\/iberoid.com\/fr\/"},{"@type":"ListItem","position":2,"name":"Magasin","item":"https:\/\/iberoid.com\/fr\/shop\/"},{"@type":"ListItem","position":3,"name":"pack3 STROMBABOL \/ STANOZOLOL 10 MG &#8211; 100 TABS"}]},{"@type":"WebSite","@id":"https:\/\/iberoid-shop.com\/#website","url":"https:\/\/iberoid-shop.com\/","name":"(Espa\u00f1ol) Esteroides en l\u00ednea","description":"(Espa\u00f1ol) Comprar esteroides en l\u00ednea hoy en Espa\u00f1a y Portugal. Tenemos el mejor servicio al cliente en la industria y los productos de la m\u00e1s alta calidad","potentialAction":[{"@type":"SearchAction","target":{"@type":"EntryPoint","urlTemplate":"https:\/\/iberoid-shop.com\/?s={search_term_string}"},"query-input":{"@type":"PropertyValueSpecification","valueRequired":true,"valueName":"search_term_string"}}],"inLanguage":"fr-FR"}]},"product_brand":"Pharmabol","product_price_amount":"40.00","product_price_currency":"EUR","og_availability":"out of stock","product_availability":"out of stock","product_condition":"new"},"_links":{"self":[{"href":"https:\/\/iberoid.com\/fr\/wp-json\/wp\/v2\/product\/8823","targetHints":{"allow":["GET"]}}],"collection":[{"href":"https:\/\/iberoid.com\/fr\/wp-json\/wp\/v2\/product"}],"about":[{"href":"https:\/\/iberoid.com\/fr\/wp-json\/wp\/v2\/types\/product"}],"replies":[{"embeddable":true,"href":"https:\/\/iberoid.com\/fr\/wp-json\/wp\/v2\/comments?post=8823"}],"wp:featuredmedia":[{"embeddable":true,"href":"https:\/\/iberoid.com\/fr\/wp-json\/wp\/v2\/media\/8826"}],"wp:attachment":[{"href":"https:\/\/iberoid.com\/fr\/wp-json\/wp\/v2\/media?parent=8823"}],"wp:term":[{"taxonomy":"product_brand","embeddable":true,"href":"https:\/\/iberoid.com\/fr\/wp-json\/wp\/v2\/product_brand?post=8823"},{"taxonomy":"product_cat","embeddable":true,"href":"https:\/\/iberoid.com\/fr\/wp-json\/wp\/v2\/product_cat?post=8823"},{"taxonomy":"product_tag","embeddable":true,"href":"https:\/\/iberoid.com\/fr\/wp-json\/wp\/v2\/product_tag?post=8823"}],"curies":[{"name":"wp","href":"https:\/\/api.w.org\/{rel}","templated":true}]}}