{"id":8831,"date":"2023-08-18T13:54:51","date_gmt":"2023-08-18T13:54:51","guid":{"rendered":"https:\/\/iberoid.com\/?post_type=product&#038;p=8831"},"modified":"2026-02-08T12:10:28","modified_gmt":"2026-02-08T12:10:28","slug":"testoged-ppremium-testosteron-propionate-epf","status":"publish","type":"product","link":"https:\/\/iberoid.com\/fr\/product\/testoged-ppremium-testosteron-propionate-epf\/","title":{"rendered":"TESTOGED P premium \/ TESTOSTERON PROPIONATE"},"content":{"rendered":"<p>Le principe actif du flacon Golden Dragon Testoged P 10 ml est le propionate de testost\u00e9rone. Le m\u00e9dicament \u00e9tait au d\u00e9but de la cr\u00e9ation des st\u00e9ro\u00efdes androg\u00e8nes. Un grand nombre d&rsquo;athl\u00e8tes ont appr\u00e9ci\u00e9 l&rsquo;efficacit\u00e9 de Testoged P en mati\u00e8re de croissance rapide de la taille et de la puissance, et vous pourriez \u00eatre l&rsquo;une de ces personnes ! Compar\u00e9 au reste des st\u00e9ro\u00efdes injectables, o\u00f9 d\u2019autres types de testost\u00e9rone sont utilis\u00e9s, Testoged P fonctionne tr\u00e8s rapidement. Cela signifie que la vie active du m\u00e9dicament dans l\u2019organisme de l\u2019utilisateur, apr\u00e8s l\u2019injection, durera une journ\u00e9e compl\u00e8te. Les fonctions androg\u00e8nes et anabolisantes du m\u00e9dicament sont les m\u00eames. En prenant ce m\u00e9dicament pendant la p\u00e9riode de coupe, la masse musculaire restera certainement.<\/p>\n<p>L&rsquo;administration de Golden Dragon Testoged P 10 ml stimule la r\u00e9tention d&rsquo;azote dans les tissus du corps et y favorise \u00e9galement la synth\u00e8se des prot\u00e9ines. Le m\u00e9dicament est \u00e9galement utile pour soutenir l&rsquo;afflux de sang vers la musculature et pour le d\u00e9veloppement de nouvelles fibres musculaires. Pour une augmentation notable de la taille musculaire, le m\u00e9dicament pourrait \u00eatre combin\u00e9 avec de la Nandrolone, du Winstrol ou de la Methandienone. Pour \u00e9viter les mauvais effets \u0153strog\u00e9niques, le m\u00e9dicament est g\u00e9n\u00e9ralement associ\u00e9 au Proviron ou au Tamoxif\u00e8ne.<\/p>\n<p>Dosage<\/p>\n<p>La posologie masculine habituelle est de 50 \u00e0 200 mg par jour ; la dose quotidienne f\u00e9minine doit \u00eatre beaucoup plus faible, de 25 \u00e0 50 mg. Le fonctionnement actif du propionate de testost\u00e9rone est obtenu beaucoup plus rapidement que les testost\u00e9rones Cypionate et Enathate. Les athl\u00e8tes exp\u00e9riment\u00e9s pr\u00e9f\u00e8rent cette caract\u00e9ristique sp\u00e9cifique de Testoged P. Golden Dragon Testoged P est efficace pendant environ deux jours, apr\u00e8s l&rsquo;administration d&rsquo;une dose de 50 mg. Bien que, par exemple, la consommation d\u2019\u00e9nanthate de testost\u00e9rone montre une augmentation de l\u2019indice de testost\u00e9rone jusqu\u2019\u00e0 14 jours, la particularit\u00e9 b\u00e9n\u00e9fique du propionate de testost\u00e9rone r\u00e9side dans son nettoyage rapide de l\u2019organisme de l\u2019utilisateur. Cette caract\u00e9ristique oblige \u00e0 prendre le m\u00e9dicament plus souvent que les autres testost\u00e9rones (pour \u00eatre pr\u00e9cis, une fois par jour ou une fois pendant deux jours).<\/p>\n<p>La majorit\u00e9 des cycles de st\u00e9ro\u00efdes sont bas\u00e9s sur la testost\u00e9rone. Gr\u00e2ce \u00e0 ses caract\u00e9ristiques, la puissance et la taille de la musculature de l\u2019athl\u00e8te sont efficacement augment\u00e9es.<\/p>\n<p>Effets secondaires<\/p>\n<p>Comme la p\u00e9riode de fonctionnement actif du propionate de testost\u00e9rone est plus courte que la p\u00e9riode du Cypionate ou de l\u2019Enanthate, le nombre d\u2019effets n\u00e9fastes possibles est plus petit. Dans tous les cas, il y a toujours une probabilit\u00e9 que des effets secondaires apparaissent, en cas de prise d\u2019une dose sup\u00e9rieure \u00e0 celle autoris\u00e9e, ou lorsque l\u2019utilisateur est pr\u00e9dispos\u00e9 \u00e0 des manifestations d\u2019effets n\u00e9fastes. Afin d&rsquo;\u00e9viter au maximum les effets ind\u00e9sirables provoqu\u00e9s par les \u0153strog\u00e8nes, il sera n\u00e9cessaire d&rsquo;ajouter des pr\u00e9parations anti-\u0153strog\u00e8nes. Les exemples de m\u00e9dicaments les plus appropri\u00e9s sont l\u2019Anastrozole, le Proviron et le Tamoxif\u00e8ne. Les mauvais effets de Testoged P sont les suivants : boutons, calvitie, irritations et inflammations du point d\u2019injection, pousse acc\u00e9l\u00e9r\u00e9e des poils sur le corps. L\u2019hypertension art\u00e9rielle est un effet assez rare de l\u2019administration de propionate de testost\u00e9rone. En raison de l\u2019effet de masculinisation grave du m\u00e9dicament, il est pr\u00e9f\u00e9rable pour les athl\u00e8tes f\u00e9minines d\u2019\u00e9viter l\u2019utilisation de Testoged P. En cas d&rsquo;utilisation de doses trop \u00e9lev\u00e9es, l&rsquo;aromatisation pourrait avoir lieu.<\/p>","protected":false},"excerpt":{"rendered":"<p>Le principe actif du flacon Golden Dragon Testoged P 10 ml est le propionate de testost\u00e9rone. Le m\u00e9dicament \u00e9tait au<\/p>\n","protected":false},"featured_media":8833,"comment_status":"open","ping_status":"closed","template":"","meta":[],"product_brand":[],"product_cat":[69],"product_tag":[],"class_list":{"0":"post-8831","1":"product","2":"type-product","3":"status-publish","4":"has-post-thumbnail","6":"product_cat-esteroides_inyectables","8":"first","9":"instock","10":"sale","11":"shipping-taxable","12":"purchasable","13":"product-type-simple"},"yoast_head":"<!-- This site is optimized with the Yoast SEO Premium plugin v24.4 (Yoast SEO v27.0) - https:\/\/yoast.com\/product\/yoast-seo-premium-wordpress\/ -->\n<title>TESTOGED P premium \/ TESTOSTERON PROPIONATE - (Espa\u00f1ol) Esteroides en l\u00ednea<\/title>\n<meta name=\"description\" content=\"TESTOGED P (Propionate de Testost\u00e9rone) est un st\u00e9ro\u00efde \u00e0 action rapide favorisant la croissance musculaire, la force et la r\u00e9tention d&#039;azote.\" \/>\n<meta name=\"robots\" content=\"index, follow, max-snippet:-1, max-image-preview:large, max-video-preview:-1\" \/>\n<link rel=\"canonical\" href=\"https:\/\/iberoid.com\/fr\/product\/testoged-ppremium-testosteron-propionate-epf\/\" \/>\n<meta property=\"og:locale\" content=\"fr_FR\" \/>\n<meta property=\"og:type\" content=\"article\" \/>\n<meta property=\"og:title\" content=\"TESTOGED P premium \/ TESTOSTERON PROPIONATE\" \/>\n<meta property=\"og:description\" content=\"TESTOGED P (Propionate de Testost\u00e9rone) est un st\u00e9ro\u00efde \u00e0 action rapide favorisant la croissance musculaire, la force et la r\u00e9tention d&#039;azote.\" \/>\n<meta property=\"og:url\" content=\"https:\/\/iberoid.com\/fr\/product\/testoged-ppremium-testosteron-propionate-epf\/\" \/>\n<meta property=\"og:site_name\" content=\"(Espa\u00f1ol) Esteroides en l\u00ednea\" \/>\n<meta property=\"article:modified_time\" content=\"2026-02-08T12:10:28+00:00\" \/>\n<meta property=\"og:image\" content=\"https:\/\/iberoid.com\/wp-content\/uploads\/2023\/08\/0f2ab18d1cf611e99f0c60eb6924318f_0f2ab18e1cf611e99f0c60eb6924318f.jpg?v=1692366799\" \/>\n\t<meta property=\"og:image:width\" content=\"964\" \/>\n\t<meta property=\"og:image:height\" content=\"1024\" \/>\n\t<meta property=\"og:image:type\" content=\"image\/jpeg\" \/>\n<meta name=\"twitter:card\" content=\"summary_large_image\" \/>\n<meta name=\"twitter:label1\" content=\"Prix\" \/>\n\t<meta name=\"twitter:data1\" content=\"&euro;35.00\" \/>\n\t<meta name=\"twitter:label2\" content=\"Disponibilit\u00e9\" \/>\n\t<meta name=\"twitter:data2\" content=\"En stock\" \/>\n<script type=\"application\/ld+json\" class=\"yoast-schema-graph\">{\"@context\":\"https:\/\/schema.org\",\"@graph\":[{\"@type\":\"WebPage\",\"@id\":\"https:\/\/iberoid.com\/fr\/product\/testoged-ppremium-testosteron-propionate-epf\/\",\"url\":\"https:\/\/iberoid.com\/fr\/product\/testoged-ppremium-testosteron-propionate-epf\/\",\"name\":\"TESTOGED P premium \/ TESTOSTERON PROPIONATE - (Espa\u00f1ol) Esteroides en l\u00ednea\",\"isPartOf\":{\"@id\":\"https:\/\/iberoid-shop.com\/#website\"},\"primaryImageOfPage\":{\"@id\":\"https:\/\/iberoid.com\/fr\/product\/testoged-ppremium-testosteron-propionate-epf\/#primaryimage\"},\"image\":{\"@id\":\"https:\/\/iberoid.com\/fr\/product\/testoged-ppremium-testosteron-propionate-epf\/#primaryimage\"},\"thumbnailUrl\":\"https:\/\/iberoid.com\/wp-content\/uploads\/2023\/08\/0f2ab18d1cf611e99f0c60eb6924318f_0f2ab18e1cf611e99f0c60eb6924318f.jpg?v=1692366799\",\"datePublished\":\"2023-08-18T13:54:51+00:00\",\"dateModified\":\"2026-02-08T12:10:28+00:00\",\"description\":\"TESTOGED P (Propionate de Testost\u00e9rone) est un st\u00e9ro\u00efde \u00e0 action rapide favorisant la croissance musculaire, la force et la r\u00e9tention d'azote.\",\"breadcrumb\":{\"@id\":\"https:\/\/iberoid.com\/fr\/product\/testoged-ppremium-testosteron-propionate-epf\/#breadcrumb\"},\"inLanguage\":\"fr-FR\",\"potentialAction\":[{\"@type\":\"ReadAction\",\"target\":[[\"https:\/\/iberoid.com\/fr\/product\/testoged-ppremium-testosteron-propionate-epf\/\"]]}]},{\"@type\":\"ImageObject\",\"inLanguage\":\"fr-FR\",\"@id\":\"https:\/\/iberoid.com\/fr\/product\/testoged-ppremium-testosteron-propionate-epf\/#primaryimage\",\"url\":\"https:\/\/iberoid.com\/wp-content\/uploads\/2023\/08\/0f2ab18d1cf611e99f0c60eb6924318f_0f2ab18e1cf611e99f0c60eb6924318f.jpg?v=1692366799\",\"contentUrl\":\"https:\/\/iberoid.com\/wp-content\/uploads\/2023\/08\/0f2ab18d1cf611e99f0c60eb6924318f_0f2ab18e1cf611e99f0c60eb6924318f.jpg?v=1692366799\",\"width\":964,\"height\":1024},{\"@type\":\"BreadcrumbList\",\"@id\":\"https:\/\/iberoid.com\/fr\/product\/testoged-ppremium-testosteron-propionate-epf\/#breadcrumb\",\"itemListElement\":[{\"@type\":\"ListItem\",\"position\":1,\"name\":\"Portada\",\"item\":\"https:\/\/iberoid.com\/fr\/\"},{\"@type\":\"ListItem\",\"position\":2,\"name\":\"Magasin\",\"item\":\"https:\/\/iberoid.com\/fr\/shop\/\"},{\"@type\":\"ListItem\",\"position\":3,\"name\":\"TESTOGED P premium \/ TESTOSTERON PROPIONATE\"}]},{\"@type\":\"WebSite\",\"@id\":\"https:\/\/iberoid-shop.com\/#website\",\"url\":\"https:\/\/iberoid-shop.com\/\",\"name\":\"(Espa\u00f1ol) Esteroides en l\u00ednea\",\"description\":\"(Espa\u00f1ol) Comprar esteroides en l\u00ednea hoy en Espa\u00f1a y Portugal. Tenemos el mejor servicio al cliente en la industria y los productos de la m\u00e1s alta calidad\",\"potentialAction\":[{\"@type\":\"SearchAction\",\"target\":{\"@type\":\"EntryPoint\",\"urlTemplate\":\"https:\/\/iberoid-shop.com\/?s={search_term_string}\"},\"query-input\":{\"@type\":\"PropertyValueSpecification\",\"valueRequired\":true,\"valueName\":\"search_term_string\"}}],\"inLanguage\":\"fr-FR\"}]}<\/script>\n<meta property=\"product:brand\" content=\"Euro Prime Pharmaceuticals (EPF)\" \/>\n<meta property=\"product:price:amount\" content=\"35.00\" \/>\n<meta property=\"product:price:currency\" content=\"EUR\" \/>\n<meta property=\"og:availability\" content=\"instock\" \/>\n<meta property=\"product:availability\" content=\"instock\" \/>\n<meta property=\"product:condition\" content=\"new\" \/>\n<!-- \/ Yoast SEO Premium plugin. -->","yoast_head_json":{"title":"TESTOGED P premium \/ TESTOSTERON PROPIONATE - (Espa\u00f1ol) Esteroides en l\u00ednea","description":"TESTOGED P (Propionate de Testost\u00e9rone) est un st\u00e9ro\u00efde \u00e0 action rapide favorisant la croissance musculaire, la force et la r\u00e9tention d'azote.","robots":{"index":"index","follow":"follow","max-snippet":"max-snippet:-1","max-image-preview":"max-image-preview:large","max-video-preview":"max-video-preview:-1"},"canonical":"https:\/\/iberoid.com\/fr\/product\/testoged-ppremium-testosteron-propionate-epf\/","og_locale":"fr_FR","og_type":"article","og_title":"TESTOGED P premium \/ TESTOSTERON PROPIONATE","og_description":"TESTOGED P (Propionate de Testost\u00e9rone) est un st\u00e9ro\u00efde \u00e0 action rapide favorisant la croissance musculaire, la force et la r\u00e9tention d'azote.","og_url":"https:\/\/iberoid.com\/fr\/product\/testoged-ppremium-testosteron-propionate-epf\/","og_site_name":"(Espa\u00f1ol) Esteroides en l\u00ednea","article_modified_time":"2026-02-08T12:10:28+00:00","og_image":[{"width":964,"height":1024,"url":"https:\/\/iberoid.com\/wp-content\/uploads\/2023\/08\/0f2ab18d1cf611e99f0c60eb6924318f_0f2ab18e1cf611e99f0c60eb6924318f.jpg?v=1692366799","type":"image\/jpeg"}],"twitter_card":"summary_large_image","twitter_misc":{"Prix":"&euro;35.00","Disponibilit\u00e9":"En stock"},"schema":{"@context":"https:\/\/schema.org","@graph":[{"@type":"WebPage","@id":"https:\/\/iberoid.com\/fr\/product\/testoged-ppremium-testosteron-propionate-epf\/","url":"https:\/\/iberoid.com\/fr\/product\/testoged-ppremium-testosteron-propionate-epf\/","name":"TESTOGED P premium \/ TESTOSTERON PROPIONATE - (Espa\u00f1ol) Esteroides en l\u00ednea","isPartOf":{"@id":"https:\/\/iberoid-shop.com\/#website"},"primaryImageOfPage":{"@id":"https:\/\/iberoid.com\/fr\/product\/testoged-ppremium-testosteron-propionate-epf\/#primaryimage"},"image":{"@id":"https:\/\/iberoid.com\/fr\/product\/testoged-ppremium-testosteron-propionate-epf\/#primaryimage"},"thumbnailUrl":"https:\/\/iberoid.com\/wp-content\/uploads\/2023\/08\/0f2ab18d1cf611e99f0c60eb6924318f_0f2ab18e1cf611e99f0c60eb6924318f.jpg?v=1692366799","datePublished":"2023-08-18T13:54:51+00:00","dateModified":"2026-02-08T12:10:28+00:00","description":"TESTOGED P (Propionate de Testost\u00e9rone) est un st\u00e9ro\u00efde \u00e0 action rapide favorisant la croissance musculaire, la force et la r\u00e9tention d'azote.","breadcrumb":{"@id":"https:\/\/iberoid.com\/fr\/product\/testoged-ppremium-testosteron-propionate-epf\/#breadcrumb"},"inLanguage":"fr-FR","potentialAction":[{"@type":"ReadAction","target":[["https:\/\/iberoid.com\/fr\/product\/testoged-ppremium-testosteron-propionate-epf\/"]]}]},{"@type":"ImageObject","inLanguage":"fr-FR","@id":"https:\/\/iberoid.com\/fr\/product\/testoged-ppremium-testosteron-propionate-epf\/#primaryimage","url":"https:\/\/iberoid.com\/wp-content\/uploads\/2023\/08\/0f2ab18d1cf611e99f0c60eb6924318f_0f2ab18e1cf611e99f0c60eb6924318f.jpg?v=1692366799","contentUrl":"https:\/\/iberoid.com\/wp-content\/uploads\/2023\/08\/0f2ab18d1cf611e99f0c60eb6924318f_0f2ab18e1cf611e99f0c60eb6924318f.jpg?v=1692366799","width":964,"height":1024},{"@type":"BreadcrumbList","@id":"https:\/\/iberoid.com\/fr\/product\/testoged-ppremium-testosteron-propionate-epf\/#breadcrumb","itemListElement":[{"@type":"ListItem","position":1,"name":"Portada","item":"https:\/\/iberoid.com\/fr\/"},{"@type":"ListItem","position":2,"name":"Magasin","item":"https:\/\/iberoid.com\/fr\/shop\/"},{"@type":"ListItem","position":3,"name":"TESTOGED P premium \/ TESTOSTERON PROPIONATE"}]},{"@type":"WebSite","@id":"https:\/\/iberoid-shop.com\/#website","url":"https:\/\/iberoid-shop.com\/","name":"(Espa\u00f1ol) Esteroides en l\u00ednea","description":"(Espa\u00f1ol) Comprar esteroides en l\u00ednea hoy en Espa\u00f1a y Portugal. Tenemos el mejor servicio al cliente en la industria y los productos de la m\u00e1s alta calidad","potentialAction":[{"@type":"SearchAction","target":{"@type":"EntryPoint","urlTemplate":"https:\/\/iberoid-shop.com\/?s={search_term_string}"},"query-input":{"@type":"PropertyValueSpecification","valueRequired":true,"valueName":"search_term_string"}}],"inLanguage":"fr-FR"}]},"product_brand":"Euro Prime Pharmaceuticals (EPF)","product_price_amount":"35.00","product_price_currency":"EUR","og_availability":"instock","product_availability":"instock","product_condition":"new"},"_links":{"self":[{"href":"https:\/\/iberoid.com\/fr\/wp-json\/wp\/v2\/product\/8831","targetHints":{"allow":["GET"]}}],"collection":[{"href":"https:\/\/iberoid.com\/fr\/wp-json\/wp\/v2\/product"}],"about":[{"href":"https:\/\/iberoid.com\/fr\/wp-json\/wp\/v2\/types\/product"}],"replies":[{"embeddable":true,"href":"https:\/\/iberoid.com\/fr\/wp-json\/wp\/v2\/comments?post=8831"}],"wp:featuredmedia":[{"embeddable":true,"href":"https:\/\/iberoid.com\/fr\/wp-json\/wp\/v2\/media\/8833"}],"wp:attachment":[{"href":"https:\/\/iberoid.com\/fr\/wp-json\/wp\/v2\/media?parent=8831"}],"wp:term":[{"taxonomy":"product_brand","embeddable":true,"href":"https:\/\/iberoid.com\/fr\/wp-json\/wp\/v2\/product_brand?post=8831"},{"taxonomy":"product_cat","embeddable":true,"href":"https:\/\/iberoid.com\/fr\/wp-json\/wp\/v2\/product_cat?post=8831"},{"taxonomy":"product_tag","embeddable":true,"href":"https:\/\/iberoid.com\/fr\/wp-json\/wp\/v2\/product_tag?post=8831"}],"curies":[{"name":"wp","href":"https:\/\/api.w.org\/{rel}","templated":true}]}}