{"id":8902,"date":"2023-09-15T13:16:41","date_gmt":"2023-09-15T13:16:41","guid":{"rendered":"https:\/\/iberoid.com\/?post_type=product&#038;p=8902"},"modified":"2024-12-12T22:29:14","modified_gmt":"2024-12-12T22:29:14","slug":"liv-pro-gen-protector-hepatico-pharma-gen","status":"publish","type":"product","link":"https:\/\/iberoid.com\/fr\/product\/liv-pro-gen-protector-hepatico-pharma-gen\/","title":{"rendered":"LIV PRO GEN"},"content":{"rendered":"<p>Prot\u00e8ge le foie contre les dommages caus\u00e9s par les radicaux libres et les polluants.<\/p>\n<p>Avantages:<\/p>\n<p>Contient des herbes qui aident \u00e0 am\u00e9liorer la fonction h\u00e9patique et \u00e0 aider le foie dans ses processus de r\u00e9g\u00e9n\u00e9ration normaux.<br \/>\nLa racine de pissenlit est traditionnellement utilis\u00e9e pour augmenter la production de bile n\u00e9cessaire \u00e0 la d\u00e9gradation des graisses. Il augmente \u00e9galement la solubilit\u00e9 de la bile, ce qui peut aider \u00e0 pr\u00e9venir ou \u00e0 att\u00e9nuer les calculs biliaires.<br \/>\nIl a \u00e9t\u00e9 d\u00e9montr\u00e9 que la silymarine, le composant actif des graines de chardon-Marie, prot\u00e8ge le foie contre l&rsquo;une des toxines h\u00e9patiques les plus virulentes connues, le champignon de la calotte mortelle (Amanita phalloides).<br \/>\nDes \u00e9tudes scientifiques ont \u00e9galement d\u00e9montr\u00e9 que la silymarine est utile dans le traitement de l&rsquo;h\u00e9patite et de la cirrhose du foie.<\/p>\n<p>Comment \u00e7a fonctionne<\/p>\n<p>LIV PRO GEN avec chardon-Marie est une puissante formule de soutien du foie con\u00e7ue pour aider \u00e0 restaurer une performance h\u00e9patique saine. Il fournit des nutriments qui aident le foie \u00e0 remplir sa fonction de principal organe d\u00e9toxifiant de l\u2019organisme.<br \/>\nLe chardon-Marie est traditionnellement utilis\u00e9 comme protecteur du foie.<br \/>\nConsultez un fournisseur de soins de sant\u00e9 avant d&rsquo;utiliser le chardon-Marie si vous souffrez d&rsquo;insuffisance h\u00e9patique.<\/p>\n<p>Ingr\u00e9dients<\/p>\n<p>Chaque tablette contient:<br \/>\nB\u00eata-carot\u00e8ne (Pro Vitamine A) 10 000 UI<br \/>\nVitamine C 240 mg<br \/>\nFer (gluconate ferreux) 5 mg<br \/>\nFacteurs lipotropes<br \/>\nCholine (bitartrate) 60 mg<br \/>\nInositol 60 mg<br \/>\nDans une base contenant : 175 mg d&rsquo;extrait de chardon-Marie (80% de silymarine) et de racine de pissenlit (150 mg).<\/p>","protected":false},"excerpt":{"rendered":"<p>Prot\u00e8ge le foie contre les dommages caus\u00e9s par les radicaux libres et les polluants. Avantages: Contient des herbes qui aident<\/p>\n","protected":false},"featured_media":8909,"comment_status":"open","ping_status":"closed","template":"","meta":[],"product_brand":[],"product_cat":[73],"product_tag":[],"class_list":{"0":"post-8902","1":"product","2":"type-product","3":"status-publish","4":"has-post-thumbnail","6":"product_cat-ssteroides_orales","8":"first","9":"outofstock","10":"shipping-taxable","11":"purchasable","12":"product-type-simple"},"yoast_head":"<!-- This site is optimized with the Yoast SEO Premium plugin v24.4 (Yoast SEO v27.0) - https:\/\/yoast.com\/product\/yoast-seo-premium-wordpress\/ -->\n<title>LIV PRO GEN - (Espa\u00f1ol) Esteroides en l\u00ednea<\/title>\n<meta name=\"robots\" content=\"index, follow, max-snippet:-1, max-image-preview:large, max-video-preview:-1\" \/>\n<link rel=\"canonical\" href=\"https:\/\/iberoid.com\/fr\/product\/liv-pro-gen-protector-hepatico-pharma-gen\/\" \/>\n<meta property=\"og:locale\" content=\"fr_FR\" \/>\n<meta property=\"og:type\" content=\"article\" \/>\n<meta property=\"og:title\" content=\"LIV PRO GEN\" \/>\n<meta property=\"og:description\" content=\"Prot\u00e8ge le foie contre les dommages caus\u00e9s par les radicaux libres et les polluants. Avantages: Contient des herbes qui aident\" \/>\n<meta property=\"og:url\" content=\"https:\/\/iberoid.com\/fr\/product\/liv-pro-gen-protector-hepatico-pharma-gen\/\" \/>\n<meta property=\"og:site_name\" content=\"(Espa\u00f1ol) Esteroides en l\u00ednea\" \/>\n<meta property=\"article:modified_time\" content=\"2024-12-12T22:29:14+00:00\" \/>\n<meta property=\"og:image\" content=\"https:\/\/iberoid.com\/wp-content\/uploads\/2023\/09\/liv-pro-gen.png?v=1694784022\" \/>\n\t<meta property=\"og:image:width\" content=\"1250\" \/>\n\t<meta property=\"og:image:height\" content=\"1100\" \/>\n\t<meta property=\"og:image:type\" content=\"image\/png\" \/>\n<meta name=\"twitter:card\" content=\"summary_large_image\" \/>\n<meta name=\"twitter:label1\" content=\"Prix\" \/>\n\t<meta name=\"twitter:data1\" content=\"&euro;25.00\" \/>\n\t<meta name=\"twitter:label2\" content=\"Disponibilit\u00e9\" \/>\n\t<meta name=\"twitter:data2\" content=\"Rupture de stock\" \/>\n<script type=\"application\/ld+json\" class=\"yoast-schema-graph\">{\"@context\":\"https:\/\/schema.org\",\"@graph\":[{\"@type\":\"WebPage\",\"@id\":\"https:\/\/iberoid.com\/fr\/product\/liv-pro-gen-protector-hepatico-pharma-gen\/\",\"url\":\"https:\/\/iberoid.com\/fr\/product\/liv-pro-gen-protector-hepatico-pharma-gen\/\",\"name\":\"LIV PRO GEN - (Espa\u00f1ol) Esteroides en l\u00ednea\",\"isPartOf\":{\"@id\":\"https:\/\/iberoid.com\/fr\/#website\"},\"primaryImageOfPage\":{\"@id\":\"https:\/\/iberoid.com\/fr\/product\/liv-pro-gen-protector-hepatico-pharma-gen\/#primaryimage\"},\"image\":{\"@id\":\"https:\/\/iberoid.com\/fr\/product\/liv-pro-gen-protector-hepatico-pharma-gen\/#primaryimage\"},\"thumbnailUrl\":\"https:\/\/iberoid.com\/wp-content\/uploads\/2023\/09\/liv-pro-gen.png?v=1694784022\",\"datePublished\":\"2023-09-15T13:16:41+00:00\",\"dateModified\":\"2024-12-12T22:29:14+00:00\",\"breadcrumb\":{\"@id\":\"https:\/\/iberoid.com\/fr\/product\/liv-pro-gen-protector-hepatico-pharma-gen\/#breadcrumb\"},\"inLanguage\":\"fr-FR\",\"potentialAction\":[{\"@type\":\"ReadAction\",\"target\":[[\"https:\/\/iberoid.com\/fr\/product\/liv-pro-gen-protector-hepatico-pharma-gen\/\"]]}]},{\"@type\":\"ImageObject\",\"inLanguage\":\"fr-FR\",\"@id\":\"https:\/\/iberoid.com\/fr\/product\/liv-pro-gen-protector-hepatico-pharma-gen\/#primaryimage\",\"url\":\"https:\/\/iberoid.com\/wp-content\/uploads\/2023\/09\/liv-pro-gen.png?v=1694784022\",\"contentUrl\":\"https:\/\/iberoid.com\/wp-content\/uploads\/2023\/09\/liv-pro-gen.png?v=1694784022\",\"width\":1250,\"height\":1100},{\"@type\":\"BreadcrumbList\",\"@id\":\"https:\/\/iberoid.com\/fr\/product\/liv-pro-gen-protector-hepatico-pharma-gen\/#breadcrumb\",\"itemListElement\":[{\"@type\":\"ListItem\",\"position\":1,\"name\":\"Portada\",\"item\":\"https:\/\/iberoid.com\/fr\/\"},{\"@type\":\"ListItem\",\"position\":2,\"name\":\"Magasin\",\"item\":\"https:\/\/iberoid.com\/fr\/shop\/\"},{\"@type\":\"ListItem\",\"position\":3,\"name\":\"LIV PRO GEN\"}]},{\"@type\":\"WebSite\",\"@id\":\"https:\/\/iberoid.com\/fr\/#website\",\"url\":\"https:\/\/iberoid.com\/fr\/\",\"name\":\"(Espa\u00f1ol) Esteroides en l\u00ednea\",\"description\":\"(Espa\u00f1ol) Comprar esteroides en l\u00ednea hoy en Espa\u00f1a y Portugal. Tenemos el mejor servicio al cliente en la industria y los productos de la m\u00e1s alta calidad\",\"potentialAction\":[{\"@type\":\"SearchAction\",\"target\":{\"@type\":\"EntryPoint\",\"urlTemplate\":\"https:\/\/iberoid.com\/fr\/?s={search_term_string}\"},\"query-input\":{\"@type\":\"PropertyValueSpecification\",\"valueRequired\":true,\"valueName\":\"search_term_string\"}}],\"inLanguage\":\"fr-FR\"}]}<\/script>\n<meta property=\"product:brand\" content=\"Pharma Gen\" \/>\n<meta property=\"product:price:amount\" content=\"25.00\" \/>\n<meta property=\"product:price:currency\" content=\"EUR\" \/>\n<meta property=\"og:availability\" content=\"out of stock\" \/>\n<meta property=\"product:availability\" content=\"out of stock\" \/>\n<meta property=\"product:condition\" content=\"new\" \/>\n<!-- \/ Yoast SEO Premium plugin. -->","yoast_head_json":{"title":"LIV PRO GEN - (Espa\u00f1ol) Esteroides en l\u00ednea","robots":{"index":"index","follow":"follow","max-snippet":"max-snippet:-1","max-image-preview":"max-image-preview:large","max-video-preview":"max-video-preview:-1"},"canonical":"https:\/\/iberoid.com\/fr\/product\/liv-pro-gen-protector-hepatico-pharma-gen\/","og_locale":"fr_FR","og_type":"article","og_title":"LIV PRO GEN","og_description":"Prot\u00e8ge le foie contre les dommages caus\u00e9s par les radicaux libres et les polluants. Avantages: Contient des herbes qui aident","og_url":"https:\/\/iberoid.com\/fr\/product\/liv-pro-gen-protector-hepatico-pharma-gen\/","og_site_name":"(Espa\u00f1ol) Esteroides en l\u00ednea","article_modified_time":"2024-12-12T22:29:14+00:00","og_image":[{"width":1250,"height":1100,"url":"https:\/\/iberoid.com\/wp-content\/uploads\/2023\/09\/liv-pro-gen.png?v=1694784022","type":"image\/png"}],"twitter_card":"summary_large_image","twitter_misc":{"Prix":"&euro;25.00","Disponibilit\u00e9":"Rupture de stock"},"schema":{"@context":"https:\/\/schema.org","@graph":[{"@type":"WebPage","@id":"https:\/\/iberoid.com\/fr\/product\/liv-pro-gen-protector-hepatico-pharma-gen\/","url":"https:\/\/iberoid.com\/fr\/product\/liv-pro-gen-protector-hepatico-pharma-gen\/","name":"LIV PRO GEN - (Espa\u00f1ol) Esteroides en l\u00ednea","isPartOf":{"@id":"https:\/\/iberoid.com\/fr\/#website"},"primaryImageOfPage":{"@id":"https:\/\/iberoid.com\/fr\/product\/liv-pro-gen-protector-hepatico-pharma-gen\/#primaryimage"},"image":{"@id":"https:\/\/iberoid.com\/fr\/product\/liv-pro-gen-protector-hepatico-pharma-gen\/#primaryimage"},"thumbnailUrl":"https:\/\/iberoid.com\/wp-content\/uploads\/2023\/09\/liv-pro-gen.png?v=1694784022","datePublished":"2023-09-15T13:16:41+00:00","dateModified":"2024-12-12T22:29:14+00:00","breadcrumb":{"@id":"https:\/\/iberoid.com\/fr\/product\/liv-pro-gen-protector-hepatico-pharma-gen\/#breadcrumb"},"inLanguage":"fr-FR","potentialAction":[{"@type":"ReadAction","target":[["https:\/\/iberoid.com\/fr\/product\/liv-pro-gen-protector-hepatico-pharma-gen\/"]]}]},{"@type":"ImageObject","inLanguage":"fr-FR","@id":"https:\/\/iberoid.com\/fr\/product\/liv-pro-gen-protector-hepatico-pharma-gen\/#primaryimage","url":"https:\/\/iberoid.com\/wp-content\/uploads\/2023\/09\/liv-pro-gen.png?v=1694784022","contentUrl":"https:\/\/iberoid.com\/wp-content\/uploads\/2023\/09\/liv-pro-gen.png?v=1694784022","width":1250,"height":1100},{"@type":"BreadcrumbList","@id":"https:\/\/iberoid.com\/fr\/product\/liv-pro-gen-protector-hepatico-pharma-gen\/#breadcrumb","itemListElement":[{"@type":"ListItem","position":1,"name":"Portada","item":"https:\/\/iberoid.com\/fr\/"},{"@type":"ListItem","position":2,"name":"Magasin","item":"https:\/\/iberoid.com\/fr\/shop\/"},{"@type":"ListItem","position":3,"name":"LIV PRO GEN"}]},{"@type":"WebSite","@id":"https:\/\/iberoid.com\/fr\/#website","url":"https:\/\/iberoid.com\/fr\/","name":"(Espa\u00f1ol) Esteroides en l\u00ednea","description":"(Espa\u00f1ol) Comprar esteroides en l\u00ednea hoy en Espa\u00f1a y Portugal. Tenemos el mejor servicio al cliente en la industria y los productos de la m\u00e1s alta calidad","potentialAction":[{"@type":"SearchAction","target":{"@type":"EntryPoint","urlTemplate":"https:\/\/iberoid.com\/fr\/?s={search_term_string}"},"query-input":{"@type":"PropertyValueSpecification","valueRequired":true,"valueName":"search_term_string"}}],"inLanguage":"fr-FR"}]},"product_brand":"Pharma Gen","product_price_amount":"25.00","product_price_currency":"EUR","og_availability":"out of stock","product_availability":"out of stock","product_condition":"new"},"_links":{"self":[{"href":"https:\/\/iberoid.com\/fr\/wp-json\/wp\/v2\/product\/8902","targetHints":{"allow":["GET"]}}],"collection":[{"href":"https:\/\/iberoid.com\/fr\/wp-json\/wp\/v2\/product"}],"about":[{"href":"https:\/\/iberoid.com\/fr\/wp-json\/wp\/v2\/types\/product"}],"replies":[{"embeddable":true,"href":"https:\/\/iberoid.com\/fr\/wp-json\/wp\/v2\/comments?post=8902"}],"wp:featuredmedia":[{"embeddable":true,"href":"https:\/\/iberoid.com\/fr\/wp-json\/wp\/v2\/media\/8909"}],"wp:attachment":[{"href":"https:\/\/iberoid.com\/fr\/wp-json\/wp\/v2\/media?parent=8902"}],"wp:term":[{"taxonomy":"product_brand","embeddable":true,"href":"https:\/\/iberoid.com\/fr\/wp-json\/wp\/v2\/product_brand?post=8902"},{"taxonomy":"product_cat","embeddable":true,"href":"https:\/\/iberoid.com\/fr\/wp-json\/wp\/v2\/product_cat?post=8902"},{"taxonomy":"product_tag","embeddable":true,"href":"https:\/\/iberoid.com\/fr\/wp-json\/wp\/v2\/product_tag?post=8902"}],"curies":[{"name":"wp","href":"https:\/\/api.w.org\/{rel}","templated":true}]}}