{"id":8910,"date":"2023-09-15T13:29:07","date_gmt":"2023-09-15T13:29:07","guid":{"rendered":"https:\/\/iberoid.com\/?post_type=product&#038;p=8910"},"modified":"2024-07-06T16:37:17","modified_gmt":"2024-07-06T16:37:17","slug":"dianabol-diamond-pharma-group","status":"publish","type":"product","link":"https:\/\/iberoid.com\/fr\/product\/dianabol-diamond-pharma-group\/","title":{"rendered":"DIANABOL 10 mg"},"content":{"rendered":"<p>Dianabol, \u00e9galement connu sous le nom de Methandrostenolone, est un st\u00e9ro\u00efde anabolisant androg\u00e8ne qui n&rsquo;a plus d&rsquo;usage m\u00e9dical. Initialement, il a \u00e9t\u00e9 d\u00e9velopp\u00e9 pour traiter l\u2019hypogonadisme, l\u2019ost\u00e9oporose post-m\u00e9nopausique et le nanisme hypophysaire. Cependant, il s\u2019est retrouv\u00e9 entre les mains des bodybuilders et des athl\u00e8tes pour le d\u00e9veloppement musculaire et l\u2019am\u00e9lioration des performances. Dianabol \u00e9tait populaire parmi les athl\u00e8tes dans les ann\u00e9es 80, \u00e0 l\u2019\u00e2ge d\u2019or du bodybuilding, et tout le monde en prenait. Mais maintenant, des versions meilleures et plus s\u00fbres de ces variantes synth\u00e9tiques de testost\u00e9rone ont \u00e9t\u00e9 d\u00e9velopp\u00e9es. Cependant, ils utilisent toujours le dianabol en combinaison avec d\u2019autres st\u00e9ro\u00efdes anabolisants pour stimuler l\u2019activit\u00e9 anabolisante du corps et obtenir des r\u00e9sultats optimaux en moins de temps. La th\u00e9rapie post-cycle est obligatoire apr\u00e8s avoir suivi un cycle de dianabol, sinon les effets secondaires pourraient compromettre votre sant\u00e9.<\/p>\n<p>Avantages<\/p>\n<p>Bien que le m\u00e9dicament n&rsquo;ait pas grand-chose \u00e0 offrir, il est pr\u00e9f\u00e9rable de le prendre comme amplificateur d&rsquo;autres st\u00e9ro\u00efdes anabolisants en combinaison, car il les aide \u00e0 afficher un impact maximal sur les gains et contribue \u00e9galement au physique g\u00e9n\u00e9ral de l&rsquo;athl\u00e8te. Ces avantages suppl\u00e9mentaires sont\u00a0:<\/p>\n<p>encourage les muscles \u00e0 se d\u00e9velopper<br \/>\nbruler les graisses<br \/>\naugmentation de l&rsquo;endurance et de l&rsquo;\u00e9nergie<br \/>\nr\u00e9sultats rapides<br \/>\nperformance globale<\/p>","protected":false},"excerpt":{"rendered":"<p>Dianabol, \u00e9galement connu sous le nom de Methandrostenolone, est un st\u00e9ro\u00efde anabolisant androg\u00e8ne qui n&rsquo;a plus d&rsquo;usage m\u00e9dical. Initialement, il<\/p>\n","protected":false},"featured_media":8922,"comment_status":"open","ping_status":"closed","template":"","meta":[],"product_brand":[],"product_cat":[73],"product_tag":[],"class_list":{"0":"post-8910","1":"product","2":"type-product","3":"status-publish","4":"has-post-thumbnail","6":"product_cat-ssteroides_orales","8":"first","9":"outofstock","10":"sale","11":"shipping-taxable","12":"purchasable","13":"product-type-simple"},"yoast_head":"<!-- This site is optimized with the Yoast SEO Premium plugin v24.4 (Yoast SEO v27.0) - https:\/\/yoast.com\/product\/yoast-seo-premium-wordpress\/ -->\n<title>DIANABOL 10 mg - (Espa\u00f1ol) Esteroides en l\u00ednea<\/title>\n<meta name=\"robots\" content=\"index, follow, max-snippet:-1, max-image-preview:large, max-video-preview:-1\" \/>\n<link rel=\"canonical\" href=\"https:\/\/iberoid.com\/fr\/product\/dianabol-diamond-pharma-group\/\" \/>\n<meta property=\"og:locale\" content=\"fr_FR\" \/>\n<meta property=\"og:type\" content=\"article\" \/>\n<meta property=\"og:title\" content=\"DIANABOL 10 mg\" \/>\n<meta property=\"og:description\" content=\"Dianabol, \u00e9galement connu sous le nom de Methandrostenolone, est un st\u00e9ro\u00efde anabolisant androg\u00e8ne qui n&rsquo;a plus d&rsquo;usage m\u00e9dical. Initialement, il\" \/>\n<meta property=\"og:url\" content=\"https:\/\/iberoid.com\/fr\/product\/dianabol-diamond-pharma-group\/\" \/>\n<meta property=\"og:site_name\" content=\"(Espa\u00f1ol) Esteroides en l\u00ednea\" \/>\n<meta property=\"article:modified_time\" content=\"2024-07-06T16:37:17+00:00\" \/>\n<meta property=\"og:image\" content=\"https:\/\/iberoid.com\/wp-content\/uploads\/2023\/09\/dianabol-10-2.png?v=1694787548\" \/>\n\t<meta property=\"og:image:width\" content=\"1250\" \/>\n\t<meta property=\"og:image:height\" content=\"1100\" \/>\n\t<meta property=\"og:image:type\" content=\"image\/png\" \/>\n<meta name=\"twitter:card\" content=\"summary_large_image\" \/>\n<meta name=\"twitter:label1\" content=\"Prix\" \/>\n\t<meta name=\"twitter:data1\" content=\"&euro;35.00\" \/>\n\t<meta name=\"twitter:label2\" content=\"Disponibilit\u00e9\" \/>\n\t<meta name=\"twitter:data2\" content=\"Rupture de stock\" \/>\n<script type=\"application\/ld+json\" class=\"yoast-schema-graph\">{\"@context\":\"https:\/\/schema.org\",\"@graph\":[{\"@type\":\"WebPage\",\"@id\":\"https:\/\/iberoid.com\/fr\/product\/dianabol-diamond-pharma-group\/\",\"url\":\"https:\/\/iberoid.com\/fr\/product\/dianabol-diamond-pharma-group\/\",\"name\":\"DIANABOL 10 mg - (Espa\u00f1ol) Esteroides en l\u00ednea\",\"isPartOf\":{\"@id\":\"https:\/\/iberoid.com\/fr\/#website\"},\"primaryImageOfPage\":{\"@id\":\"https:\/\/iberoid.com\/fr\/product\/dianabol-diamond-pharma-group\/#primaryimage\"},\"image\":{\"@id\":\"https:\/\/iberoid.com\/fr\/product\/dianabol-diamond-pharma-group\/#primaryimage\"},\"thumbnailUrl\":\"https:\/\/iberoid.com\/wp-content\/uploads\/2023\/09\/dianabol-10-2.png?v=1694787548\",\"datePublished\":\"2023-09-15T13:29:07+00:00\",\"dateModified\":\"2024-07-06T16:37:17+00:00\",\"breadcrumb\":{\"@id\":\"https:\/\/iberoid.com\/fr\/product\/dianabol-diamond-pharma-group\/#breadcrumb\"},\"inLanguage\":\"fr-FR\",\"potentialAction\":[{\"@type\":\"ReadAction\",\"target\":[[\"https:\/\/iberoid.com\/fr\/product\/dianabol-diamond-pharma-group\/\"]]}]},{\"@type\":\"ImageObject\",\"inLanguage\":\"fr-FR\",\"@id\":\"https:\/\/iberoid.com\/fr\/product\/dianabol-diamond-pharma-group\/#primaryimage\",\"url\":\"https:\/\/iberoid.com\/wp-content\/uploads\/2023\/09\/dianabol-10-2.png?v=1694787548\",\"contentUrl\":\"https:\/\/iberoid.com\/wp-content\/uploads\/2023\/09\/dianabol-10-2.png?v=1694787548\",\"width\":1250,\"height\":1100},{\"@type\":\"BreadcrumbList\",\"@id\":\"https:\/\/iberoid.com\/fr\/product\/dianabol-diamond-pharma-group\/#breadcrumb\",\"itemListElement\":[{\"@type\":\"ListItem\",\"position\":1,\"name\":\"Portada\",\"item\":\"https:\/\/iberoid.com\/fr\/\"},{\"@type\":\"ListItem\",\"position\":2,\"name\":\"Magasin\",\"item\":\"https:\/\/iberoid.com\/fr\/shop\/\"},{\"@type\":\"ListItem\",\"position\":3,\"name\":\"DIANABOL 10 mg\"}]},{\"@type\":\"WebSite\",\"@id\":\"https:\/\/iberoid.com\/fr\/#website\",\"url\":\"https:\/\/iberoid.com\/fr\/\",\"name\":\"(Espa\u00f1ol) Esteroides en l\u00ednea\",\"description\":\"(Espa\u00f1ol) Comprar esteroides en l\u00ednea hoy en Espa\u00f1a y Portugal. Tenemos el mejor servicio al cliente en la industria y los productos de la m\u00e1s alta calidad\",\"potentialAction\":[{\"@type\":\"SearchAction\",\"target\":{\"@type\":\"EntryPoint\",\"urlTemplate\":\"https:\/\/iberoid.com\/fr\/?s={search_term_string}\"},\"query-input\":{\"@type\":\"PropertyValueSpecification\",\"valueRequired\":true,\"valueName\":\"search_term_string\"}}],\"inLanguage\":\"fr-FR\"}]}<\/script>\n<meta property=\"product:brand\" content=\"Diamond Pharma\" \/>\n<meta property=\"product:price:amount\" content=\"35.00\" \/>\n<meta property=\"product:price:currency\" content=\"EUR\" \/>\n<meta property=\"og:availability\" content=\"out of stock\" \/>\n<meta property=\"product:availability\" content=\"out of stock\" \/>\n<meta property=\"product:condition\" content=\"new\" \/>\n<!-- \/ Yoast SEO Premium plugin. -->","yoast_head_json":{"title":"DIANABOL 10 mg - (Espa\u00f1ol) Esteroides en l\u00ednea","robots":{"index":"index","follow":"follow","max-snippet":"max-snippet:-1","max-image-preview":"max-image-preview:large","max-video-preview":"max-video-preview:-1"},"canonical":"https:\/\/iberoid.com\/fr\/product\/dianabol-diamond-pharma-group\/","og_locale":"fr_FR","og_type":"article","og_title":"DIANABOL 10 mg","og_description":"Dianabol, \u00e9galement connu sous le nom de Methandrostenolone, est un st\u00e9ro\u00efde anabolisant androg\u00e8ne qui n&rsquo;a plus d&rsquo;usage m\u00e9dical. Initialement, il","og_url":"https:\/\/iberoid.com\/fr\/product\/dianabol-diamond-pharma-group\/","og_site_name":"(Espa\u00f1ol) Esteroides en l\u00ednea","article_modified_time":"2024-07-06T16:37:17+00:00","og_image":[{"width":1250,"height":1100,"url":"https:\/\/iberoid.com\/wp-content\/uploads\/2023\/09\/dianabol-10-2.png?v=1694787548","type":"image\/png"}],"twitter_card":"summary_large_image","twitter_misc":{"Prix":"&euro;35.00","Disponibilit\u00e9":"Rupture de stock"},"schema":{"@context":"https:\/\/schema.org","@graph":[{"@type":"WebPage","@id":"https:\/\/iberoid.com\/fr\/product\/dianabol-diamond-pharma-group\/","url":"https:\/\/iberoid.com\/fr\/product\/dianabol-diamond-pharma-group\/","name":"DIANABOL 10 mg - (Espa\u00f1ol) Esteroides en l\u00ednea","isPartOf":{"@id":"https:\/\/iberoid.com\/fr\/#website"},"primaryImageOfPage":{"@id":"https:\/\/iberoid.com\/fr\/product\/dianabol-diamond-pharma-group\/#primaryimage"},"image":{"@id":"https:\/\/iberoid.com\/fr\/product\/dianabol-diamond-pharma-group\/#primaryimage"},"thumbnailUrl":"https:\/\/iberoid.com\/wp-content\/uploads\/2023\/09\/dianabol-10-2.png?v=1694787548","datePublished":"2023-09-15T13:29:07+00:00","dateModified":"2024-07-06T16:37:17+00:00","breadcrumb":{"@id":"https:\/\/iberoid.com\/fr\/product\/dianabol-diamond-pharma-group\/#breadcrumb"},"inLanguage":"fr-FR","potentialAction":[{"@type":"ReadAction","target":[["https:\/\/iberoid.com\/fr\/product\/dianabol-diamond-pharma-group\/"]]}]},{"@type":"ImageObject","inLanguage":"fr-FR","@id":"https:\/\/iberoid.com\/fr\/product\/dianabol-diamond-pharma-group\/#primaryimage","url":"https:\/\/iberoid.com\/wp-content\/uploads\/2023\/09\/dianabol-10-2.png?v=1694787548","contentUrl":"https:\/\/iberoid.com\/wp-content\/uploads\/2023\/09\/dianabol-10-2.png?v=1694787548","width":1250,"height":1100},{"@type":"BreadcrumbList","@id":"https:\/\/iberoid.com\/fr\/product\/dianabol-diamond-pharma-group\/#breadcrumb","itemListElement":[{"@type":"ListItem","position":1,"name":"Portada","item":"https:\/\/iberoid.com\/fr\/"},{"@type":"ListItem","position":2,"name":"Magasin","item":"https:\/\/iberoid.com\/fr\/shop\/"},{"@type":"ListItem","position":3,"name":"DIANABOL 10 mg"}]},{"@type":"WebSite","@id":"https:\/\/iberoid.com\/fr\/#website","url":"https:\/\/iberoid.com\/fr\/","name":"(Espa\u00f1ol) Esteroides en l\u00ednea","description":"(Espa\u00f1ol) Comprar esteroides en l\u00ednea hoy en Espa\u00f1a y Portugal. Tenemos el mejor servicio al cliente en la industria y los productos de la m\u00e1s alta calidad","potentialAction":[{"@type":"SearchAction","target":{"@type":"EntryPoint","urlTemplate":"https:\/\/iberoid.com\/fr\/?s={search_term_string}"},"query-input":{"@type":"PropertyValueSpecification","valueRequired":true,"valueName":"search_term_string"}}],"inLanguage":"fr-FR"}]},"product_brand":"Diamond Pharma","product_price_amount":"35.00","product_price_currency":"EUR","og_availability":"out of stock","product_availability":"out of stock","product_condition":"new"},"_links":{"self":[{"href":"https:\/\/iberoid.com\/fr\/wp-json\/wp\/v2\/product\/8910","targetHints":{"allow":["GET"]}}],"collection":[{"href":"https:\/\/iberoid.com\/fr\/wp-json\/wp\/v2\/product"}],"about":[{"href":"https:\/\/iberoid.com\/fr\/wp-json\/wp\/v2\/types\/product"}],"replies":[{"embeddable":true,"href":"https:\/\/iberoid.com\/fr\/wp-json\/wp\/v2\/comments?post=8910"}],"wp:featuredmedia":[{"embeddable":true,"href":"https:\/\/iberoid.com\/fr\/wp-json\/wp\/v2\/media\/8922"}],"wp:attachment":[{"href":"https:\/\/iberoid.com\/fr\/wp-json\/wp\/v2\/media?parent=8910"}],"wp:term":[{"taxonomy":"product_brand","embeddable":true,"href":"https:\/\/iberoid.com\/fr\/wp-json\/wp\/v2\/product_brand?post=8910"},{"taxonomy":"product_cat","embeddable":true,"href":"https:\/\/iberoid.com\/fr\/wp-json\/wp\/v2\/product_cat?post=8910"},{"taxonomy":"product_tag","embeddable":true,"href":"https:\/\/iberoid.com\/fr\/wp-json\/wp\/v2\/product_tag?post=8910"}],"curies":[{"name":"wp","href":"https:\/\/api.w.org\/{rel}","templated":true}]}}