{"id":8912,"date":"2023-09-15T13:34:30","date_gmt":"2023-09-15T13:34:30","guid":{"rendered":"https:\/\/iberoid.com\/?post_type=product&#038;p=8912"},"modified":"2024-12-05T21:03:53","modified_gmt":"2024-12-05T21:03:53","slug":"diaturabol-10-mg-turinabol-diamond-pharmagroup","status":"publish","type":"product","link":"https:\/\/iberoid.com\/fr\/product\/diaturabol-10-mg-turinabol-diamond-pharmagroup\/","title":{"rendered":"DIATURABOL 10 mg \/ TURINABOL"},"content":{"rendered":"<p>Turanabol est un st\u00e9ro\u00efde oral dont le principe actif est la chlorod\u00e9hydrom\u00e9thyltestost\u00e9rone.<br \/>\nIl ressemble le plus au Danabol, mais compar\u00e9 au Danabol, il contient une mol\u00e9cule suppl\u00e9mentaire de chlore. Cette diff\u00e9rence signifie que Turanabol ne provoque pas de r\u00e9tention d\u2019eau et ne provoque pas de gyn\u00e9comastie. (rares exceptions)<\/p>\n<p>Profil st\u00e9ro\u00efdien\u00a0:<br \/>\n&#8211; Activit\u00e9 anabolisante 180%<br \/>\n-activit\u00e9 androg\u00e8ne 50%<br \/>\n-aromatisation (conversion en \u0153strog\u00e8ne)-Non<br \/>\n-arr\u00eater sa propre production de testost\u00e9rone-Oui<br \/>\n&#8211; toxicit\u00e9 h\u00e9patique &#8211; mod\u00e9r\u00e9e<br \/>\n&#8211; p\u00e9riode active &#8211; 16 heures<br \/>\n&#8211; la p\u00e9riode de d\u00e9tection du test 250 jours<\/p>\n<p>Ce st\u00e9ro\u00efde a un effet durable.<br \/>\nL\u2019augmentation de la masse musculaire et de la force apparaissent progressivement, mais aussi la qualit\u00e9 musculaire est d\u2019une qualit\u00e9 sup\u00e9rieure selon les sportifs, par rapport aux autres st\u00e9ro\u00efdes oraux.<br \/>\nComme je l\u2019ai dit, le turanabol ne provoque pas de r\u00e9tention d\u2019eau et ne provoque pas de gyn\u00e9comastie. Ce n&rsquo;est pas aromatis\u00e9.<br \/>\nDes \u00e9tudes montrent que le turinabol r\u00e9duit le risque de formation de caillots sanguins dans les vaisseaux sanguins et le c\u0153ur.<\/p>\n<p>Traitements Turinabol.<br \/>\nLors des pr\u00e9paratifs pour les Jeux olympiques, le dosage optimal a \u00e9t\u00e9 choisi avec des effets secondaires r\u00e9duits au minimum. Cette dose est de 20 \u00e0 40 mg de Turanabol par jour, mais les bodybuilders ne tiennent pas compte de ces doses et d\u00e9passent de loin la dose atteignant 100 \u00e0 150 mg par jour.<\/p>\n<p>Turinabol peut \u00eatre utilis\u00e9 \u00e0 la fois pour les cycles de croissance et de d\u00e9finition musculaire. Si le cycle simple de Turinabol ne d\u00e9passe pas 6 \u00e0 8 semaines, l&rsquo;utilisation de pregnyl ou de gonadotrophine n&rsquo;est pas indiqu\u00e9e en post-cycle. Mais l&rsquo;utilisation du tamoxif\u00e8ne est indiqu\u00e9e.<\/p>\n<p>Le traitement simple par Turinabol est consid\u00e9r\u00e9 comme le cycle de st\u00e9ro\u00efdes le plus simple pour les d\u00e9butants avec des effets secondaires minimes. Pour le premier cycle, 40 mg de turinabol seront utilis\u00e9s quotidiennement pendant 6 semaines.<\/p>\n<p>\u00c9nanthate de testost\u00e9rone Turinabol<br \/>\nNous utiliserons de l&rsquo;\u00e9nanthate de testost\u00e9rone ou du sustanon 250 \u00e0 500 mg par semaine et 20 \u00e0 30 mg de turinabol. Pour augmenter la force et la masse musculaire.<\/p>\n<p>Les boxeurs, athl\u00e8tes, combattants et autres athl\u00e8tes qui ne souhaitent pas augmenter leur masse musculaire mais qui souhaitent am\u00e9liorer leurs r\u00e9sultats en mati\u00e8re de force et d&rsquo;endurance utiliseront une dose plus faible de 10 \u00e0 20 mg de turinabol par jour. Id\u00e9alement, il serait divis\u00e9 en 2 portions pour maintenir le niveau de substance active dans le sang tout au long de la journ\u00e9e.<br \/>\nCela n\u2019a aucun sens d\u2019\u00eatre utilis\u00e9 par ceux qui r\u00e9ussissent un contr\u00f4le antidopage, car la p\u00e9riode de d\u00e9tection est extr\u00eamement longue. Jusqu&rsquo;\u00e0 250 jours.<\/p>\n<p>Effets secondaires:<br \/>\nTurinabol est indiqu\u00e9 uniquement pour les hommes<br \/>\nChez la femme, il provoque un \u00e9paississement de la voix et une croissance des poils du visage ainsi que d\u2019autres effets androg\u00e8nes irr\u00e9versibles !<br \/>\nPour les hommes, il est d\u00e9conseill\u00e9 de d\u00e9passer le cycle de 8 semaines.<br \/>\nSi le d\u00e9lai est d\u00e9pass\u00e9, les effets secondaires suivants peuvent appara\u00eetre :<br \/>\n\u2043 maladies du foie<br \/>\n\u2043 Maladies de la prostate<br \/>\n\u2043 La peau grasse<br \/>\n\u2043 Insomnie<br \/>\n\u2043 Agression<br \/>\n\u2043 Fermeture des segments osseux (les jeunes ne grandissent plus)<br \/>\n\u2043 impuissance<\/p>\n<p>Ces effets secondaires ont \u00e9t\u00e9 rencontr\u00e9s chez des personnes ayant d\u00e9pass\u00e9 la dose recommand\u00e9e et ayant maintenu des cycles de turinabol entre 2 et 5 ans.<br \/>\nConsultez votre m\u00e9decin avant de commencer \u00e0 utiliser Turanabol.<\/p>","protected":false},"excerpt":{"rendered":"<p>Turanabol est un st\u00e9ro\u00efde oral dont le principe actif est la chlorod\u00e9hydrom\u00e9thyltestost\u00e9rone. Il ressemble le plus au Danabol, mais compar\u00e9<\/p>\n","protected":false},"featured_media":8915,"comment_status":"open","ping_status":"closed","template":"","meta":[],"product_brand":[],"product_cat":[73],"product_tag":[],"class_list":{"0":"post-8912","1":"product","2":"type-product","3":"status-publish","4":"has-post-thumbnail","6":"product_cat-ssteroides_orales","8":"first","9":"outofstock","10":"shipping-taxable","11":"purchasable","12":"product-type-simple"},"yoast_head":"<!-- This site is optimized with the Yoast SEO Premium plugin v24.4 (Yoast SEO v27.0) - https:\/\/yoast.com\/product\/yoast-seo-premium-wordpress\/ -->\n<title>DIATURABOL 10 mg \/ TURINABOL - (Espa\u00f1ol) Esteroides en l\u00ednea<\/title>\n<meta name=\"robots\" content=\"index, follow, max-snippet:-1, max-image-preview:large, max-video-preview:-1\" \/>\n<link rel=\"canonical\" href=\"https:\/\/iberoid.com\/fr\/product\/diaturabol-10-mg-turinabol-diamond-pharmagroup\/\" \/>\n<meta property=\"og:locale\" content=\"fr_FR\" \/>\n<meta property=\"og:type\" content=\"article\" \/>\n<meta property=\"og:title\" content=\"DIATURABOL 10 mg \/ TURINABOL\" \/>\n<meta property=\"og:description\" content=\"Turanabol est un st\u00e9ro\u00efde oral dont le principe actif est la chlorod\u00e9hydrom\u00e9thyltestost\u00e9rone. Il ressemble le plus au Danabol, mais compar\u00e9\" \/>\n<meta property=\"og:url\" content=\"https:\/\/iberoid.com\/fr\/product\/diaturabol-10-mg-turinabol-diamond-pharmagroup\/\" \/>\n<meta property=\"og:site_name\" content=\"(Espa\u00f1ol) Esteroides en l\u00ednea\" \/>\n<meta property=\"article:modified_time\" content=\"2024-12-05T21:03:53+00:00\" \/>\n<meta property=\"og:image\" content=\"https:\/\/iberoid.com\/wp-content\/uploads\/2023\/09\/diaturabol-10-2-1.png?v=1694784744\" \/>\n\t<meta property=\"og:image:width\" content=\"1250\" \/>\n\t<meta property=\"og:image:height\" content=\"1100\" \/>\n\t<meta property=\"og:image:type\" content=\"image\/png\" \/>\n<meta name=\"twitter:card\" content=\"summary_large_image\" \/>\n<meta name=\"twitter:label1\" content=\"Prix\" \/>\n\t<meta name=\"twitter:data1\" content=\"&euro;45.00\" \/>\n\t<meta name=\"twitter:label2\" content=\"Disponibilit\u00e9\" \/>\n\t<meta name=\"twitter:data2\" content=\"Rupture de stock\" \/>\n<script type=\"application\/ld+json\" class=\"yoast-schema-graph\">{\"@context\":\"https:\/\/schema.org\",\"@graph\":[{\"@type\":\"WebPage\",\"@id\":\"https:\/\/iberoid.com\/fr\/product\/diaturabol-10-mg-turinabol-diamond-pharmagroup\/\",\"url\":\"https:\/\/iberoid.com\/fr\/product\/diaturabol-10-mg-turinabol-diamond-pharmagroup\/\",\"name\":\"DIATURABOL 10 mg \/ TURINABOL - (Espa\u00f1ol) Esteroides en l\u00ednea\",\"isPartOf\":{\"@id\":\"https:\/\/iberoid-shop.com\/#website\"},\"primaryImageOfPage\":{\"@id\":\"https:\/\/iberoid.com\/fr\/product\/diaturabol-10-mg-turinabol-diamond-pharmagroup\/#primaryimage\"},\"image\":{\"@id\":\"https:\/\/iberoid.com\/fr\/product\/diaturabol-10-mg-turinabol-diamond-pharmagroup\/#primaryimage\"},\"thumbnailUrl\":\"https:\/\/iberoid.com\/wp-content\/uploads\/2023\/09\/diaturabol-10-2-1.png?v=1694784744\",\"datePublished\":\"2023-09-15T13:34:30+00:00\",\"dateModified\":\"2024-12-05T21:03:53+00:00\",\"breadcrumb\":{\"@id\":\"https:\/\/iberoid.com\/fr\/product\/diaturabol-10-mg-turinabol-diamond-pharmagroup\/#breadcrumb\"},\"inLanguage\":\"fr-FR\",\"potentialAction\":[{\"@type\":\"ReadAction\",\"target\":[[\"https:\/\/iberoid.com\/fr\/product\/diaturabol-10-mg-turinabol-diamond-pharmagroup\/\"]]}]},{\"@type\":\"ImageObject\",\"inLanguage\":\"fr-FR\",\"@id\":\"https:\/\/iberoid.com\/fr\/product\/diaturabol-10-mg-turinabol-diamond-pharmagroup\/#primaryimage\",\"url\":\"https:\/\/iberoid.com\/wp-content\/uploads\/2023\/09\/diaturabol-10-2-1.png?v=1694784744\",\"contentUrl\":\"https:\/\/iberoid.com\/wp-content\/uploads\/2023\/09\/diaturabol-10-2-1.png?v=1694784744\",\"width\":1250,\"height\":1100},{\"@type\":\"BreadcrumbList\",\"@id\":\"https:\/\/iberoid.com\/fr\/product\/diaturabol-10-mg-turinabol-diamond-pharmagroup\/#breadcrumb\",\"itemListElement\":[{\"@type\":\"ListItem\",\"position\":1,\"name\":\"Portada\",\"item\":\"https:\/\/iberoid.com\/fr\/\"},{\"@type\":\"ListItem\",\"position\":2,\"name\":\"Magasin\",\"item\":\"https:\/\/iberoid.com\/fr\/shop\/\"},{\"@type\":\"ListItem\",\"position\":3,\"name\":\"DIATURABOL 10 mg \/ TURINABOL\"}]},{\"@type\":\"WebSite\",\"@id\":\"https:\/\/iberoid-shop.com\/#website\",\"url\":\"https:\/\/iberoid-shop.com\/\",\"name\":\"(Espa\u00f1ol) Esteroides en l\u00ednea\",\"description\":\"(Espa\u00f1ol) Comprar esteroides en l\u00ednea hoy en Espa\u00f1a y Portugal. Tenemos el mejor servicio al cliente en la industria y los productos de la m\u00e1s alta calidad\",\"potentialAction\":[{\"@type\":\"SearchAction\",\"target\":{\"@type\":\"EntryPoint\",\"urlTemplate\":\"https:\/\/iberoid-shop.com\/?s={search_term_string}\"},\"query-input\":{\"@type\":\"PropertyValueSpecification\",\"valueRequired\":true,\"valueName\":\"search_term_string\"}}],\"inLanguage\":\"fr-FR\"}]}<\/script>\n<meta property=\"product:brand\" content=\"Diamond Pharma\" \/>\n<meta property=\"product:price:amount\" content=\"45.00\" \/>\n<meta property=\"product:price:currency\" content=\"EUR\" \/>\n<meta property=\"og:availability\" content=\"out of stock\" \/>\n<meta property=\"product:availability\" content=\"out of stock\" \/>\n<meta property=\"product:condition\" content=\"new\" \/>\n<!-- \/ Yoast SEO Premium plugin. -->","yoast_head_json":{"title":"DIATURABOL 10 mg \/ TURINABOL - (Espa\u00f1ol) Esteroides en l\u00ednea","robots":{"index":"index","follow":"follow","max-snippet":"max-snippet:-1","max-image-preview":"max-image-preview:large","max-video-preview":"max-video-preview:-1"},"canonical":"https:\/\/iberoid.com\/fr\/product\/diaturabol-10-mg-turinabol-diamond-pharmagroup\/","og_locale":"fr_FR","og_type":"article","og_title":"DIATURABOL 10 mg \/ TURINABOL","og_description":"Turanabol est un st\u00e9ro\u00efde oral dont le principe actif est la chlorod\u00e9hydrom\u00e9thyltestost\u00e9rone. Il ressemble le plus au Danabol, mais compar\u00e9","og_url":"https:\/\/iberoid.com\/fr\/product\/diaturabol-10-mg-turinabol-diamond-pharmagroup\/","og_site_name":"(Espa\u00f1ol) Esteroides en l\u00ednea","article_modified_time":"2024-12-05T21:03:53+00:00","og_image":[{"width":1250,"height":1100,"url":"https:\/\/iberoid.com\/wp-content\/uploads\/2023\/09\/diaturabol-10-2-1.png?v=1694784744","type":"image\/png"}],"twitter_card":"summary_large_image","twitter_misc":{"Prix":"&euro;45.00","Disponibilit\u00e9":"Rupture de stock"},"schema":{"@context":"https:\/\/schema.org","@graph":[{"@type":"WebPage","@id":"https:\/\/iberoid.com\/fr\/product\/diaturabol-10-mg-turinabol-diamond-pharmagroup\/","url":"https:\/\/iberoid.com\/fr\/product\/diaturabol-10-mg-turinabol-diamond-pharmagroup\/","name":"DIATURABOL 10 mg \/ TURINABOL - (Espa\u00f1ol) Esteroides en l\u00ednea","isPartOf":{"@id":"https:\/\/iberoid-shop.com\/#website"},"primaryImageOfPage":{"@id":"https:\/\/iberoid.com\/fr\/product\/diaturabol-10-mg-turinabol-diamond-pharmagroup\/#primaryimage"},"image":{"@id":"https:\/\/iberoid.com\/fr\/product\/diaturabol-10-mg-turinabol-diamond-pharmagroup\/#primaryimage"},"thumbnailUrl":"https:\/\/iberoid.com\/wp-content\/uploads\/2023\/09\/diaturabol-10-2-1.png?v=1694784744","datePublished":"2023-09-15T13:34:30+00:00","dateModified":"2024-12-05T21:03:53+00:00","breadcrumb":{"@id":"https:\/\/iberoid.com\/fr\/product\/diaturabol-10-mg-turinabol-diamond-pharmagroup\/#breadcrumb"},"inLanguage":"fr-FR","potentialAction":[{"@type":"ReadAction","target":[["https:\/\/iberoid.com\/fr\/product\/diaturabol-10-mg-turinabol-diamond-pharmagroup\/"]]}]},{"@type":"ImageObject","inLanguage":"fr-FR","@id":"https:\/\/iberoid.com\/fr\/product\/diaturabol-10-mg-turinabol-diamond-pharmagroup\/#primaryimage","url":"https:\/\/iberoid.com\/wp-content\/uploads\/2023\/09\/diaturabol-10-2-1.png?v=1694784744","contentUrl":"https:\/\/iberoid.com\/wp-content\/uploads\/2023\/09\/diaturabol-10-2-1.png?v=1694784744","width":1250,"height":1100},{"@type":"BreadcrumbList","@id":"https:\/\/iberoid.com\/fr\/product\/diaturabol-10-mg-turinabol-diamond-pharmagroup\/#breadcrumb","itemListElement":[{"@type":"ListItem","position":1,"name":"Portada","item":"https:\/\/iberoid.com\/fr\/"},{"@type":"ListItem","position":2,"name":"Magasin","item":"https:\/\/iberoid.com\/fr\/shop\/"},{"@type":"ListItem","position":3,"name":"DIATURABOL 10 mg \/ TURINABOL"}]},{"@type":"WebSite","@id":"https:\/\/iberoid-shop.com\/#website","url":"https:\/\/iberoid-shop.com\/","name":"(Espa\u00f1ol) Esteroides en l\u00ednea","description":"(Espa\u00f1ol) Comprar esteroides en l\u00ednea hoy en Espa\u00f1a y Portugal. Tenemos el mejor servicio al cliente en la industria y los productos de la m\u00e1s alta calidad","potentialAction":[{"@type":"SearchAction","target":{"@type":"EntryPoint","urlTemplate":"https:\/\/iberoid-shop.com\/?s={search_term_string}"},"query-input":{"@type":"PropertyValueSpecification","valueRequired":true,"valueName":"search_term_string"}}],"inLanguage":"fr-FR"}]},"product_brand":"Diamond Pharma","product_price_amount":"45.00","product_price_currency":"EUR","og_availability":"out of stock","product_availability":"out of stock","product_condition":"new"},"_links":{"self":[{"href":"https:\/\/iberoid.com\/fr\/wp-json\/wp\/v2\/product\/8912","targetHints":{"allow":["GET"]}}],"collection":[{"href":"https:\/\/iberoid.com\/fr\/wp-json\/wp\/v2\/product"}],"about":[{"href":"https:\/\/iberoid.com\/fr\/wp-json\/wp\/v2\/types\/product"}],"replies":[{"embeddable":true,"href":"https:\/\/iberoid.com\/fr\/wp-json\/wp\/v2\/comments?post=8912"}],"wp:featuredmedia":[{"embeddable":true,"href":"https:\/\/iberoid.com\/fr\/wp-json\/wp\/v2\/media\/8915"}],"wp:attachment":[{"href":"https:\/\/iberoid.com\/fr\/wp-json\/wp\/v2\/media?parent=8912"}],"wp:term":[{"taxonomy":"product_brand","embeddable":true,"href":"https:\/\/iberoid.com\/fr\/wp-json\/wp\/v2\/product_brand?post=8912"},{"taxonomy":"product_cat","embeddable":true,"href":"https:\/\/iberoid.com\/fr\/wp-json\/wp\/v2\/product_cat?post=8912"},{"taxonomy":"product_tag","embeddable":true,"href":"https:\/\/iberoid.com\/fr\/wp-json\/wp\/v2\/product_tag?post=8912"}],"curies":[{"name":"wp","href":"https:\/\/api.w.org\/{rel}","templated":true}]}}