{"id":8935,"date":"2023-09-23T14:26:02","date_gmt":"2023-09-23T14:26:02","guid":{"rendered":"https:\/\/iberoid.com\/?post_type=product&#038;p=8935"},"modified":"2024-04-04T20:38:05","modified_gmt":"2024-04-04T20:38:05","slug":"testoged-p-testosteron-propionate","status":"publish","type":"product","link":"https:\/\/iberoid.com\/fr\/product\/testoged-p-testosteron-propionate\/","title":{"rendered":"Testoged P \/ TESTOSTERON PROPIONATE"},"content":{"rendered":"<p><strong>Testoged P \/ TESTOSTERON PROPIONATE<\/strong> de Golden Dragon Pharmaceuticals est un st\u00e9ro\u00efde \u00e0 base de propionate de testost\u00e9rone. Disponible sous forme de liquide pour injection. Une ampoule de 10 ml contient 100 mg\/ml de substance active.<\/p>\n<p>La base de Testoged P Golden Dragon est le propionate de testost\u00e9rone, qui est le st\u00e9ro\u00efde le plus populaire parmi les bodybuilders. Gr\u00e2ce aux caract\u00e9ristiques structurelles de la formule chimique, il favorise un d\u00e9veloppement musculaire efficace sans risque d&rsquo;accumulation excessive de liquide dans les tissus.<\/p>\n<p><strong>Efficacit\u00e9<\/strong><\/p>\n<p>Pendant le cours Testoged P Golden Dragon, les effets suivants sont observ\u00e9s :<\/p>\n<ul>\n<li>normalisation du bilan azot\u00e9 dans les cellules tissulaires;<\/li>\n<li>d\u00e9velopper du volume musculaire en peu de temps;<\/li>\n<li>stimuler la production d&rsquo;hormone de croissance analogue \u00e0 l&rsquo;insuline pour d\u00e9clencher une hyperplasie musculaire\u00a0;<\/li>\n<li>r\u00e9duction des amas graisseux avec lib\u00e9ration de portions d\u2019\u00e9nergie, qui sont consacr\u00e9es aux besoins actuels du corps de l\u2019athl\u00e8te ;<\/li>\n<li>am\u00e9lioration des indicateurs musculaires de base &#8211; densit\u00e9 et soulagement musculaires ;<\/li>\n<li>augmentation du d\u00e9sir sexuel pendant le cours\u00a0;<\/li>\n<li>pr\u00e9vention des maladies du syst\u00e8me cardiovasculaire (maladie coronarienne, maladie coronarienne).<\/li>\n<\/ul>\n<p><strong>Testoged P<\/strong> n&rsquo;a pas d&rsquo;effet toxique sur le foie, mais est capable de se transformer en \u0153strog\u00e8nes et de bloquer l&rsquo;axe hypothalamo-testiculaire-hypophysaire.<\/p>","protected":false},"excerpt":{"rendered":"<p>Testoged P \/ TESTOSTERON PROPIONATE de Golden Dragon Pharmaceuticals est un st\u00e9ro\u00efde \u00e0 base de propionate de testost\u00e9rone. Disponible sous<\/p>\n","protected":false},"featured_media":6690,"comment_status":"open","ping_status":"closed","template":"","meta":[],"product_brand":[],"product_cat":[69],"product_tag":[],"class_list":{"0":"post-8935","1":"product","2":"type-product","3":"status-publish","4":"has-post-thumbnail","6":"product_cat-esteroides_inyectables","8":"first","9":"outofstock","10":"featured","11":"shipping-taxable","12":"purchasable","13":"product-type-simple"},"yoast_head":"<!-- This site is optimized with the Yoast SEO Premium plugin v24.4 (Yoast SEO v27.0) - https:\/\/yoast.com\/product\/yoast-seo-premium-wordpress\/ -->\n<title>Testoged P \/ TESTOSTERON PROPIONATE - (Espa\u00f1ol) Esteroides en l\u00ednea<\/title>\n<meta name=\"robots\" content=\"index, follow, max-snippet:-1, max-image-preview:large, max-video-preview:-1\" \/>\n<link rel=\"canonical\" href=\"https:\/\/iberoid.com\/fr\/product\/testoged-p-testosteron-propionate\/\" \/>\n<meta property=\"og:locale\" content=\"fr_FR\" \/>\n<meta property=\"og:type\" content=\"article\" \/>\n<meta property=\"og:title\" content=\"Testoged P \/ TESTOSTERON PROPIONATE\" \/>\n<meta property=\"og:description\" content=\"Testoged P \/ TESTOSTERON PROPIONATE de Golden Dragon Pharmaceuticals est un st\u00e9ro\u00efde \u00e0 base de propionate de testost\u00e9rone. Disponible sous\" \/>\n<meta property=\"og:url\" content=\"https:\/\/iberoid.com\/fr\/product\/testoged-p-testosteron-propionate\/\" \/>\n<meta property=\"og:site_name\" content=\"(Espa\u00f1ol) Esteroides en l\u00ednea\" \/>\n<meta property=\"article:modified_time\" content=\"2024-04-04T20:38:05+00:00\" \/>\n<meta property=\"og:image\" content=\"https:\/\/iberoid.com\/wp-content\/uploads\/2021\/08\/TESTOGED-P.jpg?v=1699545810\" \/>\n\t<meta property=\"og:image:width\" content=\"500\" \/>\n\t<meta property=\"og:image:height\" content=\"500\" \/>\n\t<meta property=\"og:image:type\" content=\"image\/jpeg\" \/>\n<meta name=\"twitter:card\" content=\"summary_large_image\" \/>\n<meta name=\"twitter:label1\" content=\"Prix\" \/>\n\t<meta name=\"twitter:data1\" content=\"&euro;25.00\" \/>\n\t<meta name=\"twitter:label2\" content=\"Disponibilit\u00e9\" \/>\n\t<meta name=\"twitter:data2\" content=\"Rupture de stock\" \/>\n<script type=\"application\/ld+json\" class=\"yoast-schema-graph\">{\"@context\":\"https:\/\/schema.org\",\"@graph\":[{\"@type\":\"WebPage\",\"@id\":\"https:\/\/iberoid.com\/fr\/product\/testoged-p-testosteron-propionate\/\",\"url\":\"https:\/\/iberoid.com\/fr\/product\/testoged-p-testosteron-propionate\/\",\"name\":\"Testoged P \/ TESTOSTERON PROPIONATE - (Espa\u00f1ol) Esteroides en l\u00ednea\",\"isPartOf\":{\"@id\":\"https:\/\/iberoid-shop.com\/#website\"},\"primaryImageOfPage\":{\"@id\":\"https:\/\/iberoid.com\/fr\/product\/testoged-p-testosteron-propionate\/#primaryimage\"},\"image\":{\"@id\":\"https:\/\/iberoid.com\/fr\/product\/testoged-p-testosteron-propionate\/#primaryimage\"},\"thumbnailUrl\":\"https:\/\/iberoid.com\/wp-content\/uploads\/2021\/08\/TESTOGED-P.jpg?v=1699545810\",\"datePublished\":\"2023-09-23T14:26:02+00:00\",\"dateModified\":\"2024-04-04T20:38:05+00:00\",\"breadcrumb\":{\"@id\":\"https:\/\/iberoid.com\/fr\/product\/testoged-p-testosteron-propionate\/#breadcrumb\"},\"inLanguage\":\"fr-FR\",\"potentialAction\":[{\"@type\":\"ReadAction\",\"target\":[[\"https:\/\/iberoid.com\/fr\/product\/testoged-p-testosteron-propionate\/\"]]}]},{\"@type\":\"ImageObject\",\"inLanguage\":\"fr-FR\",\"@id\":\"https:\/\/iberoid.com\/fr\/product\/testoged-p-testosteron-propionate\/#primaryimage\",\"url\":\"https:\/\/iberoid.com\/wp-content\/uploads\/2021\/08\/TESTOGED-P.jpg?v=1699545810\",\"contentUrl\":\"https:\/\/iberoid.com\/wp-content\/uploads\/2021\/08\/TESTOGED-P.jpg?v=1699545810\",\"width\":500,\"height\":500},{\"@type\":\"BreadcrumbList\",\"@id\":\"https:\/\/iberoid.com\/fr\/product\/testoged-p-testosteron-propionate\/#breadcrumb\",\"itemListElement\":[{\"@type\":\"ListItem\",\"position\":1,\"name\":\"Portada\",\"item\":\"https:\/\/iberoid.com\/fr\/\"},{\"@type\":\"ListItem\",\"position\":2,\"name\":\"Magasin\",\"item\":\"https:\/\/iberoid.com\/fr\/shop\/\"},{\"@type\":\"ListItem\",\"position\":3,\"name\":\"Testoged P \/ TESTOSTERON PROPIONATE\"}]},{\"@type\":\"WebSite\",\"@id\":\"https:\/\/iberoid-shop.com\/#website\",\"url\":\"https:\/\/iberoid-shop.com\/\",\"name\":\"(Espa\u00f1ol) Esteroides en l\u00ednea\",\"description\":\"(Espa\u00f1ol) Comprar esteroides en l\u00ednea hoy en Espa\u00f1a y Portugal. Tenemos el mejor servicio al cliente en la industria y los productos de la m\u00e1s alta calidad\",\"potentialAction\":[{\"@type\":\"SearchAction\",\"target\":{\"@type\":\"EntryPoint\",\"urlTemplate\":\"https:\/\/iberoid-shop.com\/?s={search_term_string}\"},\"query-input\":{\"@type\":\"PropertyValueSpecification\",\"valueRequired\":true,\"valueName\":\"search_term_string\"}}],\"inLanguage\":\"fr-FR\"}]}<\/script>\n<meta property=\"product:brand\" content=\"Golden Dragon\" \/>\n<meta property=\"product:price:amount\" content=\"25.00\" \/>\n<meta property=\"product:price:currency\" content=\"EUR\" \/>\n<meta property=\"og:availability\" content=\"out of stock\" \/>\n<meta property=\"product:availability\" content=\"out of stock\" \/>\n<meta property=\"product:condition\" content=\"new\" \/>\n<!-- \/ Yoast SEO Premium plugin. -->","yoast_head_json":{"title":"Testoged P \/ TESTOSTERON PROPIONATE - (Espa\u00f1ol) Esteroides en l\u00ednea","robots":{"index":"index","follow":"follow","max-snippet":"max-snippet:-1","max-image-preview":"max-image-preview:large","max-video-preview":"max-video-preview:-1"},"canonical":"https:\/\/iberoid.com\/fr\/product\/testoged-p-testosteron-propionate\/","og_locale":"fr_FR","og_type":"article","og_title":"Testoged P \/ TESTOSTERON PROPIONATE","og_description":"Testoged P \/ TESTOSTERON PROPIONATE de Golden Dragon Pharmaceuticals est un st\u00e9ro\u00efde \u00e0 base de propionate de testost\u00e9rone. Disponible sous","og_url":"https:\/\/iberoid.com\/fr\/product\/testoged-p-testosteron-propionate\/","og_site_name":"(Espa\u00f1ol) Esteroides en l\u00ednea","article_modified_time":"2024-04-04T20:38:05+00:00","og_image":[{"width":500,"height":500,"url":"https:\/\/iberoid.com\/wp-content\/uploads\/2021\/08\/TESTOGED-P.jpg?v=1699545810","type":"image\/jpeg"}],"twitter_card":"summary_large_image","twitter_misc":{"Prix":"&euro;25.00","Disponibilit\u00e9":"Rupture de stock"},"schema":{"@context":"https:\/\/schema.org","@graph":[{"@type":"WebPage","@id":"https:\/\/iberoid.com\/fr\/product\/testoged-p-testosteron-propionate\/","url":"https:\/\/iberoid.com\/fr\/product\/testoged-p-testosteron-propionate\/","name":"Testoged P \/ TESTOSTERON PROPIONATE - (Espa\u00f1ol) Esteroides en l\u00ednea","isPartOf":{"@id":"https:\/\/iberoid-shop.com\/#website"},"primaryImageOfPage":{"@id":"https:\/\/iberoid.com\/fr\/product\/testoged-p-testosteron-propionate\/#primaryimage"},"image":{"@id":"https:\/\/iberoid.com\/fr\/product\/testoged-p-testosteron-propionate\/#primaryimage"},"thumbnailUrl":"https:\/\/iberoid.com\/wp-content\/uploads\/2021\/08\/TESTOGED-P.jpg?v=1699545810","datePublished":"2023-09-23T14:26:02+00:00","dateModified":"2024-04-04T20:38:05+00:00","breadcrumb":{"@id":"https:\/\/iberoid.com\/fr\/product\/testoged-p-testosteron-propionate\/#breadcrumb"},"inLanguage":"fr-FR","potentialAction":[{"@type":"ReadAction","target":[["https:\/\/iberoid.com\/fr\/product\/testoged-p-testosteron-propionate\/"]]}]},{"@type":"ImageObject","inLanguage":"fr-FR","@id":"https:\/\/iberoid.com\/fr\/product\/testoged-p-testosteron-propionate\/#primaryimage","url":"https:\/\/iberoid.com\/wp-content\/uploads\/2021\/08\/TESTOGED-P.jpg?v=1699545810","contentUrl":"https:\/\/iberoid.com\/wp-content\/uploads\/2021\/08\/TESTOGED-P.jpg?v=1699545810","width":500,"height":500},{"@type":"BreadcrumbList","@id":"https:\/\/iberoid.com\/fr\/product\/testoged-p-testosteron-propionate\/#breadcrumb","itemListElement":[{"@type":"ListItem","position":1,"name":"Portada","item":"https:\/\/iberoid.com\/fr\/"},{"@type":"ListItem","position":2,"name":"Magasin","item":"https:\/\/iberoid.com\/fr\/shop\/"},{"@type":"ListItem","position":3,"name":"Testoged P \/ TESTOSTERON PROPIONATE"}]},{"@type":"WebSite","@id":"https:\/\/iberoid-shop.com\/#website","url":"https:\/\/iberoid-shop.com\/","name":"(Espa\u00f1ol) Esteroides en l\u00ednea","description":"(Espa\u00f1ol) Comprar esteroides en l\u00ednea hoy en Espa\u00f1a y Portugal. Tenemos el mejor servicio al cliente en la industria y los productos de la m\u00e1s alta calidad","potentialAction":[{"@type":"SearchAction","target":{"@type":"EntryPoint","urlTemplate":"https:\/\/iberoid-shop.com\/?s={search_term_string}"},"query-input":{"@type":"PropertyValueSpecification","valueRequired":true,"valueName":"search_term_string"}}],"inLanguage":"fr-FR"}]},"product_brand":"Golden Dragon","product_price_amount":"25.00","product_price_currency":"EUR","og_availability":"out of stock","product_availability":"out of stock","product_condition":"new"},"_links":{"self":[{"href":"https:\/\/iberoid.com\/fr\/wp-json\/wp\/v2\/product\/8935","targetHints":{"allow":["GET"]}}],"collection":[{"href":"https:\/\/iberoid.com\/fr\/wp-json\/wp\/v2\/product"}],"about":[{"href":"https:\/\/iberoid.com\/fr\/wp-json\/wp\/v2\/types\/product"}],"replies":[{"embeddable":true,"href":"https:\/\/iberoid.com\/fr\/wp-json\/wp\/v2\/comments?post=8935"}],"wp:featuredmedia":[{"embeddable":true,"href":"https:\/\/iberoid.com\/fr\/wp-json\/wp\/v2\/media\/6690"}],"wp:attachment":[{"href":"https:\/\/iberoid.com\/fr\/wp-json\/wp\/v2\/media?parent=8935"}],"wp:term":[{"taxonomy":"product_brand","embeddable":true,"href":"https:\/\/iberoid.com\/fr\/wp-json\/wp\/v2\/product_brand?post=8935"},{"taxonomy":"product_cat","embeddable":true,"href":"https:\/\/iberoid.com\/fr\/wp-json\/wp\/v2\/product_cat?post=8935"},{"taxonomy":"product_tag","embeddable":true,"href":"https:\/\/iberoid.com\/fr\/wp-json\/wp\/v2\/product_tag?post=8935"}],"curies":[{"name":"wp","href":"https:\/\/api.w.org\/{rel}","templated":true}]}}