{"id":8981,"date":"2023-10-06T18:25:14","date_gmt":"2023-10-06T18:25:14","guid":{"rendered":"https:\/\/iberoid.com\/?post_type=product&#038;p=8981"},"modified":"2025-03-29T10:39:30","modified_gmt":"2025-03-29T10:39:30","slug":"testosterone-blend-250mg-sustanon-genetic-life-science-lab","status":"publish","type":"product","link":"https:\/\/iberoid.com\/fr\/product\/testosterone-blend-250mg-sustanon-genetic-life-science-lab\/","title":{"rendered":"Testosterone Blend 250mg"},"content":{"rendered":"<p>Fabricant\u00a0:\u00a0<strong>Genetic Life Science<\/strong><\/p>\n<p>Emballage\u00a0:\u00a0<strong>10\u00a0ampoules de 1\u00a0ml (250\u00a0mg\/ml)<\/strong><\/p>\n<p>Substance active\u00a0:\u00a0<strong>D\u00e9canoate de testost\u00e9rone 100\u00a0mg, Isocaproate de testost\u00e9rone 60\u00a0mg, Ph\u00e9nyprop de testost\u00e9rone. 60 mg, propionate de testost\u00e9rone 30 mg<\/strong><\/p>\n<p>Testosterone Blend est le m\u00e9dicament fabriqu\u00e9 en m\u00e9langeant quelques esters de testost\u00e9rone diff\u00e9rents. Il contient le principe actif testost\u00e9rone sous 4 formes\u00a0: d\u00e9canoate de testost\u00e9rone, propionate de testost\u00e9rone, ph\u00e9nylpropionate de testost\u00e9rone et isocaproate de testost\u00e9rone.<\/p>\n<p>La testost\u00e9rone est une hormone masculine naturelle qui fait partie du groupe des hormones androg\u00e8nes. Il est n\u00e9cessaire \u00e0 la croissance, au d\u00e9veloppement et au fonctionnement normaux des organes g\u00e9nitaux masculins, au d\u00e9veloppement des caract\u00e9ristiques masculines secondaires.<\/p>\n<p>Testosterone Blend est utilis\u00e9 chez les hommes pour remplacer la testost\u00e9rone afin de traiter divers probl\u00e8mes de sant\u00e9 caus\u00e9s par un manque de testost\u00e9rone (hypogonadisme masculin). Ceci doit \u00eatre confirm\u00e9 par deux mesures distinctes de testost\u00e9rone dans le sang et inclure \u00e9galement des sympt\u00f4mes cliniques tels que l&rsquo;impuissance, l&rsquo;infertilit\u00e9, un faible d\u00e9sir sexuel, la fatigue, la d\u00e9pression, la perte osseuse caus\u00e9e par un faible niveau d&rsquo;hormone testost\u00e9rone.<\/p>\n<p>Une allergie \u00e0 la testost\u00e9rone ou \u00e0 tout autre composant de ce m\u00e9dicament.<br \/>\nCancer de la prostate ou du sein androg\u00e8ne-d\u00e9pendant.<br \/>\nGrossesse et allaitement.<br \/>\nPersonnes de moins de 18 ans.<\/p>","protected":false},"excerpt":{"rendered":"<p>Fabricant\u00a0:\u00a0Genetic Life Science Emballage\u00a0:\u00a010\u00a0ampoules de 1\u00a0ml (250\u00a0mg\/ml) Substance active\u00a0:\u00a0D\u00e9canoate de testost\u00e9rone 100\u00a0mg, Isocaproate de testost\u00e9rone 60\u00a0mg, Ph\u00e9nyprop de testost\u00e9rone. 60<\/p>\n","protected":false},"featured_media":8983,"comment_status":"open","ping_status":"closed","template":"","meta":[],"product_brand":[],"product_cat":[69],"product_tag":[],"class_list":{"0":"post-8981","1":"product","2":"type-product","3":"status-publish","4":"has-post-thumbnail","6":"product_cat-esteroides_inyectables","8":"first","9":"outofstock","10":"shipping-taxable","11":"purchasable","12":"product-type-simple"},"yoast_head":"<!-- This site is optimized with the Yoast SEO Premium plugin v24.4 (Yoast SEO v27.0) - https:\/\/yoast.com\/product\/yoast-seo-premium-wordpress\/ -->\n<title>Testosterone Blend 250mg - (Espa\u00f1ol) Esteroides en l\u00ednea<\/title>\n<meta name=\"robots\" content=\"index, follow, max-snippet:-1, max-image-preview:large, max-video-preview:-1\" \/>\n<link rel=\"canonical\" href=\"https:\/\/iberoid.com\/fr\/product\/testosterone-blend-250mg-sustanon-genetic-life-science-lab\/\" \/>\n<meta property=\"og:locale\" content=\"fr_FR\" \/>\n<meta property=\"og:type\" content=\"article\" \/>\n<meta property=\"og:title\" content=\"Testosterone Blend 250mg\" \/>\n<meta property=\"og:description\" content=\"Fabricant\u00a0:\u00a0Genetic Life Science Emballage\u00a0:\u00a010\u00a0ampoules de 1\u00a0ml (250\u00a0mg\/ml) Substance active\u00a0:\u00a0D\u00e9canoate de testost\u00e9rone 100\u00a0mg, Isocaproate de testost\u00e9rone 60\u00a0mg, Ph\u00e9nyprop de testost\u00e9rone. 60\" \/>\n<meta property=\"og:url\" content=\"https:\/\/iberoid.com\/fr\/product\/testosterone-blend-250mg-sustanon-genetic-life-science-lab\/\" \/>\n<meta property=\"og:site_name\" content=\"(Espa\u00f1ol) Esteroides en l\u00ednea\" \/>\n<meta property=\"article:modified_time\" content=\"2025-03-29T10:39:30+00:00\" \/>\n<meta property=\"og:image\" content=\"https:\/\/iberoid.com\/wp-content\/uploads\/2023\/10\/ispn6jtzpi-1668536403.jpg?v=1696616659\" \/>\n\t<meta property=\"og:image:width\" content=\"2200\" \/>\n\t<meta property=\"og:image:height\" content=\"1540\" \/>\n\t<meta property=\"og:image:type\" content=\"image\/jpeg\" \/>\n<meta name=\"twitter:card\" content=\"summary_large_image\" \/>\n<meta name=\"twitter:label1\" content=\"Prix\" \/>\n\t<meta name=\"twitter:data1\" content=\"&euro;50.00\" \/>\n\t<meta name=\"twitter:label2\" content=\"Disponibilit\u00e9\" \/>\n\t<meta name=\"twitter:data2\" content=\"Rupture de stock\" \/>\n<script type=\"application\/ld+json\" class=\"yoast-schema-graph\">{\"@context\":\"https:\/\/schema.org\",\"@graph\":[{\"@type\":\"WebPage\",\"@id\":\"https:\/\/iberoid.com\/fr\/product\/testosterone-blend-250mg-sustanon-genetic-life-science-lab\/\",\"url\":\"https:\/\/iberoid.com\/fr\/product\/testosterone-blend-250mg-sustanon-genetic-life-science-lab\/\",\"name\":\"Testosterone Blend 250mg - (Espa\u00f1ol) Esteroides en l\u00ednea\",\"isPartOf\":{\"@id\":\"https:\/\/iberoid.com\/fr\/#website\"},\"primaryImageOfPage\":{\"@id\":\"https:\/\/iberoid.com\/fr\/product\/testosterone-blend-250mg-sustanon-genetic-life-science-lab\/#primaryimage\"},\"image\":{\"@id\":\"https:\/\/iberoid.com\/fr\/product\/testosterone-blend-250mg-sustanon-genetic-life-science-lab\/#primaryimage\"},\"thumbnailUrl\":\"https:\/\/iberoid.com\/wp-content\/uploads\/2023\/10\/ispn6jtzpi-1668536403.jpg?v=1696616659\",\"datePublished\":\"2023-10-06T18:25:14+00:00\",\"dateModified\":\"2025-03-29T10:39:30+00:00\",\"breadcrumb\":{\"@id\":\"https:\/\/iberoid.com\/fr\/product\/testosterone-blend-250mg-sustanon-genetic-life-science-lab\/#breadcrumb\"},\"inLanguage\":\"fr-FR\",\"potentialAction\":[{\"@type\":\"ReadAction\",\"target\":[[\"https:\/\/iberoid.com\/fr\/product\/testosterone-blend-250mg-sustanon-genetic-life-science-lab\/\"]]}]},{\"@type\":\"ImageObject\",\"inLanguage\":\"fr-FR\",\"@id\":\"https:\/\/iberoid.com\/fr\/product\/testosterone-blend-250mg-sustanon-genetic-life-science-lab\/#primaryimage\",\"url\":\"https:\/\/iberoid.com\/wp-content\/uploads\/2023\/10\/ispn6jtzpi-1668536403.jpg?v=1696616659\",\"contentUrl\":\"https:\/\/iberoid.com\/wp-content\/uploads\/2023\/10\/ispn6jtzpi-1668536403.jpg?v=1696616659\",\"width\":2200,\"height\":1540},{\"@type\":\"BreadcrumbList\",\"@id\":\"https:\/\/iberoid.com\/fr\/product\/testosterone-blend-250mg-sustanon-genetic-life-science-lab\/#breadcrumb\",\"itemListElement\":[{\"@type\":\"ListItem\",\"position\":1,\"name\":\"Portada\",\"item\":\"https:\/\/iberoid.com\/fr\/\"},{\"@type\":\"ListItem\",\"position\":2,\"name\":\"Magasin\",\"item\":\"https:\/\/iberoid.com\/fr\/shop\/\"},{\"@type\":\"ListItem\",\"position\":3,\"name\":\"Testosterone Blend 250mg\"}]},{\"@type\":\"WebSite\",\"@id\":\"https:\/\/iberoid.com\/fr\/#website\",\"url\":\"https:\/\/iberoid.com\/fr\/\",\"name\":\"(Espa\u00f1ol) Esteroides en l\u00ednea\",\"description\":\"(Espa\u00f1ol) Comprar esteroides en l\u00ednea hoy en Espa\u00f1a y Portugal. Tenemos el mejor servicio al cliente en la industria y los productos de la m\u00e1s alta calidad\",\"potentialAction\":[{\"@type\":\"SearchAction\",\"target\":{\"@type\":\"EntryPoint\",\"urlTemplate\":\"https:\/\/iberoid.com\/fr\/?s={search_term_string}\"},\"query-input\":{\"@type\":\"PropertyValueSpecification\",\"valueRequired\":true,\"valueName\":\"search_term_string\"}}],\"inLanguage\":\"fr-FR\"}]}<\/script>\n<meta property=\"product:brand\" content=\"Genetic Life Science\" \/>\n<meta property=\"product:price:amount\" content=\"50.00\" \/>\n<meta property=\"product:price:currency\" content=\"EUR\" \/>\n<meta property=\"og:availability\" content=\"out of stock\" \/>\n<meta property=\"product:availability\" content=\"out of stock\" \/>\n<meta property=\"product:condition\" content=\"new\" \/>\n<!-- \/ Yoast SEO Premium plugin. -->","yoast_head_json":{"title":"Testosterone Blend 250mg - (Espa\u00f1ol) Esteroides en l\u00ednea","robots":{"index":"index","follow":"follow","max-snippet":"max-snippet:-1","max-image-preview":"max-image-preview:large","max-video-preview":"max-video-preview:-1"},"canonical":"https:\/\/iberoid.com\/fr\/product\/testosterone-blend-250mg-sustanon-genetic-life-science-lab\/","og_locale":"fr_FR","og_type":"article","og_title":"Testosterone Blend 250mg","og_description":"Fabricant\u00a0:\u00a0Genetic Life Science Emballage\u00a0:\u00a010\u00a0ampoules de 1\u00a0ml (250\u00a0mg\/ml) Substance active\u00a0:\u00a0D\u00e9canoate de testost\u00e9rone 100\u00a0mg, Isocaproate de testost\u00e9rone 60\u00a0mg, Ph\u00e9nyprop de testost\u00e9rone. 60","og_url":"https:\/\/iberoid.com\/fr\/product\/testosterone-blend-250mg-sustanon-genetic-life-science-lab\/","og_site_name":"(Espa\u00f1ol) Esteroides en l\u00ednea","article_modified_time":"2025-03-29T10:39:30+00:00","og_image":[{"width":2200,"height":1540,"url":"https:\/\/iberoid.com\/wp-content\/uploads\/2023\/10\/ispn6jtzpi-1668536403.jpg?v=1696616659","type":"image\/jpeg"}],"twitter_card":"summary_large_image","twitter_misc":{"Prix":"&euro;50.00","Disponibilit\u00e9":"Rupture de stock"},"schema":{"@context":"https:\/\/schema.org","@graph":[{"@type":"WebPage","@id":"https:\/\/iberoid.com\/fr\/product\/testosterone-blend-250mg-sustanon-genetic-life-science-lab\/","url":"https:\/\/iberoid.com\/fr\/product\/testosterone-blend-250mg-sustanon-genetic-life-science-lab\/","name":"Testosterone Blend 250mg - (Espa\u00f1ol) Esteroides en l\u00ednea","isPartOf":{"@id":"https:\/\/iberoid.com\/fr\/#website"},"primaryImageOfPage":{"@id":"https:\/\/iberoid.com\/fr\/product\/testosterone-blend-250mg-sustanon-genetic-life-science-lab\/#primaryimage"},"image":{"@id":"https:\/\/iberoid.com\/fr\/product\/testosterone-blend-250mg-sustanon-genetic-life-science-lab\/#primaryimage"},"thumbnailUrl":"https:\/\/iberoid.com\/wp-content\/uploads\/2023\/10\/ispn6jtzpi-1668536403.jpg?v=1696616659","datePublished":"2023-10-06T18:25:14+00:00","dateModified":"2025-03-29T10:39:30+00:00","breadcrumb":{"@id":"https:\/\/iberoid.com\/fr\/product\/testosterone-blend-250mg-sustanon-genetic-life-science-lab\/#breadcrumb"},"inLanguage":"fr-FR","potentialAction":[{"@type":"ReadAction","target":[["https:\/\/iberoid.com\/fr\/product\/testosterone-blend-250mg-sustanon-genetic-life-science-lab\/"]]}]},{"@type":"ImageObject","inLanguage":"fr-FR","@id":"https:\/\/iberoid.com\/fr\/product\/testosterone-blend-250mg-sustanon-genetic-life-science-lab\/#primaryimage","url":"https:\/\/iberoid.com\/wp-content\/uploads\/2023\/10\/ispn6jtzpi-1668536403.jpg?v=1696616659","contentUrl":"https:\/\/iberoid.com\/wp-content\/uploads\/2023\/10\/ispn6jtzpi-1668536403.jpg?v=1696616659","width":2200,"height":1540},{"@type":"BreadcrumbList","@id":"https:\/\/iberoid.com\/fr\/product\/testosterone-blend-250mg-sustanon-genetic-life-science-lab\/#breadcrumb","itemListElement":[{"@type":"ListItem","position":1,"name":"Portada","item":"https:\/\/iberoid.com\/fr\/"},{"@type":"ListItem","position":2,"name":"Magasin","item":"https:\/\/iberoid.com\/fr\/shop\/"},{"@type":"ListItem","position":3,"name":"Testosterone Blend 250mg"}]},{"@type":"WebSite","@id":"https:\/\/iberoid.com\/fr\/#website","url":"https:\/\/iberoid.com\/fr\/","name":"(Espa\u00f1ol) Esteroides en l\u00ednea","description":"(Espa\u00f1ol) Comprar esteroides en l\u00ednea hoy en Espa\u00f1a y Portugal. Tenemos el mejor servicio al cliente en la industria y los productos de la m\u00e1s alta calidad","potentialAction":[{"@type":"SearchAction","target":{"@type":"EntryPoint","urlTemplate":"https:\/\/iberoid.com\/fr\/?s={search_term_string}"},"query-input":{"@type":"PropertyValueSpecification","valueRequired":true,"valueName":"search_term_string"}}],"inLanguage":"fr-FR"}]},"product_brand":"Genetic Life Science","product_price_amount":"50.00","product_price_currency":"EUR","og_availability":"out of stock","product_availability":"out of stock","product_condition":"new"},"_links":{"self":[{"href":"https:\/\/iberoid.com\/fr\/wp-json\/wp\/v2\/product\/8981","targetHints":{"allow":["GET"]}}],"collection":[{"href":"https:\/\/iberoid.com\/fr\/wp-json\/wp\/v2\/product"}],"about":[{"href":"https:\/\/iberoid.com\/fr\/wp-json\/wp\/v2\/types\/product"}],"replies":[{"embeddable":true,"href":"https:\/\/iberoid.com\/fr\/wp-json\/wp\/v2\/comments?post=8981"}],"wp:featuredmedia":[{"embeddable":true,"href":"https:\/\/iberoid.com\/fr\/wp-json\/wp\/v2\/media\/8983"}],"wp:attachment":[{"href":"https:\/\/iberoid.com\/fr\/wp-json\/wp\/v2\/media?parent=8981"}],"wp:term":[{"taxonomy":"product_brand","embeddable":true,"href":"https:\/\/iberoid.com\/fr\/wp-json\/wp\/v2\/product_brand?post=8981"},{"taxonomy":"product_cat","embeddable":true,"href":"https:\/\/iberoid.com\/fr\/wp-json\/wp\/v2\/product_cat?post=8981"},{"taxonomy":"product_tag","embeddable":true,"href":"https:\/\/iberoid.com\/fr\/wp-json\/wp\/v2\/product_tag?post=8981"}],"curies":[{"name":"wp","href":"https:\/\/api.w.org\/{rel}","templated":true}]}}