{"id":8996,"date":"2023-10-06T18:40:51","date_gmt":"2023-10-06T18:40:51","guid":{"rendered":"https:\/\/iberoid.com\/?post_type=product&#038;p=8996"},"modified":"2024-09-15T13:28:05","modified_gmt":"2024-09-15T13:28:05","slug":"vidalista-60mg","status":"publish","type":"product","link":"https:\/\/iberoid.com\/fr\/product\/vidalista-60mg\/","title":{"rendered":"VIDALISTA 60 MG\/1 BLISTER\/20  TABLETAS"},"content":{"rendered":"<p><strong>VIDALISTA 60MG \/ 1 BLISTER \/ 10 comprim\u00e9s<\/strong><\/p>\n<p>Le comprim\u00e9 Vidalista 60 mg est utilis\u00e9 pour traiter la dysfonction \u00e9rectile chez les hommes. Il augmente le flux sanguin vers le p\u00e9nis pour aider les hommes \u00e0 obtenir une \u00e9rection. Il agit en aidant \u00e0 rel\u00e2cher les veines de votre p\u00e9nis, permettant au sang de circuler dans votre p\u00e9nis lorsque vous \u00eates physiquement \u00e9nergique.<\/p>\n<p>Le comprim\u00e9 Vidalista 60 mg peut \u00eatre pris en cas de faim ou au cours d&rsquo;un d\u00eener. Il doit \u00eatre pris conform\u00e9ment aux recommandations de votre m\u00e9decin traitant. Le m\u00e9dicament vous aidera probablement \u00e0 obtenir une \u00e9rection si vous \u00eates physiquement revigor\u00e9. Vous devriez le prendre environ une heure avant d\u2019avoir des relations sexuelles. Le temps de travail n\u00e9cessaire varie d&rsquo;un individu \u00e0 l&rsquo;autre, mais cela prend g\u00e9n\u00e9ralement entre 30 et 60 minutes. Prenez-le \u00e9ventuellement si vous le souhaitez et qu&rsquo;il vous a \u00e9t\u00e9 approuv\u00e9 par un sp\u00e9cialiste.<\/p>\n<p><strong>Utilisations du comprim\u00e9 Vidalista 60 mg :<\/strong><\/p>\n<ul>\n<li>Traitement de la dysfonction \u00e9rectile<\/li>\n<\/ul>\n<p><strong>B\u00e9n\u00e9fices du comprim\u00e9 Vidalista 60 mg :<\/strong><\/p>\n<p>Dans le traitement de la dysfonction \u00e9rectile\u00a0:<\/p>\n<p>Le comprim\u00e9 Vidalista 60 mg a sa place dans un groupe de m\u00e9dicaments appel\u00e9s inhibiteurs de pde5. Cela agit en rel\u00e2chant les veines de votre p\u00e9nis. Cela permet au sang de circuler dans le p\u00e9nis et de produire une \u00e9rection lorsqu&rsquo;il est physiquement excit\u00e9.<\/p>\n<p><strong>M\u00e9canisme d&rsquo;action Vidalista 60 mg, comprim\u00e9 :<\/strong><\/p>\n<p>Vidalista 60 mg, comprim\u00e9 est un inhibiteur de la phosphodiest\u00e9rase (pde-5). Il agit contre la dysfonction \u00e9rectile en \u00e9largissant le flux sanguin vers le p\u00e9nis en rel\u00e2chant les muscles des veines p\u00e9niennes.<\/p>","protected":false},"excerpt":{"rendered":"<p>VIDALISTA 60MG \/ 1 BLISTER \/ 10 comprim\u00e9s Le comprim\u00e9 Vidalista 60 mg est utilis\u00e9 pour traiter la dysfonction \u00e9rectile<\/p>\n","protected":false},"featured_media":8998,"comment_status":"open","ping_status":"closed","template":"","meta":[],"product_brand":[],"product_cat":[73],"product_tag":[],"class_list":{"0":"post-8996","1":"product","2":"type-product","3":"status-publish","4":"has-post-thumbnail","6":"product_cat-ssteroides_orales","8":"first","9":"outofstock","10":"shipping-taxable","11":"purchasable","12":"product-type-simple"},"yoast_head":"<!-- This site is optimized with the Yoast SEO Premium plugin v24.4 (Yoast SEO v27.0) - https:\/\/yoast.com\/product\/yoast-seo-premium-wordpress\/ -->\n<title>VIDALISTA 60 MG\/1 BLISTER\/20 TABLETAS - (Espa\u00f1ol) Esteroides en l\u00ednea<\/title>\n<meta name=\"robots\" content=\"index, follow, max-snippet:-1, max-image-preview:large, max-video-preview:-1\" \/>\n<link rel=\"canonical\" href=\"https:\/\/iberoid.com\/fr\/product\/vidalista-60mg\/\" \/>\n<meta property=\"og:locale\" content=\"fr_FR\" \/>\n<meta property=\"og:type\" content=\"article\" \/>\n<meta property=\"og:title\" content=\"VIDALISTA 60 MG\/1 BLISTER\/20 TABLETAS\" \/>\n<meta property=\"og:description\" content=\"VIDALISTA 60MG \/ 1 BLISTER \/ 10 comprim\u00e9s Le comprim\u00e9 Vidalista 60 mg est utilis\u00e9 pour traiter la dysfonction \u00e9rectile\" \/>\n<meta property=\"og:url\" content=\"https:\/\/iberoid.com\/fr\/product\/vidalista-60mg\/\" \/>\n<meta property=\"og:site_name\" content=\"(Espa\u00f1ol) Esteroides en l\u00ednea\" \/>\n<meta property=\"article:modified_time\" content=\"2024-09-15T13:28:05+00:00\" \/>\n<meta property=\"og:image\" content=\"https:\/\/iberoid.com\/wp-content\/uploads\/2023\/10\/vidalista-602064.webp\" \/>\n\t<meta property=\"og:image:width\" content=\"600\" \/>\n\t<meta property=\"og:image:height\" content=\"600\" \/>\n\t<meta property=\"og:image:type\" content=\"image\/webp\" \/>\n<meta name=\"twitter:card\" content=\"summary_large_image\" \/>\n<meta name=\"twitter:label1\" content=\"Prix\" \/>\n\t<meta name=\"twitter:data1\" content=\"&euro;20.00\" \/>\n\t<meta name=\"twitter:label2\" content=\"Disponibilit\u00e9\" \/>\n\t<meta name=\"twitter:data2\" content=\"Rupture de stock\" \/>\n<script type=\"application\/ld+json\" class=\"yoast-schema-graph\">{\"@context\":\"https:\/\/schema.org\",\"@graph\":[{\"@type\":\"WebPage\",\"@id\":\"https:\/\/iberoid.com\/fr\/product\/vidalista-60mg\/\",\"url\":\"https:\/\/iberoid.com\/fr\/product\/vidalista-60mg\/\",\"name\":\"VIDALISTA 60 MG\/1 BLISTER\/20 TABLETAS - (Espa\u00f1ol) Esteroides en l\u00ednea\",\"isPartOf\":{\"@id\":\"https:\/\/iberoid.com\/fr\/#website\"},\"primaryImageOfPage\":{\"@id\":\"https:\/\/iberoid.com\/fr\/product\/vidalista-60mg\/#primaryimage\"},\"image\":{\"@id\":\"https:\/\/iberoid.com\/fr\/product\/vidalista-60mg\/#primaryimage\"},\"thumbnailUrl\":\"https:\/\/iberoid.com\/wp-content\/uploads\/2023\/10\/vidalista-602064.webp\",\"datePublished\":\"2023-10-06T18:40:51+00:00\",\"dateModified\":\"2024-09-15T13:28:05+00:00\",\"breadcrumb\":{\"@id\":\"https:\/\/iberoid.com\/fr\/product\/vidalista-60mg\/#breadcrumb\"},\"inLanguage\":\"fr-FR\",\"potentialAction\":[{\"@type\":\"ReadAction\",\"target\":[[\"https:\/\/iberoid.com\/fr\/product\/vidalista-60mg\/\"]]}]},{\"@type\":\"ImageObject\",\"inLanguage\":\"fr-FR\",\"@id\":\"https:\/\/iberoid.com\/fr\/product\/vidalista-60mg\/#primaryimage\",\"url\":\"https:\/\/iberoid.com\/wp-content\/uploads\/2023\/10\/vidalista-602064.webp\",\"contentUrl\":\"https:\/\/iberoid.com\/wp-content\/uploads\/2023\/10\/vidalista-602064.webp\",\"width\":600,\"height\":600},{\"@type\":\"BreadcrumbList\",\"@id\":\"https:\/\/iberoid.com\/fr\/product\/vidalista-60mg\/#breadcrumb\",\"itemListElement\":[{\"@type\":\"ListItem\",\"position\":1,\"name\":\"Portada\",\"item\":\"https:\/\/iberoid.com\/fr\/\"},{\"@type\":\"ListItem\",\"position\":2,\"name\":\"Magasin\",\"item\":\"https:\/\/iberoid.com\/fr\/shop\/\"},{\"@type\":\"ListItem\",\"position\":3,\"name\":\"VIDALISTA 60 MG\/1 BLISTER\/20 TABLETAS\"}]},{\"@type\":\"WebSite\",\"@id\":\"https:\/\/iberoid.com\/fr\/#website\",\"url\":\"https:\/\/iberoid.com\/fr\/\",\"name\":\"(Espa\u00f1ol) Esteroides en l\u00ednea\",\"description\":\"(Espa\u00f1ol) Comprar esteroides en l\u00ednea hoy en Espa\u00f1a y Portugal. Tenemos el mejor servicio al cliente en la industria y los productos de la m\u00e1s alta calidad\",\"potentialAction\":[{\"@type\":\"SearchAction\",\"target\":{\"@type\":\"EntryPoint\",\"urlTemplate\":\"https:\/\/iberoid.com\/fr\/?s={search_term_string}\"},\"query-input\":{\"@type\":\"PropertyValueSpecification\",\"valueRequired\":true,\"valueName\":\"search_term_string\"}}],\"inLanguage\":\"fr-FR\"}]}<\/script>\n<meta property=\"product:price:amount\" content=\"20.00\" \/>\n<meta property=\"product:price:currency\" content=\"EUR\" \/>\n<meta property=\"og:availability\" content=\"out of stock\" \/>\n<meta property=\"product:availability\" content=\"out of stock\" \/>\n<meta property=\"product:condition\" content=\"new\" \/>\n<!-- \/ Yoast SEO Premium plugin. -->","yoast_head_json":{"title":"VIDALISTA 60 MG\/1 BLISTER\/20 TABLETAS - (Espa\u00f1ol) Esteroides en l\u00ednea","robots":{"index":"index","follow":"follow","max-snippet":"max-snippet:-1","max-image-preview":"max-image-preview:large","max-video-preview":"max-video-preview:-1"},"canonical":"https:\/\/iberoid.com\/fr\/product\/vidalista-60mg\/","og_locale":"fr_FR","og_type":"article","og_title":"VIDALISTA 60 MG\/1 BLISTER\/20 TABLETAS","og_description":"VIDALISTA 60MG \/ 1 BLISTER \/ 10 comprim\u00e9s Le comprim\u00e9 Vidalista 60 mg est utilis\u00e9 pour traiter la dysfonction \u00e9rectile","og_url":"https:\/\/iberoid.com\/fr\/product\/vidalista-60mg\/","og_site_name":"(Espa\u00f1ol) Esteroides en l\u00ednea","article_modified_time":"2024-09-15T13:28:05+00:00","og_image":[{"width":600,"height":600,"url":"https:\/\/iberoid.com\/wp-content\/uploads\/2023\/10\/vidalista-602064.webp","type":"image\/webp"}],"twitter_card":"summary_large_image","twitter_misc":{"Prix":"&euro;20.00","Disponibilit\u00e9":"Rupture de stock"},"schema":{"@context":"https:\/\/schema.org","@graph":[{"@type":"WebPage","@id":"https:\/\/iberoid.com\/fr\/product\/vidalista-60mg\/","url":"https:\/\/iberoid.com\/fr\/product\/vidalista-60mg\/","name":"VIDALISTA 60 MG\/1 BLISTER\/20 TABLETAS - (Espa\u00f1ol) Esteroides en l\u00ednea","isPartOf":{"@id":"https:\/\/iberoid.com\/fr\/#website"},"primaryImageOfPage":{"@id":"https:\/\/iberoid.com\/fr\/product\/vidalista-60mg\/#primaryimage"},"image":{"@id":"https:\/\/iberoid.com\/fr\/product\/vidalista-60mg\/#primaryimage"},"thumbnailUrl":"https:\/\/iberoid.com\/wp-content\/uploads\/2023\/10\/vidalista-602064.webp","datePublished":"2023-10-06T18:40:51+00:00","dateModified":"2024-09-15T13:28:05+00:00","breadcrumb":{"@id":"https:\/\/iberoid.com\/fr\/product\/vidalista-60mg\/#breadcrumb"},"inLanguage":"fr-FR","potentialAction":[{"@type":"ReadAction","target":[["https:\/\/iberoid.com\/fr\/product\/vidalista-60mg\/"]]}]},{"@type":"ImageObject","inLanguage":"fr-FR","@id":"https:\/\/iberoid.com\/fr\/product\/vidalista-60mg\/#primaryimage","url":"https:\/\/iberoid.com\/wp-content\/uploads\/2023\/10\/vidalista-602064.webp","contentUrl":"https:\/\/iberoid.com\/wp-content\/uploads\/2023\/10\/vidalista-602064.webp","width":600,"height":600},{"@type":"BreadcrumbList","@id":"https:\/\/iberoid.com\/fr\/product\/vidalista-60mg\/#breadcrumb","itemListElement":[{"@type":"ListItem","position":1,"name":"Portada","item":"https:\/\/iberoid.com\/fr\/"},{"@type":"ListItem","position":2,"name":"Magasin","item":"https:\/\/iberoid.com\/fr\/shop\/"},{"@type":"ListItem","position":3,"name":"VIDALISTA 60 MG\/1 BLISTER\/20 TABLETAS"}]},{"@type":"WebSite","@id":"https:\/\/iberoid.com\/fr\/#website","url":"https:\/\/iberoid.com\/fr\/","name":"(Espa\u00f1ol) Esteroides en l\u00ednea","description":"(Espa\u00f1ol) Comprar esteroides en l\u00ednea hoy en Espa\u00f1a y Portugal. Tenemos el mejor servicio al cliente en la industria y los productos de la m\u00e1s alta calidad","potentialAction":[{"@type":"SearchAction","target":{"@type":"EntryPoint","urlTemplate":"https:\/\/iberoid.com\/fr\/?s={search_term_string}"},"query-input":{"@type":"PropertyValueSpecification","valueRequired":true,"valueName":"search_term_string"}}],"inLanguage":"fr-FR"}]},"product_price_amount":"20.00","product_price_currency":"EUR","og_availability":"out of stock","product_availability":"out of stock","product_condition":"new"},"_links":{"self":[{"href":"https:\/\/iberoid.com\/fr\/wp-json\/wp\/v2\/product\/8996","targetHints":{"allow":["GET"]}}],"collection":[{"href":"https:\/\/iberoid.com\/fr\/wp-json\/wp\/v2\/product"}],"about":[{"href":"https:\/\/iberoid.com\/fr\/wp-json\/wp\/v2\/types\/product"}],"replies":[{"embeddable":true,"href":"https:\/\/iberoid.com\/fr\/wp-json\/wp\/v2\/comments?post=8996"}],"wp:featuredmedia":[{"embeddable":true,"href":"https:\/\/iberoid.com\/fr\/wp-json\/wp\/v2\/media\/8998"}],"wp:attachment":[{"href":"https:\/\/iberoid.com\/fr\/wp-json\/wp\/v2\/media?parent=8996"}],"wp:term":[{"taxonomy":"product_brand","embeddable":true,"href":"https:\/\/iberoid.com\/fr\/wp-json\/wp\/v2\/product_brand?post=8996"},{"taxonomy":"product_cat","embeddable":true,"href":"https:\/\/iberoid.com\/fr\/wp-json\/wp\/v2\/product_cat?post=8996"},{"taxonomy":"product_tag","embeddable":true,"href":"https:\/\/iberoid.com\/fr\/wp-json\/wp\/v2\/product_tag?post=8996"}],"curies":[{"name":"wp","href":"https:\/\/api.w.org\/{rel}","templated":true}]}}