{"id":9003,"date":"2023-10-06T19:11:59","date_gmt":"2023-10-06T19:11:59","guid":{"rendered":"https:\/\/iberoid.com\/?post_type=product&#038;p=9003"},"modified":"2026-04-14T14:41:08","modified_gmt":"2026-04-14T14:41:08","slug":"pack10-blisters-cenforce-200-mg","status":"publish","type":"product","link":"https:\/\/iberoid.com\/fr\/product\/pack10-blisters-cenforce-200-mg\/","title":{"rendered":"PACK 10 PLAQUETTES CENFORCE 200 MG"},"content":{"rendered":"<p><strong>PACK 10 PLAQUETTES CENFORCE 200 MG \/ 100 COMPRIMIDOS<\/strong><\/p>\n<p><strong>Cenforce 200 mg <\/strong>est la dose la plus \u00e9lev\u00e9e utilis\u00e9e pour traiter la dysfonction \u00e9rectile (DE). Il est utilis\u00e9 dans les cas o\u00f9 les doses les plus faibles ne fonctionnent pas correctement. Il agit en augmentant le flux sanguin vers le p\u00e9nis, ce qui entra\u00eene une \u00e9rection dure. On sait qu\u2019une \u00e9rection dure 4 \u00e0 5 heures. Pour de meilleurs r\u00e9sultats, prenez la pilule \u00e0 jeun avec de l\u2019eau. Ne prenez pas plus d&rsquo;un comprim\u00e9 par 24 heures. Prenez-le exactement une heure avant toute activit\u00e9 sexuelle. Suivez exactement la prescription de votre m\u00e9decin et profitez au maximum de vos s\u00e9ances sexuelles.<\/p>\n<p><strong>Comment fonctionne Cenforce 200 mg<\/strong><\/p>\n<p>Cenforce 200 mg appartient \u00e0 la classe de m\u00e9dicaments appel\u00e9s inhibiteurs de la PDE 5. Il contient l&rsquo;ingr\u00e9dient citrate de sild\u00e9nafil qui agit en augmentant le flux sanguin dans tout le corps, y compris le p\u00e9nis. Lorsqu&rsquo;un homme souffre de dysfonction \u00e9rectile, une enzyme connue sous le nom de phosphodiest\u00e9rase de type 5 (PDE 5) attaque son corps et ne permet pas au sang de circuler correctement. Cela provoque un r\u00e9tr\u00e9cissement des art\u00e8res et entra\u00eene un blocage des parois du p\u00e9nis. En cons\u00e9quence, le sang n\u2019atteint pas correctement le p\u00e9nis et l\u2019\u00e9rection ne se produit pas. Le citrate de sild\u00e9nafil contenu dans ce m\u00e9dicament d\u00e9tend les parois des vaisseaux sanguins et permet au sang de circuler plus facilement dans le p\u00e9nis. \u00c0 mesure que de plus en plus de sang circule, une pression se cr\u00e9e. Cela se traduit par une \u00e9rection.<\/p>\n<p><strong>Utilisations de Cenforce 200 mg<\/strong><\/p>\n<p>Il a \u00e9t\u00e9 utilis\u00e9 dans le traitement des affections et probl\u00e8mes suivants\u00a0:<\/p>\n<ol>\n<li>Dysfonction \u00e9rectile (DE) \u2013 une condition dans laquelle vous \u00eates incapable d\u2019obtenir ou de maintenir une \u00e9rection, ce qui rend les rapports sexuels difficiles.<\/li>\n<li>Hypertension art\u00e9rielle pulmonaire (HTAP) \u2013 hypertension art\u00e9rielle affectant les art\u00e8res des poumons et du c\u0153ur.<\/li>\n<\/ol>\n<p><strong>Cenforce 200 mg traite- t-il la dysfonction \u00e9rectile ?<\/strong><\/p>\n<p>La dysfonction \u00e9rectile est facilement d\u00e9clench\u00e9e par une vie sexuelle d\u00e9primante. Au lieu de prendre le nom de marque Viagra, qui est beaucoup plus cher que la version g\u00e9n\u00e9rique au citrate de sild\u00e9nafil, choisissez quelque chose qui est non seulement plus abordable, mais qui a \u00e9galement un bien meilleur go\u00fbt. Cenforce 200 mg montre une meilleure observance du patient avec une efficacit\u00e9 in\u00e9gal\u00e9e. L\u2019\u00e9rection du p\u00e9nis chez l\u2019homme est li\u00e9e au flux sanguin vers la zone p\u00e9nienne. Cette \u00e9rection se produit en raison d\u2019une augmentation du flux sanguin vers les muscles lisses, ce qui les am\u00e8ne \u00e0 se d\u00e9tendre et, finalement, le p\u00e9nis est en \u00e9tat d\u2019\u00e9rection. Lors de la stimulation sexuelle, le corps caverneux (une partie du p\u00e9nis) lib\u00e8re de l&rsquo;oxyde nitrique, ce qui provoque une augmentation de la synth\u00e8se de guanosine monophosphate cyclique, ce qui augmente le flux sanguin vers la zone p\u00e9nienne et d\u00e9tend par cons\u00e9quent les muscles lisses. De nombreux hommes \u00e2g\u00e9s souffrent de probl\u00e8mes d\u2019\u00e9rection p\u00e9nienne lorsque leur p\u00e9nis ne devient pas dur pendant la stimulation sexuelle. En cons\u00e9quence, ils ne peuvent pas avoir de relations sexuelles correctement. Ce rel\u00e2chement des muscles lisses provoque une \u00e9rection du p\u00e9nis. Une enzyme appel\u00e9e phosphodiest\u00e9rase enzyme 5 (PDE 5) agit comme un r\u00e9gulateur de r\u00e9troaction dans ce m\u00e9canisme. En cons\u00e9quence, le GMP cyclique dans le p\u00e9nis est d\u00e9compos\u00e9 apr\u00e8s un certain temps, il n\u2019y a donc pas d\u2019\u00e9rection permanente. Cenforce est un inhibiteur s\u00e9lectif de la phosphodiest\u00e9rase de type 5 (inhibiteur de la PDE-5). Cela signifie que ce m\u00e9dicament agit en inhibant le FDE5. Par cons\u00e9quent, le GMPc n\u2019est pas cliv\u00e9 dans le p\u00e9nis, ce qui entra\u00eene une \u00e9rection p\u00e9nienne chez les hommes souffrant de dysfonction \u00e9rectile. Un homme doit \u00eatre sexuellement excit\u00e9 pour que la drogue agisse.<\/p>\n<p><strong>Dosage<\/strong><\/p>\n<p>Il est recommand\u00e9 de prendre le comprim\u00e9 Cenforce 200 mg une fois toutes les 24 heures. Il ne doit pas \u00eatre pris plus d&rsquo;une fois toutes les 24 heures. Cette pilule peut \u00eatre prise avec ou sans nourriture. Il doit \u00eatre pris environ 30 minutes \u00e0 1 heure avant l&rsquo;activit\u00e9 sexuelle pr\u00e9vue. Les effets de ce m\u00e9dicament peuvent durer environ 4 \u00e0 5 heures.<\/p>\n<p><strong>Dose oubli\u00e9e<\/strong><\/p>\n<p>Avec Cenforce 200 mg, un programme de dosage \u00e0 la demande est g\u00e9n\u00e9ralement suivi. Il est donc peu probable que vous oubliiez une dose. Cependant, si vous le prenez pour traiter l&rsquo;hypertension art\u00e9rielle pulmonaire, prenez la dose oubli\u00e9e d\u00e8s que possible. Ne sautez aucune dose s&rsquo;il est presque temps de prendre votre prochaine dose. Discutez avec votre m\u00e9decin de la marche \u00e0 suivre si vous oubliez une dose.<\/p>\n<p>Surdosage : Un surdosage peut provoquer des effets secondaires graves. Si les probl\u00e8mes persistent, appelez imm\u00e9diatement votre m\u00e9decin.<\/p>\n<p><strong>Avis important<\/strong><\/p>\n<p>Avant de prendre 200 mg de Cenforce , informez votre m\u00e9decin :<\/p>\n<ol>\n<li>Si vous \u00eates allergique \u00e0 certains m\u00e9dicaments.<\/li>\n<li>Si vous prenez des nitrates pour des douleurs thoraciques.<\/li>\n<li>Si vous avez des ant\u00e9c\u00e9dents m\u00e9dicaux d\u2019accident vasculaire c\u00e9r\u00e9bral, de crise cardiaque, de battements cardiaques irr\u00e9guliers et de douleurs thoraciques.<\/li>\n<li>Si vous souffrez d&rsquo;\u00e9pilepsie ou de convulsions.<\/li>\n<li>Si vous souffrez de maladies telles que le diab\u00e8te, l&rsquo;hypertension, etc.<\/li>\n<li>Si vous avez une d\u00e9formation physique du p\u00e9nis ou de la maladie de La Peyronie .<\/li>\n<li>Si vous souffrez d\u2019un trouble de la r\u00e9tine tel qu\u2019une r\u00e9tinite pigmentaire.<\/li>\n<li>Si vous avez des probl\u00e8mes de circulation sanguine.<\/li>\n<\/ol>\n<p><strong>Effets secondaires<\/strong><\/p>\n<p>Certains effets secondaires courants de Cenforce 200 mg comprennent\u00a0:<\/p>\n<ol>\n<li>Naus\u00e9e<\/li>\n<li>Vomissement<\/li>\n<li>Mal des transports<\/li>\n<li>Palpitations<\/li>\n<li>Vertiges<\/li>\n<li>Rin\u00e7age<\/li>\n<li>Maux de t\u00eate<\/li>\n<li>Diarrh\u00e9e<\/li>\n<li>Saignement de nez<\/li>\n<li>Indigestion<\/li>\n<\/ol>\n<p>Dans de rares cas, des affections telles que le priapisme (une \u00e9rection prolong\u00e9e de plus de 4 heures) et la NAION (perte soudaine de la vision d&rsquo;un ou des deux yeux) peuvent survenir.<\/p>\n<p><strong>Interactions m\u00e9dicamenteuses<\/strong><\/p>\n<p>Vous devez informer votre m\u00e9decin si vous prenez une forme quelconque de m\u00e9dicaments \u00e0 base de plantes, en vente libre, r\u00e9cr\u00e9atifs ou toute autre forme de m\u00e9dicaments. Ces m\u00e9dicaments peuvent affecter le fonctionnement de Cenforce 200 mg.<\/p>\n<ol>\n<li>Alpha-bloquants tels que l&rsquo;alfuzosine, la doxazosine, la prazosine, la tamsulosine et la t\u00e9razosine<\/li>\n<li>Amlodipine<\/li>\n<li>M\u00e9dicaments antifongiques tels que l&rsquo;itraconazole et le k\u00e9toconazole<\/li>\n<li>Anticoagulants comme la warfarine<\/li>\n<li>Cim\u00e9tidine<\/li>\n<li>Antibiotiques tels que l&rsquo;\u00e9rythromycine et la clarithromycine<\/li>\n<li>\u00c9favirenz<\/li>\n<li>B\u00eata-bloquants tels que l&rsquo;at\u00e9nolol, le lab\u00e9talol, le m\u00e9toprolol et le nadolol<\/li>\n<li>Inhibiteurs de la prot\u00e9ase du VIH tels que l&rsquo;atazanavir, l&rsquo;indinavir, le darunavir, le fosampr\u00e9navir , le lopinavir, le saquinavir et le ritonavir<\/li>\n<li>M\u00e9dicaments contre les convulsions tels que la carbamaz\u00e9pine et la ph\u00e9nyto\u00efne<\/li>\n<li>Autre m\u00e9dicament pour la dysfonction \u00e9rectile<\/li>\n<li>M\u00e9dicaments pour la tension art\u00e9rielle<\/li>\n<\/ol>\n<p><strong>Interaction avec l&rsquo;alcool<\/strong><\/p>\n<p>L&rsquo;alcool est connu pour augmenter l&rsquo;effet hypotenseur lorsqu&rsquo;il est pris avec Cenforce 200 mg. \u00c9vitez de consommer de l&rsquo;alcool avec ce m\u00e9dicament.<\/p>\n<p><strong>Instructions de stockage<\/strong><\/p>\n<p>de Cenforce 200 mg doivent \u00eatre conserv\u00e9s en toute s\u00e9curit\u00e9 dans leur emballage d&rsquo;origine.<\/p>\n<ol>\n<li>Gardez les pilules \u00e0 l\u2019abri de la chaleur directe, de l\u2019humidit\u00e9 et de la lumi\u00e8re.<\/li>\n<li>Conservez l\u2019emballage d\u2019origine du m\u00e9dicament.<\/li>\n<li>Gardez les pilules hors de port\u00e9e des enfants et des animaux domestiques.<\/li>\n<li>Conserver dans un endroit frais et sec, \u00e0 temp\u00e9rature contr\u00f4l\u00e9e comme mentionn\u00e9 sur l&#8217;emballage.<\/li>\n<\/ol>\n<p>&nbsp;<\/p>","protected":false},"excerpt":{"rendered":"<p>PACK 10 PLAQUETTES CENFORCE 200 MG \/ 100 COMPRIMIDOS Cenforce 200 mg est la dose la plus \u00e9lev\u00e9e utilis\u00e9e pour<\/p>\n","protected":false},"featured_media":9005,"comment_status":"open","ping_status":"closed","template":"","meta":[],"product_brand":[],"product_cat":[3474,3533,3412],"product_tag":[],"class_list":{"0":"post-9003","1":"product","2":"type-product","3":"status-publish","4":"has-post-thumbnail","6":"product_cat-packs","7":"product_cat-sales-rebajas","8":"product_cat-varios","10":"first","11":"instock","12":"sale","13":"shipping-taxable","14":"purchasable","15":"product-type-simple"},"yoast_head":"<!-- This site is optimized with the Yoast SEO Premium plugin v24.4 (Yoast SEO v27.3) - https:\/\/yoast.com\/product\/yoast-seo-premium-wordpress\/ -->\n<title>PACK 10 PLAQUETTES CENFORCE 200 MG - (Espa\u00f1ol) Esteroides en l\u00ednea<\/title>\n<meta name=\"description\" content=\"CENFORCE 200 MG est un traitement ED \u00e0 dose \u00e9lev\u00e9e avec Sildenafil qui augmente le flux sanguin pour des \u00e9rections fortes de 4 \u00e0 5 heures.\" \/>\n<meta name=\"robots\" content=\"index, follow, max-snippet:-1, max-image-preview:large, max-video-preview:-1\" \/>\n<link rel=\"canonical\" href=\"https:\/\/iberoid.com\/fr\/product\/pack10-blisters-cenforce-200-mg\/\" \/>\n<meta property=\"og:locale\" content=\"fr_FR\" \/>\n<meta property=\"og:type\" content=\"article\" \/>\n<meta property=\"og:title\" content=\"PACK 10 PLAQUETTES CENFORCE 200 MG\" \/>\n<meta property=\"og:description\" content=\"CENFORCE 200 MG est un traitement ED \u00e0 dose \u00e9lev\u00e9e avec Sildenafil qui augmente le flux sanguin pour des \u00e9rections fortes de 4 \u00e0 5 heures.\" \/>\n<meta property=\"og:url\" content=\"https:\/\/iberoid.com\/fr\/product\/pack10-blisters-cenforce-200-mg\/\" \/>\n<meta property=\"og:site_name\" content=\"(Espa\u00f1ol) Esteroides en l\u00ednea\" \/>\n<meta property=\"article:modified_time\" content=\"2026-04-14T14:41:08+00:00\" \/>\n<meta property=\"og:image\" content=\"https:\/\/iberoid.com\/wp-content\/uploads\/2023\/10\/cenforce-200-1000x1000-1.webp\" \/>\n\t<meta property=\"og:image:width\" content=\"1000\" \/>\n\t<meta property=\"og:image:height\" content=\"654\" \/>\n\t<meta property=\"og:image:type\" content=\"image\/webp\" \/>\n<meta name=\"twitter:card\" content=\"summary_large_image\" \/>\n<meta name=\"twitter:label1\" content=\"Prix\" \/>\n\t<meta name=\"twitter:data1\" content=\"&euro;75.00\" \/>\n\t<meta name=\"twitter:label2\" content=\"Disponibilit\u00e9\" \/>\n\t<meta name=\"twitter:data2\" content=\"En stock\" \/>\n<script type=\"application\/ld+json\" class=\"yoast-schema-graph\">{\"@context\":\"https:\\\/\\\/schema.org\",\"@graph\":[{\"@type\":\"WebPage\",\"@id\":\"https:\\\/\\\/iberoid.com\\\/fr\\\/product\\\/pack10-blisters-cenforce-200-mg\\\/\",\"url\":\"https:\\\/\\\/iberoid.com\\\/fr\\\/product\\\/pack10-blisters-cenforce-200-mg\\\/\",\"name\":\"PACK 10 PLAQUETTES CENFORCE 200 MG - (Espa\u00f1ol) Esteroides en l\u00ednea\",\"isPartOf\":{\"@id\":\"https:\\\/\\\/iberoid.com\\\/fr\\\/#website\"},\"primaryImageOfPage\":{\"@id\":\"https:\\\/\\\/iberoid.com\\\/fr\\\/product\\\/pack10-blisters-cenforce-200-mg\\\/#primaryimage\"},\"image\":{\"@id\":\"https:\\\/\\\/iberoid.com\\\/fr\\\/product\\\/pack10-blisters-cenforce-200-mg\\\/#primaryimage\"},\"thumbnailUrl\":\"https:\\\/\\\/iberoid.com\\\/wp-content\\\/uploads\\\/2023\\\/10\\\/cenforce-200-1000x1000-1.webp\",\"datePublished\":\"2023-10-06T19:11:59+00:00\",\"dateModified\":\"2026-04-14T14:41:08+00:00\",\"description\":\"CENFORCE 200 MG est un traitement ED \u00e0 dose \u00e9lev\u00e9e avec Sildenafil qui augmente le flux sanguin pour des \u00e9rections fortes de 4 \u00e0 5 heures.\",\"breadcrumb\":{\"@id\":\"https:\\\/\\\/iberoid.com\\\/fr\\\/product\\\/pack10-blisters-cenforce-200-mg\\\/#breadcrumb\"},\"inLanguage\":\"fr-FR\",\"potentialAction\":[{\"@type\":\"ReadAction\",\"target\":[[\"https:\\\/\\\/iberoid.com\\\/fr\\\/product\\\/pack10-blisters-cenforce-200-mg\\\/\"]]}]},{\"@type\":\"ImageObject\",\"inLanguage\":\"fr-FR\",\"@id\":\"https:\\\/\\\/iberoid.com\\\/fr\\\/product\\\/pack10-blisters-cenforce-200-mg\\\/#primaryimage\",\"url\":\"https:\\\/\\\/iberoid.com\\\/wp-content\\\/uploads\\\/2023\\\/10\\\/cenforce-200-1000x1000-1.webp\",\"contentUrl\":\"https:\\\/\\\/iberoid.com\\\/wp-content\\\/uploads\\\/2023\\\/10\\\/cenforce-200-1000x1000-1.webp\",\"width\":1000,\"height\":654},{\"@type\":\"BreadcrumbList\",\"@id\":\"https:\\\/\\\/iberoid.com\\\/fr\\\/product\\\/pack10-blisters-cenforce-200-mg\\\/#breadcrumb\",\"itemListElement\":[{\"@type\":\"ListItem\",\"position\":1,\"name\":\"Portada\",\"item\":\"https:\\\/\\\/iberoid.com\\\/fr\\\/\"},{\"@type\":\"ListItem\",\"position\":2,\"name\":\"Magasin\",\"item\":\"https:\\\/\\\/iberoid.com\\\/fr\\\/shop\\\/\"},{\"@type\":\"ListItem\",\"position\":3,\"name\":\"PACK 10 PLAQUETTES CENFORCE 200 MG\"}]},{\"@type\":\"WebSite\",\"@id\":\"https:\\\/\\\/iberoid.com\\\/fr\\\/#website\",\"url\":\"https:\\\/\\\/iberoid.com\\\/fr\\\/\",\"name\":\"(Espa\u00f1ol) Esteroides en l\u00ednea\",\"description\":\"(Espa\u00f1ol) Comprar esteroides en l\u00ednea hoy en Espa\u00f1a y Portugal. Tenemos el mejor servicio al cliente en la industria y los productos de la m\u00e1s alta calidad\",\"potentialAction\":[{\"@type\":\"SearchAction\",\"target\":{\"@type\":\"EntryPoint\",\"urlTemplate\":\"https:\\\/\\\/iberoid.com\\\/fr\\\/?s={search_term_string}\"},\"query-input\":{\"@type\":\"PropertyValueSpecification\",\"valueRequired\":true,\"valueName\":\"search_term_string\"}}],\"inLanguage\":\"fr-FR\"}]}<\/script>\n<meta property=\"product:price:amount\" content=\"75.00\" \/>\n<meta property=\"product:price:currency\" content=\"EUR\" \/>\n<meta property=\"og:availability\" content=\"instock\" \/>\n<meta property=\"product:availability\" content=\"instock\" \/>\n<meta property=\"product:condition\" content=\"new\" \/>\n<!-- \/ Yoast SEO Premium plugin. -->","yoast_head_json":{"title":"PACK 10 PLAQUETTES CENFORCE 200 MG - (Espa\u00f1ol) Esteroides en l\u00ednea","description":"CENFORCE 200 MG est un traitement ED \u00e0 dose \u00e9lev\u00e9e avec Sildenafil qui augmente le flux sanguin pour des \u00e9rections fortes de 4 \u00e0 5 heures.","robots":{"index":"index","follow":"follow","max-snippet":"max-snippet:-1","max-image-preview":"max-image-preview:large","max-video-preview":"max-video-preview:-1"},"canonical":"https:\/\/iberoid.com\/fr\/product\/pack10-blisters-cenforce-200-mg\/","og_locale":"fr_FR","og_type":"article","og_title":"PACK 10 PLAQUETTES CENFORCE 200 MG","og_description":"CENFORCE 200 MG est un traitement ED \u00e0 dose \u00e9lev\u00e9e avec Sildenafil qui augmente le flux sanguin pour des \u00e9rections fortes de 4 \u00e0 5 heures.","og_url":"https:\/\/iberoid.com\/fr\/product\/pack10-blisters-cenforce-200-mg\/","og_site_name":"(Espa\u00f1ol) Esteroides en l\u00ednea","article_modified_time":"2026-04-14T14:41:08+00:00","og_image":[{"width":1000,"height":654,"url":"https:\/\/iberoid.com\/wp-content\/uploads\/2023\/10\/cenforce-200-1000x1000-1.webp","type":"image\/webp"}],"twitter_card":"summary_large_image","twitter_misc":{"Prix":"&euro;75.00","Disponibilit\u00e9":"En stock"},"schema":{"@context":"https:\/\/schema.org","@graph":[{"@type":"WebPage","@id":"https:\/\/iberoid.com\/fr\/product\/pack10-blisters-cenforce-200-mg\/","url":"https:\/\/iberoid.com\/fr\/product\/pack10-blisters-cenforce-200-mg\/","name":"PACK 10 PLAQUETTES CENFORCE 200 MG - (Espa\u00f1ol) Esteroides en l\u00ednea","isPartOf":{"@id":"https:\/\/iberoid.com\/fr\/#website"},"primaryImageOfPage":{"@id":"https:\/\/iberoid.com\/fr\/product\/pack10-blisters-cenforce-200-mg\/#primaryimage"},"image":{"@id":"https:\/\/iberoid.com\/fr\/product\/pack10-blisters-cenforce-200-mg\/#primaryimage"},"thumbnailUrl":"https:\/\/iberoid.com\/wp-content\/uploads\/2023\/10\/cenforce-200-1000x1000-1.webp","datePublished":"2023-10-06T19:11:59+00:00","dateModified":"2026-04-14T14:41:08+00:00","description":"CENFORCE 200 MG est un traitement ED \u00e0 dose \u00e9lev\u00e9e avec Sildenafil qui augmente le flux sanguin pour des \u00e9rections fortes de 4 \u00e0 5 heures.","breadcrumb":{"@id":"https:\/\/iberoid.com\/fr\/product\/pack10-blisters-cenforce-200-mg\/#breadcrumb"},"inLanguage":"fr-FR","potentialAction":[{"@type":"ReadAction","target":[["https:\/\/iberoid.com\/fr\/product\/pack10-blisters-cenforce-200-mg\/"]]}]},{"@type":"ImageObject","inLanguage":"fr-FR","@id":"https:\/\/iberoid.com\/fr\/product\/pack10-blisters-cenforce-200-mg\/#primaryimage","url":"https:\/\/iberoid.com\/wp-content\/uploads\/2023\/10\/cenforce-200-1000x1000-1.webp","contentUrl":"https:\/\/iberoid.com\/wp-content\/uploads\/2023\/10\/cenforce-200-1000x1000-1.webp","width":1000,"height":654},{"@type":"BreadcrumbList","@id":"https:\/\/iberoid.com\/fr\/product\/pack10-blisters-cenforce-200-mg\/#breadcrumb","itemListElement":[{"@type":"ListItem","position":1,"name":"Portada","item":"https:\/\/iberoid.com\/fr\/"},{"@type":"ListItem","position":2,"name":"Magasin","item":"https:\/\/iberoid.com\/fr\/shop\/"},{"@type":"ListItem","position":3,"name":"PACK 10 PLAQUETTES CENFORCE 200 MG"}]},{"@type":"WebSite","@id":"https:\/\/iberoid.com\/fr\/#website","url":"https:\/\/iberoid.com\/fr\/","name":"(Espa\u00f1ol) Esteroides en l\u00ednea","description":"(Espa\u00f1ol) Comprar esteroides en l\u00ednea hoy en Espa\u00f1a y Portugal. Tenemos el mejor servicio al cliente en la industria y los productos de la m\u00e1s alta calidad","potentialAction":[{"@type":"SearchAction","target":{"@type":"EntryPoint","urlTemplate":"https:\/\/iberoid.com\/fr\/?s={search_term_string}"},"query-input":{"@type":"PropertyValueSpecification","valueRequired":true,"valueName":"search_term_string"}}],"inLanguage":"fr-FR"}]},"product_price_amount":"75.00","product_price_currency":"EUR","og_availability":"instock","product_availability":"instock","product_condition":"new"},"_links":{"self":[{"href":"https:\/\/iberoid.com\/fr\/wp-json\/wp\/v2\/product\/9003","targetHints":{"allow":["GET"]}}],"collection":[{"href":"https:\/\/iberoid.com\/fr\/wp-json\/wp\/v2\/product"}],"about":[{"href":"https:\/\/iberoid.com\/fr\/wp-json\/wp\/v2\/types\/product"}],"replies":[{"embeddable":true,"href":"https:\/\/iberoid.com\/fr\/wp-json\/wp\/v2\/comments?post=9003"}],"wp:featuredmedia":[{"embeddable":true,"href":"https:\/\/iberoid.com\/fr\/wp-json\/wp\/v2\/media\/9005"}],"wp:attachment":[{"href":"https:\/\/iberoid.com\/fr\/wp-json\/wp\/v2\/media?parent=9003"}],"wp:term":[{"taxonomy":"product_brand","embeddable":true,"href":"https:\/\/iberoid.com\/fr\/wp-json\/wp\/v2\/product_brand?post=9003"},{"taxonomy":"product_cat","embeddable":true,"href":"https:\/\/iberoid.com\/fr\/wp-json\/wp\/v2\/product_cat?post=9003"},{"taxonomy":"product_tag","embeddable":true,"href":"https:\/\/iberoid.com\/fr\/wp-json\/wp\/v2\/product_tag?post=9003"}],"curies":[{"name":"wp","href":"https:\/\/api.w.org\/{rel}","templated":true}]}}