{"id":9006,"date":"2023-10-07T12:20:37","date_gmt":"2023-10-07T12:20:37","guid":{"rendered":"https:\/\/iberoid.com\/?post_type=product&#038;p=9006"},"modified":"2025-12-04T17:36:43","modified_gmt":"2025-12-04T17:36:43","slug":"kamagra-oral-jelly-vol-iv","status":"publish","type":"product","link":"https:\/\/iberoid.com\/fr\/product\/kamagra-oral-jelly-vol-iv\/","title":{"rendered":"Kamagra Oral Jelly Vol IV"},"content":{"rendered":"<p>Kamagra Oral Jelly Vol IV , 7 enveloppes saveurs diff\u00e9rentes<\/p>\n<p><strong>Kamagra Oral Jelly Vol IV<\/strong> est un m\u00e9dicament sur ordonnance utilis\u00e9 pour traiter la dysfonction \u00e9rectile (impuissance) chez les hommes. Cela fonctionne en augmentant le flux sanguin vers le p\u00e9nis. Cela aide les hommes \u00e0 obtenir ou \u00e0 maintenir une \u00e9rection. Il appartient \u00e0 un groupe de m\u00e9dicaments appel\u00e9s inhibiteurs de la phosphodiest\u00e9rase de type 5 (PDE 5).<\/p>\n<p><strong>Kamagra Oral Jelly<\/strong>\u00a0peut \u00eatre pris \u00e0 jeun ou avec un repas. Il doit \u00eatre pris strictement selon les conseils de votre m\u00e9decin. Vous devriez prendre environ 1 heure avant de planifier une relation sexuelle. Le temps n\u00e9cessaire pour travailler varie d&rsquo;une personne \u00e0 l&rsquo;autre, mais cela prend normalement entre 30 minutes et 1 heure.<\/p>\n<p>Ce m\u00e9dicament ne vous aidera \u00e0 avoir une \u00e9rection que si vous \u00eates sexuellement stimul\u00e9. Cependant, vous ne devez pas prendre ce m\u00e9dicament si vous ne souffrez pas de dysfonction \u00e9rectile. Il ne faut pas le prendre plus d&rsquo;une fois par jour.<\/p>\n<p>Les effets secondaires les plus courants de ce m\u00e9dicament sont les bouff\u00e9es vasomotrices (sensation de chaleur), les maux de t\u00eate, les \u00e9tourdissements, la vision floue, les douleurs musculaires, les maux d&rsquo;estomac et les \u00e9ruptions cutan\u00e9es. Parlez \u00e0 votre m\u00e9decin si l&rsquo;un des effets secondaires vous d\u00e9range ou ne dispara\u00eet pas.<\/p>\n<p><strong>Kamagra Oral Jelly Vol IV<\/strong> peut \u00eatre dangereux s&rsquo;il est pris avec des m\u00e9dicaments appel\u00e9s nitrates (souvent administr\u00e9s pour soulager les douleurs thoraciques ou l&rsquo;angine de poitrine). Ne prenez pas ce m\u00e9dicament si vous souffrez de probl\u00e8mes cardiaques ou h\u00e9patiques graves, si vous avez r\u00e9cemment eu un accident vasculaire c\u00e9r\u00e9bral ou une crise cardiaque ou si votre tension art\u00e9rielle est basse.<\/p>\n<p>Informez votre m\u00e9decin si vous souffrez de ces probl\u00e8mes ou de tout autre probl\u00e8me de sant\u00e9 avant de le prendre. Vous ne devez pas conduire si ce m\u00e9dicament vous donne des vertiges. \u00c9vitez de boire de l&rsquo;alcool pendant que vous prenez ce m\u00e9dicament car cela augmente les risques d&rsquo;effets secondaires.<\/p>","protected":false},"excerpt":{"rendered":"<p>Kamagra Oral Jelly Vol IV , 7 enveloppes saveurs diff\u00e9rentes Kamagra Oral Jelly Vol IV est un m\u00e9dicament sur ordonnance<\/p>\n","protected":false},"featured_media":9008,"comment_status":"open","ping_status":"closed","template":"","meta":[],"product_brand":[],"product_cat":[73],"product_tag":[],"class_list":{"0":"post-9006","1":"product","2":"type-product","3":"status-publish","4":"has-post-thumbnail","6":"product_cat-ssteroides_orales","8":"first","9":"outofstock","10":"shipping-taxable","11":"purchasable","12":"product-type-simple"},"yoast_head":"<!-- This site is optimized with the Yoast SEO Premium plugin v24.4 (Yoast SEO v27.3) - https:\/\/yoast.com\/product\/yoast-seo-premium-wordpress\/ -->\n<title>Kamagra Oral Jelly Vol IV - (Espa\u00f1ol) Esteroides en l\u00ednea<\/title>\n<meta name=\"description\" content=\"Kamagra Oral Jelly Vol IV : Gel\u00e9e aromatis\u00e9e pour la dysfonction \u00e9rectile (impuissance) masculine. Inhibiteur de PDE 5, augmente le flux sanguin p\u00e9nien.\" \/>\n<meta name=\"robots\" content=\"index, follow, max-snippet:-1, max-image-preview:large, max-video-preview:-1\" \/>\n<link rel=\"canonical\" href=\"https:\/\/iberoid.com\/fr\/product\/kamagra-oral-jelly-vol-iv\/\" \/>\n<meta property=\"og:locale\" content=\"fr_FR\" \/>\n<meta property=\"og:type\" content=\"article\" \/>\n<meta property=\"og:title\" content=\"Kamagra Oral Jelly Vol IV\" \/>\n<meta property=\"og:description\" content=\"Kamagra Oral Jelly Vol IV : Gel\u00e9e aromatis\u00e9e pour la dysfonction \u00e9rectile (impuissance) masculine. Inhibiteur de PDE 5, augmente le flux sanguin p\u00e9nien.\" \/>\n<meta property=\"og:url\" content=\"https:\/\/iberoid.com\/fr\/product\/kamagra-oral-jelly-vol-iv\/\" \/>\n<meta property=\"og:site_name\" content=\"(Espa\u00f1ol) Esteroides en l\u00ednea\" \/>\n<meta property=\"article:modified_time\" content=\"2025-12-04T17:36:43+00:00\" \/>\n<meta property=\"og:image\" content=\"https:\/\/iberoid.com\/wp-content\/uploads\/2023\/10\/kamagra-oral-jelly_349.webp\" \/>\n\t<meta property=\"og:image:width\" content=\"600\" \/>\n\t<meta property=\"og:image:height\" content=\"500\" \/>\n\t<meta property=\"og:image:type\" content=\"image\/webp\" \/>\n<meta name=\"twitter:card\" content=\"summary_large_image\" \/>\n<meta name=\"twitter:label1\" content=\"Prix\" \/>\n\t<meta name=\"twitter:data1\" content=\"&euro;15.00\" \/>\n\t<meta name=\"twitter:label2\" content=\"Disponibilit\u00e9\" \/>\n\t<meta name=\"twitter:data2\" content=\"Rupture de stock\" \/>\n<script type=\"application\/ld+json\" class=\"yoast-schema-graph\">{\"@context\":\"https:\\\/\\\/schema.org\",\"@graph\":[{\"@type\":\"WebPage\",\"@id\":\"https:\\\/\\\/iberoid.com\\\/fr\\\/product\\\/kamagra-oral-jelly-vol-iv\\\/\",\"url\":\"https:\\\/\\\/iberoid.com\\\/fr\\\/product\\\/kamagra-oral-jelly-vol-iv\\\/\",\"name\":\"Kamagra Oral Jelly Vol IV - (Espa\u00f1ol) Esteroides en l\u00ednea\",\"isPartOf\":{\"@id\":\"https:\\\/\\\/iberoid-shop.com\\\/#website\"},\"primaryImageOfPage\":{\"@id\":\"https:\\\/\\\/iberoid.com\\\/fr\\\/product\\\/kamagra-oral-jelly-vol-iv\\\/#primaryimage\"},\"image\":{\"@id\":\"https:\\\/\\\/iberoid.com\\\/fr\\\/product\\\/kamagra-oral-jelly-vol-iv\\\/#primaryimage\"},\"thumbnailUrl\":\"https:\\\/\\\/iberoid.com\\\/wp-content\\\/uploads\\\/2023\\\/10\\\/kamagra-oral-jelly_349.webp\",\"datePublished\":\"2023-10-07T12:20:37+00:00\",\"dateModified\":\"2025-12-04T17:36:43+00:00\",\"description\":\"Kamagra Oral Jelly Vol IV : Gel\u00e9e aromatis\u00e9e pour la dysfonction \u00e9rectile (impuissance) masculine. Inhibiteur de PDE 5, augmente le flux sanguin p\u00e9nien.\",\"breadcrumb\":{\"@id\":\"https:\\\/\\\/iberoid.com\\\/fr\\\/product\\\/kamagra-oral-jelly-vol-iv\\\/#breadcrumb\"},\"inLanguage\":\"fr-FR\",\"potentialAction\":[{\"@type\":\"ReadAction\",\"target\":[[\"https:\\\/\\\/iberoid.com\\\/fr\\\/product\\\/kamagra-oral-jelly-vol-iv\\\/\"]]}]},{\"@type\":\"ImageObject\",\"inLanguage\":\"fr-FR\",\"@id\":\"https:\\\/\\\/iberoid.com\\\/fr\\\/product\\\/kamagra-oral-jelly-vol-iv\\\/#primaryimage\",\"url\":\"https:\\\/\\\/iberoid.com\\\/wp-content\\\/uploads\\\/2023\\\/10\\\/kamagra-oral-jelly_349.webp\",\"contentUrl\":\"https:\\\/\\\/iberoid.com\\\/wp-content\\\/uploads\\\/2023\\\/10\\\/kamagra-oral-jelly_349.webp\",\"width\":600,\"height\":500},{\"@type\":\"BreadcrumbList\",\"@id\":\"https:\\\/\\\/iberoid.com\\\/fr\\\/product\\\/kamagra-oral-jelly-vol-iv\\\/#breadcrumb\",\"itemListElement\":[{\"@type\":\"ListItem\",\"position\":1,\"name\":\"Portada\",\"item\":\"https:\\\/\\\/iberoid.com\\\/fr\\\/\"},{\"@type\":\"ListItem\",\"position\":2,\"name\":\"Magasin\",\"item\":\"https:\\\/\\\/iberoid.com\\\/fr\\\/shop\\\/\"},{\"@type\":\"ListItem\",\"position\":3,\"name\":\"Kamagra Oral Jelly Vol IV\"}]},{\"@type\":\"WebSite\",\"@id\":\"https:\\\/\\\/iberoid-shop.com\\\/#website\",\"url\":\"https:\\\/\\\/iberoid-shop.com\\\/\",\"name\":\"(Espa\u00f1ol) Esteroides en l\u00ednea\",\"description\":\"(Espa\u00f1ol) Comprar esteroides en l\u00ednea hoy en Espa\u00f1a y Portugal. Tenemos el mejor servicio al cliente en la industria y los productos de la m\u00e1s alta calidad\",\"potentialAction\":[{\"@type\":\"SearchAction\",\"target\":{\"@type\":\"EntryPoint\",\"urlTemplate\":\"https:\\\/\\\/iberoid-shop.com\\\/?s={search_term_string}\"},\"query-input\":{\"@type\":\"PropertyValueSpecification\",\"valueRequired\":true,\"valueName\":\"search_term_string\"}}],\"inLanguage\":\"fr-FR\"}]}<\/script>\n<meta property=\"product:brand\" content=\"Ajanta Pharma\" \/>\n<meta property=\"product:price:amount\" content=\"15.00\" \/>\n<meta property=\"product:price:currency\" content=\"EUR\" \/>\n<meta property=\"og:availability\" content=\"out of stock\" \/>\n<meta property=\"product:availability\" content=\"out of stock\" \/>\n<meta property=\"product:condition\" content=\"new\" \/>\n<!-- \/ Yoast SEO Premium plugin. -->","yoast_head_json":{"title":"Kamagra Oral Jelly Vol IV - (Espa\u00f1ol) Esteroides en l\u00ednea","description":"Kamagra Oral Jelly Vol IV : Gel\u00e9e aromatis\u00e9e pour la dysfonction \u00e9rectile (impuissance) masculine. Inhibiteur de PDE 5, augmente le flux sanguin p\u00e9nien.","robots":{"index":"index","follow":"follow","max-snippet":"max-snippet:-1","max-image-preview":"max-image-preview:large","max-video-preview":"max-video-preview:-1"},"canonical":"https:\/\/iberoid.com\/fr\/product\/kamagra-oral-jelly-vol-iv\/","og_locale":"fr_FR","og_type":"article","og_title":"Kamagra Oral Jelly Vol IV","og_description":"Kamagra Oral Jelly Vol IV : Gel\u00e9e aromatis\u00e9e pour la dysfonction \u00e9rectile (impuissance) masculine. Inhibiteur de PDE 5, augmente le flux sanguin p\u00e9nien.","og_url":"https:\/\/iberoid.com\/fr\/product\/kamagra-oral-jelly-vol-iv\/","og_site_name":"(Espa\u00f1ol) Esteroides en l\u00ednea","article_modified_time":"2025-12-04T17:36:43+00:00","og_image":[{"width":600,"height":500,"url":"https:\/\/iberoid.com\/wp-content\/uploads\/2023\/10\/kamagra-oral-jelly_349.webp","type":"image\/webp"}],"twitter_card":"summary_large_image","twitter_misc":{"Prix":"&euro;15.00","Disponibilit\u00e9":"Rupture de stock"},"schema":{"@context":"https:\/\/schema.org","@graph":[{"@type":"WebPage","@id":"https:\/\/iberoid.com\/fr\/product\/kamagra-oral-jelly-vol-iv\/","url":"https:\/\/iberoid.com\/fr\/product\/kamagra-oral-jelly-vol-iv\/","name":"Kamagra Oral Jelly Vol IV - (Espa\u00f1ol) Esteroides en l\u00ednea","isPartOf":{"@id":"https:\/\/iberoid-shop.com\/#website"},"primaryImageOfPage":{"@id":"https:\/\/iberoid.com\/fr\/product\/kamagra-oral-jelly-vol-iv\/#primaryimage"},"image":{"@id":"https:\/\/iberoid.com\/fr\/product\/kamagra-oral-jelly-vol-iv\/#primaryimage"},"thumbnailUrl":"https:\/\/iberoid.com\/wp-content\/uploads\/2023\/10\/kamagra-oral-jelly_349.webp","datePublished":"2023-10-07T12:20:37+00:00","dateModified":"2025-12-04T17:36:43+00:00","description":"Kamagra Oral Jelly Vol IV : Gel\u00e9e aromatis\u00e9e pour la dysfonction \u00e9rectile (impuissance) masculine. Inhibiteur de PDE 5, augmente le flux sanguin p\u00e9nien.","breadcrumb":{"@id":"https:\/\/iberoid.com\/fr\/product\/kamagra-oral-jelly-vol-iv\/#breadcrumb"},"inLanguage":"fr-FR","potentialAction":[{"@type":"ReadAction","target":[["https:\/\/iberoid.com\/fr\/product\/kamagra-oral-jelly-vol-iv\/"]]}]},{"@type":"ImageObject","inLanguage":"fr-FR","@id":"https:\/\/iberoid.com\/fr\/product\/kamagra-oral-jelly-vol-iv\/#primaryimage","url":"https:\/\/iberoid.com\/wp-content\/uploads\/2023\/10\/kamagra-oral-jelly_349.webp","contentUrl":"https:\/\/iberoid.com\/wp-content\/uploads\/2023\/10\/kamagra-oral-jelly_349.webp","width":600,"height":500},{"@type":"BreadcrumbList","@id":"https:\/\/iberoid.com\/fr\/product\/kamagra-oral-jelly-vol-iv\/#breadcrumb","itemListElement":[{"@type":"ListItem","position":1,"name":"Portada","item":"https:\/\/iberoid.com\/fr\/"},{"@type":"ListItem","position":2,"name":"Magasin","item":"https:\/\/iberoid.com\/fr\/shop\/"},{"@type":"ListItem","position":3,"name":"Kamagra Oral Jelly Vol IV"}]},{"@type":"WebSite","@id":"https:\/\/iberoid-shop.com\/#website","url":"https:\/\/iberoid-shop.com\/","name":"(Espa\u00f1ol) Esteroides en l\u00ednea","description":"(Espa\u00f1ol) Comprar esteroides en l\u00ednea hoy en Espa\u00f1a y Portugal. Tenemos el mejor servicio al cliente en la industria y los productos de la m\u00e1s alta calidad","potentialAction":[{"@type":"SearchAction","target":{"@type":"EntryPoint","urlTemplate":"https:\/\/iberoid-shop.com\/?s={search_term_string}"},"query-input":{"@type":"PropertyValueSpecification","valueRequired":true,"valueName":"search_term_string"}}],"inLanguage":"fr-FR"}]},"product_brand":"Ajanta Pharma","product_price_amount":"15.00","product_price_currency":"EUR","og_availability":"out of stock","product_availability":"out of stock","product_condition":"new"},"_links":{"self":[{"href":"https:\/\/iberoid.com\/fr\/wp-json\/wp\/v2\/product\/9006","targetHints":{"allow":["GET"]}}],"collection":[{"href":"https:\/\/iberoid.com\/fr\/wp-json\/wp\/v2\/product"}],"about":[{"href":"https:\/\/iberoid.com\/fr\/wp-json\/wp\/v2\/types\/product"}],"replies":[{"embeddable":true,"href":"https:\/\/iberoid.com\/fr\/wp-json\/wp\/v2\/comments?post=9006"}],"wp:featuredmedia":[{"embeddable":true,"href":"https:\/\/iberoid.com\/fr\/wp-json\/wp\/v2\/media\/9008"}],"wp:attachment":[{"href":"https:\/\/iberoid.com\/fr\/wp-json\/wp\/v2\/media?parent=9006"}],"wp:term":[{"taxonomy":"product_brand","embeddable":true,"href":"https:\/\/iberoid.com\/fr\/wp-json\/wp\/v2\/product_brand?post=9006"},{"taxonomy":"product_cat","embeddable":true,"href":"https:\/\/iberoid.com\/fr\/wp-json\/wp\/v2\/product_cat?post=9006"},{"taxonomy":"product_tag","embeddable":true,"href":"https:\/\/iberoid.com\/fr\/wp-json\/wp\/v2\/product_tag?post=9006"}],"curies":[{"name":"wp","href":"https:\/\/api.w.org\/{rel}","templated":true}]}}