{"id":9028,"date":"2023-10-23T20:32:49","date_gmt":"2023-10-23T20:32:49","guid":{"rendered":"https:\/\/iberoid.com\/?post_type=product&#038;p=9028"},"modified":"2026-03-29T16:35:18","modified_gmt":"2026-03-29T16:35:18","slug":"pack-5-cajas-cenforce-100-mg","status":"publish","type":"product","link":"https:\/\/iberoid.com\/fr\/product\/pack-5-cajas-cenforce-100-mg\/","title":{"rendered":"PACK 5  cajas sidenafil 100 mg"},"content":{"rendered":"<p>PACK 5 BOITES CENFORCE 100 MG<\/p>\n<p>50 BLISTRES<\/p>\n<p>500 comprim\u00e9s<\/p>\n<p><strong>Cenforce 100 mg<\/strong>\u00a0est un m\u00e9dicament efficace qui traite le probl\u00e8me de la dysfonction \u00e9rectile chez les hommes. Le constituant dynamique est le citrate de sild\u00e9nafil, et cela devrait vous inciter \u00e0 revenir pour un autre tour de joie.<\/p>\n<p>Le traitement de la dysfonction \u00e9rectile, de la pr\u00e9-d\u00e9charge et de la d\u00e9bilitation peut tous \u00eatre trait\u00e9 avec Cenforce 100 mg. Je prends ce m\u00e9dicament depuis un certain temps.<\/p>\n<h2>Comment fonctionne Cenforce 100 mg ?<\/h2>\n<p>Les comprim\u00e9s agissent en bloquant la phosphodiest\u00e9rase chimique 5, qui s\u00e9pare le GMPc disponible pour utilisation. Le m\u00e9dicament renforce l\u2019apport sanguin \u00e0 des organes sp\u00e9cifiques, comme le foie. S&rsquo;impliquer dans le traitement de la dysfonction \u00e9rectile masculine est fondamental.<\/p>\n<h2>Comment prendre Cenforce 100 Mg ?<\/h2>\n<p>Si vous prenez une pilule lors d&rsquo;un d\u00eener important, cela peut prendre un peu de temps avant que\u00a0Cenforce\u00a0agisse. \u00c9tant donn\u00e9 que le m\u00e9dicament prend le temps raisonnablement n\u00e9cessaire pour d\u00e9composer le sang, il aurait d\u00fb \u00eatre autoris\u00e9 environ une heure avant le rapport sexuel pr\u00e9vu.<\/p>\n<p>Lorsque vous attaquez physiquement, cela vous donne g\u00e9n\u00e9ralement une \u00e9rection en pr\u00e8s de 30 minutes, qui dure environ 4 heures.<\/p>\n<p>&nbsp;<\/p>\n<p>&nbsp;<\/p>","protected":false},"excerpt":{"rendered":"<p>PACK 5 BOITES CENFORCE 100 MG 50 BLISTRES 500 comprim\u00e9s Cenforce 100 mg\u00a0est un m\u00e9dicament efficace qui traite le probl\u00e8me<\/p>\n","protected":false},"featured_media":9030,"comment_status":"open","ping_status":"closed","template":"","meta":[],"product_brand":[],"product_cat":[73,3474],"product_tag":[],"class_list":{"0":"post-9028","1":"product","2":"type-product","3":"status-publish","4":"has-post-thumbnail","6":"product_cat-ssteroides_orales","7":"product_cat-packs","9":"first","10":"instock","11":"shipping-taxable","12":"purchasable","13":"product-type-simple"},"yoast_head":"<!-- This site is optimized with the Yoast SEO Premium plugin v24.4 (Yoast SEO v27.3) - https:\/\/yoast.com\/product\/yoast-seo-premium-wordpress\/ -->\n<title>PACK 5 cajas sidenafil 100 mg - (Espa\u00f1ol) Esteroides en l\u00ednea<\/title>\n<meta name=\"description\" content=\"Procurez-vous Cenforce 100 mg (citrate de sild\u00e9nafil) \u2013 un m\u00e9dicament puissant contre la dysfonction \u00e9rectile (DE). Ce pack comprend 5 bo\u00eetes (500 comprim\u00e9s)\" \/>\n<meta name=\"robots\" content=\"index, follow, max-snippet:-1, max-image-preview:large, max-video-preview:-1\" \/>\n<link rel=\"canonical\" href=\"https:\/\/iberoid.com\/fr\/product\/pack-5-cajas-cenforce-100-mg\/\" \/>\n<meta property=\"og:locale\" content=\"fr_FR\" \/>\n<meta property=\"og:type\" content=\"article\" \/>\n<meta property=\"og:title\" content=\"PACK 5 cajas sidenafil 100 mg\" \/>\n<meta property=\"og:description\" content=\"Procurez-vous Cenforce 100 mg (citrate de sild\u00e9nafil) \u2013 un m\u00e9dicament puissant contre la dysfonction \u00e9rectile (DE). Ce pack comprend 5 bo\u00eetes (500 comprim\u00e9s)\" \/>\n<meta property=\"og:url\" content=\"https:\/\/iberoid.com\/fr\/product\/pack-5-cajas-cenforce-100-mg\/\" \/>\n<meta property=\"og:site_name\" content=\"(Espa\u00f1ol) Esteroides en l\u00ednea\" \/>\n<meta property=\"article:modified_time\" content=\"2026-03-29T16:35:18+00:00\" \/>\n<meta property=\"og:image\" content=\"https:\/\/iberoid.com\/wp-content\/uploads\/2023\/10\/cenforce-100-500x500-1.webp\" \/>\n\t<meta property=\"og:image:width\" content=\"500\" \/>\n\t<meta property=\"og:image:height\" content=\"355\" \/>\n\t<meta property=\"og:image:type\" content=\"image\/webp\" \/>\n<meta name=\"twitter:card\" content=\"summary_large_image\" \/>\n<meta name=\"twitter:label1\" content=\"Prix\" \/>\n\t<meta name=\"twitter:data1\" content=\"&euro;300.00\" \/>\n\t<meta name=\"twitter:label2\" content=\"Disponibilit\u00e9\" \/>\n\t<meta name=\"twitter:data2\" content=\"En stock\" \/>\n<script type=\"application\/ld+json\" class=\"yoast-schema-graph\">{\"@context\":\"https:\\\/\\\/schema.org\",\"@graph\":[{\"@type\":\"WebPage\",\"@id\":\"https:\\\/\\\/iberoid.com\\\/fr\\\/product\\\/pack-5-cajas-cenforce-100-mg\\\/\",\"url\":\"https:\\\/\\\/iberoid.com\\\/fr\\\/product\\\/pack-5-cajas-cenforce-100-mg\\\/\",\"name\":\"PACK 5 cajas sidenafil 100 mg - (Espa\u00f1ol) Esteroides en l\u00ednea\",\"isPartOf\":{\"@id\":\"https:\\\/\\\/iberoid-shop.com\\\/#website\"},\"primaryImageOfPage\":{\"@id\":\"https:\\\/\\\/iberoid.com\\\/fr\\\/product\\\/pack-5-cajas-cenforce-100-mg\\\/#primaryimage\"},\"image\":{\"@id\":\"https:\\\/\\\/iberoid.com\\\/fr\\\/product\\\/pack-5-cajas-cenforce-100-mg\\\/#primaryimage\"},\"thumbnailUrl\":\"https:\\\/\\\/iberoid.com\\\/wp-content\\\/uploads\\\/2023\\\/10\\\/cenforce-100-500x500-1.webp\",\"datePublished\":\"2023-10-23T20:32:49+00:00\",\"dateModified\":\"2026-03-29T16:35:18+00:00\",\"description\":\"Procurez-vous Cenforce 100 mg (citrate de sild\u00e9nafil) \u2013 un m\u00e9dicament puissant contre la dysfonction \u00e9rectile (DE). Ce pack comprend 5 bo\u00eetes (500 comprim\u00e9s)\",\"breadcrumb\":{\"@id\":\"https:\\\/\\\/iberoid.com\\\/fr\\\/product\\\/pack-5-cajas-cenforce-100-mg\\\/#breadcrumb\"},\"inLanguage\":\"fr-FR\",\"potentialAction\":[{\"@type\":\"ReadAction\",\"target\":[[\"https:\\\/\\\/iberoid.com\\\/fr\\\/product\\\/pack-5-cajas-cenforce-100-mg\\\/\"]]}]},{\"@type\":\"ImageObject\",\"inLanguage\":\"fr-FR\",\"@id\":\"https:\\\/\\\/iberoid.com\\\/fr\\\/product\\\/pack-5-cajas-cenforce-100-mg\\\/#primaryimage\",\"url\":\"https:\\\/\\\/iberoid.com\\\/wp-content\\\/uploads\\\/2023\\\/10\\\/cenforce-100-500x500-1.webp\",\"contentUrl\":\"https:\\\/\\\/iberoid.com\\\/wp-content\\\/uploads\\\/2023\\\/10\\\/cenforce-100-500x500-1.webp\",\"width\":500,\"height\":355},{\"@type\":\"BreadcrumbList\",\"@id\":\"https:\\\/\\\/iberoid.com\\\/fr\\\/product\\\/pack-5-cajas-cenforce-100-mg\\\/#breadcrumb\",\"itemListElement\":[{\"@type\":\"ListItem\",\"position\":1,\"name\":\"Portada\",\"item\":\"https:\\\/\\\/iberoid.com\\\/fr\\\/\"},{\"@type\":\"ListItem\",\"position\":2,\"name\":\"Magasin\",\"item\":\"https:\\\/\\\/iberoid.com\\\/fr\\\/shop\\\/\"},{\"@type\":\"ListItem\",\"position\":3,\"name\":\"PACK 5 cajas sidenafil 100 mg\"}]},{\"@type\":\"WebSite\",\"@id\":\"https:\\\/\\\/iberoid-shop.com\\\/#website\",\"url\":\"https:\\\/\\\/iberoid-shop.com\\\/\",\"name\":\"(Espa\u00f1ol) Esteroides en l\u00ednea\",\"description\":\"(Espa\u00f1ol) Comprar esteroides en l\u00ednea hoy en Espa\u00f1a y Portugal. Tenemos el mejor servicio al cliente en la industria y los productos de la m\u00e1s alta calidad\",\"potentialAction\":[{\"@type\":\"SearchAction\",\"target\":{\"@type\":\"EntryPoint\",\"urlTemplate\":\"https:\\\/\\\/iberoid-shop.com\\\/?s={search_term_string}\"},\"query-input\":{\"@type\":\"PropertyValueSpecification\",\"valueRequired\":true,\"valueName\":\"search_term_string\"}}],\"inLanguage\":\"fr-FR\"}]}<\/script>\n<meta property=\"product:brand\" content=\"Centurion Laboratories\" \/>\n<meta property=\"product:price:amount\" content=\"300.00\" \/>\n<meta property=\"product:price:currency\" content=\"EUR\" \/>\n<meta property=\"og:availability\" content=\"instock\" \/>\n<meta property=\"product:availability\" content=\"instock\" \/>\n<meta property=\"product:condition\" content=\"new\" \/>\n<!-- \/ Yoast SEO Premium plugin. -->","yoast_head_json":{"title":"PACK 5 cajas sidenafil 100 mg - (Espa\u00f1ol) Esteroides en l\u00ednea","description":"Procurez-vous Cenforce 100 mg (citrate de sild\u00e9nafil) \u2013 un m\u00e9dicament puissant contre la dysfonction \u00e9rectile (DE). Ce pack comprend 5 bo\u00eetes (500 comprim\u00e9s)","robots":{"index":"index","follow":"follow","max-snippet":"max-snippet:-1","max-image-preview":"max-image-preview:large","max-video-preview":"max-video-preview:-1"},"canonical":"https:\/\/iberoid.com\/fr\/product\/pack-5-cajas-cenforce-100-mg\/","og_locale":"fr_FR","og_type":"article","og_title":"PACK 5 cajas sidenafil 100 mg","og_description":"Procurez-vous Cenforce 100 mg (citrate de sild\u00e9nafil) \u2013 un m\u00e9dicament puissant contre la dysfonction \u00e9rectile (DE). Ce pack comprend 5 bo\u00eetes (500 comprim\u00e9s)","og_url":"https:\/\/iberoid.com\/fr\/product\/pack-5-cajas-cenforce-100-mg\/","og_site_name":"(Espa\u00f1ol) Esteroides en l\u00ednea","article_modified_time":"2026-03-29T16:35:18+00:00","og_image":[{"width":500,"height":355,"url":"https:\/\/iberoid.com\/wp-content\/uploads\/2023\/10\/cenforce-100-500x500-1.webp","type":"image\/webp"}],"twitter_card":"summary_large_image","twitter_misc":{"Prix":"&euro;300.00","Disponibilit\u00e9":"En stock"},"schema":{"@context":"https:\/\/schema.org","@graph":[{"@type":"WebPage","@id":"https:\/\/iberoid.com\/fr\/product\/pack-5-cajas-cenforce-100-mg\/","url":"https:\/\/iberoid.com\/fr\/product\/pack-5-cajas-cenforce-100-mg\/","name":"PACK 5 cajas sidenafil 100 mg - (Espa\u00f1ol) Esteroides en l\u00ednea","isPartOf":{"@id":"https:\/\/iberoid-shop.com\/#website"},"primaryImageOfPage":{"@id":"https:\/\/iberoid.com\/fr\/product\/pack-5-cajas-cenforce-100-mg\/#primaryimage"},"image":{"@id":"https:\/\/iberoid.com\/fr\/product\/pack-5-cajas-cenforce-100-mg\/#primaryimage"},"thumbnailUrl":"https:\/\/iberoid.com\/wp-content\/uploads\/2023\/10\/cenforce-100-500x500-1.webp","datePublished":"2023-10-23T20:32:49+00:00","dateModified":"2026-03-29T16:35:18+00:00","description":"Procurez-vous Cenforce 100 mg (citrate de sild\u00e9nafil) \u2013 un m\u00e9dicament puissant contre la dysfonction \u00e9rectile (DE). Ce pack comprend 5 bo\u00eetes (500 comprim\u00e9s)","breadcrumb":{"@id":"https:\/\/iberoid.com\/fr\/product\/pack-5-cajas-cenforce-100-mg\/#breadcrumb"},"inLanguage":"fr-FR","potentialAction":[{"@type":"ReadAction","target":[["https:\/\/iberoid.com\/fr\/product\/pack-5-cajas-cenforce-100-mg\/"]]}]},{"@type":"ImageObject","inLanguage":"fr-FR","@id":"https:\/\/iberoid.com\/fr\/product\/pack-5-cajas-cenforce-100-mg\/#primaryimage","url":"https:\/\/iberoid.com\/wp-content\/uploads\/2023\/10\/cenforce-100-500x500-1.webp","contentUrl":"https:\/\/iberoid.com\/wp-content\/uploads\/2023\/10\/cenforce-100-500x500-1.webp","width":500,"height":355},{"@type":"BreadcrumbList","@id":"https:\/\/iberoid.com\/fr\/product\/pack-5-cajas-cenforce-100-mg\/#breadcrumb","itemListElement":[{"@type":"ListItem","position":1,"name":"Portada","item":"https:\/\/iberoid.com\/fr\/"},{"@type":"ListItem","position":2,"name":"Magasin","item":"https:\/\/iberoid.com\/fr\/shop\/"},{"@type":"ListItem","position":3,"name":"PACK 5 cajas sidenafil 100 mg"}]},{"@type":"WebSite","@id":"https:\/\/iberoid-shop.com\/#website","url":"https:\/\/iberoid-shop.com\/","name":"(Espa\u00f1ol) Esteroides en l\u00ednea","description":"(Espa\u00f1ol) Comprar esteroides en l\u00ednea hoy en Espa\u00f1a y Portugal. Tenemos el mejor servicio al cliente en la industria y los productos de la m\u00e1s alta calidad","potentialAction":[{"@type":"SearchAction","target":{"@type":"EntryPoint","urlTemplate":"https:\/\/iberoid-shop.com\/?s={search_term_string}"},"query-input":{"@type":"PropertyValueSpecification","valueRequired":true,"valueName":"search_term_string"}}],"inLanguage":"fr-FR"}]},"product_brand":"Centurion Laboratories","product_price_amount":"300.00","product_price_currency":"EUR","og_availability":"instock","product_availability":"instock","product_condition":"new"},"_links":{"self":[{"href":"https:\/\/iberoid.com\/fr\/wp-json\/wp\/v2\/product\/9028","targetHints":{"allow":["GET"]}}],"collection":[{"href":"https:\/\/iberoid.com\/fr\/wp-json\/wp\/v2\/product"}],"about":[{"href":"https:\/\/iberoid.com\/fr\/wp-json\/wp\/v2\/types\/product"}],"replies":[{"embeddable":true,"href":"https:\/\/iberoid.com\/fr\/wp-json\/wp\/v2\/comments?post=9028"}],"wp:featuredmedia":[{"embeddable":true,"href":"https:\/\/iberoid.com\/fr\/wp-json\/wp\/v2\/media\/9030"}],"wp:attachment":[{"href":"https:\/\/iberoid.com\/fr\/wp-json\/wp\/v2\/media?parent=9028"}],"wp:term":[{"taxonomy":"product_brand","embeddable":true,"href":"https:\/\/iberoid.com\/fr\/wp-json\/wp\/v2\/product_brand?post=9028"},{"taxonomy":"product_cat","embeddable":true,"href":"https:\/\/iberoid.com\/fr\/wp-json\/wp\/v2\/product_cat?post=9028"},{"taxonomy":"product_tag","embeddable":true,"href":"https:\/\/iberoid.com\/fr\/wp-json\/wp\/v2\/product_tag?post=9028"}],"curies":[{"name":"wp","href":"https:\/\/api.w.org\/{rel}","templated":true}]}}