{"id":9079,"date":"2023-11-24T11:14:29","date_gmt":"2023-11-24T11:14:29","guid":{"rendered":"https:\/\/iberoid.com\/?post_type=product&#038;p=9079"},"modified":"2026-04-04T09:24:53","modified_gmt":"2026-04-04T09:24:53","slug":"pack3-jintropin-100-ui","status":"publish","type":"product","link":"https:\/\/iberoid.com\/fr\/product\/pack3-jintropin-100-ui\/","title":{"rendered":"PACK 3 JINTROPIN 100 UI"},"content":{"rendered":"<p><strong>JINTROPIN 100 UI<\/strong> est une hormone de croissance (HGH) g\u00e9n\u00e9tiquement modifi\u00e9e. Il stimule la croissance squelettique et somatique et a un effet prononc\u00e9 sur les processus m\u00e9taboliques. Il stimule la croissance des os, affecte les plaques \u00e9piphysaires des os longs et le m\u00e9tabolisme osseux. Il favorise la normalisation de la structure du corps en augmentant la masse musculaire et en diminuant la graisse corporelle. Chez les patients pr\u00e9sentant un d\u00e9ficit en hormone de croissance et un traitement substitutif de l&rsquo;ost\u00e9oporose conduit \u00e0 une normalisation de la composition min\u00e9rale et de la densit\u00e9 osseuse.<\/p>\n<p><strong>LES USAGES<\/strong><\/p>\n<p>Augmente la masse musculaire.<br \/>\nAm\u00e9liorer la densit\u00e9 et la force des os.<br \/>\nDiminuer la graisse corporelle.<br \/>\nFavorise le transport des acides amin\u00e9s.<br \/>\nR\u00e9duit la perte d&rsquo;insuline.<br \/>\nAugmente l&rsquo;endurance de la charge de travail musculaire.<br \/>\nAm\u00e9liore la force et l\u2019\u00e9nergie.<\/p>\n<p><strong>JINTROPIN 100 UI<\/strong> augmente le nombre et la taille des cellules musculaires, du foie, du thymus, des glandes sexuelles, des glandes surr\u00e9nales et de la glande thyro\u00efde. Il stimule le transport des acides amin\u00e9s dans la synth\u00e8se cellulaire et prot\u00e9ique, r\u00e9duit le taux de cholest\u00e9rol, affectant le profil des lipides et des lipoprot\u00e9ines. Il inhibe la lib\u00e9ration d&rsquo;insuline. Il favorise la r\u00e9tention de sodium, de potassium et de phosphore. Jintropin augmente la masse musculaire, l&rsquo;activit\u00e9 et l&rsquo;endurance physique.<\/p>","protected":false},"excerpt":{"rendered":"<p>JINTROPIN 100 UI est une hormone de croissance (HGH) g\u00e9n\u00e9tiquement modifi\u00e9e. Il stimule la croissance squelettique et somatique et a<\/p>\n","protected":false},"featured_media":9076,"comment_status":"open","ping_status":"closed","template":"","meta":[],"product_brand":[],"product_cat":[76,3474,3533],"product_tag":[],"class_list":{"0":"post-9079","1":"product","2":"type-product","3":"status-publish","4":"has-post-thumbnail","6":"product_cat-hgh_peptido","7":"product_cat-packs","8":"product_cat-sales-rebajas","10":"first","11":"instock","12":"sale","13":"shipping-taxable","14":"purchasable","15":"product-type-simple"},"yoast_head":"<!-- This site is optimized with the Yoast SEO Premium plugin v24.4 (Yoast SEO v27.3) - https:\/\/yoast.com\/product\/yoast-seo-premium-wordpress\/ -->\n<title>PACK 3 JINTROPIN 100 UI - (Espa\u00f1ol) Esteroides en l\u00ednea<\/title>\n<meta name=\"description\" content=\"JINTROPIN 100 UI : HGH recombinante favorisant la croissance musculaire, la densit\u00e9 osseuse et la perte de graisse. Am\u00e9liore force et \u00e9nergie.\" \/>\n<meta name=\"robots\" content=\"index, follow, max-snippet:-1, max-image-preview:large, max-video-preview:-1\" \/>\n<link rel=\"canonical\" href=\"https:\/\/iberoid.com\/fr\/product\/pack3-jintropin-100-ui\/\" \/>\n<meta property=\"og:locale\" content=\"fr_FR\" \/>\n<meta property=\"og:type\" content=\"article\" \/>\n<meta property=\"og:title\" content=\"PACK 3 JINTROPIN 100 UI\" \/>\n<meta property=\"og:description\" content=\"JINTROPIN 100 UI : HGH recombinante favorisant la croissance musculaire, la densit\u00e9 osseuse et la perte de graisse. Am\u00e9liore force et \u00e9nergie.\" \/>\n<meta property=\"og:url\" content=\"https:\/\/iberoid.com\/fr\/product\/pack3-jintropin-100-ui\/\" \/>\n<meta property=\"og:site_name\" content=\"(Espa\u00f1ol) Esteroides en l\u00ednea\" \/>\n<meta property=\"article:modified_time\" content=\"2026-04-04T09:24:53+00:00\" \/>\n<meta property=\"og:image\" content=\"https:\/\/iberoid.com\/wp-content\/uploads\/2023\/11\/735b4614-db04-ba90-268b-838c71b3162d.jpg?v=1700749942\" \/>\n\t<meta property=\"og:image:width\" content=\"300\" \/>\n\t<meta property=\"og:image:height\" content=\"200\" \/>\n\t<meta property=\"og:image:type\" content=\"image\/jpeg\" \/>\n<meta name=\"twitter:card\" content=\"summary_large_image\" \/>\n<meta name=\"twitter:label1\" content=\"Prix\" \/>\n\t<meta name=\"twitter:data1\" content=\"&euro;275.00\" \/>\n\t<meta name=\"twitter:label2\" content=\"Disponibilit\u00e9\" \/>\n\t<meta name=\"twitter:data2\" content=\"En stock\" \/>\n<script type=\"application\/ld+json\" class=\"yoast-schema-graph\">{\"@context\":\"https:\\\/\\\/schema.org\",\"@graph\":[{\"@type\":\"WebPage\",\"@id\":\"https:\\\/\\\/iberoid.com\\\/fr\\\/product\\\/pack3-jintropin-100-ui\\\/\",\"url\":\"https:\\\/\\\/iberoid.com\\\/fr\\\/product\\\/pack3-jintropin-100-ui\\\/\",\"name\":\"PACK 3 JINTROPIN 100 UI - (Espa\u00f1ol) Esteroides en l\u00ednea\",\"isPartOf\":{\"@id\":\"https:\\\/\\\/iberoid.com\\\/fr\\\/#website\"},\"primaryImageOfPage\":{\"@id\":\"https:\\\/\\\/iberoid.com\\\/fr\\\/product\\\/pack3-jintropin-100-ui\\\/#primaryimage\"},\"image\":{\"@id\":\"https:\\\/\\\/iberoid.com\\\/fr\\\/product\\\/pack3-jintropin-100-ui\\\/#primaryimage\"},\"thumbnailUrl\":\"https:\\\/\\\/iberoid.com\\\/wp-content\\\/uploads\\\/2023\\\/11\\\/735b4614-db04-ba90-268b-838c71b3162d.jpg?v=1700749942\",\"datePublished\":\"2023-11-24T11:14:29+00:00\",\"dateModified\":\"2026-04-04T09:24:53+00:00\",\"description\":\"JINTROPIN 100 UI : HGH recombinante favorisant la croissance musculaire, la densit\u00e9 osseuse et la perte de graisse. Am\u00e9liore force et \u00e9nergie.\",\"breadcrumb\":{\"@id\":\"https:\\\/\\\/iberoid.com\\\/fr\\\/product\\\/pack3-jintropin-100-ui\\\/#breadcrumb\"},\"inLanguage\":\"fr-FR\",\"potentialAction\":[{\"@type\":\"ReadAction\",\"target\":[[\"https:\\\/\\\/iberoid.com\\\/fr\\\/product\\\/pack3-jintropin-100-ui\\\/\"]]}]},{\"@type\":\"ImageObject\",\"inLanguage\":\"fr-FR\",\"@id\":\"https:\\\/\\\/iberoid.com\\\/fr\\\/product\\\/pack3-jintropin-100-ui\\\/#primaryimage\",\"url\":\"https:\\\/\\\/iberoid.com\\\/wp-content\\\/uploads\\\/2023\\\/11\\\/735b4614-db04-ba90-268b-838c71b3162d.jpg?v=1700749942\",\"contentUrl\":\"https:\\\/\\\/iberoid.com\\\/wp-content\\\/uploads\\\/2023\\\/11\\\/735b4614-db04-ba90-268b-838c71b3162d.jpg?v=1700749942\",\"width\":300,\"height\":200},{\"@type\":\"BreadcrumbList\",\"@id\":\"https:\\\/\\\/iberoid.com\\\/fr\\\/product\\\/pack3-jintropin-100-ui\\\/#breadcrumb\",\"itemListElement\":[{\"@type\":\"ListItem\",\"position\":1,\"name\":\"Portada\",\"item\":\"https:\\\/\\\/iberoid.com\\\/fr\\\/\"},{\"@type\":\"ListItem\",\"position\":2,\"name\":\"Magasin\",\"item\":\"https:\\\/\\\/iberoid.com\\\/fr\\\/shop\\\/\"},{\"@type\":\"ListItem\",\"position\":3,\"name\":\"PACK 3 JINTROPIN 100 UI\"}]},{\"@type\":\"WebSite\",\"@id\":\"https:\\\/\\\/iberoid.com\\\/fr\\\/#website\",\"url\":\"https:\\\/\\\/iberoid.com\\\/fr\\\/\",\"name\":\"(Espa\u00f1ol) Esteroides en l\u00ednea\",\"description\":\"(Espa\u00f1ol) Comprar esteroides en l\u00ednea hoy en Espa\u00f1a y Portugal. Tenemos el mejor servicio al cliente en la industria y los productos de la m\u00e1s alta calidad\",\"potentialAction\":[{\"@type\":\"SearchAction\",\"target\":{\"@type\":\"EntryPoint\",\"urlTemplate\":\"https:\\\/\\\/iberoid.com\\\/fr\\\/?s={search_term_string}\"},\"query-input\":{\"@type\":\"PropertyValueSpecification\",\"valueRequired\":true,\"valueName\":\"search_term_string\"}}],\"inLanguage\":\"fr-FR\"}]}<\/script>\n<meta property=\"product:brand\" content=\"EUROPHARM RUSIA\" \/>\n<meta property=\"product:price:amount\" content=\"275.00\" \/>\n<meta property=\"product:price:currency\" content=\"EUR\" \/>\n<meta property=\"og:availability\" content=\"instock\" \/>\n<meta property=\"product:availability\" content=\"instock\" \/>\n<meta property=\"product:condition\" content=\"new\" \/>\n<!-- \/ Yoast SEO Premium plugin. -->","yoast_head_json":{"title":"PACK 3 JINTROPIN 100 UI - (Espa\u00f1ol) Esteroides en l\u00ednea","description":"JINTROPIN 100 UI : HGH recombinante favorisant la croissance musculaire, la densit\u00e9 osseuse et la perte de graisse. Am\u00e9liore force et \u00e9nergie.","robots":{"index":"index","follow":"follow","max-snippet":"max-snippet:-1","max-image-preview":"max-image-preview:large","max-video-preview":"max-video-preview:-1"},"canonical":"https:\/\/iberoid.com\/fr\/product\/pack3-jintropin-100-ui\/","og_locale":"fr_FR","og_type":"article","og_title":"PACK 3 JINTROPIN 100 UI","og_description":"JINTROPIN 100 UI : HGH recombinante favorisant la croissance musculaire, la densit\u00e9 osseuse et la perte de graisse. Am\u00e9liore force et \u00e9nergie.","og_url":"https:\/\/iberoid.com\/fr\/product\/pack3-jintropin-100-ui\/","og_site_name":"(Espa\u00f1ol) Esteroides en l\u00ednea","article_modified_time":"2026-04-04T09:24:53+00:00","og_image":[{"width":300,"height":200,"url":"https:\/\/iberoid.com\/wp-content\/uploads\/2023\/11\/735b4614-db04-ba90-268b-838c71b3162d.jpg?v=1700749942","type":"image\/jpeg"}],"twitter_card":"summary_large_image","twitter_misc":{"Prix":"&euro;275.00","Disponibilit\u00e9":"En stock"},"schema":{"@context":"https:\/\/schema.org","@graph":[{"@type":"WebPage","@id":"https:\/\/iberoid.com\/fr\/product\/pack3-jintropin-100-ui\/","url":"https:\/\/iberoid.com\/fr\/product\/pack3-jintropin-100-ui\/","name":"PACK 3 JINTROPIN 100 UI - (Espa\u00f1ol) Esteroides en l\u00ednea","isPartOf":{"@id":"https:\/\/iberoid.com\/fr\/#website"},"primaryImageOfPage":{"@id":"https:\/\/iberoid.com\/fr\/product\/pack3-jintropin-100-ui\/#primaryimage"},"image":{"@id":"https:\/\/iberoid.com\/fr\/product\/pack3-jintropin-100-ui\/#primaryimage"},"thumbnailUrl":"https:\/\/iberoid.com\/wp-content\/uploads\/2023\/11\/735b4614-db04-ba90-268b-838c71b3162d.jpg?v=1700749942","datePublished":"2023-11-24T11:14:29+00:00","dateModified":"2026-04-04T09:24:53+00:00","description":"JINTROPIN 100 UI : HGH recombinante favorisant la croissance musculaire, la densit\u00e9 osseuse et la perte de graisse. Am\u00e9liore force et \u00e9nergie.","breadcrumb":{"@id":"https:\/\/iberoid.com\/fr\/product\/pack3-jintropin-100-ui\/#breadcrumb"},"inLanguage":"fr-FR","potentialAction":[{"@type":"ReadAction","target":[["https:\/\/iberoid.com\/fr\/product\/pack3-jintropin-100-ui\/"]]}]},{"@type":"ImageObject","inLanguage":"fr-FR","@id":"https:\/\/iberoid.com\/fr\/product\/pack3-jintropin-100-ui\/#primaryimage","url":"https:\/\/iberoid.com\/wp-content\/uploads\/2023\/11\/735b4614-db04-ba90-268b-838c71b3162d.jpg?v=1700749942","contentUrl":"https:\/\/iberoid.com\/wp-content\/uploads\/2023\/11\/735b4614-db04-ba90-268b-838c71b3162d.jpg?v=1700749942","width":300,"height":200},{"@type":"BreadcrumbList","@id":"https:\/\/iberoid.com\/fr\/product\/pack3-jintropin-100-ui\/#breadcrumb","itemListElement":[{"@type":"ListItem","position":1,"name":"Portada","item":"https:\/\/iberoid.com\/fr\/"},{"@type":"ListItem","position":2,"name":"Magasin","item":"https:\/\/iberoid.com\/fr\/shop\/"},{"@type":"ListItem","position":3,"name":"PACK 3 JINTROPIN 100 UI"}]},{"@type":"WebSite","@id":"https:\/\/iberoid.com\/fr\/#website","url":"https:\/\/iberoid.com\/fr\/","name":"(Espa\u00f1ol) Esteroides en l\u00ednea","description":"(Espa\u00f1ol) Comprar esteroides en l\u00ednea hoy en Espa\u00f1a y Portugal. Tenemos el mejor servicio al cliente en la industria y los productos de la m\u00e1s alta calidad","potentialAction":[{"@type":"SearchAction","target":{"@type":"EntryPoint","urlTemplate":"https:\/\/iberoid.com\/fr\/?s={search_term_string}"},"query-input":{"@type":"PropertyValueSpecification","valueRequired":true,"valueName":"search_term_string"}}],"inLanguage":"fr-FR"}]},"product_brand":"EUROPHARM RUSIA","product_price_amount":"275.00","product_price_currency":"EUR","og_availability":"instock","product_availability":"instock","product_condition":"new"},"_links":{"self":[{"href":"https:\/\/iberoid.com\/fr\/wp-json\/wp\/v2\/product\/9079","targetHints":{"allow":["GET"]}}],"collection":[{"href":"https:\/\/iberoid.com\/fr\/wp-json\/wp\/v2\/product"}],"about":[{"href":"https:\/\/iberoid.com\/fr\/wp-json\/wp\/v2\/types\/product"}],"replies":[{"embeddable":true,"href":"https:\/\/iberoid.com\/fr\/wp-json\/wp\/v2\/comments?post=9079"}],"wp:featuredmedia":[{"embeddable":true,"href":"https:\/\/iberoid.com\/fr\/wp-json\/wp\/v2\/media\/9076"}],"wp:attachment":[{"href":"https:\/\/iberoid.com\/fr\/wp-json\/wp\/v2\/media?parent=9079"}],"wp:term":[{"taxonomy":"product_brand","embeddable":true,"href":"https:\/\/iberoid.com\/fr\/wp-json\/wp\/v2\/product_brand?post=9079"},{"taxonomy":"product_cat","embeddable":true,"href":"https:\/\/iberoid.com\/fr\/wp-json\/wp\/v2\/product_cat?post=9079"},{"taxonomy":"product_tag","embeddable":true,"href":"https:\/\/iberoid.com\/fr\/wp-json\/wp\/v2\/product_tag?post=9079"}],"curies":[{"name":"wp","href":"https:\/\/api.w.org\/{rel}","templated":true}]}}