{"id":9103,"date":"2023-12-06T15:08:21","date_gmt":"2023-12-06T15:08:21","guid":{"rendered":"https:\/\/iberoid.com\/?post_type=product&#038;p=9103"},"modified":"2026-03-30T00:29:23","modified_gmt":"2026-03-30T00:29:23","slug":"pack3-n-ject","status":"publish","type":"product","link":"https:\/\/iberoid.com\/fr\/product\/pack3-n-ject\/","title":{"rendered":"pack 3 N-JECT 200"},"content":{"rendered":"<p><\/p>\n<h1 class=\"h1\">N-JECT 200 10ML<\/h1>\n<p>NANDROLON DECANOATE est une pr\u00e9paration anabolisante injectable. Apr\u00e8s injection, le d\u00e9canate de nandrolone est progressivement lib\u00e9r\u00e9 du d\u00e9p\u00f4t intramusculaire puis hydrolys\u00e9 en nandrolone.<\/p>\n<p>La nandrolone est indiqu\u00e9e pour le traitement de l&rsquo;ost\u00e9oporose due \u00e0 un d\u00e9ficit en androg\u00e8nes chez les hommes hypogonadiques. Cela am\u00e8nera \u00e9galement la cellule musculaire \u00e0 stocker plus d\u2019azote qu\u2019elle n\u2019en lib\u00e8re, de sorte qu\u2019un bilan azot\u00e9 positif soit atteint. Un bilan azot\u00e9 positif est synonyme d\u2019anabolisme et assimile une plus grande quantit\u00e9 de prot\u00e9ines que d\u2019habitude. Le r\u00e9sultat est un bilan azot\u00e9 positif et l\u2019effet de renforcement des prot\u00e9ines qui l\u2019accompagne.<\/p>\n<p>Le d\u00e9canoate de nandrolone, connu sous le nom de d\u00e9ca, est le produit le plus largement utilis\u00e9 pour les cycles de masse musculaire, repr\u00e9sentant jusqu&rsquo;\u00e0 30 % des ventes totales de st\u00e9ro\u00efdes. Il a comme substance active le d\u00e9canoate de nandrolone. Mode d&rsquo;administration : la dose recommand\u00e9e varie de 400 mg \u00e0 600 mg par semaine. La dose optimale pour chacun est calcul\u00e9e en multipliant 6 mg de d\u00e9ca durabolin par le nombre de kg. Une fois administr\u00e9, il reste actif dans l\u2019organisme entre 7 et 10 jours. La r\u00e9tention d&rsquo;eau est mod\u00e9r\u00e9e.<\/p>","protected":false},"excerpt":{"rendered":"<p>N-JECT 200 10ML NANDROLON DECANOATE est une pr\u00e9paration anabolisante injectable. Apr\u00e8s injection, le d\u00e9canate de nandrolone est progressivement lib\u00e9r\u00e9 du<\/p>\n","protected":false},"featured_media":8399,"comment_status":"open","ping_status":"closed","template":"","meta":[],"product_brand":[],"product_cat":[69,3474],"product_tag":[],"class_list":{"0":"post-9103","1":"product","2":"type-product","3":"status-publish","4":"has-post-thumbnail","6":"product_cat-esteroides_inyectables","7":"product_cat-packs","9":"first","10":"instock","11":"sale","12":"shipping-taxable","13":"purchasable","14":"product-type-simple"},"yoast_head":"<!-- This site is optimized with the Yoast SEO Premium plugin v24.4 (Yoast SEO v27.3) - https:\/\/yoast.com\/product\/yoast-seo-premium-wordpress\/ -->\n<title>pack 3 N-JECT 200 - (Espa\u00f1ol) Esteroides en l\u00ednea<\/title>\n<meta name=\"description\" content=\"Le NANDROLON DECANOATE (N-JECT 200) est un st\u00e9ro\u00efde injectable populaire qui favorise un bilan azot\u00e9 positif pour des gains de masse musculaire importants.\" \/>\n<meta name=\"robots\" content=\"index, follow, max-snippet:-1, max-image-preview:large, max-video-preview:-1\" \/>\n<link rel=\"canonical\" href=\"https:\/\/iberoid.com\/fr\/product\/pack3-n-ject\/\" \/>\n<meta property=\"og:locale\" content=\"fr_FR\" \/>\n<meta property=\"og:type\" content=\"article\" \/>\n<meta property=\"og:title\" content=\"pack 3 N-JECT 200\" \/>\n<meta property=\"og:description\" content=\"Le NANDROLON DECANOATE (N-JECT 200) est un st\u00e9ro\u00efde injectable populaire qui favorise un bilan azot\u00e9 positif pour des gains de masse musculaire importants.\" \/>\n<meta property=\"og:url\" content=\"https:\/\/iberoid.com\/fr\/product\/pack3-n-ject\/\" \/>\n<meta property=\"og:site_name\" content=\"(Espa\u00f1ol) Esteroides en l\u00ednea\" \/>\n<meta property=\"article:modified_time\" content=\"2026-03-30T00:29:23+00:00\" \/>\n<meta property=\"og:image\" content=\"https:\/\/iberoid.com\/wp-content\/uploads\/2023\/03\/nject.jpg?v=1697732449\" \/>\n\t<meta property=\"og:image:width\" content=\"486\" \/>\n\t<meta property=\"og:image:height\" content=\"666\" \/>\n\t<meta property=\"og:image:type\" content=\"image\/jpeg\" \/>\n<meta name=\"twitter:card\" content=\"summary_large_image\" \/>\n<meta name=\"twitter:label1\" content=\"Prix\" \/>\n\t<meta name=\"twitter:data1\" content=\"&euro;55.00\" \/>\n\t<meta name=\"twitter:label2\" content=\"Disponibilit\u00e9\" \/>\n\t<meta name=\"twitter:data2\" content=\"En stock\" \/>\n<script type=\"application\/ld+json\" class=\"yoast-schema-graph\">{\"@context\":\"https:\\\/\\\/schema.org\",\"@graph\":[{\"@type\":\"WebPage\",\"@id\":\"https:\\\/\\\/iberoid.com\\\/fr\\\/product\\\/pack3-n-ject\\\/\",\"url\":\"https:\\\/\\\/iberoid.com\\\/fr\\\/product\\\/pack3-n-ject\\\/\",\"name\":\"pack 3 N-JECT 200 - (Espa\u00f1ol) Esteroides en l\u00ednea\",\"isPartOf\":{\"@id\":\"https:\\\/\\\/iberoid.com\\\/fr\\\/#website\"},\"primaryImageOfPage\":{\"@id\":\"https:\\\/\\\/iberoid.com\\\/fr\\\/product\\\/pack3-n-ject\\\/#primaryimage\"},\"image\":{\"@id\":\"https:\\\/\\\/iberoid.com\\\/fr\\\/product\\\/pack3-n-ject\\\/#primaryimage\"},\"thumbnailUrl\":\"https:\\\/\\\/iberoid.com\\\/wp-content\\\/uploads\\\/2023\\\/03\\\/nject.jpg?v=1697732449\",\"datePublished\":\"2023-12-06T15:08:21+00:00\",\"dateModified\":\"2026-03-30T00:29:23+00:00\",\"description\":\"Le NANDROLON DECANOATE (N-JECT 200) est un st\u00e9ro\u00efde injectable populaire qui favorise un bilan azot\u00e9 positif pour des gains de masse musculaire importants.\",\"breadcrumb\":{\"@id\":\"https:\\\/\\\/iberoid.com\\\/fr\\\/product\\\/pack3-n-ject\\\/#breadcrumb\"},\"inLanguage\":\"fr-FR\",\"potentialAction\":[{\"@type\":\"ReadAction\",\"target\":[[\"https:\\\/\\\/iberoid.com\\\/fr\\\/product\\\/pack3-n-ject\\\/\"]]}]},{\"@type\":\"ImageObject\",\"inLanguage\":\"fr-FR\",\"@id\":\"https:\\\/\\\/iberoid.com\\\/fr\\\/product\\\/pack3-n-ject\\\/#primaryimage\",\"url\":\"https:\\\/\\\/iberoid.com\\\/wp-content\\\/uploads\\\/2023\\\/03\\\/nject.jpg?v=1697732449\",\"contentUrl\":\"https:\\\/\\\/iberoid.com\\\/wp-content\\\/uploads\\\/2023\\\/03\\\/nject.jpg?v=1697732449\",\"width\":486,\"height\":666},{\"@type\":\"BreadcrumbList\",\"@id\":\"https:\\\/\\\/iberoid.com\\\/fr\\\/product\\\/pack3-n-ject\\\/#breadcrumb\",\"itemListElement\":[{\"@type\":\"ListItem\",\"position\":1,\"name\":\"Portada\",\"item\":\"https:\\\/\\\/iberoid.com\\\/fr\\\/\"},{\"@type\":\"ListItem\",\"position\":2,\"name\":\"Magasin\",\"item\":\"https:\\\/\\\/iberoid.com\\\/fr\\\/shop\\\/\"},{\"@type\":\"ListItem\",\"position\":3,\"name\":\"pack 3 N-JECT 200\"}]},{\"@type\":\"WebSite\",\"@id\":\"https:\\\/\\\/iberoid.com\\\/fr\\\/#website\",\"url\":\"https:\\\/\\\/iberoid.com\\\/fr\\\/\",\"name\":\"(Espa\u00f1ol) Esteroides en l\u00ednea\",\"description\":\"(Espa\u00f1ol) Comprar esteroides en l\u00ednea hoy en Espa\u00f1a y Portugal. Tenemos el mejor servicio al cliente en la industria y los productos de la m\u00e1s alta calidad\",\"potentialAction\":[{\"@type\":\"SearchAction\",\"target\":{\"@type\":\"EntryPoint\",\"urlTemplate\":\"https:\\\/\\\/iberoid.com\\\/fr\\\/?s={search_term_string}\"},\"query-input\":{\"@type\":\"PropertyValueSpecification\",\"valueRequired\":true,\"valueName\":\"search_term_string\"}}],\"inLanguage\":\"fr-FR\"}]}<\/script>\n<meta property=\"product:brand\" content=\"Mp-Pharm\" \/>\n<meta property=\"product:price:amount\" content=\"55.00\" \/>\n<meta property=\"product:price:currency\" content=\"EUR\" \/>\n<meta property=\"og:availability\" content=\"instock\" \/>\n<meta property=\"product:availability\" content=\"instock\" \/>\n<meta property=\"product:condition\" content=\"new\" \/>\n<!-- \/ Yoast SEO Premium plugin. -->","yoast_head_json":{"title":"pack 3 N-JECT 200 - (Espa\u00f1ol) Esteroides en l\u00ednea","description":"Le NANDROLON DECANOATE (N-JECT 200) est un st\u00e9ro\u00efde injectable populaire qui favorise un bilan azot\u00e9 positif pour des gains de masse musculaire importants.","robots":{"index":"index","follow":"follow","max-snippet":"max-snippet:-1","max-image-preview":"max-image-preview:large","max-video-preview":"max-video-preview:-1"},"canonical":"https:\/\/iberoid.com\/fr\/product\/pack3-n-ject\/","og_locale":"fr_FR","og_type":"article","og_title":"pack 3 N-JECT 200","og_description":"Le NANDROLON DECANOATE (N-JECT 200) est un st\u00e9ro\u00efde injectable populaire qui favorise un bilan azot\u00e9 positif pour des gains de masse musculaire importants.","og_url":"https:\/\/iberoid.com\/fr\/product\/pack3-n-ject\/","og_site_name":"(Espa\u00f1ol) Esteroides en l\u00ednea","article_modified_time":"2026-03-30T00:29:23+00:00","og_image":[{"width":486,"height":666,"url":"https:\/\/iberoid.com\/wp-content\/uploads\/2023\/03\/nject.jpg?v=1697732449","type":"image\/jpeg"}],"twitter_card":"summary_large_image","twitter_misc":{"Prix":"&euro;55.00","Disponibilit\u00e9":"En stock"},"schema":{"@context":"https:\/\/schema.org","@graph":[{"@type":"WebPage","@id":"https:\/\/iberoid.com\/fr\/product\/pack3-n-ject\/","url":"https:\/\/iberoid.com\/fr\/product\/pack3-n-ject\/","name":"pack 3 N-JECT 200 - (Espa\u00f1ol) Esteroides en l\u00ednea","isPartOf":{"@id":"https:\/\/iberoid.com\/fr\/#website"},"primaryImageOfPage":{"@id":"https:\/\/iberoid.com\/fr\/product\/pack3-n-ject\/#primaryimage"},"image":{"@id":"https:\/\/iberoid.com\/fr\/product\/pack3-n-ject\/#primaryimage"},"thumbnailUrl":"https:\/\/iberoid.com\/wp-content\/uploads\/2023\/03\/nject.jpg?v=1697732449","datePublished":"2023-12-06T15:08:21+00:00","dateModified":"2026-03-30T00:29:23+00:00","description":"Le NANDROLON DECANOATE (N-JECT 200) est un st\u00e9ro\u00efde injectable populaire qui favorise un bilan azot\u00e9 positif pour des gains de masse musculaire importants.","breadcrumb":{"@id":"https:\/\/iberoid.com\/fr\/product\/pack3-n-ject\/#breadcrumb"},"inLanguage":"fr-FR","potentialAction":[{"@type":"ReadAction","target":[["https:\/\/iberoid.com\/fr\/product\/pack3-n-ject\/"]]}]},{"@type":"ImageObject","inLanguage":"fr-FR","@id":"https:\/\/iberoid.com\/fr\/product\/pack3-n-ject\/#primaryimage","url":"https:\/\/iberoid.com\/wp-content\/uploads\/2023\/03\/nject.jpg?v=1697732449","contentUrl":"https:\/\/iberoid.com\/wp-content\/uploads\/2023\/03\/nject.jpg?v=1697732449","width":486,"height":666},{"@type":"BreadcrumbList","@id":"https:\/\/iberoid.com\/fr\/product\/pack3-n-ject\/#breadcrumb","itemListElement":[{"@type":"ListItem","position":1,"name":"Portada","item":"https:\/\/iberoid.com\/fr\/"},{"@type":"ListItem","position":2,"name":"Magasin","item":"https:\/\/iberoid.com\/fr\/shop\/"},{"@type":"ListItem","position":3,"name":"pack 3 N-JECT 200"}]},{"@type":"WebSite","@id":"https:\/\/iberoid.com\/fr\/#website","url":"https:\/\/iberoid.com\/fr\/","name":"(Espa\u00f1ol) Esteroides en l\u00ednea","description":"(Espa\u00f1ol) Comprar esteroides en l\u00ednea hoy en Espa\u00f1a y Portugal. Tenemos el mejor servicio al cliente en la industria y los productos de la m\u00e1s alta calidad","potentialAction":[{"@type":"SearchAction","target":{"@type":"EntryPoint","urlTemplate":"https:\/\/iberoid.com\/fr\/?s={search_term_string}"},"query-input":{"@type":"PropertyValueSpecification","valueRequired":true,"valueName":"search_term_string"}}],"inLanguage":"fr-FR"}]},"product_brand":"Mp-Pharm","product_price_amount":"55.00","product_price_currency":"EUR","og_availability":"instock","product_availability":"instock","product_condition":"new"},"_links":{"self":[{"href":"https:\/\/iberoid.com\/fr\/wp-json\/wp\/v2\/product\/9103","targetHints":{"allow":["GET"]}}],"collection":[{"href":"https:\/\/iberoid.com\/fr\/wp-json\/wp\/v2\/product"}],"about":[{"href":"https:\/\/iberoid.com\/fr\/wp-json\/wp\/v2\/types\/product"}],"replies":[{"embeddable":true,"href":"https:\/\/iberoid.com\/fr\/wp-json\/wp\/v2\/comments?post=9103"}],"wp:featuredmedia":[{"embeddable":true,"href":"https:\/\/iberoid.com\/fr\/wp-json\/wp\/v2\/media\/8399"}],"wp:attachment":[{"href":"https:\/\/iberoid.com\/fr\/wp-json\/wp\/v2\/media?parent=9103"}],"wp:term":[{"taxonomy":"product_brand","embeddable":true,"href":"https:\/\/iberoid.com\/fr\/wp-json\/wp\/v2\/product_brand?post=9103"},{"taxonomy":"product_cat","embeddable":true,"href":"https:\/\/iberoid.com\/fr\/wp-json\/wp\/v2\/product_cat?post=9103"},{"taxonomy":"product_tag","embeddable":true,"href":"https:\/\/iberoid.com\/fr\/wp-json\/wp\/v2\/product_tag?post=9103"}],"curies":[{"name":"wp","href":"https:\/\/api.w.org\/{rel}","templated":true}]}}