{"id":9167,"date":"2024-01-25T21:44:46","date_gmt":"2024-01-25T21:44:46","guid":{"rendered":"https:\/\/iberoid.com\/?post_type=product&#038;p=9167"},"modified":"2026-03-30T00:29:23","modified_gmt":"2026-03-30T00:29:23","slug":"pack3-trenbolone-enanthate","status":"publish","type":"product","link":"https:\/\/iberoid.com\/fr\/product\/pack3-trenbolone-enanthate\/","title":{"rendered":"PACK 3 TRENBOLONE ENANTHATE"},"content":{"rendered":"<p>PACK 3 TRENBOLONE ENANTHATE EPF PREMIUM.<\/p>\n<p><strong>Trenbolone Enanthate<\/strong> est un puissant m\u00e9dicament pharmacologique sportif sans aromatisation. Le principal ingr\u00e9dient actif est l\u2019\u00e9nanthate de trenbolone, un st\u00e9ro\u00efde ester. Le m\u00e9dicament est tr\u00e8s demand\u00e9 dans le domaine du bodybuilding. Les athl\u00e8tes professionnels recommandent d&rsquo;acheter Trenbolone \u00e9nanthate Magnus Trenbolone Enanthate flacon de 10 ml (200 mg\/1 ml) \u00e0 Almaty pour un cours de coupe et de prise de poids.<\/p>\n<p><strong>Description<\/strong><\/p>\n<p>Le trenbolone est un st\u00e9ro\u00efde de haute qualit\u00e9 dot\u00e9 d\u2019une activit\u00e9 anabolisante \u00e9lev\u00e9e. Son pouvoir est similaire \u00e0 celui de la testost\u00e9rone, mais n\u2019a pas tendance \u00e0 s\u2019aromatiser. L\u2019athl\u00e8te ne sera pas sujet \u00e0 des effets secondaires tels que la conversion de la testost\u00e9rone en \u0153strog\u00e8ne ou la gyn\u00e9comastie. La substance n\u2019est pas non plus toxique pour le foie ou les reins. On le trouve sur le march\u00e9 sous trois formes d&rsquo;\u00e9ther : le carbonate d&rsquo;hexahydrobenzyle, l&rsquo;ac\u00e9tate et l&rsquo;\u00e9nanthate. La dur\u00e9e d&rsquo;action d\u00e9pend du type de cha\u00eene ester, mais l&rsquo;effet de chacune est similaire, puisque la trenbolone est s\u00e9par\u00e9e de l&rsquo;ester dans le corps.<\/p>\n<p>L&rsquo;\u00e9nanthate de trenbolone est la deuxi\u00e8me forme d&rsquo;ester la plus durable. La p\u00e9riode d&rsquo;action de la substance dans le corps dure 7 \u00e0 10 jours. Il suffit \u00e0 un athl\u00e8te de s&rsquo;injecter le m\u00e9dicament 1 \u00e0 2 fois par semaine pour maintenir sa concentration \u00e0 un niveau constamment \u00e9lev\u00e9. Les propri\u00e9t\u00e9s pharmacologiques de l&rsquo;hexahydrobenzylcarbonate sont similaires \u00e0 celles du trenbolone.<\/p>\n<p>Les m\u00e9dicaments \u00e0 base de trenbolone sont tr\u00e8s demand\u00e9s dans l&rsquo;industrie du sport. Ils sont activement utilis\u00e9s pour la coupe et la prise de poids. La substance provoque une augmentation active de la masse musculaire, de la force et de l&rsquo;endurance, tout en assurant simultan\u00e9ment un s\u00e9chage de haute qualit\u00e9 de la masse d\u00e9j\u00e0 acquise, augmentant ainsi son relief et sa densit\u00e9.<\/p>\n<p>Le Trenbolone Enanthate est fabriqu\u00e9 par la soci\u00e9t\u00e9 pharmaceutique populaire Magnus. Il s\u2019agit d\u2019un fabricant indien qui produit dans le monde entier des st\u00e9ro\u00efdes \u00e0 base de trenbolone sous forme injectable dans un flacon de 10 ml. La concentration de la substance pour 1 ml est de 200 mg.<\/p>\n<p><strong>Effet de l&rsquo;utilisation<\/strong><\/p>\n<p>La cl\u00e9 d&rsquo;un effet de haute qualit\u00e9 sans interf\u00e9rence n\u00e9gative est un parcours correctement s\u00e9lectionn\u00e9. Dans un premier temps, vous devez subir une consultation et un examen avec un m\u00e9decin. V\u00e9rifiez votre corps pour la compatibilit\u00e9 et les contre-indications. Apr\u00e8s cela, le sp\u00e9cialiste s\u00e9lectionne un cours individuel.<\/p>\n<p>\u00b7 Augmentation de la force physique et de l&rsquo;endurance\u00a0;<\/p>\n<p>\u00b7 Croissance musculaire active\u00a0;<\/p>\n<p>\u00b7 R\u00e9duction de la graisse corporelle\u00a0;<\/p>\n<p>\u00b7 \u00c9limination du cortisol\u00a0;<\/p>\n<p>\u00b7 Augmentation de la libido\u00a0;<\/p>\n<p>\u00b7 Soulagement et densit\u00e9 musculaires\u00a0;<\/p>\n<p>\u00b7 Augmentation des concentrations de facteur de croissance analogue \u00e0 l&rsquo;insuline et d&rsquo;hormone de croissance.<\/p>\n<p><strong>Effets secondaires<\/strong><\/p>\n<p>Le m\u00e9dicament a tendance \u00e0 pr\u00e9senter des effets secondaires mineurs en cas de surdosage. Dans ce cas, il est recommand\u00e9 de r\u00e9duire la dose ou d\u2019arr\u00eater de la prendre.<\/p>\n<p>\u00b7 Calvitie\u00a0;<\/p>\n<p>\u00b7 Croissance des cheveux de type masculin\u00a0;<\/p>\n<p>\u00b7 Acn\u00e9\u00a0;<\/p>\n<p>\u00b7 La peau grasse;<\/p>\n<p>\u00b7 Probl\u00e8mes de sommeil\u00a0;<\/p>\n<p>\u00b7 Augmentation de la pression art\u00e9rielle\u00a0;<\/p>\n<p>\u00b7 Agression.<\/p>\n<p>Application<\/p>\n<p>La dur\u00e9e du cours est de minimum 4 semaines. Si la cure dure plus de 6 semaines, elle s&rsquo;accompagne de la prise de gonadotrophine. La posologie optimale du m\u00e9dicament est de 200 \u00e0 300 mg par semaine. Il est obligatoire de subir un PCT apr\u00e8s avoir termin\u00e9 le cours de st\u00e9ro\u00efdes.<\/p>\n<p>&nbsp;<\/p>","protected":false},"excerpt":{"rendered":"<p>PACK 3 TRENBOLONE ENANTHATE EPF PREMIUM. Trenbolone Enanthate est un puissant m\u00e9dicament pharmacologique sportif sans aromatisation. Le principal ingr\u00e9dient actif<\/p>\n","protected":false},"featured_media":8860,"comment_status":"open","ping_status":"closed","template":"","meta":[],"product_brand":[],"product_cat":[3474],"product_tag":[],"class_list":{"0":"post-9167","1":"product","2":"type-product","3":"status-publish","4":"has-post-thumbnail","6":"product_cat-packs","8":"first","9":"instock","10":"sale","11":"shipping-taxable","12":"purchasable","13":"product-type-simple"},"yoast_head":"<!-- This site is optimized with the Yoast SEO Premium plugin v24.4 (Yoast SEO v27.3) - https:\/\/yoast.com\/product\/yoast-seo-premium-wordpress\/ -->\n<title>PACK 3 TRENBOLONE ENANTHATE - (Espa\u00f1ol) Esteroides en l\u00ednea<\/title>\n<meta name=\"description\" content=\"PACK 3 Trenbolone Enanthate est un puissant anabolisant pour la croissance musculaire, la force et la s\u00e8che, sans aromatisation et \u00e0 effet durable.\" \/>\n<meta name=\"robots\" content=\"index, follow, max-snippet:-1, max-image-preview:large, max-video-preview:-1\" \/>\n<link rel=\"canonical\" href=\"https:\/\/iberoid.com\/fr\/product\/pack3-trenbolone-enanthate\/\" \/>\n<meta property=\"og:locale\" content=\"fr_FR\" \/>\n<meta property=\"og:type\" content=\"article\" \/>\n<meta property=\"og:title\" content=\"PACK 3 TRENBOLONE ENANTHATE\" \/>\n<meta property=\"og:description\" content=\"PACK 3 Trenbolone Enanthate est un puissant anabolisant pour la croissance musculaire, la force et la s\u00e8che, sans aromatisation et \u00e0 effet durable.\" \/>\n<meta property=\"og:url\" content=\"https:\/\/iberoid.com\/fr\/product\/pack3-trenbolone-enanthate\/\" \/>\n<meta property=\"og:site_name\" content=\"(Espa\u00f1ol) Esteroides en l\u00ednea\" \/>\n<meta property=\"article:modified_time\" content=\"2026-03-30T00:29:23+00:00\" \/>\n<meta property=\"og:image\" content=\"https:\/\/iberoid.com\/wp-content\/uploads\/2023\/08\/trr.jpg?v=1693484142\" \/>\n\t<meta property=\"og:image:width\" content=\"720\" \/>\n\t<meta property=\"og:image:height\" content=\"1280\" \/>\n\t<meta property=\"og:image:type\" content=\"image\/jpeg\" \/>\n<meta name=\"twitter:card\" content=\"summary_large_image\" \/>\n<meta name=\"twitter:label1\" content=\"Prix\" \/>\n\t<meta name=\"twitter:data1\" content=\"&euro;130.00\" \/>\n\t<meta name=\"twitter:label2\" content=\"Disponibilit\u00e9\" \/>\n\t<meta name=\"twitter:data2\" content=\"En stock\" \/>\n<script type=\"application\/ld+json\" class=\"yoast-schema-graph\">{\"@context\":\"https:\\\/\\\/schema.org\",\"@graph\":[{\"@type\":\"WebPage\",\"@id\":\"https:\\\/\\\/iberoid.com\\\/fr\\\/product\\\/pack3-trenbolone-enanthate\\\/\",\"url\":\"https:\\\/\\\/iberoid.com\\\/fr\\\/product\\\/pack3-trenbolone-enanthate\\\/\",\"name\":\"PACK 3 TRENBOLONE ENANTHATE - (Espa\u00f1ol) Esteroides en l\u00ednea\",\"isPartOf\":{\"@id\":\"https:\\\/\\\/iberoid.com\\\/fr\\\/#website\"},\"primaryImageOfPage\":{\"@id\":\"https:\\\/\\\/iberoid.com\\\/fr\\\/product\\\/pack3-trenbolone-enanthate\\\/#primaryimage\"},\"image\":{\"@id\":\"https:\\\/\\\/iberoid.com\\\/fr\\\/product\\\/pack3-trenbolone-enanthate\\\/#primaryimage\"},\"thumbnailUrl\":\"https:\\\/\\\/iberoid.com\\\/wp-content\\\/uploads\\\/2023\\\/08\\\/trr.jpg?v=1693484142\",\"datePublished\":\"2024-01-25T21:44:46+00:00\",\"dateModified\":\"2026-03-30T00:29:23+00:00\",\"description\":\"PACK 3 Trenbolone Enanthate est un puissant anabolisant pour la croissance musculaire, la force et la s\u00e8che, sans aromatisation et \u00e0 effet durable.\",\"breadcrumb\":{\"@id\":\"https:\\\/\\\/iberoid.com\\\/fr\\\/product\\\/pack3-trenbolone-enanthate\\\/#breadcrumb\"},\"inLanguage\":\"fr-FR\",\"potentialAction\":[{\"@type\":\"ReadAction\",\"target\":[[\"https:\\\/\\\/iberoid.com\\\/fr\\\/product\\\/pack3-trenbolone-enanthate\\\/\"]]}]},{\"@type\":\"ImageObject\",\"inLanguage\":\"fr-FR\",\"@id\":\"https:\\\/\\\/iberoid.com\\\/fr\\\/product\\\/pack3-trenbolone-enanthate\\\/#primaryimage\",\"url\":\"https:\\\/\\\/iberoid.com\\\/wp-content\\\/uploads\\\/2023\\\/08\\\/trr.jpg?v=1693484142\",\"contentUrl\":\"https:\\\/\\\/iberoid.com\\\/wp-content\\\/uploads\\\/2023\\\/08\\\/trr.jpg?v=1693484142\",\"width\":720,\"height\":1280},{\"@type\":\"BreadcrumbList\",\"@id\":\"https:\\\/\\\/iberoid.com\\\/fr\\\/product\\\/pack3-trenbolone-enanthate\\\/#breadcrumb\",\"itemListElement\":[{\"@type\":\"ListItem\",\"position\":1,\"name\":\"Portada\",\"item\":\"https:\\\/\\\/iberoid.com\\\/fr\\\/\"},{\"@type\":\"ListItem\",\"position\":2,\"name\":\"Magasin\",\"item\":\"https:\\\/\\\/iberoid.com\\\/fr\\\/shop\\\/\"},{\"@type\":\"ListItem\",\"position\":3,\"name\":\"PACK 3 TRENBOLONE ENANTHATE\"}]},{\"@type\":\"WebSite\",\"@id\":\"https:\\\/\\\/iberoid.com\\\/fr\\\/#website\",\"url\":\"https:\\\/\\\/iberoid.com\\\/fr\\\/\",\"name\":\"(Espa\u00f1ol) Esteroides en l\u00ednea\",\"description\":\"(Espa\u00f1ol) Comprar esteroides en l\u00ednea hoy en Espa\u00f1a y Portugal. Tenemos el mejor servicio al cliente en la industria y los productos de la m\u00e1s alta calidad\",\"potentialAction\":[{\"@type\":\"SearchAction\",\"target\":{\"@type\":\"EntryPoint\",\"urlTemplate\":\"https:\\\/\\\/iberoid.com\\\/fr\\\/?s={search_term_string}\"},\"query-input\":{\"@type\":\"PropertyValueSpecification\",\"valueRequired\":true,\"valueName\":\"search_term_string\"}}],\"inLanguage\":\"fr-FR\"}]}<\/script>\n<meta property=\"product:brand\" content=\"Euro Prime Pharmaceuticals (EPF)\" \/>\n<meta property=\"product:price:amount\" content=\"130.00\" \/>\n<meta property=\"product:price:currency\" content=\"EUR\" \/>\n<meta property=\"og:availability\" content=\"instock\" \/>\n<meta property=\"product:availability\" content=\"instock\" \/>\n<meta property=\"product:condition\" content=\"new\" \/>\n<!-- \/ Yoast SEO Premium plugin. -->","yoast_head_json":{"title":"PACK 3 TRENBOLONE ENANTHATE - (Espa\u00f1ol) Esteroides en l\u00ednea","description":"PACK 3 Trenbolone Enanthate est un puissant anabolisant pour la croissance musculaire, la force et la s\u00e8che, sans aromatisation et \u00e0 effet durable.","robots":{"index":"index","follow":"follow","max-snippet":"max-snippet:-1","max-image-preview":"max-image-preview:large","max-video-preview":"max-video-preview:-1"},"canonical":"https:\/\/iberoid.com\/fr\/product\/pack3-trenbolone-enanthate\/","og_locale":"fr_FR","og_type":"article","og_title":"PACK 3 TRENBOLONE ENANTHATE","og_description":"PACK 3 Trenbolone Enanthate est un puissant anabolisant pour la croissance musculaire, la force et la s\u00e8che, sans aromatisation et \u00e0 effet durable.","og_url":"https:\/\/iberoid.com\/fr\/product\/pack3-trenbolone-enanthate\/","og_site_name":"(Espa\u00f1ol) Esteroides en l\u00ednea","article_modified_time":"2026-03-30T00:29:23+00:00","og_image":[{"width":720,"height":1280,"url":"https:\/\/iberoid.com\/wp-content\/uploads\/2023\/08\/trr.jpg?v=1693484142","type":"image\/jpeg"}],"twitter_card":"summary_large_image","twitter_misc":{"Prix":"&euro;130.00","Disponibilit\u00e9":"En stock"},"schema":{"@context":"https:\/\/schema.org","@graph":[{"@type":"WebPage","@id":"https:\/\/iberoid.com\/fr\/product\/pack3-trenbolone-enanthate\/","url":"https:\/\/iberoid.com\/fr\/product\/pack3-trenbolone-enanthate\/","name":"PACK 3 TRENBOLONE ENANTHATE - (Espa\u00f1ol) Esteroides en l\u00ednea","isPartOf":{"@id":"https:\/\/iberoid.com\/fr\/#website"},"primaryImageOfPage":{"@id":"https:\/\/iberoid.com\/fr\/product\/pack3-trenbolone-enanthate\/#primaryimage"},"image":{"@id":"https:\/\/iberoid.com\/fr\/product\/pack3-trenbolone-enanthate\/#primaryimage"},"thumbnailUrl":"https:\/\/iberoid.com\/wp-content\/uploads\/2023\/08\/trr.jpg?v=1693484142","datePublished":"2024-01-25T21:44:46+00:00","dateModified":"2026-03-30T00:29:23+00:00","description":"PACK 3 Trenbolone Enanthate est un puissant anabolisant pour la croissance musculaire, la force et la s\u00e8che, sans aromatisation et \u00e0 effet durable.","breadcrumb":{"@id":"https:\/\/iberoid.com\/fr\/product\/pack3-trenbolone-enanthate\/#breadcrumb"},"inLanguage":"fr-FR","potentialAction":[{"@type":"ReadAction","target":[["https:\/\/iberoid.com\/fr\/product\/pack3-trenbolone-enanthate\/"]]}]},{"@type":"ImageObject","inLanguage":"fr-FR","@id":"https:\/\/iberoid.com\/fr\/product\/pack3-trenbolone-enanthate\/#primaryimage","url":"https:\/\/iberoid.com\/wp-content\/uploads\/2023\/08\/trr.jpg?v=1693484142","contentUrl":"https:\/\/iberoid.com\/wp-content\/uploads\/2023\/08\/trr.jpg?v=1693484142","width":720,"height":1280},{"@type":"BreadcrumbList","@id":"https:\/\/iberoid.com\/fr\/product\/pack3-trenbolone-enanthate\/#breadcrumb","itemListElement":[{"@type":"ListItem","position":1,"name":"Portada","item":"https:\/\/iberoid.com\/fr\/"},{"@type":"ListItem","position":2,"name":"Magasin","item":"https:\/\/iberoid.com\/fr\/shop\/"},{"@type":"ListItem","position":3,"name":"PACK 3 TRENBOLONE ENANTHATE"}]},{"@type":"WebSite","@id":"https:\/\/iberoid.com\/fr\/#website","url":"https:\/\/iberoid.com\/fr\/","name":"(Espa\u00f1ol) Esteroides en l\u00ednea","description":"(Espa\u00f1ol) Comprar esteroides en l\u00ednea hoy en Espa\u00f1a y Portugal. Tenemos el mejor servicio al cliente en la industria y los productos de la m\u00e1s alta calidad","potentialAction":[{"@type":"SearchAction","target":{"@type":"EntryPoint","urlTemplate":"https:\/\/iberoid.com\/fr\/?s={search_term_string}"},"query-input":{"@type":"PropertyValueSpecification","valueRequired":true,"valueName":"search_term_string"}}],"inLanguage":"fr-FR"}]},"product_brand":"Euro Prime Pharmaceuticals (EPF)","product_price_amount":"130.00","product_price_currency":"EUR","og_availability":"instock","product_availability":"instock","product_condition":"new"},"_links":{"self":[{"href":"https:\/\/iberoid.com\/fr\/wp-json\/wp\/v2\/product\/9167","targetHints":{"allow":["GET"]}}],"collection":[{"href":"https:\/\/iberoid.com\/fr\/wp-json\/wp\/v2\/product"}],"about":[{"href":"https:\/\/iberoid.com\/fr\/wp-json\/wp\/v2\/types\/product"}],"replies":[{"embeddable":true,"href":"https:\/\/iberoid.com\/fr\/wp-json\/wp\/v2\/comments?post=9167"}],"wp:featuredmedia":[{"embeddable":true,"href":"https:\/\/iberoid.com\/fr\/wp-json\/wp\/v2\/media\/8860"}],"wp:attachment":[{"href":"https:\/\/iberoid.com\/fr\/wp-json\/wp\/v2\/media?parent=9167"}],"wp:term":[{"taxonomy":"product_brand","embeddable":true,"href":"https:\/\/iberoid.com\/fr\/wp-json\/wp\/v2\/product_brand?post=9167"},{"taxonomy":"product_cat","embeddable":true,"href":"https:\/\/iberoid.com\/fr\/wp-json\/wp\/v2\/product_cat?post=9167"},{"taxonomy":"product_tag","embeddable":true,"href":"https:\/\/iberoid.com\/fr\/wp-json\/wp\/v2\/product_tag?post=9167"}],"curies":[{"name":"wp","href":"https:\/\/api.w.org\/{rel}","templated":true}]}}