{"id":9242,"date":"2024-03-03T19:00:55","date_gmt":"2024-03-03T19:00:55","guid":{"rendered":"https:\/\/iberoid.com\/?post_type=product&#038;p=9242"},"modified":"2026-04-07T13:33:50","modified_gmt":"2026-04-07T13:33:50","slug":"lipo-fire-10ml-gold-dragon-ltd","status":"publish","type":"product","link":"https:\/\/iberoid.com\/fr\/product\/lipo-fire-10ml-gold-dragon-ltd\/","title":{"rendered":"LIPO FIRE 10ML"},"content":{"rendered":"<p>Solution \u00e0 usage sous-cutan\u00e9, \u00e0 effet thermog\u00e9nique.<\/p>\n<p>m\u00e9lange de<\/p>\n<p>-L-CARNITINE 200MG\/ML<\/p>\n<p>-CLENBUTEROLHCL 40MCG\/ML<\/p>\n<p>-YOHIMBINE HCL 5MG\/ML<\/p>\n<h2>Qu\u2019est-ce que la L-carnitine ?<\/h2>\n<p>La L-carnitine est un produit chimique fabriqu\u00e9 dans le cerveau, le foie et les reins humains. Il aide le corps \u00e0 transformer la graisse en \u00e9nergie.<\/p>\n<p>La L-carnitine est importante pour la fonction cardiaque et c\u00e9r\u00e9brale, le mouvement musculaire et de nombreux autres processus corporels. Le corps peut convertir la L-carnitine en d\u2019autres produits chimiques appel\u00e9s ac\u00e9tyl-L-carnitine et propionyl-L-carnitine. Mais il n\u2019est pas clair si les avantages de ces autres carnitines sont les m\u00eames.<\/p>\n<p>La L-carnitine est utilis\u00e9e pour augmenter les niveaux de L-carnitine chez les personnes dont le niveau naturel de L-carnitine est trop faible. Certaines personnes utilisent \u00e9galement la L-carnitine pour traiter des affections du c\u0153ur et des vaisseaux sanguins, des maladies r\u00e9nales graves et de nombreuses autres affections, mais il n&rsquo;existe aucune preuve scientifique solide pour \u00e9tayer ces utilisations.<\/p>\n<h2>Qu\u2019est-ce que le clenbut\u00e9rol ?<\/h2>\n<p>Le clenbut\u00e9rol a \u00e9t\u00e9 cr\u00e9\u00e9 pour la premi\u00e8re fois pour traiter l\u2019asthme, en aidant \u00e0 ouvrir les voies respiratoires d\u2019une personne lors d\u2019une crise. Il a \u00e9galement \u00e9t\u00e9 administr\u00e9 au b\u00e9tail pour augmenter sa masse maigre. Les agriculteurs font cela pour augmenter la quantit\u00e9 de viande sur leurs animaux afin de pouvoir r\u00e9aliser de plus gros profits.<\/p>\n<p>Bien que le clenbut\u00e9rol soit prouv\u00e9 pour d\u00e9velopper les muscles chez les animaux, il n\u2019est pas aussi efficace chez les humains lorsqu\u2019ils tentent de prendre du volume. Le clenbut\u00e9rol a des propri\u00e9t\u00e9s anabolisantes ou d\u2019\u00e9pargne musculaire, mais il s\u2019agit principalement d\u2019un br\u00fbleur de graisse et n\u2019est efficace que pour perdre du poids.<\/p>\n<p>Les effets du clenbut\u00e9rol sont intenses et rapides. Tout d\u2019abord, le syst\u00e8me nerveux sympathique est excit\u00e9, stimulant la lib\u00e9ration d\u2019adr\u00e9naline. En cons\u00e9quence, le m\u00e9tabolisme d\u2019une personne devient \u00e9lev\u00e9, ce qui l\u2019oblige \u00e0 br\u00fbler plus de calories tout au long de la journ\u00e9e. Certains utilisateurs peuvent \u00e9prouver des pens\u00e9es rapides, un comportement impulsif et de l\u2019insomnie en raison des effets stimulants de Clen. Tout cela vient du fait qu\u2019elle acc\u00e9l\u00e8re le rythme cardiaque.<\/p>\n<h2>Qu\u2019est-ce que la yohimbine ?<\/h2>\n<p>La yohimbine est d\u00e9riv\u00e9e de l&rsquo;\u00e9corce de plusieurs arbres (dont\u00a0pausinystalia\u00a0et\u00a0corynanthe\u00a0). La yohimbine est tr\u00e8s efficace pour br\u00fbler les graisses, mais le jury n&rsquo;est toujours pas s\u00fbr de sa s\u00e9curit\u00e9 \u00e0 long terme.<\/p>\n<p>La yohimbine est de nature similaire \u00e0 la caf\u00e9ine ou au clenbut\u00e9rol dans le sens o\u00f9 c&rsquo;est un stimulant, mais elle poss\u00e8de \u00e9galement des propri\u00e9t\u00e9s antioxydantes et dilate les vaisseaux sanguins, permettant ainsi \u00e0 plus de sang de circuler librement. Il stabilise \u00e9galement le taux de sucre dans le sang et r\u00e9duit le cortisol, vous aidant ainsi \u00e0 br\u00fbler les graisses dans les zones rebelles. Chez les hommes, cela se situe g\u00e9n\u00e9ralement au bas de l&rsquo;abdomen et chez les femmes, au niveau des cuisses et des hanches. Ces zones sont g\u00e9n\u00e9ralement les derniers endroits o\u00f9 perdre de la graisse, mais la yohimbine peut acc\u00e9l\u00e9rer cette perte.<\/p>\n<p>La yohimbine est \u00e9galement un aphrodisiaque, efficace pour stimuler la libido et les performances sexuelles des utilisateurs.<\/p>\n<p>\u2026 Vous voudrez peut-\u00eatre pr\u00e9venir votre femme avant de commencer \u00e0 le prendre !<\/p>\n<h2>Clenbut\u00e9rol et Yohimbine ensemble = perte de graisse insens\u00e9e ?<\/h2>\n<p>La yohimbine est un antagoniste des r\u00e9cepteurs alpha. Les r\u00e9cepteurs alpha r\u00e9duisent la combustion des graisses. Ainsi, lorsque vous combinez un antagoniste des r\u00e9cepteurs alpha (yohimbine) avec un agoniste des r\u00e9cepteurs b\u00eata (clenbut\u00e9rol), vous venez de cr\u00e9er un environnement chimique puissant pour br\u00fbler les graisses.<\/p>\n<p>Le seul inconv\u00e9nient de l\u2019utilisation conjointe de ces deux puissants agents de coupe est qu\u2019il y a de fortes chances que vous ressentiez des effets secondaires. Comme pour tout m\u00e9dicament utilis\u00e9 en musculation, s\u2019il fonctionne exceptionnellement bien, il y a toujours un pi\u00e8ge. Et cela se pr\u00e9sente g\u00e9n\u00e9ralement sous la forme d\u2019effets secondaires.<\/p>\n<p>Lorsque vous prenez du clenbut\u00e9rol et de la yohimbine, ces effets secondaires sont fr\u00e9quents\u00a0:<\/p>\n<p>Anxi\u00e9t\u00e9<br \/>\nAgitation<br \/>\nMaux de t\u00eate<br \/>\nInsomnie<br \/>\nNervosit\u00e9<br \/>\nTranspiration<br \/>\nHypertension art\u00e9rielle<\/p>\n<p>Tout le monde ressentira les effets secondaires suivants \u00e0 des degr\u00e9s diff\u00e9rents. Cependant, les personnes souffrant de probl\u00e8mes cardiaques ou d\u2019hypertension art\u00e9rielle devraient rester \u00e0 l\u2019\u00e9cart de ces suppl\u00e9ments.<\/p>\n<p>Vous pouvez prendre des suppl\u00e9ments pour contrecarrer ces effets secondaires, mais si vous supprimez l\u2019effet stimulant, vous supprimez \u00e9galement les effets de combustion des graisses qu\u2019ils auront sur votre m\u00e9tabolisme. Un suppl\u00e9ment que je recommande cependant pour garder votre tension art\u00e9rielle sous contr\u00f4le est l\u2019aub\u00e9pine. Cela ne calmera pas votre syst\u00e8me nerveux et ne r\u00e9duira pas la thermogen\u00e8se, mais cela emp\u00eachera votre tension art\u00e9rielle de monter trop haut.<\/p>\n<p>Pour minimiser les effets secondaires, vous pouvez ex\u00e9cuter des cycles courts qui ne durent que 2 semaines \u00e0 la fois. Apr\u00e8s cette dur\u00e9e, le risque de d\u00e9velopper des effets secondaires plus graves augmente. De plus, l\u2019efficacit\u00e9 du clenbut\u00e9rol diminue de toute fa\u00e7on apr\u00e8s 2 semaines, il n\u2019y aurait donc pas beaucoup de sens \u00e0 ex\u00e9cuter des cycles plus longs car cela ne vous ferait pas perdre davantage de graisse.<\/p>","protected":false},"excerpt":{"rendered":"<p>Solution \u00e0 usage sous-cutan\u00e9, \u00e0 effet thermog\u00e9nique. m\u00e9lange de -L-CARNITINE 200MG\/ML -CLENBUTEROLHCL 40MCG\/ML -YOHIMBINE HCL 5MG\/ML Qu\u2019est-ce que la L-carnitine<\/p>\n","protected":false},"featured_media":9244,"comment_status":"open","ping_status":"closed","template":"","meta":[],"product_brand":[3529],"product_cat":[69],"product_tag":[],"class_list":{"0":"post-9242","1":"product","2":"type-product","3":"status-publish","4":"has-post-thumbnail","6":"product_brand-gd-gold-dragon-ltd","7":"product_cat-esteroides_inyectables","9":"first","10":"instock","11":"sale","12":"featured","13":"shipping-taxable","14":"purchasable","15":"product-type-simple"},"yoast_head":"<!-- This site is optimized with the Yoast SEO Premium plugin v24.4 (Yoast SEO v27.0) - https:\/\/yoast.com\/product\/yoast-seo-premium-wordpress\/ -->\n<title>LIPO FIRE 10ML - (Espa\u00f1ol) Esteroides en l\u00ednea<\/title>\n<meta name=\"description\" content=\"Une solution pour usage sous-cutan\u00e9 avec effet thermog\u00e9nique, combinant L-Carnitine, Clenbut\u00e9rol HCL et Yohimbine HCL pour favoriser la combustion des graisses.\" \/>\n<meta name=\"robots\" content=\"index, follow, max-snippet:-1, max-image-preview:large, max-video-preview:-1\" \/>\n<link rel=\"canonical\" href=\"https:\/\/iberoid.com\/fr\/product\/lipo-fire-10ml-gold-dragon-ltd\/\" \/>\n<meta property=\"og:locale\" content=\"fr_FR\" \/>\n<meta property=\"og:type\" content=\"article\" \/>\n<meta property=\"og:title\" content=\"LIPO FIRE 10ML\" \/>\n<meta property=\"og:description\" content=\"Une solution pour usage sous-cutan\u00e9 avec effet thermog\u00e9nique, combinant L-Carnitine, Clenbut\u00e9rol HCL et Yohimbine HCL pour favoriser la combustion des graisses.\" \/>\n<meta property=\"og:url\" content=\"https:\/\/iberoid.com\/fr\/product\/lipo-fire-10ml-gold-dragon-ltd\/\" \/>\n<meta property=\"og:site_name\" content=\"(Espa\u00f1ol) Esteroides en l\u00ednea\" \/>\n<meta property=\"article:modified_time\" content=\"2026-04-07T13:33:50+00:00\" \/>\n<meta property=\"og:image\" content=\"https:\/\/iberoid.com\/wp-content\/uploads\/2024\/03\/lipo1.jpg?v=1709492429\" \/>\n\t<meta property=\"og:image:width\" content=\"1143\" \/>\n\t<meta property=\"og:image:height\" content=\"1600\" \/>\n\t<meta property=\"og:image:type\" content=\"image\/jpeg\" \/>\n<meta name=\"twitter:card\" content=\"summary_large_image\" \/>\n<meta name=\"twitter:label1\" content=\"Prix\" \/>\n\t<meta name=\"twitter:data1\" content=\"&euro;30.00\" \/>\n\t<meta name=\"twitter:label2\" content=\"Disponibilit\u00e9\" \/>\n\t<meta name=\"twitter:data2\" content=\"En stock\" \/>\n<script type=\"application\/ld+json\" class=\"yoast-schema-graph\">{\"@context\":\"https:\/\/schema.org\",\"@graph\":[{\"@type\":\"WebPage\",\"@id\":\"https:\/\/iberoid.com\/fr\/product\/lipo-fire-10ml-gold-dragon-ltd\/\",\"url\":\"https:\/\/iberoid.com\/fr\/product\/lipo-fire-10ml-gold-dragon-ltd\/\",\"name\":\"LIPO FIRE 10ML - (Espa\u00f1ol) Esteroides en l\u00ednea\",\"isPartOf\":{\"@id\":\"https:\/\/iberoid-shop.com\/#website\"},\"primaryImageOfPage\":{\"@id\":\"https:\/\/iberoid.com\/fr\/product\/lipo-fire-10ml-gold-dragon-ltd\/#primaryimage\"},\"image\":{\"@id\":\"https:\/\/iberoid.com\/fr\/product\/lipo-fire-10ml-gold-dragon-ltd\/#primaryimage\"},\"thumbnailUrl\":\"https:\/\/iberoid.com\/wp-content\/uploads\/2024\/03\/lipo1.jpg?v=1709492429\",\"datePublished\":\"2024-03-03T19:00:55+00:00\",\"dateModified\":\"2026-04-07T13:33:50+00:00\",\"description\":\"Une solution pour usage sous-cutan\u00e9 avec effet thermog\u00e9nique, combinant L-Carnitine, Clenbut\u00e9rol HCL et Yohimbine HCL pour favoriser la combustion des graisses.\",\"breadcrumb\":{\"@id\":\"https:\/\/iberoid.com\/fr\/product\/lipo-fire-10ml-gold-dragon-ltd\/#breadcrumb\"},\"inLanguage\":\"fr-FR\",\"potentialAction\":[{\"@type\":\"ReadAction\",\"target\":[[\"https:\/\/iberoid.com\/fr\/product\/lipo-fire-10ml-gold-dragon-ltd\/\"]]}]},{\"@type\":\"ImageObject\",\"inLanguage\":\"fr-FR\",\"@id\":\"https:\/\/iberoid.com\/fr\/product\/lipo-fire-10ml-gold-dragon-ltd\/#primaryimage\",\"url\":\"https:\/\/iberoid.com\/wp-content\/uploads\/2024\/03\/lipo1.jpg?v=1709492429\",\"contentUrl\":\"https:\/\/iberoid.com\/wp-content\/uploads\/2024\/03\/lipo1.jpg?v=1709492429\",\"width\":1143,\"height\":1600},{\"@type\":\"BreadcrumbList\",\"@id\":\"https:\/\/iberoid.com\/fr\/product\/lipo-fire-10ml-gold-dragon-ltd\/#breadcrumb\",\"itemListElement\":[{\"@type\":\"ListItem\",\"position\":1,\"name\":\"Portada\",\"item\":\"https:\/\/iberoid.com\/fr\/\"},{\"@type\":\"ListItem\",\"position\":2,\"name\":\"Magasin\",\"item\":\"https:\/\/iberoid.com\/fr\/shop\/\"},{\"@type\":\"ListItem\",\"position\":3,\"name\":\"LIPO FIRE 10ML\"}]},{\"@type\":\"WebSite\",\"@id\":\"https:\/\/iberoid-shop.com\/#website\",\"url\":\"https:\/\/iberoid-shop.com\/\",\"name\":\"(Espa\u00f1ol) Esteroides en l\u00ednea\",\"description\":\"(Espa\u00f1ol) Comprar esteroides en l\u00ednea hoy en Espa\u00f1a y Portugal. Tenemos el mejor servicio al cliente en la industria y los productos de la m\u00e1s alta calidad\",\"potentialAction\":[{\"@type\":\"SearchAction\",\"target\":{\"@type\":\"EntryPoint\",\"urlTemplate\":\"https:\/\/iberoid-shop.com\/?s={search_term_string}\"},\"query-input\":{\"@type\":\"PropertyValueSpecification\",\"valueRequired\":true,\"valueName\":\"search_term_string\"}}],\"inLanguage\":\"fr-FR\"}]}<\/script>\n<meta property=\"product:brand\" content=\"Golden Dragon\" \/>\n<meta property=\"product:price:amount\" content=\"30.00\" \/>\n<meta property=\"product:price:currency\" content=\"EUR\" \/>\n<meta property=\"og:availability\" content=\"instock\" \/>\n<meta property=\"product:availability\" content=\"instock\" \/>\n<meta property=\"product:condition\" content=\"new\" \/>\n<!-- \/ Yoast SEO Premium plugin. -->","yoast_head_json":{"title":"LIPO FIRE 10ML - (Espa\u00f1ol) Esteroides en l\u00ednea","description":"Une solution pour usage sous-cutan\u00e9 avec effet thermog\u00e9nique, combinant L-Carnitine, Clenbut\u00e9rol HCL et Yohimbine HCL pour favoriser la combustion des graisses.","robots":{"index":"index","follow":"follow","max-snippet":"max-snippet:-1","max-image-preview":"max-image-preview:large","max-video-preview":"max-video-preview:-1"},"canonical":"https:\/\/iberoid.com\/fr\/product\/lipo-fire-10ml-gold-dragon-ltd\/","og_locale":"fr_FR","og_type":"article","og_title":"LIPO FIRE 10ML","og_description":"Une solution pour usage sous-cutan\u00e9 avec effet thermog\u00e9nique, combinant L-Carnitine, Clenbut\u00e9rol HCL et Yohimbine HCL pour favoriser la combustion des graisses.","og_url":"https:\/\/iberoid.com\/fr\/product\/lipo-fire-10ml-gold-dragon-ltd\/","og_site_name":"(Espa\u00f1ol) Esteroides en l\u00ednea","article_modified_time":"2026-04-07T13:33:50+00:00","og_image":[{"width":1143,"height":1600,"url":"https:\/\/iberoid.com\/wp-content\/uploads\/2024\/03\/lipo1.jpg?v=1709492429","type":"image\/jpeg"}],"twitter_card":"summary_large_image","twitter_misc":{"Prix":"&euro;30.00","Disponibilit\u00e9":"En stock"},"schema":{"@context":"https:\/\/schema.org","@graph":[{"@type":"WebPage","@id":"https:\/\/iberoid.com\/fr\/product\/lipo-fire-10ml-gold-dragon-ltd\/","url":"https:\/\/iberoid.com\/fr\/product\/lipo-fire-10ml-gold-dragon-ltd\/","name":"LIPO FIRE 10ML - (Espa\u00f1ol) Esteroides en l\u00ednea","isPartOf":{"@id":"https:\/\/iberoid-shop.com\/#website"},"primaryImageOfPage":{"@id":"https:\/\/iberoid.com\/fr\/product\/lipo-fire-10ml-gold-dragon-ltd\/#primaryimage"},"image":{"@id":"https:\/\/iberoid.com\/fr\/product\/lipo-fire-10ml-gold-dragon-ltd\/#primaryimage"},"thumbnailUrl":"https:\/\/iberoid.com\/wp-content\/uploads\/2024\/03\/lipo1.jpg?v=1709492429","datePublished":"2024-03-03T19:00:55+00:00","dateModified":"2026-04-07T13:33:50+00:00","description":"Une solution pour usage sous-cutan\u00e9 avec effet thermog\u00e9nique, combinant L-Carnitine, Clenbut\u00e9rol HCL et Yohimbine HCL pour favoriser la combustion des graisses.","breadcrumb":{"@id":"https:\/\/iberoid.com\/fr\/product\/lipo-fire-10ml-gold-dragon-ltd\/#breadcrumb"},"inLanguage":"fr-FR","potentialAction":[{"@type":"ReadAction","target":[["https:\/\/iberoid.com\/fr\/product\/lipo-fire-10ml-gold-dragon-ltd\/"]]}]},{"@type":"ImageObject","inLanguage":"fr-FR","@id":"https:\/\/iberoid.com\/fr\/product\/lipo-fire-10ml-gold-dragon-ltd\/#primaryimage","url":"https:\/\/iberoid.com\/wp-content\/uploads\/2024\/03\/lipo1.jpg?v=1709492429","contentUrl":"https:\/\/iberoid.com\/wp-content\/uploads\/2024\/03\/lipo1.jpg?v=1709492429","width":1143,"height":1600},{"@type":"BreadcrumbList","@id":"https:\/\/iberoid.com\/fr\/product\/lipo-fire-10ml-gold-dragon-ltd\/#breadcrumb","itemListElement":[{"@type":"ListItem","position":1,"name":"Portada","item":"https:\/\/iberoid.com\/fr\/"},{"@type":"ListItem","position":2,"name":"Magasin","item":"https:\/\/iberoid.com\/fr\/shop\/"},{"@type":"ListItem","position":3,"name":"LIPO FIRE 10ML"}]},{"@type":"WebSite","@id":"https:\/\/iberoid-shop.com\/#website","url":"https:\/\/iberoid-shop.com\/","name":"(Espa\u00f1ol) Esteroides en l\u00ednea","description":"(Espa\u00f1ol) Comprar esteroides en l\u00ednea hoy en Espa\u00f1a y Portugal. Tenemos el mejor servicio al cliente en la industria y los productos de la m\u00e1s alta calidad","potentialAction":[{"@type":"SearchAction","target":{"@type":"EntryPoint","urlTemplate":"https:\/\/iberoid-shop.com\/?s={search_term_string}"},"query-input":{"@type":"PropertyValueSpecification","valueRequired":true,"valueName":"search_term_string"}}],"inLanguage":"fr-FR"}]},"product_brand":"Golden Dragon","product_price_amount":"30.00","product_price_currency":"EUR","og_availability":"instock","product_availability":"instock","product_condition":"new"},"_links":{"self":[{"href":"https:\/\/iberoid.com\/fr\/wp-json\/wp\/v2\/product\/9242","targetHints":{"allow":["GET"]}}],"collection":[{"href":"https:\/\/iberoid.com\/fr\/wp-json\/wp\/v2\/product"}],"about":[{"href":"https:\/\/iberoid.com\/fr\/wp-json\/wp\/v2\/types\/product"}],"replies":[{"embeddable":true,"href":"https:\/\/iberoid.com\/fr\/wp-json\/wp\/v2\/comments?post=9242"}],"wp:featuredmedia":[{"embeddable":true,"href":"https:\/\/iberoid.com\/fr\/wp-json\/wp\/v2\/media\/9244"}],"wp:attachment":[{"href":"https:\/\/iberoid.com\/fr\/wp-json\/wp\/v2\/media?parent=9242"}],"wp:term":[{"taxonomy":"product_brand","embeddable":true,"href":"https:\/\/iberoid.com\/fr\/wp-json\/wp\/v2\/product_brand?post=9242"},{"taxonomy":"product_cat","embeddable":true,"href":"https:\/\/iberoid.com\/fr\/wp-json\/wp\/v2\/product_cat?post=9242"},{"taxonomy":"product_tag","embeddable":true,"href":"https:\/\/iberoid.com\/fr\/wp-json\/wp\/v2\/product_tag?post=9242"}],"curies":[{"name":"wp","href":"https:\/\/api.w.org\/{rel}","templated":true}]}}