{"id":9250,"date":"2024-03-03T19:12:28","date_gmt":"2024-03-03T19:12:28","guid":{"rendered":"https:\/\/iberoid.com\/?post_type=product&#038;p=9250"},"modified":"2024-03-25T19:51:56","modified_gmt":"2024-03-25T19:51:56","slug":"testoged-c-testosteron-cypionat-buy-online-best-price","status":"publish","type":"product","link":"https:\/\/iberoid.com\/fr\/product\/testoged-c-testosteron-cypionat-buy-online-best-price\/","title":{"rendered":"Testoged C \/ (Testosteron cypionat)"},"content":{"rendered":"<p><strong>Testoged C\/ (Testosteron cypionat)<\/strong> du fabricant chinois de produits pharmaceutiques sportifs <strong>Golden Dragon<\/strong> est un st\u00e9ro\u00efde \u00e0 activit\u00e9 anabolisante prononc\u00e9e et androg\u00e8ne mod\u00e9r\u00e9e. Le principal ingr\u00e9dient actif est le cypionate de testost\u00e9rone, qui a une longue p\u00e9riode de d\u00e9gradation. Disponible sous forme de liquide d\u2019injection.<\/p>\n<p>En raison des particularit\u00e9s de la formule chimique du cypionate de testost\u00e9rone, son effet dure au moins deux semaines. Cela permet de r\u00e9duire le nombre d&rsquo;injections, ce qui rend son utilisation tr\u00e8s pratique.<\/p>\n<p>Une particularit\u00e9 de Testoged-C de Golden Dragon est la capacit\u00e9 de son principal ingr\u00e9dient actif \u00e0 stimuler les qualit\u00e9s \u00e9motionnelles (motivation, agressivit\u00e9) ainsi que physiques (force, endurance, vitesse). Parmi les inconv\u00e9nients, les athl\u00e8tes soulignent la capacit\u00e9 d&rsquo;aromatisation qui, si elle est utilis\u00e9e de mani\u00e8re incontr\u00f4l\u00e9e, entra\u00eene des effets ind\u00e9sirables.<\/p>\n<p><strong>Effets du test C Golden Dragon<\/strong><\/p>\n<ul>\n<li>augmentation efficace du volume musculaire avec de beaux reliefs ;<\/li>\n<li>augmentation de l&rsquo;app\u00e9tit pour mieux fournir au corps des nutriments;<\/li>\n<li>augmentation de la libido au cours;<\/li>\n<li>renforcer les os et les \u00e9l\u00e9ments de l&rsquo;appareil ligamento-articulaire;<\/li>\n<li>indicateurs croissants de force, d&rsquo;endurance, de motivation, d&rsquo;agressivit\u00e9.<\/li>\n<\/ul>\n<p>Dans certains cas, la prise d\u2019un st\u00e9ro\u00efde peut provoquer un certain nombre d\u2019effets ind\u00e9sirables.<\/p>","protected":false},"excerpt":{"rendered":"<p>Testoged C\/ (Testosteron cypionat) du fabricant chinois de produits pharmaceutiques sportifs Golden Dragon est un st\u00e9ro\u00efde \u00e0 activit\u00e9 anabolisante prononc\u00e9e<\/p>\n","protected":false},"featured_media":9252,"comment_status":"open","ping_status":"closed","template":"","meta":[],"product_brand":[],"product_cat":[69],"product_tag":[],"class_list":{"0":"post-9250","1":"product","2":"type-product","3":"status-publish","4":"has-post-thumbnail","6":"product_cat-esteroides_inyectables","8":"first","9":"outofstock","10":"sale","11":"featured","12":"shipping-taxable","13":"purchasable","14":"product-type-simple"},"yoast_head":"<!-- This site is optimized with the Yoast SEO Premium plugin v24.4 (Yoast SEO v27.3) - https:\/\/yoast.com\/product\/yoast-seo-premium-wordpress\/ -->\n<title>Testoged C \/ (Testosteron cypionat) - (Espa\u00f1ol) Esteroides en l\u00ednea<\/title>\n<meta name=\"description\" content=\"Testoged C is a steroid with pronounced anabolic and moderate androgenic activity. The main active ingredient is testosterone cypionate...\" \/>\n<meta name=\"robots\" content=\"index, follow, max-snippet:-1, max-image-preview:large, max-video-preview:-1\" \/>\n<link rel=\"canonical\" href=\"https:\/\/iberoid.com\/fr\/product\/testoged-c-testosteron-cypionat-buy-online-best-price\/\" \/>\n<meta property=\"og:locale\" content=\"fr_FR\" \/>\n<meta property=\"og:type\" content=\"article\" \/>\n<meta property=\"og:title\" content=\"Testoged C \/ (Testosteron cypionat)\" \/>\n<meta property=\"og:description\" content=\"Testoged C is a steroid with pronounced anabolic and moderate androgenic activity. The main active ingredient is testosterone cypionate...\" \/>\n<meta property=\"og:url\" content=\"https:\/\/iberoid.com\/fr\/product\/testoged-c-testosteron-cypionat-buy-online-best-price\/\" \/>\n<meta property=\"og:site_name\" content=\"(Espa\u00f1ol) Esteroides en l\u00ednea\" \/>\n<meta property=\"article:modified_time\" content=\"2024-03-25T19:51:56+00:00\" \/>\n<meta property=\"og:image\" content=\"https:\/\/iberoid.com\/wp-content\/uploads\/2024\/03\/TESTOGED-C-golden-dragon.jpg?v=1709493080\" \/>\n\t<meta property=\"og:image:width\" content=\"500\" \/>\n\t<meta property=\"og:image:height\" content=\"500\" \/>\n\t<meta property=\"og:image:type\" content=\"image\/jpeg\" \/>\n<meta name=\"twitter:card\" content=\"summary_large_image\" \/>\n<meta name=\"twitter:label1\" content=\"Prix\" \/>\n\t<meta name=\"twitter:data1\" content=\"&euro;35.00\" \/>\n\t<meta name=\"twitter:label2\" content=\"Disponibilit\u00e9\" \/>\n\t<meta name=\"twitter:data2\" content=\"Rupture de stock\" \/>\n<script type=\"application\/ld+json\" class=\"yoast-schema-graph\">{\"@context\":\"https:\\\/\\\/schema.org\",\"@graph\":[{\"@type\":\"WebPage\",\"@id\":\"https:\\\/\\\/iberoid.com\\\/fr\\\/product\\\/testoged-c-testosteron-cypionat-buy-online-best-price\\\/\",\"url\":\"https:\\\/\\\/iberoid.com\\\/fr\\\/product\\\/testoged-c-testosteron-cypionat-buy-online-best-price\\\/\",\"name\":\"Testoged C \\\/ (Testosteron cypionat) - (Espa\u00f1ol) Esteroides en l\u00ednea\",\"isPartOf\":{\"@id\":\"https:\\\/\\\/iberoid-shop.com\\\/#website\"},\"primaryImageOfPage\":{\"@id\":\"https:\\\/\\\/iberoid.com\\\/fr\\\/product\\\/testoged-c-testosteron-cypionat-buy-online-best-price\\\/#primaryimage\"},\"image\":{\"@id\":\"https:\\\/\\\/iberoid.com\\\/fr\\\/product\\\/testoged-c-testosteron-cypionat-buy-online-best-price\\\/#primaryimage\"},\"thumbnailUrl\":\"https:\\\/\\\/iberoid.com\\\/wp-content\\\/uploads\\\/2024\\\/03\\\/TESTOGED-C-golden-dragon.jpg?v=1709493080\",\"datePublished\":\"2024-03-03T19:12:28+00:00\",\"dateModified\":\"2024-03-25T19:51:56+00:00\",\"description\":\"Testoged C is a steroid with pronounced anabolic and moderate androgenic activity. The main active ingredient is testosterone cypionate...\",\"breadcrumb\":{\"@id\":\"https:\\\/\\\/iberoid.com\\\/fr\\\/product\\\/testoged-c-testosteron-cypionat-buy-online-best-price\\\/#breadcrumb\"},\"inLanguage\":\"fr-FR\",\"potentialAction\":[{\"@type\":\"ReadAction\",\"target\":[[\"https:\\\/\\\/iberoid.com\\\/fr\\\/product\\\/testoged-c-testosteron-cypionat-buy-online-best-price\\\/\"]]}]},{\"@type\":\"ImageObject\",\"inLanguage\":\"fr-FR\",\"@id\":\"https:\\\/\\\/iberoid.com\\\/fr\\\/product\\\/testoged-c-testosteron-cypionat-buy-online-best-price\\\/#primaryimage\",\"url\":\"https:\\\/\\\/iberoid.com\\\/wp-content\\\/uploads\\\/2024\\\/03\\\/TESTOGED-C-golden-dragon.jpg?v=1709493080\",\"contentUrl\":\"https:\\\/\\\/iberoid.com\\\/wp-content\\\/uploads\\\/2024\\\/03\\\/TESTOGED-C-golden-dragon.jpg?v=1709493080\",\"width\":500,\"height\":500,\"caption\":\"Testoged C \\\/ Testosteron cypionat steroids\"},{\"@type\":\"BreadcrumbList\",\"@id\":\"https:\\\/\\\/iberoid.com\\\/fr\\\/product\\\/testoged-c-testosteron-cypionat-buy-online-best-price\\\/#breadcrumb\",\"itemListElement\":[{\"@type\":\"ListItem\",\"position\":1,\"name\":\"Portada\",\"item\":\"https:\\\/\\\/iberoid.com\\\/fr\\\/\"},{\"@type\":\"ListItem\",\"position\":2,\"name\":\"Magasin\",\"item\":\"https:\\\/\\\/iberoid.com\\\/fr\\\/shop\\\/\"},{\"@type\":\"ListItem\",\"position\":3,\"name\":\"Testoged C \\\/ (Testosteron cypionat)\"}]},{\"@type\":\"WebSite\",\"@id\":\"https:\\\/\\\/iberoid-shop.com\\\/#website\",\"url\":\"https:\\\/\\\/iberoid-shop.com\\\/\",\"name\":\"(Espa\u00f1ol) Esteroides en l\u00ednea\",\"description\":\"(Espa\u00f1ol) Comprar esteroides en l\u00ednea hoy en Espa\u00f1a y Portugal. Tenemos el mejor servicio al cliente en la industria y los productos de la m\u00e1s alta calidad\",\"potentialAction\":[{\"@type\":\"SearchAction\",\"target\":{\"@type\":\"EntryPoint\",\"urlTemplate\":\"https:\\\/\\\/iberoid-shop.com\\\/?s={search_term_string}\"},\"query-input\":{\"@type\":\"PropertyValueSpecification\",\"valueRequired\":true,\"valueName\":\"search_term_string\"}}],\"inLanguage\":\"fr-FR\"}]}<\/script>\n<meta property=\"product:brand\" content=\"Golden Dragon\" \/>\n<meta property=\"product:price:amount\" content=\"35.00\" \/>\n<meta property=\"product:price:currency\" content=\"EUR\" \/>\n<meta property=\"og:availability\" content=\"out of stock\" \/>\n<meta property=\"product:availability\" content=\"out of stock\" \/>\n<meta property=\"product:condition\" content=\"new\" \/>\n<!-- \/ Yoast SEO Premium plugin. -->","yoast_head_json":{"title":"Testoged C \/ (Testosteron cypionat) - (Espa\u00f1ol) Esteroides en l\u00ednea","description":"Testoged C is a steroid with pronounced anabolic and moderate androgenic activity. The main active ingredient is testosterone cypionate...","robots":{"index":"index","follow":"follow","max-snippet":"max-snippet:-1","max-image-preview":"max-image-preview:large","max-video-preview":"max-video-preview:-1"},"canonical":"https:\/\/iberoid.com\/fr\/product\/testoged-c-testosteron-cypionat-buy-online-best-price\/","og_locale":"fr_FR","og_type":"article","og_title":"Testoged C \/ (Testosteron cypionat)","og_description":"Testoged C is a steroid with pronounced anabolic and moderate androgenic activity. The main active ingredient is testosterone cypionate...","og_url":"https:\/\/iberoid.com\/fr\/product\/testoged-c-testosteron-cypionat-buy-online-best-price\/","og_site_name":"(Espa\u00f1ol) Esteroides en l\u00ednea","article_modified_time":"2024-03-25T19:51:56+00:00","og_image":[{"width":500,"height":500,"url":"https:\/\/iberoid.com\/wp-content\/uploads\/2024\/03\/TESTOGED-C-golden-dragon.jpg?v=1709493080","type":"image\/jpeg"}],"twitter_card":"summary_large_image","twitter_misc":{"Prix":"&euro;35.00","Disponibilit\u00e9":"Rupture de stock"},"schema":{"@context":"https:\/\/schema.org","@graph":[{"@type":"WebPage","@id":"https:\/\/iberoid.com\/fr\/product\/testoged-c-testosteron-cypionat-buy-online-best-price\/","url":"https:\/\/iberoid.com\/fr\/product\/testoged-c-testosteron-cypionat-buy-online-best-price\/","name":"Testoged C \/ (Testosteron cypionat) - (Espa\u00f1ol) Esteroides en l\u00ednea","isPartOf":{"@id":"https:\/\/iberoid-shop.com\/#website"},"primaryImageOfPage":{"@id":"https:\/\/iberoid.com\/fr\/product\/testoged-c-testosteron-cypionat-buy-online-best-price\/#primaryimage"},"image":{"@id":"https:\/\/iberoid.com\/fr\/product\/testoged-c-testosteron-cypionat-buy-online-best-price\/#primaryimage"},"thumbnailUrl":"https:\/\/iberoid.com\/wp-content\/uploads\/2024\/03\/TESTOGED-C-golden-dragon.jpg?v=1709493080","datePublished":"2024-03-03T19:12:28+00:00","dateModified":"2024-03-25T19:51:56+00:00","description":"Testoged C is a steroid with pronounced anabolic and moderate androgenic activity. The main active ingredient is testosterone cypionate...","breadcrumb":{"@id":"https:\/\/iberoid.com\/fr\/product\/testoged-c-testosteron-cypionat-buy-online-best-price\/#breadcrumb"},"inLanguage":"fr-FR","potentialAction":[{"@type":"ReadAction","target":[["https:\/\/iberoid.com\/fr\/product\/testoged-c-testosteron-cypionat-buy-online-best-price\/"]]}]},{"@type":"ImageObject","inLanguage":"fr-FR","@id":"https:\/\/iberoid.com\/fr\/product\/testoged-c-testosteron-cypionat-buy-online-best-price\/#primaryimage","url":"https:\/\/iberoid.com\/wp-content\/uploads\/2024\/03\/TESTOGED-C-golden-dragon.jpg?v=1709493080","contentUrl":"https:\/\/iberoid.com\/wp-content\/uploads\/2024\/03\/TESTOGED-C-golden-dragon.jpg?v=1709493080","width":500,"height":500,"caption":"Testoged C \/ Testosteron cypionat steroids"},{"@type":"BreadcrumbList","@id":"https:\/\/iberoid.com\/fr\/product\/testoged-c-testosteron-cypionat-buy-online-best-price\/#breadcrumb","itemListElement":[{"@type":"ListItem","position":1,"name":"Portada","item":"https:\/\/iberoid.com\/fr\/"},{"@type":"ListItem","position":2,"name":"Magasin","item":"https:\/\/iberoid.com\/fr\/shop\/"},{"@type":"ListItem","position":3,"name":"Testoged C \/ (Testosteron cypionat)"}]},{"@type":"WebSite","@id":"https:\/\/iberoid-shop.com\/#website","url":"https:\/\/iberoid-shop.com\/","name":"(Espa\u00f1ol) Esteroides en l\u00ednea","description":"(Espa\u00f1ol) Comprar esteroides en l\u00ednea hoy en Espa\u00f1a y Portugal. Tenemos el mejor servicio al cliente en la industria y los productos de la m\u00e1s alta calidad","potentialAction":[{"@type":"SearchAction","target":{"@type":"EntryPoint","urlTemplate":"https:\/\/iberoid-shop.com\/?s={search_term_string}"},"query-input":{"@type":"PropertyValueSpecification","valueRequired":true,"valueName":"search_term_string"}}],"inLanguage":"fr-FR"}]},"product_brand":"Golden Dragon","product_price_amount":"35.00","product_price_currency":"EUR","og_availability":"out of stock","product_availability":"out of stock","product_condition":"new"},"_links":{"self":[{"href":"https:\/\/iberoid.com\/fr\/wp-json\/wp\/v2\/product\/9250","targetHints":{"allow":["GET"]}}],"collection":[{"href":"https:\/\/iberoid.com\/fr\/wp-json\/wp\/v2\/product"}],"about":[{"href":"https:\/\/iberoid.com\/fr\/wp-json\/wp\/v2\/types\/product"}],"replies":[{"embeddable":true,"href":"https:\/\/iberoid.com\/fr\/wp-json\/wp\/v2\/comments?post=9250"}],"wp:featuredmedia":[{"embeddable":true,"href":"https:\/\/iberoid.com\/fr\/wp-json\/wp\/v2\/media\/9252"}],"wp:attachment":[{"href":"https:\/\/iberoid.com\/fr\/wp-json\/wp\/v2\/media?parent=9250"}],"wp:term":[{"taxonomy":"product_brand","embeddable":true,"href":"https:\/\/iberoid.com\/fr\/wp-json\/wp\/v2\/product_brand?post=9250"},{"taxonomy":"product_cat","embeddable":true,"href":"https:\/\/iberoid.com\/fr\/wp-json\/wp\/v2\/product_cat?post=9250"},{"taxonomy":"product_tag","embeddable":true,"href":"https:\/\/iberoid.com\/fr\/wp-json\/wp\/v2\/product_tag?post=9250"}],"curies":[{"name":"wp","href":"https:\/\/api.w.org\/{rel}","templated":true}]}}