{"id":9266,"date":"2024-03-10T21:38:53","date_gmt":"2024-03-10T21:38:53","guid":{"rendered":"https:\/\/iberoid.com\/?post_type=product&#038;p=9266"},"modified":"2026-03-23T23:52:25","modified_gmt":"2026-03-23T23:52:25","slug":"masteron-enantate-mastoged-e","status":"publish","type":"product","link":"https:\/\/iberoid.com\/fr\/product\/masteron-enantate-mastoged-e\/","title":{"rendered":"MASTERON ENANTATE \/ MASTOGED E"},"content":{"rendered":"<p>MASTERON ENANTATE \/ MASTOGED E est probablement l&rsquo;un des st\u00e9ro\u00efdes les plus int\u00e9ressants utilis\u00e9s par les sportifs. Il est principalement con\u00e7u pour le traitement des patientes atteintes d\u2019un cancer du sein afin d\u2019inhiber la production d\u2019\u0153strog\u00e8nes. L&rsquo;\u0153strog\u00e8ne est l&rsquo;hormone s\u00e9cr\u00e9t\u00e9e par les femmes qui leur conf\u00e8re leurs caract\u00e9ristiques de genre distinctes.<\/p>\n<p>Masteron \u00e9tait devenu un st\u00e9ro\u00efde pr\u00e9f\u00e9r\u00e9 parmi les athl\u00e8tes et les bodybuilders de comp\u00e9tition. C&rsquo;est un st\u00e9ro\u00efde anabolisant tr\u00e8s populaire. MASTERON ENANTATE \/ MASTOGED E est un d\u00e9riv\u00e9 de la dihydrotestost\u00e9rone ou DHT, qui limite la conversion en \u0153strog\u00e8ne par aromatisation. Il se pourrait que sa capacit\u00e9 \u00e0 emp\u00eacher les \u0153strog\u00e8nes d\u2019interagir avec l\u2019enzyme aromatase ou qu\u2019il bloque le r\u00e9cepteur qui lie les \u0153strog\u00e8nes \u00e0 l\u2019origine de ces ph\u00e9nom\u00e8nes. Quelle que soit la raison, en raison de ses propri\u00e9t\u00e9s anti-\u0153strog\u00e9niques, il bloque la conversion des testost\u00e9rones libres en \u0153strog\u00e8nes via l\u2019aromatisation. Cela fait de Masteron une inclusion courante dans un cycle anabolisant \u00e9lev\u00e9. \u00c9tant donn\u00e9 que les compos\u00e9s utilis\u00e9s dans les cycles pour obtenir un gain de masse et de force ont une teneur en testost\u00e9rone tr\u00e8s puissante, Masteron est utilis\u00e9 pour pr\u00e9venir les effets secondaires \u0153strog\u00e9niques.<\/p>\n<p>Effets secondaires de MASTERON ENANTATE\/MASTOGED E<\/p>\n<p>Les effets secondaires comprennent des ballonnements ou une r\u00e9tention d\u2019eau et une gyn\u00e9comastie. M\u00eame si certains pensent qu&rsquo;il y a peu<br \/>\naromatisation avec Masteron, il a toujours des effets secondaires androg\u00e8nes importants auxquels il faut s&rsquo;attendre lors de l&rsquo;utilisation<br \/>\nce st\u00e9ro\u00efde. Cela peut inclure des \u00e9pisodes de peau grasse, d\u2019acn\u00e9 et de croissance des poils sur le corps et le visage. St\u00e9ro\u00efdes anabolisants\/androg\u00e8nes<br \/>\npeut \u00e9galement aggraver la chute des cheveux chez les hommes. Les st\u00e9ro\u00efdes anabolisants\/androg\u00e8nes peuvent avoir des effets d\u00e9l\u00e9t\u00e8res sur le s\u00e9rum<br \/>\ncholest\u00e9rol. Cela inclut une tendance \u00e0 r\u00e9duire les valeurs du (bon) cholest\u00e9rol HDL et \u00e0 augmenter le (mauvais) cholest\u00e9rol LDL.<br \/>\nvaleurs, ce qui peut d\u00e9placer l\u2019\u00e9quilibre HDL-LDL dans une direction qui entra\u00eene un risque plus \u00e9lev\u00e9 d\u2019art\u00e9rioscl\u00e9rose. \u00c7a pourrait<br \/>\narr\u00eater la production de testost\u00e9rone, les utilisateurs doivent donc faire attention \u00e0 l&rsquo;utiliser dans la th\u00e9rapie post-cycle, car cela<br \/>\npourrait en fait ralentir la reprise.<\/p>","protected":false},"excerpt":{"rendered":"<p>MASTERON ENANTATE \/ MASTOGED E est probablement l&rsquo;un des st\u00e9ro\u00efdes les plus int\u00e9ressants utilis\u00e9s par les sportifs. Il est principalement<\/p>\n","protected":false},"featured_media":9268,"comment_status":"open","ping_status":"closed","template":"","meta":[],"product_brand":[],"product_cat":[69,3533],"product_tag":[],"class_list":{"0":"post-9266","1":"product","2":"type-product","3":"status-publish","4":"has-post-thumbnail","6":"product_cat-esteroides_inyectables","7":"product_cat-sales-rebajas","9":"first","10":"instock","11":"sale","12":"shipping-taxable","13":"purchasable","14":"product-type-simple"},"yoast_head":"<!-- This site is optimized with the Yoast SEO Premium plugin v24.4 (Yoast SEO v27.0) - https:\/\/yoast.com\/product\/yoast-seo-premium-wordpress\/ -->\n<title>MASTERON ENANTATE \/ MASTOGED E - (Espa\u00f1ol) Esteroides en l\u00ednea<\/title>\n<meta name=\"description\" content=\"Masteron Enanthate (Mastoged E) est un st\u00e9ro\u00efde d\u00e9riv\u00e9 de la DHT, connu pour ses effets anti-\u0153strog\u00e9niques, ce qui le rend populaire parmi les athl\u00e8tes et les bodybuilders.\" \/>\n<meta name=\"robots\" content=\"index, follow, max-snippet:-1, max-image-preview:large, max-video-preview:-1\" \/>\n<link rel=\"canonical\" href=\"https:\/\/iberoid.com\/fr\/product\/masteron-enantate-mastoged-e\/\" \/>\n<meta property=\"og:locale\" content=\"fr_FR\" \/>\n<meta property=\"og:type\" content=\"article\" \/>\n<meta property=\"og:title\" content=\"MASTERON ENANTATE \/ MASTOGED E\" \/>\n<meta property=\"og:description\" content=\"Masteron Enanthate (Mastoged E) est un st\u00e9ro\u00efde d\u00e9riv\u00e9 de la DHT, connu pour ses effets anti-\u0153strog\u00e9niques, ce qui le rend populaire parmi les athl\u00e8tes et les bodybuilders.\" \/>\n<meta property=\"og:url\" content=\"https:\/\/iberoid.com\/fr\/product\/masteron-enantate-mastoged-e\/\" \/>\n<meta property=\"og:site_name\" content=\"(Espa\u00f1ol) Esteroides en l\u00ednea\" \/>\n<meta property=\"article:modified_time\" content=\"2026-03-23T23:52:25+00:00\" \/>\n<meta property=\"og:image\" content=\"https:\/\/iberoid.com\/wp-content\/uploads\/2024\/03\/mast.jpg?v=1710106706\" \/>\n\t<meta property=\"og:image:width\" content=\"1080\" \/>\n\t<meta property=\"og:image:height\" content=\"1080\" \/>\n\t<meta property=\"og:image:type\" content=\"image\/jpeg\" \/>\n<meta name=\"twitter:card\" content=\"summary_large_image\" \/>\n<meta name=\"twitter:label1\" content=\"Prix\" \/>\n\t<meta name=\"twitter:data1\" content=\"&euro;55.00\" \/>\n\t<meta name=\"twitter:label2\" content=\"Disponibilit\u00e9\" \/>\n\t<meta name=\"twitter:data2\" content=\"En stock\" \/>\n<script type=\"application\/ld+json\" class=\"yoast-schema-graph\">{\"@context\":\"https:\/\/schema.org\",\"@graph\":[{\"@type\":\"WebPage\",\"@id\":\"https:\/\/iberoid.com\/fr\/product\/masteron-enantate-mastoged-e\/\",\"url\":\"https:\/\/iberoid.com\/fr\/product\/masteron-enantate-mastoged-e\/\",\"name\":\"MASTERON ENANTATE \/ MASTOGED E - (Espa\u00f1ol) Esteroides en l\u00ednea\",\"isPartOf\":{\"@id\":\"https:\/\/iberoid-shop.com\/#website\"},\"primaryImageOfPage\":{\"@id\":\"https:\/\/iberoid.com\/fr\/product\/masteron-enantate-mastoged-e\/#primaryimage\"},\"image\":{\"@id\":\"https:\/\/iberoid.com\/fr\/product\/masteron-enantate-mastoged-e\/#primaryimage\"},\"thumbnailUrl\":\"https:\/\/iberoid.com\/wp-content\/uploads\/2024\/03\/mast.jpg?v=1710106706\",\"datePublished\":\"2024-03-10T21:38:53+00:00\",\"dateModified\":\"2026-03-23T23:52:25+00:00\",\"description\":\"Masteron Enanthate (Mastoged E) est un st\u00e9ro\u00efde d\u00e9riv\u00e9 de la DHT, connu pour ses effets anti-\u0153strog\u00e9niques, ce qui le rend populaire parmi les athl\u00e8tes et les bodybuilders.\",\"breadcrumb\":{\"@id\":\"https:\/\/iberoid.com\/fr\/product\/masteron-enantate-mastoged-e\/#breadcrumb\"},\"inLanguage\":\"fr-FR\",\"potentialAction\":[{\"@type\":\"ReadAction\",\"target\":[[\"https:\/\/iberoid.com\/fr\/product\/masteron-enantate-mastoged-e\/\"]]}]},{\"@type\":\"ImageObject\",\"inLanguage\":\"fr-FR\",\"@id\":\"https:\/\/iberoid.com\/fr\/product\/masteron-enantate-mastoged-e\/#primaryimage\",\"url\":\"https:\/\/iberoid.com\/wp-content\/uploads\/2024\/03\/mast.jpg?v=1710106706\",\"contentUrl\":\"https:\/\/iberoid.com\/wp-content\/uploads\/2024\/03\/mast.jpg?v=1710106706\",\"width\":1080,\"height\":1080},{\"@type\":\"BreadcrumbList\",\"@id\":\"https:\/\/iberoid.com\/fr\/product\/masteron-enantate-mastoged-e\/#breadcrumb\",\"itemListElement\":[{\"@type\":\"ListItem\",\"position\":1,\"name\":\"Portada\",\"item\":\"https:\/\/iberoid.com\/fr\/\"},{\"@type\":\"ListItem\",\"position\":2,\"name\":\"Magasin\",\"item\":\"https:\/\/iberoid.com\/fr\/shop\/\"},{\"@type\":\"ListItem\",\"position\":3,\"name\":\"MASTERON ENANTATE \/ MASTOGED E\"}]},{\"@type\":\"WebSite\",\"@id\":\"https:\/\/iberoid-shop.com\/#website\",\"url\":\"https:\/\/iberoid-shop.com\/\",\"name\":\"(Espa\u00f1ol) Esteroides en l\u00ednea\",\"description\":\"(Espa\u00f1ol) Comprar esteroides en l\u00ednea hoy en Espa\u00f1a y Portugal. Tenemos el mejor servicio al cliente en la industria y los productos de la m\u00e1s alta calidad\",\"potentialAction\":[{\"@type\":\"SearchAction\",\"target\":{\"@type\":\"EntryPoint\",\"urlTemplate\":\"https:\/\/iberoid-shop.com\/?s={search_term_string}\"},\"query-input\":{\"@type\":\"PropertyValueSpecification\",\"valueRequired\":true,\"valueName\":\"search_term_string\"}}],\"inLanguage\":\"fr-FR\"}]}<\/script>\n<meta property=\"product:brand\" content=\"Euro Prime Pharmaceuticals (EPF)\" \/>\n<meta property=\"product:price:amount\" content=\"55.00\" \/>\n<meta property=\"product:price:currency\" content=\"EUR\" \/>\n<meta property=\"og:availability\" content=\"instock\" \/>\n<meta property=\"product:availability\" content=\"instock\" \/>\n<meta property=\"product:condition\" content=\"new\" \/>\n<!-- \/ Yoast SEO Premium plugin. -->","yoast_head_json":{"title":"MASTERON ENANTATE \/ MASTOGED E - (Espa\u00f1ol) Esteroides en l\u00ednea","description":"Masteron Enanthate (Mastoged E) est un st\u00e9ro\u00efde d\u00e9riv\u00e9 de la DHT, connu pour ses effets anti-\u0153strog\u00e9niques, ce qui le rend populaire parmi les athl\u00e8tes et les bodybuilders.","robots":{"index":"index","follow":"follow","max-snippet":"max-snippet:-1","max-image-preview":"max-image-preview:large","max-video-preview":"max-video-preview:-1"},"canonical":"https:\/\/iberoid.com\/fr\/product\/masteron-enantate-mastoged-e\/","og_locale":"fr_FR","og_type":"article","og_title":"MASTERON ENANTATE \/ MASTOGED E","og_description":"Masteron Enanthate (Mastoged E) est un st\u00e9ro\u00efde d\u00e9riv\u00e9 de la DHT, connu pour ses effets anti-\u0153strog\u00e9niques, ce qui le rend populaire parmi les athl\u00e8tes et les bodybuilders.","og_url":"https:\/\/iberoid.com\/fr\/product\/masteron-enantate-mastoged-e\/","og_site_name":"(Espa\u00f1ol) Esteroides en l\u00ednea","article_modified_time":"2026-03-23T23:52:25+00:00","og_image":[{"width":1080,"height":1080,"url":"https:\/\/iberoid.com\/wp-content\/uploads\/2024\/03\/mast.jpg?v=1710106706","type":"image\/jpeg"}],"twitter_card":"summary_large_image","twitter_misc":{"Prix":"&euro;55.00","Disponibilit\u00e9":"En stock"},"schema":{"@context":"https:\/\/schema.org","@graph":[{"@type":"WebPage","@id":"https:\/\/iberoid.com\/fr\/product\/masteron-enantate-mastoged-e\/","url":"https:\/\/iberoid.com\/fr\/product\/masteron-enantate-mastoged-e\/","name":"MASTERON ENANTATE \/ MASTOGED E - (Espa\u00f1ol) Esteroides en l\u00ednea","isPartOf":{"@id":"https:\/\/iberoid-shop.com\/#website"},"primaryImageOfPage":{"@id":"https:\/\/iberoid.com\/fr\/product\/masteron-enantate-mastoged-e\/#primaryimage"},"image":{"@id":"https:\/\/iberoid.com\/fr\/product\/masteron-enantate-mastoged-e\/#primaryimage"},"thumbnailUrl":"https:\/\/iberoid.com\/wp-content\/uploads\/2024\/03\/mast.jpg?v=1710106706","datePublished":"2024-03-10T21:38:53+00:00","dateModified":"2026-03-23T23:52:25+00:00","description":"Masteron Enanthate (Mastoged E) est un st\u00e9ro\u00efde d\u00e9riv\u00e9 de la DHT, connu pour ses effets anti-\u0153strog\u00e9niques, ce qui le rend populaire parmi les athl\u00e8tes et les bodybuilders.","breadcrumb":{"@id":"https:\/\/iberoid.com\/fr\/product\/masteron-enantate-mastoged-e\/#breadcrumb"},"inLanguage":"fr-FR","potentialAction":[{"@type":"ReadAction","target":[["https:\/\/iberoid.com\/fr\/product\/masteron-enantate-mastoged-e\/"]]}]},{"@type":"ImageObject","inLanguage":"fr-FR","@id":"https:\/\/iberoid.com\/fr\/product\/masteron-enantate-mastoged-e\/#primaryimage","url":"https:\/\/iberoid.com\/wp-content\/uploads\/2024\/03\/mast.jpg?v=1710106706","contentUrl":"https:\/\/iberoid.com\/wp-content\/uploads\/2024\/03\/mast.jpg?v=1710106706","width":1080,"height":1080},{"@type":"BreadcrumbList","@id":"https:\/\/iberoid.com\/fr\/product\/masteron-enantate-mastoged-e\/#breadcrumb","itemListElement":[{"@type":"ListItem","position":1,"name":"Portada","item":"https:\/\/iberoid.com\/fr\/"},{"@type":"ListItem","position":2,"name":"Magasin","item":"https:\/\/iberoid.com\/fr\/shop\/"},{"@type":"ListItem","position":3,"name":"MASTERON ENANTATE \/ MASTOGED E"}]},{"@type":"WebSite","@id":"https:\/\/iberoid-shop.com\/#website","url":"https:\/\/iberoid-shop.com\/","name":"(Espa\u00f1ol) Esteroides en l\u00ednea","description":"(Espa\u00f1ol) Comprar esteroides en l\u00ednea hoy en Espa\u00f1a y Portugal. Tenemos el mejor servicio al cliente en la industria y los productos de la m\u00e1s alta calidad","potentialAction":[{"@type":"SearchAction","target":{"@type":"EntryPoint","urlTemplate":"https:\/\/iberoid-shop.com\/?s={search_term_string}"},"query-input":{"@type":"PropertyValueSpecification","valueRequired":true,"valueName":"search_term_string"}}],"inLanguage":"fr-FR"}]},"product_brand":"Euro Prime Pharmaceuticals (EPF)","product_price_amount":"55.00","product_price_currency":"EUR","og_availability":"instock","product_availability":"instock","product_condition":"new"},"_links":{"self":[{"href":"https:\/\/iberoid.com\/fr\/wp-json\/wp\/v2\/product\/9266","targetHints":{"allow":["GET"]}}],"collection":[{"href":"https:\/\/iberoid.com\/fr\/wp-json\/wp\/v2\/product"}],"about":[{"href":"https:\/\/iberoid.com\/fr\/wp-json\/wp\/v2\/types\/product"}],"replies":[{"embeddable":true,"href":"https:\/\/iberoid.com\/fr\/wp-json\/wp\/v2\/comments?post=9266"}],"wp:featuredmedia":[{"embeddable":true,"href":"https:\/\/iberoid.com\/fr\/wp-json\/wp\/v2\/media\/9268"}],"wp:attachment":[{"href":"https:\/\/iberoid.com\/fr\/wp-json\/wp\/v2\/media?parent=9266"}],"wp:term":[{"taxonomy":"product_brand","embeddable":true,"href":"https:\/\/iberoid.com\/fr\/wp-json\/wp\/v2\/product_brand?post=9266"},{"taxonomy":"product_cat","embeddable":true,"href":"https:\/\/iberoid.com\/fr\/wp-json\/wp\/v2\/product_cat?post=9266"},{"taxonomy":"product_tag","embeddable":true,"href":"https:\/\/iberoid.com\/fr\/wp-json\/wp\/v2\/product_tag?post=9266"}],"curies":[{"name":"wp","href":"https:\/\/api.w.org\/{rel}","templated":true}]}}