{"id":9293,"date":"2024-03-24T18:42:04","date_gmt":"2024-03-24T18:42:04","guid":{"rendered":"https:\/\/iberoid.com\/?post_type=product&#038;p=9293"},"modified":"2026-03-29T16:26:31","modified_gmt":"2026-03-29T16:26:31","slug":"anavar","status":"publish","type":"product","link":"https:\/\/iberoid.com\/fr\/product\/anavar\/","title":{"rendered":"ANAVAR"},"content":{"rendered":"<p>ANAVAR \/ 10mg \/ 100 comprim\u00e9s &#8211; BIOTECH CANADA<\/p>\n<p>Achetez Anavar 10 mg \u2013 Pour ceux qui envisagent de d\u00e9velopper une masse corporelle maigre et veulent devenir plus muscl\u00e9s\u00a0! Ce st\u00e9ro\u00efde est consid\u00e9r\u00e9 comme un changeur de vie pour ceux qui d\u00e9veloppent leurs muscles, am\u00e9liorent leur force et am\u00e9liorent leurs performances.<\/p>\n<p><strong>Effets:<\/strong><\/p>\n<p>En raison de sa nature bien tol\u00e9r\u00e9e, les utilisateurs r\u00e9guliers consid\u00e8rent ce st\u00e9ro\u00efde sans danger pour tous les sexes. Anavar ne pose aucun effet secondaire chez l\u2019utilisateur. \u00c9galement connu sous le nom d\u2019Oxandrolone, Anavar est l\u2019un des st\u00e9ro\u00efdes anabolisants les plus b\u00e9n\u00e9fiques avec d\u2019innombrables avantages pour votre corps\u00a0!<\/p>\n<p><strong>Avantages:<\/strong><\/p>\n<p>Croissance musculaire stimul\u00e9e, principalement motiv\u00e9e par la promotion du gain de masse musculaire maigre. Oxandrolone favorise le gonflement hors saison, ce qui permet aux muscles de grossir sans aucune r\u00e9tention d&rsquo;eau.<\/p>\n<p>Couper \u2013 Anavar aide \u00e0 perdre des graisses sans perturber la masse musculaire. Am\u00e9liorez les performances sportives et les perspectives des utilisateurs. En plus d\u2019augmenter la force, cela aide \u00e9galement \u00e0 d\u00e9velopper l\u2019endurance.<\/p>","protected":false},"excerpt":{"rendered":"<p>ANAVAR \/ 10mg \/ 100 comprim\u00e9s &#8211; BIOTECH CANADA Achetez Anavar 10 mg \u2013 Pour ceux qui envisagent de d\u00e9velopper<\/p>\n","protected":false},"featured_media":9295,"comment_status":"open","ping_status":"closed","template":"","meta":[],"product_brand":[],"product_cat":[73],"product_tag":[],"class_list":{"0":"post-9293","1":"product","2":"type-product","3":"status-publish","4":"has-post-thumbnail","6":"product_cat-ssteroides_orales","8":"first","9":"outofstock","10":"sale","11":"shipping-taxable","12":"purchasable","13":"product-type-simple"},"yoast_head":"<!-- This site is optimized with the Yoast SEO Premium plugin v24.4 (Yoast SEO v27.0) - https:\/\/yoast.com\/product\/yoast-seo-premium-wordpress\/ -->\n<title>ANAVAR - (Espa\u00f1ol) Esteroides en l\u00ednea<\/title>\n<meta name=\"description\" content=\"ANAVAR 10mg (100 Comprim\u00e9s) \u2013 BIOTECH CANADA: D\u00e9veloppez des muscles secs, augmentez la force et br\u00fblez les graisses avec Anavar. Id\u00e9al pour tous, sans r\u00e9tention d\u2019eau.\" \/>\n<meta name=\"robots\" content=\"index, follow, max-snippet:-1, max-image-preview:large, max-video-preview:-1\" \/>\n<link rel=\"canonical\" href=\"https:\/\/iberoid.com\/fr\/product\/anavar\/\" \/>\n<meta property=\"og:locale\" content=\"fr_FR\" \/>\n<meta property=\"og:type\" content=\"article\" \/>\n<meta property=\"og:title\" content=\"ANAVAR\" \/>\n<meta property=\"og:description\" content=\"ANAVAR 10mg (100 Comprim\u00e9s) \u2013 BIOTECH CANADA: D\u00e9veloppez des muscles secs, augmentez la force et br\u00fblez les graisses avec Anavar. Id\u00e9al pour tous, sans r\u00e9tention d\u2019eau.\" \/>\n<meta property=\"og:url\" content=\"https:\/\/iberoid.com\/fr\/product\/anavar\/\" \/>\n<meta property=\"og:site_name\" content=\"(Espa\u00f1ol) Esteroides en l\u00ednea\" \/>\n<meta property=\"article:modified_time\" content=\"2026-03-29T16:26:31+00:00\" \/>\n<meta property=\"og:image\" content=\"https:\/\/iberoid.com\/wp-content\/uploads\/2024\/03\/0xabi.jpg?v=1711305696\" \/>\n\t<meta property=\"og:image:width\" content=\"1280\" \/>\n\t<meta property=\"og:image:height\" content=\"1280\" \/>\n\t<meta property=\"og:image:type\" content=\"image\/jpeg\" \/>\n<meta name=\"twitter:card\" content=\"summary_large_image\" \/>\n<meta name=\"twitter:label1\" content=\"Prix\" \/>\n\t<meta name=\"twitter:data1\" content=\"&euro;45.00\" \/>\n\t<meta name=\"twitter:label2\" content=\"Disponibilit\u00e9\" \/>\n\t<meta name=\"twitter:data2\" content=\"Rupture de stock\" \/>\n<script type=\"application\/ld+json\" class=\"yoast-schema-graph\">{\"@context\":\"https:\/\/schema.org\",\"@graph\":[{\"@type\":\"WebPage\",\"@id\":\"https:\/\/iberoid.com\/fr\/product\/anavar\/\",\"url\":\"https:\/\/iberoid.com\/fr\/product\/anavar\/\",\"name\":\"ANAVAR - (Espa\u00f1ol) Esteroides en l\u00ednea\",\"isPartOf\":{\"@id\":\"https:\/\/iberoid.com\/fr\/#website\"},\"primaryImageOfPage\":{\"@id\":\"https:\/\/iberoid.com\/fr\/product\/anavar\/#primaryimage\"},\"image\":{\"@id\":\"https:\/\/iberoid.com\/fr\/product\/anavar\/#primaryimage\"},\"thumbnailUrl\":\"https:\/\/iberoid.com\/wp-content\/uploads\/2024\/03\/0xabi.jpg?v=1711305696\",\"datePublished\":\"2024-03-24T18:42:04+00:00\",\"dateModified\":\"2026-03-29T16:26:31+00:00\",\"description\":\"ANAVAR 10mg (100 Comprim\u00e9s) \u2013 BIOTECH CANADA: D\u00e9veloppez des muscles secs, augmentez la force et br\u00fblez les graisses avec Anavar. Id\u00e9al pour tous, sans r\u00e9tention d\u2019eau.\",\"breadcrumb\":{\"@id\":\"https:\/\/iberoid.com\/fr\/product\/anavar\/#breadcrumb\"},\"inLanguage\":\"fr-FR\",\"potentialAction\":[{\"@type\":\"ReadAction\",\"target\":[[\"https:\/\/iberoid.com\/fr\/product\/anavar\/\"]]}]},{\"@type\":\"ImageObject\",\"inLanguage\":\"fr-FR\",\"@id\":\"https:\/\/iberoid.com\/fr\/product\/anavar\/#primaryimage\",\"url\":\"https:\/\/iberoid.com\/wp-content\/uploads\/2024\/03\/0xabi.jpg?v=1711305696\",\"contentUrl\":\"https:\/\/iberoid.com\/wp-content\/uploads\/2024\/03\/0xabi.jpg?v=1711305696\",\"width\":1280,\"height\":1280},{\"@type\":\"BreadcrumbList\",\"@id\":\"https:\/\/iberoid.com\/fr\/product\/anavar\/#breadcrumb\",\"itemListElement\":[{\"@type\":\"ListItem\",\"position\":1,\"name\":\"Portada\",\"item\":\"https:\/\/iberoid.com\/fr\/\"},{\"@type\":\"ListItem\",\"position\":2,\"name\":\"Magasin\",\"item\":\"https:\/\/iberoid.com\/fr\/shop\/\"},{\"@type\":\"ListItem\",\"position\":3,\"name\":\"ANAVAR\"}]},{\"@type\":\"WebSite\",\"@id\":\"https:\/\/iberoid.com\/fr\/#website\",\"url\":\"https:\/\/iberoid.com\/fr\/\",\"name\":\"(Espa\u00f1ol) Esteroides en l\u00ednea\",\"description\":\"(Espa\u00f1ol) Comprar esteroides en l\u00ednea hoy en Espa\u00f1a y Portugal. Tenemos el mejor servicio al cliente en la industria y los productos de la m\u00e1s alta calidad\",\"potentialAction\":[{\"@type\":\"SearchAction\",\"target\":{\"@type\":\"EntryPoint\",\"urlTemplate\":\"https:\/\/iberoid.com\/fr\/?s={search_term_string}\"},\"query-input\":{\"@type\":\"PropertyValueSpecification\",\"valueRequired\":true,\"valueName\":\"search_term_string\"}}],\"inLanguage\":\"fr-FR\"}]}<\/script>\n<meta property=\"product:brand\" content=\"Canada Biotech Peptides\" \/>\n<meta property=\"product:price:amount\" content=\"45.00\" \/>\n<meta property=\"product:price:currency\" content=\"EUR\" \/>\n<meta property=\"og:availability\" content=\"out of stock\" \/>\n<meta property=\"product:availability\" content=\"out of stock\" \/>\n<meta property=\"product:condition\" content=\"new\" \/>\n<!-- \/ Yoast SEO Premium plugin. -->","yoast_head_json":{"title":"ANAVAR - (Espa\u00f1ol) Esteroides en l\u00ednea","description":"ANAVAR 10mg (100 Comprim\u00e9s) \u2013 BIOTECH CANADA: D\u00e9veloppez des muscles secs, augmentez la force et br\u00fblez les graisses avec Anavar. Id\u00e9al pour tous, sans r\u00e9tention d\u2019eau.","robots":{"index":"index","follow":"follow","max-snippet":"max-snippet:-1","max-image-preview":"max-image-preview:large","max-video-preview":"max-video-preview:-1"},"canonical":"https:\/\/iberoid.com\/fr\/product\/anavar\/","og_locale":"fr_FR","og_type":"article","og_title":"ANAVAR","og_description":"ANAVAR 10mg (100 Comprim\u00e9s) \u2013 BIOTECH CANADA: D\u00e9veloppez des muscles secs, augmentez la force et br\u00fblez les graisses avec Anavar. Id\u00e9al pour tous, sans r\u00e9tention d\u2019eau.","og_url":"https:\/\/iberoid.com\/fr\/product\/anavar\/","og_site_name":"(Espa\u00f1ol) Esteroides en l\u00ednea","article_modified_time":"2026-03-29T16:26:31+00:00","og_image":[{"width":1280,"height":1280,"url":"https:\/\/iberoid.com\/wp-content\/uploads\/2024\/03\/0xabi.jpg?v=1711305696","type":"image\/jpeg"}],"twitter_card":"summary_large_image","twitter_misc":{"Prix":"&euro;45.00","Disponibilit\u00e9":"Rupture de stock"},"schema":{"@context":"https:\/\/schema.org","@graph":[{"@type":"WebPage","@id":"https:\/\/iberoid.com\/fr\/product\/anavar\/","url":"https:\/\/iberoid.com\/fr\/product\/anavar\/","name":"ANAVAR - (Espa\u00f1ol) Esteroides en l\u00ednea","isPartOf":{"@id":"https:\/\/iberoid.com\/fr\/#website"},"primaryImageOfPage":{"@id":"https:\/\/iberoid.com\/fr\/product\/anavar\/#primaryimage"},"image":{"@id":"https:\/\/iberoid.com\/fr\/product\/anavar\/#primaryimage"},"thumbnailUrl":"https:\/\/iberoid.com\/wp-content\/uploads\/2024\/03\/0xabi.jpg?v=1711305696","datePublished":"2024-03-24T18:42:04+00:00","dateModified":"2026-03-29T16:26:31+00:00","description":"ANAVAR 10mg (100 Comprim\u00e9s) \u2013 BIOTECH CANADA: D\u00e9veloppez des muscles secs, augmentez la force et br\u00fblez les graisses avec Anavar. Id\u00e9al pour tous, sans r\u00e9tention d\u2019eau.","breadcrumb":{"@id":"https:\/\/iberoid.com\/fr\/product\/anavar\/#breadcrumb"},"inLanguage":"fr-FR","potentialAction":[{"@type":"ReadAction","target":[["https:\/\/iberoid.com\/fr\/product\/anavar\/"]]}]},{"@type":"ImageObject","inLanguage":"fr-FR","@id":"https:\/\/iberoid.com\/fr\/product\/anavar\/#primaryimage","url":"https:\/\/iberoid.com\/wp-content\/uploads\/2024\/03\/0xabi.jpg?v=1711305696","contentUrl":"https:\/\/iberoid.com\/wp-content\/uploads\/2024\/03\/0xabi.jpg?v=1711305696","width":1280,"height":1280},{"@type":"BreadcrumbList","@id":"https:\/\/iberoid.com\/fr\/product\/anavar\/#breadcrumb","itemListElement":[{"@type":"ListItem","position":1,"name":"Portada","item":"https:\/\/iberoid.com\/fr\/"},{"@type":"ListItem","position":2,"name":"Magasin","item":"https:\/\/iberoid.com\/fr\/shop\/"},{"@type":"ListItem","position":3,"name":"ANAVAR"}]},{"@type":"WebSite","@id":"https:\/\/iberoid.com\/fr\/#website","url":"https:\/\/iberoid.com\/fr\/","name":"(Espa\u00f1ol) Esteroides en l\u00ednea","description":"(Espa\u00f1ol) Comprar esteroides en l\u00ednea hoy en Espa\u00f1a y Portugal. Tenemos el mejor servicio al cliente en la industria y los productos de la m\u00e1s alta calidad","potentialAction":[{"@type":"SearchAction","target":{"@type":"EntryPoint","urlTemplate":"https:\/\/iberoid.com\/fr\/?s={search_term_string}"},"query-input":{"@type":"PropertyValueSpecification","valueRequired":true,"valueName":"search_term_string"}}],"inLanguage":"fr-FR"}]},"product_brand":"Canada Biotech Peptides","product_price_amount":"45.00","product_price_currency":"EUR","og_availability":"out of stock","product_availability":"out of stock","product_condition":"new"},"_links":{"self":[{"href":"https:\/\/iberoid.com\/fr\/wp-json\/wp\/v2\/product\/9293","targetHints":{"allow":["GET"]}}],"collection":[{"href":"https:\/\/iberoid.com\/fr\/wp-json\/wp\/v2\/product"}],"about":[{"href":"https:\/\/iberoid.com\/fr\/wp-json\/wp\/v2\/types\/product"}],"replies":[{"embeddable":true,"href":"https:\/\/iberoid.com\/fr\/wp-json\/wp\/v2\/comments?post=9293"}],"wp:featuredmedia":[{"embeddable":true,"href":"https:\/\/iberoid.com\/fr\/wp-json\/wp\/v2\/media\/9295"}],"wp:attachment":[{"href":"https:\/\/iberoid.com\/fr\/wp-json\/wp\/v2\/media?parent=9293"}],"wp:term":[{"taxonomy":"product_brand","embeddable":true,"href":"https:\/\/iberoid.com\/fr\/wp-json\/wp\/v2\/product_brand?post=9293"},{"taxonomy":"product_cat","embeddable":true,"href":"https:\/\/iberoid.com\/fr\/wp-json\/wp\/v2\/product_cat?post=9293"},{"taxonomy":"product_tag","embeddable":true,"href":"https:\/\/iberoid.com\/fr\/wp-json\/wp\/v2\/product_tag?post=9293"}],"curies":[{"name":"wp","href":"https:\/\/api.w.org\/{rel}","templated":true}]}}