{"id":9323,"date":"2024-04-04T20:54:01","date_gmt":"2024-04-04T20:54:01","guid":{"rendered":"https:\/\/iberoid.com\/?post_type=product&#038;p=9323"},"modified":"2026-01-25T14:05:03","modified_gmt":"2026-01-25T14:05:03","slug":"boldoged-premium-line","status":"publish","type":"product","link":"https:\/\/iberoid.com\/fr\/product\/boldoged-premium-line\/","title":{"rendered":"BOLDOGED PREMIUM LINE"},"content":{"rendered":"<p>BOLDOGED PREMIUM LINE , est la bold\u00e9none produite par EPF, c&rsquo;est un produit qui peut \u00eatre facilement combin\u00e9 avec d&rsquo;autres st\u00e9ro\u00efdes, selon les envies de chacun. Dans les cycles d&rsquo;augmentation de la masse musculaire, il est associ\u00e9 \u00e0 Anapolon, Turanabol ou Testost\u00e9rone et dans les cycles de d\u00e9finition, il peut \u00eatre associ\u00e9 \u00e0 Parabolan, Winstrol, Primobolan ou Trenboloneb.<\/p>\n<p>La dose recommand\u00e9e varie entre 300 mg et 600 mg par semaine. Gr\u00e2ce aux trois esters de bold\u00e9none \u00e0 partir desquels elle est form\u00e9e, la bold\u00e9none augmente consid\u00e9rablement l&rsquo;app\u00e9tit. Cela est d\u00fb \u00e0 la stimulation de la s\u00e9cr\u00e9tion d\u2019insuline provoqu\u00e9e par Boldenone.<\/p>\n<p>Comme effet secondaire, il arr\u00eate la s\u00e9cr\u00e9tion de testost\u00e9rone du corps, c&rsquo;est pourquoi une th\u00e9rapie post-cycle, compos\u00e9e de Clomid et de Tamoxif\u00e8ne, est recommand\u00e9e. S&rsquo;il est administr\u00e9 aux doses recommand\u00e9es et avec une th\u00e9rapie post-cycle, les effets secondaires sont fixes ou n&rsquo;apparaissent pas du tout.<\/p>\n<p>Cette th\u00e9rapie post-cycle vise \u00e0 r\u00e9guler la propre production de testost\u00e9rone de l&rsquo;organisme. Il est important que dans tout autre traitement aux st\u00e9ro\u00efdes, certaines r\u00e8gles essentielles soient respect\u00e9es afin d\u2019obtenir les r\u00e9sultats souhait\u00e9s.<\/p>\n<p>Les principaux repas de la journ\u00e9e sont importants et doivent \u00eatre respect\u00e9s. La nourriture doit \u00eatre riche en prot\u00e9ines, vitamines, antioxydants. Vous devez manger de la viande maigre comme du b\u0153uf, du poisson, de la poitrine de poulet. Les l\u00e9gumes sont importants. Les fruits contiennent des antioxydants et donnent de l&rsquo;\u00e9nergie au corps.<\/p>","protected":false},"excerpt":{"rendered":"<p>BOLDOGED PREMIUM LINE , est la bold\u00e9none produite par EPF, c&rsquo;est un produit qui peut \u00eatre facilement combin\u00e9 avec d&rsquo;autres<\/p>\n","protected":false},"featured_media":9325,"comment_status":"open","ping_status":"closed","template":"","meta":[],"product_brand":[],"product_cat":[69],"product_tag":[],"class_list":{"0":"post-9323","1":"product","2":"type-product","3":"status-publish","4":"has-post-thumbnail","6":"product_cat-esteroides_inyectables","8":"first","9":"instock","10":"shipping-taxable","11":"purchasable","12":"product-type-simple"},"yoast_head":"<!-- This site is optimized with the Yoast SEO Premium plugin v24.4 (Yoast SEO v27.3) - https:\/\/yoast.com\/product\/yoast-seo-premium-wordpress\/ -->\n<title>BOLDOGED PREMIUM LINE - (Espa\u00f1ol) Esteroides en l\u00ednea<\/title>\n<meta name=\"description\" content=\"BOLDOGED PREMIUM LINE, produced by EPF, is a boldenone product that users can easily combine with other steroids, depending on their goals.\" \/>\n<meta name=\"robots\" content=\"index, follow, max-snippet:-1, max-image-preview:large, max-video-preview:-1\" \/>\n<link rel=\"canonical\" href=\"https:\/\/iberoid.com\/fr\/product\/boldoged-premium-line\/\" \/>\n<meta property=\"og:locale\" content=\"fr_FR\" \/>\n<meta property=\"og:type\" content=\"article\" \/>\n<meta property=\"og:title\" content=\"BOLDOGED PREMIUM LINE\" \/>\n<meta property=\"og:description\" content=\"BOLDOGED PREMIUM LINE, produced by EPF, is a boldenone product that users can easily combine with other steroids, depending on their goals.\" \/>\n<meta property=\"og:url\" content=\"https:\/\/iberoid.com\/fr\/product\/boldoged-premium-line\/\" \/>\n<meta property=\"og:site_name\" content=\"(Espa\u00f1ol) Esteroides en l\u00ednea\" \/>\n<meta property=\"article:modified_time\" content=\"2026-01-25T14:05:03+00:00\" \/>\n<meta property=\"og:image\" content=\"https:\/\/iberoid.com\/wp-content\/uploads\/2024\/04\/boldp.jpg?v=1712263998\" \/>\n\t<meta property=\"og:image:width\" content=\"1280\" \/>\n\t<meta property=\"og:image:height\" content=\"1280\" \/>\n\t<meta property=\"og:image:type\" content=\"image\/jpeg\" \/>\n<meta name=\"twitter:card\" content=\"summary_large_image\" \/>\n<meta name=\"twitter:label1\" content=\"Prix\" \/>\n\t<meta name=\"twitter:data1\" content=\"&euro;45.00\" \/>\n\t<meta name=\"twitter:label2\" content=\"Disponibilit\u00e9\" \/>\n\t<meta name=\"twitter:data2\" content=\"En stock\" \/>\n<script type=\"application\/ld+json\" class=\"yoast-schema-graph\">{\"@context\":\"https:\\\/\\\/schema.org\",\"@graph\":[{\"@type\":\"WebPage\",\"@id\":\"https:\\\/\\\/iberoid.com\\\/fr\\\/product\\\/boldoged-premium-line\\\/\",\"url\":\"https:\\\/\\\/iberoid.com\\\/fr\\\/product\\\/boldoged-premium-line\\\/\",\"name\":\"BOLDOGED PREMIUM LINE - (Espa\u00f1ol) Esteroides en l\u00ednea\",\"isPartOf\":{\"@id\":\"https:\\\/\\\/iberoid.com\\\/fr\\\/#website\"},\"primaryImageOfPage\":{\"@id\":\"https:\\\/\\\/iberoid.com\\\/fr\\\/product\\\/boldoged-premium-line\\\/#primaryimage\"},\"image\":{\"@id\":\"https:\\\/\\\/iberoid.com\\\/fr\\\/product\\\/boldoged-premium-line\\\/#primaryimage\"},\"thumbnailUrl\":\"https:\\\/\\\/iberoid.com\\\/wp-content\\\/uploads\\\/2024\\\/04\\\/boldp.jpg?v=1712263998\",\"datePublished\":\"2024-04-04T20:54:01+00:00\",\"dateModified\":\"2026-01-25T14:05:03+00:00\",\"description\":\"BOLDOGED PREMIUM LINE, produced by EPF, is a boldenone product that users can easily combine with other steroids, depending on their goals.\",\"breadcrumb\":{\"@id\":\"https:\\\/\\\/iberoid.com\\\/fr\\\/product\\\/boldoged-premium-line\\\/#breadcrumb\"},\"inLanguage\":\"fr-FR\",\"potentialAction\":[{\"@type\":\"ReadAction\",\"target\":[[\"https:\\\/\\\/iberoid.com\\\/fr\\\/product\\\/boldoged-premium-line\\\/\"]]}]},{\"@type\":\"ImageObject\",\"inLanguage\":\"fr-FR\",\"@id\":\"https:\\\/\\\/iberoid.com\\\/fr\\\/product\\\/boldoged-premium-line\\\/#primaryimage\",\"url\":\"https:\\\/\\\/iberoid.com\\\/wp-content\\\/uploads\\\/2024\\\/04\\\/boldp.jpg?v=1712263998\",\"contentUrl\":\"https:\\\/\\\/iberoid.com\\\/wp-content\\\/uploads\\\/2024\\\/04\\\/boldp.jpg?v=1712263998\",\"width\":1280,\"height\":1280,\"caption\":\"BOLDOGED PREMIUM LINE\"},{\"@type\":\"BreadcrumbList\",\"@id\":\"https:\\\/\\\/iberoid.com\\\/fr\\\/product\\\/boldoged-premium-line\\\/#breadcrumb\",\"itemListElement\":[{\"@type\":\"ListItem\",\"position\":1,\"name\":\"Portada\",\"item\":\"https:\\\/\\\/iberoid.com\\\/fr\\\/\"},{\"@type\":\"ListItem\",\"position\":2,\"name\":\"Magasin\",\"item\":\"https:\\\/\\\/iberoid.com\\\/fr\\\/shop\\\/\"},{\"@type\":\"ListItem\",\"position\":3,\"name\":\"BOLDOGED PREMIUM LINE\"}]},{\"@type\":\"WebSite\",\"@id\":\"https:\\\/\\\/iberoid.com\\\/fr\\\/#website\",\"url\":\"https:\\\/\\\/iberoid.com\\\/fr\\\/\",\"name\":\"(Espa\u00f1ol) Esteroides en l\u00ednea\",\"description\":\"(Espa\u00f1ol) Comprar esteroides en l\u00ednea hoy en Espa\u00f1a y Portugal. Tenemos el mejor servicio al cliente en la industria y los productos de la m\u00e1s alta calidad\",\"potentialAction\":[{\"@type\":\"SearchAction\",\"target\":{\"@type\":\"EntryPoint\",\"urlTemplate\":\"https:\\\/\\\/iberoid.com\\\/fr\\\/?s={search_term_string}\"},\"query-input\":{\"@type\":\"PropertyValueSpecification\",\"valueRequired\":true,\"valueName\":\"search_term_string\"}}],\"inLanguage\":\"fr-FR\"}]}<\/script>\n<meta property=\"product:brand\" content=\"Euro Prime Pharmaceuticals (EPF)\" \/>\n<meta property=\"product:price:amount\" content=\"45.00\" \/>\n<meta property=\"product:price:currency\" content=\"EUR\" \/>\n<meta property=\"og:availability\" content=\"instock\" \/>\n<meta property=\"product:availability\" content=\"instock\" \/>\n<meta property=\"product:condition\" content=\"new\" \/>\n<!-- \/ Yoast SEO Premium plugin. -->","yoast_head_json":{"title":"BOLDOGED PREMIUM LINE - (Espa\u00f1ol) Esteroides en l\u00ednea","description":"BOLDOGED PREMIUM LINE, produced by EPF, is a boldenone product that users can easily combine with other steroids, depending on their goals.","robots":{"index":"index","follow":"follow","max-snippet":"max-snippet:-1","max-image-preview":"max-image-preview:large","max-video-preview":"max-video-preview:-1"},"canonical":"https:\/\/iberoid.com\/fr\/product\/boldoged-premium-line\/","og_locale":"fr_FR","og_type":"article","og_title":"BOLDOGED PREMIUM LINE","og_description":"BOLDOGED PREMIUM LINE, produced by EPF, is a boldenone product that users can easily combine with other steroids, depending on their goals.","og_url":"https:\/\/iberoid.com\/fr\/product\/boldoged-premium-line\/","og_site_name":"(Espa\u00f1ol) Esteroides en l\u00ednea","article_modified_time":"2026-01-25T14:05:03+00:00","og_image":[{"width":1280,"height":1280,"url":"https:\/\/iberoid.com\/wp-content\/uploads\/2024\/04\/boldp.jpg?v=1712263998","type":"image\/jpeg"}],"twitter_card":"summary_large_image","twitter_misc":{"Prix":"&euro;45.00","Disponibilit\u00e9":"En stock"},"schema":{"@context":"https:\/\/schema.org","@graph":[{"@type":"WebPage","@id":"https:\/\/iberoid.com\/fr\/product\/boldoged-premium-line\/","url":"https:\/\/iberoid.com\/fr\/product\/boldoged-premium-line\/","name":"BOLDOGED PREMIUM LINE - (Espa\u00f1ol) Esteroides en l\u00ednea","isPartOf":{"@id":"https:\/\/iberoid.com\/fr\/#website"},"primaryImageOfPage":{"@id":"https:\/\/iberoid.com\/fr\/product\/boldoged-premium-line\/#primaryimage"},"image":{"@id":"https:\/\/iberoid.com\/fr\/product\/boldoged-premium-line\/#primaryimage"},"thumbnailUrl":"https:\/\/iberoid.com\/wp-content\/uploads\/2024\/04\/boldp.jpg?v=1712263998","datePublished":"2024-04-04T20:54:01+00:00","dateModified":"2026-01-25T14:05:03+00:00","description":"BOLDOGED PREMIUM LINE, produced by EPF, is a boldenone product that users can easily combine with other steroids, depending on their goals.","breadcrumb":{"@id":"https:\/\/iberoid.com\/fr\/product\/boldoged-premium-line\/#breadcrumb"},"inLanguage":"fr-FR","potentialAction":[{"@type":"ReadAction","target":[["https:\/\/iberoid.com\/fr\/product\/boldoged-premium-line\/"]]}]},{"@type":"ImageObject","inLanguage":"fr-FR","@id":"https:\/\/iberoid.com\/fr\/product\/boldoged-premium-line\/#primaryimage","url":"https:\/\/iberoid.com\/wp-content\/uploads\/2024\/04\/boldp.jpg?v=1712263998","contentUrl":"https:\/\/iberoid.com\/wp-content\/uploads\/2024\/04\/boldp.jpg?v=1712263998","width":1280,"height":1280,"caption":"BOLDOGED PREMIUM LINE"},{"@type":"BreadcrumbList","@id":"https:\/\/iberoid.com\/fr\/product\/boldoged-premium-line\/#breadcrumb","itemListElement":[{"@type":"ListItem","position":1,"name":"Portada","item":"https:\/\/iberoid.com\/fr\/"},{"@type":"ListItem","position":2,"name":"Magasin","item":"https:\/\/iberoid.com\/fr\/shop\/"},{"@type":"ListItem","position":3,"name":"BOLDOGED PREMIUM LINE"}]},{"@type":"WebSite","@id":"https:\/\/iberoid.com\/fr\/#website","url":"https:\/\/iberoid.com\/fr\/","name":"(Espa\u00f1ol) Esteroides en l\u00ednea","description":"(Espa\u00f1ol) Comprar esteroides en l\u00ednea hoy en Espa\u00f1a y Portugal. Tenemos el mejor servicio al cliente en la industria y los productos de la m\u00e1s alta calidad","potentialAction":[{"@type":"SearchAction","target":{"@type":"EntryPoint","urlTemplate":"https:\/\/iberoid.com\/fr\/?s={search_term_string}"},"query-input":{"@type":"PropertyValueSpecification","valueRequired":true,"valueName":"search_term_string"}}],"inLanguage":"fr-FR"}]},"product_brand":"Euro Prime Pharmaceuticals (EPF)","product_price_amount":"45.00","product_price_currency":"EUR","og_availability":"instock","product_availability":"instock","product_condition":"new"},"_links":{"self":[{"href":"https:\/\/iberoid.com\/fr\/wp-json\/wp\/v2\/product\/9323","targetHints":{"allow":["GET"]}}],"collection":[{"href":"https:\/\/iberoid.com\/fr\/wp-json\/wp\/v2\/product"}],"about":[{"href":"https:\/\/iberoid.com\/fr\/wp-json\/wp\/v2\/types\/product"}],"replies":[{"embeddable":true,"href":"https:\/\/iberoid.com\/fr\/wp-json\/wp\/v2\/comments?post=9323"}],"wp:featuredmedia":[{"embeddable":true,"href":"https:\/\/iberoid.com\/fr\/wp-json\/wp\/v2\/media\/9325"}],"wp:attachment":[{"href":"https:\/\/iberoid.com\/fr\/wp-json\/wp\/v2\/media?parent=9323"}],"wp:term":[{"taxonomy":"product_brand","embeddable":true,"href":"https:\/\/iberoid.com\/fr\/wp-json\/wp\/v2\/product_brand?post=9323"},{"taxonomy":"product_cat","embeddable":true,"href":"https:\/\/iberoid.com\/fr\/wp-json\/wp\/v2\/product_cat?post=9323"},{"taxonomy":"product_tag","embeddable":true,"href":"https:\/\/iberoid.com\/fr\/wp-json\/wp\/v2\/product_tag?post=9323"}],"curies":[{"name":"wp","href":"https:\/\/api.w.org\/{rel}","templated":true}]}}