{"id":9359,"date":"2024-04-14T11:51:37","date_gmt":"2024-04-14T11:51:37","guid":{"rendered":"https:\/\/iberoid.com\/?post_type=product&#038;p=9359"},"modified":"2025-06-13T12:55:35","modified_gmt":"2025-06-13T12:55:35","slug":"cut-meds-150","status":"publish","type":"product","link":"https:\/\/iberoid.com\/fr\/product\/cut-meds-150\/","title":{"rendered":"Cut Meds 150"},"content":{"rendered":"<p>CUT &#8211; STACK 150mg \/ 10<\/p>\n<p>Cut Meds 150 est un c\u00e9l\u00e8bre m\u00e9lange de trois st\u00e9ro\u00efdes \u2013 le propionate de drostanolone , le propionate de testost\u00e9rone et l\u2019ac\u00e9tate de trenbolone sous forme injectable.<br \/>\nAuparavant, les bodybuilders devaient combiner ces trois st\u00e9ro\u00efdes actifs en les injectant s\u00e9par\u00e9ment, ce qui entra\u00eenait des prises fr\u00e9quentes et des co\u00fbts bien plus \u00e9lev\u00e9s. Mais tout cela a chang\u00e9 avec l\u2019arriv\u00e9e sur le march\u00e9 du Cut Meds 150 , car il contient tout ce dont vous avez besoin en une seule injection. Cut Meds 150 a gagn\u00e9 son acceptation gr\u00e2ce au fait qu&rsquo;il a montr\u00e9 d&rsquo;excellents r\u00e9sultats pendant les cycles de r\u00e9duction, stimulant la perte de graisse et am\u00e9liorant les performances sportives et le physique.<\/p>\n<p>Les principaux effets de Cut Meds 150<\/p>\n<ul>\n<li>Gr\u00e2ce \u00e0 Cut Meds 150, les athl\u00e8tes peuvent augmenter leur gain de masse musculaire maigre<\/li>\n<li>Augmenter les performances de force et d\u2019endurance<\/li>\n<li>Le m\u00e9dicament aide \u00e9galement \u00e0 stimuler une r\u00e9cup\u00e9ration plus rapide du tissu musculaire et \u00e0 acc\u00e9l\u00e9rer consid\u00e9rablement la combustion des graisses sous-cutan\u00e9es.<\/li>\n<li>Aide au drainage des liquides et n\u00e9cessite une attention particuli\u00e8re \u00e0 la sant\u00e9 des articulations et des ligaments\u00a0!<\/li>\n<li>La motivation intrins\u00e8que et le d\u00e9sir de donner le meilleur de vous-m\u00eame lorsque vous prenez ce m\u00e9dicament sont incroyablement \u00e9lev\u00e9s.<\/li>\n<li>Augmentation de la libido et de l&rsquo;\u00e9nergie sexuelle pendant un long cycle d&rsquo;utilisation<\/li>\n<\/ul>\n<p><strong>\u00a0<\/strong><\/p>\n<p>Comment prendre le m\u00e9lange de st\u00e9ro\u00efdes<\/p>\n<p>Toutes les doses de Cut Meds 150 doivent \u00eatre prises en fonction des besoins de l&rsquo;organisme, ainsi que des caract\u00e9ristiques individuelles du corps de l&rsquo;athl\u00e8te, de sa sensibilit\u00e9 et de sa tol\u00e9rance aux composants du st\u00e9ro\u00efde.<\/p>\n<p>Cut Meds 150 contient : Propionate de drostanolone \u2013 50 mg\/ml, Propionate de testost\u00e9rone \u2013 50 mg\/ml, Ac\u00e9tate de trenbolone \u2013 50 mg\/ml pour 1 ml de solution.<\/p>\n<p>Les d\u00e9butants devraient commencer avec une dose de 150 mg une fois par semaine. Les athl\u00e8tes plus avanc\u00e9s devraient utiliser 300 \u00e0 450 mg par semaine. Ce dosage assure une efficacit\u00e9 suffisante dans l\u2019organisme. Les athl\u00e8tes professionnels et les bodybuilders sont autoris\u00e9s \u00e0 utiliser 2 ml de ce m\u00e9dicament par jour.<\/p>\n<p>Le st\u00e9ro\u00efde peut \u00e9galement \u00eatre combin\u00e9 avec Turinabol , Methenolone, Oxandrolone, mais pour la plupart des gens, seul Cut Meds 150 est suffisant.<\/p>\n<p>Vous devriez consulter un sp\u00e9cialiste avant de commencer un traitement par le st\u00e9ro\u00efde Cut Meds 150.<\/p>\n<p>Effets secondaires potentiels<\/p>\n<p>Les effets secondaires les plus courants associ\u00e9s \u00e0 la prise de Cut Meds 150 sont l\u2019acn\u00e9, l\u2019arr\u00eat temporaire de la production de testost\u00e9rone et l\u2019augmentation des taux de cholest\u00e9rol de basse densit\u00e9. En outre, un athl\u00e8te devrait ajouter de la Cabergoline ou un m\u00e9dicament similaire au cours de ce m\u00e9dicament. Cela peut \u00e9liminer les effets n\u00e9gatifs provoqu\u00e9s par les r\u00e9actions progestatives.<\/p>\n<p>Cependant, il convient de rappeler que pour \u00e9viter les effets secondaires li\u00e9s \u00e0 la prise de ce m\u00e9dicament, il est recommand\u00e9 de recourir \u00e0 une th\u00e9rapie post-cyclique (PCT), en association avec du Tamoxif\u00e8ne ou du Clomif\u00e8ne, des boosters de testost\u00e9rone et des vitamines.<\/p>","protected":false},"excerpt":{"rendered":"<p>CUT &#8211; STACK 150mg \/ 10 Cut Meds 150 est un c\u00e9l\u00e8bre m\u00e9lange de trois st\u00e9ro\u00efdes \u2013 le propionate de<\/p>\n","protected":false},"featured_media":9361,"comment_status":"open","ping_status":"closed","template":"","meta":[],"product_brand":[],"product_cat":[69],"product_tag":[],"class_list":{"0":"post-9359","1":"product","2":"type-product","3":"status-publish","4":"has-post-thumbnail","6":"product_cat-esteroides_inyectables","8":"first","9":"outofstock","10":"sale","11":"shipping-taxable","12":"purchasable","13":"product-type-simple"},"yoast_head":"<!-- This site is optimized with the Yoast SEO Premium plugin v24.4 (Yoast SEO v27.3) - https:\/\/yoast.com\/product\/yoast-seo-premium-wordpress\/ -->\n<title>Cut Meds 150 - buy online at (Espa\u00f1ol) Esteroides en l\u00ednea<\/title>\n<meta name=\"description\" content=\"Cut Meds 150 is a famous blend of three steroids \u2013 Drostanolone Propionate, Testosterone Propionate and Trenbolone Acetate in injectable form.\" \/>\n<meta name=\"robots\" content=\"index, follow, max-snippet:-1, max-image-preview:large, max-video-preview:-1\" \/>\n<link rel=\"canonical\" href=\"https:\/\/iberoid.com\/fr\/product\/cut-meds-150\/\" \/>\n<meta property=\"og:locale\" content=\"fr_FR\" \/>\n<meta property=\"og:type\" content=\"article\" \/>\n<meta property=\"og:title\" content=\"Cut Meds 150\" \/>\n<meta property=\"og:description\" content=\"Cut Meds 150 is a famous blend of three steroids \u2013 Drostanolone Propionate, Testosterone Propionate and Trenbolone Acetate in injectable form.\" \/>\n<meta property=\"og:url\" content=\"https:\/\/iberoid.com\/fr\/product\/cut-meds-150\/\" \/>\n<meta property=\"og:site_name\" content=\"(Espa\u00f1ol) Esteroides en l\u00ednea\" \/>\n<meta property=\"article:modified_time\" content=\"2025-06-13T12:55:35+00:00\" \/>\n<meta property=\"og:image\" content=\"https:\/\/iberoid.com\/wp-content\/uploads\/2024\/04\/1cut.jpg?v=1713095473\" \/>\n\t<meta property=\"og:image:width\" content=\"2048\" \/>\n\t<meta property=\"og:image:height\" content=\"1536\" \/>\n\t<meta property=\"og:image:type\" content=\"image\/jpeg\" \/>\n<meta name=\"twitter:card\" content=\"summary_large_image\" \/>\n<meta name=\"twitter:label1\" content=\"Prix\" \/>\n\t<meta name=\"twitter:data1\" content=\"&euro;50.00\" \/>\n\t<meta name=\"twitter:label2\" content=\"Disponibilit\u00e9\" \/>\n\t<meta name=\"twitter:data2\" content=\"Rupture de stock\" \/>\n<script type=\"application\/ld+json\" class=\"yoast-schema-graph\">{\"@context\":\"https:\\\/\\\/schema.org\",\"@graph\":[{\"@type\":\"WebPage\",\"@id\":\"https:\\\/\\\/iberoid.com\\\/fr\\\/product\\\/cut-meds-150\\\/\",\"url\":\"https:\\\/\\\/iberoid.com\\\/fr\\\/product\\\/cut-meds-150\\\/\",\"name\":\"Cut Meds 150 - buy online at (Espa\u00f1ol) Esteroides en l\u00ednea\",\"isPartOf\":{\"@id\":\"https:\\\/\\\/iberoid.com\\\/fr\\\/#website\"},\"primaryImageOfPage\":{\"@id\":\"https:\\\/\\\/iberoid.com\\\/fr\\\/product\\\/cut-meds-150\\\/#primaryimage\"},\"image\":{\"@id\":\"https:\\\/\\\/iberoid.com\\\/fr\\\/product\\\/cut-meds-150\\\/#primaryimage\"},\"thumbnailUrl\":\"https:\\\/\\\/iberoid.com\\\/wp-content\\\/uploads\\\/2024\\\/04\\\/1cut.jpg?v=1713095473\",\"datePublished\":\"2024-04-14T11:51:37+00:00\",\"dateModified\":\"2025-06-13T12:55:35+00:00\",\"description\":\"Cut Meds 150 is a famous blend of three steroids \u2013 Drostanolone Propionate, Testosterone Propionate and Trenbolone Acetate in injectable form.\",\"breadcrumb\":{\"@id\":\"https:\\\/\\\/iberoid.com\\\/fr\\\/product\\\/cut-meds-150\\\/#breadcrumb\"},\"inLanguage\":\"fr-FR\",\"potentialAction\":[{\"@type\":\"ReadAction\",\"target\":[[\"https:\\\/\\\/iberoid.com\\\/fr\\\/product\\\/cut-meds-150\\\/\"]]}]},{\"@type\":\"ImageObject\",\"inLanguage\":\"fr-FR\",\"@id\":\"https:\\\/\\\/iberoid.com\\\/fr\\\/product\\\/cut-meds-150\\\/#primaryimage\",\"url\":\"https:\\\/\\\/iberoid.com\\\/wp-content\\\/uploads\\\/2024\\\/04\\\/1cut.jpg?v=1713095473\",\"contentUrl\":\"https:\\\/\\\/iberoid.com\\\/wp-content\\\/uploads\\\/2024\\\/04\\\/1cut.jpg?v=1713095473\",\"width\":2048,\"height\":1536,\"caption\":\"Cut Meds 150\"},{\"@type\":\"BreadcrumbList\",\"@id\":\"https:\\\/\\\/iberoid.com\\\/fr\\\/product\\\/cut-meds-150\\\/#breadcrumb\",\"itemListElement\":[{\"@type\":\"ListItem\",\"position\":1,\"name\":\"Portada\",\"item\":\"https:\\\/\\\/iberoid.com\\\/fr\\\/\"},{\"@type\":\"ListItem\",\"position\":2,\"name\":\"Magasin\",\"item\":\"https:\\\/\\\/iberoid.com\\\/fr\\\/shop\\\/\"},{\"@type\":\"ListItem\",\"position\":3,\"name\":\"Cut Meds 150\"}]},{\"@type\":\"WebSite\",\"@id\":\"https:\\\/\\\/iberoid.com\\\/fr\\\/#website\",\"url\":\"https:\\\/\\\/iberoid.com\\\/fr\\\/\",\"name\":\"(Espa\u00f1ol) Esteroides en l\u00ednea\",\"description\":\"(Espa\u00f1ol) Comprar esteroides en l\u00ednea hoy en Espa\u00f1a y Portugal. Tenemos el mejor servicio al cliente en la industria y los productos de la m\u00e1s alta calidad\",\"potentialAction\":[{\"@type\":\"SearchAction\",\"target\":{\"@type\":\"EntryPoint\",\"urlTemplate\":\"https:\\\/\\\/iberoid.com\\\/fr\\\/?s={search_term_string}\"},\"query-input\":{\"@type\":\"PropertyValueSpecification\",\"valueRequired\":true,\"valueName\":\"search_term_string\"}}],\"inLanguage\":\"fr-FR\"}]}<\/script>\n<meta property=\"product:brand\" content=\"Vitality Meds\" \/>\n<meta property=\"product:price:amount\" content=\"50.00\" \/>\n<meta property=\"product:price:currency\" content=\"EUR\" \/>\n<meta property=\"og:availability\" content=\"out of stock\" \/>\n<meta property=\"product:availability\" content=\"out of stock\" \/>\n<meta property=\"product:condition\" content=\"new\" \/>\n<!-- \/ Yoast SEO Premium plugin. -->","yoast_head_json":{"title":"Cut Meds 150 - buy online at (Espa\u00f1ol) Esteroides en l\u00ednea","description":"Cut Meds 150 is a famous blend of three steroids \u2013 Drostanolone Propionate, Testosterone Propionate and Trenbolone Acetate in injectable form.","robots":{"index":"index","follow":"follow","max-snippet":"max-snippet:-1","max-image-preview":"max-image-preview:large","max-video-preview":"max-video-preview:-1"},"canonical":"https:\/\/iberoid.com\/fr\/product\/cut-meds-150\/","og_locale":"fr_FR","og_type":"article","og_title":"Cut Meds 150","og_description":"Cut Meds 150 is a famous blend of three steroids \u2013 Drostanolone Propionate, Testosterone Propionate and Trenbolone Acetate in injectable form.","og_url":"https:\/\/iberoid.com\/fr\/product\/cut-meds-150\/","og_site_name":"(Espa\u00f1ol) Esteroides en l\u00ednea","article_modified_time":"2025-06-13T12:55:35+00:00","og_image":[{"width":2048,"height":1536,"url":"https:\/\/iberoid.com\/wp-content\/uploads\/2024\/04\/1cut.jpg?v=1713095473","type":"image\/jpeg"}],"twitter_card":"summary_large_image","twitter_misc":{"Prix":"&euro;50.00","Disponibilit\u00e9":"Rupture de stock"},"schema":{"@context":"https:\/\/schema.org","@graph":[{"@type":"WebPage","@id":"https:\/\/iberoid.com\/fr\/product\/cut-meds-150\/","url":"https:\/\/iberoid.com\/fr\/product\/cut-meds-150\/","name":"Cut Meds 150 - buy online at (Espa\u00f1ol) Esteroides en l\u00ednea","isPartOf":{"@id":"https:\/\/iberoid.com\/fr\/#website"},"primaryImageOfPage":{"@id":"https:\/\/iberoid.com\/fr\/product\/cut-meds-150\/#primaryimage"},"image":{"@id":"https:\/\/iberoid.com\/fr\/product\/cut-meds-150\/#primaryimage"},"thumbnailUrl":"https:\/\/iberoid.com\/wp-content\/uploads\/2024\/04\/1cut.jpg?v=1713095473","datePublished":"2024-04-14T11:51:37+00:00","dateModified":"2025-06-13T12:55:35+00:00","description":"Cut Meds 150 is a famous blend of three steroids \u2013 Drostanolone Propionate, Testosterone Propionate and Trenbolone Acetate in injectable form.","breadcrumb":{"@id":"https:\/\/iberoid.com\/fr\/product\/cut-meds-150\/#breadcrumb"},"inLanguage":"fr-FR","potentialAction":[{"@type":"ReadAction","target":[["https:\/\/iberoid.com\/fr\/product\/cut-meds-150\/"]]}]},{"@type":"ImageObject","inLanguage":"fr-FR","@id":"https:\/\/iberoid.com\/fr\/product\/cut-meds-150\/#primaryimage","url":"https:\/\/iberoid.com\/wp-content\/uploads\/2024\/04\/1cut.jpg?v=1713095473","contentUrl":"https:\/\/iberoid.com\/wp-content\/uploads\/2024\/04\/1cut.jpg?v=1713095473","width":2048,"height":1536,"caption":"Cut Meds 150"},{"@type":"BreadcrumbList","@id":"https:\/\/iberoid.com\/fr\/product\/cut-meds-150\/#breadcrumb","itemListElement":[{"@type":"ListItem","position":1,"name":"Portada","item":"https:\/\/iberoid.com\/fr\/"},{"@type":"ListItem","position":2,"name":"Magasin","item":"https:\/\/iberoid.com\/fr\/shop\/"},{"@type":"ListItem","position":3,"name":"Cut Meds 150"}]},{"@type":"WebSite","@id":"https:\/\/iberoid.com\/fr\/#website","url":"https:\/\/iberoid.com\/fr\/","name":"(Espa\u00f1ol) Esteroides en l\u00ednea","description":"(Espa\u00f1ol) Comprar esteroides en l\u00ednea hoy en Espa\u00f1a y Portugal. Tenemos el mejor servicio al cliente en la industria y los productos de la m\u00e1s alta calidad","potentialAction":[{"@type":"SearchAction","target":{"@type":"EntryPoint","urlTemplate":"https:\/\/iberoid.com\/fr\/?s={search_term_string}"},"query-input":{"@type":"PropertyValueSpecification","valueRequired":true,"valueName":"search_term_string"}}],"inLanguage":"fr-FR"}]},"product_brand":"Vitality Meds","product_price_amount":"50.00","product_price_currency":"EUR","og_availability":"out of stock","product_availability":"out of stock","product_condition":"new"},"_links":{"self":[{"href":"https:\/\/iberoid.com\/fr\/wp-json\/wp\/v2\/product\/9359","targetHints":{"allow":["GET"]}}],"collection":[{"href":"https:\/\/iberoid.com\/fr\/wp-json\/wp\/v2\/product"}],"about":[{"href":"https:\/\/iberoid.com\/fr\/wp-json\/wp\/v2\/types\/product"}],"replies":[{"embeddable":true,"href":"https:\/\/iberoid.com\/fr\/wp-json\/wp\/v2\/comments?post=9359"}],"wp:featuredmedia":[{"embeddable":true,"href":"https:\/\/iberoid.com\/fr\/wp-json\/wp\/v2\/media\/9361"}],"wp:attachment":[{"href":"https:\/\/iberoid.com\/fr\/wp-json\/wp\/v2\/media?parent=9359"}],"wp:term":[{"taxonomy":"product_brand","embeddable":true,"href":"https:\/\/iberoid.com\/fr\/wp-json\/wp\/v2\/product_brand?post=9359"},{"taxonomy":"product_cat","embeddable":true,"href":"https:\/\/iberoid.com\/fr\/wp-json\/wp\/v2\/product_cat?post=9359"},{"taxonomy":"product_tag","embeddable":true,"href":"https:\/\/iberoid.com\/fr\/wp-json\/wp\/v2\/product_tag?post=9359"}],"curies":[{"name":"wp","href":"https:\/\/api.w.org\/{rel}","templated":true}]}}