{"id":9365,"date":"2024-04-14T12:07:26","date_gmt":"2024-04-14T12:07:26","guid":{"rendered":"https:\/\/iberoid.com\/?post_type=product&#038;p=9365"},"modified":"2024-09-07T18:33:48","modified_gmt":"2024-09-07T18:33:48","slug":"cypio-meds-250-testosterone-cypionate","status":"publish","type":"product","link":"https:\/\/iberoid.com\/fr\/product\/cypio-meds-250-testosterone-cypionate\/","title":{"rendered":"Cypio Meds 250 (Testosterone cypionate)"},"content":{"rendered":"<p>TESTO &#8211; CYPIONATE 250mg \/ 10 ampoules<\/p>\n<p>Cypio Meds 250 (cypionate de testost\u00e9rone) est un long ester de testost\u00e9rone. La demi-vie de son composant actif est de 15 \u00e0 16 jours (la demi-vie efficace est de 6 \u00e0 8 jours). Ce st\u00e9ro\u00efde anabolisant est un injectable \u00e0 base d\u2019huile. En raison de sa demi-vie plus longue, l\u2019agent actif peut provoquer une r\u00e9tention d\u2019eau plus importante que les autres st\u00e9ro\u00efdes. Le Cypionate est <strong>souvent utilis\u00e9 pour la croissance musculaire dans le cadre de cycles mixtes.<\/strong><\/p>\n<p>Le cypionate de testost\u00e9rone agit en affectant les r\u00e9cepteurs anabolisants (comme tout autre ester de testost\u00e9rone). Il en r\u00e9sulte une meilleure conservation de l\u2019azote \u2013 le principal mat\u00e9riau de construction pour la production de prot\u00e9ines musculaires.<\/p>\n<p><strong>AVANTAGES DU CYPIONATE DE TESTOST\u00c9RONE<\/strong><\/p>\n<p>Cypio Meds 250 produit des effets similaires \u00e0 ceux de la testost\u00e9rone naturelle, la principale hormone sexuelle masculine responsable des capacit\u00e9s les plus \u00e9motionnelles et physiques d&rsquo;une personne. Il provoque une agression, stimule la croissance musculaire, am\u00e9liore la libido et donne lieu \u00e0 une voix plus rauque. Les principaux effets du st\u00e9ro\u00efde comprennent\u00a0:<\/p>\n<ul>\n<li><strong>D\u00e9veloppement rapide des muscles. <\/strong>Le processus d\u2019injection provoque une hydratation cellulaire importante et l\u2019eau est responsable d\u2019une part importante de la masse musculaire acquise. Cela rend les muscles plus attrayants, mais une fois le processus termin\u00e9, cela entra\u00eene des revers. Le liquide accumul\u00e9 repr\u00e9sente 1\/3 du d\u00e9veloppement total du muscle.<\/li>\n<li><strong>Meilleures performances de r\u00e9sistance.<\/strong><\/li>\n<li>D\u00e9veloppement accru des globules rouges. L&rsquo;augmentation de l&rsquo;oxyg\u00e8ne dans le sang permet <strong>un fonctionnement plus efficace des tissus musculaires <\/strong>, augmentant ainsi l&rsquo;endurance des athl\u00e8tes. L&rsquo;am\u00e9lioration du nombre de globules rouges facilite \u00e9galement une r\u00e9\u00e9ducation plus rapide apr\u00e8s un entra\u00eenement intensif.<\/li>\n<li><strong>Am\u00e9lioration de la libido et de la formation de spermatozo\u00efdes.<\/strong><\/li>\n<li>Meilleur m\u00e9tabolisme du phosphore.<\/li>\n<li>Le nombre de prot\u00e9ines produites d\u00e9passe souvent le nombre de mol\u00e9cules en d\u00e9composition, garantissant ainsi un bilan azot\u00e9 positif.<\/li>\n<\/ul>\n<p>Un seul cycle de m\u00e9dicament peut entra\u00eener une masse musculaire de 12 kg et une augmentation des performances de force de 10 \u00e0 15 pour cent. Le cypionate de testost\u00e9rone affecte et agrandit les fibres musculaires. Cela est d\u00fb aux processus physiologiques caract\u00e9ristiques du m\u00e9dicament. Le composant actif maintient les muscles acquis tout en supprimant l&rsquo;action des hormones glucocortico\u00efdes qui provoquent une atrophie musculaire naturelle (effets du catabolisme).<\/p>\n<p>Le principal inconv\u00e9nient de l\u2019utilisation du cypionate de testost\u00e9rone est sa tendance \u00e0 l\u2019aromatisation \u2013 la conversion de la testost\u00e9rone en \u0153strog\u00e8nes. Des caract\u00e9ristiques f\u00e9minines telles que la gyn\u00e9comastie (contraction et gonflement des tissus dans la r\u00e9gion du mamelon), le gonflement d\u00fb \u00e0 la r\u00e9tention d&rsquo;eau, l&rsquo;accumulation de graisse corporelle chez la femme (au niveau de l&rsquo;abdomen et de la hanche), la diminution de l&rsquo;activit\u00e9 sexuelle et l&rsquo;atrophie testiculaire peuvent commencer \u00e0 se manifester lorsqu&rsquo;une grande la quantit\u00e9 d&rsquo;oestrog\u00e8ne est observ\u00e9e dans le corps d&rsquo;un homme.<\/p>\n<p><strong>EFFETS SECONDAIRES POSSIBLES DE LA TESTOST\u00c9RONE CYPIONATE<\/strong><\/p>\n<p>Les effets ind\u00e9sirables li\u00e9s \u00e0 l\u2019utilisation du st\u00e9ro\u00efde injectable sont en fait androg\u00e8nes, comme en t\u00e9moigne la transformation rapide de la substance en forme active de dihydrotestost\u00e9rone. Un cycle m\u00e9dicamenteux peut entra\u00eener de l\u2019hypertension, une pousse excessive des poils (poils du corps et du visage), une chute des cheveux, une peau grasse, de l\u2019acn\u00e9. Les anti-\u0153strog\u00e8nes sont utilis\u00e9s pour inhiber la production d\u2019\u0153strog\u00e8nes. Par exemple, 10 mg de tamoxif\u00e8ne par jour \u00e0 partir de la deuxi\u00e8me semaine du cycle et jusqu&rsquo;\u00e0 2 semaines apr\u00e8s la fin du cycle d&rsquo;injection.<\/p>\n<p>Cependant, lors d&rsquo;un tel cycle, il est recommand\u00e9 d&rsquo;utiliser des inhibiteurs de l&rsquo;aromatase tels que le Proviron , l&rsquo;Anastrozole ou autres. Une fois l&rsquo;utilisation du cypionate termin\u00e9e, Proviron doit \u00eatre remplac\u00e9 par du tamoxif\u00e8ne pour restaurer la production naturelle de testost\u00e9rone. L&rsquo;utilisation d&rsquo;anti\u0153strog\u00e8nes entra\u00eene une diminution de la r\u00e9tention d&rsquo;eau dans les tissus musculaires et une diminution des risques de d\u00e9veloppement de gyn\u00e9comastie.<\/p>\n<p>Si la dur\u00e9e d&rsquo;utilisation du cypionate de testost\u00e9rone atteint 4 semaines, l&rsquo;utilisation de l&rsquo;hormone chorion gonadotrophique est prescrite \u00e0 raison de 500 UI une fois par semaine tout au long du cycle et 2 semaines apr\u00e8s la fin, \u00e0 partir de la semaine 3.<\/p>\n<p><strong>ADMINISTRATION ET POSOLOGIE DE LA TESTOST\u00c9RONE CYPIONATE<\/strong><\/p>\n<p>Les injections doivent \u00eatre effectu\u00e9es une fois par semaine. Les injections peuvent \u00eatre rendues moins r\u00e9guli\u00e8res en raison du temps d&rsquo;action du st\u00e9ro\u00efde, mais cela ne r\u00e9duira pas la concentration \u00e9lev\u00e9e et constante de l&rsquo;agent actif. Posologie recommand\u00e9e : 250-500 mg. L&rsquo;augmentation de la dose \u00e0 800 mg n&rsquo;intensifiera pas les effets anabolisants, mais entra\u00eenera des effets ind\u00e9sirables. La posologie hebdomadaire peut \u00eatre divis\u00e9e en deux admissions effectu\u00e9es \u00e0 des jours de semaine diff\u00e9rents. La dur\u00e9e du cycle est de 5 \u00e0 6 semaines.<\/p>","protected":false},"excerpt":{"rendered":"<p>TESTO &#8211; CYPIONATE 250mg \/ 10 ampoules Cypio Meds 250 (cypionate de testost\u00e9rone) est un long ester de testost\u00e9rone. La<\/p>\n","protected":false},"featured_media":9367,"comment_status":"open","ping_status":"closed","template":"","meta":[],"product_brand":[],"product_cat":[69],"product_tag":[],"class_list":{"0":"post-9365","1":"product","2":"type-product","3":"status-publish","4":"has-post-thumbnail","6":"product_cat-esteroides_inyectables","8":"first","9":"outofstock","10":"sale","11":"shipping-taxable","12":"purchasable","13":"product-type-simple"},"yoast_head":"<!-- This site is optimized with the Yoast SEO Premium plugin v24.4 (Yoast SEO v27.3) - https:\/\/yoast.com\/product\/yoast-seo-premium-wordpress\/ -->\n<title>Cypio Meds 250 (Testosterone cypionate) - buy online at (Espa\u00f1ol) Esteroides en l\u00ednea<\/title>\n<meta name=\"description\" content=\"Cypio Meds 250 (Testosterone cypionate) works by affecting the anabolic receptors (like any other testosterone ester). As a result, there is more nitrogen\" \/>\n<meta name=\"robots\" content=\"index, follow, max-snippet:-1, max-image-preview:large, max-video-preview:-1\" \/>\n<link rel=\"canonical\" href=\"https:\/\/iberoid.com\/fr\/product\/cypio-meds-250-testosterone-cypionate\/\" \/>\n<meta property=\"og:locale\" content=\"fr_FR\" \/>\n<meta property=\"og:type\" content=\"article\" \/>\n<meta property=\"og:title\" content=\"Cypio Meds 250 (Testosterone cypionate)\" \/>\n<meta property=\"og:description\" content=\"Cypio Meds 250 (Testosterone cypionate) works by affecting the anabolic receptors (like any other testosterone ester). As a result, there is more nitrogen\" \/>\n<meta property=\"og:url\" content=\"https:\/\/iberoid.com\/fr\/product\/cypio-meds-250-testosterone-cypionate\/\" \/>\n<meta property=\"og:site_name\" content=\"(Espa\u00f1ol) Esteroides en l\u00ednea\" \/>\n<meta property=\"article:modified_time\" content=\"2024-09-07T18:33:48+00:00\" \/>\n<meta property=\"og:image\" content=\"https:\/\/iberoid.com\/wp-content\/uploads\/2024\/04\/1cip.jpg?v=1713096439\" \/>\n\t<meta property=\"og:image:width\" content=\"2048\" \/>\n\t<meta property=\"og:image:height\" content=\"1457\" \/>\n\t<meta property=\"og:image:type\" content=\"image\/jpeg\" \/>\n<meta name=\"twitter:card\" content=\"summary_large_image\" \/>\n<meta name=\"twitter:label1\" content=\"Prix\" \/>\n\t<meta name=\"twitter:data1\" content=\"&euro;30.00\" \/>\n\t<meta name=\"twitter:label2\" content=\"Disponibilit\u00e9\" \/>\n\t<meta name=\"twitter:data2\" content=\"Rupture de stock\" \/>\n<script type=\"application\/ld+json\" class=\"yoast-schema-graph\">{\"@context\":\"https:\\\/\\\/schema.org\",\"@graph\":[{\"@type\":\"WebPage\",\"@id\":\"https:\\\/\\\/iberoid.com\\\/fr\\\/product\\\/cypio-meds-250-testosterone-cypionate\\\/\",\"url\":\"https:\\\/\\\/iberoid.com\\\/fr\\\/product\\\/cypio-meds-250-testosterone-cypionate\\\/\",\"name\":\"Cypio Meds 250 (Testosterone cypionate) - buy online at (Espa\u00f1ol) Esteroides en l\u00ednea\",\"isPartOf\":{\"@id\":\"https:\\\/\\\/iberoid.com\\\/fr\\\/#website\"},\"primaryImageOfPage\":{\"@id\":\"https:\\\/\\\/iberoid.com\\\/fr\\\/product\\\/cypio-meds-250-testosterone-cypionate\\\/#primaryimage\"},\"image\":{\"@id\":\"https:\\\/\\\/iberoid.com\\\/fr\\\/product\\\/cypio-meds-250-testosterone-cypionate\\\/#primaryimage\"},\"thumbnailUrl\":\"https:\\\/\\\/iberoid.com\\\/wp-content\\\/uploads\\\/2024\\\/04\\\/1cip.jpg?v=1713096439\",\"datePublished\":\"2024-04-14T12:07:26+00:00\",\"dateModified\":\"2024-09-07T18:33:48+00:00\",\"description\":\"Cypio Meds 250 (Testosterone cypionate) works by affecting the anabolic receptors (like any other testosterone ester). As a result, there is more nitrogen\",\"breadcrumb\":{\"@id\":\"https:\\\/\\\/iberoid.com\\\/fr\\\/product\\\/cypio-meds-250-testosterone-cypionate\\\/#breadcrumb\"},\"inLanguage\":\"fr-FR\",\"potentialAction\":[{\"@type\":\"ReadAction\",\"target\":[[\"https:\\\/\\\/iberoid.com\\\/fr\\\/product\\\/cypio-meds-250-testosterone-cypionate\\\/\"]]}]},{\"@type\":\"ImageObject\",\"inLanguage\":\"fr-FR\",\"@id\":\"https:\\\/\\\/iberoid.com\\\/fr\\\/product\\\/cypio-meds-250-testosterone-cypionate\\\/#primaryimage\",\"url\":\"https:\\\/\\\/iberoid.com\\\/wp-content\\\/uploads\\\/2024\\\/04\\\/1cip.jpg?v=1713096439\",\"contentUrl\":\"https:\\\/\\\/iberoid.com\\\/wp-content\\\/uploads\\\/2024\\\/04\\\/1cip.jpg?v=1713096439\",\"width\":2048,\"height\":1457,\"caption\":\"Cypio Meds 250 (Testosterone cypionate)\"},{\"@type\":\"BreadcrumbList\",\"@id\":\"https:\\\/\\\/iberoid.com\\\/fr\\\/product\\\/cypio-meds-250-testosterone-cypionate\\\/#breadcrumb\",\"itemListElement\":[{\"@type\":\"ListItem\",\"position\":1,\"name\":\"Portada\",\"item\":\"https:\\\/\\\/iberoid.com\\\/fr\\\/\"},{\"@type\":\"ListItem\",\"position\":2,\"name\":\"Magasin\",\"item\":\"https:\\\/\\\/iberoid.com\\\/fr\\\/shop\\\/\"},{\"@type\":\"ListItem\",\"position\":3,\"name\":\"Cypio Meds 250 (Testosterone cypionate)\"}]},{\"@type\":\"WebSite\",\"@id\":\"https:\\\/\\\/iberoid.com\\\/fr\\\/#website\",\"url\":\"https:\\\/\\\/iberoid.com\\\/fr\\\/\",\"name\":\"(Espa\u00f1ol) Esteroides en l\u00ednea\",\"description\":\"(Espa\u00f1ol) Comprar esteroides en l\u00ednea hoy en Espa\u00f1a y Portugal. Tenemos el mejor servicio al cliente en la industria y los productos de la m\u00e1s alta calidad\",\"potentialAction\":[{\"@type\":\"SearchAction\",\"target\":{\"@type\":\"EntryPoint\",\"urlTemplate\":\"https:\\\/\\\/iberoid.com\\\/fr\\\/?s={search_term_string}\"},\"query-input\":{\"@type\":\"PropertyValueSpecification\",\"valueRequired\":true,\"valueName\":\"search_term_string\"}}],\"inLanguage\":\"fr-FR\"}]}<\/script>\n<meta property=\"product:brand\" content=\"Vitality Meds\" \/>\n<meta property=\"product:price:amount\" content=\"30.00\" \/>\n<meta property=\"product:price:currency\" content=\"EUR\" \/>\n<meta property=\"og:availability\" content=\"out of stock\" \/>\n<meta property=\"product:availability\" content=\"out of stock\" \/>\n<meta property=\"product:condition\" content=\"new\" \/>\n<!-- \/ Yoast SEO Premium plugin. -->","yoast_head_json":{"title":"Cypio Meds 250 (Testosterone cypionate) - buy online at (Espa\u00f1ol) Esteroides en l\u00ednea","description":"Cypio Meds 250 (Testosterone cypionate) works by affecting the anabolic receptors (like any other testosterone ester). As a result, there is more nitrogen","robots":{"index":"index","follow":"follow","max-snippet":"max-snippet:-1","max-image-preview":"max-image-preview:large","max-video-preview":"max-video-preview:-1"},"canonical":"https:\/\/iberoid.com\/fr\/product\/cypio-meds-250-testosterone-cypionate\/","og_locale":"fr_FR","og_type":"article","og_title":"Cypio Meds 250 (Testosterone cypionate)","og_description":"Cypio Meds 250 (Testosterone cypionate) works by affecting the anabolic receptors (like any other testosterone ester). As a result, there is more nitrogen","og_url":"https:\/\/iberoid.com\/fr\/product\/cypio-meds-250-testosterone-cypionate\/","og_site_name":"(Espa\u00f1ol) Esteroides en l\u00ednea","article_modified_time":"2024-09-07T18:33:48+00:00","og_image":[{"width":2048,"height":1457,"url":"https:\/\/iberoid.com\/wp-content\/uploads\/2024\/04\/1cip.jpg?v=1713096439","type":"image\/jpeg"}],"twitter_card":"summary_large_image","twitter_misc":{"Prix":"&euro;30.00","Disponibilit\u00e9":"Rupture de stock"},"schema":{"@context":"https:\/\/schema.org","@graph":[{"@type":"WebPage","@id":"https:\/\/iberoid.com\/fr\/product\/cypio-meds-250-testosterone-cypionate\/","url":"https:\/\/iberoid.com\/fr\/product\/cypio-meds-250-testosterone-cypionate\/","name":"Cypio Meds 250 (Testosterone cypionate) - buy online at (Espa\u00f1ol) Esteroides en l\u00ednea","isPartOf":{"@id":"https:\/\/iberoid.com\/fr\/#website"},"primaryImageOfPage":{"@id":"https:\/\/iberoid.com\/fr\/product\/cypio-meds-250-testosterone-cypionate\/#primaryimage"},"image":{"@id":"https:\/\/iberoid.com\/fr\/product\/cypio-meds-250-testosterone-cypionate\/#primaryimage"},"thumbnailUrl":"https:\/\/iberoid.com\/wp-content\/uploads\/2024\/04\/1cip.jpg?v=1713096439","datePublished":"2024-04-14T12:07:26+00:00","dateModified":"2024-09-07T18:33:48+00:00","description":"Cypio Meds 250 (Testosterone cypionate) works by affecting the anabolic receptors (like any other testosterone ester). As a result, there is more nitrogen","breadcrumb":{"@id":"https:\/\/iberoid.com\/fr\/product\/cypio-meds-250-testosterone-cypionate\/#breadcrumb"},"inLanguage":"fr-FR","potentialAction":[{"@type":"ReadAction","target":[["https:\/\/iberoid.com\/fr\/product\/cypio-meds-250-testosterone-cypionate\/"]]}]},{"@type":"ImageObject","inLanguage":"fr-FR","@id":"https:\/\/iberoid.com\/fr\/product\/cypio-meds-250-testosterone-cypionate\/#primaryimage","url":"https:\/\/iberoid.com\/wp-content\/uploads\/2024\/04\/1cip.jpg?v=1713096439","contentUrl":"https:\/\/iberoid.com\/wp-content\/uploads\/2024\/04\/1cip.jpg?v=1713096439","width":2048,"height":1457,"caption":"Cypio Meds 250 (Testosterone cypionate)"},{"@type":"BreadcrumbList","@id":"https:\/\/iberoid.com\/fr\/product\/cypio-meds-250-testosterone-cypionate\/#breadcrumb","itemListElement":[{"@type":"ListItem","position":1,"name":"Portada","item":"https:\/\/iberoid.com\/fr\/"},{"@type":"ListItem","position":2,"name":"Magasin","item":"https:\/\/iberoid.com\/fr\/shop\/"},{"@type":"ListItem","position":3,"name":"Cypio Meds 250 (Testosterone cypionate)"}]},{"@type":"WebSite","@id":"https:\/\/iberoid.com\/fr\/#website","url":"https:\/\/iberoid.com\/fr\/","name":"(Espa\u00f1ol) Esteroides en l\u00ednea","description":"(Espa\u00f1ol) Comprar esteroides en l\u00ednea hoy en Espa\u00f1a y Portugal. Tenemos el mejor servicio al cliente en la industria y los productos de la m\u00e1s alta calidad","potentialAction":[{"@type":"SearchAction","target":{"@type":"EntryPoint","urlTemplate":"https:\/\/iberoid.com\/fr\/?s={search_term_string}"},"query-input":{"@type":"PropertyValueSpecification","valueRequired":true,"valueName":"search_term_string"}}],"inLanguage":"fr-FR"}]},"product_brand":"Vitality Meds","product_price_amount":"30.00","product_price_currency":"EUR","og_availability":"out of stock","product_availability":"out of stock","product_condition":"new"},"_links":{"self":[{"href":"https:\/\/iberoid.com\/fr\/wp-json\/wp\/v2\/product\/9365","targetHints":{"allow":["GET"]}}],"collection":[{"href":"https:\/\/iberoid.com\/fr\/wp-json\/wp\/v2\/product"}],"about":[{"href":"https:\/\/iberoid.com\/fr\/wp-json\/wp\/v2\/types\/product"}],"replies":[{"embeddable":true,"href":"https:\/\/iberoid.com\/fr\/wp-json\/wp\/v2\/comments?post=9365"}],"wp:featuredmedia":[{"embeddable":true,"href":"https:\/\/iberoid.com\/fr\/wp-json\/wp\/v2\/media\/9367"}],"wp:attachment":[{"href":"https:\/\/iberoid.com\/fr\/wp-json\/wp\/v2\/media?parent=9365"}],"wp:term":[{"taxonomy":"product_brand","embeddable":true,"href":"https:\/\/iberoid.com\/fr\/wp-json\/wp\/v2\/product_brand?post=9365"},{"taxonomy":"product_cat","embeddable":true,"href":"https:\/\/iberoid.com\/fr\/wp-json\/wp\/v2\/product_cat?post=9365"},{"taxonomy":"product_tag","embeddable":true,"href":"https:\/\/iberoid.com\/fr\/wp-json\/wp\/v2\/product_tag?post=9365"}],"curies":[{"name":"wp","href":"https:\/\/api.w.org\/{rel}","templated":true}]}}