{"id":9455,"date":"2024-05-26T11:30:52","date_gmt":"2024-05-26T11:30:52","guid":{"rendered":"https:\/\/iberoid.com\/?post_type=product&#038;p=9455"},"modified":"2025-05-11T13:11:40","modified_gmt":"2025-05-11T13:11:40","slug":"trenbolone-acetate","status":"publish","type":"product","link":"https:\/\/iberoid.com\/fr\/product\/trenbolone-acetate\/","title":{"rendered":"TRENBOLONE ACETATE"},"content":{"rendered":"<p><strong>L&rsquo;ac\u00e9tate de trenbolone <\/strong>est utilis\u00e9 pour traiter la prise de poids suite \u00e0 une intervention chirurgicale importante, une infection chronique ou un traumatisme grave. Ils l&rsquo;utilisent \u00e9galement pour minimiser la dystrophie musculaire caus\u00e9e par un traitement aux corticost\u00e9ro\u00efdes et pour r\u00e9duire les douleurs osseuses dues \u00e0 l&rsquo;ost\u00e9oporose. En tant que st\u00e9ro\u00efde anabolisant, l\u2019ac\u00e9tate de trenbolone provoque moins d\u2019effets secondaires. Il n\u2019aromatise pas et se lie tr\u00e8s efficacement aux r\u00e9cepteurs androg\u00e8nes.<\/p>\n<p>Ce m\u00e9dicament est un st\u00e9ro\u00efde \u00e0 action prolong\u00e9e, disponible sous forme injectable . Le m\u00e9tabolisme des prot\u00e9ines est fortement affect\u00e9 par ce m\u00e9dicament. <strong>L&rsquo;ac\u00e9tate de trenbolone <\/strong>aide \u00e0 favoriser la synth\u00e8se des prot\u00e9ines et \u00e9quilibre \u00e9galement le niveau d&rsquo;azote dans le corps. Le m\u00e9tabolisme est augment\u00e9 et am\u00e9liore la conversion des prot\u00e9ines.<\/p>\n<p><strong>Contre-indications :<\/strong><\/p>\n<p><strong>L&rsquo;ac\u00e9tate de trenbolone <\/strong>ne doit pas \u00eatre utilis\u00e9 si\u00a0:<\/p>\n<ul>\n<li>vous \u00eates allergique \u00e0 l\u2019un des ingr\u00e9dients du trenbolone<\/li>\n<li>si vous \u00eates enceinte, pr\u00e9voyez de donner naissance \u00e0 un enfant ou si vous allaitez<\/li>\n<li>vous avez un cancer du sein et \u00eates un homme\u00a0; cancer de la prostate connu ou suspect\u00e9\u00a0; ou de graves probl\u00e8mes cardiaques, h\u00e9patiques ou r\u00e9naux<\/li>\n<\/ul>\n<p><strong>Pr\u00e9cautions:<\/strong><\/p>\n<p>Le trenbolone ne doit pas \u00eatre utilis\u00e9 si\u00a0:<\/p>\n<ul>\n<li>Vous \u00eates allergique \u00e0 l\u2019un des ingr\u00e9dients du trenbolone<\/li>\n<li>Si vous \u00eates enceinte, envisagez de le devenir ou si vous allaitez<\/li>\n<li>Vous avez un cancer du sein et \u00eates un homme\u00a0;<\/li>\n<li>cancer de la prostate connu ou suspect\u00e9\u00a0; ou de graves probl\u00e8mes cardiaques, h\u00e9patiques ou r\u00e9naux<\/li>\n<\/ul>\n<p>Contactez imm\u00e9diatement votre m\u00e9decin ou votre fournisseur de soins de sant\u00e9 si l&rsquo;un de ces cas s&rsquo;applique \u00e0 vous.<\/p>\n<p><strong>Effets secondaires de l\u2019ac\u00e9tate de trenbolone\u00a0:<\/strong><\/p>\n<p>S\u2019il est administr\u00e9 \u00e0 une dose normale, <strong>l\u2019ac\u00e9tate de trenbolone <\/strong>ne peut pas provoquer d\u2019effets secondaires. Contactez votre m\u00e9decin si l&rsquo;un de ces effets secondaires persiste ou devient g\u00eanant\u00a0: Acn\u00e9\u00a0; go\u00fbt amer ou \u00e9trange en bouche\u00a0; changement dans la libido\u00a0; fatigue; irritation des gencives ou de la bouche\u00a0; douleur aux gencives; sensibilit\u00e9 ou gonflement des gencives\u00a0; chute de cheveux; mal de t\u00eate.<\/p>\n<p>Consultez imm\u00e9diatement un m\u00e9decin si l\u2019un de ces effets secondaires graves se produit\u00a0:<\/p>\n<p>Des r\u00e9actions allergiques graves, telles qu&rsquo;une \u00e9ruption cutan\u00e9e, de l&rsquo;urticaire, des d\u00e9mangeaisons, des difficult\u00e9s respiratoires, une oppression thoracique et un gonflement de la bouche, du visage, des l\u00e8vres ou de la langue, peuvent survenir. De plus, vous pourriez ressentir une croissance ou des douleurs mammaires, des changements dans la taille ou la forme des testicules, ainsi que des urines fonc\u00e9es ou des selles de couleur claire. De plus, des sympt\u00f4mes tels que d\u00e9pression ou changements d\u2019humeur, \u00e9tourdissements et gingivite peuvent survenir.<\/p>\n<p>De plus, vous pourriez ressentir une respiration interrompue pendant votre sommeil, une perte d\u2019app\u00e9tit, des naus\u00e9es et une \u00e9rection douloureuse ou prolong\u00e9e. De plus, vous pouvez ressentir des douleurs \u00e0 l\u2019estomac, un gonflement des chevilles ou des jambes, des probl\u00e8mes de miction et une prise de poids. Surveillez \u00e9galement le jaunissement de la peau ou des yeux.<\/p>\n<p>Chez les hommes et les femmes &#8211; progression de l&rsquo;ath\u00e9roscl\u00e9rose, \u0153d\u00e8me p\u00e9riph\u00e9rique, alt\u00e9ration de la fonction h\u00e9patique, modifications de la formule sanguine, douleurs des os tubulaires longs.<\/p>","protected":false},"excerpt":{"rendered":"<p>L&rsquo;ac\u00e9tate de trenbolone est utilis\u00e9 pour traiter la prise de poids suite \u00e0 une intervention chirurgicale importante, une infection chronique<\/p>\n","protected":false},"featured_media":9457,"comment_status":"open","ping_status":"closed","template":"","meta":[],"product_brand":[],"product_cat":[69],"product_tag":[],"class_list":{"0":"post-9455","1":"product","2":"type-product","3":"status-publish","4":"has-post-thumbnail","6":"product_cat-esteroides_inyectables","8":"first","9":"outofstock","10":"sale","11":"shipping-taxable","12":"purchasable","13":"product-type-simple"},"yoast_head":"<!-- This site is optimized with the Yoast SEO Premium plugin v24.4 (Yoast SEO v27.3) - https:\/\/yoast.com\/product\/yoast-seo-premium-wordpress\/ -->\n<title>TRENBOLONE ACETATE - (Espa\u00f1ol) Esteroides en l\u00ednea<\/title>\n<meta name=\"description\" content=\"Trenbolone Acetate is used to treat weight gain following extensive surgery, chronic infection, or severe trauma.\" \/>\n<meta name=\"robots\" content=\"index, follow, max-snippet:-1, max-image-preview:large, max-video-preview:-1\" \/>\n<link rel=\"canonical\" href=\"https:\/\/iberoid.com\/fr\/product\/trenbolone-acetate\/\" \/>\n<meta property=\"og:locale\" content=\"fr_FR\" \/>\n<meta property=\"og:type\" content=\"article\" \/>\n<meta property=\"og:title\" content=\"TRENBOLONE ACETATE\" \/>\n<meta property=\"og:description\" content=\"Trenbolone Acetate is used to treat weight gain following extensive surgery, chronic infection, or severe trauma.\" \/>\n<meta property=\"og:url\" content=\"https:\/\/iberoid.com\/fr\/product\/trenbolone-acetate\/\" \/>\n<meta property=\"og:site_name\" content=\"(Espa\u00f1ol) Esteroides en l\u00ednea\" \/>\n<meta property=\"article:modified_time\" content=\"2025-05-11T13:11:40+00:00\" \/>\n<meta property=\"og:image\" content=\"https:\/\/iberoid.com\/wp-content\/uploads\/2024\/05\/TA-scaled.jpg?v=1716723002\" \/>\n\t<meta property=\"og:image:width\" content=\"1588\" \/>\n\t<meta property=\"og:image:height\" content=\"2560\" \/>\n\t<meta property=\"og:image:type\" content=\"image\/jpeg\" \/>\n<meta name=\"twitter:card\" content=\"summary_large_image\" \/>\n<meta name=\"twitter:label1\" content=\"Prix\" \/>\n\t<meta name=\"twitter:data1\" content=\"&euro;45.00\" \/>\n\t<meta name=\"twitter:label2\" content=\"Disponibilit\u00e9\" \/>\n\t<meta name=\"twitter:data2\" content=\"Rupture de stock\" \/>\n<script type=\"application\/ld+json\" class=\"yoast-schema-graph\">{\"@context\":\"https:\\\/\\\/schema.org\",\"@graph\":[{\"@type\":\"WebPage\",\"@id\":\"https:\\\/\\\/iberoid.com\\\/fr\\\/product\\\/trenbolone-acetate\\\/\",\"url\":\"https:\\\/\\\/iberoid.com\\\/fr\\\/product\\\/trenbolone-acetate\\\/\",\"name\":\"TRENBOLONE ACETATE - (Espa\u00f1ol) Esteroides en l\u00ednea\",\"isPartOf\":{\"@id\":\"https:\\\/\\\/iberoid.com\\\/fr\\\/#website\"},\"primaryImageOfPage\":{\"@id\":\"https:\\\/\\\/iberoid.com\\\/fr\\\/product\\\/trenbolone-acetate\\\/#primaryimage\"},\"image\":{\"@id\":\"https:\\\/\\\/iberoid.com\\\/fr\\\/product\\\/trenbolone-acetate\\\/#primaryimage\"},\"thumbnailUrl\":\"https:\\\/\\\/iberoid.com\\\/wp-content\\\/uploads\\\/2024\\\/05\\\/TA-scaled.jpg?v=1716723002\",\"datePublished\":\"2024-05-26T11:30:52+00:00\",\"dateModified\":\"2025-05-11T13:11:40+00:00\",\"description\":\"Trenbolone Acetate is used to treat weight gain following extensive surgery, chronic infection, or severe trauma.\",\"breadcrumb\":{\"@id\":\"https:\\\/\\\/iberoid.com\\\/fr\\\/product\\\/trenbolone-acetate\\\/#breadcrumb\"},\"inLanguage\":\"fr-FR\",\"potentialAction\":[{\"@type\":\"ReadAction\",\"target\":[[\"https:\\\/\\\/iberoid.com\\\/fr\\\/product\\\/trenbolone-acetate\\\/\"]]}]},{\"@type\":\"ImageObject\",\"inLanguage\":\"fr-FR\",\"@id\":\"https:\\\/\\\/iberoid.com\\\/fr\\\/product\\\/trenbolone-acetate\\\/#primaryimage\",\"url\":\"https:\\\/\\\/iberoid.com\\\/wp-content\\\/uploads\\\/2024\\\/05\\\/TA-scaled.jpg?v=1716723002\",\"contentUrl\":\"https:\\\/\\\/iberoid.com\\\/wp-content\\\/uploads\\\/2024\\\/05\\\/TA-scaled.jpg?v=1716723002\",\"width\":1588,\"height\":2560,\"caption\":\"TRENBOLONE ACETATE\"},{\"@type\":\"BreadcrumbList\",\"@id\":\"https:\\\/\\\/iberoid.com\\\/fr\\\/product\\\/trenbolone-acetate\\\/#breadcrumb\",\"itemListElement\":[{\"@type\":\"ListItem\",\"position\":1,\"name\":\"Portada\",\"item\":\"https:\\\/\\\/iberoid.com\\\/fr\\\/\"},{\"@type\":\"ListItem\",\"position\":2,\"name\":\"Magasin\",\"item\":\"https:\\\/\\\/iberoid.com\\\/fr\\\/shop\\\/\"},{\"@type\":\"ListItem\",\"position\":3,\"name\":\"TRENBOLONE ACETATE\"}]},{\"@type\":\"WebSite\",\"@id\":\"https:\\\/\\\/iberoid.com\\\/fr\\\/#website\",\"url\":\"https:\\\/\\\/iberoid.com\\\/fr\\\/\",\"name\":\"(Espa\u00f1ol) Esteroides en l\u00ednea\",\"description\":\"(Espa\u00f1ol) Comprar esteroides en l\u00ednea hoy en Espa\u00f1a y Portugal. Tenemos el mejor servicio al cliente en la industria y los productos de la m\u00e1s alta calidad\",\"potentialAction\":[{\"@type\":\"SearchAction\",\"target\":{\"@type\":\"EntryPoint\",\"urlTemplate\":\"https:\\\/\\\/iberoid.com\\\/fr\\\/?s={search_term_string}\"},\"query-input\":{\"@type\":\"PropertyValueSpecification\",\"valueRequired\":true,\"valueName\":\"search_term_string\"}}],\"inLanguage\":\"fr-FR\"}]}<\/script>\n<meta property=\"product:price:amount\" content=\"45.00\" \/>\n<meta property=\"product:price:currency\" content=\"EUR\" \/>\n<meta property=\"og:availability\" content=\"out of stock\" \/>\n<meta property=\"product:availability\" content=\"out of stock\" \/>\n<meta property=\"product:condition\" content=\"new\" \/>\n<!-- \/ Yoast SEO Premium plugin. -->","yoast_head_json":{"title":"TRENBOLONE ACETATE - (Espa\u00f1ol) Esteroides en l\u00ednea","description":"Trenbolone Acetate is used to treat weight gain following extensive surgery, chronic infection, or severe trauma.","robots":{"index":"index","follow":"follow","max-snippet":"max-snippet:-1","max-image-preview":"max-image-preview:large","max-video-preview":"max-video-preview:-1"},"canonical":"https:\/\/iberoid.com\/fr\/product\/trenbolone-acetate\/","og_locale":"fr_FR","og_type":"article","og_title":"TRENBOLONE ACETATE","og_description":"Trenbolone Acetate is used to treat weight gain following extensive surgery, chronic infection, or severe trauma.","og_url":"https:\/\/iberoid.com\/fr\/product\/trenbolone-acetate\/","og_site_name":"(Espa\u00f1ol) Esteroides en l\u00ednea","article_modified_time":"2025-05-11T13:11:40+00:00","og_image":[{"width":1588,"height":2560,"url":"https:\/\/iberoid.com\/wp-content\/uploads\/2024\/05\/TA-scaled.jpg?v=1716723002","type":"image\/jpeg"}],"twitter_card":"summary_large_image","twitter_misc":{"Prix":"&euro;45.00","Disponibilit\u00e9":"Rupture de stock"},"schema":{"@context":"https:\/\/schema.org","@graph":[{"@type":"WebPage","@id":"https:\/\/iberoid.com\/fr\/product\/trenbolone-acetate\/","url":"https:\/\/iberoid.com\/fr\/product\/trenbolone-acetate\/","name":"TRENBOLONE ACETATE - (Espa\u00f1ol) Esteroides en l\u00ednea","isPartOf":{"@id":"https:\/\/iberoid.com\/fr\/#website"},"primaryImageOfPage":{"@id":"https:\/\/iberoid.com\/fr\/product\/trenbolone-acetate\/#primaryimage"},"image":{"@id":"https:\/\/iberoid.com\/fr\/product\/trenbolone-acetate\/#primaryimage"},"thumbnailUrl":"https:\/\/iberoid.com\/wp-content\/uploads\/2024\/05\/TA-scaled.jpg?v=1716723002","datePublished":"2024-05-26T11:30:52+00:00","dateModified":"2025-05-11T13:11:40+00:00","description":"Trenbolone Acetate is used to treat weight gain following extensive surgery, chronic infection, or severe trauma.","breadcrumb":{"@id":"https:\/\/iberoid.com\/fr\/product\/trenbolone-acetate\/#breadcrumb"},"inLanguage":"fr-FR","potentialAction":[{"@type":"ReadAction","target":[["https:\/\/iberoid.com\/fr\/product\/trenbolone-acetate\/"]]}]},{"@type":"ImageObject","inLanguage":"fr-FR","@id":"https:\/\/iberoid.com\/fr\/product\/trenbolone-acetate\/#primaryimage","url":"https:\/\/iberoid.com\/wp-content\/uploads\/2024\/05\/TA-scaled.jpg?v=1716723002","contentUrl":"https:\/\/iberoid.com\/wp-content\/uploads\/2024\/05\/TA-scaled.jpg?v=1716723002","width":1588,"height":2560,"caption":"TRENBOLONE ACETATE"},{"@type":"BreadcrumbList","@id":"https:\/\/iberoid.com\/fr\/product\/trenbolone-acetate\/#breadcrumb","itemListElement":[{"@type":"ListItem","position":1,"name":"Portada","item":"https:\/\/iberoid.com\/fr\/"},{"@type":"ListItem","position":2,"name":"Magasin","item":"https:\/\/iberoid.com\/fr\/shop\/"},{"@type":"ListItem","position":3,"name":"TRENBOLONE ACETATE"}]},{"@type":"WebSite","@id":"https:\/\/iberoid.com\/fr\/#website","url":"https:\/\/iberoid.com\/fr\/","name":"(Espa\u00f1ol) Esteroides en l\u00ednea","description":"(Espa\u00f1ol) Comprar esteroides en l\u00ednea hoy en Espa\u00f1a y Portugal. Tenemos el mejor servicio al cliente en la industria y los productos de la m\u00e1s alta calidad","potentialAction":[{"@type":"SearchAction","target":{"@type":"EntryPoint","urlTemplate":"https:\/\/iberoid.com\/fr\/?s={search_term_string}"},"query-input":{"@type":"PropertyValueSpecification","valueRequired":true,"valueName":"search_term_string"}}],"inLanguage":"fr-FR"}]},"product_price_amount":"45.00","product_price_currency":"EUR","og_availability":"out of stock","product_availability":"out of stock","product_condition":"new"},"_links":{"self":[{"href":"https:\/\/iberoid.com\/fr\/wp-json\/wp\/v2\/product\/9455","targetHints":{"allow":["GET"]}}],"collection":[{"href":"https:\/\/iberoid.com\/fr\/wp-json\/wp\/v2\/product"}],"about":[{"href":"https:\/\/iberoid.com\/fr\/wp-json\/wp\/v2\/types\/product"}],"replies":[{"embeddable":true,"href":"https:\/\/iberoid.com\/fr\/wp-json\/wp\/v2\/comments?post=9455"}],"wp:featuredmedia":[{"embeddable":true,"href":"https:\/\/iberoid.com\/fr\/wp-json\/wp\/v2\/media\/9457"}],"wp:attachment":[{"href":"https:\/\/iberoid.com\/fr\/wp-json\/wp\/v2\/media?parent=9455"}],"wp:term":[{"taxonomy":"product_brand","embeddable":true,"href":"https:\/\/iberoid.com\/fr\/wp-json\/wp\/v2\/product_brand?post=9455"},{"taxonomy":"product_cat","embeddable":true,"href":"https:\/\/iberoid.com\/fr\/wp-json\/wp\/v2\/product_cat?post=9455"},{"taxonomy":"product_tag","embeddable":true,"href":"https:\/\/iberoid.com\/fr\/wp-json\/wp\/v2\/product_tag?post=9455"}],"curies":[{"name":"wp","href":"https:\/\/api.w.org\/{rel}","templated":true}]}}