{"id":9565,"date":"2024-07-16T18:42:04","date_gmt":"2024-07-16T18:42:04","guid":{"rendered":"https:\/\/iberoid.com\/?post_type=product&#038;p=9565"},"modified":"2026-03-22T12:01:24","modified_gmt":"2026-03-22T12:01:24","slug":"halogen-halotestin","status":"publish","type":"product","link":"https:\/\/iberoid.com\/fr\/product\/halogen-halotestin\/","title":{"rendered":"HALOGEN ( Halotestin)\/2blisters\/24 tabletas"},"content":{"rendered":"<p>HALOGEN ( Halotestin) \/ fluoxymest\u00e9rone \/2&#215;12 comprim\u00e9s-24 comprim\u00e9s\/GOLD DRAGON<\/p>\n<p>HALOGEN ( Halotestin) ( fluoxymest\u00e9rone ) est une hormone m\u00e2le (androg\u00e8ne) utilis\u00e9e chez les hommes pour remplacer la testost\u00e9rone dans des affections associ\u00e9es \u00e0 des sympt\u00f4mes de d\u00e9ficit ou d&rsquo;absence de testost\u00e9rone endog\u00e8ne et pour traiter le retard de la pubert\u00e9. Certaines femmes peuvent \u00e9galement utiliser Halotestin pour pallier le cancer du sein r\u00e9current sensible aux androg\u00e8nes. Le nom de marque Halotestin a \u00e9t\u00e9 abandonn\u00e9, mais des versions g\u00e9n\u00e9riques peuvent \u00eatre disponibles.<\/p>\n<h4>Quels sont les effets secondaires de HALOGEN ( Halotestin )\u00a0?<\/h4>\n<p>Les effets secondaires courants de l\u2019Halotestin ( fluoxymest\u00e9rone ) comprennent\u00a0:<\/p>\n<ul>\n<li>naus\u00e9e<\/li>\n<li>vomissement<\/li>\n<li>mal de t\u00eate<\/li>\n<li>changements de couleur de peau<\/li>\n<li>int\u00e9r\u00eat sexuel accru\/diminu\u00e9<\/li>\n<li>la peau grasse<\/li>\n<li>la perte de cheveux, et<\/li>\n<li>acn\u00e9<\/li>\n<\/ul>\n<p>Informez votre m\u00e9decin si vous ressentez ces effets secondaires improbables mais graves\u00a0: anxi\u00e9t\u00e9, d\u00e9pression, col\u00e8re accrue. Les hommes doivent informer leur m\u00e9decin s&rsquo;ils ressentent des effets secondaires, notamment des difficult\u00e9s \u00e0 uriner, des \u00e9rections fr\u00e9quentes ou prolong\u00e9es ou un gonflement\/sensibilit\u00e9 des seins. Les femmes doivent informer leur m\u00e9decin si elles ressentent des effets secondaires, notamment une voix plus grave, une croissance inhabituelle des cheveux ou des r\u00e8gles irr\u00e9guli\u00e8res.<\/p>\n<p>Consultez un m\u00e9decin ou appelez imm\u00e9diatement le 911 si vous ressentez les effets secondaires graves suivants\u00a0:<\/p>\n<ul>\n<li>Sympt\u00f4mes oculaires graves tels qu&rsquo;une perte de vision soudaine, une vision floue, une vision tunnel, une douleur ou un gonflement oculaire ou la vision de halos autour des lumi\u00e8res\u00a0;<\/li>\n<li>Sympt\u00f4mes cardiaques graves tels que des battements de c\u0153ur rapides, irr\u00e9guliers ou battants\u00a0; flottant dans votre poitrine; essoufflement; et des \u00e9tourdissements soudains, des \u00e9tourdissements ou un \u00e9vanouissement\u00a0;<\/li>\n<li>Maux de t\u00eate s\u00e9v\u00e8res, confusion, troubles de l&rsquo;\u00e9locution, faiblesse des bras ou des jambes, difficult\u00e9s \u00e0 marcher, perte de coordination, sensation d&rsquo;instabilit\u00e9, muscles tr\u00e8s raides, forte fi\u00e8vre, transpiration abondante ou tremblements.<\/li>\n<\/ul>\n<p>Ce document ne contient pas tous les effets secondaires possibles et d&rsquo;autres peuvent survenir. V\u00e9rifiez aupr\u00e8s de votre m\u00e9decin pour plus d\u2019informations sur les effets secondaires.<\/p>\n<h4>Posologie pour HALOGEN ( Halotestin )<\/h4>\n<p>La posologie d&rsquo; Halotestin varie en fonction de l&rsquo;individu, de l&rsquo;affection trait\u00e9e et de sa gravit\u00e9. Vous pouvez administrer la dose orale quotidienne totale, une seule ou en doses fractionn\u00e9es (trois ou quatre).<\/p>","protected":false},"excerpt":{"rendered":"<p>HALOGEN ( Halotestin) \/ fluoxymest\u00e9rone \/2&#215;12 comprim\u00e9s-24 comprim\u00e9s\/GOLD DRAGON HALOGEN ( Halotestin) ( fluoxymest\u00e9rone ) est une hormone m\u00e2le (androg\u00e8ne)<\/p>\n","protected":false},"featured_media":9566,"comment_status":"open","ping_status":"closed","template":"","meta":[],"product_brand":[],"product_cat":[73,3533],"product_tag":[],"class_list":{"0":"post-9565","1":"product","2":"type-product","3":"status-publish","4":"has-post-thumbnail","6":"product_cat-ssteroides_orales","7":"product_cat-sales-rebajas","9":"first","10":"instock","11":"shipping-taxable","12":"purchasable","13":"product-type-simple"},"yoast_head":"<!-- This site is optimized with the Yoast SEO Premium plugin v24.4 (Yoast SEO v27.0) - https:\/\/yoast.com\/product\/yoast-seo-premium-wordpress\/ -->\n<title>HALOGEN ( Halotestin)\/2blisters\/24 tabletas - (Espa\u00f1ol) Esteroides en l\u00ednea<\/title>\n<meta name=\"description\" content=\"HALOGEN ( Halotestin) is a male hormone (androgen) used in men as replacement therapy in conditions associated with symptoms of deficiency or absence of\u00a0endogenous\u00a0testosterone, and in delayed puberty.\" \/>\n<meta name=\"robots\" content=\"index, follow, max-snippet:-1, max-image-preview:large, max-video-preview:-1\" \/>\n<link rel=\"canonical\" href=\"https:\/\/iberoid.com\/fr\/product\/halogen-halotestin\/\" \/>\n<meta property=\"og:locale\" content=\"fr_FR\" \/>\n<meta property=\"og:type\" content=\"article\" \/>\n<meta property=\"og:title\" content=\"HALOGEN ( Halotestin)\/2blisters\/24 tabletas\" \/>\n<meta property=\"og:description\" content=\"HALOGEN ( Halotestin) is a male hormone (androgen) used in men as replacement therapy in conditions associated with symptoms of deficiency or absence of\u00a0endogenous\u00a0testosterone, and in delayed puberty.\" \/>\n<meta property=\"og:url\" content=\"https:\/\/iberoid.com\/fr\/product\/halogen-halotestin\/\" \/>\n<meta property=\"og:site_name\" content=\"(Espa\u00f1ol) Esteroides en l\u00ednea\" \/>\n<meta property=\"article:modified_time\" content=\"2026-03-22T12:01:24+00:00\" \/>\n<meta property=\"og:image\" content=\"https:\/\/iberoid.com\/wp-content\/uploads\/2024\/07\/halo-24-scaled.jpg?v=1721155255\" \/>\n\t<meta property=\"og:image:width\" content=\"2560\" \/>\n\t<meta property=\"og:image:height\" content=\"2210\" \/>\n\t<meta property=\"og:image:type\" content=\"image\/jpeg\" \/>\n<meta name=\"twitter:card\" content=\"summary_large_image\" \/>\n<meta name=\"twitter:label1\" content=\"Prix\" \/>\n\t<meta name=\"twitter:data1\" content=\"&euro;25.00\" \/>\n\t<meta name=\"twitter:label2\" content=\"Disponibilit\u00e9\" \/>\n\t<meta name=\"twitter:data2\" content=\"En stock\" \/>\n<script type=\"application\/ld+json\" class=\"yoast-schema-graph\">{\"@context\":\"https:\/\/schema.org\",\"@graph\":[{\"@type\":\"WebPage\",\"@id\":\"https:\/\/iberoid.com\/fr\/product\/halogen-halotestin\/\",\"url\":\"https:\/\/iberoid.com\/fr\/product\/halogen-halotestin\/\",\"name\":\"HALOGEN ( Halotestin)\/2blisters\/24 tabletas - (Espa\u00f1ol) Esteroides en l\u00ednea\",\"isPartOf\":{\"@id\":\"https:\/\/iberoid-shop.com\/#website\"},\"primaryImageOfPage\":{\"@id\":\"https:\/\/iberoid.com\/fr\/product\/halogen-halotestin\/#primaryimage\"},\"image\":{\"@id\":\"https:\/\/iberoid.com\/fr\/product\/halogen-halotestin\/#primaryimage\"},\"thumbnailUrl\":\"https:\/\/iberoid.com\/wp-content\/uploads\/2024\/07\/halo-24-scaled.jpg?v=1721155255\",\"datePublished\":\"2024-07-16T18:42:04+00:00\",\"dateModified\":\"2026-03-22T12:01:24+00:00\",\"description\":\"HALOGEN ( Halotestin) is a male hormone (androgen) used in men as replacement therapy in conditions associated with symptoms of deficiency or absence of\u00a0endogenous\u00a0testosterone, and in delayed puberty.\",\"breadcrumb\":{\"@id\":\"https:\/\/iberoid.com\/fr\/product\/halogen-halotestin\/#breadcrumb\"},\"inLanguage\":\"fr-FR\",\"potentialAction\":[{\"@type\":\"ReadAction\",\"target\":[[\"https:\/\/iberoid.com\/fr\/product\/halogen-halotestin\/\"]]}]},{\"@type\":\"ImageObject\",\"inLanguage\":\"fr-FR\",\"@id\":\"https:\/\/iberoid.com\/fr\/product\/halogen-halotestin\/#primaryimage\",\"url\":\"https:\/\/iberoid.com\/wp-content\/uploads\/2024\/07\/halo-24-scaled.jpg?v=1721155255\",\"contentUrl\":\"https:\/\/iberoid.com\/wp-content\/uploads\/2024\/07\/halo-24-scaled.jpg?v=1721155255\",\"width\":2560,\"height\":2210,\"caption\":\"HALOGEN ( Halotestin)\"},{\"@type\":\"BreadcrumbList\",\"@id\":\"https:\/\/iberoid.com\/fr\/product\/halogen-halotestin\/#breadcrumb\",\"itemListElement\":[{\"@type\":\"ListItem\",\"position\":1,\"name\":\"Portada\",\"item\":\"https:\/\/iberoid.com\/fr\/\"},{\"@type\":\"ListItem\",\"position\":2,\"name\":\"Magasin\",\"item\":\"https:\/\/iberoid.com\/fr\/shop\/\"},{\"@type\":\"ListItem\",\"position\":3,\"name\":\"HALOGEN ( Halotestin)\/2blisters\/24 tabletas\"}]},{\"@type\":\"WebSite\",\"@id\":\"https:\/\/iberoid-shop.com\/#website\",\"url\":\"https:\/\/iberoid-shop.com\/\",\"name\":\"(Espa\u00f1ol) Esteroides en l\u00ednea\",\"description\":\"(Espa\u00f1ol) Comprar esteroides en l\u00ednea hoy en Espa\u00f1a y Portugal. Tenemos el mejor servicio al cliente en la industria y los productos de la m\u00e1s alta calidad\",\"potentialAction\":[{\"@type\":\"SearchAction\",\"target\":{\"@type\":\"EntryPoint\",\"urlTemplate\":\"https:\/\/iberoid-shop.com\/?s={search_term_string}\"},\"query-input\":{\"@type\":\"PropertyValueSpecification\",\"valueRequired\":true,\"valueName\":\"search_term_string\"}}],\"inLanguage\":\"fr-FR\"}]}<\/script>\n<meta property=\"product:brand\" content=\"Gold Dragon LLC.\" \/>\n<meta property=\"product:price:amount\" content=\"25.00\" \/>\n<meta property=\"product:price:currency\" content=\"EUR\" \/>\n<meta property=\"og:availability\" content=\"instock\" \/>\n<meta property=\"product:availability\" content=\"instock\" \/>\n<meta property=\"product:condition\" content=\"new\" \/>\n<!-- \/ Yoast SEO Premium plugin. -->","yoast_head_json":{"title":"HALOGEN ( Halotestin)\/2blisters\/24 tabletas - (Espa\u00f1ol) Esteroides en l\u00ednea","description":"HALOGEN ( Halotestin) is a male hormone (androgen) used in men as replacement therapy in conditions associated with symptoms of deficiency or absence of\u00a0endogenous\u00a0testosterone, and in delayed puberty.","robots":{"index":"index","follow":"follow","max-snippet":"max-snippet:-1","max-image-preview":"max-image-preview:large","max-video-preview":"max-video-preview:-1"},"canonical":"https:\/\/iberoid.com\/fr\/product\/halogen-halotestin\/","og_locale":"fr_FR","og_type":"article","og_title":"HALOGEN ( Halotestin)\/2blisters\/24 tabletas","og_description":"HALOGEN ( Halotestin) is a male hormone (androgen) used in men as replacement therapy in conditions associated with symptoms of deficiency or absence of\u00a0endogenous\u00a0testosterone, and in delayed puberty.","og_url":"https:\/\/iberoid.com\/fr\/product\/halogen-halotestin\/","og_site_name":"(Espa\u00f1ol) Esteroides en l\u00ednea","article_modified_time":"2026-03-22T12:01:24+00:00","og_image":[{"width":2560,"height":2210,"url":"https:\/\/iberoid.com\/wp-content\/uploads\/2024\/07\/halo-24-scaled.jpg?v=1721155255","type":"image\/jpeg"}],"twitter_card":"summary_large_image","twitter_misc":{"Prix":"&euro;25.00","Disponibilit\u00e9":"En stock"},"schema":{"@context":"https:\/\/schema.org","@graph":[{"@type":"WebPage","@id":"https:\/\/iberoid.com\/fr\/product\/halogen-halotestin\/","url":"https:\/\/iberoid.com\/fr\/product\/halogen-halotestin\/","name":"HALOGEN ( Halotestin)\/2blisters\/24 tabletas - (Espa\u00f1ol) Esteroides en l\u00ednea","isPartOf":{"@id":"https:\/\/iberoid-shop.com\/#website"},"primaryImageOfPage":{"@id":"https:\/\/iberoid.com\/fr\/product\/halogen-halotestin\/#primaryimage"},"image":{"@id":"https:\/\/iberoid.com\/fr\/product\/halogen-halotestin\/#primaryimage"},"thumbnailUrl":"https:\/\/iberoid.com\/wp-content\/uploads\/2024\/07\/halo-24-scaled.jpg?v=1721155255","datePublished":"2024-07-16T18:42:04+00:00","dateModified":"2026-03-22T12:01:24+00:00","description":"HALOGEN ( Halotestin) is a male hormone (androgen) used in men as replacement therapy in conditions associated with symptoms of deficiency or absence of\u00a0endogenous\u00a0testosterone, and in delayed puberty.","breadcrumb":{"@id":"https:\/\/iberoid.com\/fr\/product\/halogen-halotestin\/#breadcrumb"},"inLanguage":"fr-FR","potentialAction":[{"@type":"ReadAction","target":[["https:\/\/iberoid.com\/fr\/product\/halogen-halotestin\/"]]}]},{"@type":"ImageObject","inLanguage":"fr-FR","@id":"https:\/\/iberoid.com\/fr\/product\/halogen-halotestin\/#primaryimage","url":"https:\/\/iberoid.com\/wp-content\/uploads\/2024\/07\/halo-24-scaled.jpg?v=1721155255","contentUrl":"https:\/\/iberoid.com\/wp-content\/uploads\/2024\/07\/halo-24-scaled.jpg?v=1721155255","width":2560,"height":2210,"caption":"HALOGEN ( Halotestin)"},{"@type":"BreadcrumbList","@id":"https:\/\/iberoid.com\/fr\/product\/halogen-halotestin\/#breadcrumb","itemListElement":[{"@type":"ListItem","position":1,"name":"Portada","item":"https:\/\/iberoid.com\/fr\/"},{"@type":"ListItem","position":2,"name":"Magasin","item":"https:\/\/iberoid.com\/fr\/shop\/"},{"@type":"ListItem","position":3,"name":"HALOGEN ( Halotestin)\/2blisters\/24 tabletas"}]},{"@type":"WebSite","@id":"https:\/\/iberoid-shop.com\/#website","url":"https:\/\/iberoid-shop.com\/","name":"(Espa\u00f1ol) Esteroides en l\u00ednea","description":"(Espa\u00f1ol) Comprar esteroides en l\u00ednea hoy en Espa\u00f1a y Portugal. Tenemos el mejor servicio al cliente en la industria y los productos de la m\u00e1s alta calidad","potentialAction":[{"@type":"SearchAction","target":{"@type":"EntryPoint","urlTemplate":"https:\/\/iberoid-shop.com\/?s={search_term_string}"},"query-input":{"@type":"PropertyValueSpecification","valueRequired":true,"valueName":"search_term_string"}}],"inLanguage":"fr-FR"}]},"product_brand":"Gold Dragon LLC.","product_price_amount":"25.00","product_price_currency":"EUR","og_availability":"instock","product_availability":"instock","product_condition":"new"},"_links":{"self":[{"href":"https:\/\/iberoid.com\/fr\/wp-json\/wp\/v2\/product\/9565","targetHints":{"allow":["GET"]}}],"collection":[{"href":"https:\/\/iberoid.com\/fr\/wp-json\/wp\/v2\/product"}],"about":[{"href":"https:\/\/iberoid.com\/fr\/wp-json\/wp\/v2\/types\/product"}],"replies":[{"embeddable":true,"href":"https:\/\/iberoid.com\/fr\/wp-json\/wp\/v2\/comments?post=9565"}],"wp:featuredmedia":[{"embeddable":true,"href":"https:\/\/iberoid.com\/fr\/wp-json\/wp\/v2\/media\/9566"}],"wp:attachment":[{"href":"https:\/\/iberoid.com\/fr\/wp-json\/wp\/v2\/media?parent=9565"}],"wp:term":[{"taxonomy":"product_brand","embeddable":true,"href":"https:\/\/iberoid.com\/fr\/wp-json\/wp\/v2\/product_brand?post=9565"},{"taxonomy":"product_cat","embeddable":true,"href":"https:\/\/iberoid.com\/fr\/wp-json\/wp\/v2\/product_cat?post=9565"},{"taxonomy":"product_tag","embeddable":true,"href":"https:\/\/iberoid.com\/fr\/wp-json\/wp\/v2\/product_tag?post=9565"}],"curies":[{"name":"wp","href":"https:\/\/api.w.org\/{rel}","templated":true}]}}