{"id":9576,"date":"2024-07-28T18:32:21","date_gmt":"2024-07-28T18:32:21","guid":{"rendered":"https:\/\/iberoid.com\/?post_type=product&#038;p=9576"},"modified":"2025-12-14T10:20:09","modified_gmt":"2025-12-14T10:20:09","slug":"primobolan-depot","status":"publish","type":"product","link":"https:\/\/iberoid.com\/fr\/product\/primobolan-depot\/","title":{"rendered":"PRIMOBOLAN DEPOT"},"content":{"rendered":"<p><strong>PRIMOBOLAN DEPOT \/1x1ml <\/strong>est utilis\u00e9 pour traiter les troubles de la synth\u00e8se prot\u00e9ique, la cachexie de causes diverses, les traumatismes, les br\u00fblures \u00e9tendues apr\u00e8s irradiation et les maladies infectieuses, la dystrophie musculaire, l&rsquo;ost\u00e9oporose, le bilan azot\u00e9 n\u00e9gatif issu d&rsquo;une corticoth\u00e9rapie et l&rsquo;an\u00e9mie hypo- ou aplasique.<\/p>\n<p><strong>Contre-indications :<\/strong><\/p>\n<p>Les patients souffrant d&rsquo;hypersensibilit\u00e9, de cancer de la prostate, de cancer du sein (chez les hommes ou les femmes pr\u00e9sentant une hypercalc\u00e9mie), d&rsquo;IPC, d&rsquo;ath\u00e9roscl\u00e9rose s\u00e9v\u00e8re, de syndrome n\u00e9phrotique, de maladie du foie, de n\u00e9phrite, de grossesse ou d&rsquo;allaitement doivent \u00e9viter ce m\u00e9dicament.<\/p>\n<p><strong>Administration de PRIMOBOLAN D\u00c9P\u00d4T\u00a0:<\/strong><\/p>\n<p>Administrer 1 ml du m\u00e9dicament par voie intramusculaire profonde toutes les 2 semaines. Apr\u00e8s avoir obtenu le r\u00e9sultat souhait\u00e9, vous pouvez passer \u00e0 l&rsquo;administration de 1 ml toutes les 3 \u00e0 4 semaines.<\/p>\n<p><strong>Action m\u00e9dicale :<\/strong><\/p>\n<p>La m\u00e9th\u00e9nolone est un st\u00e9ro\u00efde anabolisant qui stimule la synth\u00e8se de l&rsquo;ADN, de l&rsquo;ARN et des prot\u00e9ines en stimulant l&rsquo;appareil g\u00e9n\u00e9tique de la cellule. Il am\u00e9liore \u00e9galement la respiration des tissus et, en outre, stimule la phosphorylation oxydative, la synth\u00e8se d&rsquo;ATP et l&rsquo;agr\u00e9gation des macror\u00e9gions intracellulaires . Il stimule les processus anabolisants et inhibe le processus catabolique provoqu\u00e9 par les glucocortico\u00efdes. L&rsquo;administration de m\u00e9th\u00e9nolone entra\u00eene une augmentation de la masse musculaire, r\u00e9duit les amas graisseux, am\u00e9liore les tissus trophiques, favorise le d\u00e9p\u00f4t de calcium dans les os, retient le sodium et l&rsquo;eau dans le corps. L&rsquo;augmentation de la synth\u00e8se de l&rsquo;\u00e9rythropo\u00ef\u00e9tine d\u00e9termine l&rsquo;action h\u00e9matopo\u00ef\u00e9tique. L&rsquo;action androg\u00e8ne peut contribuer au d\u00e9veloppement des caract\u00e8res sexuels secondaires masculins.<\/p>\n<p><strong>Effets secondaires:<\/strong><\/p>\n<ul>\n<li>chez la femme &#8211; sympt\u00f4mes virilisants, troubles du cycle menstruel.<\/li>\n<li>chez les hommes, le m\u00e9dicament peut provoquer des sympt\u00f4mes de virilisation pr\u00e9pub\u00e8re et un arr\u00eat de la croissance, tandis qu&rsquo;apr\u00e8s la pubert\u00e9, il peut entra\u00eener une gyn\u00e9comastie, un priapisme et une inhibition de la spermatogen\u00e8se.<\/li>\n<li>chez les hommes et les femmes, elle peut faire progresser l&rsquo;ath\u00e9roscl\u00e9rose, provoquer un \u0153d\u00e8me p\u00e9riph\u00e9rique, alt\u00e9rer la fonction h\u00e9patique, modifier la formule sanguine et provoquer des douleurs dans les os tubulaires longs.<\/li>\n<\/ul>\n<p><strong>Surdosage\u00a0:<\/strong><\/p>\n<p>Les m\u00e9decins n&rsquo;ont signal\u00e9 aucun cas de surdosage.<\/p>","protected":false},"excerpt":{"rendered":"<p>PRIMOBOLAN DEPOT \/1x1ml est utilis\u00e9 pour traiter les troubles de la synth\u00e8se prot\u00e9ique, la cachexie de causes diverses, les traumatismes,<\/p>\n","protected":false},"featured_media":9577,"comment_status":"open","ping_status":"closed","template":"","meta":[],"product_brand":[],"product_cat":[69],"product_tag":[],"class_list":{"0":"post-9576","1":"product","2":"type-product","3":"status-publish","4":"has-post-thumbnail","6":"product_cat-esteroides_inyectables","8":"first","9":"outofstock","10":"sale","11":"shipping-taxable","12":"purchasable","13":"product-type-simple"},"yoast_head":"<!-- This site is optimized with the Yoast SEO Premium plugin v24.4 (Yoast SEO v27.3) - https:\/\/yoast.com\/product\/yoast-seo-premium-wordpress\/ -->\n<title>PRIMOBOLAN DEPOT - (Espa\u00f1ol) Esteroides en l\u00ednea<\/title>\n<meta name=\"description\" content=\"PRIMOBOLAN DEPOT is used in the treatment of protein synthesis disorders, cachexia of diverse genesis; trauma, extensive burns after irradiation and\" \/>\n<meta name=\"robots\" content=\"index, follow, max-snippet:-1, max-image-preview:large, max-video-preview:-1\" \/>\n<link rel=\"canonical\" href=\"https:\/\/iberoid.com\/fr\/product\/primobolan-depot\/\" \/>\n<meta property=\"og:locale\" content=\"fr_FR\" \/>\n<meta property=\"og:type\" content=\"article\" \/>\n<meta property=\"og:title\" content=\"PRIMOBOLAN DEPOT\" \/>\n<meta property=\"og:description\" content=\"PRIMOBOLAN DEPOT is used in the treatment of protein synthesis disorders, cachexia of diverse genesis; trauma, extensive burns after irradiation and\" \/>\n<meta property=\"og:url\" content=\"https:\/\/iberoid.com\/fr\/product\/primobolan-depot\/\" \/>\n<meta property=\"og:site_name\" content=\"(Espa\u00f1ol) Esteroides en l\u00ednea\" \/>\n<meta property=\"article:modified_time\" content=\"2025-12-14T10:20:09+00:00\" \/>\n<meta property=\"og:image\" content=\"https:\/\/iberoid.com\/wp-content\/uploads\/2024\/07\/primobolan-depot.jpg?v=1722191506\" \/>\n\t<meta property=\"og:image:width\" content=\"800\" \/>\n\t<meta property=\"og:image:height\" content=\"800\" \/>\n\t<meta property=\"og:image:type\" content=\"image\/jpeg\" \/>\n<meta name=\"twitter:card\" content=\"summary_large_image\" \/>\n<meta name=\"twitter:label1\" content=\"Prix\" \/>\n\t<meta name=\"twitter:data1\" content=\"&euro;10.00\" \/>\n\t<meta name=\"twitter:label2\" content=\"Disponibilit\u00e9\" \/>\n\t<meta name=\"twitter:data2\" content=\"Rupture de stock\" \/>\n<script type=\"application\/ld+json\" class=\"yoast-schema-graph\">{\"@context\":\"https:\\\/\\\/schema.org\",\"@graph\":[{\"@type\":\"WebPage\",\"@id\":\"https:\\\/\\\/iberoid.com\\\/fr\\\/product\\\/primobolan-depot\\\/\",\"url\":\"https:\\\/\\\/iberoid.com\\\/fr\\\/product\\\/primobolan-depot\\\/\",\"name\":\"PRIMOBOLAN DEPOT - (Espa\u00f1ol) Esteroides en l\u00ednea\",\"isPartOf\":{\"@id\":\"https:\\\/\\\/iberoid.com\\\/fr\\\/#website\"},\"primaryImageOfPage\":{\"@id\":\"https:\\\/\\\/iberoid.com\\\/fr\\\/product\\\/primobolan-depot\\\/#primaryimage\"},\"image\":{\"@id\":\"https:\\\/\\\/iberoid.com\\\/fr\\\/product\\\/primobolan-depot\\\/#primaryimage\"},\"thumbnailUrl\":\"https:\\\/\\\/iberoid.com\\\/wp-content\\\/uploads\\\/2024\\\/07\\\/primobolan-depot.jpg?v=1722191506\",\"datePublished\":\"2024-07-28T18:32:21+00:00\",\"dateModified\":\"2025-12-14T10:20:09+00:00\",\"description\":\"PRIMOBOLAN DEPOT is used in the treatment of protein synthesis disorders, cachexia of diverse genesis; trauma, extensive burns after irradiation and\",\"breadcrumb\":{\"@id\":\"https:\\\/\\\/iberoid.com\\\/fr\\\/product\\\/primobolan-depot\\\/#breadcrumb\"},\"inLanguage\":\"fr-FR\",\"potentialAction\":[{\"@type\":\"ReadAction\",\"target\":[[\"https:\\\/\\\/iberoid.com\\\/fr\\\/product\\\/primobolan-depot\\\/\"]]}]},{\"@type\":\"ImageObject\",\"inLanguage\":\"fr-FR\",\"@id\":\"https:\\\/\\\/iberoid.com\\\/fr\\\/product\\\/primobolan-depot\\\/#primaryimage\",\"url\":\"https:\\\/\\\/iberoid.com\\\/wp-content\\\/uploads\\\/2024\\\/07\\\/primobolan-depot.jpg?v=1722191506\",\"contentUrl\":\"https:\\\/\\\/iberoid.com\\\/wp-content\\\/uploads\\\/2024\\\/07\\\/primobolan-depot.jpg?v=1722191506\",\"width\":800,\"height\":800,\"caption\":\"PRIMOBOLAN DEPOT\"},{\"@type\":\"BreadcrumbList\",\"@id\":\"https:\\\/\\\/iberoid.com\\\/fr\\\/product\\\/primobolan-depot\\\/#breadcrumb\",\"itemListElement\":[{\"@type\":\"ListItem\",\"position\":1,\"name\":\"Portada\",\"item\":\"https:\\\/\\\/iberoid.com\\\/fr\\\/\"},{\"@type\":\"ListItem\",\"position\":2,\"name\":\"Magasin\",\"item\":\"https:\\\/\\\/iberoid.com\\\/fr\\\/shop\\\/\"},{\"@type\":\"ListItem\",\"position\":3,\"name\":\"PRIMOBOLAN DEPOT\"}]},{\"@type\":\"WebSite\",\"@id\":\"https:\\\/\\\/iberoid.com\\\/fr\\\/#website\",\"url\":\"https:\\\/\\\/iberoid.com\\\/fr\\\/\",\"name\":\"(Espa\u00f1ol) Esteroides en l\u00ednea\",\"description\":\"(Espa\u00f1ol) Comprar esteroides en l\u00ednea hoy en Espa\u00f1a y Portugal. Tenemos el mejor servicio al cliente en la industria y los productos de la m\u00e1s alta calidad\",\"potentialAction\":[{\"@type\":\"SearchAction\",\"target\":{\"@type\":\"EntryPoint\",\"urlTemplate\":\"https:\\\/\\\/iberoid.com\\\/fr\\\/?s={search_term_string}\"},\"query-input\":{\"@type\":\"PropertyValueSpecification\",\"valueRequired\":true,\"valueName\":\"search_term_string\"}}],\"inLanguage\":\"fr-FR\"}]}<\/script>\n<meta property=\"product:brand\" content=\"Bayer\" \/>\n<meta property=\"product:price:amount\" content=\"10.00\" \/>\n<meta property=\"product:price:currency\" content=\"EUR\" \/>\n<meta property=\"og:availability\" content=\"out of stock\" \/>\n<meta property=\"product:availability\" content=\"out of stock\" \/>\n<meta property=\"product:condition\" content=\"new\" \/>\n<!-- \/ Yoast SEO Premium plugin. -->","yoast_head_json":{"title":"PRIMOBOLAN DEPOT - (Espa\u00f1ol) Esteroides en l\u00ednea","description":"PRIMOBOLAN DEPOT is used in the treatment of protein synthesis disorders, cachexia of diverse genesis; trauma, extensive burns after irradiation and","robots":{"index":"index","follow":"follow","max-snippet":"max-snippet:-1","max-image-preview":"max-image-preview:large","max-video-preview":"max-video-preview:-1"},"canonical":"https:\/\/iberoid.com\/fr\/product\/primobolan-depot\/","og_locale":"fr_FR","og_type":"article","og_title":"PRIMOBOLAN DEPOT","og_description":"PRIMOBOLAN DEPOT is used in the treatment of protein synthesis disorders, cachexia of diverse genesis; trauma, extensive burns after irradiation and","og_url":"https:\/\/iberoid.com\/fr\/product\/primobolan-depot\/","og_site_name":"(Espa\u00f1ol) Esteroides en l\u00ednea","article_modified_time":"2025-12-14T10:20:09+00:00","og_image":[{"width":800,"height":800,"url":"https:\/\/iberoid.com\/wp-content\/uploads\/2024\/07\/primobolan-depot.jpg?v=1722191506","type":"image\/jpeg"}],"twitter_card":"summary_large_image","twitter_misc":{"Prix":"&euro;10.00","Disponibilit\u00e9":"Rupture de stock"},"schema":{"@context":"https:\/\/schema.org","@graph":[{"@type":"WebPage","@id":"https:\/\/iberoid.com\/fr\/product\/primobolan-depot\/","url":"https:\/\/iberoid.com\/fr\/product\/primobolan-depot\/","name":"PRIMOBOLAN DEPOT - (Espa\u00f1ol) Esteroides en l\u00ednea","isPartOf":{"@id":"https:\/\/iberoid.com\/fr\/#website"},"primaryImageOfPage":{"@id":"https:\/\/iberoid.com\/fr\/product\/primobolan-depot\/#primaryimage"},"image":{"@id":"https:\/\/iberoid.com\/fr\/product\/primobolan-depot\/#primaryimage"},"thumbnailUrl":"https:\/\/iberoid.com\/wp-content\/uploads\/2024\/07\/primobolan-depot.jpg?v=1722191506","datePublished":"2024-07-28T18:32:21+00:00","dateModified":"2025-12-14T10:20:09+00:00","description":"PRIMOBOLAN DEPOT is used in the treatment of protein synthesis disorders, cachexia of diverse genesis; trauma, extensive burns after irradiation and","breadcrumb":{"@id":"https:\/\/iberoid.com\/fr\/product\/primobolan-depot\/#breadcrumb"},"inLanguage":"fr-FR","potentialAction":[{"@type":"ReadAction","target":[["https:\/\/iberoid.com\/fr\/product\/primobolan-depot\/"]]}]},{"@type":"ImageObject","inLanguage":"fr-FR","@id":"https:\/\/iberoid.com\/fr\/product\/primobolan-depot\/#primaryimage","url":"https:\/\/iberoid.com\/wp-content\/uploads\/2024\/07\/primobolan-depot.jpg?v=1722191506","contentUrl":"https:\/\/iberoid.com\/wp-content\/uploads\/2024\/07\/primobolan-depot.jpg?v=1722191506","width":800,"height":800,"caption":"PRIMOBOLAN DEPOT"},{"@type":"BreadcrumbList","@id":"https:\/\/iberoid.com\/fr\/product\/primobolan-depot\/#breadcrumb","itemListElement":[{"@type":"ListItem","position":1,"name":"Portada","item":"https:\/\/iberoid.com\/fr\/"},{"@type":"ListItem","position":2,"name":"Magasin","item":"https:\/\/iberoid.com\/fr\/shop\/"},{"@type":"ListItem","position":3,"name":"PRIMOBOLAN DEPOT"}]},{"@type":"WebSite","@id":"https:\/\/iberoid.com\/fr\/#website","url":"https:\/\/iberoid.com\/fr\/","name":"(Espa\u00f1ol) Esteroides en l\u00ednea","description":"(Espa\u00f1ol) Comprar esteroides en l\u00ednea hoy en Espa\u00f1a y Portugal. Tenemos el mejor servicio al cliente en la industria y los productos de la m\u00e1s alta calidad","potentialAction":[{"@type":"SearchAction","target":{"@type":"EntryPoint","urlTemplate":"https:\/\/iberoid.com\/fr\/?s={search_term_string}"},"query-input":{"@type":"PropertyValueSpecification","valueRequired":true,"valueName":"search_term_string"}}],"inLanguage":"fr-FR"}]},"product_brand":"Bayer","product_price_amount":"10.00","product_price_currency":"EUR","og_availability":"out of stock","product_availability":"out of stock","product_condition":"new"},"_links":{"self":[{"href":"https:\/\/iberoid.com\/fr\/wp-json\/wp\/v2\/product\/9576","targetHints":{"allow":["GET"]}}],"collection":[{"href":"https:\/\/iberoid.com\/fr\/wp-json\/wp\/v2\/product"}],"about":[{"href":"https:\/\/iberoid.com\/fr\/wp-json\/wp\/v2\/types\/product"}],"replies":[{"embeddable":true,"href":"https:\/\/iberoid.com\/fr\/wp-json\/wp\/v2\/comments?post=9576"}],"wp:featuredmedia":[{"embeddable":true,"href":"https:\/\/iberoid.com\/fr\/wp-json\/wp\/v2\/media\/9577"}],"wp:attachment":[{"href":"https:\/\/iberoid.com\/fr\/wp-json\/wp\/v2\/media?parent=9576"}],"wp:term":[{"taxonomy":"product_brand","embeddable":true,"href":"https:\/\/iberoid.com\/fr\/wp-json\/wp\/v2\/product_brand?post=9576"},{"taxonomy":"product_cat","embeddable":true,"href":"https:\/\/iberoid.com\/fr\/wp-json\/wp\/v2\/product_cat?post=9576"},{"taxonomy":"product_tag","embeddable":true,"href":"https:\/\/iberoid.com\/fr\/wp-json\/wp\/v2\/product_tag?post=9576"}],"curies":[{"name":"wp","href":"https:\/\/api.w.org\/{rel}","templated":true}]}}