{"id":9578,"date":"2024-07-28T18:35:40","date_gmt":"2024-07-28T18:35:40","guid":{"rendered":"https:\/\/iberoid.com\/?post_type=product&#038;p=9578"},"modified":"2026-01-11T17:38:42","modified_gmt":"2026-01-11T17:38:42","slug":"sustanon-aspen","status":"publish","type":"product","link":"https:\/\/iberoid.com\/fr\/product\/sustanon-aspen\/","title":{"rendered":"SUSTANON ASPEN"},"content":{"rendered":"<p><strong>SUSTANON ASPEN \/ 1x1ml<\/strong><\/p>\n<p>Chaque ml contient les \u00e9l\u00e9ments suivants\u00a0:<\/p>\n<ul>\n<li>Testosterone Propionate BP 30\u00a0mg,<\/li>\n<li>Testosterone Phenylpropionate BP 60\u00a0mg,<\/li>\n<li>Testosterone Isocaproate BP 60\u00a0mg et<\/li>\n<li>Testosterone Decanoate BP 100\u00a0mg<\/li>\n<\/ul>\n<p>L&rsquo;und\u00e9canoate de testost\u00e9rone est un ester d&rsquo;acide gras de l&rsquo;hormone naturelle testost\u00e9rone. Apr\u00e8s administration orale, il est co-absorb\u00e9 avec l&rsquo;huile de ricin de l&rsquo;intestin vers le syst\u00e8me lymphatique, contournant ainsi le syst\u00e8me h\u00e9patique pour \u00e9viter l&rsquo;inactivation de la testost\u00e9rone par le foie.<\/p>\n<p>Du syst\u00e8me lymphatique, il est lib\u00e9r\u00e9 dans le sang par une veine. Une seule administration de Testanon 250 augmente la testost\u00e9rone plasmatique totale. \u00c0 l&rsquo;int\u00e9rieur de la cellule, cette hormone passe par le processus de synth\u00e8se des prot\u00e9ines et traduit ainsi la prot\u00e9ine structurelle et l&rsquo;enzyme requises.<\/p>\n<p>Les avantages g\u00e9n\u00e9raux de l&rsquo;utilisation de Sustanon 250 pendant un cycle sont les m\u00eames que ceux de l&rsquo;utilisation de n&rsquo;importe quelle testost\u00e9rone, plus quelques bonus suppl\u00e9mentaires dus au m\u00e9lange d&rsquo;esters. Sustanon peut \u00eatre utilis\u00e9 moins souvent que d&rsquo;autres versions de testost\u00e9rone tout en b\u00e9n\u00e9ficiant des principaux avantages. Des avantages tels qu&rsquo;une augmentation de la masse musculaire, une augmentation de la force, une augmentation de la libido et une meilleure r\u00e9cup\u00e9ration apr\u00e8s chaque s\u00e9ance d&rsquo;entra\u00eenement.<\/p>\n<p>\u00c9tant donn\u00e9 que SUSTANON ASPEN est compos\u00e9 de quatre cha\u00eenes d&rsquo;esters diff\u00e9rentes qui se lib\u00e8rent \u00e0 des moments diff\u00e9rents, l&rsquo;utilisateur ne subit pas le m\u00eame pic brutal et la m\u00eame baisse brutale par rapport aux autres esters. La constance des niveaux de testost\u00e9rone aide \u00e0 minimiser les risques de pics d&rsquo;\u0153strog\u00e8nes et de suppression s\u00e9v\u00e8re de l&rsquo;axe hypothalamo-hypophyso-gonadique (HPTA).<\/p>","protected":false},"excerpt":{"rendered":"<p>SUSTANON ASPEN \/ 1x1ml Chaque ml contient les \u00e9l\u00e9ments suivants\u00a0: Testosterone Propionate BP 30\u00a0mg, Testosterone Phenylpropionate BP 60\u00a0mg, Testosterone Isocaproate<\/p>\n","protected":false},"featured_media":9579,"comment_status":"open","ping_status":"closed","template":"","meta":[],"product_brand":[],"product_cat":[69],"product_tag":[],"class_list":{"0":"post-9578","1":"product","2":"type-product","3":"status-publish","4":"has-post-thumbnail","6":"product_cat-esteroides_inyectables","8":"first","9":"outofstock","10":"shipping-taxable","11":"purchasable","12":"product-type-simple"},"yoast_head":"<!-- This site is optimized with the Yoast SEO Premium plugin v24.4 (Yoast SEO v27.3) - https:\/\/yoast.com\/product\/yoast-seo-premium-wordpress\/ -->\n<title>SUSTANON ASPEN - (Espa\u00f1ol) Esteroides en l\u00ednea<\/title>\n<meta name=\"description\" content=\"SUSTANON ASPEN contains the following: Testosterone Propionate ,Testosterone Phenylpropionate BP ,Testosterone Isocaproate and Testosterone Decanoate BP\" \/>\n<meta name=\"robots\" content=\"index, follow, max-snippet:-1, max-image-preview:large, max-video-preview:-1\" \/>\n<link rel=\"canonical\" href=\"https:\/\/iberoid.com\/fr\/product\/sustanon-aspen\/\" \/>\n<meta property=\"og:locale\" content=\"fr_FR\" \/>\n<meta property=\"og:type\" content=\"article\" \/>\n<meta property=\"og:title\" content=\"SUSTANON ASPEN\" \/>\n<meta property=\"og:description\" content=\"SUSTANON ASPEN contains the following: Testosterone Propionate ,Testosterone Phenylpropionate BP ,Testosterone Isocaproate and Testosterone Decanoate BP\" \/>\n<meta property=\"og:url\" content=\"https:\/\/iberoid.com\/fr\/product\/sustanon-aspen\/\" \/>\n<meta property=\"og:site_name\" content=\"(Espa\u00f1ol) Esteroides en l\u00ednea\" \/>\n<meta property=\"article:modified_time\" content=\"2026-01-11T17:38:42+00:00\" \/>\n<meta property=\"og:image\" content=\"https:\/\/iberoid.com\/wp-content\/uploads\/2024\/07\/susta-aspen.jpeg?v=1722191606\" \/>\n\t<meta property=\"og:image:width\" content=\"1413\" \/>\n\t<meta property=\"og:image:height\" content=\"1413\" \/>\n\t<meta property=\"og:image:type\" content=\"image\/jpeg\" \/>\n<meta name=\"twitter:card\" content=\"summary_large_image\" \/>\n<meta name=\"twitter:label1\" content=\"Prix\" \/>\n\t<meta name=\"twitter:data1\" content=\"&euro;10.00\" \/>\n\t<meta name=\"twitter:label2\" content=\"Disponibilit\u00e9\" \/>\n\t<meta name=\"twitter:data2\" content=\"Rupture de stock\" \/>\n<script type=\"application\/ld+json\" class=\"yoast-schema-graph\">{\"@context\":\"https:\\\/\\\/schema.org\",\"@graph\":[{\"@type\":\"WebPage\",\"@id\":\"https:\\\/\\\/iberoid.com\\\/fr\\\/product\\\/sustanon-aspen\\\/\",\"url\":\"https:\\\/\\\/iberoid.com\\\/fr\\\/product\\\/sustanon-aspen\\\/\",\"name\":\"SUSTANON ASPEN - (Espa\u00f1ol) Esteroides en l\u00ednea\",\"isPartOf\":{\"@id\":\"https:\\\/\\\/iberoid-shop.com\\\/#website\"},\"primaryImageOfPage\":{\"@id\":\"https:\\\/\\\/iberoid.com\\\/fr\\\/product\\\/sustanon-aspen\\\/#primaryimage\"},\"image\":{\"@id\":\"https:\\\/\\\/iberoid.com\\\/fr\\\/product\\\/sustanon-aspen\\\/#primaryimage\"},\"thumbnailUrl\":\"https:\\\/\\\/iberoid.com\\\/wp-content\\\/uploads\\\/2024\\\/07\\\/susta-aspen.jpeg?v=1722191606\",\"datePublished\":\"2024-07-28T18:35:40+00:00\",\"dateModified\":\"2026-01-11T17:38:42+00:00\",\"description\":\"SUSTANON ASPEN contains the following: Testosterone Propionate ,Testosterone Phenylpropionate BP ,Testosterone Isocaproate and Testosterone Decanoate BP\",\"breadcrumb\":{\"@id\":\"https:\\\/\\\/iberoid.com\\\/fr\\\/product\\\/sustanon-aspen\\\/#breadcrumb\"},\"inLanguage\":\"fr-FR\",\"potentialAction\":[{\"@type\":\"ReadAction\",\"target\":[[\"https:\\\/\\\/iberoid.com\\\/fr\\\/product\\\/sustanon-aspen\\\/\"]]}]},{\"@type\":\"ImageObject\",\"inLanguage\":\"fr-FR\",\"@id\":\"https:\\\/\\\/iberoid.com\\\/fr\\\/product\\\/sustanon-aspen\\\/#primaryimage\",\"url\":\"https:\\\/\\\/iberoid.com\\\/wp-content\\\/uploads\\\/2024\\\/07\\\/susta-aspen.jpeg?v=1722191606\",\"contentUrl\":\"https:\\\/\\\/iberoid.com\\\/wp-content\\\/uploads\\\/2024\\\/07\\\/susta-aspen.jpeg?v=1722191606\",\"width\":1413,\"height\":1413,\"caption\":\"SUSTANON ASPEN\"},{\"@type\":\"BreadcrumbList\",\"@id\":\"https:\\\/\\\/iberoid.com\\\/fr\\\/product\\\/sustanon-aspen\\\/#breadcrumb\",\"itemListElement\":[{\"@type\":\"ListItem\",\"position\":1,\"name\":\"Portada\",\"item\":\"https:\\\/\\\/iberoid.com\\\/fr\\\/\"},{\"@type\":\"ListItem\",\"position\":2,\"name\":\"Magasin\",\"item\":\"https:\\\/\\\/iberoid.com\\\/fr\\\/shop\\\/\"},{\"@type\":\"ListItem\",\"position\":3,\"name\":\"SUSTANON ASPEN\"}]},{\"@type\":\"WebSite\",\"@id\":\"https:\\\/\\\/iberoid-shop.com\\\/#website\",\"url\":\"https:\\\/\\\/iberoid-shop.com\\\/\",\"name\":\"(Espa\u00f1ol) Esteroides en l\u00ednea\",\"description\":\"(Espa\u00f1ol) Comprar esteroides en l\u00ednea hoy en Espa\u00f1a y Portugal. Tenemos el mejor servicio al cliente en la industria y los productos de la m\u00e1s alta calidad\",\"potentialAction\":[{\"@type\":\"SearchAction\",\"target\":{\"@type\":\"EntryPoint\",\"urlTemplate\":\"https:\\\/\\\/iberoid-shop.com\\\/?s={search_term_string}\"},\"query-input\":{\"@type\":\"PropertyValueSpecification\",\"valueRequired\":true,\"valueName\":\"search_term_string\"}}],\"inLanguage\":\"fr-FR\"}]}<\/script>\n<meta property=\"product:brand\" content=\"ASPEN\" \/>\n<meta property=\"product:price:amount\" content=\"10.00\" \/>\n<meta property=\"product:price:currency\" content=\"EUR\" \/>\n<meta property=\"og:availability\" content=\"out of stock\" \/>\n<meta property=\"product:availability\" content=\"out of stock\" \/>\n<meta property=\"product:condition\" content=\"new\" \/>\n<!-- \/ Yoast SEO Premium plugin. -->","yoast_head_json":{"title":"SUSTANON ASPEN - (Espa\u00f1ol) Esteroides en l\u00ednea","description":"SUSTANON ASPEN contains the following: Testosterone Propionate ,Testosterone Phenylpropionate BP ,Testosterone Isocaproate and Testosterone Decanoate BP","robots":{"index":"index","follow":"follow","max-snippet":"max-snippet:-1","max-image-preview":"max-image-preview:large","max-video-preview":"max-video-preview:-1"},"canonical":"https:\/\/iberoid.com\/fr\/product\/sustanon-aspen\/","og_locale":"fr_FR","og_type":"article","og_title":"SUSTANON ASPEN","og_description":"SUSTANON ASPEN contains the following: Testosterone Propionate ,Testosterone Phenylpropionate BP ,Testosterone Isocaproate and Testosterone Decanoate BP","og_url":"https:\/\/iberoid.com\/fr\/product\/sustanon-aspen\/","og_site_name":"(Espa\u00f1ol) Esteroides en l\u00ednea","article_modified_time":"2026-01-11T17:38:42+00:00","og_image":[{"width":1413,"height":1413,"url":"https:\/\/iberoid.com\/wp-content\/uploads\/2024\/07\/susta-aspen.jpeg?v=1722191606","type":"image\/jpeg"}],"twitter_card":"summary_large_image","twitter_misc":{"Prix":"&euro;10.00","Disponibilit\u00e9":"Rupture de stock"},"schema":{"@context":"https:\/\/schema.org","@graph":[{"@type":"WebPage","@id":"https:\/\/iberoid.com\/fr\/product\/sustanon-aspen\/","url":"https:\/\/iberoid.com\/fr\/product\/sustanon-aspen\/","name":"SUSTANON ASPEN - (Espa\u00f1ol) Esteroides en l\u00ednea","isPartOf":{"@id":"https:\/\/iberoid-shop.com\/#website"},"primaryImageOfPage":{"@id":"https:\/\/iberoid.com\/fr\/product\/sustanon-aspen\/#primaryimage"},"image":{"@id":"https:\/\/iberoid.com\/fr\/product\/sustanon-aspen\/#primaryimage"},"thumbnailUrl":"https:\/\/iberoid.com\/wp-content\/uploads\/2024\/07\/susta-aspen.jpeg?v=1722191606","datePublished":"2024-07-28T18:35:40+00:00","dateModified":"2026-01-11T17:38:42+00:00","description":"SUSTANON ASPEN contains the following: Testosterone Propionate ,Testosterone Phenylpropionate BP ,Testosterone Isocaproate and Testosterone Decanoate BP","breadcrumb":{"@id":"https:\/\/iberoid.com\/fr\/product\/sustanon-aspen\/#breadcrumb"},"inLanguage":"fr-FR","potentialAction":[{"@type":"ReadAction","target":[["https:\/\/iberoid.com\/fr\/product\/sustanon-aspen\/"]]}]},{"@type":"ImageObject","inLanguage":"fr-FR","@id":"https:\/\/iberoid.com\/fr\/product\/sustanon-aspen\/#primaryimage","url":"https:\/\/iberoid.com\/wp-content\/uploads\/2024\/07\/susta-aspen.jpeg?v=1722191606","contentUrl":"https:\/\/iberoid.com\/wp-content\/uploads\/2024\/07\/susta-aspen.jpeg?v=1722191606","width":1413,"height":1413,"caption":"SUSTANON ASPEN"},{"@type":"BreadcrumbList","@id":"https:\/\/iberoid.com\/fr\/product\/sustanon-aspen\/#breadcrumb","itemListElement":[{"@type":"ListItem","position":1,"name":"Portada","item":"https:\/\/iberoid.com\/fr\/"},{"@type":"ListItem","position":2,"name":"Magasin","item":"https:\/\/iberoid.com\/fr\/shop\/"},{"@type":"ListItem","position":3,"name":"SUSTANON ASPEN"}]},{"@type":"WebSite","@id":"https:\/\/iberoid-shop.com\/#website","url":"https:\/\/iberoid-shop.com\/","name":"(Espa\u00f1ol) Esteroides en l\u00ednea","description":"(Espa\u00f1ol) Comprar esteroides en l\u00ednea hoy en Espa\u00f1a y Portugal. Tenemos el mejor servicio al cliente en la industria y los productos de la m\u00e1s alta calidad","potentialAction":[{"@type":"SearchAction","target":{"@type":"EntryPoint","urlTemplate":"https:\/\/iberoid-shop.com\/?s={search_term_string}"},"query-input":{"@type":"PropertyValueSpecification","valueRequired":true,"valueName":"search_term_string"}}],"inLanguage":"fr-FR"}]},"product_brand":"ASPEN","product_price_amount":"10.00","product_price_currency":"EUR","og_availability":"out of stock","product_availability":"out of stock","product_condition":"new"},"_links":{"self":[{"href":"https:\/\/iberoid.com\/fr\/wp-json\/wp\/v2\/product\/9578","targetHints":{"allow":["GET"]}}],"collection":[{"href":"https:\/\/iberoid.com\/fr\/wp-json\/wp\/v2\/product"}],"about":[{"href":"https:\/\/iberoid.com\/fr\/wp-json\/wp\/v2\/types\/product"}],"replies":[{"embeddable":true,"href":"https:\/\/iberoid.com\/fr\/wp-json\/wp\/v2\/comments?post=9578"}],"wp:featuredmedia":[{"embeddable":true,"href":"https:\/\/iberoid.com\/fr\/wp-json\/wp\/v2\/media\/9579"}],"wp:attachment":[{"href":"https:\/\/iberoid.com\/fr\/wp-json\/wp\/v2\/media?parent=9578"}],"wp:term":[{"taxonomy":"product_brand","embeddable":true,"href":"https:\/\/iberoid.com\/fr\/wp-json\/wp\/v2\/product_brand?post=9578"},{"taxonomy":"product_cat","embeddable":true,"href":"https:\/\/iberoid.com\/fr\/wp-json\/wp\/v2\/product_cat?post=9578"},{"taxonomy":"product_tag","embeddable":true,"href":"https:\/\/iberoid.com\/fr\/wp-json\/wp\/v2\/product_tag?post=9578"}],"curies":[{"name":"wp","href":"https:\/\/api.w.org\/{rel}","templated":true}]}}