{"id":9583,"date":"2024-07-28T18:38:15","date_gmt":"2024-07-28T18:38:15","guid":{"rendered":"https:\/\/iberoid.com\/?post_type=product&#038;p=9583"},"modified":"2026-03-29T16:19:19","modified_gmt":"2026-03-29T16:19:19","slug":"dostiheal-cabergolina","status":"publish","type":"product","link":"https:\/\/iberoid.com\/fr\/product\/dostiheal-cabergolina\/","title":{"rendered":"DOSTIHEAL \/ CABERGOLINA"},"content":{"rendered":"<p><strong>DOSTIHEAL \/ CABERGOLINA 0,50X4 comprim\u00e9s.<\/strong><\/p>\n<p>Les comprim\u00e9s oraux Dostiheal 0,5 Cabergoline traitent les maladies \u00e0 taux \u00e9lev\u00e9 de prolactine. Une prolactine anormalement \u00e9lev\u00e9e peut provoquer des changements menstruels chez les femmes, de l&rsquo;impuissance chez les hommes et des modifications mammaires chez les deux sexes.<\/p>\n<p>Un taux \u00e9lev\u00e9 de prolactine provoque l&rsquo;infertilit\u00e9 chez les hommes et les femmes, ainsi qu&rsquo;un risque de tumeurs hypophysaires. Dostiheal 0,5 peut \u00e9galement \u00eatre prescrit pour supprimer la production de lait chez les femmes apr\u00e8s l&rsquo;accouchement.<\/p>\n<p>Dostihea 0,5 est utilis\u00e9 pour couper le lait, sevrer et \u00e9liminer le lait en cas de sevrage des b\u00e9b\u00e9s, sur prescription d&rsquo;un m\u00e9decin.<\/p>\n<p>Demandez \u00e0 votre m\u00e9decin si vous avez des questions sur les raisons pour lesquelles ce m\u00e9dicament vous a \u00e9t\u00e9 prescrit.<\/p>\n<p>Votre m\u00e9decin vous l&rsquo;a peut-\u00eatre prescrit pour une autre raison.<\/p>\n<p>Dostinex est disponible uniquement sur prescription m\u00e9dicale.<\/p>\n<p><strong>Quels sont les effets de Dostiheal 0.5 ? m\u00e9canisme?<\/strong><\/p>\n<p>M\u00e9canisme d&rsquo;action\u00a0:<\/p>\n<p>La s\u00e9cr\u00e9tion de prolactine par l&rsquo;hypophyse ant\u00e9rieure est principalement sous le contr\u00f4le de l&rsquo;inhibition hypothalamique. La prolactine est s\u00e9cr\u00e9t\u00e9e par la lib\u00e9ration de dopamine par les neurones spinaux.<\/p>\n<p>La cabergoline est un agoniste des r\u00e9cepteurs dopaminergiques \u00e0 action prolong\u00e9e avec une forte affinit\u00e9 pour les r\u00e9cepteurs D2.<\/p>\n<p><strong>Posologie et mode d&#8217;emploi de DOSTIHEAL\/CABERGOLINA<\/strong><\/p>\n<p><strong>Traitement des troubles de l&rsquo;hyperprolactin\u00e9mie<\/strong><\/p>\n<p>Utilisez la cabergoline pour traiter les dysfonctionnements associ\u00e9s \u00e0 l&rsquo;hyperprolactin\u00e9mie, tels que l&rsquo;am\u00e9norrh\u00e9e, la dysm\u00e9norrh\u00e9e, les probl\u00e8mes d&rsquo;ovulation et la galactorrh\u00e9e. De plus, les m\u00e9decins prescrivent de la cabergoline aux patients atteints d&rsquo;ad\u00e9nomes hypophysaires s\u00e9cr\u00e9tant de la prolactine (microscopiques et macroscopiques), d&rsquo;hyperprolactin\u00e9mie idiopathique ou d&rsquo;hypophyse semi-vide. syndrome de sella avec hyperprolactin\u00e9mie. Ces conditions contribuent aux manifestations cliniques mentionn\u00e9es ci-dessus.<\/p>\n<p>De plus, lorsqu&rsquo;elle est administr\u00e9e de mani\u00e8re chronique, la cabergoline \u00e0 la dose de 1 \u00e0 2 mg par semaine est efficace pour normaliser les concentrations s\u00e9riques de prolactine chez environ 84 % des patients hyperprolactin\u00e9miques.<\/p>\n<p>De plus, les cycles menstruels r\u00e9guliers ont repris chez 83 % des femmes qui avaient auparavant perdu leurs cycles menstruels. La restauration de l&rsquo;ovulation a \u00e9t\u00e9 constat\u00e9e chez 89 % des femmes dont les taux de progest\u00e9rone ont \u00e9t\u00e9 surveill\u00e9s pendant la phase lut\u00e9ale.<\/p>\n<p>Enfin, la galactorrh\u00e9e dispara\u00eet dans 90 % des cas avec un traitement. De plus, une r\u00e9duction de la taille de la tumeur est obtenue chez 50 \u00e0 90\u00a0% des patients, femmes et hommes, atteints d&rsquo;une maladie microscopique ou macroscopique.<\/p>\n<p><strong>Dostiheal 0,5 r\u00e9duit la production de lait et le sevrage<\/strong><\/p>\n<p>Inhibe\/supprime la lactation physiologique<\/p>\n<p>Dostiheal 0,5 est indiqu\u00e9 pour la suppression de la lactation physiologique imm\u00e9diatement apr\u00e8s la naissance et pour la suppression de la lactation \u00e9tablie :<\/p>\n<p>Apr\u00e8s l&rsquo;accouchement, lorsque la m\u00e8re enceinte n&rsquo;allaite pas le b\u00e9b\u00e9 ou qu&rsquo;il est contre-indiqu\u00e9 d&rsquo;allaiter pour des raisons m\u00e9dicales li\u00e9es \u00e0 la m\u00e8re ou \u00e0 la personne qui vient d&rsquo;accoucher.<\/p>\n<p>Apr\u00e8s une mortinatalit\u00e9 ou un avortement.<\/p>\n<p>La cabergoline pr\u00e9vient\/inhibe la lactation physiologique en inhibant la s\u00e9cr\u00e9tion de prolactine.<\/p>\n<p>Dans des essais cliniques contr\u00f4l\u00e9s, la cabergoline a \u00e9t\u00e9 administr\u00e9e en dose unique de 1 mg le premier jour de vie\u00a0:<\/p>\n<ul>\n<li>Inhibe efficacement la lactation<\/li>\n<li>Sensibilit\u00e9 et douleur des seins chez 70 \u00e0 90 % des femmes.<\/li>\n<li>Moins de 5 % des femmes pr\u00e9sentent des sympt\u00f4mes mammaires qui disparaissent au cours de la troisi\u00e8me semaine apr\u00e8s l\u2019accouchement (g\u00e9n\u00e9ralement l\u00e9gers).<\/li>\n<\/ul>\n<p>Inhibition de la lactation, r\u00e9duction de l&rsquo;engorgement mammaire et de la douleur : obtenus chez environ 85 % des femmes allaitantes trait\u00e9es avec une dose totale de 1 mg de cabergoline r\u00e9partie en 4 prises sur 2 jours. La r\u00e9cidive des sympt\u00f4mes mammaires apr\u00e8s 10 jours est rare (environ 2 % des cas).<\/p>\n<p><strong>Effets secondaires de Dostiheal 0.5<\/strong><\/p>\n<p>Effets secondaires graves<\/p>\n<ul>\n<li>Douleur ou oppression thoracique, toux, difficult\u00e9 \u00e0 respirer<\/li>\n<li>Somnolence, somnolence ou faiblesse inhabituelle<\/li>\n<li>Changements de comportement inhabituels<\/li>\n<li>Engourdissement, picotement ou douleur br\u00fblante dans les mains, les bras, les jambes ou les pieds<\/li>\n<li>Vertiges, \u00e9tourdissements ou \u00e9vanouissements<\/li>\n<li>Modifications de la quantit\u00e9 ou de la fr\u00e9quence \u00e0 laquelle vous urinez<\/li>\n<li>Gonflement du visage, des mains, des chevilles, des jambes ou des pieds<\/li>\n<li>R\u00e9action allergique\u00a0:\u00a0d\u00e9mangeaisons ou \u00e9ruption cutan\u00e9e, gonflement du visage ou des mains, gonflement ou picotement de la bouche ou de la gorge, oppression thoracique, difficult\u00e9 \u00e0 respirer<\/li>\n<li>Il y a du sang dans les urines, des douleurs dans le bas du dos, des douleurs d&rsquo;un c\u00f4t\u00e9 ou des maux de dos aigus juste en dessous des c\u00f4tes.<\/li>\n<li>Douleur ou douleur intense \u00e0 l&rsquo;estomac<\/li>\n<li>Battement de coeur rapide, lent, battant ou irr\u00e9gulier<\/li>\n<\/ul>\n<p>Les effets secondaires sont moins graves<\/p>\n<ul>\n<li>Naus\u00e9es, vomissements, constipation<\/li>\n<li>Mal de t\u00eate<\/li>\n<\/ul>\n<p><strong>Prudent<\/strong><\/p>\n<p>Informez votre m\u00e9decin si vous \u00eates enceinte ou si vous allaitez, ou si vous pensez pouvoir tomber enceinte pendant que vous utilisez ce m\u00e9dicament. De plus, informez votre m\u00e9decin si vous souffrez d&rsquo;une maladie du foie, de probl\u00e8mes respiratoires ou pulmonaires, d&rsquo;une maladie cardiaque ou d&rsquo;hypertension art\u00e9rielle.<\/p>\n<p>De plus, Dostiheal 0.5 peut provoquer les probl\u00e8mes suivants\u00a0: un risque accru de probl\u00e8mes graves au c\u0153ur, aux reins, aux poumons ou \u00e0 l&rsquo;estomac.<\/p>\n<p>De plus, les premi\u00e8res doses de cabergoline peuvent provoquer des \u00e9tourdissements ou des vertiges, surtout lorsque vous vous levez d&rsquo;une position couch\u00e9e ou assise. Par cons\u00e9quent, levez-vous lentement et \u00e9vitez de conduire ou d\u2019utiliser des machines si vous n\u2019\u00eates pas alerte.<\/p>\n<p>Votre m\u00e9decin v\u00e9rifiera vos progr\u00e8s et les effets de ce m\u00e9dicament lors de visites r\u00e9guli\u00e8res.<\/p>\n<p>Gardez tous les m\u00e9dicaments hors de port\u00e9e des enfants. Ne partagez jamais vos m\u00e9dicaments avec qui que ce soit.<\/p>\n<p>Vertiges, \u00e9tourdissements ou \u00e9vanouissements<\/p>\n<p>Engourdissement, picotement ou douleur br\u00fblante dans les mains, les bras, les jambes ou les pieds<\/p>\n<p>Douleur ou douleur intense \u00e0 l&rsquo;estomac<\/p>\n<p>Gonflement du visage, des mains, des chevilles, des jambes ou des pieds<\/p>\n<p>Somnolence, somnolence ou faiblesse inhabituelle.<\/p>\n<p><strong>Interactions m\u00e9dicamenteuses<\/strong><\/p>\n<p>Interactions m\u00e9dicamenteuses : Dostiheal 0.5 peut interagir avec les m\u00e9dicaments utilis\u00e9s pour traiter :<\/p>\n<ul>\n<li>Psychose (chlorpromazine, halop\u00e9ridol), naus\u00e9es et vomissements (domp\u00e9ridone, m\u00e9toclopramide clopramide ).<\/li>\n<li>M\u00e9dicaments contre la maladie de Parkinson, m\u00e9dicaments contre la migraine s\u00e9v\u00e8re (bromocriptine, ergotamine, dihydroergotamine).<\/li>\n<li>Antibiotiques (\u00e9rythromycine), schizophr\u00e9nie (ph\u00e9nothiazines, thioxanth\u00e8ne).<\/li>\n<\/ul>\n<p>Interactions m\u00e9dicament-aliment : CABERGOLINE interagit avec les m\u00e9dicaments en vente libre, les vitamines, les suppl\u00e9ments nutritionnels et les produits \u00e0 base de plantes que vous prenez ou pr\u00e9voyez prendre.<\/p>\n<p>Interactions m\u00e9dicament-maladie : Informez votre m\u00e9decin si vous souffrez ou avez d\u00e9j\u00e0 souffert d&rsquo;hypertension art\u00e9rielle, d&rsquo;une maladie cardiaque, de probl\u00e8mes r\u00e9naux ou h\u00e9patiques ou d&rsquo;une maladie mentale.<\/p>\n<p><strong>DOSTIHEAL\/CABERGOLINA est-il bon \u00e0 utiliser\u00a0?<\/strong><\/p>\n<p>Dostiheal 0.5 contient de la cabergoline, l&rsquo;avantage de prendre de la cabergoline est qu&rsquo;elle r\u00e9duira le taux de prolactine dans votre sang et r\u00e9duira les effets que vous ressentez.<\/p>\n<p>Il agit en augmentant une substance chimique dans le cerveau appel\u00e9e dopamine, ce qui r\u00e9duit la quantit\u00e9 de prolactine lib\u00e9r\u00e9e.<\/p>\n<p>En outre, CABERGOLINE peut \u00e9galement \u00eatre utilis\u00e9e pour traiter d\u2019autres affections caus\u00e9es par des troubles hormonaux pouvant conduire \u00e0 la production de taux \u00e9lev\u00e9s de prolactine.<\/p>\n<p>Cela inclut l&rsquo;am\u00e9norrh\u00e9e, les r\u00e8gles irr\u00e9guli\u00e8res et tr\u00e8s l\u00e9g\u00e8res, les p\u00e9riodes d&rsquo;anovulation et de lactation, la s\u00e9cr\u00e9tion de lait de vos seins.<\/p>","protected":false},"excerpt":{"rendered":"<p>DOSTIHEAL \/ CABERGOLINA 0,50X4 comprim\u00e9s. Les comprim\u00e9s oraux Dostiheal 0,5 Cabergoline traitent les maladies \u00e0 taux \u00e9lev\u00e9 de prolactine. Une<\/p>\n","protected":false},"featured_media":9584,"comment_status":"open","ping_status":"closed","template":"","meta":[],"product_brand":[],"product_cat":[73,3533],"product_tag":[],"class_list":{"0":"post-9583","1":"product","2":"type-product","3":"status-publish","4":"has-post-thumbnail","6":"product_cat-ssteroides_orales","7":"product_cat-sales-rebajas","9":"first","10":"instock","11":"shipping-taxable","12":"purchasable","13":"product-type-simple"},"yoast_head":"<!-- This site is optimized with the Yoast SEO Premium plugin v24.4 (Yoast SEO v27.0) - https:\/\/yoast.com\/product\/yoast-seo-premium-wordpress\/ -->\n<title>DOSTIHEAL \/ CABERGOLINA - (Espa\u00f1ol) Esteroides en l\u00ednea<\/title>\n<meta name=\"description\" content=\"DOSTIHEAL \/ CABERGOLINA comprim\u00e9s oraux traitent la maladie de la prolactine \u00e9lev\u00e9e. Des niveaux anormalement \u00e9lev\u00e9s de prolactine peuvent provoquer des changements menstruels chez les femmes et l&#039;impuissance chez les hommes.\" \/>\n<meta name=\"robots\" content=\"index, follow, max-snippet:-1, max-image-preview:large, max-video-preview:-1\" \/>\n<link rel=\"canonical\" href=\"https:\/\/iberoid.com\/fr\/product\/dostiheal-cabergolina\/\" \/>\n<meta property=\"og:locale\" content=\"fr_FR\" \/>\n<meta property=\"og:type\" content=\"article\" \/>\n<meta property=\"og:title\" content=\"DOSTIHEAL \/ CABERGOLINA\" \/>\n<meta property=\"og:description\" content=\"DOSTIHEAL \/ CABERGOLINA comprim\u00e9s oraux traitent la maladie de la prolactine \u00e9lev\u00e9e. Des niveaux anormalement \u00e9lev\u00e9s de prolactine peuvent provoquer des changements menstruels chez les femmes et l&#039;impuissance chez les hommes.\" \/>\n<meta property=\"og:url\" content=\"https:\/\/iberoid.com\/fr\/product\/dostiheal-cabergolina\/\" \/>\n<meta property=\"og:site_name\" content=\"(Espa\u00f1ol) Esteroides en l\u00ednea\" \/>\n<meta property=\"article:modified_time\" content=\"2026-03-29T16:19:19+00:00\" \/>\n<meta property=\"og:image\" content=\"https:\/\/iberoid.com\/wp-content\/uploads\/2024\/07\/Ccabergolin-4.jpg?v=1722191847\" \/>\n\t<meta property=\"og:image:width\" content=\"1416\" \/>\n\t<meta property=\"og:image:height\" content=\"1251\" \/>\n\t<meta property=\"og:image:type\" content=\"image\/jpeg\" \/>\n<meta name=\"twitter:card\" content=\"summary_large_image\" \/>\n<meta name=\"twitter:label1\" content=\"Prix\" \/>\n\t<meta name=\"twitter:data1\" content=\"&euro;15.00\" \/>\n\t<meta name=\"twitter:label2\" content=\"Disponibilit\u00e9\" \/>\n\t<meta name=\"twitter:data2\" content=\"En stock\" \/>\n<script type=\"application\/ld+json\" class=\"yoast-schema-graph\">{\"@context\":\"https:\/\/schema.org\",\"@graph\":[{\"@type\":\"WebPage\",\"@id\":\"https:\/\/iberoid.com\/fr\/product\/dostiheal-cabergolina\/\",\"url\":\"https:\/\/iberoid.com\/fr\/product\/dostiheal-cabergolina\/\",\"name\":\"DOSTIHEAL \/ CABERGOLINA - (Espa\u00f1ol) Esteroides en l\u00ednea\",\"isPartOf\":{\"@id\":\"https:\/\/iberoid-shop.com\/#website\"},\"primaryImageOfPage\":{\"@id\":\"https:\/\/iberoid.com\/fr\/product\/dostiheal-cabergolina\/#primaryimage\"},\"image\":{\"@id\":\"https:\/\/iberoid.com\/fr\/product\/dostiheal-cabergolina\/#primaryimage\"},\"thumbnailUrl\":\"https:\/\/iberoid.com\/wp-content\/uploads\/2024\/07\/Ccabergolin-4.jpg?v=1722191847\",\"datePublished\":\"2024-07-28T18:38:15+00:00\",\"dateModified\":\"2026-03-29T16:19:19+00:00\",\"description\":\"DOSTIHEAL \/ CABERGOLINA comprim\u00e9s oraux traitent la maladie de la prolactine \u00e9lev\u00e9e. Des niveaux anormalement \u00e9lev\u00e9s de prolactine peuvent provoquer des changements menstruels chez les femmes et l'impuissance chez les hommes.\",\"breadcrumb\":{\"@id\":\"https:\/\/iberoid.com\/fr\/product\/dostiheal-cabergolina\/#breadcrumb\"},\"inLanguage\":\"fr-FR\",\"potentialAction\":[{\"@type\":\"ReadAction\",\"target\":[[\"https:\/\/iberoid.com\/fr\/product\/dostiheal-cabergolina\/\"]]}]},{\"@type\":\"ImageObject\",\"inLanguage\":\"fr-FR\",\"@id\":\"https:\/\/iberoid.com\/fr\/product\/dostiheal-cabergolina\/#primaryimage\",\"url\":\"https:\/\/iberoid.com\/wp-content\/uploads\/2024\/07\/Ccabergolin-4.jpg?v=1722191847\",\"contentUrl\":\"https:\/\/iberoid.com\/wp-content\/uploads\/2024\/07\/Ccabergolin-4.jpg?v=1722191847\",\"width\":1416,\"height\":1251,\"caption\":\"DOSTIHEAL \/ CABERGOLINA\"},{\"@type\":\"BreadcrumbList\",\"@id\":\"https:\/\/iberoid.com\/fr\/product\/dostiheal-cabergolina\/#breadcrumb\",\"itemListElement\":[{\"@type\":\"ListItem\",\"position\":1,\"name\":\"Portada\",\"item\":\"https:\/\/iberoid.com\/fr\/\"},{\"@type\":\"ListItem\",\"position\":2,\"name\":\"Magasin\",\"item\":\"https:\/\/iberoid.com\/fr\/shop\/\"},{\"@type\":\"ListItem\",\"position\":3,\"name\":\"DOSTIHEAL \/ CABERGOLINA\"}]},{\"@type\":\"WebSite\",\"@id\":\"https:\/\/iberoid-shop.com\/#website\",\"url\":\"https:\/\/iberoid-shop.com\/\",\"name\":\"(Espa\u00f1ol) Esteroides en l\u00ednea\",\"description\":\"(Espa\u00f1ol) Comprar esteroides en l\u00ednea hoy en Espa\u00f1a y Portugal. Tenemos el mejor servicio al cliente en la industria y los productos de la m\u00e1s alta calidad\",\"potentialAction\":[{\"@type\":\"SearchAction\",\"target\":{\"@type\":\"EntryPoint\",\"urlTemplate\":\"https:\/\/iberoid-shop.com\/?s={search_term_string}\"},\"query-input\":{\"@type\":\"PropertyValueSpecification\",\"valueRequired\":true,\"valueName\":\"search_term_string\"}}],\"inLanguage\":\"fr-FR\"}]}<\/script>\n<meta property=\"product:brand\" content=\"HEALING PHARMA\" \/>\n<meta property=\"product:price:amount\" content=\"15.00\" \/>\n<meta property=\"product:price:currency\" content=\"EUR\" \/>\n<meta property=\"og:availability\" content=\"instock\" \/>\n<meta property=\"product:availability\" content=\"instock\" \/>\n<meta property=\"product:condition\" content=\"new\" \/>\n<!-- \/ Yoast SEO Premium plugin. -->","yoast_head_json":{"title":"DOSTIHEAL \/ CABERGOLINA - (Espa\u00f1ol) Esteroides en l\u00ednea","description":"DOSTIHEAL \/ CABERGOLINA comprim\u00e9s oraux traitent la maladie de la prolactine \u00e9lev\u00e9e. Des niveaux anormalement \u00e9lev\u00e9s de prolactine peuvent provoquer des changements menstruels chez les femmes et l'impuissance chez les hommes.","robots":{"index":"index","follow":"follow","max-snippet":"max-snippet:-1","max-image-preview":"max-image-preview:large","max-video-preview":"max-video-preview:-1"},"canonical":"https:\/\/iberoid.com\/fr\/product\/dostiheal-cabergolina\/","og_locale":"fr_FR","og_type":"article","og_title":"DOSTIHEAL \/ CABERGOLINA","og_description":"DOSTIHEAL \/ CABERGOLINA comprim\u00e9s oraux traitent la maladie de la prolactine \u00e9lev\u00e9e. Des niveaux anormalement \u00e9lev\u00e9s de prolactine peuvent provoquer des changements menstruels chez les femmes et l'impuissance chez les hommes.","og_url":"https:\/\/iberoid.com\/fr\/product\/dostiheal-cabergolina\/","og_site_name":"(Espa\u00f1ol) Esteroides en l\u00ednea","article_modified_time":"2026-03-29T16:19:19+00:00","og_image":[{"width":1416,"height":1251,"url":"https:\/\/iberoid.com\/wp-content\/uploads\/2024\/07\/Ccabergolin-4.jpg?v=1722191847","type":"image\/jpeg"}],"twitter_card":"summary_large_image","twitter_misc":{"Prix":"&euro;15.00","Disponibilit\u00e9":"En stock"},"schema":{"@context":"https:\/\/schema.org","@graph":[{"@type":"WebPage","@id":"https:\/\/iberoid.com\/fr\/product\/dostiheal-cabergolina\/","url":"https:\/\/iberoid.com\/fr\/product\/dostiheal-cabergolina\/","name":"DOSTIHEAL \/ CABERGOLINA - (Espa\u00f1ol) Esteroides en l\u00ednea","isPartOf":{"@id":"https:\/\/iberoid-shop.com\/#website"},"primaryImageOfPage":{"@id":"https:\/\/iberoid.com\/fr\/product\/dostiheal-cabergolina\/#primaryimage"},"image":{"@id":"https:\/\/iberoid.com\/fr\/product\/dostiheal-cabergolina\/#primaryimage"},"thumbnailUrl":"https:\/\/iberoid.com\/wp-content\/uploads\/2024\/07\/Ccabergolin-4.jpg?v=1722191847","datePublished":"2024-07-28T18:38:15+00:00","dateModified":"2026-03-29T16:19:19+00:00","description":"DOSTIHEAL \/ CABERGOLINA comprim\u00e9s oraux traitent la maladie de la prolactine \u00e9lev\u00e9e. Des niveaux anormalement \u00e9lev\u00e9s de prolactine peuvent provoquer des changements menstruels chez les femmes et l'impuissance chez les hommes.","breadcrumb":{"@id":"https:\/\/iberoid.com\/fr\/product\/dostiheal-cabergolina\/#breadcrumb"},"inLanguage":"fr-FR","potentialAction":[{"@type":"ReadAction","target":[["https:\/\/iberoid.com\/fr\/product\/dostiheal-cabergolina\/"]]}]},{"@type":"ImageObject","inLanguage":"fr-FR","@id":"https:\/\/iberoid.com\/fr\/product\/dostiheal-cabergolina\/#primaryimage","url":"https:\/\/iberoid.com\/wp-content\/uploads\/2024\/07\/Ccabergolin-4.jpg?v=1722191847","contentUrl":"https:\/\/iberoid.com\/wp-content\/uploads\/2024\/07\/Ccabergolin-4.jpg?v=1722191847","width":1416,"height":1251,"caption":"DOSTIHEAL \/ CABERGOLINA"},{"@type":"BreadcrumbList","@id":"https:\/\/iberoid.com\/fr\/product\/dostiheal-cabergolina\/#breadcrumb","itemListElement":[{"@type":"ListItem","position":1,"name":"Portada","item":"https:\/\/iberoid.com\/fr\/"},{"@type":"ListItem","position":2,"name":"Magasin","item":"https:\/\/iberoid.com\/fr\/shop\/"},{"@type":"ListItem","position":3,"name":"DOSTIHEAL \/ CABERGOLINA"}]},{"@type":"WebSite","@id":"https:\/\/iberoid-shop.com\/#website","url":"https:\/\/iberoid-shop.com\/","name":"(Espa\u00f1ol) Esteroides en l\u00ednea","description":"(Espa\u00f1ol) Comprar esteroides en l\u00ednea hoy en Espa\u00f1a y Portugal. Tenemos el mejor servicio al cliente en la industria y los productos de la m\u00e1s alta calidad","potentialAction":[{"@type":"SearchAction","target":{"@type":"EntryPoint","urlTemplate":"https:\/\/iberoid-shop.com\/?s={search_term_string}"},"query-input":{"@type":"PropertyValueSpecification","valueRequired":true,"valueName":"search_term_string"}}],"inLanguage":"fr-FR"}]},"product_brand":"HEALING PHARMA","product_price_amount":"15.00","product_price_currency":"EUR","og_availability":"instock","product_availability":"instock","product_condition":"new"},"_links":{"self":[{"href":"https:\/\/iberoid.com\/fr\/wp-json\/wp\/v2\/product\/9583","targetHints":{"allow":["GET"]}}],"collection":[{"href":"https:\/\/iberoid.com\/fr\/wp-json\/wp\/v2\/product"}],"about":[{"href":"https:\/\/iberoid.com\/fr\/wp-json\/wp\/v2\/types\/product"}],"replies":[{"embeddable":true,"href":"https:\/\/iberoid.com\/fr\/wp-json\/wp\/v2\/comments?post=9583"}],"wp:featuredmedia":[{"embeddable":true,"href":"https:\/\/iberoid.com\/fr\/wp-json\/wp\/v2\/media\/9584"}],"wp:attachment":[{"href":"https:\/\/iberoid.com\/fr\/wp-json\/wp\/v2\/media?parent=9583"}],"wp:term":[{"taxonomy":"product_brand","embeddable":true,"href":"https:\/\/iberoid.com\/fr\/wp-json\/wp\/v2\/product_brand?post=9583"},{"taxonomy":"product_cat","embeddable":true,"href":"https:\/\/iberoid.com\/fr\/wp-json\/wp\/v2\/product_cat?post=9583"},{"taxonomy":"product_tag","embeddable":true,"href":"https:\/\/iberoid.com\/fr\/wp-json\/wp\/v2\/product_tag?post=9583"}],"curies":[{"name":"wp","href":"https:\/\/api.w.org\/{rel}","templated":true}]}}