{"id":9615,"date":"2024-08-06T19:42:41","date_gmt":"2024-08-06T19:42:41","guid":{"rendered":"https:\/\/iberoid.com\/?post_type=product&#038;p=9615"},"modified":"2026-03-22T11:59:06","modified_gmt":"2026-03-22T11:59:06","slug":"eurotropin-100-iu","status":"publish","type":"product","link":"https:\/\/iberoid.com\/fr\/product\/eurotropin-100-iu\/","title":{"rendered":"EUROTROPIN 100 IU"},"content":{"rendered":"<p><strong>EUROTROPIN 100 UI <\/strong>d&rsquo;Euro Prime Pharmaceuticals est un de ces m\u00e9dicaments qui, en combinaison avec des st\u00e9ro\u00efdes, peuvent faire de toi un v\u00e9ritable monstre musculaire ! La protection contre la contrefa\u00e7on est pr\u00e9sente. Acheter Eurotropin est tout simplement n\u00e9cessaire si vous souhaitez renforcer les os, les ligaments et les articulations, renforcer l&rsquo;immunit\u00e9 et gagner une masse musculaire de qualit\u00e9.<\/p>\n<p><strong>Avantages de l\u2019utilisation d\u2019EUROTROPIN EPF<\/strong><\/p>\n<ul>\n<li>r\u00e9duit les amas graisseux, catalyse la lipolyse,<\/li>\n<li>augmente la force physique et augmente la masse musculaire,<\/li>\n<li>donne une sensation de bien-\u00eatre,<\/li>\n<li>stabilise et am\u00e9liore le travail du syst\u00e8me cardiovasculaire,<\/li>\n<li>a un effet fortifiant, rajeunit le corps,<\/li>\n<li>am\u00e9liore l&rsquo;activit\u00e9 c\u00e9r\u00e9brale,<\/li>\n<li>entra\u00eene la reprise de la r\u00e9g\u00e9n\u00e9ration et du d\u00e9veloppement de certains organes qui pourraient s&rsquo;atrophier avec l&rsquo;\u00e2ge,<\/li>\n<li>am\u00e9liorer l&rsquo;\u00e9tat de la peau, r\u00e9duire les rides,<\/li>\n<li>stimule la production de cellules de la moelle osseuse qui produisent des globules rouges,<\/li>\n<li>am\u00e9liore l&rsquo;\u00e9tat du tissu osseux,<\/li>\n<li>renforce l&rsquo;immunit\u00e9.<\/li>\n<\/ul>\n<p><strong>Comment utiliser EUROTROPIN 100 UI EPF ?<\/strong><\/p>\n<p><strong>Il est pris \u00e0 raison de 3 unit\u00e9s par jour, pendant au moins 3-4 mois.<\/strong><\/p>\n<p>Vous n&rsquo;avez pas trouv\u00e9 la r\u00e9ponse ? La raison pourrait \u00eatre qu&rsquo;au cours des deux premiers mois, un nombre important de cas ressentent des \u00ab effets secondaires \u00bb et que l&rsquo;utilisation de doses \u00e9lev\u00e9es a tendance \u00e0 exacerber ces effets.<\/p>\n<p>Plus pr\u00e9cis\u00e9ment, les effets secondaires comprennent \u00ab l&rsquo;infusion \u00bb (r\u00e9tention de liquide dans le corps) et le \u00ab syndrome du tunnel \u00bb (sensations douloureuses mineures dans l&rsquo;articulation du poignet et des doigts). Par cons\u00e9quent, il est peu probable qu\u2019il soit judicieux d\u2019utiliser une hormone de croissance peu co\u00fbteuse si cela provoque un gonflement et une douleur de votre main.<\/p>\n<p>Cependant, apr\u00e8s deux mois (bien que parfois plus t\u00f4t ou plus tard), ces effets secondaires disparaissent g\u00e9n\u00e9ralement. \u00c0 ce stade, le plein effet de l\u2019hormone peut \u00eatre ressenti.<\/p>","protected":false},"excerpt":{"rendered":"<p>EUROTROPIN 100 UI d&rsquo;Euro Prime Pharmaceuticals est un de ces m\u00e9dicaments qui, en combinaison avec des st\u00e9ro\u00efdes, peuvent faire de<\/p>\n","protected":false},"featured_media":9616,"comment_status":"open","ping_status":"closed","template":"","meta":[],"product_brand":[],"product_cat":[76],"product_tag":[],"class_list":{"0":"post-9615","1":"product","2":"type-product","3":"status-publish","4":"has-post-thumbnail","6":"product_cat-hgh_peptido","8":"first","9":"instock","10":"sale","11":"shipping-taxable","12":"purchasable","13":"product-type-simple"},"yoast_head":"<!-- This site is optimized with the Yoast SEO Premium plugin v24.4 (Yoast SEO v27.0) - https:\/\/yoast.com\/product\/yoast-seo-premium-wordpress\/ -->\n<title>EUROTROPIN 100 IU - (Espa\u00f1ol) Esteroides en l\u00ednea<\/title>\n<meta name=\"description\" content=\"EUROTROPIN 100 IU from Euro Prime Pharmaceuticals is one of those drugs that, in combination with steroids, can turn you into a real muscle monster!\" \/>\n<meta name=\"robots\" content=\"index, follow, max-snippet:-1, max-image-preview:large, max-video-preview:-1\" \/>\n<link rel=\"canonical\" href=\"https:\/\/iberoid-shop.com\/product\/eurotropin-100-iu\/\" \/>\n<meta property=\"og:locale\" content=\"fr_FR\" \/>\n<meta property=\"og:type\" content=\"article\" \/>\n<meta property=\"og:title\" content=\"EUROTROPIN 100 IU\" \/>\n<meta property=\"og:description\" content=\"EUROTROPIN 100 IU from Euro Prime Pharmaceuticals is one of those drugs that, in combination with steroids, can turn you into a real muscle monster!\" \/>\n<meta property=\"og:url\" content=\"https:\/\/iberoid-shop.com\/product\/eurotropin-100-iu\/\" \/>\n<meta property=\"og:site_name\" content=\"(Espa\u00f1ol) Esteroides en l\u00ednea\" \/>\n<meta property=\"article:modified_time\" content=\"2026-03-22T11:59:06+00:00\" \/>\n<meta property=\"og:image\" content=\"https:\/\/iberoid-shop.com\/wp-content\/uploads\/2024\/08\/eurotropin.jpg?v=1722973330\" \/>\n\t<meta property=\"og:image:width\" content=\"1000\" \/>\n\t<meta property=\"og:image:height\" content=\"941\" \/>\n\t<meta property=\"og:image:type\" content=\"image\/jpeg\" \/>\n<meta name=\"twitter:card\" content=\"summary_large_image\" \/>\n<meta name=\"twitter:label1\" content=\"Prix\" \/>\n\t<meta name=\"twitter:data1\" content=\"&euro;150.00\" \/>\n\t<meta name=\"twitter:label2\" content=\"Disponibilit\u00e9\" \/>\n\t<meta name=\"twitter:data2\" content=\"En stock\" \/>\n<script type=\"application\/ld+json\" class=\"yoast-schema-graph\">{\"@context\":\"https:\/\/schema.org\",\"@graph\":[{\"@type\":\"WebPage\",\"@id\":\"https:\/\/iberoid-shop.com\/product\/eurotropin-100-iu\/\",\"url\":\"https:\/\/iberoid-shop.com\/product\/eurotropin-100-iu\/\",\"name\":\"EUROTROPIN 100 IU - (Espa\u00f1ol) Esteroides en l\u00ednea\",\"isPartOf\":{\"@id\":\"https:\/\/iberoid-shop.com\/#website\"},\"primaryImageOfPage\":{\"@id\":\"https:\/\/iberoid-shop.com\/product\/eurotropin-100-iu\/#primaryimage\"},\"image\":{\"@id\":\"https:\/\/iberoid-shop.com\/product\/eurotropin-100-iu\/#primaryimage\"},\"thumbnailUrl\":\"https:\/\/iberoid.com\/wp-content\/uploads\/2024\/08\/eurotropin.jpg?v=1722973330\",\"datePublished\":\"2024-08-06T19:42:41+00:00\",\"dateModified\":\"2026-03-22T11:59:06+00:00\",\"description\":\"EUROTROPIN 100 IU from Euro Prime Pharmaceuticals is one of those drugs that, in combination with steroids, can turn you into a real muscle monster!\",\"breadcrumb\":{\"@id\":\"https:\/\/iberoid-shop.com\/product\/eurotropin-100-iu\/#breadcrumb\"},\"inLanguage\":\"fr-FR\",\"potentialAction\":[{\"@type\":\"ReadAction\",\"target\":[[\"https:\/\/iberoid-shop.com\/product\/eurotropin-100-iu\/\"]]}]},{\"@type\":\"ImageObject\",\"inLanguage\":\"fr-FR\",\"@id\":\"https:\/\/iberoid-shop.com\/product\/eurotropin-100-iu\/#primaryimage\",\"url\":\"https:\/\/iberoid.com\/wp-content\/uploads\/2024\/08\/eurotropin.jpg?v=1722973330\",\"contentUrl\":\"https:\/\/iberoid.com\/wp-content\/uploads\/2024\/08\/eurotropin.jpg?v=1722973330\",\"width\":1000,\"height\":941,\"caption\":\"EUROTROPIN 100 IU\"},{\"@type\":\"BreadcrumbList\",\"@id\":\"https:\/\/iberoid-shop.com\/product\/eurotropin-100-iu\/#breadcrumb\",\"itemListElement\":[{\"@type\":\"ListItem\",\"position\":1,\"name\":\"Portada\",\"item\":\"https:\/\/iberoid.com\/fr\/\"},{\"@type\":\"ListItem\",\"position\":2,\"name\":\"Magasin\",\"item\":\"https:\/\/iberoid.com\/fr\/shop\/\"},{\"@type\":\"ListItem\",\"position\":3,\"name\":\"EUROTROPIN 100 IU\"}]},{\"@type\":\"WebSite\",\"@id\":\"https:\/\/iberoid-shop.com\/#website\",\"url\":\"https:\/\/iberoid-shop.com\/\",\"name\":\"(Espa\u00f1ol) Esteroides en l\u00ednea\",\"description\":\"(Espa\u00f1ol) Comprar esteroides en l\u00ednea hoy en Espa\u00f1a y Portugal. Tenemos el mejor servicio al cliente en la industria y los productos de la m\u00e1s alta calidad\",\"potentialAction\":[{\"@type\":\"SearchAction\",\"target\":{\"@type\":\"EntryPoint\",\"urlTemplate\":\"https:\/\/iberoid-shop.com\/?s={search_term_string}\"},\"query-input\":{\"@type\":\"PropertyValueSpecification\",\"valueRequired\":true,\"valueName\":\"search_term_string\"}}],\"inLanguage\":\"fr-FR\"}]}<\/script>\n<meta property=\"product:brand\" content=\"Euro Prime Pharmaceuticals (EPF)\" \/>\n<meta property=\"product:price:amount\" content=\"150.00\" \/>\n<meta property=\"product:price:currency\" content=\"EUR\" \/>\n<meta property=\"og:availability\" content=\"instock\" \/>\n<meta property=\"product:availability\" content=\"instock\" \/>\n<meta property=\"product:condition\" content=\"new\" \/>\n<!-- \/ Yoast SEO Premium plugin. -->","yoast_head_json":{"title":"EUROTROPIN 100 IU - (Espa\u00f1ol) Esteroides en l\u00ednea","description":"EUROTROPIN 100 IU from Euro Prime Pharmaceuticals is one of those drugs that, in combination with steroids, can turn you into a real muscle monster!","robots":{"index":"index","follow":"follow","max-snippet":"max-snippet:-1","max-image-preview":"max-image-preview:large","max-video-preview":"max-video-preview:-1"},"canonical":"https:\/\/iberoid-shop.com\/product\/eurotropin-100-iu\/","og_locale":"fr_FR","og_type":"article","og_title":"EUROTROPIN 100 IU","og_description":"EUROTROPIN 100 IU from Euro Prime Pharmaceuticals is one of those drugs that, in combination with steroids, can turn you into a real muscle monster!","og_url":"https:\/\/iberoid-shop.com\/product\/eurotropin-100-iu\/","og_site_name":"(Espa\u00f1ol) Esteroides en l\u00ednea","article_modified_time":"2026-03-22T11:59:06+00:00","og_image":[{"width":1000,"height":941,"url":"https:\/\/iberoid-shop.com\/wp-content\/uploads\/2024\/08\/eurotropin.jpg?v=1722973330","type":"image\/jpeg"}],"twitter_card":"summary_large_image","twitter_misc":{"Prix":"&euro;150.00","Disponibilit\u00e9":"En stock"},"schema":{"@context":"https:\/\/schema.org","@graph":[{"@type":"WebPage","@id":"https:\/\/iberoid-shop.com\/product\/eurotropin-100-iu\/","url":"https:\/\/iberoid-shop.com\/product\/eurotropin-100-iu\/","name":"EUROTROPIN 100 IU - (Espa\u00f1ol) Esteroides en l\u00ednea","isPartOf":{"@id":"https:\/\/iberoid-shop.com\/#website"},"primaryImageOfPage":{"@id":"https:\/\/iberoid-shop.com\/product\/eurotropin-100-iu\/#primaryimage"},"image":{"@id":"https:\/\/iberoid-shop.com\/product\/eurotropin-100-iu\/#primaryimage"},"thumbnailUrl":"https:\/\/iberoid.com\/wp-content\/uploads\/2024\/08\/eurotropin.jpg?v=1722973330","datePublished":"2024-08-06T19:42:41+00:00","dateModified":"2026-03-22T11:59:06+00:00","description":"EUROTROPIN 100 IU from Euro Prime Pharmaceuticals is one of those drugs that, in combination with steroids, can turn you into a real muscle monster!","breadcrumb":{"@id":"https:\/\/iberoid-shop.com\/product\/eurotropin-100-iu\/#breadcrumb"},"inLanguage":"fr-FR","potentialAction":[{"@type":"ReadAction","target":[["https:\/\/iberoid-shop.com\/product\/eurotropin-100-iu\/"]]}]},{"@type":"ImageObject","inLanguage":"fr-FR","@id":"https:\/\/iberoid-shop.com\/product\/eurotropin-100-iu\/#primaryimage","url":"https:\/\/iberoid.com\/wp-content\/uploads\/2024\/08\/eurotropin.jpg?v=1722973330","contentUrl":"https:\/\/iberoid.com\/wp-content\/uploads\/2024\/08\/eurotropin.jpg?v=1722973330","width":1000,"height":941,"caption":"EUROTROPIN 100 IU"},{"@type":"BreadcrumbList","@id":"https:\/\/iberoid-shop.com\/product\/eurotropin-100-iu\/#breadcrumb","itemListElement":[{"@type":"ListItem","position":1,"name":"Portada","item":"https:\/\/iberoid.com\/fr\/"},{"@type":"ListItem","position":2,"name":"Magasin","item":"https:\/\/iberoid.com\/fr\/shop\/"},{"@type":"ListItem","position":3,"name":"EUROTROPIN 100 IU"}]},{"@type":"WebSite","@id":"https:\/\/iberoid-shop.com\/#website","url":"https:\/\/iberoid-shop.com\/","name":"(Espa\u00f1ol) Esteroides en l\u00ednea","description":"(Espa\u00f1ol) Comprar esteroides en l\u00ednea hoy en Espa\u00f1a y Portugal. Tenemos el mejor servicio al cliente en la industria y los productos de la m\u00e1s alta calidad","potentialAction":[{"@type":"SearchAction","target":{"@type":"EntryPoint","urlTemplate":"https:\/\/iberoid-shop.com\/?s={search_term_string}"},"query-input":{"@type":"PropertyValueSpecification","valueRequired":true,"valueName":"search_term_string"}}],"inLanguage":"fr-FR"}]},"product_brand":"Euro Prime Pharmaceuticals (EPF)","product_price_amount":"150.00","product_price_currency":"EUR","og_availability":"instock","product_availability":"instock","product_condition":"new"},"_links":{"self":[{"href":"https:\/\/iberoid.com\/fr\/wp-json\/wp\/v2\/product\/9615","targetHints":{"allow":["GET"]}}],"collection":[{"href":"https:\/\/iberoid.com\/fr\/wp-json\/wp\/v2\/product"}],"about":[{"href":"https:\/\/iberoid.com\/fr\/wp-json\/wp\/v2\/types\/product"}],"replies":[{"embeddable":true,"href":"https:\/\/iberoid.com\/fr\/wp-json\/wp\/v2\/comments?post=9615"}],"wp:featuredmedia":[{"embeddable":true,"href":"https:\/\/iberoid.com\/fr\/wp-json\/wp\/v2\/media\/9616"}],"wp:attachment":[{"href":"https:\/\/iberoid.com\/fr\/wp-json\/wp\/v2\/media?parent=9615"}],"wp:term":[{"taxonomy":"product_brand","embeddable":true,"href":"https:\/\/iberoid.com\/fr\/wp-json\/wp\/v2\/product_brand?post=9615"},{"taxonomy":"product_cat","embeddable":true,"href":"https:\/\/iberoid.com\/fr\/wp-json\/wp\/v2\/product_cat?post=9615"},{"taxonomy":"product_tag","embeddable":true,"href":"https:\/\/iberoid.com\/fr\/wp-json\/wp\/v2\/product_tag?post=9615"}],"curies":[{"name":"wp","href":"https:\/\/api.w.org\/{rel}","templated":true}]}}