{"id":9726,"date":"2024-10-20T10:26:53","date_gmt":"2024-10-20T10:26:53","guid":{"rendered":"https:\/\/iberoid.com\/?post_type=product&#038;p=9726"},"modified":"2024-11-11T09:24:05","modified_gmt":"2024-11-11T09:24:05","slug":"tritrenbolone150mg-driada","status":"publish","type":"product","link":"https:\/\/iberoid.com\/fr\/product\/tritrenbolone150mg-driada\/","title":{"rendered":"Tremilad 150 mg\/ml (Trenbolone Mix)"},"content":{"rendered":"<p><\/p>\n<ul>\n<li>Ingr\u00e9dient actif : Ac\u00e9tate de trenbolone : 50 mg\/ml. Hexahydrobenzyl carbonate de trenbolone : 50 mg\/ml, Enanthate de trenbolone 50 mg\/ml<\/li>\n<li>Type : St\u00e9ro\u00efde anabolisant (d\u00e9riv\u00e9 de 19-nortestost\u00e9rone)<\/li>\n<li>Forme : Injection<\/li>\n<li><b>Huile porteuse :\u00a0<\/b>Huile de s\u00e9same<\/li>\n<\/ul>\n<h2><b>Description<\/b><\/h2>\n<p>La trenbolone est un st\u00e9ro\u00efde anabolisant injectable bien connu. Le plus puissant des m\u00e9dicaments disponibles dans le commerce. La trenbolone n&rsquo;est pas aussi dure qu&rsquo;on le dit parfois, mais ce n&rsquo;est d\u00e9finitivement pas un m\u00e9dicament pour les d\u00e9butants. Elle est g\u00e9n\u00e9ralement utilis\u00e9e par des athl\u00e8tes avanc\u00e9s qui sont familiers avec les st\u00e9ro\u00efdes. La trenbolone est un d\u00e9riv\u00e9 de la nandrolone, faisant partie d&rsquo;un groupe de st\u00e9ro\u00efdes anabolisants connus sous le nom de compos\u00e9s 19-nor (19-nortestost\u00e9rone).<\/p>\n<p>Cette cat\u00e9gorie se caract\u00e9rise par une structure mol\u00e9culaire sp\u00e9cifique qui n&rsquo;est comparable \u00e0 aucun autre groupe. Cette diff\u00e9rence, ainsi que d&rsquo;autres caract\u00e9ristiques, donne au m\u00e9dicament la capacit\u00e9 de cr\u00e9er une connexion stable avec le r\u00e9cepteur aux androg\u00e8nes et une r\u00e9sistance \u00e0 la destruction m\u00e9tabolique dans le corps. Cela prouve un fait extr\u00eamement important (que tout le monde devrait se rappeler) : la trenbolone est un st\u00e9ro\u00efde anabolisant d&rsquo;une force exceptionnelle, le plus puissant et disponible. Les chiffres ci-dessus indiquent qu&rsquo;il est possible d&rsquo;obtenir des r\u00e9sultats impressionnants avec de petites doses. La trenbolone est un raccourci pour atteindre l&rsquo;effet d\u00e9sir\u00e9.<\/p>\n<p>La trenbolone pr\u00e9sente une activit\u00e9 androg\u00e9nique et anabolique avec un indice de 500, ce qui est cinq fois la force de la testost\u00e9rone (indice 100). Pour une meilleure compr\u00e9hension, on peut dire que 200 mg de trenbolone correspondent \u00e0 1000 mg de testost\u00e9rone, et 500 mg sont \u00e9quivalents \u00e0 2500 mg.<\/p>\n<p>Le st\u00e9ro\u00efde montre des taux \u00e9lev\u00e9s de croissance musculaire. Ne retient pas l&rsquo;eau (\u00e0 aucune concentration) en raison de l&rsquo;absence d&rsquo;aromatisation (la capacit\u00e9 de se convertir en \u0153strog\u00e8ne). Il a \u00e9galement \u00e9t\u00e9 constat\u00e9 que la trenbolone stimule la production d&rsquo;IGF-1 (facteur de croissance analogue \u00e0 l&rsquo;insuline 1) dans les tissus musculaires.<\/p>\n<p>De nos jours, la trenbolone est utilis\u00e9e l\u00e9galement comme m\u00e9dicament v\u00e9t\u00e9rinaire con\u00e7u pour stimuler la croissance du b\u00e9tail. Cependant, elle int\u00e9resse toujours particuli\u00e8rement la communaut\u00e9 m\u00e9dicale. Mais la trenbolone n&rsquo;a pas encore re\u00e7u l&rsquo;approbation de la FDA et ne peut pas \u00eatre utilis\u00e9e officiellement chez l&rsquo;homme.<\/p>\n<p>En ce qui concerne les processus m\u00e9taboliques, la trenbolone est absolument r\u00e9sistante \u00e0 l&rsquo;enzyme aromatase, qui est responsable de la conversion des androg\u00e8nes en \u0153strog\u00e8nes. Elle a une faible activit\u00e9 \u0153strog\u00e9nique et ne peut pas \u00eatre convertie en \u0153strog\u00e8ne. La trenbolone est \u00e9galement compl\u00e8tement r\u00e9sistante \u00e0 l&rsquo;enzyme 5-alpha r\u00e9ductase, qui est responsable de la conversion de la testost\u00e9rone en dihydrotestost\u00e9rone (DHT) plus puissante androg\u00e8ne. Elle n&rsquo;interagit pas avec l&rsquo;enzyme 5-alpha r\u00e9ductase et ne peut pas \u00eatre convertie en DHT.<\/p>\n<p>Les cycles de trenbolone sont tr\u00e8s efficaces pour br\u00fbler les graisses ou d\u00e9velopper les muscles. Comme mentionn\u00e9 ci-dessus, le m\u00e9dicament se lie aux r\u00e9cepteurs hormonaux cataboliques et bloque leur participation \u00e0 la signalisation des cellules musculaires. Cela est particuli\u00e8rement important en ce qui concerne l&rsquo;hormone catabolique cortisol, qui inhibe la croissance musculaire, et la trenbolone est son inhibiteur actif. Au niveau cellulaire, gr\u00e2ce \u00e0 son action anti-catabolique, la trenbolone r\u00e9duit les effets n\u00e9gatifs du catabolisme, raccourcissant ainsi la dur\u00e9e des r\u00e9gimes et des programmes d&rsquo;entra\u00eenement de comp\u00e9tition. De plus, l&rsquo;influence de la trenbolone est largement connue pour ses propri\u00e9t\u00e9s de coupe : les r\u00e9cepteurs aux androg\u00e8nes sont pr\u00e9sents dans les cellules graisseuses et, lorsqu&rsquo;ils sont activ\u00e9s, ils impliquent la cellule dans le processus de combustion des graisses. La trenbolone est capable de retenir l&rsquo;azote dans les tissus musculaires, ce qui est important pour maintenir la masse et le volume.<\/p>\n<h3><b>Effets<\/b><\/h3>\n<ul>\n<li>Croissance musculaire rapide<\/li>\n<li>Br\u00fblage des graisses<\/li>\n<li>Augmentation de la force<\/li>\n<\/ul>\n<h3><b>Effets secondaires<\/b><\/h3>\n<ul>\n<li>Suppression de la fonction testiculaire<\/li>\n<li>Probl\u00e8mes de sommeil<\/li>\n<li>Mauvaise humeur<\/li>\n<li>Augmentation du taux de prolactine<\/li>\n<\/ul>\n<h3><b>Dosage<\/b><\/h3>\n<ul>\n<li>La variation des protocoles de dosage de la trenbolone est extr\u00eamement large. Elle commence \u00e0 150 mg jusqu&rsquo;\u00e0 800 mg par semaine.<\/li>\n<li>Mais la plupart des doses moyennes sont de 200-600 mg par semaine.<\/li>\n<\/ul>\n<p>Une telle pr\u00e9paration a \u00e9t\u00e9 cr\u00e9\u00e9e pour obtenir une concentration aussi uniforme et prolong\u00e9e que possible de la substance dans le sang, pour acc\u00e9l\u00e9rer le d\u00e9but de l&rsquo;effet et prolonger la demi-vie. Il est pratique d&rsquo;administrer le m\u00e9dicament 1 \u00e0 2 fois par semaine.<\/p>\n<h3><b>Forme pharmaceutique<\/b><\/h3>\n<ul>\n<li>Solution huileuse pour injection intramusculaire.<\/li>\n<\/ul>\n<h3><b>Profil<\/b><\/h3>\n<ul>\n<li>Demi-vie : &#8211;<\/li>\n<li>Fr\u00e9quence de prise : 2 fois par semaine<\/li>\n<\/ul>\n<p><\/p>","protected":false},"excerpt":{"rendered":"<p>Ingr\u00e9dient actif : Ac\u00e9tate de trenbolone : 50 mg\/ml. Hexahydrobenzyl carbonate de trenbolone : 50 mg\/ml, Enanthate de trenbolone 50<\/p>\n","protected":false},"featured_media":9727,"comment_status":"open","ping_status":"closed","template":"","meta":[],"product_brand":[],"product_cat":[69],"product_tag":[],"class_list":{"0":"post-9726","1":"product","2":"type-product","3":"status-publish","4":"has-post-thumbnail","6":"product_cat-esteroides_inyectables","8":"first","9":"outofstock","10":"sale","11":"shipping-taxable","12":"purchasable","13":"product-type-simple"},"yoast_head":"<!-- This site is optimized with the Yoast SEO Premium plugin v24.4 (Yoast SEO v27.0) - https:\/\/yoast.com\/product\/yoast-seo-premium-wordpress\/ -->\n<title>Tremilad 150 mg\/ml (Trenbolone Mix) - (Espa\u00f1ol) Esteroides en l\u00ednea<\/title>\n<meta name=\"robots\" content=\"index, follow, max-snippet:-1, max-image-preview:large, max-video-preview:-1\" \/>\n<link rel=\"canonical\" href=\"https:\/\/iberoid.com\/fr\/product\/tritrenbolone150mg-driada\/\" \/>\n<meta property=\"og:locale\" content=\"fr_FR\" \/>\n<meta property=\"og:type\" content=\"article\" \/>\n<meta property=\"og:title\" content=\"Tremilad 150 mg\/ml (Trenbolone Mix)\" \/>\n<meta property=\"og:description\" content=\"Ingr\u00e9dient actif : Ac\u00e9tate de trenbolone : 50 mg\/ml. Hexahydrobenzyl carbonate de trenbolone : 50 mg\/ml, Enanthate de trenbolone 50\" \/>\n<meta property=\"og:url\" content=\"https:\/\/iberoid.com\/fr\/product\/tritrenbolone150mg-driada\/\" \/>\n<meta property=\"og:site_name\" content=\"(Espa\u00f1ol) Esteroides en l\u00ednea\" \/>\n<meta property=\"article:modified_time\" content=\"2024-11-11T09:24:05+00:00\" \/>\n<meta property=\"og:image\" content=\"https:\/\/iberoid.com\/wp-content\/uploads\/2024\/10\/tritrenbo-driada-scaled.webp\" \/>\n\t<meta property=\"og:image:width\" content=\"2560\" \/>\n\t<meta property=\"og:image:height\" content=\"2560\" \/>\n\t<meta property=\"og:image:type\" content=\"image\/webp\" \/>\n<meta name=\"twitter:card\" content=\"summary_large_image\" \/>\n<meta name=\"twitter:label1\" content=\"Prix\" \/>\n\t<meta name=\"twitter:data1\" content=\"&euro;60.00\" \/>\n\t<meta name=\"twitter:label2\" content=\"Disponibilit\u00e9\" \/>\n\t<meta name=\"twitter:data2\" content=\"Rupture de stock\" \/>\n<script type=\"application\/ld+json\" class=\"yoast-schema-graph\">{\"@context\":\"https:\/\/schema.org\",\"@graph\":[{\"@type\":\"WebPage\",\"@id\":\"https:\/\/iberoid.com\/fr\/product\/tritrenbolone150mg-driada\/\",\"url\":\"https:\/\/iberoid.com\/fr\/product\/tritrenbolone150mg-driada\/\",\"name\":\"Tremilad 150 mg\/ml (Trenbolone Mix) - (Espa\u00f1ol) Esteroides en l\u00ednea\",\"isPartOf\":{\"@id\":\"https:\/\/iberoid.com\/fr\/#website\"},\"primaryImageOfPage\":{\"@id\":\"https:\/\/iberoid.com\/fr\/product\/tritrenbolone150mg-driada\/#primaryimage\"},\"image\":{\"@id\":\"https:\/\/iberoid.com\/fr\/product\/tritrenbolone150mg-driada\/#primaryimage\"},\"thumbnailUrl\":\"https:\/\/iberoid.com\/wp-content\/uploads\/2024\/10\/tritrenbo-driada-scaled.webp\",\"datePublished\":\"2024-10-20T10:26:53+00:00\",\"dateModified\":\"2024-11-11T09:24:05+00:00\",\"breadcrumb\":{\"@id\":\"https:\/\/iberoid.com\/fr\/product\/tritrenbolone150mg-driada\/#breadcrumb\"},\"inLanguage\":\"fr-FR\",\"potentialAction\":[{\"@type\":\"ReadAction\",\"target\":[[\"https:\/\/iberoid.com\/fr\/product\/tritrenbolone150mg-driada\/\"]]}]},{\"@type\":\"ImageObject\",\"inLanguage\":\"fr-FR\",\"@id\":\"https:\/\/iberoid.com\/fr\/product\/tritrenbolone150mg-driada\/#primaryimage\",\"url\":\"https:\/\/iberoid.com\/wp-content\/uploads\/2024\/10\/tritrenbo-driada-scaled.webp\",\"contentUrl\":\"https:\/\/iberoid.com\/wp-content\/uploads\/2024\/10\/tritrenbo-driada-scaled.webp\",\"width\":2560,\"height\":2560},{\"@type\":\"BreadcrumbList\",\"@id\":\"https:\/\/iberoid.com\/fr\/product\/tritrenbolone150mg-driada\/#breadcrumb\",\"itemListElement\":[{\"@type\":\"ListItem\",\"position\":1,\"name\":\"Portada\",\"item\":\"https:\/\/iberoid.com\/fr\/\"},{\"@type\":\"ListItem\",\"position\":2,\"name\":\"Magasin\",\"item\":\"https:\/\/iberoid.com\/fr\/shop\/\"},{\"@type\":\"ListItem\",\"position\":3,\"name\":\"Tremilad 150 mg\/ml (Trenbolone Mix)\"}]},{\"@type\":\"WebSite\",\"@id\":\"https:\/\/iberoid.com\/fr\/#website\",\"url\":\"https:\/\/iberoid.com\/fr\/\",\"name\":\"(Espa\u00f1ol) Esteroides en l\u00ednea\",\"description\":\"(Espa\u00f1ol) Comprar esteroides en l\u00ednea hoy en Espa\u00f1a y Portugal. Tenemos el mejor servicio al cliente en la industria y los productos de la m\u00e1s alta calidad\",\"potentialAction\":[{\"@type\":\"SearchAction\",\"target\":{\"@type\":\"EntryPoint\",\"urlTemplate\":\"https:\/\/iberoid.com\/fr\/?s={search_term_string}\"},\"query-input\":{\"@type\":\"PropertyValueSpecification\",\"valueRequired\":true,\"valueName\":\"search_term_string\"}}],\"inLanguage\":\"fr-FR\"}]}<\/script>\n<meta property=\"product:brand\" content=\"Driada\" \/>\n<meta property=\"product:price:amount\" content=\"60.00\" \/>\n<meta property=\"product:price:currency\" content=\"EUR\" \/>\n<meta property=\"og:availability\" content=\"out of stock\" \/>\n<meta property=\"product:availability\" content=\"out of stock\" \/>\n<meta property=\"product:condition\" content=\"new\" \/>\n<!-- \/ Yoast SEO Premium plugin. -->","yoast_head_json":{"title":"Tremilad 150 mg\/ml (Trenbolone Mix) - (Espa\u00f1ol) Esteroides en l\u00ednea","robots":{"index":"index","follow":"follow","max-snippet":"max-snippet:-1","max-image-preview":"max-image-preview:large","max-video-preview":"max-video-preview:-1"},"canonical":"https:\/\/iberoid.com\/fr\/product\/tritrenbolone150mg-driada\/","og_locale":"fr_FR","og_type":"article","og_title":"Tremilad 150 mg\/ml (Trenbolone Mix)","og_description":"Ingr\u00e9dient actif : Ac\u00e9tate de trenbolone : 50 mg\/ml. Hexahydrobenzyl carbonate de trenbolone : 50 mg\/ml, Enanthate de trenbolone 50","og_url":"https:\/\/iberoid.com\/fr\/product\/tritrenbolone150mg-driada\/","og_site_name":"(Espa\u00f1ol) Esteroides en l\u00ednea","article_modified_time":"2024-11-11T09:24:05+00:00","og_image":[{"width":2560,"height":2560,"url":"https:\/\/iberoid.com\/wp-content\/uploads\/2024\/10\/tritrenbo-driada-scaled.webp","type":"image\/webp"}],"twitter_card":"summary_large_image","twitter_misc":{"Prix":"&euro;60.00","Disponibilit\u00e9":"Rupture de stock"},"schema":{"@context":"https:\/\/schema.org","@graph":[{"@type":"WebPage","@id":"https:\/\/iberoid.com\/fr\/product\/tritrenbolone150mg-driada\/","url":"https:\/\/iberoid.com\/fr\/product\/tritrenbolone150mg-driada\/","name":"Tremilad 150 mg\/ml (Trenbolone Mix) - (Espa\u00f1ol) Esteroides en l\u00ednea","isPartOf":{"@id":"https:\/\/iberoid.com\/fr\/#website"},"primaryImageOfPage":{"@id":"https:\/\/iberoid.com\/fr\/product\/tritrenbolone150mg-driada\/#primaryimage"},"image":{"@id":"https:\/\/iberoid.com\/fr\/product\/tritrenbolone150mg-driada\/#primaryimage"},"thumbnailUrl":"https:\/\/iberoid.com\/wp-content\/uploads\/2024\/10\/tritrenbo-driada-scaled.webp","datePublished":"2024-10-20T10:26:53+00:00","dateModified":"2024-11-11T09:24:05+00:00","breadcrumb":{"@id":"https:\/\/iberoid.com\/fr\/product\/tritrenbolone150mg-driada\/#breadcrumb"},"inLanguage":"fr-FR","potentialAction":[{"@type":"ReadAction","target":[["https:\/\/iberoid.com\/fr\/product\/tritrenbolone150mg-driada\/"]]}]},{"@type":"ImageObject","inLanguage":"fr-FR","@id":"https:\/\/iberoid.com\/fr\/product\/tritrenbolone150mg-driada\/#primaryimage","url":"https:\/\/iberoid.com\/wp-content\/uploads\/2024\/10\/tritrenbo-driada-scaled.webp","contentUrl":"https:\/\/iberoid.com\/wp-content\/uploads\/2024\/10\/tritrenbo-driada-scaled.webp","width":2560,"height":2560},{"@type":"BreadcrumbList","@id":"https:\/\/iberoid.com\/fr\/product\/tritrenbolone150mg-driada\/#breadcrumb","itemListElement":[{"@type":"ListItem","position":1,"name":"Portada","item":"https:\/\/iberoid.com\/fr\/"},{"@type":"ListItem","position":2,"name":"Magasin","item":"https:\/\/iberoid.com\/fr\/shop\/"},{"@type":"ListItem","position":3,"name":"Tremilad 150 mg\/ml (Trenbolone Mix)"}]},{"@type":"WebSite","@id":"https:\/\/iberoid.com\/fr\/#website","url":"https:\/\/iberoid.com\/fr\/","name":"(Espa\u00f1ol) Esteroides en l\u00ednea","description":"(Espa\u00f1ol) Comprar esteroides en l\u00ednea hoy en Espa\u00f1a y Portugal. Tenemos el mejor servicio al cliente en la industria y los productos de la m\u00e1s alta calidad","potentialAction":[{"@type":"SearchAction","target":{"@type":"EntryPoint","urlTemplate":"https:\/\/iberoid.com\/fr\/?s={search_term_string}"},"query-input":{"@type":"PropertyValueSpecification","valueRequired":true,"valueName":"search_term_string"}}],"inLanguage":"fr-FR"}]},"product_brand":"Driada","product_price_amount":"60.00","product_price_currency":"EUR","og_availability":"out of stock","product_availability":"out of stock","product_condition":"new"},"_links":{"self":[{"href":"https:\/\/iberoid.com\/fr\/wp-json\/wp\/v2\/product\/9726","targetHints":{"allow":["GET"]}}],"collection":[{"href":"https:\/\/iberoid.com\/fr\/wp-json\/wp\/v2\/product"}],"about":[{"href":"https:\/\/iberoid.com\/fr\/wp-json\/wp\/v2\/types\/product"}],"replies":[{"embeddable":true,"href":"https:\/\/iberoid.com\/fr\/wp-json\/wp\/v2\/comments?post=9726"}],"wp:featuredmedia":[{"embeddable":true,"href":"https:\/\/iberoid.com\/fr\/wp-json\/wp\/v2\/media\/9727"}],"wp:attachment":[{"href":"https:\/\/iberoid.com\/fr\/wp-json\/wp\/v2\/media?parent=9726"}],"wp:term":[{"taxonomy":"product_brand","embeddable":true,"href":"https:\/\/iberoid.com\/fr\/wp-json\/wp\/v2\/product_brand?post=9726"},{"taxonomy":"product_cat","embeddable":true,"href":"https:\/\/iberoid.com\/fr\/wp-json\/wp\/v2\/product_cat?post=9726"},{"taxonomy":"product_tag","embeddable":true,"href":"https:\/\/iberoid.com\/fr\/wp-json\/wp\/v2\/product_tag?post=9726"}],"curies":[{"name":"wp","href":"https:\/\/api.w.org\/{rel}","templated":true}]}}