{"id":9736,"date":"2024-10-20T10:50:32","date_gmt":"2024-10-20T10:50:32","guid":{"rendered":"https:\/\/iberoid.com\/?post_type=product&#038;p=9736"},"modified":"2024-11-11T09:11:22","modified_gmt":"2024-11-11T09:11:22","slug":"masteron-enanthate-driada","status":"publish","type":"product","link":"https:\/\/iberoid.com\/fr\/product\/masteron-enanthate-driada\/","title":{"rendered":"Drostargos 200 mg\/ml (MASTERON ENANTHATE)"},"content":{"rendered":"<p><\/p>\n<ul>\n<li>Ingr\u00e9dient actif: Drostanolone \u00e9nantate<\/li>\n<li>Type: St\u00e9ro\u00efde anabolisant (d\u00e9riv\u00e9 de DHT)<\/li>\n<li>Forme: Injections<\/li>\n<li><b>Huile porteuse:\u00a0<\/b>Huile de s\u00e9same<\/li>\n<\/ul>\n<h2><b>Description<\/b><\/h2>\n<p>La drostanolone (Masteron) a un effet androg\u00e9nique \u00e9lev\u00e9 et un effet anabolique mod\u00e9r\u00e9. La drostanolone ne s&rsquo;aromatise pas dans le corps (c&rsquo;est-\u00e0-dire qu&rsquo;elle ne se transforme pas en \u0153strog\u00e8nes), au contraire, c&rsquo;est un l\u00e9ger inhibiteur de l&rsquo;aromatase. Elle a une action biologique similaire \u00e0 la dihydrotestost\u00e9rone, car c&rsquo;est un d\u00e9riv\u00e9 de cette hormone.<\/p>\n<p>En m\u00e9decine, la drostanolone est utilis\u00e9e comme traitement pour le cancer du sein chez les femmes, cependant, en raison de la haute probabilit\u00e9 de virilisation, elle est actuellement rarement utilis\u00e9e. La drostanolone n&rsquo;est pas susceptible \u00e0 l&rsquo;action de l&rsquo;aromatase, ce qui signifie qu&rsquo;il n&rsquo;y a pas de moyen de la convertir en estradiol.<\/p>\n<p>Elle a une bonne affinit\u00e9 pour les r\u00e9cepteurs androg\u00e8nes non seulement dans les muscles, mais aussi dans la prostate et le cuir chevelu, d&rsquo;o\u00f9 les effets secondaires possibles : calvitie, hypertrophie de la prostate, croissance des poils corporels. En tant que d\u00e9riv\u00e9 de la DHT, elle inhibe l&rsquo;activit\u00e9 de l&rsquo;estradiol dans les tissus, donc elle pr\u00e9sente une activit\u00e9 antiestrog\u00e8ne indirecte.<\/p>\n<p>Parmi les effets psychologiques de ce m\u00e9dicament, on note une \u201cpouss\u00e9e de motivation\u201d pour l&rsquo;entra\u00eenement, ce qui est tr\u00e8s populaire chez les athl\u00e8tes en p\u00e9riode de r\u00e9gime de s\u00e8che, lorsqu&rsquo;ils manquent de force et subissent une baisse psychologique due au manque de glucides.<\/p>\n<p>La drostanolone est populaire dans le bodybuilding, car elle ne provoque pas de r\u00e9tention d&rsquo;eau et a un l\u00e9ger effet diur\u00e9tique, ce qui am\u00e9liore la d\u00e9finition musculaire. Elle peut \u00eatre utile aux athl\u00e8tes qui souhaitent augmenter la duret\u00e9 et la densit\u00e9 des muscles, elle est principalement utilis\u00e9e avant la comp\u00e9tition. Elle permet d&rsquo;obtenir une forme athl\u00e9tique d\u00e9chir\u00e9e, gr\u00e2ce \u00e0 l&rsquo;effet br\u00fble-graisses du m\u00e9dicament \u00e9galement. La pratique montre que le cycle de la drostanolone peut r\u00e9duire la masse grasse de 5-10% par rapport \u00e0 l&rsquo;\u00e9tat initial.<\/p>\n<p>La drostanolone a un faible indice anabolique (par rapport \u00e0 la testost\u00e9rone), c&rsquo;est pourquoi elle br\u00fble si bien les graisses, tout en augmentant le risque d&rsquo;effets secondaires androg\u00e9niques : agressivit\u00e9, acn\u00e9, calvitie, hypertrophie de la prostate et virilisation chez les femmes.<\/p>\n<h3><b>Dosage<\/b><\/h3>\n<p>L&rsquo;effet optimal du m\u00e9dicament est atteint en utilisant une posologie d&rsquo;environ 300-500 mg par semaine. Les personnes sous th\u00e9rapie de remplacement hormonal peuvent l&rsquo;utiliser pour r\u00e9duire la SHBG, car en termes d&rsquo;effets secondaires, elle augmente la quantit\u00e9 de testost\u00e9rone libre dans le sang. Le m\u00e9dicament est beaucoup plus facile \u00e0 tol\u00e9rer que le stanozolol ou d&rsquo;autres d\u00e9riv\u00e9s de la DHT utilis\u00e9s pour r\u00e9duire la SHBG. Pour ces fins, utiliser de 75 \u00e0 200 mg du m\u00e9dicament par semaine, il est consid\u00e9r\u00e9 que la drostanolone est moins d\u00e9tect\u00e9e au contr\u00f4le antidopage que d&rsquo;autres st\u00e9ro\u00efdes. Cependant, les m\u00e9thodes de d\u00e9tection s&rsquo;am\u00e9liorent constamment, alors soyez conscient de cela.<\/p>\n<ul>\n<li>D\u00e9butant : 200 mg<\/li>\n<li>Dosage moyen : 300-600 mg<\/li>\n<li>Dosage \u00e9lev\u00e9 : 600 mg +<\/li>\n<\/ul>\n<h3><b>Effets<\/b><\/h3>\n<ul>\n<li>Augmentation de la force et de la masse musculaire maigre<\/li>\n<li>Am\u00e9liore votre r\u00e9cup\u00e9ration<\/li>\n<li>Br\u00fblure des graisses<\/li>\n<li>Absence d&rsquo;aromatisation<\/li>\n<\/ul>\n<h3><b>Effets secondaires<\/b><\/h3>\n<ul>\n<li>Suppression de votre propre testost\u00e9rone<\/li>\n<li>R\u00e9duction de la fertilit\u00e9<\/li>\n<li>Augmentation du taux d&rsquo;h\u00e9matocrite<\/li>\n<li>Augmentation de la pression art\u00e9rielle<\/li>\n<li>Acn\u00e9<\/li>\n<li>Calvitie<\/li>\n<li>D\u00e9t\u00e9rioration du profil lipidique<\/li>\n<\/ul>\n<h3><b>Profil<\/b><\/h3>\n<ul>\n<li>La demi-vie est de 4-5 jours<\/li>\n<li>Fr\u00e9quence des injections &#8211; tous les 4-7 jours<\/li>\n<\/ul>\n<p>L&rsquo;\u00e9nanthate est un ester \u00e0 action prolong\u00e9e. En fonction du m\u00e9tabolisme et du contexte hormonal, la dur\u00e9e moyenne d&rsquo;action du m\u00e9dicament est de 2-3 semaines (la demi-vie est de 6-7 jours). Les injections sont effectu\u00e9es une \u00e0 deux fois par semaine pour maintenir une concentration aussi \u00e9lev\u00e9e et stable que possible.<\/p>","protected":false},"excerpt":{"rendered":"<p>Ingr\u00e9dient actif: Drostanolone \u00e9nantate Type: St\u00e9ro\u00efde anabolisant (d\u00e9riv\u00e9 de DHT) Forme: Injections Huile porteuse:\u00a0Huile de s\u00e9same Description La drostanolone (Masteron)<\/p>\n","protected":false},"featured_media":9737,"comment_status":"open","ping_status":"closed","template":"","meta":[],"product_brand":[],"product_cat":[69],"product_tag":[],"class_list":{"0":"post-9736","1":"product","2":"type-product","3":"status-publish","4":"has-post-thumbnail","6":"product_cat-esteroides_inyectables","8":"first","9":"outofstock","10":"sale","11":"shipping-taxable","12":"purchasable","13":"product-type-simple"},"yoast_head":"<!-- This site is optimized with the Yoast SEO Premium plugin v24.4 (Yoast SEO v27.3) - https:\/\/yoast.com\/product\/yoast-seo-premium-wordpress\/ -->\n<title>Drostargos 200 mg\/ml (MASTERON ENANTHATE) - (Espa\u00f1ol) Esteroides en l\u00ednea<\/title>\n<meta name=\"robots\" content=\"index, follow, max-snippet:-1, max-image-preview:large, max-video-preview:-1\" \/>\n<link rel=\"canonical\" href=\"https:\/\/iberoid.com\/fr\/product\/masteron-enanthate-driada\/\" \/>\n<meta property=\"og:locale\" content=\"fr_FR\" \/>\n<meta property=\"og:type\" content=\"article\" \/>\n<meta property=\"og:title\" content=\"Drostargos 200 mg\/ml (MASTERON ENANTHATE)\" \/>\n<meta property=\"og:description\" content=\"Ingr\u00e9dient actif: Drostanolone \u00e9nantate Type: St\u00e9ro\u00efde anabolisant (d\u00e9riv\u00e9 de DHT) Forme: Injections Huile porteuse:\u00a0Huile de s\u00e9same Description La drostanolone (Masteron)\" \/>\n<meta property=\"og:url\" content=\"https:\/\/iberoid.com\/fr\/product\/masteron-enanthate-driada\/\" \/>\n<meta property=\"og:site_name\" content=\"(Espa\u00f1ol) Esteroides en l\u00ednea\" \/>\n<meta property=\"article:modified_time\" content=\"2024-11-11T09:11:22+00:00\" \/>\n<meta property=\"og:image\" content=\"https:\/\/iberoid.com\/wp-content\/uploads\/2024\/10\/maste-ena-driada.webp\" \/>\n\t<meta property=\"og:image:width\" content=\"1000\" \/>\n\t<meta property=\"og:image:height\" content=\"1000\" \/>\n\t<meta property=\"og:image:type\" content=\"image\/webp\" \/>\n<meta name=\"twitter:card\" content=\"summary_large_image\" \/>\n<meta name=\"twitter:label1\" content=\"Prix\" \/>\n\t<meta name=\"twitter:data1\" content=\"&euro;50.00\" \/>\n\t<meta name=\"twitter:label2\" content=\"Disponibilit\u00e9\" \/>\n\t<meta name=\"twitter:data2\" content=\"Rupture de stock\" \/>\n<script type=\"application\/ld+json\" class=\"yoast-schema-graph\">{\"@context\":\"https:\\\/\\\/schema.org\",\"@graph\":[{\"@type\":\"WebPage\",\"@id\":\"https:\\\/\\\/iberoid.com\\\/fr\\\/product\\\/masteron-enanthate-driada\\\/\",\"url\":\"https:\\\/\\\/iberoid.com\\\/fr\\\/product\\\/masteron-enanthate-driada\\\/\",\"name\":\"Drostargos 200 mg\\\/ml (MASTERON ENANTHATE) - (Espa\u00f1ol) Esteroides en l\u00ednea\",\"isPartOf\":{\"@id\":\"https:\\\/\\\/iberoid-shop.com\\\/#website\"},\"primaryImageOfPage\":{\"@id\":\"https:\\\/\\\/iberoid.com\\\/fr\\\/product\\\/masteron-enanthate-driada\\\/#primaryimage\"},\"image\":{\"@id\":\"https:\\\/\\\/iberoid.com\\\/fr\\\/product\\\/masteron-enanthate-driada\\\/#primaryimage\"},\"thumbnailUrl\":\"https:\\\/\\\/iberoid.com\\\/wp-content\\\/uploads\\\/2024\\\/10\\\/maste-ena-driada.webp\",\"datePublished\":\"2024-10-20T10:50:32+00:00\",\"dateModified\":\"2024-11-11T09:11:22+00:00\",\"breadcrumb\":{\"@id\":\"https:\\\/\\\/iberoid.com\\\/fr\\\/product\\\/masteron-enanthate-driada\\\/#breadcrumb\"},\"inLanguage\":\"fr-FR\",\"potentialAction\":[{\"@type\":\"ReadAction\",\"target\":[[\"https:\\\/\\\/iberoid.com\\\/fr\\\/product\\\/masteron-enanthate-driada\\\/\"]]}]},{\"@type\":\"ImageObject\",\"inLanguage\":\"fr-FR\",\"@id\":\"https:\\\/\\\/iberoid.com\\\/fr\\\/product\\\/masteron-enanthate-driada\\\/#primaryimage\",\"url\":\"https:\\\/\\\/iberoid.com\\\/wp-content\\\/uploads\\\/2024\\\/10\\\/maste-ena-driada.webp\",\"contentUrl\":\"https:\\\/\\\/iberoid.com\\\/wp-content\\\/uploads\\\/2024\\\/10\\\/maste-ena-driada.webp\",\"width\":1000,\"height\":1000},{\"@type\":\"BreadcrumbList\",\"@id\":\"https:\\\/\\\/iberoid.com\\\/fr\\\/product\\\/masteron-enanthate-driada\\\/#breadcrumb\",\"itemListElement\":[{\"@type\":\"ListItem\",\"position\":1,\"name\":\"Portada\",\"item\":\"https:\\\/\\\/iberoid.com\\\/fr\\\/\"},{\"@type\":\"ListItem\",\"position\":2,\"name\":\"Magasin\",\"item\":\"https:\\\/\\\/iberoid.com\\\/fr\\\/shop\\\/\"},{\"@type\":\"ListItem\",\"position\":3,\"name\":\"Drostargos 200 mg\\\/ml (MASTERON ENANTHATE)\"}]},{\"@type\":\"WebSite\",\"@id\":\"https:\\\/\\\/iberoid-shop.com\\\/#website\",\"url\":\"https:\\\/\\\/iberoid-shop.com\\\/\",\"name\":\"(Espa\u00f1ol) Esteroides en l\u00ednea\",\"description\":\"(Espa\u00f1ol) Comprar esteroides en l\u00ednea hoy en Espa\u00f1a y Portugal. Tenemos el mejor servicio al cliente en la industria y los productos de la m\u00e1s alta calidad\",\"potentialAction\":[{\"@type\":\"SearchAction\",\"target\":{\"@type\":\"EntryPoint\",\"urlTemplate\":\"https:\\\/\\\/iberoid-shop.com\\\/?s={search_term_string}\"},\"query-input\":{\"@type\":\"PropertyValueSpecification\",\"valueRequired\":true,\"valueName\":\"search_term_string\"}}],\"inLanguage\":\"fr-FR\"}]}<\/script>\n<meta property=\"product:brand\" content=\"Driada\" \/>\n<meta property=\"product:price:amount\" content=\"50.00\" \/>\n<meta property=\"product:price:currency\" content=\"EUR\" \/>\n<meta property=\"og:availability\" content=\"out of stock\" \/>\n<meta property=\"product:availability\" content=\"out of stock\" \/>\n<meta property=\"product:condition\" content=\"new\" \/>\n<!-- \/ Yoast SEO Premium plugin. -->","yoast_head_json":{"title":"Drostargos 200 mg\/ml (MASTERON ENANTHATE) - (Espa\u00f1ol) Esteroides en l\u00ednea","robots":{"index":"index","follow":"follow","max-snippet":"max-snippet:-1","max-image-preview":"max-image-preview:large","max-video-preview":"max-video-preview:-1"},"canonical":"https:\/\/iberoid.com\/fr\/product\/masteron-enanthate-driada\/","og_locale":"fr_FR","og_type":"article","og_title":"Drostargos 200 mg\/ml (MASTERON ENANTHATE)","og_description":"Ingr\u00e9dient actif: Drostanolone \u00e9nantate Type: St\u00e9ro\u00efde anabolisant (d\u00e9riv\u00e9 de DHT) Forme: Injections Huile porteuse:\u00a0Huile de s\u00e9same Description La drostanolone (Masteron)","og_url":"https:\/\/iberoid.com\/fr\/product\/masteron-enanthate-driada\/","og_site_name":"(Espa\u00f1ol) Esteroides en l\u00ednea","article_modified_time":"2024-11-11T09:11:22+00:00","og_image":[{"width":1000,"height":1000,"url":"https:\/\/iberoid.com\/wp-content\/uploads\/2024\/10\/maste-ena-driada.webp","type":"image\/webp"}],"twitter_card":"summary_large_image","twitter_misc":{"Prix":"&euro;50.00","Disponibilit\u00e9":"Rupture de stock"},"schema":{"@context":"https:\/\/schema.org","@graph":[{"@type":"WebPage","@id":"https:\/\/iberoid.com\/fr\/product\/masteron-enanthate-driada\/","url":"https:\/\/iberoid.com\/fr\/product\/masteron-enanthate-driada\/","name":"Drostargos 200 mg\/ml (MASTERON ENANTHATE) - (Espa\u00f1ol) Esteroides en l\u00ednea","isPartOf":{"@id":"https:\/\/iberoid-shop.com\/#website"},"primaryImageOfPage":{"@id":"https:\/\/iberoid.com\/fr\/product\/masteron-enanthate-driada\/#primaryimage"},"image":{"@id":"https:\/\/iberoid.com\/fr\/product\/masteron-enanthate-driada\/#primaryimage"},"thumbnailUrl":"https:\/\/iberoid.com\/wp-content\/uploads\/2024\/10\/maste-ena-driada.webp","datePublished":"2024-10-20T10:50:32+00:00","dateModified":"2024-11-11T09:11:22+00:00","breadcrumb":{"@id":"https:\/\/iberoid.com\/fr\/product\/masteron-enanthate-driada\/#breadcrumb"},"inLanguage":"fr-FR","potentialAction":[{"@type":"ReadAction","target":[["https:\/\/iberoid.com\/fr\/product\/masteron-enanthate-driada\/"]]}]},{"@type":"ImageObject","inLanguage":"fr-FR","@id":"https:\/\/iberoid.com\/fr\/product\/masteron-enanthate-driada\/#primaryimage","url":"https:\/\/iberoid.com\/wp-content\/uploads\/2024\/10\/maste-ena-driada.webp","contentUrl":"https:\/\/iberoid.com\/wp-content\/uploads\/2024\/10\/maste-ena-driada.webp","width":1000,"height":1000},{"@type":"BreadcrumbList","@id":"https:\/\/iberoid.com\/fr\/product\/masteron-enanthate-driada\/#breadcrumb","itemListElement":[{"@type":"ListItem","position":1,"name":"Portada","item":"https:\/\/iberoid.com\/fr\/"},{"@type":"ListItem","position":2,"name":"Magasin","item":"https:\/\/iberoid.com\/fr\/shop\/"},{"@type":"ListItem","position":3,"name":"Drostargos 200 mg\/ml (MASTERON ENANTHATE)"}]},{"@type":"WebSite","@id":"https:\/\/iberoid-shop.com\/#website","url":"https:\/\/iberoid-shop.com\/","name":"(Espa\u00f1ol) Esteroides en l\u00ednea","description":"(Espa\u00f1ol) Comprar esteroides en l\u00ednea hoy en Espa\u00f1a y Portugal. Tenemos el mejor servicio al cliente en la industria y los productos de la m\u00e1s alta calidad","potentialAction":[{"@type":"SearchAction","target":{"@type":"EntryPoint","urlTemplate":"https:\/\/iberoid-shop.com\/?s={search_term_string}"},"query-input":{"@type":"PropertyValueSpecification","valueRequired":true,"valueName":"search_term_string"}}],"inLanguage":"fr-FR"}]},"product_brand":"Driada","product_price_amount":"50.00","product_price_currency":"EUR","og_availability":"out of stock","product_availability":"out of stock","product_condition":"new"},"_links":{"self":[{"href":"https:\/\/iberoid.com\/fr\/wp-json\/wp\/v2\/product\/9736","targetHints":{"allow":["GET"]}}],"collection":[{"href":"https:\/\/iberoid.com\/fr\/wp-json\/wp\/v2\/product"}],"about":[{"href":"https:\/\/iberoid.com\/fr\/wp-json\/wp\/v2\/types\/product"}],"replies":[{"embeddable":true,"href":"https:\/\/iberoid.com\/fr\/wp-json\/wp\/v2\/comments?post=9736"}],"wp:featuredmedia":[{"embeddable":true,"href":"https:\/\/iberoid.com\/fr\/wp-json\/wp\/v2\/media\/9737"}],"wp:attachment":[{"href":"https:\/\/iberoid.com\/fr\/wp-json\/wp\/v2\/media?parent=9736"}],"wp:term":[{"taxonomy":"product_brand","embeddable":true,"href":"https:\/\/iberoid.com\/fr\/wp-json\/wp\/v2\/product_brand?post=9736"},{"taxonomy":"product_cat","embeddable":true,"href":"https:\/\/iberoid.com\/fr\/wp-json\/wp\/v2\/product_cat?post=9736"},{"taxonomy":"product_tag","embeddable":true,"href":"https:\/\/iberoid.com\/fr\/wp-json\/wp\/v2\/product_tag?post=9736"}],"curies":[{"name":"wp","href":"https:\/\/api.w.org\/{rel}","templated":true}]}}