{"id":9740,"date":"2024-10-20T10:54:22","date_gmt":"2024-10-20T10:54:22","guid":{"rendered":"https:\/\/iberoid.com\/?post_type=product&#038;p=9740"},"modified":"2025-01-26T13:59:18","modified_gmt":"2025-01-26T13:59:18","slug":"testosteron-propionat-imperia-labs","status":"publish","type":"product","link":"https:\/\/iberoid.com\/fr\/product\/testosteron-propionat-imperia-labs\/","title":{"rendered":"TESTOSTERONE PROPIONATE 100mg"},"content":{"rendered":"<p>En utilisant ce produit, les athl\u00e8tes peuvent augmenter les gains musculaires, augmenter la force et augmenter l&rsquo;oxyg\u00e8ne dans les cellules sanguines pour stimuler une r\u00e9g\u00e9n\u00e9ration plus rapide des tissus musculaires et osseux. De plus, il favorise le bien-\u00eatre sexuel, stimule un fond \u00e9motionnel positif et acc\u00e9l\u00e8re la combustion des graisses.<\/p>\n<h2>Effets secondaires:<\/h2>\n<p>Les effets ind\u00e9sirables les plus courants attribu\u00e9s \u00e0 ce st\u00e9ro\u00efde sont l\u2019acn\u00e9, l\u2019arr\u00eat temporaire de la reproduction de la ron , l\u2019augmentation des taux de cholest\u00e9rol de basse densit\u00e9 (LDL) et l\u2019aromatisation.<\/p>\n<h2>Protection:<\/h2>\n<p>Vous devriez envisager de prendre des m\u00e9dicaments pour r\u00e9guler le niveau de prolactine lorsque vous utilisez ce produit. De plus, envisagez d\u2019inclure de l\u2019HGH, de la gonadotrophine, de la bold\u00e9none, du l\u00e9trozole, de l\u2019ex\u00e9mestane ou de l\u2019anastrozole pour minimiser les effets secondaires.<\/p>\n<h2>Stacking :<\/h2>\n<p>Imperia Labs Testoste ron e Propionate 100 montre d&rsquo;excellents r\u00e9sultats et peut \u00eatre appliqu\u00e9 en toute s\u00e9curit\u00e9 avec des esters courts et du HGH.<\/p>\n<p>&nbsp;<\/p>\n<h3>ron Propionate\u00a0: Un guide complet de l&rsquo;ester court ron<\/h3>\n<h4>Introduction:<\/h4>\n<p>Testo P est une variante populaire et \u00e0 action rapide de l&rsquo;hormone ron e, class\u00e9e comme un ester court ron e. Cet article propose une exploration approfondie de ce PED, couvrant ses caract\u00e9ristiques, ses utilisations et ses consid\u00e9rations pour les personnes envisageant de l&rsquo;inclure dans leurs programmes de remise en forme.<\/p>\n<h4>Comprendre le test P\u00a0:<\/h4>\n<p>Le propionate de ron est une forme synth\u00e9tique de ron \u00e0 laquelle est attach\u00e9 un ester de propionate, qui influence sa lib\u00e9ration et la dur\u00e9e de son activit\u00e9 dans le corps. Cet ester court permet un d\u00e9but d&rsquo;action plus rapide par rapport aux variantes de ron ester plus long, ce qui en fait un choix privil\u00e9gi\u00e9 pour certaines applications.<\/p>\n<h4>D\u00e9veloppement musculaire et effets anabolisants\u00a0:<\/h4>\n<p>En tant que variante de ron , le propionate de ron favorise la croissance musculaire gr\u00e2ce \u00e0 une r\u00e9tention accrue d&rsquo;azote et \u00e0 une synth\u00e8se am\u00e9lior\u00e9e des prot\u00e9ines. Les culturistes se tournent souvent vers ce court ester de ron pendant les phases de bulk et cut . Bien qu&rsquo;il ne conduise pas \u00e0 autant de r\u00e9tention d&rsquo;eau que les formes de ron \u00e0 ester plus long, le propionate de ron offre toujours des gains substantiels en termes de masse musculaire et de force.<\/p>\n<h4>Nature \u00e0 action rapide\u00a0:<\/h4>\n<p>L\u2019un des principaux avantages de ce PED est son d\u00e9lai d\u2019action rapide. Les utilisateurs obtiennent g\u00e9n\u00e9ralement des r\u00e9sultats quelques jours apr\u00e8s l&rsquo;administration, ce qui le rend adapt\u00e9 aux personnes recherchant des changements rapides dans leur physique ou \u00e0 celles ayant des exigences de timing sp\u00e9cifiques pour les comp\u00e9titions ou les \u00e9v\u00e9nements.<\/p>\n<h4>Effets \u0153strog\u00e9niques r\u00e9duits\u00a0:<\/h4>\n<p>Compar\u00e9 aux variantes de ron \u00e0 ester plus long, le test P est moins susceptible de provoquer des effets secondaires \u0153strog\u00e9niques tels que la r\u00e9tention d&rsquo;eau et la gyn\u00e9comastie. Cela en fait un choix favorable pour les personnes sensibles aux probl\u00e8mes li\u00e9s aux \u0153strog\u00e8nes.<\/p>\n<h4>Consid\u00e9rations et effets secondaires potentiels\u00a0:<\/h4>\n<p>Bien que ce m\u00e9dicament am\u00e9liorant les performances (PED) offre des avantages, les utilisateurs doivent \u00eatre conscients des effets secondaires potentiels. Des effets androg\u00e8nes tels que l\u2019acn\u00e9, la peau grasse et une perte de cheveux acc\u00e9l\u00e9r\u00e9e peuvent survenir. De plus, les effets \u0153strog\u00e9niques et la suppression potentielle du ron sont des consid\u00e9rations qui n\u00e9cessitent une gestion prudente, impliquant souvent des m\u00e9dicaments auxiliaires et une th\u00e9rapie post-cycle.<\/p>\n<h4>Conclusion:<\/h4>\n<p>Ce st\u00e9ro\u00efde, avec sa nature d\u2019action rapide et ses effets anabolisants, occupe une place importante dans le monde de l\u2019am\u00e9lioration des performances. Que ce soit pour un renforcement musculaire, un gain de force ou une transformation esth\u00e9tique rapide, les individus se tournent souvent vers cet ester court de ron pour ses avantages sp\u00e9cifiques. Comme pour toute substance am\u00e9liorant les performances, une utilisation responsable, le respect des doses recommand\u00e9es et la consultation de professionnels de la sant\u00e9 garantissent une exp\u00e9rience s\u00fbre et efficace pour ceux qui envisagent ce st\u00e9ro\u00efde dans le cadre de leur parcours de remise en forme.<\/p>","protected":false},"excerpt":{"rendered":"<p>En utilisant ce produit, les athl\u00e8tes peuvent augmenter les gains musculaires, augmenter la force et augmenter l&rsquo;oxyg\u00e8ne dans les cellules<\/p>\n","protected":false},"featured_media":9741,"comment_status":"open","ping_status":"closed","template":"","meta":[],"product_brand":[],"product_cat":[69],"product_tag":[],"class_list":{"0":"post-9740","1":"product","2":"type-product","3":"status-publish","4":"has-post-thumbnail","6":"product_cat-esteroides_inyectables","8":"first","9":"outofstock","10":"sale","11":"shipping-taxable","12":"purchasable","13":"product-type-simple"},"yoast_head":"<!-- This site is optimized with the Yoast SEO Premium plugin v24.4 (Yoast SEO v27.3) - https:\/\/yoast.com\/product\/yoast-seo-premium-wordpress\/ -->\n<title>TESTOSTERONE PROPIONATE 100mg - (Espa\u00f1ol) Esteroides en l\u00ednea<\/title>\n<meta name=\"robots\" content=\"index, follow, max-snippet:-1, max-image-preview:large, max-video-preview:-1\" \/>\n<link rel=\"canonical\" href=\"https:\/\/iberoid.com\/fr\/product\/testosteron-propionat-imperia-labs\/\" \/>\n<meta property=\"og:locale\" content=\"fr_FR\" \/>\n<meta property=\"og:type\" content=\"article\" \/>\n<meta property=\"og:title\" content=\"TESTOSTERONE PROPIONATE 100mg\" \/>\n<meta property=\"og:description\" content=\"En utilisant ce produit, les athl\u00e8tes peuvent augmenter les gains musculaires, augmenter la force et augmenter l&rsquo;oxyg\u00e8ne dans les cellules\" \/>\n<meta property=\"og:url\" content=\"https:\/\/iberoid.com\/fr\/product\/testosteron-propionat-imperia-labs\/\" \/>\n<meta property=\"og:site_name\" content=\"(Espa\u00f1ol) Esteroides en l\u00ednea\" \/>\n<meta property=\"article:modified_time\" content=\"2025-01-26T13:59:18+00:00\" \/>\n<meta property=\"og:image\" content=\"https:\/\/iberoid.com\/wp-content\/uploads\/2024\/10\/tp-imp.jpeg?v=1729421656\" \/>\n\t<meta property=\"og:image:width\" content=\"2560\" \/>\n\t<meta property=\"og:image:height\" content=\"1920\" \/>\n\t<meta property=\"og:image:type\" content=\"image\/jpeg\" \/>\n<meta name=\"twitter:card\" content=\"summary_large_image\" \/>\n<meta name=\"twitter:label1\" content=\"Prix\" \/>\n\t<meta name=\"twitter:data1\" content=\"&euro;35.00\" \/>\n\t<meta name=\"twitter:label2\" content=\"Disponibilit\u00e9\" \/>\n\t<meta name=\"twitter:data2\" content=\"Rupture de stock\" \/>\n<script type=\"application\/ld+json\" class=\"yoast-schema-graph\">{\"@context\":\"https:\\\/\\\/schema.org\",\"@graph\":[{\"@type\":\"WebPage\",\"@id\":\"https:\\\/\\\/iberoid.com\\\/fr\\\/product\\\/testosteron-propionat-imperia-labs\\\/\",\"url\":\"https:\\\/\\\/iberoid.com\\\/fr\\\/product\\\/testosteron-propionat-imperia-labs\\\/\",\"name\":\"TESTOSTERONE PROPIONATE 100mg - (Espa\u00f1ol) Esteroides en l\u00ednea\",\"isPartOf\":{\"@id\":\"https:\\\/\\\/iberoid.com\\\/fr\\\/#website\"},\"primaryImageOfPage\":{\"@id\":\"https:\\\/\\\/iberoid.com\\\/fr\\\/product\\\/testosteron-propionat-imperia-labs\\\/#primaryimage\"},\"image\":{\"@id\":\"https:\\\/\\\/iberoid.com\\\/fr\\\/product\\\/testosteron-propionat-imperia-labs\\\/#primaryimage\"},\"thumbnailUrl\":\"https:\\\/\\\/iberoid.com\\\/wp-content\\\/uploads\\\/2024\\\/10\\\/tp-imp.jpeg?v=1729421656\",\"datePublished\":\"2024-10-20T10:54:22+00:00\",\"dateModified\":\"2025-01-26T13:59:18+00:00\",\"breadcrumb\":{\"@id\":\"https:\\\/\\\/iberoid.com\\\/fr\\\/product\\\/testosteron-propionat-imperia-labs\\\/#breadcrumb\"},\"inLanguage\":\"fr-FR\",\"potentialAction\":[{\"@type\":\"ReadAction\",\"target\":[[\"https:\\\/\\\/iberoid.com\\\/fr\\\/product\\\/testosteron-propionat-imperia-labs\\\/\"]]}]},{\"@type\":\"ImageObject\",\"inLanguage\":\"fr-FR\",\"@id\":\"https:\\\/\\\/iberoid.com\\\/fr\\\/product\\\/testosteron-propionat-imperia-labs\\\/#primaryimage\",\"url\":\"https:\\\/\\\/iberoid.com\\\/wp-content\\\/uploads\\\/2024\\\/10\\\/tp-imp.jpeg?v=1729421656\",\"contentUrl\":\"https:\\\/\\\/iberoid.com\\\/wp-content\\\/uploads\\\/2024\\\/10\\\/tp-imp.jpeg?v=1729421656\",\"width\":2560,\"height\":1920},{\"@type\":\"BreadcrumbList\",\"@id\":\"https:\\\/\\\/iberoid.com\\\/fr\\\/product\\\/testosteron-propionat-imperia-labs\\\/#breadcrumb\",\"itemListElement\":[{\"@type\":\"ListItem\",\"position\":1,\"name\":\"Portada\",\"item\":\"https:\\\/\\\/iberoid.com\\\/fr\\\/\"},{\"@type\":\"ListItem\",\"position\":2,\"name\":\"Magasin\",\"item\":\"https:\\\/\\\/iberoid.com\\\/fr\\\/shop\\\/\"},{\"@type\":\"ListItem\",\"position\":3,\"name\":\"TESTOSTERONE PROPIONATE 100mg\"}]},{\"@type\":\"WebSite\",\"@id\":\"https:\\\/\\\/iberoid.com\\\/fr\\\/#website\",\"url\":\"https:\\\/\\\/iberoid.com\\\/fr\\\/\",\"name\":\"(Espa\u00f1ol) Esteroides en l\u00ednea\",\"description\":\"(Espa\u00f1ol) Comprar esteroides en l\u00ednea hoy en Espa\u00f1a y Portugal. Tenemos el mejor servicio al cliente en la industria y los productos de la m\u00e1s alta calidad\",\"potentialAction\":[{\"@type\":\"SearchAction\",\"target\":{\"@type\":\"EntryPoint\",\"urlTemplate\":\"https:\\\/\\\/iberoid.com\\\/fr\\\/?s={search_term_string}\"},\"query-input\":{\"@type\":\"PropertyValueSpecification\",\"valueRequired\":true,\"valueName\":\"search_term_string\"}}],\"inLanguage\":\"fr-FR\"}]}<\/script>\n<meta property=\"product:brand\" content=\"IMPERIA LABS\" \/>\n<meta property=\"product:price:amount\" content=\"35.00\" \/>\n<meta property=\"product:price:currency\" content=\"EUR\" \/>\n<meta property=\"og:availability\" content=\"out of stock\" \/>\n<meta property=\"product:availability\" content=\"out of stock\" \/>\n<meta property=\"product:condition\" content=\"new\" \/>\n<!-- \/ Yoast SEO Premium plugin. -->","yoast_head_json":{"title":"TESTOSTERONE PROPIONATE 100mg - (Espa\u00f1ol) Esteroides en l\u00ednea","robots":{"index":"index","follow":"follow","max-snippet":"max-snippet:-1","max-image-preview":"max-image-preview:large","max-video-preview":"max-video-preview:-1"},"canonical":"https:\/\/iberoid.com\/fr\/product\/testosteron-propionat-imperia-labs\/","og_locale":"fr_FR","og_type":"article","og_title":"TESTOSTERONE PROPIONATE 100mg","og_description":"En utilisant ce produit, les athl\u00e8tes peuvent augmenter les gains musculaires, augmenter la force et augmenter l&rsquo;oxyg\u00e8ne dans les cellules","og_url":"https:\/\/iberoid.com\/fr\/product\/testosteron-propionat-imperia-labs\/","og_site_name":"(Espa\u00f1ol) Esteroides en l\u00ednea","article_modified_time":"2025-01-26T13:59:18+00:00","og_image":[{"width":2560,"height":1920,"url":"https:\/\/iberoid.com\/wp-content\/uploads\/2024\/10\/tp-imp.jpeg?v=1729421656","type":"image\/jpeg"}],"twitter_card":"summary_large_image","twitter_misc":{"Prix":"&euro;35.00","Disponibilit\u00e9":"Rupture de stock"},"schema":{"@context":"https:\/\/schema.org","@graph":[{"@type":"WebPage","@id":"https:\/\/iberoid.com\/fr\/product\/testosteron-propionat-imperia-labs\/","url":"https:\/\/iberoid.com\/fr\/product\/testosteron-propionat-imperia-labs\/","name":"TESTOSTERONE PROPIONATE 100mg - (Espa\u00f1ol) Esteroides en l\u00ednea","isPartOf":{"@id":"https:\/\/iberoid.com\/fr\/#website"},"primaryImageOfPage":{"@id":"https:\/\/iberoid.com\/fr\/product\/testosteron-propionat-imperia-labs\/#primaryimage"},"image":{"@id":"https:\/\/iberoid.com\/fr\/product\/testosteron-propionat-imperia-labs\/#primaryimage"},"thumbnailUrl":"https:\/\/iberoid.com\/wp-content\/uploads\/2024\/10\/tp-imp.jpeg?v=1729421656","datePublished":"2024-10-20T10:54:22+00:00","dateModified":"2025-01-26T13:59:18+00:00","breadcrumb":{"@id":"https:\/\/iberoid.com\/fr\/product\/testosteron-propionat-imperia-labs\/#breadcrumb"},"inLanguage":"fr-FR","potentialAction":[{"@type":"ReadAction","target":[["https:\/\/iberoid.com\/fr\/product\/testosteron-propionat-imperia-labs\/"]]}]},{"@type":"ImageObject","inLanguage":"fr-FR","@id":"https:\/\/iberoid.com\/fr\/product\/testosteron-propionat-imperia-labs\/#primaryimage","url":"https:\/\/iberoid.com\/wp-content\/uploads\/2024\/10\/tp-imp.jpeg?v=1729421656","contentUrl":"https:\/\/iberoid.com\/wp-content\/uploads\/2024\/10\/tp-imp.jpeg?v=1729421656","width":2560,"height":1920},{"@type":"BreadcrumbList","@id":"https:\/\/iberoid.com\/fr\/product\/testosteron-propionat-imperia-labs\/#breadcrumb","itemListElement":[{"@type":"ListItem","position":1,"name":"Portada","item":"https:\/\/iberoid.com\/fr\/"},{"@type":"ListItem","position":2,"name":"Magasin","item":"https:\/\/iberoid.com\/fr\/shop\/"},{"@type":"ListItem","position":3,"name":"TESTOSTERONE PROPIONATE 100mg"}]},{"@type":"WebSite","@id":"https:\/\/iberoid.com\/fr\/#website","url":"https:\/\/iberoid.com\/fr\/","name":"(Espa\u00f1ol) Esteroides en l\u00ednea","description":"(Espa\u00f1ol) Comprar esteroides en l\u00ednea hoy en Espa\u00f1a y Portugal. Tenemos el mejor servicio al cliente en la industria y los productos de la m\u00e1s alta calidad","potentialAction":[{"@type":"SearchAction","target":{"@type":"EntryPoint","urlTemplate":"https:\/\/iberoid.com\/fr\/?s={search_term_string}"},"query-input":{"@type":"PropertyValueSpecification","valueRequired":true,"valueName":"search_term_string"}}],"inLanguage":"fr-FR"}]},"product_brand":"IMPERIA LABS","product_price_amount":"35.00","product_price_currency":"EUR","og_availability":"out of stock","product_availability":"out of stock","product_condition":"new"},"_links":{"self":[{"href":"https:\/\/iberoid.com\/fr\/wp-json\/wp\/v2\/product\/9740","targetHints":{"allow":["GET"]}}],"collection":[{"href":"https:\/\/iberoid.com\/fr\/wp-json\/wp\/v2\/product"}],"about":[{"href":"https:\/\/iberoid.com\/fr\/wp-json\/wp\/v2\/types\/product"}],"replies":[{"embeddable":true,"href":"https:\/\/iberoid.com\/fr\/wp-json\/wp\/v2\/comments?post=9740"}],"wp:featuredmedia":[{"embeddable":true,"href":"https:\/\/iberoid.com\/fr\/wp-json\/wp\/v2\/media\/9741"}],"wp:attachment":[{"href":"https:\/\/iberoid.com\/fr\/wp-json\/wp\/v2\/media?parent=9740"}],"wp:term":[{"taxonomy":"product_brand","embeddable":true,"href":"https:\/\/iberoid.com\/fr\/wp-json\/wp\/v2\/product_brand?post=9740"},{"taxonomy":"product_cat","embeddable":true,"href":"https:\/\/iberoid.com\/fr\/wp-json\/wp\/v2\/product_cat?post=9740"},{"taxonomy":"product_tag","embeddable":true,"href":"https:\/\/iberoid.com\/fr\/wp-json\/wp\/v2\/product_tag?post=9740"}],"curies":[{"name":"wp","href":"https:\/\/api.w.org\/{rel}","templated":true}]}}