{"id":9751,"date":"2024-10-20T11:04:28","date_gmt":"2024-10-20T11:04:28","guid":{"rendered":"https:\/\/iberoid.com\/?post_type=product&#038;p=9751"},"modified":"2026-04-07T17:36:36","modified_gmt":"2026-04-07T17:36:36","slug":"turinabol10mg-imperia-labs","status":"publish","type":"product","link":"https:\/\/iberoid.com\/fr\/product\/turinabol10mg-imperia-labs\/","title":{"rendered":"TURINABOL 10mg"},"content":{"rendered":"<p>en utilisant Imperia Labs Turinabol 10, les athl\u00e8tes peuvent augmenter les gains de masse musculaire maigre, augmenter la force, renforcer les os, augmenter la libido et stimuler la r\u00e9g\u00e9n\u00e9ration des tissus musculaires.<\/p>\n<h2>Effets secondaires:<\/h2>\n<p>Les effets ind\u00e9sirables les plus courants attribu\u00e9s au Turinabol sont l\u2019acn\u00e9, l\u2019arr\u00eat temporaire de la reproduction de la ron , l\u2019augmentation des taux de cholest\u00e9rol de basse densit\u00e9 (LDL) et l\u2019augmentation des enzymes h\u00e9patiques.<\/p>\n<p>Protection Envisagez l&rsquo;inclusion de gonadotrophine lors de l&rsquo;utilisation de ce produit. N&rsquo;utilisez pas ce produit en association avec d&rsquo;autres st\u00e9ro\u00efdes anabolisants oraux ou si vous souffrez de maladies du tractus gastro-intestinal. En raison de la charge accrue sur le foie, nous recommandons de diviser la dose par deux et de ne pas utiliser Turinabol pendant plus de 8 \u00e0 12 semaines.<\/p>\n<h2>Stacking :<\/h2>\n<p>Ce m\u00e9dicament montre d&rsquo;excellents r\u00e9sultats et peut \u00eatre appliqu\u00e9 en toute s\u00e9curit\u00e9 avec HGH et des esters longs et courts comme Testoste ron e P.<\/p>\n<p>&nbsp;<\/p>\n<h3>Turinabol\u00a0: une exploration approfondie du st\u00e9ro\u00efde anabolisant<\/h3>\n<h4>Introduction:<\/h4>\n<p>Tbol, est un st\u00e9ro\u00efde anabolisant avec une histoire unique et une place dans le domaine de l\u2019am\u00e9lioration des performances. Cet article vise \u00e0 fournir un aper\u00e7u complet du Turinabol, couvrant ses caract\u00e9ristiques, ses utilisations et ses consid\u00e9rations potentielles pour ceux qui envisagent son incorporation dans leurs programmes de remise en forme.<\/p>\n<h4>Comprendre Turinabol\u00a0:<\/h4>\n<p>D\u00e9velopp\u00e9 dans les ann\u00e9es 1960 par des scientifiques est-allemands, le Tbol est une forme modifi\u00e9e du Dianabol, additionn\u00e9e d\u2019un atome de chlore. Cette modification r\u00e9duit les effets androg\u00e8nes du st\u00e9ro\u00efde tout en conservant ses propri\u00e9t\u00e9s anabolisantes. Turinabol est connu pour sa polyvalence, offrant un \u00e9quilibre entre les capacit\u00e9s de d\u00e9veloppement musculaire et la minimisation des effets secondaires potentiels.<\/p>\n<h4>D\u00e9veloppement musculaire et effets anabolisants\u00a0:<\/h4>\n<p>T-Bol est appr\u00e9ci\u00e9 pour sa capacit\u00e9 \u00e0 favoriser la masse musculaire maigre sans r\u00e9tention d\u2019eau excessive. Il am\u00e9liore la r\u00e9tention d\u2019azote et la synth\u00e8se des prot\u00e9ines, contribuant ainsi \u00e0 un ron anabolisant favorable. Les utilisateurs se tournent souvent vers T-Bol pendant les phases cut ou de prise bulk maigre pour obtenir des gains musculaires progressifs et de qualit\u00e9.<\/p>\n<h4>Am\u00e9lioration de l&rsquo;endurance et de l&rsquo;endurance\u00a0:<\/h4>\n<p>Les athl\u00e8tes appr\u00e9cient cet AAS pour son impact sur l&rsquo;endurance et la r\u00e9sistance. Le st\u00e9ro\u00efde augmente la production de globules rouges, am\u00e9liorant ainsi l\u2019apport d\u2019oxyg\u00e8ne aux muscles. Cette oxyg\u00e9nation am\u00e9lior\u00e9e peut entra\u00eener une augmentation de l\u2019endurance lors d\u2019entra\u00eenements prolong\u00e9s, ce qui en fait un choix appropri\u00e9 pour les athl\u00e8tes de diverses disciplines.<\/p>\n<h4>Effets androg\u00e8nes l\u00e9gers\u00a0:<\/h4>\n<p>Ce m\u00e9dicament pr\u00e9sente de l\u00e9gers effets androg\u00e8nes, ce qui en fait une option privil\u00e9gi\u00e9e pour les personnes sensibles aux effets secondaires androg\u00e8nes. Les utilisateurs rencontrent g\u00e9n\u00e9ralement moins de probl\u00e8mes tels que l\u2019acn\u00e9, la peau grasse et la perte de cheveux acc\u00e9l\u00e9r\u00e9e par rapport \u00e0 d\u2019autres st\u00e9ro\u00efdes anabolisants plus puissants.<\/p>\n<h4>Consid\u00e9rations et effets secondaires potentiels\u00a0:<\/h4>\n<p>Bien que ce PED soit consid\u00e9r\u00e9 comme relativement l\u00e9ger, les utilisateurs doivent \u00eatre conscients des effets secondaires potentiels. La toxicit\u00e9 h\u00e9patique est pr\u00e9occupante et une surveillance r\u00e9guli\u00e8re de la fonction h\u00e9patique est conseill\u00e9e pendant son utilisation. Des d\u00e9s\u00e9quilibres hormonaux peuvent \u00e9galement survenir, n\u00e9cessitant une th\u00e9rapie post-cycle pour restaurer la production naturelle de ron .<\/p>\n<h4>Conclusion:<\/h4>\n<p>Ce PED, avec ses effets anabolisants \u00e9quilibr\u00e9s et ses l\u00e9g\u00e8res propri\u00e9t\u00e9s androg\u00e8nes, s&rsquo;est taill\u00e9 une niche dans le monde de l&rsquo;am\u00e9lioration des performances. Sa polyvalence le rend adapt\u00e9 aux cycles cut et bulk , et son potentiel de minimisation des effets secondaires androg\u00e8nes est appr\u00e9ci\u00e9 par les utilisateurs. Comme pour tout st\u00e9ro\u00efde anabolisant, une utilisation responsable, le respect des doses recommand\u00e9es et la consultation de professionnels de la sant\u00e9 garantissent une exp\u00e9rience s\u00fbre et efficace pour ceux qui envisagent T-Bol dans le cadre de leur parcours de remise en forme.<\/p>","protected":false},"excerpt":{"rendered":"<p>en utilisant Imperia Labs Turinabol 10, les athl\u00e8tes peuvent augmenter les gains de masse musculaire maigre, augmenter la force, renforcer<\/p>\n","protected":false},"featured_media":9752,"comment_status":"open","ping_status":"closed","template":"","meta":[],"product_brand":[3532],"product_cat":[73],"product_tag":[],"class_list":{"0":"post-9751","1":"product","2":"type-product","3":"status-publish","4":"has-post-thumbnail","6":"product_brand-imperia-labs","7":"product_cat-ssteroides_orales","9":"first","10":"instock","11":"sale","12":"shipping-taxable","13":"purchasable","14":"product-type-simple"},"yoast_head":"<!-- This site is optimized with the Yoast SEO Premium plugin v24.4 (Yoast SEO v27.3) - https:\/\/yoast.com\/product\/yoast-seo-premium-wordpress\/ -->\n<title>TURINABOL 10mg - (Espa\u00f1ol) Esteroides en l\u00ednea<\/title>\n<meta name=\"description\" content=\"Imperia Labs Turinabol 10 am\u00e9liore la masse musculaire maigre, la force et la r\u00e9cup\u00e9ration tout en renfor\u00e7ant la sant\u00e9 osseuse. Utilisez-le avec responsabilit\u00e9 pour minimiser les effets secondaires et maximiser les gains.\" \/>\n<meta name=\"robots\" content=\"index, follow, max-snippet:-1, max-image-preview:large, max-video-preview:-1\" \/>\n<link rel=\"canonical\" href=\"https:\/\/iberoid.com\/fr\/product\/turinabol10mg-imperia-labs\/\" \/>\n<meta property=\"og:locale\" content=\"fr_FR\" \/>\n<meta property=\"og:type\" content=\"article\" \/>\n<meta property=\"og:title\" content=\"TURINABOL 10mg\" \/>\n<meta property=\"og:description\" content=\"Imperia Labs Turinabol 10 am\u00e9liore la masse musculaire maigre, la force et la r\u00e9cup\u00e9ration tout en renfor\u00e7ant la sant\u00e9 osseuse. Utilisez-le avec responsabilit\u00e9 pour minimiser les effets secondaires et maximiser les gains.\" \/>\n<meta property=\"og:url\" content=\"https:\/\/iberoid.com\/fr\/product\/turinabol10mg-imperia-labs\/\" \/>\n<meta property=\"og:site_name\" content=\"(Espa\u00f1ol) Esteroides en l\u00ednea\" \/>\n<meta property=\"article:modified_time\" content=\"2026-04-07T17:36:36+00:00\" \/>\n<meta property=\"og:image\" content=\"https:\/\/iberoid.com\/wp-content\/uploads\/2024\/10\/turi-imp.jpeg?v=1729422257\" \/>\n\t<meta property=\"og:image:width\" content=\"2560\" \/>\n\t<meta property=\"og:image:height\" content=\"1707\" \/>\n\t<meta property=\"og:image:type\" content=\"image\/jpeg\" \/>\n<meta name=\"twitter:card\" content=\"summary_large_image\" \/>\n<meta name=\"twitter:label1\" content=\"Prix\" \/>\n\t<meta name=\"twitter:data1\" content=\"&euro;45.00\" \/>\n\t<meta name=\"twitter:label2\" content=\"Disponibilit\u00e9\" \/>\n\t<meta name=\"twitter:data2\" content=\"En stock\" \/>\n<script type=\"application\/ld+json\" class=\"yoast-schema-graph\">{\"@context\":\"https:\\\/\\\/schema.org\",\"@graph\":[{\"@type\":\"WebPage\",\"@id\":\"https:\\\/\\\/iberoid.com\\\/fr\\\/product\\\/turinabol10mg-imperia-labs\\\/\",\"url\":\"https:\\\/\\\/iberoid.com\\\/fr\\\/product\\\/turinabol10mg-imperia-labs\\\/\",\"name\":\"TURINABOL 10mg - (Espa\u00f1ol) Esteroides en l\u00ednea\",\"isPartOf\":{\"@id\":\"https:\\\/\\\/iberoid.com\\\/fr\\\/#website\"},\"primaryImageOfPage\":{\"@id\":\"https:\\\/\\\/iberoid.com\\\/fr\\\/product\\\/turinabol10mg-imperia-labs\\\/#primaryimage\"},\"image\":{\"@id\":\"https:\\\/\\\/iberoid.com\\\/fr\\\/product\\\/turinabol10mg-imperia-labs\\\/#primaryimage\"},\"thumbnailUrl\":\"https:\\\/\\\/iberoid.com\\\/wp-content\\\/uploads\\\/2024\\\/10\\\/turi-imp.jpeg?v=1729422257\",\"datePublished\":\"2024-10-20T11:04:28+00:00\",\"dateModified\":\"2026-04-07T17:36:36+00:00\",\"description\":\"Imperia Labs Turinabol 10 am\u00e9liore la masse musculaire maigre, la force et la r\u00e9cup\u00e9ration tout en renfor\u00e7ant la sant\u00e9 osseuse. Utilisez-le avec responsabilit\u00e9 pour minimiser les effets secondaires et maximiser les gains.\",\"breadcrumb\":{\"@id\":\"https:\\\/\\\/iberoid.com\\\/fr\\\/product\\\/turinabol10mg-imperia-labs\\\/#breadcrumb\"},\"inLanguage\":\"fr-FR\",\"potentialAction\":[{\"@type\":\"ReadAction\",\"target\":[[\"https:\\\/\\\/iberoid.com\\\/fr\\\/product\\\/turinabol10mg-imperia-labs\\\/\"]]}]},{\"@type\":\"ImageObject\",\"inLanguage\":\"fr-FR\",\"@id\":\"https:\\\/\\\/iberoid.com\\\/fr\\\/product\\\/turinabol10mg-imperia-labs\\\/#primaryimage\",\"url\":\"https:\\\/\\\/iberoid.com\\\/wp-content\\\/uploads\\\/2024\\\/10\\\/turi-imp.jpeg?v=1729422257\",\"contentUrl\":\"https:\\\/\\\/iberoid.com\\\/wp-content\\\/uploads\\\/2024\\\/10\\\/turi-imp.jpeg?v=1729422257\",\"width\":2560,\"height\":1707},{\"@type\":\"BreadcrumbList\",\"@id\":\"https:\\\/\\\/iberoid.com\\\/fr\\\/product\\\/turinabol10mg-imperia-labs\\\/#breadcrumb\",\"itemListElement\":[{\"@type\":\"ListItem\",\"position\":1,\"name\":\"Portada\",\"item\":\"https:\\\/\\\/iberoid.com\\\/fr\\\/\"},{\"@type\":\"ListItem\",\"position\":2,\"name\":\"Magasin\",\"item\":\"https:\\\/\\\/iberoid.com\\\/fr\\\/shop\\\/\"},{\"@type\":\"ListItem\",\"position\":3,\"name\":\"TURINABOL 10mg\"}]},{\"@type\":\"WebSite\",\"@id\":\"https:\\\/\\\/iberoid.com\\\/fr\\\/#website\",\"url\":\"https:\\\/\\\/iberoid.com\\\/fr\\\/\",\"name\":\"(Espa\u00f1ol) Esteroides en l\u00ednea\",\"description\":\"(Espa\u00f1ol) Comprar esteroides en l\u00ednea hoy en Espa\u00f1a y Portugal. Tenemos el mejor servicio al cliente en la industria y los productos de la m\u00e1s alta calidad\",\"potentialAction\":[{\"@type\":\"SearchAction\",\"target\":{\"@type\":\"EntryPoint\",\"urlTemplate\":\"https:\\\/\\\/iberoid.com\\\/fr\\\/?s={search_term_string}\"},\"query-input\":{\"@type\":\"PropertyValueSpecification\",\"valueRequired\":true,\"valueName\":\"search_term_string\"}}],\"inLanguage\":\"fr-FR\"}]}<\/script>\n<meta property=\"product:brand\" content=\"IMPERIA LABS\" \/>\n<meta property=\"product:price:amount\" content=\"45.00\" \/>\n<meta property=\"product:price:currency\" content=\"EUR\" \/>\n<meta property=\"og:availability\" content=\"instock\" \/>\n<meta property=\"product:availability\" content=\"instock\" \/>\n<meta property=\"product:condition\" content=\"new\" \/>\n<!-- \/ Yoast SEO Premium plugin. -->","yoast_head_json":{"title":"TURINABOL 10mg - (Espa\u00f1ol) Esteroides en l\u00ednea","description":"Imperia Labs Turinabol 10 am\u00e9liore la masse musculaire maigre, la force et la r\u00e9cup\u00e9ration tout en renfor\u00e7ant la sant\u00e9 osseuse. Utilisez-le avec responsabilit\u00e9 pour minimiser les effets secondaires et maximiser les gains.","robots":{"index":"index","follow":"follow","max-snippet":"max-snippet:-1","max-image-preview":"max-image-preview:large","max-video-preview":"max-video-preview:-1"},"canonical":"https:\/\/iberoid.com\/fr\/product\/turinabol10mg-imperia-labs\/","og_locale":"fr_FR","og_type":"article","og_title":"TURINABOL 10mg","og_description":"Imperia Labs Turinabol 10 am\u00e9liore la masse musculaire maigre, la force et la r\u00e9cup\u00e9ration tout en renfor\u00e7ant la sant\u00e9 osseuse. Utilisez-le avec responsabilit\u00e9 pour minimiser les effets secondaires et maximiser les gains.","og_url":"https:\/\/iberoid.com\/fr\/product\/turinabol10mg-imperia-labs\/","og_site_name":"(Espa\u00f1ol) Esteroides en l\u00ednea","article_modified_time":"2026-04-07T17:36:36+00:00","og_image":[{"width":2560,"height":1707,"url":"https:\/\/iberoid.com\/wp-content\/uploads\/2024\/10\/turi-imp.jpeg?v=1729422257","type":"image\/jpeg"}],"twitter_card":"summary_large_image","twitter_misc":{"Prix":"&euro;45.00","Disponibilit\u00e9":"En stock"},"schema":{"@context":"https:\/\/schema.org","@graph":[{"@type":"WebPage","@id":"https:\/\/iberoid.com\/fr\/product\/turinabol10mg-imperia-labs\/","url":"https:\/\/iberoid.com\/fr\/product\/turinabol10mg-imperia-labs\/","name":"TURINABOL 10mg - (Espa\u00f1ol) Esteroides en l\u00ednea","isPartOf":{"@id":"https:\/\/iberoid.com\/fr\/#website"},"primaryImageOfPage":{"@id":"https:\/\/iberoid.com\/fr\/product\/turinabol10mg-imperia-labs\/#primaryimage"},"image":{"@id":"https:\/\/iberoid.com\/fr\/product\/turinabol10mg-imperia-labs\/#primaryimage"},"thumbnailUrl":"https:\/\/iberoid.com\/wp-content\/uploads\/2024\/10\/turi-imp.jpeg?v=1729422257","datePublished":"2024-10-20T11:04:28+00:00","dateModified":"2026-04-07T17:36:36+00:00","description":"Imperia Labs Turinabol 10 am\u00e9liore la masse musculaire maigre, la force et la r\u00e9cup\u00e9ration tout en renfor\u00e7ant la sant\u00e9 osseuse. Utilisez-le avec responsabilit\u00e9 pour minimiser les effets secondaires et maximiser les gains.","breadcrumb":{"@id":"https:\/\/iberoid.com\/fr\/product\/turinabol10mg-imperia-labs\/#breadcrumb"},"inLanguage":"fr-FR","potentialAction":[{"@type":"ReadAction","target":[["https:\/\/iberoid.com\/fr\/product\/turinabol10mg-imperia-labs\/"]]}]},{"@type":"ImageObject","inLanguage":"fr-FR","@id":"https:\/\/iberoid.com\/fr\/product\/turinabol10mg-imperia-labs\/#primaryimage","url":"https:\/\/iberoid.com\/wp-content\/uploads\/2024\/10\/turi-imp.jpeg?v=1729422257","contentUrl":"https:\/\/iberoid.com\/wp-content\/uploads\/2024\/10\/turi-imp.jpeg?v=1729422257","width":2560,"height":1707},{"@type":"BreadcrumbList","@id":"https:\/\/iberoid.com\/fr\/product\/turinabol10mg-imperia-labs\/#breadcrumb","itemListElement":[{"@type":"ListItem","position":1,"name":"Portada","item":"https:\/\/iberoid.com\/fr\/"},{"@type":"ListItem","position":2,"name":"Magasin","item":"https:\/\/iberoid.com\/fr\/shop\/"},{"@type":"ListItem","position":3,"name":"TURINABOL 10mg"}]},{"@type":"WebSite","@id":"https:\/\/iberoid.com\/fr\/#website","url":"https:\/\/iberoid.com\/fr\/","name":"(Espa\u00f1ol) Esteroides en l\u00ednea","description":"(Espa\u00f1ol) Comprar esteroides en l\u00ednea hoy en Espa\u00f1a y Portugal. Tenemos el mejor servicio al cliente en la industria y los productos de la m\u00e1s alta calidad","potentialAction":[{"@type":"SearchAction","target":{"@type":"EntryPoint","urlTemplate":"https:\/\/iberoid.com\/fr\/?s={search_term_string}"},"query-input":{"@type":"PropertyValueSpecification","valueRequired":true,"valueName":"search_term_string"}}],"inLanguage":"fr-FR"}]},"product_brand":"IMPERIA LABS","product_price_amount":"45.00","product_price_currency":"EUR","og_availability":"instock","product_availability":"instock","product_condition":"new"},"_links":{"self":[{"href":"https:\/\/iberoid.com\/fr\/wp-json\/wp\/v2\/product\/9751","targetHints":{"allow":["GET"]}}],"collection":[{"href":"https:\/\/iberoid.com\/fr\/wp-json\/wp\/v2\/product"}],"about":[{"href":"https:\/\/iberoid.com\/fr\/wp-json\/wp\/v2\/types\/product"}],"replies":[{"embeddable":true,"href":"https:\/\/iberoid.com\/fr\/wp-json\/wp\/v2\/comments?post=9751"}],"wp:featuredmedia":[{"embeddable":true,"href":"https:\/\/iberoid.com\/fr\/wp-json\/wp\/v2\/media\/9752"}],"wp:attachment":[{"href":"https:\/\/iberoid.com\/fr\/wp-json\/wp\/v2\/media?parent=9751"}],"wp:term":[{"taxonomy":"product_brand","embeddable":true,"href":"https:\/\/iberoid.com\/fr\/wp-json\/wp\/v2\/product_brand?post=9751"},{"taxonomy":"product_cat","embeddable":true,"href":"https:\/\/iberoid.com\/fr\/wp-json\/wp\/v2\/product_cat?post=9751"},{"taxonomy":"product_tag","embeddable":true,"href":"https:\/\/iberoid.com\/fr\/wp-json\/wp\/v2\/product_tag?post=9751"}],"curies":[{"name":"wp","href":"https:\/\/api.w.org\/{rel}","templated":true}]}}