{"id":9753,"date":"2024-10-20T11:06:46","date_gmt":"2024-10-20T11:06:46","guid":{"rendered":"https:\/\/iberoid.com\/?post_type=product&#038;p=9753"},"modified":"2026-02-13T16:02:19","modified_gmt":"2026-02-13T16:02:19","slug":"oxymetholon50mg-50tabs-impwrialabs","status":"publish","type":"product","link":"https:\/\/iberoid.com\/fr\/product\/oxymetholon50mg-50tabs-impwrialabs\/","title":{"rendered":"Anadrol 50 \/ OXYMETHOLON &#8211; 50mg \/ 50tabs"},"content":{"rendered":"<p><\/p>\n<div id=\"product-2289\" class=\"product type-product post-2289 status-publish first instock product_cat-imperia-labs product_cat-imperia-labs-oral-tablets has-post-thumbnail shipping-taxable purchasable product-type-simple ct-default-gallery ct-ajax-add-to-cart\">\n<div class=\"woocommerce-tabs wc-tabs-wrapper\" data-type=\"type-1:center\">\n<article>\n<div id=\"tab-description\" class=\"woocommerce-Tabs-panel woocommerce-Tabs-panel--description panel entry-content is-layout-flow wc-tab\" role=\"tabpanel\" aria-labelledby=\"tab-title-description\">\n<p>en utilisant Imperia Labs Anadrol 50, les athl\u00e8tes peuvent augmenter les gains musculaires, augmenter la force, cr\u00e9er des os plus rigides et augmenter l&rsquo;oxyg\u00e8ne dans les cellules sanguines pour stimuler une r\u00e9g\u00e9n\u00e9ration corporelle plus rapide.<\/p>\n<h2>Effets secondaires:<\/h2>\n<p>Les effets ind\u00e9sirables les plus courants attribu\u00e9s \u00e0 Oxy sont l&rsquo;acn\u00e9, l&rsquo;arr\u00eat temporaire de la reproduction de la ron , des taux \u00e9lev\u00e9s de cholest\u00e9rol de basse densit\u00e9 (LDL) et une augmentation des enzymes h\u00e9patiques.<\/p>\n<h2>Protection:<\/h2>\n<p>Lorsque vous utilisez OXYTHOL, envisagez l\u2019inclusion de gonadotrophine pour minimiser les effets secondaires. N&rsquo;utilisez pas d&rsquo;oxym\u00e9tholone en association avec d&rsquo;autres st\u00e9ro\u00efdes anabolisants oraux ou si vous souffrez de maladies du tractus gastro-intestinal. En raison de la charge accrue sur le foie, nous recommandons de diviser la dose par deux et de ne pas utiliser ce PED pendant plus de 8 \u00e0 12 semaines.<\/p>\n<h2>Stacking :<\/h2>\n<p>N&rsquo;utilisez pas OXYTHOL en association avec d&rsquo;autres st\u00e9ro\u00efdes anabolisants oraux en raison de la charge sur le foie. Il peut \u00eatre combin\u00e9 avec des injectables comme\u00a0Trenbolon Acetat\u00a0.<\/p>\n<p>&nbsp;<\/p>\n<h3>Oxym\u00e9tholone\u00a0: d\u00e9voiler le puissant pouvoir anabolisant<\/h3>\n<h4>Introduction:<\/h4>\n<p>L&rsquo;oxym\u00e9tholone, commun\u00e9ment appel\u00e9e Anadrol, est un puissant st\u00e9ro\u00efde anabolisant qui a attir\u00e9 l&rsquo;attention dans le monde du bodybuilding pour son impact significatif sur la croissance et la force musculaire. Cet article propose une exploration approfondie d&rsquo;Oxy, couvrant ses caract\u00e9ristiques, ses utilisations et ses consid\u00e9rations pour ceux qui envisagent de l&rsquo;int\u00e9grer dans leurs programmes de remise en forme.<\/p>\n<h4>Comprendre l&rsquo;oxym\u00e9tholone\u00a0:<\/h4>\n<p>Ce PED appartient \u00e0 la classe des hormones m\u00e2les synth\u00e9tiques appel\u00e9es st\u00e9ro\u00efdes anabolisants. D\u00e9velopp\u00e9 dans les ann\u00e9es 1960 pour traiter les affections li\u00e9es \u00e0 la fonte musculaire, Anadrol a depuis trouv\u00e9 sa place aupr\u00e8s des bodybuilders et des athl\u00e8tes recherchant des gains rapides et substantiels de masse et de force musculaire.<\/p>\n<h4>D\u00e9veloppement musculaire et effets anabolisants\u00a0:<\/h4>\n<p>Ce m\u00e9dicament am\u00e9liorant la performance (PED) est r\u00e9put\u00e9 pour sa capacit\u00e9 in\u00e9gal\u00e9e \u00e0 favoriser une croissance musculaire rapide et massive. Il am\u00e9liore la r\u00e9tention d\u2019azote et la synth\u00e8se des prot\u00e9ines, cr\u00e9ant ainsi un ron intens\u00e9ment anabolisant au sein des tissus musculaires. Les bodybuilders se tournent souvent vers ce m\u00e9dicament pendant les cycles de prise bulk pour des gains spectaculaires et imm\u00e9diats, ce qui en fait un choix efficace pour ceux qui ont des objectifs sp\u00e9cifiques de taille et de force.<\/p>\n<h4>Augmentation de la production de globules rouges\u00a0:<\/h4>\n<p>L\u2019une des particularit\u00e9s de cet AAS est son impact sur la production de globules rouges. Ce PED augmente la production de globules rouges, conduisant \u00e0 une am\u00e9lioration de l\u2019apport d\u2019oxyg\u00e8ne aux muscles. Cette oxyg\u00e9nation accrue am\u00e9liore l&rsquo;endurance et l&rsquo;endurance, permettant aux utilisateurs de s&rsquo;engager dans des entra\u00eenements plus intenses et plus prolong\u00e9s.<\/p>\n<h4>Am\u00e9lioration de la force\u00a0:<\/h4>\n<p>Ce PED est tr\u00e8s appr\u00e9ci\u00e9 pour son impact puissant sur la force. Les utilisateurs connaissent souvent des augmentations de puissance significatives, permettant des levages plus lourds et des s\u00e9ances d&rsquo;entra\u00eenement plus robustes. Cette am\u00e9lioration de la force est un facteur cl\u00e9 dans la popularit\u00e9 d\u2019Anadrol parmi les athl\u00e8tes de force et les culturistes souhaitant franchir des plateaux.<\/p>\n<h4>Consid\u00e9rations et effets secondaires potentiels\u00a0:<\/h4>\n<p>Bien qu&rsquo;Oxy offre des avantages substantiels, les utilisateurs doivent \u00eatre conscients des effets secondaires potentiels. Anadrol est connu pour son h\u00e9patotoxicit\u00e9 et une surveillance r\u00e9guli\u00e8re de la fonction h\u00e9patique est cruciale lors de son utilisation. Des effets androg\u00e8nes tels que l\u2019acn\u00e9, la peau grasse et la perte de cheveux peuvent \u00e9galement survenir. La gestion du dosage et l\u2019int\u00e9gration d\u2019une th\u00e9rapie post-cycle sont des consid\u00e9rations essentielles pour att\u00e9nuer ces risques.<\/p>\n<h4>Conclusion:<\/h4>\n<p>Oxys, avec ses puissants effets anabolisants et ses capacit\u00e9s rapides de d\u00e9veloppement musculaire, constitue une option redoutable pour ceux qui recherchent des gains significatifs en taille et en force. Cependant, les utilisateurs doivent aborder Anadrol avec prudence, en comprenant les risques potentiels et en int\u00e9grant les pr\u00e9cautions n\u00e9cessaires pour une utilisation responsable. Consulter des professionnels de la sant\u00e9 est crucial pour les personnes qui envisagent Oxy dans le cadre de leur parcours de remise en forme, garantissant une approche \u00e9quilibr\u00e9e et \u00e9clair\u00e9e pour atteindre leurs objectifs de musculation.<\/p>\n<\/div>\n<\/article>\n<\/div>\n<\/div>\n<section class=\"related products ct-constrained-width ct-hidden-sm ct-hidden-md\">\n<h2 class=\"ct-module-title\">Produits connexes<\/h2>\n<\/section>\n<p><\/p>","protected":false},"excerpt":{"rendered":"<p>en utilisant Imperia Labs Anadrol 50, les athl\u00e8tes peuvent augmenter les gains musculaires, augmenter la force, cr\u00e9er des os plus<\/p>\n","protected":false},"featured_media":9754,"comment_status":"open","ping_status":"closed","template":"","meta":[],"product_brand":[3532],"product_cat":[73],"product_tag":[],"class_list":{"0":"post-9753","1":"product","2":"type-product","3":"status-publish","4":"has-post-thumbnail","6":"product_brand-imperia-labs","7":"product_cat-ssteroides_orales","9":"first","10":"outofstock","11":"sale","12":"shipping-taxable","13":"purchasable","14":"product-type-simple"},"yoast_head":"<!-- This site is optimized with the Yoast SEO Premium plugin v24.4 (Yoast SEO v27.0) - https:\/\/yoast.com\/product\/yoast-seo-premium-wordpress\/ -->\n<title>Anadrol 50 \/ OXYMETHOLON - 50mg \/ 50tabs - (Espa\u00f1ol) Esteroides en l\u00ednea<\/title>\n<meta name=\"description\" content=\"Imperia Labs Anadrol 50 augmente la masse musculaire, la force et le niveau d\u2019oxyg\u00e8ne pour une r\u00e9cup\u00e9ration rapide. Utilisez avec prudence ; surveillez les effets secondaires et \u00e9vitez de le combiner avec d&#039;autres oraux.\" \/>\n<meta name=\"robots\" content=\"index, follow, max-snippet:-1, max-image-preview:large, max-video-preview:-1\" \/>\n<link rel=\"canonical\" href=\"https:\/\/iberoid.com\/fr\/product\/oxymetholon50mg-50tabs-impwrialabs\/\" \/>\n<meta property=\"og:locale\" content=\"fr_FR\" \/>\n<meta property=\"og:type\" content=\"article\" \/>\n<meta property=\"og:title\" content=\"Anadrol 50 \/ OXYMETHOLON - 50mg \/ 50tabs\" \/>\n<meta property=\"og:description\" content=\"Imperia Labs Anadrol 50 augmente la masse musculaire, la force et le niveau d\u2019oxyg\u00e8ne pour une r\u00e9cup\u00e9ration rapide. Utilisez avec prudence ; surveillez les effets secondaires et \u00e9vitez de le combiner avec d&#039;autres oraux.\" \/>\n<meta property=\"og:url\" content=\"https:\/\/iberoid.com\/fr\/product\/oxymetholon50mg-50tabs-impwrialabs\/\" \/>\n<meta property=\"og:site_name\" content=\"(Espa\u00f1ol) Esteroides en l\u00ednea\" \/>\n<meta property=\"article:modified_time\" content=\"2026-02-13T16:02:19+00:00\" \/>\n<meta property=\"og:image\" content=\"https:\/\/iberoid.com\/wp-content\/uploads\/2024\/10\/oxymetolon-imp.jpeg?v=1729422396\" \/>\n\t<meta property=\"og:image:width\" content=\"2560\" \/>\n\t<meta property=\"og:image:height\" content=\"1707\" \/>\n\t<meta property=\"og:image:type\" content=\"image\/jpeg\" \/>\n<meta name=\"twitter:card\" content=\"summary_large_image\" \/>\n<meta name=\"twitter:label1\" content=\"Prix\" \/>\n\t<meta name=\"twitter:data1\" content=\"&euro;70.00\" \/>\n\t<meta name=\"twitter:label2\" content=\"Disponibilit\u00e9\" \/>\n\t<meta name=\"twitter:data2\" content=\"Rupture de stock\" \/>\n<script type=\"application\/ld+json\" class=\"yoast-schema-graph\">{\"@context\":\"https:\/\/schema.org\",\"@graph\":[{\"@type\":\"WebPage\",\"@id\":\"https:\/\/iberoid.com\/fr\/product\/oxymetholon50mg-50tabs-impwrialabs\/\",\"url\":\"https:\/\/iberoid.com\/fr\/product\/oxymetholon50mg-50tabs-impwrialabs\/\",\"name\":\"Anadrol 50 \/ OXYMETHOLON - 50mg \/ 50tabs - (Espa\u00f1ol) Esteroides en l\u00ednea\",\"isPartOf\":{\"@id\":\"https:\/\/iberoid.com\/fr\/#website\"},\"primaryImageOfPage\":{\"@id\":\"https:\/\/iberoid.com\/fr\/product\/oxymetholon50mg-50tabs-impwrialabs\/#primaryimage\"},\"image\":{\"@id\":\"https:\/\/iberoid.com\/fr\/product\/oxymetholon50mg-50tabs-impwrialabs\/#primaryimage\"},\"thumbnailUrl\":\"https:\/\/iberoid.com\/wp-content\/uploads\/2024\/10\/oxymetolon-imp.jpeg?v=1729422396\",\"datePublished\":\"2024-10-20T11:06:46+00:00\",\"dateModified\":\"2026-02-13T16:02:19+00:00\",\"description\":\"Imperia Labs Anadrol 50 augmente la masse musculaire, la force et le niveau d\u2019oxyg\u00e8ne pour une r\u00e9cup\u00e9ration rapide. Utilisez avec prudence ; surveillez les effets secondaires et \u00e9vitez de le combiner avec d'autres oraux.\",\"breadcrumb\":{\"@id\":\"https:\/\/iberoid.com\/fr\/product\/oxymetholon50mg-50tabs-impwrialabs\/#breadcrumb\"},\"inLanguage\":\"fr-FR\",\"potentialAction\":[{\"@type\":\"ReadAction\",\"target\":[[\"https:\/\/iberoid.com\/fr\/product\/oxymetholon50mg-50tabs-impwrialabs\/\"]]}]},{\"@type\":\"ImageObject\",\"inLanguage\":\"fr-FR\",\"@id\":\"https:\/\/iberoid.com\/fr\/product\/oxymetholon50mg-50tabs-impwrialabs\/#primaryimage\",\"url\":\"https:\/\/iberoid.com\/wp-content\/uploads\/2024\/10\/oxymetolon-imp.jpeg?v=1729422396\",\"contentUrl\":\"https:\/\/iberoid.com\/wp-content\/uploads\/2024\/10\/oxymetolon-imp.jpeg?v=1729422396\",\"width\":2560,\"height\":1707},{\"@type\":\"BreadcrumbList\",\"@id\":\"https:\/\/iberoid.com\/fr\/product\/oxymetholon50mg-50tabs-impwrialabs\/#breadcrumb\",\"itemListElement\":[{\"@type\":\"ListItem\",\"position\":1,\"name\":\"Portada\",\"item\":\"https:\/\/iberoid.com\/fr\/\"},{\"@type\":\"ListItem\",\"position\":2,\"name\":\"Magasin\",\"item\":\"https:\/\/iberoid.com\/fr\/shop\/\"},{\"@type\":\"ListItem\",\"position\":3,\"name\":\"Anadrol 50 \/ OXYMETHOLON &#8211; 50mg \/ 50tabs\"}]},{\"@type\":\"WebSite\",\"@id\":\"https:\/\/iberoid.com\/fr\/#website\",\"url\":\"https:\/\/iberoid.com\/fr\/\",\"name\":\"(Espa\u00f1ol) Esteroides en l\u00ednea\",\"description\":\"(Espa\u00f1ol) Comprar esteroides en l\u00ednea hoy en Espa\u00f1a y Portugal. Tenemos el mejor servicio al cliente en la industria y los productos de la m\u00e1s alta calidad\",\"potentialAction\":[{\"@type\":\"SearchAction\",\"target\":{\"@type\":\"EntryPoint\",\"urlTemplate\":\"https:\/\/iberoid.com\/fr\/?s={search_term_string}\"},\"query-input\":{\"@type\":\"PropertyValueSpecification\",\"valueRequired\":true,\"valueName\":\"search_term_string\"}}],\"inLanguage\":\"fr-FR\"}]}<\/script>\n<meta property=\"product:brand\" content=\"IMPERIA LABS\" \/>\n<meta property=\"product:price:amount\" content=\"70.00\" \/>\n<meta property=\"product:price:currency\" content=\"EUR\" \/>\n<meta property=\"og:availability\" content=\"out of stock\" \/>\n<meta property=\"product:availability\" content=\"out of stock\" \/>\n<meta property=\"product:condition\" content=\"new\" \/>\n<!-- \/ Yoast SEO Premium plugin. -->","yoast_head_json":{"title":"Anadrol 50 \/ OXYMETHOLON - 50mg \/ 50tabs - (Espa\u00f1ol) Esteroides en l\u00ednea","description":"Imperia Labs Anadrol 50 augmente la masse musculaire, la force et le niveau d\u2019oxyg\u00e8ne pour une r\u00e9cup\u00e9ration rapide. Utilisez avec prudence ; surveillez les effets secondaires et \u00e9vitez de le combiner avec d'autres oraux.","robots":{"index":"index","follow":"follow","max-snippet":"max-snippet:-1","max-image-preview":"max-image-preview:large","max-video-preview":"max-video-preview:-1"},"canonical":"https:\/\/iberoid.com\/fr\/product\/oxymetholon50mg-50tabs-impwrialabs\/","og_locale":"fr_FR","og_type":"article","og_title":"Anadrol 50 \/ OXYMETHOLON - 50mg \/ 50tabs","og_description":"Imperia Labs Anadrol 50 augmente la masse musculaire, la force et le niveau d\u2019oxyg\u00e8ne pour une r\u00e9cup\u00e9ration rapide. Utilisez avec prudence ; surveillez les effets secondaires et \u00e9vitez de le combiner avec d'autres oraux.","og_url":"https:\/\/iberoid.com\/fr\/product\/oxymetholon50mg-50tabs-impwrialabs\/","og_site_name":"(Espa\u00f1ol) Esteroides en l\u00ednea","article_modified_time":"2026-02-13T16:02:19+00:00","og_image":[{"width":2560,"height":1707,"url":"https:\/\/iberoid.com\/wp-content\/uploads\/2024\/10\/oxymetolon-imp.jpeg?v=1729422396","type":"image\/jpeg"}],"twitter_card":"summary_large_image","twitter_misc":{"Prix":"&euro;70.00","Disponibilit\u00e9":"Rupture de stock"},"schema":{"@context":"https:\/\/schema.org","@graph":[{"@type":"WebPage","@id":"https:\/\/iberoid.com\/fr\/product\/oxymetholon50mg-50tabs-impwrialabs\/","url":"https:\/\/iberoid.com\/fr\/product\/oxymetholon50mg-50tabs-impwrialabs\/","name":"Anadrol 50 \/ OXYMETHOLON - 50mg \/ 50tabs - (Espa\u00f1ol) Esteroides en l\u00ednea","isPartOf":{"@id":"https:\/\/iberoid.com\/fr\/#website"},"primaryImageOfPage":{"@id":"https:\/\/iberoid.com\/fr\/product\/oxymetholon50mg-50tabs-impwrialabs\/#primaryimage"},"image":{"@id":"https:\/\/iberoid.com\/fr\/product\/oxymetholon50mg-50tabs-impwrialabs\/#primaryimage"},"thumbnailUrl":"https:\/\/iberoid.com\/wp-content\/uploads\/2024\/10\/oxymetolon-imp.jpeg?v=1729422396","datePublished":"2024-10-20T11:06:46+00:00","dateModified":"2026-02-13T16:02:19+00:00","description":"Imperia Labs Anadrol 50 augmente la masse musculaire, la force et le niveau d\u2019oxyg\u00e8ne pour une r\u00e9cup\u00e9ration rapide. Utilisez avec prudence ; surveillez les effets secondaires et \u00e9vitez de le combiner avec d'autres oraux.","breadcrumb":{"@id":"https:\/\/iberoid.com\/fr\/product\/oxymetholon50mg-50tabs-impwrialabs\/#breadcrumb"},"inLanguage":"fr-FR","potentialAction":[{"@type":"ReadAction","target":[["https:\/\/iberoid.com\/fr\/product\/oxymetholon50mg-50tabs-impwrialabs\/"]]}]},{"@type":"ImageObject","inLanguage":"fr-FR","@id":"https:\/\/iberoid.com\/fr\/product\/oxymetholon50mg-50tabs-impwrialabs\/#primaryimage","url":"https:\/\/iberoid.com\/wp-content\/uploads\/2024\/10\/oxymetolon-imp.jpeg?v=1729422396","contentUrl":"https:\/\/iberoid.com\/wp-content\/uploads\/2024\/10\/oxymetolon-imp.jpeg?v=1729422396","width":2560,"height":1707},{"@type":"BreadcrumbList","@id":"https:\/\/iberoid.com\/fr\/product\/oxymetholon50mg-50tabs-impwrialabs\/#breadcrumb","itemListElement":[{"@type":"ListItem","position":1,"name":"Portada","item":"https:\/\/iberoid.com\/fr\/"},{"@type":"ListItem","position":2,"name":"Magasin","item":"https:\/\/iberoid.com\/fr\/shop\/"},{"@type":"ListItem","position":3,"name":"Anadrol 50 \/ OXYMETHOLON &#8211; 50mg \/ 50tabs"}]},{"@type":"WebSite","@id":"https:\/\/iberoid.com\/fr\/#website","url":"https:\/\/iberoid.com\/fr\/","name":"(Espa\u00f1ol) Esteroides en l\u00ednea","description":"(Espa\u00f1ol) Comprar esteroides en l\u00ednea hoy en Espa\u00f1a y Portugal. Tenemos el mejor servicio al cliente en la industria y los productos de la m\u00e1s alta calidad","potentialAction":[{"@type":"SearchAction","target":{"@type":"EntryPoint","urlTemplate":"https:\/\/iberoid.com\/fr\/?s={search_term_string}"},"query-input":{"@type":"PropertyValueSpecification","valueRequired":true,"valueName":"search_term_string"}}],"inLanguage":"fr-FR"}]},"product_brand":"IMPERIA LABS","product_price_amount":"70.00","product_price_currency":"EUR","og_availability":"out of stock","product_availability":"out of stock","product_condition":"new"},"_links":{"self":[{"href":"https:\/\/iberoid.com\/fr\/wp-json\/wp\/v2\/product\/9753","targetHints":{"allow":["GET"]}}],"collection":[{"href":"https:\/\/iberoid.com\/fr\/wp-json\/wp\/v2\/product"}],"about":[{"href":"https:\/\/iberoid.com\/fr\/wp-json\/wp\/v2\/types\/product"}],"replies":[{"embeddable":true,"href":"https:\/\/iberoid.com\/fr\/wp-json\/wp\/v2\/comments?post=9753"}],"wp:featuredmedia":[{"embeddable":true,"href":"https:\/\/iberoid.com\/fr\/wp-json\/wp\/v2\/media\/9754"}],"wp:attachment":[{"href":"https:\/\/iberoid.com\/fr\/wp-json\/wp\/v2\/media?parent=9753"}],"wp:term":[{"taxonomy":"product_brand","embeddable":true,"href":"https:\/\/iberoid.com\/fr\/wp-json\/wp\/v2\/product_brand?post=9753"},{"taxonomy":"product_cat","embeddable":true,"href":"https:\/\/iberoid.com\/fr\/wp-json\/wp\/v2\/product_cat?post=9753"},{"taxonomy":"product_tag","embeddable":true,"href":"https:\/\/iberoid.com\/fr\/wp-json\/wp\/v2\/product_tag?post=9753"}],"curies":[{"name":"wp","href":"https:\/\/api.w.org\/{rel}","templated":true}]}}