{"id":9759,"date":"2024-10-20T11:32:44","date_gmt":"2024-10-20T11:32:44","guid":{"rendered":"https:\/\/iberoid.com\/?post_type=product&#038;p=9759"},"modified":"2024-12-05T20:07:42","modified_gmt":"2024-12-05T20:07:42","slug":"testosteron-depot250mg-t-enanthate-imperialabs","status":"publish","type":"product","link":"https:\/\/iberoid.com\/fr\/product\/testosteron-depot250mg-t-enanthate-imperialabs\/","title":{"rendered":"TESTOSTERON DEPOT (T. enanthate) 250mg"},"content":{"rendered":"<p>Testoste ron e Enanthate est peut-\u00eatre le st\u00e9ro\u00efde le plus connu parmi les athl\u00e8tes et les bodybuilders de tous niveaux et disciplines sportives. Connu sur le march\u00e9 depuis 1937, le ron \u00c9nanthate est devenu aujourd&rsquo;hui la forme ron long de testost\u00e9rone la plus utilis\u00e9e en m\u00e9decine et en musculation.<\/p>\n<h2>Effets d&rsquo; Imperia Labs Testoste ron e Depot 250\u00a0:<\/h2>\n<p>En utilisant Imperia Labs Testoste ron e Depot 250, les athl\u00e8tes peuvent augmenter les gains musculaires, augmenter la force et augmenter l&rsquo;oxyg\u00e8ne dans les cellules sanguines pour stimuler une r\u00e9g\u00e9n\u00e9ration plus rapide des muscles et des tissus osseux. De plus, il favorise le bien-\u00eatre sexuel, stimule un fond \u00e9motionnel positif et acc\u00e9l\u00e8re la combustion des graisses.<\/p>\n<h2>Effets secondaires:<\/h2>\n<p>Les effets ind\u00e9sirables les plus courants attribu\u00e9s \u00e0 la ron et \u00e0 l&rsquo;\u00e9nanthate sont l&rsquo;acn\u00e9, l&rsquo;arr\u00eat temporaire de la reproduction de la ron , l&rsquo;augmentation des taux de cholest\u00e9rol de basse densit\u00e9 (LDL) et l&rsquo;aromatisation.<\/p>\n<h2>Protection:<\/h2>\n<p>Vous devriez envisager de prendre des m\u00e9dicaments pour r\u00e9guler le niveau de prolactine lorsque vous utilisez ce produit. De plus, envisagez d\u2019inclure de l\u2019HGH, de la gonadotrophine, de la bold\u00e9none, du l\u00e9trozole, de l\u2019ex\u00e9mestane ou de l\u2019anastrozole pour minimiser les effets secondaires.<\/p>\n<h2>Stacking :<\/h2>\n<p>Imperia Labs Testoste ron e Depot 250 montre d&rsquo;excellents r\u00e9sultats et peut \u00eatre appliqu\u00e9 en toute s\u00e9curit\u00e9 avec des esters longs et du HGH.<\/p>\n<p>&nbsp;<\/p>\n<h3>ron Enanthate\u00a0: un aper\u00e7u complet de la ron \u00e0 action prolong\u00e9e<\/h3>\n<h4>Introduction:<\/h4>\n<p>La ron Enanthate est une forme largement utilis\u00e9e et \u00e0 action prolong\u00e9e de l&rsquo;hormone de ron , class\u00e9e comme un ester ron testost\u00e9rone. Cet article vise \u00e0 fournir une exploration approfondie de ce m\u00e9dicament am\u00e9liorant la performance (PED), couvrant ses caract\u00e9ristiques, ses utilisations et ses consid\u00e9rations pour les personnes envisageant de l&rsquo;inclure dans leurs routines de remise en forme.<\/p>\n<h4>Comprendre la ron et l&rsquo;\u00e9nanthate\u00a0:<\/h4>\n<p>Ce st\u00e9ro\u00efde est une forme synth\u00e9tique de ron avec un ester \u00e9nanthate attach\u00e9. L&rsquo;ester influence la lib\u00e9ration et la dur\u00e9e d&rsquo;activit\u00e9 de la ron dans l&rsquo;organisme. En tant que variante \u00e0 action prolong\u00e9e, ce PED a un d\u00e9but plus lent mais une dur\u00e9e d&rsquo;action prolong\u00e9e par rapport aux formes de ron \u00e0 esters plus courts.<\/p>\n<h4>D\u00e9veloppement musculaire et effets anabolisants\u00a0:<\/h4>\n<p>Comme les autres formes de ron , celle-ci favorise la croissance musculaire gr\u00e2ce \u00e0 une r\u00e9tention accrue d\u2019azote et \u00e0 une synth\u00e8se am\u00e9lior\u00e9e des prot\u00e9ines. Les culturistes et les athl\u00e8tes utilisent souvent ce fer ron \u00e0 action prolong\u00e9e pendant les cycles de prise bulk pour obtenir des gains substantiels de masse musculaire et de force sur une p\u00e9riode prolong\u00e9e.<\/p>\n<h4>Niveaux stables et coh\u00e9rents\u00a0:<\/h4>\n<p>L\u2019un des avantages de ce m\u00e9dicament am\u00e9liorant la performance (PED) est sa capacit\u00e9 \u00e0 maintenir des niveaux de ron stables et constants dans le sang. Cette stabilit\u00e9 r\u00e9duit la fr\u00e9quence des injections par rapport aux formes de ron \u00e0 action plus courte, offrant ainsi une commodit\u00e9 aux utilisateurs.<\/p>\n<h4>R\u00e9cup\u00e9ration et bien-\u00eatre am\u00e9lior\u00e9s\u00a0:<\/h4>\n<p>La ron est non seulement cruciale pour le d\u00e9veloppement musculaire, mais joue \u00e9galement un r\u00f4le essentiel dans le bien-\u00eatre g\u00e9n\u00e9ral. Les utilisateurs du test E signalent g\u00e9n\u00e9ralement une meilleure r\u00e9cup\u00e9ration entre les entra\u00eenements, une meilleure humeur et un sentiment de bien-\u00eatre, ce qui peut avoir un impact positif sur l&rsquo;intensit\u00e9 et la coh\u00e9rence de l&rsquo;entra\u00eenement.<\/p>\n<h4>Consid\u00e9rations \u0153strog\u00e9niques\u00a0:<\/h4>\n<p>Le test E a le potentiel de s\u2019aromatiser et de se transformer en \u0153strog\u00e8ne. Par cons\u00e9quent, les utilisateurs doivent \u00eatre conscients des effets secondaires \u0153strog\u00e9niques potentiels tels que la r\u00e9tention d\u2019eau et la gyn\u00e9comastie. La gestion des niveaux d\u2019\u0153strog\u00e8nes au moyen de m\u00e9dicaments auxiliaires, si n\u00e9cessaire, devient un aspect crucial de son utilisation.<\/p>\n<h4>Consid\u00e9rations et effets secondaires potentiels\u00a0:<\/h4>\n<p>Bien que Testo E soit bien tol\u00e9r\u00e9 par de nombreux utilisateurs, les effets secondaires potentiels incluent des effets androg\u00e8nes tels que l&rsquo;acn\u00e9 et une perte de cheveux acc\u00e9l\u00e9r\u00e9e. De plus, une surveillance r\u00e9guli\u00e8re de la sant\u00e9 cardiovasculaire et des niveaux d\u2019hormones est conseill\u00e9e lors de son utilisation.<\/p>\n<h4>Conclusion:<\/h4>\n<p>Ce m\u00e9dicament am\u00e9liorant la performance (PED), avec sa nature d&rsquo;action prolong\u00e9e et son efficacit\u00e9 bien \u00e9tablie, reste une pierre angulaire dans le monde de l&rsquo;am\u00e9lioration de la performance. Que ce soit pour le d\u00e9veloppement musculaire, le bien-\u00eatre g\u00e9n\u00e9ral ou l\u2019hormonoth\u00e9rapie substitutive, les individus se tournent souvent vers cette variante de ron pour sa fiabilit\u00e9 et sa commodit\u00e9. Comme pour toute substance am\u00e9liorant les performances, une utilisation responsable, le respect des doses recommand\u00e9es et la consultation de professionnels de la sant\u00e9 garantissent une exp\u00e9rience s\u00fbre et efficace pour ceux qui envisagent ce st\u00e9ro\u00efde dans le cadre de leur parcours de remise en forme.<\/p>","protected":false},"excerpt":{"rendered":"<p>Testoste ron e Enanthate est peut-\u00eatre le st\u00e9ro\u00efde le plus connu parmi les athl\u00e8tes et les bodybuilders de tous niveaux<\/p>\n","protected":false},"featured_media":9760,"comment_status":"open","ping_status":"closed","template":"","meta":[],"product_brand":[],"product_cat":[69],"product_tag":[],"class_list":{"0":"post-9759","1":"product","2":"type-product","3":"status-publish","4":"has-post-thumbnail","6":"product_cat-esteroides_inyectables","8":"first","9":"outofstock","10":"shipping-taxable","11":"purchasable","12":"product-type-simple"},"yoast_head":"<!-- This site is optimized with the Yoast SEO Premium plugin v24.4 (Yoast SEO v27.3) - https:\/\/yoast.com\/product\/yoast-seo-premium-wordpress\/ -->\n<title>TESTOSTERON DEPOT (T. enanthate) 250mg - (Espa\u00f1ol) Esteroides en l\u00ednea<\/title>\n<meta name=\"robots\" content=\"index, follow, max-snippet:-1, max-image-preview:large, max-video-preview:-1\" \/>\n<link rel=\"canonical\" href=\"https:\/\/iberoid.com\/fr\/product\/testosteron-depot250mg-t-enanthate-imperialabs\/\" \/>\n<meta property=\"og:locale\" content=\"fr_FR\" \/>\n<meta property=\"og:type\" content=\"article\" \/>\n<meta property=\"og:title\" content=\"TESTOSTERON DEPOT (T. enanthate) 250mg\" \/>\n<meta property=\"og:description\" content=\"Testoste ron e Enanthate est peut-\u00eatre le st\u00e9ro\u00efde le plus connu parmi les athl\u00e8tes et les bodybuilders de tous niveaux\" \/>\n<meta property=\"og:url\" content=\"https:\/\/iberoid.com\/fr\/product\/testosteron-depot250mg-t-enanthate-imperialabs\/\" \/>\n<meta property=\"og:site_name\" content=\"(Espa\u00f1ol) Esteroides en l\u00ednea\" \/>\n<meta property=\"article:modified_time\" content=\"2024-12-05T20:07:42+00:00\" \/>\n<meta property=\"og:image\" content=\"https:\/\/iberoid.com\/wp-content\/uploads\/2024\/10\/Testosterone-Dep-imp.png?v=1729423916\" \/>\n\t<meta property=\"og:image:width\" content=\"2048\" \/>\n\t<meta property=\"og:image:height\" content=\"1810\" \/>\n\t<meta property=\"og:image:type\" content=\"image\/png\" \/>\n<meta name=\"twitter:card\" content=\"summary_large_image\" \/>\n<meta name=\"twitter:label1\" content=\"Prix\" \/>\n\t<meta name=\"twitter:data1\" content=\"&euro;50.00\" \/>\n\t<meta name=\"twitter:label2\" content=\"Disponibilit\u00e9\" \/>\n\t<meta name=\"twitter:data2\" content=\"Rupture de stock\" \/>\n<script type=\"application\/ld+json\" class=\"yoast-schema-graph\">{\"@context\":\"https:\\\/\\\/schema.org\",\"@graph\":[{\"@type\":\"WebPage\",\"@id\":\"https:\\\/\\\/iberoid.com\\\/fr\\\/product\\\/testosteron-depot250mg-t-enanthate-imperialabs\\\/\",\"url\":\"https:\\\/\\\/iberoid.com\\\/fr\\\/product\\\/testosteron-depot250mg-t-enanthate-imperialabs\\\/\",\"name\":\"TESTOSTERON DEPOT (T. enanthate) 250mg - (Espa\u00f1ol) Esteroides en l\u00ednea\",\"isPartOf\":{\"@id\":\"https:\\\/\\\/iberoid.com\\\/fr\\\/#website\"},\"primaryImageOfPage\":{\"@id\":\"https:\\\/\\\/iberoid.com\\\/fr\\\/product\\\/testosteron-depot250mg-t-enanthate-imperialabs\\\/#primaryimage\"},\"image\":{\"@id\":\"https:\\\/\\\/iberoid.com\\\/fr\\\/product\\\/testosteron-depot250mg-t-enanthate-imperialabs\\\/#primaryimage\"},\"thumbnailUrl\":\"https:\\\/\\\/iberoid.com\\\/wp-content\\\/uploads\\\/2024\\\/10\\\/Testosterone-Dep-imp.png?v=1729423916\",\"datePublished\":\"2024-10-20T11:32:44+00:00\",\"dateModified\":\"2024-12-05T20:07:42+00:00\",\"breadcrumb\":{\"@id\":\"https:\\\/\\\/iberoid.com\\\/fr\\\/product\\\/testosteron-depot250mg-t-enanthate-imperialabs\\\/#breadcrumb\"},\"inLanguage\":\"fr-FR\",\"potentialAction\":[{\"@type\":\"ReadAction\",\"target\":[[\"https:\\\/\\\/iberoid.com\\\/fr\\\/product\\\/testosteron-depot250mg-t-enanthate-imperialabs\\\/\"]]}]},{\"@type\":\"ImageObject\",\"inLanguage\":\"fr-FR\",\"@id\":\"https:\\\/\\\/iberoid.com\\\/fr\\\/product\\\/testosteron-depot250mg-t-enanthate-imperialabs\\\/#primaryimage\",\"url\":\"https:\\\/\\\/iberoid.com\\\/wp-content\\\/uploads\\\/2024\\\/10\\\/Testosterone-Dep-imp.png?v=1729423916\",\"contentUrl\":\"https:\\\/\\\/iberoid.com\\\/wp-content\\\/uploads\\\/2024\\\/10\\\/Testosterone-Dep-imp.png?v=1729423916\",\"width\":2048,\"height\":1810},{\"@type\":\"BreadcrumbList\",\"@id\":\"https:\\\/\\\/iberoid.com\\\/fr\\\/product\\\/testosteron-depot250mg-t-enanthate-imperialabs\\\/#breadcrumb\",\"itemListElement\":[{\"@type\":\"ListItem\",\"position\":1,\"name\":\"Portada\",\"item\":\"https:\\\/\\\/iberoid.com\\\/fr\\\/\"},{\"@type\":\"ListItem\",\"position\":2,\"name\":\"Magasin\",\"item\":\"https:\\\/\\\/iberoid.com\\\/fr\\\/shop\\\/\"},{\"@type\":\"ListItem\",\"position\":3,\"name\":\"TESTOSTERON DEPOT (T. enanthate) 250mg\"}]},{\"@type\":\"WebSite\",\"@id\":\"https:\\\/\\\/iberoid.com\\\/fr\\\/#website\",\"url\":\"https:\\\/\\\/iberoid.com\\\/fr\\\/\",\"name\":\"(Espa\u00f1ol) Esteroides en l\u00ednea\",\"description\":\"(Espa\u00f1ol) Comprar esteroides en l\u00ednea hoy en Espa\u00f1a y Portugal. Tenemos el mejor servicio al cliente en la industria y los productos de la m\u00e1s alta calidad\",\"potentialAction\":[{\"@type\":\"SearchAction\",\"target\":{\"@type\":\"EntryPoint\",\"urlTemplate\":\"https:\\\/\\\/iberoid.com\\\/fr\\\/?s={search_term_string}\"},\"query-input\":{\"@type\":\"PropertyValueSpecification\",\"valueRequired\":true,\"valueName\":\"search_term_string\"}}],\"inLanguage\":\"fr-FR\"}]}<\/script>\n<meta property=\"product:brand\" content=\"IMPERIA LABS\" \/>\n<meta property=\"product:price:amount\" content=\"50.00\" \/>\n<meta property=\"product:price:currency\" content=\"EUR\" \/>\n<meta property=\"og:availability\" content=\"out of stock\" \/>\n<meta property=\"product:availability\" content=\"out of stock\" \/>\n<meta property=\"product:condition\" content=\"new\" \/>\n<!-- \/ Yoast SEO Premium plugin. -->","yoast_head_json":{"title":"TESTOSTERON DEPOT (T. enanthate) 250mg - (Espa\u00f1ol) Esteroides en l\u00ednea","robots":{"index":"index","follow":"follow","max-snippet":"max-snippet:-1","max-image-preview":"max-image-preview:large","max-video-preview":"max-video-preview:-1"},"canonical":"https:\/\/iberoid.com\/fr\/product\/testosteron-depot250mg-t-enanthate-imperialabs\/","og_locale":"fr_FR","og_type":"article","og_title":"TESTOSTERON DEPOT (T. enanthate) 250mg","og_description":"Testoste ron e Enanthate est peut-\u00eatre le st\u00e9ro\u00efde le plus connu parmi les athl\u00e8tes et les bodybuilders de tous niveaux","og_url":"https:\/\/iberoid.com\/fr\/product\/testosteron-depot250mg-t-enanthate-imperialabs\/","og_site_name":"(Espa\u00f1ol) Esteroides en l\u00ednea","article_modified_time":"2024-12-05T20:07:42+00:00","og_image":[{"width":2048,"height":1810,"url":"https:\/\/iberoid.com\/wp-content\/uploads\/2024\/10\/Testosterone-Dep-imp.png?v=1729423916","type":"image\/png"}],"twitter_card":"summary_large_image","twitter_misc":{"Prix":"&euro;50.00","Disponibilit\u00e9":"Rupture de stock"},"schema":{"@context":"https:\/\/schema.org","@graph":[{"@type":"WebPage","@id":"https:\/\/iberoid.com\/fr\/product\/testosteron-depot250mg-t-enanthate-imperialabs\/","url":"https:\/\/iberoid.com\/fr\/product\/testosteron-depot250mg-t-enanthate-imperialabs\/","name":"TESTOSTERON DEPOT (T. enanthate) 250mg - (Espa\u00f1ol) Esteroides en l\u00ednea","isPartOf":{"@id":"https:\/\/iberoid.com\/fr\/#website"},"primaryImageOfPage":{"@id":"https:\/\/iberoid.com\/fr\/product\/testosteron-depot250mg-t-enanthate-imperialabs\/#primaryimage"},"image":{"@id":"https:\/\/iberoid.com\/fr\/product\/testosteron-depot250mg-t-enanthate-imperialabs\/#primaryimage"},"thumbnailUrl":"https:\/\/iberoid.com\/wp-content\/uploads\/2024\/10\/Testosterone-Dep-imp.png?v=1729423916","datePublished":"2024-10-20T11:32:44+00:00","dateModified":"2024-12-05T20:07:42+00:00","breadcrumb":{"@id":"https:\/\/iberoid.com\/fr\/product\/testosteron-depot250mg-t-enanthate-imperialabs\/#breadcrumb"},"inLanguage":"fr-FR","potentialAction":[{"@type":"ReadAction","target":[["https:\/\/iberoid.com\/fr\/product\/testosteron-depot250mg-t-enanthate-imperialabs\/"]]}]},{"@type":"ImageObject","inLanguage":"fr-FR","@id":"https:\/\/iberoid.com\/fr\/product\/testosteron-depot250mg-t-enanthate-imperialabs\/#primaryimage","url":"https:\/\/iberoid.com\/wp-content\/uploads\/2024\/10\/Testosterone-Dep-imp.png?v=1729423916","contentUrl":"https:\/\/iberoid.com\/wp-content\/uploads\/2024\/10\/Testosterone-Dep-imp.png?v=1729423916","width":2048,"height":1810},{"@type":"BreadcrumbList","@id":"https:\/\/iberoid.com\/fr\/product\/testosteron-depot250mg-t-enanthate-imperialabs\/#breadcrumb","itemListElement":[{"@type":"ListItem","position":1,"name":"Portada","item":"https:\/\/iberoid.com\/fr\/"},{"@type":"ListItem","position":2,"name":"Magasin","item":"https:\/\/iberoid.com\/fr\/shop\/"},{"@type":"ListItem","position":3,"name":"TESTOSTERON DEPOT (T. enanthate) 250mg"}]},{"@type":"WebSite","@id":"https:\/\/iberoid.com\/fr\/#website","url":"https:\/\/iberoid.com\/fr\/","name":"(Espa\u00f1ol) Esteroides en l\u00ednea","description":"(Espa\u00f1ol) Comprar esteroides en l\u00ednea hoy en Espa\u00f1a y Portugal. Tenemos el mejor servicio al cliente en la industria y los productos de la m\u00e1s alta calidad","potentialAction":[{"@type":"SearchAction","target":{"@type":"EntryPoint","urlTemplate":"https:\/\/iberoid.com\/fr\/?s={search_term_string}"},"query-input":{"@type":"PropertyValueSpecification","valueRequired":true,"valueName":"search_term_string"}}],"inLanguage":"fr-FR"}]},"product_brand":"IMPERIA LABS","product_price_amount":"50.00","product_price_currency":"EUR","og_availability":"out of stock","product_availability":"out of stock","product_condition":"new"},"_links":{"self":[{"href":"https:\/\/iberoid.com\/fr\/wp-json\/wp\/v2\/product\/9759","targetHints":{"allow":["GET"]}}],"collection":[{"href":"https:\/\/iberoid.com\/fr\/wp-json\/wp\/v2\/product"}],"about":[{"href":"https:\/\/iberoid.com\/fr\/wp-json\/wp\/v2\/types\/product"}],"replies":[{"embeddable":true,"href":"https:\/\/iberoid.com\/fr\/wp-json\/wp\/v2\/comments?post=9759"}],"wp:featuredmedia":[{"embeddable":true,"href":"https:\/\/iberoid.com\/fr\/wp-json\/wp\/v2\/media\/9760"}],"wp:attachment":[{"href":"https:\/\/iberoid.com\/fr\/wp-json\/wp\/v2\/media?parent=9759"}],"wp:term":[{"taxonomy":"product_brand","embeddable":true,"href":"https:\/\/iberoid.com\/fr\/wp-json\/wp\/v2\/product_brand?post=9759"},{"taxonomy":"product_cat","embeddable":true,"href":"https:\/\/iberoid.com\/fr\/wp-json\/wp\/v2\/product_cat?post=9759"},{"taxonomy":"product_tag","embeddable":true,"href":"https:\/\/iberoid.com\/fr\/wp-json\/wp\/v2\/product_tag?post=9759"}],"curies":[{"name":"wp","href":"https:\/\/api.w.org\/{rel}","templated":true}]}}