{"id":9771,"date":"2024-10-26T09:52:56","date_gmt":"2024-10-26T09:52:56","guid":{"rendered":"https:\/\/iberoid.com\/?post_type=product&#038;p=9771"},"modified":"2025-12-04T17:20:56","modified_gmt":"2025-12-04T17:20:56","slug":"pack2cajas-clomiphene-citrate-anpharm-hellas","status":"publish","type":"product","link":"https:\/\/iberoid.com\/fr\/product\/pack2cajas-clomiphene-citrate-anpharm-hellas\/","title":{"rendered":"Clomiphene Citrate &#8211; pack 2 boxes"},"content":{"rendered":"<p>Clomiphene citrate est repr\u00e9sente antioestrog\u00e9nique non st\u00e9ro\u00efdien synth\u00e9tique substance.Shortly appel\u00e9 Clomid, cette clomiphene citrate substance est utilis\u00e9e en m\u00e9decine. clomiphene citrate est bien connu dans le traitement des femmes infertiles anovulatoires avec polykystiques Surtout ceux du syndrome des ovaires diagnosis.In le sport \u00e0 sec et de musculation, il est bien connu aussi. Clomid est souvent compar\u00e9 avec Nolvadex \u00e0 cause de cela c&rsquo;est la m\u00eame action sur le corps humain et les muscles if. \u00catre deux bloqueurs d&rsquo;\u0153strog\u00e8nes, envisage l\u00e9g\u00e8rement Clomid que clomiphene citrate de Nolvadex.Clomiphene est caract\u00e9ris\u00e9 \u00e0 la fois agoniste \/ propri\u00e9t\u00e9s antagonistes. Certains athl\u00e8tes de clomif\u00e8ne au cours de leurs cycles de st\u00e9ro\u00efdes, afin de maintenir la testost\u00e9rone leveland laissez pas le diminuer. Clomid notable de minimiser l&rsquo;activit\u00e9 de l&rsquo;oestrog\u00e8ne dans le corps par des effets de blocage et leur possibilit\u00e9 de survenue d&rsquo;effets secondaires secs comme par exemple la r\u00e9tention d&rsquo;eau. Il est \u00e9galement de contribuer \u00e0 \u00e9viter gynecomastia.Actually clomiphene citrate est consid\u00e9r\u00e9 comme \u00e9tant une th\u00e9rapie post-cycle (PCT) de drogue. En prenant cette substance bodybuilders remarquer que l&rsquo;\u00e9l\u00e9vation de l&rsquo;hormone folliculo-stimulante et lut\u00e9inisante la croissance la cause de l&rsquo;hormone testost\u00e9rone naturelle clomiphene citrate production.<\/p>\n<h2>Dosage<\/h2>\n<p>Bodybuilders Il est recommand\u00e9 de prendre une clomiphene citrate dose de 50-100 mg (1-2 comprim\u00e9s) clomiphene citrate par jour pendant environ 4-6 semaines . Il aidera visant \u00e0 r\u00e9aliser les objectifs et la production de l&rsquo;hormone de moins level.Athletes normales et les culturistes ne faut pas oublier de ne pas d\u00e9passer la dose. Pour un meilleur r\u00e9sultat des sportifs pr\u00e9f\u00e8rent l&#8217;empiler avec la gonadotrophine chorionique humaine (HCG). Mais \u00eatre prudent avec clomiphene citrate cette trop, HCG ne doit pas \u00eatre utilis\u00e9 pendant plus de deux ou trois effets weeks.Side qui peuvent survenir sont les suivants: probl\u00e8mes de vision, des bouff\u00e9es de chaleur, des naus\u00e9es, des \u00e9tourdissements, des maux de t\u00eate et d&rsquo;autres.<\/p>","protected":false},"excerpt":{"rendered":"<p>Clomiphene citrate est repr\u00e9sente antioestrog\u00e9nique non st\u00e9ro\u00efdien synth\u00e9tique substance.Shortly appel\u00e9 Clomid, cette clomiphene citrate substance est utilis\u00e9e en m\u00e9decine. clomiphene<\/p>\n","protected":false},"featured_media":9772,"comment_status":"open","ping_status":"closed","template":"","meta":[],"product_brand":[],"product_cat":[73,3474],"product_tag":[],"class_list":{"0":"post-9771","1":"product","2":"type-product","3":"status-publish","4":"has-post-thumbnail","6":"product_cat-ssteroides_orales","7":"product_cat-packs","9":"first","10":"outofstock","11":"shipping-taxable","12":"purchasable","13":"product-type-simple"},"yoast_head":"<!-- This site is optimized with the Yoast SEO Premium plugin v24.4 (Yoast SEO v27.3) - https:\/\/yoast.com\/product\/yoast-seo-premium-wordpress\/ -->\n<title>Clomiphene Citrate - pack 2 boxes - (Espa\u00f1ol) Esteroides en l\u00ednea<\/title>\n<meta name=\"description\" content=\"Le clomif\u00e8ne (Clomid) est un m\u00e9dicament anti-\u0153strog\u00e8ne utilis\u00e9 en m\u00e9decine et en musculation pour augmenter la testost\u00e9rone, bloquer les \u0153strog\u00e8nes et soutenir la th\u00e9rapie post-cycle.\" \/>\n<meta name=\"robots\" content=\"index, follow, max-snippet:-1, max-image-preview:large, max-video-preview:-1\" \/>\n<link rel=\"canonical\" href=\"https:\/\/iberoid.com\/fr\/product\/pack2cajas-clomiphene-citrate-anpharm-hellas\/\" \/>\n<meta property=\"og:locale\" content=\"fr_FR\" \/>\n<meta property=\"og:type\" content=\"article\" \/>\n<meta property=\"og:title\" content=\"Clomiphene Citrate - pack 2 boxes\" \/>\n<meta property=\"og:description\" content=\"Le clomif\u00e8ne (Clomid) est un m\u00e9dicament anti-\u0153strog\u00e8ne utilis\u00e9 en m\u00e9decine et en musculation pour augmenter la testost\u00e9rone, bloquer les \u0153strog\u00e8nes et soutenir la th\u00e9rapie post-cycle.\" \/>\n<meta property=\"og:url\" content=\"https:\/\/iberoid.com\/fr\/product\/pack2cajas-clomiphene-citrate-anpharm-hellas\/\" \/>\n<meta property=\"og:site_name\" content=\"(Espa\u00f1ol) Esteroides en l\u00ednea\" \/>\n<meta property=\"article:modified_time\" content=\"2025-12-04T17:20:56+00:00\" \/>\n<meta property=\"og:image\" content=\"https:\/\/iberoid.com\/wp-content\/uploads\/2024\/10\/clom-x-2.jpg?v=1729936345\" \/>\n\t<meta property=\"og:image:width\" content=\"500\" \/>\n\t<meta property=\"og:image:height\" content=\"500\" \/>\n\t<meta property=\"og:image:type\" content=\"image\/jpeg\" \/>\n<meta name=\"twitter:card\" content=\"summary_large_image\" \/>\n<meta name=\"twitter:label1\" content=\"Prix\" \/>\n\t<meta name=\"twitter:data1\" content=\"&euro;30.00\" \/>\n\t<meta name=\"twitter:label2\" content=\"Disponibilit\u00e9\" \/>\n\t<meta name=\"twitter:data2\" content=\"Rupture de stock\" \/>\n<script type=\"application\/ld+json\" class=\"yoast-schema-graph\">{\"@context\":\"https:\\\/\\\/schema.org\",\"@graph\":[{\"@type\":\"WebPage\",\"@id\":\"https:\\\/\\\/iberoid.com\\\/fr\\\/product\\\/pack2cajas-clomiphene-citrate-anpharm-hellas\\\/\",\"url\":\"https:\\\/\\\/iberoid.com\\\/fr\\\/product\\\/pack2cajas-clomiphene-citrate-anpharm-hellas\\\/\",\"name\":\"Clomiphene Citrate - pack 2 boxes - (Espa\u00f1ol) Esteroides en l\u00ednea\",\"isPartOf\":{\"@id\":\"https:\\\/\\\/iberoid.com\\\/fr\\\/#website\"},\"primaryImageOfPage\":{\"@id\":\"https:\\\/\\\/iberoid.com\\\/fr\\\/product\\\/pack2cajas-clomiphene-citrate-anpharm-hellas\\\/#primaryimage\"},\"image\":{\"@id\":\"https:\\\/\\\/iberoid.com\\\/fr\\\/product\\\/pack2cajas-clomiphene-citrate-anpharm-hellas\\\/#primaryimage\"},\"thumbnailUrl\":\"https:\\\/\\\/iberoid.com\\\/wp-content\\\/uploads\\\/2024\\\/10\\\/clom-x-2.jpg?v=1729936345\",\"datePublished\":\"2024-10-26T09:52:56+00:00\",\"dateModified\":\"2025-12-04T17:20:56+00:00\",\"description\":\"Le clomif\u00e8ne (Clomid) est un m\u00e9dicament anti-\u0153strog\u00e8ne utilis\u00e9 en m\u00e9decine et en musculation pour augmenter la testost\u00e9rone, bloquer les \u0153strog\u00e8nes et soutenir la th\u00e9rapie post-cycle.\",\"breadcrumb\":{\"@id\":\"https:\\\/\\\/iberoid.com\\\/fr\\\/product\\\/pack2cajas-clomiphene-citrate-anpharm-hellas\\\/#breadcrumb\"},\"inLanguage\":\"fr-FR\",\"potentialAction\":[{\"@type\":\"ReadAction\",\"target\":[[\"https:\\\/\\\/iberoid.com\\\/fr\\\/product\\\/pack2cajas-clomiphene-citrate-anpharm-hellas\\\/\"]]}]},{\"@type\":\"ImageObject\",\"inLanguage\":\"fr-FR\",\"@id\":\"https:\\\/\\\/iberoid.com\\\/fr\\\/product\\\/pack2cajas-clomiphene-citrate-anpharm-hellas\\\/#primaryimage\",\"url\":\"https:\\\/\\\/iberoid.com\\\/wp-content\\\/uploads\\\/2024\\\/10\\\/clom-x-2.jpg?v=1729936345\",\"contentUrl\":\"https:\\\/\\\/iberoid.com\\\/wp-content\\\/uploads\\\/2024\\\/10\\\/clom-x-2.jpg?v=1729936345\",\"width\":500,\"height\":500},{\"@type\":\"BreadcrumbList\",\"@id\":\"https:\\\/\\\/iberoid.com\\\/fr\\\/product\\\/pack2cajas-clomiphene-citrate-anpharm-hellas\\\/#breadcrumb\",\"itemListElement\":[{\"@type\":\"ListItem\",\"position\":1,\"name\":\"Portada\",\"item\":\"https:\\\/\\\/iberoid.com\\\/fr\\\/\"},{\"@type\":\"ListItem\",\"position\":2,\"name\":\"Magasin\",\"item\":\"https:\\\/\\\/iberoid.com\\\/fr\\\/shop\\\/\"},{\"@type\":\"ListItem\",\"position\":3,\"name\":\"Clomiphene Citrate &#8211; pack 2 boxes\"}]},{\"@type\":\"WebSite\",\"@id\":\"https:\\\/\\\/iberoid.com\\\/fr\\\/#website\",\"url\":\"https:\\\/\\\/iberoid.com\\\/fr\\\/\",\"name\":\"(Espa\u00f1ol) Esteroides en l\u00ednea\",\"description\":\"(Espa\u00f1ol) Comprar esteroides en l\u00ednea hoy en Espa\u00f1a y Portugal. Tenemos el mejor servicio al cliente en la industria y los productos de la m\u00e1s alta calidad\",\"potentialAction\":[{\"@type\":\"SearchAction\",\"target\":{\"@type\":\"EntryPoint\",\"urlTemplate\":\"https:\\\/\\\/iberoid.com\\\/fr\\\/?s={search_term_string}\"},\"query-input\":{\"@type\":\"PropertyValueSpecification\",\"valueRequired\":true,\"valueName\":\"search_term_string\"}}],\"inLanguage\":\"fr-FR\"}]}<\/script>\n<meta property=\"product:brand\" content=\"Anfarm\" \/>\n<meta property=\"product:price:amount\" content=\"30.00\" \/>\n<meta property=\"product:price:currency\" content=\"EUR\" \/>\n<meta property=\"og:availability\" content=\"out of stock\" \/>\n<meta property=\"product:availability\" content=\"out of stock\" \/>\n<meta property=\"product:condition\" content=\"new\" \/>\n<!-- \/ Yoast SEO Premium plugin. -->","yoast_head_json":{"title":"Clomiphene Citrate - pack 2 boxes - (Espa\u00f1ol) Esteroides en l\u00ednea","description":"Le clomif\u00e8ne (Clomid) est un m\u00e9dicament anti-\u0153strog\u00e8ne utilis\u00e9 en m\u00e9decine et en musculation pour augmenter la testost\u00e9rone, bloquer les \u0153strog\u00e8nes et soutenir la th\u00e9rapie post-cycle.","robots":{"index":"index","follow":"follow","max-snippet":"max-snippet:-1","max-image-preview":"max-image-preview:large","max-video-preview":"max-video-preview:-1"},"canonical":"https:\/\/iberoid.com\/fr\/product\/pack2cajas-clomiphene-citrate-anpharm-hellas\/","og_locale":"fr_FR","og_type":"article","og_title":"Clomiphene Citrate - pack 2 boxes","og_description":"Le clomif\u00e8ne (Clomid) est un m\u00e9dicament anti-\u0153strog\u00e8ne utilis\u00e9 en m\u00e9decine et en musculation pour augmenter la testost\u00e9rone, bloquer les \u0153strog\u00e8nes et soutenir la th\u00e9rapie post-cycle.","og_url":"https:\/\/iberoid.com\/fr\/product\/pack2cajas-clomiphene-citrate-anpharm-hellas\/","og_site_name":"(Espa\u00f1ol) Esteroides en l\u00ednea","article_modified_time":"2025-12-04T17:20:56+00:00","og_image":[{"width":500,"height":500,"url":"https:\/\/iberoid.com\/wp-content\/uploads\/2024\/10\/clom-x-2.jpg?v=1729936345","type":"image\/jpeg"}],"twitter_card":"summary_large_image","twitter_misc":{"Prix":"&euro;30.00","Disponibilit\u00e9":"Rupture de stock"},"schema":{"@context":"https:\/\/schema.org","@graph":[{"@type":"WebPage","@id":"https:\/\/iberoid.com\/fr\/product\/pack2cajas-clomiphene-citrate-anpharm-hellas\/","url":"https:\/\/iberoid.com\/fr\/product\/pack2cajas-clomiphene-citrate-anpharm-hellas\/","name":"Clomiphene Citrate - pack 2 boxes - (Espa\u00f1ol) Esteroides en l\u00ednea","isPartOf":{"@id":"https:\/\/iberoid.com\/fr\/#website"},"primaryImageOfPage":{"@id":"https:\/\/iberoid.com\/fr\/product\/pack2cajas-clomiphene-citrate-anpharm-hellas\/#primaryimage"},"image":{"@id":"https:\/\/iberoid.com\/fr\/product\/pack2cajas-clomiphene-citrate-anpharm-hellas\/#primaryimage"},"thumbnailUrl":"https:\/\/iberoid.com\/wp-content\/uploads\/2024\/10\/clom-x-2.jpg?v=1729936345","datePublished":"2024-10-26T09:52:56+00:00","dateModified":"2025-12-04T17:20:56+00:00","description":"Le clomif\u00e8ne (Clomid) est un m\u00e9dicament anti-\u0153strog\u00e8ne utilis\u00e9 en m\u00e9decine et en musculation pour augmenter la testost\u00e9rone, bloquer les \u0153strog\u00e8nes et soutenir la th\u00e9rapie post-cycle.","breadcrumb":{"@id":"https:\/\/iberoid.com\/fr\/product\/pack2cajas-clomiphene-citrate-anpharm-hellas\/#breadcrumb"},"inLanguage":"fr-FR","potentialAction":[{"@type":"ReadAction","target":[["https:\/\/iberoid.com\/fr\/product\/pack2cajas-clomiphene-citrate-anpharm-hellas\/"]]}]},{"@type":"ImageObject","inLanguage":"fr-FR","@id":"https:\/\/iberoid.com\/fr\/product\/pack2cajas-clomiphene-citrate-anpharm-hellas\/#primaryimage","url":"https:\/\/iberoid.com\/wp-content\/uploads\/2024\/10\/clom-x-2.jpg?v=1729936345","contentUrl":"https:\/\/iberoid.com\/wp-content\/uploads\/2024\/10\/clom-x-2.jpg?v=1729936345","width":500,"height":500},{"@type":"BreadcrumbList","@id":"https:\/\/iberoid.com\/fr\/product\/pack2cajas-clomiphene-citrate-anpharm-hellas\/#breadcrumb","itemListElement":[{"@type":"ListItem","position":1,"name":"Portada","item":"https:\/\/iberoid.com\/fr\/"},{"@type":"ListItem","position":2,"name":"Magasin","item":"https:\/\/iberoid.com\/fr\/shop\/"},{"@type":"ListItem","position":3,"name":"Clomiphene Citrate &#8211; pack 2 boxes"}]},{"@type":"WebSite","@id":"https:\/\/iberoid.com\/fr\/#website","url":"https:\/\/iberoid.com\/fr\/","name":"(Espa\u00f1ol) Esteroides en l\u00ednea","description":"(Espa\u00f1ol) Comprar esteroides en l\u00ednea hoy en Espa\u00f1a y Portugal. Tenemos el mejor servicio al cliente en la industria y los productos de la m\u00e1s alta calidad","potentialAction":[{"@type":"SearchAction","target":{"@type":"EntryPoint","urlTemplate":"https:\/\/iberoid.com\/fr\/?s={search_term_string}"},"query-input":{"@type":"PropertyValueSpecification","valueRequired":true,"valueName":"search_term_string"}}],"inLanguage":"fr-FR"}]},"product_brand":"Anfarm","product_price_amount":"30.00","product_price_currency":"EUR","og_availability":"out of stock","product_availability":"out of stock","product_condition":"new"},"_links":{"self":[{"href":"https:\/\/iberoid.com\/fr\/wp-json\/wp\/v2\/product\/9771","targetHints":{"allow":["GET"]}}],"collection":[{"href":"https:\/\/iberoid.com\/fr\/wp-json\/wp\/v2\/product"}],"about":[{"href":"https:\/\/iberoid.com\/fr\/wp-json\/wp\/v2\/types\/product"}],"replies":[{"embeddable":true,"href":"https:\/\/iberoid.com\/fr\/wp-json\/wp\/v2\/comments?post=9771"}],"wp:featuredmedia":[{"embeddable":true,"href":"https:\/\/iberoid.com\/fr\/wp-json\/wp\/v2\/media\/9772"}],"wp:attachment":[{"href":"https:\/\/iberoid.com\/fr\/wp-json\/wp\/v2\/media?parent=9771"}],"wp:term":[{"taxonomy":"product_brand","embeddable":true,"href":"https:\/\/iberoid.com\/fr\/wp-json\/wp\/v2\/product_brand?post=9771"},{"taxonomy":"product_cat","embeddable":true,"href":"https:\/\/iberoid.com\/fr\/wp-json\/wp\/v2\/product_cat?post=9771"},{"taxonomy":"product_tag","embeddable":true,"href":"https:\/\/iberoid.com\/fr\/wp-json\/wp\/v2\/product_tag?post=9771"}],"curies":[{"name":"wp","href":"https:\/\/api.w.org\/{rel}","templated":true}]}}