{"id":9782,"date":"2024-10-27T11:38:57","date_gmt":"2024-10-27T11:38:57","guid":{"rendered":"https:\/\/iberoid.com\/?post_type=product&#038;p=9782"},"modified":"2025-08-17T10:24:28","modified_gmt":"2025-08-17T10:24:28","slug":"dianabol-methandiienone-driada-10mg-100tabs","status":"publish","type":"product","link":"https:\/\/iberoid.com\/fr\/product\/dianabol-methandiienone-driada-10mg-100tabs\/","title":{"rendered":"DIANABOL \/ METHANDIIENONE &#8211; 10MG \/ 100tabs"},"content":{"rendered":"<p><\/p>\n<ul>\n<li>Ingr\u00e9dient actif: Methandienone<\/li>\n<li>Type: st\u00e9ro\u00efde anabolisant (d\u00e9riv\u00e9 de la testost\u00e9rone)<\/li>\n<li>Forme: Orale (pilule)<\/li>\n<\/ul>\n<h2>Qu&rsquo;est-ce que le Dianabol (M\u00e9thandi\u00e9none) ?<\/h2>\n<p>La m\u00e9thandi\u00e9none, commun\u00e9ment appel\u00e9e Dianabol, Danabol ou Dbol, est un st\u00e9ro\u00efde oral bien connu dans le bodybuilding et d&rsquo;autres sports. Sa structure comprend un groupe m\u00e9thyle en 17-alpha, permettant une prise orale gr\u00e2ce \u00e0 l&rsquo;alkylation C17-alpha, qui produit des effets corporels prononc\u00e9s mais aussi sollicite le foie.<\/p>\n<p>Avec une demi-vie de 4,5 \u00e0 6 heures, la m\u00e9thandi\u00e9none a des effets \u0153strog\u00e9niques l\u00e9gers. Sa conversion en un m\u00e9tabolite plus androg\u00e9nique par l&rsquo;enzyme 5-alpha r\u00e9ductase est minimale. Son efficacit\u00e9 \u00e0 augmenter la taille et la puissance musculaires en a fait un favori parmi les athl\u00e8tes et les bodybuilders. Le prendre en doses r\u00e9parties tout au long de la journ\u00e9e peut aider \u00e0 maintenir des niveaux sanguins constants. Cependant, consommer tous les comprim\u00e9s de d-bol en m\u00eame temps pourrait entra\u00eener des niveaux sanguins de pointe plus \u00e9lev\u00e9s, am\u00e9liorant potentiellement les r\u00e9sultats. De nombreux utilisateurs croient qu&rsquo;une dose quotidienne unique est plus efficace, id\u00e9alement prise plus t\u00f4t dans la journ\u00e9e pour am\u00e9liorer l&rsquo;absorption des nutriments apr\u00e8s les entra\u00eenements.<\/p>\n<p>En vente, il y a des comprim\u00e9s de 10 mg de Dianabol, que les gens appr\u00e9cient en raison du prix relativement abordable pour un seul paquet.<\/p>\n<h2>Composition chimique de la m\u00e9thandi\u00e9none<\/h2>\n<p>Structuralement, elle peut \u00eatre d\u00e9crite comme 17\u03b1-m\u00e9thyl-17\u03b2-hydroxy-1,4-androstadi\u00e9n-3-one. La structure mol\u00e9culaire est compos\u00e9e d&rsquo;un noyau de quatre anneaux cycloalkanes interconnect\u00e9s &#8211; trois anneaux de cyclohexane \u00e0 six membres et un anneau de cyclopentane \u00e0 cinq membres, ce qui est typique pour les st\u00e9ro\u00efdes.<\/p>\n<p>La m\u00e9thandi\u00e9none contient un groupe m\u00e9thyle en 17-alpha. C&rsquo;est l&rsquo;alkylation de C17-alpha qui rend possible l&rsquo;utilisation orale de ce st\u00e9ro\u00efde anabolisant, avec un effet tr\u00e8s notable sur le corps (et un effet n\u00e9gatif sur le foie).<\/p>\n<h2>Avantages pour le corps et la sant\u00e9<\/h2>\n<ul>\n<li>Augmentation de la synth\u00e8se des prot\u00e9ines ;<\/li>\n<li>Favorise une augmentation rapide de la force et de la masse musculaire ;<\/li>\n<li>Am\u00e9liore votre r\u00e9cup\u00e9ration ;<\/li>\n<li>Augmente le niveau de glycog\u00e8ne ;<\/li>\n<li>App\u00e9tit accru ;<\/li>\n<li>Am\u00e9liore l&rsquo;humeur et soutient la motivation \u00e0 l&rsquo;entra\u00eenement.<\/li>\n<\/ul>\n<h2>Application du Dbol<\/h2>\n<p>La dose minimale de dbol pour les hommes est de 20 mg par jour, mais la moyenne est de 30 mg en raison de la demi-vie courte de 6 \u00e0 8 heures, donc la fr\u00e9quence de prise est divis\u00e9e en 2 \u00e0 3 fois par jour.<\/p>\n<p>Le Dbol peut causer des effets secondaires masculinisants chez les femmes. Cependant, certaines femmes pourraient tol\u00e9rer de petites doses sans effets secondaires graves. Si une femme veut essayer le Dbol, il est conseill\u00e9 de commencer avec une prise quotidienne de 2,5 mg. Si cela s&rsquo;av\u00e8re tol\u00e9rable, elles pourraient envisager de l&rsquo;augmenter \u00e0 5 mg par jour. Une minorit\u00e9 de femmes pourraient tenter une dose quotidienne de 10 mg, mais cela augmente le risque de d\u00e9velopper des traits masculins. Pour la majorit\u00e9 des femmes, il n&rsquo;est pas sugg\u00e9r\u00e9 d&rsquo;aller au-del\u00e0 de 5 mg, car m\u00eame \u00e0 cette dose, les fortes propri\u00e9t\u00e9s anaboliques du Dbol peuvent produire des r\u00e9sultats substantiels.<\/p>\n<p>Toujours demander conseil \u00e0 un sp\u00e9cialiste de la sant\u00e9 lorsqu&rsquo;on envisage d&rsquo;utiliser des st\u00e9ro\u00efdes ou d&rsquo;autres m\u00e9dicaments. Driada offre de telles consultations gratuitement.<\/p>","protected":false},"excerpt":{"rendered":"<p>Ingr\u00e9dient actif: Methandienone Type: st\u00e9ro\u00efde anabolisant (d\u00e9riv\u00e9 de la testost\u00e9rone) Forme: Orale (pilule) Qu&rsquo;est-ce que le Dianabol (M\u00e9thandi\u00e9none) ? La<\/p>\n","protected":false},"featured_media":9783,"comment_status":"open","ping_status":"closed","template":"","meta":[],"product_brand":[],"product_cat":[73],"product_tag":[],"class_list":{"0":"post-9782","1":"product","2":"type-product","3":"status-publish","4":"has-post-thumbnail","6":"product_cat-ssteroides_orales","8":"first","9":"outofstock","10":"sale","11":"shipping-taxable","12":"purchasable","13":"product-type-simple"},"yoast_head":"<!-- This site is optimized with the Yoast SEO Premium plugin v24.4 (Yoast SEO v27.3) - https:\/\/yoast.com\/product\/yoast-seo-premium-wordpress\/ -->\n<title>DIANABOL \/ METHANDIIENONE - 10MG \/ 100tabs - (Espa\u00f1ol) Esteroides en l\u00ednea<\/title>\n<meta name=\"description\" content=\"Dianabol (M\u00e9thandi\u00e9none) : St\u00e9ro\u00efde oral pour gain rapide de muscle\/force et r\u00e9cup\u00e9ration. Toxique h\u00e9patique (alkylation C17-alpha).\" \/>\n<meta name=\"robots\" content=\"index, follow, max-snippet:-1, max-image-preview:large, max-video-preview:-1\" \/>\n<link rel=\"canonical\" href=\"https:\/\/iberoid.com\/fr\/product\/dianabol-methandiienone-driada-10mg-100tabs\/\" \/>\n<meta property=\"og:locale\" content=\"fr_FR\" \/>\n<meta property=\"og:type\" content=\"article\" \/>\n<meta property=\"og:title\" content=\"DIANABOL \/ METHANDIIENONE - 10MG \/ 100tabs\" \/>\n<meta property=\"og:description\" content=\"Dianabol (M\u00e9thandi\u00e9none) : St\u00e9ro\u00efde oral pour gain rapide de muscle\/force et r\u00e9cup\u00e9ration. Toxique h\u00e9patique (alkylation C17-alpha).\" \/>\n<meta property=\"og:url\" content=\"https:\/\/iberoid.com\/fr\/product\/dianabol-methandiienone-driada-10mg-100tabs\/\" \/>\n<meta property=\"og:site_name\" content=\"(Espa\u00f1ol) Esteroides en l\u00ednea\" \/>\n<meta property=\"article:modified_time\" content=\"2025-08-17T10:24:28+00:00\" \/>\n<meta property=\"og:image\" content=\"https:\/\/iberoid.com\/wp-content\/uploads\/2024\/10\/dinabolyn-driada-medical.webp\" \/>\n\t<meta property=\"og:image:width\" content=\"1000\" \/>\n\t<meta property=\"og:image:height\" content=\"1000\" \/>\n\t<meta property=\"og:image:type\" content=\"image\/webp\" \/>\n<meta name=\"twitter:card\" content=\"summary_large_image\" \/>\n<meta name=\"twitter:label1\" content=\"Prix\" \/>\n\t<meta name=\"twitter:data1\" content=\"&euro;25.00\" \/>\n\t<meta name=\"twitter:label2\" content=\"Disponibilit\u00e9\" \/>\n\t<meta name=\"twitter:data2\" content=\"Rupture de stock\" \/>\n<script type=\"application\/ld+json\" class=\"yoast-schema-graph\">{\"@context\":\"https:\\\/\\\/schema.org\",\"@graph\":[{\"@type\":\"WebPage\",\"@id\":\"https:\\\/\\\/iberoid.com\\\/fr\\\/product\\\/dianabol-methandiienone-driada-10mg-100tabs\\\/\",\"url\":\"https:\\\/\\\/iberoid.com\\\/fr\\\/product\\\/dianabol-methandiienone-driada-10mg-100tabs\\\/\",\"name\":\"DIANABOL \\\/ METHANDIIENONE - 10MG \\\/ 100tabs - (Espa\u00f1ol) Esteroides en l\u00ednea\",\"isPartOf\":{\"@id\":\"https:\\\/\\\/iberoid.com\\\/fr\\\/#website\"},\"primaryImageOfPage\":{\"@id\":\"https:\\\/\\\/iberoid.com\\\/fr\\\/product\\\/dianabol-methandiienone-driada-10mg-100tabs\\\/#primaryimage\"},\"image\":{\"@id\":\"https:\\\/\\\/iberoid.com\\\/fr\\\/product\\\/dianabol-methandiienone-driada-10mg-100tabs\\\/#primaryimage\"},\"thumbnailUrl\":\"https:\\\/\\\/iberoid.com\\\/wp-content\\\/uploads\\\/2024\\\/10\\\/dinabolyn-driada-medical.webp\",\"datePublished\":\"2024-10-27T11:38:57+00:00\",\"dateModified\":\"2025-08-17T10:24:28+00:00\",\"description\":\"Dianabol (M\u00e9thandi\u00e9none) : St\u00e9ro\u00efde oral pour gain rapide de muscle\\\/force et r\u00e9cup\u00e9ration. Toxique h\u00e9patique (alkylation C17-alpha).\",\"breadcrumb\":{\"@id\":\"https:\\\/\\\/iberoid.com\\\/fr\\\/product\\\/dianabol-methandiienone-driada-10mg-100tabs\\\/#breadcrumb\"},\"inLanguage\":\"fr-FR\",\"potentialAction\":[{\"@type\":\"ReadAction\",\"target\":[[\"https:\\\/\\\/iberoid.com\\\/fr\\\/product\\\/dianabol-methandiienone-driada-10mg-100tabs\\\/\"]]}]},{\"@type\":\"ImageObject\",\"inLanguage\":\"fr-FR\",\"@id\":\"https:\\\/\\\/iberoid.com\\\/fr\\\/product\\\/dianabol-methandiienone-driada-10mg-100tabs\\\/#primaryimage\",\"url\":\"https:\\\/\\\/iberoid.com\\\/wp-content\\\/uploads\\\/2024\\\/10\\\/dinabolyn-driada-medical.webp\",\"contentUrl\":\"https:\\\/\\\/iberoid.com\\\/wp-content\\\/uploads\\\/2024\\\/10\\\/dinabolyn-driada-medical.webp\",\"width\":1000,\"height\":1000},{\"@type\":\"BreadcrumbList\",\"@id\":\"https:\\\/\\\/iberoid.com\\\/fr\\\/product\\\/dianabol-methandiienone-driada-10mg-100tabs\\\/#breadcrumb\",\"itemListElement\":[{\"@type\":\"ListItem\",\"position\":1,\"name\":\"Portada\",\"item\":\"https:\\\/\\\/iberoid.com\\\/fr\\\/\"},{\"@type\":\"ListItem\",\"position\":2,\"name\":\"Magasin\",\"item\":\"https:\\\/\\\/iberoid.com\\\/fr\\\/shop\\\/\"},{\"@type\":\"ListItem\",\"position\":3,\"name\":\"DIANABOL \\\/ METHANDIIENONE &#8211; 10MG \\\/ 100tabs\"}]},{\"@type\":\"WebSite\",\"@id\":\"https:\\\/\\\/iberoid.com\\\/fr\\\/#website\",\"url\":\"https:\\\/\\\/iberoid.com\\\/fr\\\/\",\"name\":\"(Espa\u00f1ol) Esteroides en l\u00ednea\",\"description\":\"(Espa\u00f1ol) Comprar esteroides en l\u00ednea hoy en Espa\u00f1a y Portugal. Tenemos el mejor servicio al cliente en la industria y los productos de la m\u00e1s alta calidad\",\"potentialAction\":[{\"@type\":\"SearchAction\",\"target\":{\"@type\":\"EntryPoint\",\"urlTemplate\":\"https:\\\/\\\/iberoid.com\\\/fr\\\/?s={search_term_string}\"},\"query-input\":{\"@type\":\"PropertyValueSpecification\",\"valueRequired\":true,\"valueName\":\"search_term_string\"}}],\"inLanguage\":\"fr-FR\"}]}<\/script>\n<meta property=\"product:brand\" content=\"Driada\" \/>\n<meta property=\"product:price:amount\" content=\"25.00\" \/>\n<meta property=\"product:price:currency\" content=\"EUR\" \/>\n<meta property=\"og:availability\" content=\"out of stock\" \/>\n<meta property=\"product:availability\" content=\"out of stock\" \/>\n<meta property=\"product:condition\" content=\"new\" \/>\n<!-- \/ Yoast SEO Premium plugin. -->","yoast_head_json":{"title":"DIANABOL \/ METHANDIIENONE - 10MG \/ 100tabs - (Espa\u00f1ol) Esteroides en l\u00ednea","description":"Dianabol (M\u00e9thandi\u00e9none) : St\u00e9ro\u00efde oral pour gain rapide de muscle\/force et r\u00e9cup\u00e9ration. Toxique h\u00e9patique (alkylation C17-alpha).","robots":{"index":"index","follow":"follow","max-snippet":"max-snippet:-1","max-image-preview":"max-image-preview:large","max-video-preview":"max-video-preview:-1"},"canonical":"https:\/\/iberoid.com\/fr\/product\/dianabol-methandiienone-driada-10mg-100tabs\/","og_locale":"fr_FR","og_type":"article","og_title":"DIANABOL \/ METHANDIIENONE - 10MG \/ 100tabs","og_description":"Dianabol (M\u00e9thandi\u00e9none) : St\u00e9ro\u00efde oral pour gain rapide de muscle\/force et r\u00e9cup\u00e9ration. Toxique h\u00e9patique (alkylation C17-alpha).","og_url":"https:\/\/iberoid.com\/fr\/product\/dianabol-methandiienone-driada-10mg-100tabs\/","og_site_name":"(Espa\u00f1ol) Esteroides en l\u00ednea","article_modified_time":"2025-08-17T10:24:28+00:00","og_image":[{"width":1000,"height":1000,"url":"https:\/\/iberoid.com\/wp-content\/uploads\/2024\/10\/dinabolyn-driada-medical.webp","type":"image\/webp"}],"twitter_card":"summary_large_image","twitter_misc":{"Prix":"&euro;25.00","Disponibilit\u00e9":"Rupture de stock"},"schema":{"@context":"https:\/\/schema.org","@graph":[{"@type":"WebPage","@id":"https:\/\/iberoid.com\/fr\/product\/dianabol-methandiienone-driada-10mg-100tabs\/","url":"https:\/\/iberoid.com\/fr\/product\/dianabol-methandiienone-driada-10mg-100tabs\/","name":"DIANABOL \/ METHANDIIENONE - 10MG \/ 100tabs - (Espa\u00f1ol) Esteroides en l\u00ednea","isPartOf":{"@id":"https:\/\/iberoid.com\/fr\/#website"},"primaryImageOfPage":{"@id":"https:\/\/iberoid.com\/fr\/product\/dianabol-methandiienone-driada-10mg-100tabs\/#primaryimage"},"image":{"@id":"https:\/\/iberoid.com\/fr\/product\/dianabol-methandiienone-driada-10mg-100tabs\/#primaryimage"},"thumbnailUrl":"https:\/\/iberoid.com\/wp-content\/uploads\/2024\/10\/dinabolyn-driada-medical.webp","datePublished":"2024-10-27T11:38:57+00:00","dateModified":"2025-08-17T10:24:28+00:00","description":"Dianabol (M\u00e9thandi\u00e9none) : St\u00e9ro\u00efde oral pour gain rapide de muscle\/force et r\u00e9cup\u00e9ration. Toxique h\u00e9patique (alkylation C17-alpha).","breadcrumb":{"@id":"https:\/\/iberoid.com\/fr\/product\/dianabol-methandiienone-driada-10mg-100tabs\/#breadcrumb"},"inLanguage":"fr-FR","potentialAction":[{"@type":"ReadAction","target":[["https:\/\/iberoid.com\/fr\/product\/dianabol-methandiienone-driada-10mg-100tabs\/"]]}]},{"@type":"ImageObject","inLanguage":"fr-FR","@id":"https:\/\/iberoid.com\/fr\/product\/dianabol-methandiienone-driada-10mg-100tabs\/#primaryimage","url":"https:\/\/iberoid.com\/wp-content\/uploads\/2024\/10\/dinabolyn-driada-medical.webp","contentUrl":"https:\/\/iberoid.com\/wp-content\/uploads\/2024\/10\/dinabolyn-driada-medical.webp","width":1000,"height":1000},{"@type":"BreadcrumbList","@id":"https:\/\/iberoid.com\/fr\/product\/dianabol-methandiienone-driada-10mg-100tabs\/#breadcrumb","itemListElement":[{"@type":"ListItem","position":1,"name":"Portada","item":"https:\/\/iberoid.com\/fr\/"},{"@type":"ListItem","position":2,"name":"Magasin","item":"https:\/\/iberoid.com\/fr\/shop\/"},{"@type":"ListItem","position":3,"name":"DIANABOL \/ METHANDIIENONE &#8211; 10MG \/ 100tabs"}]},{"@type":"WebSite","@id":"https:\/\/iberoid.com\/fr\/#website","url":"https:\/\/iberoid.com\/fr\/","name":"(Espa\u00f1ol) Esteroides en l\u00ednea","description":"(Espa\u00f1ol) Comprar esteroides en l\u00ednea hoy en Espa\u00f1a y Portugal. Tenemos el mejor servicio al cliente en la industria y los productos de la m\u00e1s alta calidad","potentialAction":[{"@type":"SearchAction","target":{"@type":"EntryPoint","urlTemplate":"https:\/\/iberoid.com\/fr\/?s={search_term_string}"},"query-input":{"@type":"PropertyValueSpecification","valueRequired":true,"valueName":"search_term_string"}}],"inLanguage":"fr-FR"}]},"product_brand":"Driada","product_price_amount":"25.00","product_price_currency":"EUR","og_availability":"out of stock","product_availability":"out of stock","product_condition":"new"},"_links":{"self":[{"href":"https:\/\/iberoid.com\/fr\/wp-json\/wp\/v2\/product\/9782","targetHints":{"allow":["GET"]}}],"collection":[{"href":"https:\/\/iberoid.com\/fr\/wp-json\/wp\/v2\/product"}],"about":[{"href":"https:\/\/iberoid.com\/fr\/wp-json\/wp\/v2\/types\/product"}],"replies":[{"embeddable":true,"href":"https:\/\/iberoid.com\/fr\/wp-json\/wp\/v2\/comments?post=9782"}],"wp:featuredmedia":[{"embeddable":true,"href":"https:\/\/iberoid.com\/fr\/wp-json\/wp\/v2\/media\/9783"}],"wp:attachment":[{"href":"https:\/\/iberoid.com\/fr\/wp-json\/wp\/v2\/media?parent=9782"}],"wp:term":[{"taxonomy":"product_brand","embeddable":true,"href":"https:\/\/iberoid.com\/fr\/wp-json\/wp\/v2\/product_brand?post=9782"},{"taxonomy":"product_cat","embeddable":true,"href":"https:\/\/iberoid.com\/fr\/wp-json\/wp\/v2\/product_cat?post=9782"},{"taxonomy":"product_tag","embeddable":true,"href":"https:\/\/iberoid.com\/fr\/wp-json\/wp\/v2\/product_tag?post=9782"}],"curies":[{"name":"wp","href":"https:\/\/api.w.org\/{rel}","templated":true}]}}