{"id":9785,"date":"2024-10-27T11:51:49","date_gmt":"2024-10-27T11:51:49","guid":{"rendered":"https:\/\/iberoid.com\/?post_type=product&#038;p=9785"},"modified":"2026-03-29T16:01:46","modified_gmt":"2026-03-29T16:01:46","slug":"anastrozol1mg-28tabs-teva","status":"publish","type":"product","link":"https:\/\/iberoid.com\/fr\/product\/anastrozol1mg-28tabs-teva\/","title":{"rendered":"ANASTROZOL &#8211; 1mg \/ 28tabs"},"content":{"rendered":"<p><\/p>\n<h2><span>M\u00e9canisme d&rsquo;action<\/span><br \/>\n<span>de l&rsquo;anastrozole<\/span><\/h2>\n<p><span>Il r\u00e9duit les niveaux circulants d&rsquo;estradiol en inhibant l&rsquo;aromatase, une enzyme impliqu\u00e9e dans la synth\u00e8se des \u0153strog\u00e8nes \u00e0 partir de pr\u00e9curseurs androg\u00e8nes.<\/span><\/p>\n<h2><span>Indications th\u00e9rapeutiques<\/span><br \/>\n<span>Anastrozole<\/span><\/h2>\n<p><span>Traitement du cancer du sein avanc\u00e9 \u00e0 r\u00e9cepteurs hormonaux positifs chez les femmes m\u00e9nopaus\u00e9es.<\/span><br \/>\n<span>Traitement adjuvant des femmes m\u00e9nopaus\u00e9es qui pr\u00e9sentent un cancer du sein invasif \u00e0 un stade pr\u00e9coce avec r\u00e9cepteur hormonal positif.<\/span><br \/>\n<span>Traitement adjuvant des femmes m\u00e9nopaus\u00e9es atteintes d&rsquo;un cancer du sein invasif \u00e0 un stade pr\u00e9coce avec un statut positif des r\u00e9cepteurs hormonaux, qui ont re\u00e7u un traitement adjuvant par tamoxif\u00e8ne pendant une p\u00e9riode de 2 \u00e0 3 ans.<\/span><\/p>\n<h2><span>Mode d\u2019administration<\/span><br \/>\n<span>Anastrozole<\/span><\/h2>\n<p><span>Oralement. Administrer tous les jours \u00e0 la m\u00eame heure, quel que soit le repas.<\/span><\/p>\n<h2><span>Contre-indications<\/span><br \/>\n<span>Anastrozole<\/span><\/h2>\n<p><span>Hypersensibilit\u00e9 \u00e0 l&rsquo;anastrozole. Femmes enceintes ou allaitantes.<\/span><\/p>\n<h2><span>Avertissements et pr\u00e9cautions<\/span><br \/>\n<span>Anastrozole<\/span><\/h2>\n<p><span>IH mod\u00e9r\u00e9 \u00e0 s\u00e9v\u00e8re (\u00e9valuer les risques\/b\u00e9n\u00e9fices), RI s\u00e9v\u00e8re.<\/span><br \/>\n<span>\u00c0 \u00e9viter chez les femmes pr\u00e9m\u00e9nopaus\u00e9es.<\/span><br \/>\n<span>Risque de diminution de la densit\u00e9 min\u00e9rale osseuse (\u00e9valuer la densit\u00e9 min\u00e9rale osseuse en d\u00e9but de traitement et \u00e0 intervalles r\u00e9guliers par la suite).<\/span><br \/>\n<span>\u00c9vitez l&rsquo;utilisation concomitante de tamoxif\u00e8ne ou de th\u00e9rapies contenant des \u0153strog\u00e8nes.<\/span><br \/>\n<span>D\u00e9conseill\u00e9 aux enfants et adolescents. Ne pas administrer avec tto. d&rsquo;hormone de croissance aux enfants pr\u00e9sentant un d\u00e9ficit en hormone de croissance.<\/span><\/p>","protected":false},"excerpt":{"rendered":"<p>M\u00e9canisme d&rsquo;action de l&rsquo;anastrozole Il r\u00e9duit les niveaux circulants d&rsquo;estradiol en inhibant l&rsquo;aromatase, une enzyme impliqu\u00e9e dans la synth\u00e8se des<\/p>\n","protected":false},"featured_media":9787,"comment_status":"open","ping_status":"closed","template":"","meta":[],"product_brand":[],"product_cat":[73,3533],"product_tag":[],"class_list":{"0":"post-9785","1":"product","2":"type-product","3":"status-publish","4":"has-post-thumbnail","6":"product_cat-ssteroides_orales","7":"product_cat-sales-rebajas","9":"first","10":"instock","11":"sale","12":"shipping-taxable","13":"purchasable","14":"product-type-simple"},"yoast_head":"<!-- This site is optimized with the Yoast SEO Premium plugin v24.4 (Yoast SEO v27.0) - https:\/\/yoast.com\/product\/yoast-seo-premium-wordpress\/ -->\n<title>ANASTROZOL - 1mg \/ 28tabs - (Espa\u00f1ol) Esteroides en l\u00ednea<\/title>\n<meta name=\"description\" content=\"Anastrozole : Inhibiteur de l&#039;aromatase r\u00e9duisant l&#039;estradiol chez les femmes m\u00e9nopaus\u00e9es atteintes d&#039;un cancer du sein hormono-d\u00e9pendant (traitement adjuvant au stade avanc\u00e9 et pr\u00e9coce). Voie orale, usage quotidien. Contre-indiqu\u00e9 pendant la grossesse\/l&#039;allaitement.\" \/>\n<meta name=\"robots\" content=\"index, follow, max-snippet:-1, max-image-preview:large, max-video-preview:-1\" \/>\n<link rel=\"canonical\" href=\"https:\/\/iberoid.com\/fr\/product\/anastrozol1mg-28tabs-teva\/\" \/>\n<meta property=\"og:locale\" content=\"fr_FR\" \/>\n<meta property=\"og:type\" content=\"article\" \/>\n<meta property=\"og:title\" content=\"ANASTROZOL - 1mg \/ 28tabs\" \/>\n<meta property=\"og:description\" content=\"Anastrozole : Inhibiteur de l&#039;aromatase r\u00e9duisant l&#039;estradiol chez les femmes m\u00e9nopaus\u00e9es atteintes d&#039;un cancer du sein hormono-d\u00e9pendant (traitement adjuvant au stade avanc\u00e9 et pr\u00e9coce). Voie orale, usage quotidien. Contre-indiqu\u00e9 pendant la grossesse\/l&#039;allaitement.\" \/>\n<meta property=\"og:url\" content=\"https:\/\/iberoid.com\/fr\/product\/anastrozol1mg-28tabs-teva\/\" \/>\n<meta property=\"og:site_name\" content=\"(Espa\u00f1ol) Esteroides en l\u00ednea\" \/>\n<meta property=\"article:modified_time\" content=\"2026-03-29T16:01:46+00:00\" \/>\n<meta property=\"og:image\" content=\"https:\/\/iberoid.com\/wp-content\/uploads\/2024\/10\/teva-anastrozole-1mgtab-28tabsbox-3516519754-400x400-1.jpg?v=1730029887\" \/>\n\t<meta property=\"og:image:width\" content=\"400\" \/>\n\t<meta property=\"og:image:height\" content=\"400\" \/>\n\t<meta property=\"og:image:type\" content=\"image\/jpeg\" \/>\n<meta name=\"twitter:card\" content=\"summary_large_image\" \/>\n<meta name=\"twitter:label1\" content=\"Prix\" \/>\n\t<meta name=\"twitter:data1\" content=\"&euro;30.00\" \/>\n\t<meta name=\"twitter:label2\" content=\"Disponibilit\u00e9\" \/>\n\t<meta name=\"twitter:data2\" content=\"En stock\" \/>\n<script type=\"application\/ld+json\" class=\"yoast-schema-graph\">{\"@context\":\"https:\/\/schema.org\",\"@graph\":[{\"@type\":\"WebPage\",\"@id\":\"https:\/\/iberoid.com\/fr\/product\/anastrozol1mg-28tabs-teva\/\",\"url\":\"https:\/\/iberoid.com\/fr\/product\/anastrozol1mg-28tabs-teva\/\",\"name\":\"ANASTROZOL - 1mg \/ 28tabs - (Espa\u00f1ol) Esteroides en l\u00ednea\",\"isPartOf\":{\"@id\":\"https:\/\/iberoid-shop.com\/#website\"},\"primaryImageOfPage\":{\"@id\":\"https:\/\/iberoid.com\/fr\/product\/anastrozol1mg-28tabs-teva\/#primaryimage\"},\"image\":{\"@id\":\"https:\/\/iberoid.com\/fr\/product\/anastrozol1mg-28tabs-teva\/#primaryimage\"},\"thumbnailUrl\":\"https:\/\/iberoid.com\/wp-content\/uploads\/2024\/10\/teva-anastrozole-1mgtab-28tabsbox-3516519754-400x400-1.jpg?v=1730029887\",\"datePublished\":\"2024-10-27T11:51:49+00:00\",\"dateModified\":\"2026-03-29T16:01:46+00:00\",\"description\":\"Anastrozole : Inhibiteur de l'aromatase r\u00e9duisant l'estradiol chez les femmes m\u00e9nopaus\u00e9es atteintes d'un cancer du sein hormono-d\u00e9pendant (traitement adjuvant au stade avanc\u00e9 et pr\u00e9coce). Voie orale, usage quotidien. Contre-indiqu\u00e9 pendant la grossesse\/l'allaitement.\",\"breadcrumb\":{\"@id\":\"https:\/\/iberoid.com\/fr\/product\/anastrozol1mg-28tabs-teva\/#breadcrumb\"},\"inLanguage\":\"fr-FR\",\"potentialAction\":[{\"@type\":\"ReadAction\",\"target\":[[\"https:\/\/iberoid.com\/fr\/product\/anastrozol1mg-28tabs-teva\/\"]]}]},{\"@type\":\"ImageObject\",\"inLanguage\":\"fr-FR\",\"@id\":\"https:\/\/iberoid.com\/fr\/product\/anastrozol1mg-28tabs-teva\/#primaryimage\",\"url\":\"https:\/\/iberoid.com\/wp-content\/uploads\/2024\/10\/teva-anastrozole-1mgtab-28tabsbox-3516519754-400x400-1.jpg?v=1730029887\",\"contentUrl\":\"https:\/\/iberoid.com\/wp-content\/uploads\/2024\/10\/teva-anastrozole-1mgtab-28tabsbox-3516519754-400x400-1.jpg?v=1730029887\",\"width\":400,\"height\":400},{\"@type\":\"BreadcrumbList\",\"@id\":\"https:\/\/iberoid.com\/fr\/product\/anastrozol1mg-28tabs-teva\/#breadcrumb\",\"itemListElement\":[{\"@type\":\"ListItem\",\"position\":1,\"name\":\"Portada\",\"item\":\"https:\/\/iberoid.com\/fr\/\"},{\"@type\":\"ListItem\",\"position\":2,\"name\":\"Magasin\",\"item\":\"https:\/\/iberoid.com\/fr\/shop\/\"},{\"@type\":\"ListItem\",\"position\":3,\"name\":\"ANASTROZOL &#8211; 1mg \/ 28tabs\"}]},{\"@type\":\"WebSite\",\"@id\":\"https:\/\/iberoid-shop.com\/#website\",\"url\":\"https:\/\/iberoid-shop.com\/\",\"name\":\"(Espa\u00f1ol) Esteroides en l\u00ednea\",\"description\":\"(Espa\u00f1ol) Comprar esteroides en l\u00ednea hoy en Espa\u00f1a y Portugal. Tenemos el mejor servicio al cliente en la industria y los productos de la m\u00e1s alta calidad\",\"potentialAction\":[{\"@type\":\"SearchAction\",\"target\":{\"@type\":\"EntryPoint\",\"urlTemplate\":\"https:\/\/iberoid-shop.com\/?s={search_term_string}\"},\"query-input\":{\"@type\":\"PropertyValueSpecification\",\"valueRequired\":true,\"valueName\":\"search_term_string\"}}],\"inLanguage\":\"fr-FR\"}]}<\/script>\n<meta property=\"product:brand\" content=\"Teva\" \/>\n<meta property=\"product:price:amount\" content=\"30.00\" \/>\n<meta property=\"product:price:currency\" content=\"EUR\" \/>\n<meta property=\"og:availability\" content=\"instock\" \/>\n<meta property=\"product:availability\" content=\"instock\" \/>\n<meta property=\"product:condition\" content=\"new\" \/>\n<!-- \/ Yoast SEO Premium plugin. -->","yoast_head_json":{"title":"ANASTROZOL - 1mg \/ 28tabs - (Espa\u00f1ol) Esteroides en l\u00ednea","description":"Anastrozole : Inhibiteur de l'aromatase r\u00e9duisant l'estradiol chez les femmes m\u00e9nopaus\u00e9es atteintes d'un cancer du sein hormono-d\u00e9pendant (traitement adjuvant au stade avanc\u00e9 et pr\u00e9coce). Voie orale, usage quotidien. Contre-indiqu\u00e9 pendant la grossesse\/l'allaitement.","robots":{"index":"index","follow":"follow","max-snippet":"max-snippet:-1","max-image-preview":"max-image-preview:large","max-video-preview":"max-video-preview:-1"},"canonical":"https:\/\/iberoid.com\/fr\/product\/anastrozol1mg-28tabs-teva\/","og_locale":"fr_FR","og_type":"article","og_title":"ANASTROZOL - 1mg \/ 28tabs","og_description":"Anastrozole : Inhibiteur de l'aromatase r\u00e9duisant l'estradiol chez les femmes m\u00e9nopaus\u00e9es atteintes d'un cancer du sein hormono-d\u00e9pendant (traitement adjuvant au stade avanc\u00e9 et pr\u00e9coce). Voie orale, usage quotidien. Contre-indiqu\u00e9 pendant la grossesse\/l'allaitement.","og_url":"https:\/\/iberoid.com\/fr\/product\/anastrozol1mg-28tabs-teva\/","og_site_name":"(Espa\u00f1ol) Esteroides en l\u00ednea","article_modified_time":"2026-03-29T16:01:46+00:00","og_image":[{"width":400,"height":400,"url":"https:\/\/iberoid.com\/wp-content\/uploads\/2024\/10\/teva-anastrozole-1mgtab-28tabsbox-3516519754-400x400-1.jpg?v=1730029887","type":"image\/jpeg"}],"twitter_card":"summary_large_image","twitter_misc":{"Prix":"&euro;30.00","Disponibilit\u00e9":"En stock"},"schema":{"@context":"https:\/\/schema.org","@graph":[{"@type":"WebPage","@id":"https:\/\/iberoid.com\/fr\/product\/anastrozol1mg-28tabs-teva\/","url":"https:\/\/iberoid.com\/fr\/product\/anastrozol1mg-28tabs-teva\/","name":"ANASTROZOL - 1mg \/ 28tabs - (Espa\u00f1ol) Esteroides en l\u00ednea","isPartOf":{"@id":"https:\/\/iberoid-shop.com\/#website"},"primaryImageOfPage":{"@id":"https:\/\/iberoid.com\/fr\/product\/anastrozol1mg-28tabs-teva\/#primaryimage"},"image":{"@id":"https:\/\/iberoid.com\/fr\/product\/anastrozol1mg-28tabs-teva\/#primaryimage"},"thumbnailUrl":"https:\/\/iberoid.com\/wp-content\/uploads\/2024\/10\/teva-anastrozole-1mgtab-28tabsbox-3516519754-400x400-1.jpg?v=1730029887","datePublished":"2024-10-27T11:51:49+00:00","dateModified":"2026-03-29T16:01:46+00:00","description":"Anastrozole : Inhibiteur de l'aromatase r\u00e9duisant l'estradiol chez les femmes m\u00e9nopaus\u00e9es atteintes d'un cancer du sein hormono-d\u00e9pendant (traitement adjuvant au stade avanc\u00e9 et pr\u00e9coce). Voie orale, usage quotidien. Contre-indiqu\u00e9 pendant la grossesse\/l'allaitement.","breadcrumb":{"@id":"https:\/\/iberoid.com\/fr\/product\/anastrozol1mg-28tabs-teva\/#breadcrumb"},"inLanguage":"fr-FR","potentialAction":[{"@type":"ReadAction","target":[["https:\/\/iberoid.com\/fr\/product\/anastrozol1mg-28tabs-teva\/"]]}]},{"@type":"ImageObject","inLanguage":"fr-FR","@id":"https:\/\/iberoid.com\/fr\/product\/anastrozol1mg-28tabs-teva\/#primaryimage","url":"https:\/\/iberoid.com\/wp-content\/uploads\/2024\/10\/teva-anastrozole-1mgtab-28tabsbox-3516519754-400x400-1.jpg?v=1730029887","contentUrl":"https:\/\/iberoid.com\/wp-content\/uploads\/2024\/10\/teva-anastrozole-1mgtab-28tabsbox-3516519754-400x400-1.jpg?v=1730029887","width":400,"height":400},{"@type":"BreadcrumbList","@id":"https:\/\/iberoid.com\/fr\/product\/anastrozol1mg-28tabs-teva\/#breadcrumb","itemListElement":[{"@type":"ListItem","position":1,"name":"Portada","item":"https:\/\/iberoid.com\/fr\/"},{"@type":"ListItem","position":2,"name":"Magasin","item":"https:\/\/iberoid.com\/fr\/shop\/"},{"@type":"ListItem","position":3,"name":"ANASTROZOL &#8211; 1mg \/ 28tabs"}]},{"@type":"WebSite","@id":"https:\/\/iberoid-shop.com\/#website","url":"https:\/\/iberoid-shop.com\/","name":"(Espa\u00f1ol) Esteroides en l\u00ednea","description":"(Espa\u00f1ol) Comprar esteroides en l\u00ednea hoy en Espa\u00f1a y Portugal. Tenemos el mejor servicio al cliente en la industria y los productos de la m\u00e1s alta calidad","potentialAction":[{"@type":"SearchAction","target":{"@type":"EntryPoint","urlTemplate":"https:\/\/iberoid-shop.com\/?s={search_term_string}"},"query-input":{"@type":"PropertyValueSpecification","valueRequired":true,"valueName":"search_term_string"}}],"inLanguage":"fr-FR"}]},"product_brand":"Teva","product_price_amount":"30.00","product_price_currency":"EUR","og_availability":"instock","product_availability":"instock","product_condition":"new"},"_links":{"self":[{"href":"https:\/\/iberoid.com\/fr\/wp-json\/wp\/v2\/product\/9785","targetHints":{"allow":["GET"]}}],"collection":[{"href":"https:\/\/iberoid.com\/fr\/wp-json\/wp\/v2\/product"}],"about":[{"href":"https:\/\/iberoid.com\/fr\/wp-json\/wp\/v2\/types\/product"}],"replies":[{"embeddable":true,"href":"https:\/\/iberoid.com\/fr\/wp-json\/wp\/v2\/comments?post=9785"}],"wp:featuredmedia":[{"embeddable":true,"href":"https:\/\/iberoid.com\/fr\/wp-json\/wp\/v2\/media\/9787"}],"wp:attachment":[{"href":"https:\/\/iberoid.com\/fr\/wp-json\/wp\/v2\/media?parent=9785"}],"wp:term":[{"taxonomy":"product_brand","embeddable":true,"href":"https:\/\/iberoid.com\/fr\/wp-json\/wp\/v2\/product_brand?post=9785"},{"taxonomy":"product_cat","embeddable":true,"href":"https:\/\/iberoid.com\/fr\/wp-json\/wp\/v2\/product_cat?post=9785"},{"taxonomy":"product_tag","embeddable":true,"href":"https:\/\/iberoid.com\/fr\/wp-json\/wp\/v2\/product_tag?post=9785"}],"curies":[{"name":"wp","href":"https:\/\/api.w.org\/{rel}","templated":true}]}}