{"id":9790,"date":"2024-10-27T12:21:28","date_gmt":"2024-10-27T12:21:28","guid":{"rendered":"https:\/\/iberoid.com\/?post_type=product&#038;p=9790"},"modified":"2025-02-24T09:18:06","modified_gmt":"2025-02-24T09:18:06","slug":"stanos-10mg100tabs-stanozolol-winstrol-driada","status":"publish","type":"product","link":"https:\/\/iberoid.com\/fr\/product\/stanos-10mg100tabs-stanozolol-winstrol-driada\/","title":{"rendered":"STANOS 10mg,100tabs (Stanozolol, Winstrol)"},"content":{"rendered":"<p>Principe actif : Stanozolol<br \/>\nType : St\u00e9ro\u00efdes anabolisants (d\u00e9riv\u00e9 de la DHT)<br \/>\nForme : Voies orales (pilules)<br \/>\nComprim\u00e9s de Winstrol 10 mg<\/p>\n<p>Winstrol est le nom commercial du Stanozolol, une hormone st\u00e9ro\u00efde anabolique synth\u00e9tique m\u00e9thyl\u00e9e en 17\u03b1. Elle est class\u00e9e comme un d\u00e9riv\u00e9 de la dihydrotestost\u00e9rone.<\/p>\n<p>Au d\u00e9part, le Stanozolol a \u00e9t\u00e9 cr\u00e9\u00e9 pour traiter les animaux, en particulier les chevaux. Cependant, il a finalement re\u00e7u l&rsquo;approbation de la FDA pour une utilisation chez l&rsquo;homme.<\/p>\n<p>Le Stanozolol est prescrit pour des affections telles que l&rsquo;an\u00e9mie aplasique et l&rsquo;\u0153d\u00e8me de Quincke h\u00e9r\u00e9ditaire. De plus, il est recherch\u00e9 par les athl\u00e8tes de comp\u00e9tition, les culturistes et les halt\u00e9rophiles pour am\u00e9liorer leur physique et augmenter leurs performances, soutenir la masse musculaire pendant le processus de combustion des graisses et augmenter la motivation \u00e0 l&rsquo;entra\u00eenement. Le suppl\u00e9ment de Stanozolol n&rsquo;a pas d&rsquo;activit\u00e9 \u0153strog\u00e9nique, donc le r\u00e9sultat arrive rapidement.<\/p>\n<p>Il peut \u00eatre trouv\u00e9 sous forme de comprim\u00e9s de stanozolol ou sous forme injectable. Vous pouvez acheter des comprim\u00e9s de Winstrol par voie orale en pharmacie ou sur Internet, tandis que les g\u00e9lules de Winstrol sont rares et sont pour la plupart des produits du march\u00e9 noir de qualit\u00e9 douteuse.<\/p>\n<p>Principe de fonctionnement des comprim\u00e9s de Stanozolol\u00a0: principaux avantages pour le corps<\/p>\n<p>Le Stanozolol, commun\u00e9ment appel\u00e9 Winstrol, est un m\u00e9dicament tr\u00e8s recherch\u00e9 dans le culturisme et les sports o\u00f9 la combinaison de vitesse et de force est importante, disponible \u00e0 l&rsquo;achat en ligne. Contrairement \u00e0 de nombreux st\u00e9ro\u00efdes, son impact sur le poids corporel est minime. Au lieu de cela, il d\u00e9finit les muscles, accentue les d\u00e9tails veineux et aide \u00e0 br\u00fbler les graisses, ce qui le rend populaire pendant les phases de \u00ab\u00a0coupe\u00a0\u00bb.<\/p>\n<p>Une \u00e9tude de 1989 a r\u00e9v\u00e9l\u00e9 qu&rsquo;une dose unique de stanozolol, \u00e0 0,2 mg pour 1 kg de poids corporel, peut r\u00e9duire les niveaux de SHBG (Sex Hormone Binding Globulin) jusqu&rsquo;\u00e0 50\u00a0%. Cela est b\u00e9n\u00e9fique pour les athl\u00e8tes dont les niveaux d&rsquo;hormones d\u00e9passent les normes physiologiques, ainsi que pour les personnes \u00e2g\u00e9es dont les niveaux de SHBG sont \u00e9lev\u00e9s en raison de l&rsquo;\u00e2ge. Cette r\u00e9duction peut conduire \u00e0 une augmentation de la testost\u00e9rone libre, ce qui signifie que l&rsquo;efficacit\u00e9 de tout st\u00e9ro\u00efde pris avec le stanozolol est probablement am\u00e9lior\u00e9e.<\/p>\n<p>\u00c0 l&rsquo;\u00e9chelle mol\u00e9culaire, le stanozolol peut se lier aux r\u00e9cepteurs des androg\u00e8nes. Cette capacit\u00e9 \u00e0 se connecter aux r\u00e9cepteurs des tissus adipeux peut stimuler consid\u00e9rablement le m\u00e9tabolisme des graisses. On pense \u00e9galement qu&rsquo;il a des effets anti-\u0153strog\u00e9niques et antiprogestatifs, probablement en raison de son inhibition comp\u00e9titive des r\u00e9cepteurs de la progest\u00e9rone.<\/p>\n<p>Le Winstrol est tr\u00e8s appr\u00e9ci\u00e9 en musculation en raison de ses effets uniques par rapport \u00e0 la plupart des st\u00e9ro\u00efdes. Bien qu&rsquo;il n&rsquo;influence pas beaucoup la masse corporelle, il d\u00e9finit les contours musculaires, am\u00e9liore les d\u00e9tails veineux et favorise la combustion des graisses. Par cons\u00e9quent, il est principalement utilis\u00e9 pendant les cycles de \u00ab coupe \u00bb et le d\u00e9veloppement d&rsquo;une forme \u00ab d\u00e9chir\u00e9e \u00bb.<\/p>\n<p>Les principaux effets du stanozolol comprennent\u00a0:<\/p>\n<p>Une d\u00e9finition musculaire am\u00e9lior\u00e9e.<br \/>\nUne augmentation marqu\u00e9e de la vitesse, de l&rsquo;endurance et de la force, particuli\u00e8rement utile pour les pratiquants de dynamophilie et d&rsquo;athl\u00e9tisme.<br \/>\nUne perte de graisse acc\u00e9l\u00e9r\u00e9e.<br \/>\nApp\u00e9tit accru<br \/>\nMotivation g\u00e9n\u00e9rale et niveau d&rsquo;\u00e9nergie accrus<br \/>\n\u00c9limination de l&rsquo;exc\u00e8s de liquide corporel.<br \/>\nDes tests scientifiques montrent qu&rsquo;une dose orale de Stanozolol, \u00e0 0,2 mg par kilogramme de poids d&rsquo;un athl\u00e8te, diminue de 50 % le niveau de globuline qui lie les hormones anaboliques. Cela sugg\u00e8re que l&rsquo;efficacit\u00e9 de la prise d&rsquo;autres st\u00e9ro\u00efdes en conjonction avec Stanozolol augmentera consid\u00e9rablement.<br \/>\nOn pense \u00e9galement qu&rsquo;il pr\u00e9sente des effets anti-\u0153strog\u00e9niques et anti-progestatifs, potentiellement en raison de son inhibition comp\u00e9titive des r\u00e9cepteurs de la progest\u00e9rone.<\/p>\n<p>Comment utiliser les comprim\u00e9s Winstrol 10 mg ?<\/p>\n<p>La dose optimale de Winstrol pour les halt\u00e9rophiles masculins est de 3 \u00e0 5 comprim\u00e9s de 10 mg par jour. Les athl\u00e8tes et les boxeurs utilisent g\u00e9n\u00e9ralement des doses plus faibles &#8211; environ 10 mg\/jour.<\/p>\n<p>La dur\u00e9e du cycle est d&rsquo;environ 4 \u00e0 6 semaines. \u00c0 mesure que la dur\u00e9e du cycle augmente, le risque d&rsquo;effets secondaires, affectant principalement les articulations, augmente \u00e9galement.<\/p>\n<p>Apr\u00e8s avoir termin\u00e9 le cycle, un PCT est n\u00e9cessaire pendant 3 semaines sous citrate de clomif\u00e8ne, 25 \u00e0 50 mg par jour seront suffisants dans la plupart des cas.<\/p>","protected":false},"excerpt":{"rendered":"<p>Principe actif : Stanozolol Type : St\u00e9ro\u00efdes anabolisants (d\u00e9riv\u00e9 de la DHT) Forme : Voies orales (pilules) Comprim\u00e9s de Winstrol<\/p>\n","protected":false},"featured_media":9791,"comment_status":"open","ping_status":"closed","template":"","meta":[],"product_brand":[],"product_cat":[73],"product_tag":[],"class_list":{"0":"post-9790","1":"product","2":"type-product","3":"status-publish","4":"has-post-thumbnail","6":"product_cat-ssteroides_orales","8":"first","9":"outofstock","10":"sale","11":"featured","12":"shipping-taxable","13":"purchasable","14":"product-type-simple"},"yoast_head":"<!-- This site is optimized with the Yoast SEO Premium plugin v24.4 (Yoast SEO v27.3) - https:\/\/yoast.com\/product\/yoast-seo-premium-wordpress\/ -->\n<title>STANOS 10mg,100tabs (Stanozolol, Winstrol) - (Espa\u00f1ol) Esteroides en l\u00ednea<\/title>\n<meta name=\"robots\" content=\"index, follow, max-snippet:-1, max-image-preview:large, max-video-preview:-1\" \/>\n<link rel=\"canonical\" href=\"https:\/\/iberoid.com\/fr\/product\/stanos-10mg100tabs-stanozolol-winstrol-driada\/\" \/>\n<meta property=\"og:locale\" content=\"fr_FR\" \/>\n<meta property=\"og:type\" content=\"article\" \/>\n<meta property=\"og:title\" content=\"STANOS 10mg,100tabs (Stanozolol, Winstrol)\" \/>\n<meta property=\"og:description\" content=\"Principe actif : Stanozolol Type : St\u00e9ro\u00efdes anabolisants (d\u00e9riv\u00e9 de la DHT) Forme : Voies orales (pilules) Comprim\u00e9s de Winstrol\" \/>\n<meta property=\"og:url\" content=\"https:\/\/iberoid.com\/fr\/product\/stanos-10mg100tabs-stanozolol-winstrol-driada\/\" \/>\n<meta property=\"og:site_name\" content=\"(Espa\u00f1ol) Esteroides en l\u00ednea\" \/>\n<meta property=\"article:modified_time\" content=\"2025-02-24T09:18:06+00:00\" \/>\n<meta property=\"og:image\" content=\"https:\/\/iberoid.com\/wp-content\/uploads\/2024\/10\/stanos_white-2000x2000h.jpg.webp\" \/>\n\t<meta property=\"og:image:width\" content=\"2000\" \/>\n\t<meta property=\"og:image:height\" content=\"2000\" \/>\n\t<meta property=\"og:image:type\" content=\"image\/webp\" \/>\n<meta name=\"twitter:card\" content=\"summary_large_image\" \/>\n<meta name=\"twitter:label1\" content=\"Prix\" \/>\n\t<meta name=\"twitter:data1\" content=\"&euro;30.00\" \/>\n\t<meta name=\"twitter:label2\" content=\"Disponibilit\u00e9\" \/>\n\t<meta name=\"twitter:data2\" content=\"Rupture de stock\" \/>\n<script type=\"application\/ld+json\" class=\"yoast-schema-graph\">{\"@context\":\"https:\\\/\\\/schema.org\",\"@graph\":[{\"@type\":\"WebPage\",\"@id\":\"https:\\\/\\\/iberoid.com\\\/fr\\\/product\\\/stanos-10mg100tabs-stanozolol-winstrol-driada\\\/\",\"url\":\"https:\\\/\\\/iberoid.com\\\/fr\\\/product\\\/stanos-10mg100tabs-stanozolol-winstrol-driada\\\/\",\"name\":\"STANOS 10mg,100tabs (Stanozolol, Winstrol) - (Espa\u00f1ol) Esteroides en l\u00ednea\",\"isPartOf\":{\"@id\":\"https:\\\/\\\/iberoid.com\\\/fr\\\/#website\"},\"primaryImageOfPage\":{\"@id\":\"https:\\\/\\\/iberoid.com\\\/fr\\\/product\\\/stanos-10mg100tabs-stanozolol-winstrol-driada\\\/#primaryimage\"},\"image\":{\"@id\":\"https:\\\/\\\/iberoid.com\\\/fr\\\/product\\\/stanos-10mg100tabs-stanozolol-winstrol-driada\\\/#primaryimage\"},\"thumbnailUrl\":\"https:\\\/\\\/iberoid.com\\\/wp-content\\\/uploads\\\/2024\\\/10\\\/stanos_white-2000x2000h.jpg.webp\",\"datePublished\":\"2024-10-27T12:21:28+00:00\",\"dateModified\":\"2025-02-24T09:18:06+00:00\",\"breadcrumb\":{\"@id\":\"https:\\\/\\\/iberoid.com\\\/fr\\\/product\\\/stanos-10mg100tabs-stanozolol-winstrol-driada\\\/#breadcrumb\"},\"inLanguage\":\"fr-FR\",\"potentialAction\":[{\"@type\":\"ReadAction\",\"target\":[[\"https:\\\/\\\/iberoid.com\\\/fr\\\/product\\\/stanos-10mg100tabs-stanozolol-winstrol-driada\\\/\"]]}]},{\"@type\":\"ImageObject\",\"inLanguage\":\"fr-FR\",\"@id\":\"https:\\\/\\\/iberoid.com\\\/fr\\\/product\\\/stanos-10mg100tabs-stanozolol-winstrol-driada\\\/#primaryimage\",\"url\":\"https:\\\/\\\/iberoid.com\\\/wp-content\\\/uploads\\\/2024\\\/10\\\/stanos_white-2000x2000h.jpg.webp\",\"contentUrl\":\"https:\\\/\\\/iberoid.com\\\/wp-content\\\/uploads\\\/2024\\\/10\\\/stanos_white-2000x2000h.jpg.webp\",\"width\":2000,\"height\":2000},{\"@type\":\"BreadcrumbList\",\"@id\":\"https:\\\/\\\/iberoid.com\\\/fr\\\/product\\\/stanos-10mg100tabs-stanozolol-winstrol-driada\\\/#breadcrumb\",\"itemListElement\":[{\"@type\":\"ListItem\",\"position\":1,\"name\":\"Portada\",\"item\":\"https:\\\/\\\/iberoid.com\\\/fr\\\/\"},{\"@type\":\"ListItem\",\"position\":2,\"name\":\"Magasin\",\"item\":\"https:\\\/\\\/iberoid.com\\\/fr\\\/shop\\\/\"},{\"@type\":\"ListItem\",\"position\":3,\"name\":\"STANOS 10mg,100tabs (Stanozolol, Winstrol)\"}]},{\"@type\":\"WebSite\",\"@id\":\"https:\\\/\\\/iberoid.com\\\/fr\\\/#website\",\"url\":\"https:\\\/\\\/iberoid.com\\\/fr\\\/\",\"name\":\"(Espa\u00f1ol) Esteroides en l\u00ednea\",\"description\":\"(Espa\u00f1ol) Comprar esteroides en l\u00ednea hoy en Espa\u00f1a y Portugal. Tenemos el mejor servicio al cliente en la industria y los productos de la m\u00e1s alta calidad\",\"potentialAction\":[{\"@type\":\"SearchAction\",\"target\":{\"@type\":\"EntryPoint\",\"urlTemplate\":\"https:\\\/\\\/iberoid.com\\\/fr\\\/?s={search_term_string}\"},\"query-input\":{\"@type\":\"PropertyValueSpecification\",\"valueRequired\":true,\"valueName\":\"search_term_string\"}}],\"inLanguage\":\"fr-FR\"}]}<\/script>\n<meta property=\"product:brand\" content=\"Driada\" \/>\n<meta property=\"product:price:amount\" content=\"30.00\" \/>\n<meta property=\"product:price:currency\" content=\"EUR\" \/>\n<meta property=\"og:availability\" content=\"out of stock\" \/>\n<meta property=\"product:availability\" content=\"out of stock\" \/>\n<meta property=\"product:condition\" content=\"new\" \/>\n<!-- \/ Yoast SEO Premium plugin. -->","yoast_head_json":{"title":"STANOS 10mg,100tabs (Stanozolol, Winstrol) - (Espa\u00f1ol) Esteroides en l\u00ednea","robots":{"index":"index","follow":"follow","max-snippet":"max-snippet:-1","max-image-preview":"max-image-preview:large","max-video-preview":"max-video-preview:-1"},"canonical":"https:\/\/iberoid.com\/fr\/product\/stanos-10mg100tabs-stanozolol-winstrol-driada\/","og_locale":"fr_FR","og_type":"article","og_title":"STANOS 10mg,100tabs (Stanozolol, Winstrol)","og_description":"Principe actif : Stanozolol Type : St\u00e9ro\u00efdes anabolisants (d\u00e9riv\u00e9 de la DHT) Forme : Voies orales (pilules) Comprim\u00e9s de Winstrol","og_url":"https:\/\/iberoid.com\/fr\/product\/stanos-10mg100tabs-stanozolol-winstrol-driada\/","og_site_name":"(Espa\u00f1ol) Esteroides en l\u00ednea","article_modified_time":"2025-02-24T09:18:06+00:00","og_image":[{"width":2000,"height":2000,"url":"https:\/\/iberoid.com\/wp-content\/uploads\/2024\/10\/stanos_white-2000x2000h.jpg.webp","type":"image\/webp"}],"twitter_card":"summary_large_image","twitter_misc":{"Prix":"&euro;30.00","Disponibilit\u00e9":"Rupture de stock"},"schema":{"@context":"https:\/\/schema.org","@graph":[{"@type":"WebPage","@id":"https:\/\/iberoid.com\/fr\/product\/stanos-10mg100tabs-stanozolol-winstrol-driada\/","url":"https:\/\/iberoid.com\/fr\/product\/stanos-10mg100tabs-stanozolol-winstrol-driada\/","name":"STANOS 10mg,100tabs (Stanozolol, Winstrol) - (Espa\u00f1ol) Esteroides en l\u00ednea","isPartOf":{"@id":"https:\/\/iberoid.com\/fr\/#website"},"primaryImageOfPage":{"@id":"https:\/\/iberoid.com\/fr\/product\/stanos-10mg100tabs-stanozolol-winstrol-driada\/#primaryimage"},"image":{"@id":"https:\/\/iberoid.com\/fr\/product\/stanos-10mg100tabs-stanozolol-winstrol-driada\/#primaryimage"},"thumbnailUrl":"https:\/\/iberoid.com\/wp-content\/uploads\/2024\/10\/stanos_white-2000x2000h.jpg.webp","datePublished":"2024-10-27T12:21:28+00:00","dateModified":"2025-02-24T09:18:06+00:00","breadcrumb":{"@id":"https:\/\/iberoid.com\/fr\/product\/stanos-10mg100tabs-stanozolol-winstrol-driada\/#breadcrumb"},"inLanguage":"fr-FR","potentialAction":[{"@type":"ReadAction","target":[["https:\/\/iberoid.com\/fr\/product\/stanos-10mg100tabs-stanozolol-winstrol-driada\/"]]}]},{"@type":"ImageObject","inLanguage":"fr-FR","@id":"https:\/\/iberoid.com\/fr\/product\/stanos-10mg100tabs-stanozolol-winstrol-driada\/#primaryimage","url":"https:\/\/iberoid.com\/wp-content\/uploads\/2024\/10\/stanos_white-2000x2000h.jpg.webp","contentUrl":"https:\/\/iberoid.com\/wp-content\/uploads\/2024\/10\/stanos_white-2000x2000h.jpg.webp","width":2000,"height":2000},{"@type":"BreadcrumbList","@id":"https:\/\/iberoid.com\/fr\/product\/stanos-10mg100tabs-stanozolol-winstrol-driada\/#breadcrumb","itemListElement":[{"@type":"ListItem","position":1,"name":"Portada","item":"https:\/\/iberoid.com\/fr\/"},{"@type":"ListItem","position":2,"name":"Magasin","item":"https:\/\/iberoid.com\/fr\/shop\/"},{"@type":"ListItem","position":3,"name":"STANOS 10mg,100tabs (Stanozolol, Winstrol)"}]},{"@type":"WebSite","@id":"https:\/\/iberoid.com\/fr\/#website","url":"https:\/\/iberoid.com\/fr\/","name":"(Espa\u00f1ol) Esteroides en l\u00ednea","description":"(Espa\u00f1ol) Comprar esteroides en l\u00ednea hoy en Espa\u00f1a y Portugal. Tenemos el mejor servicio al cliente en la industria y los productos de la m\u00e1s alta calidad","potentialAction":[{"@type":"SearchAction","target":{"@type":"EntryPoint","urlTemplate":"https:\/\/iberoid.com\/fr\/?s={search_term_string}"},"query-input":{"@type":"PropertyValueSpecification","valueRequired":true,"valueName":"search_term_string"}}],"inLanguage":"fr-FR"}]},"product_brand":"Driada","product_price_amount":"30.00","product_price_currency":"EUR","og_availability":"out of stock","product_availability":"out of stock","product_condition":"new"},"_links":{"self":[{"href":"https:\/\/iberoid.com\/fr\/wp-json\/wp\/v2\/product\/9790","targetHints":{"allow":["GET"]}}],"collection":[{"href":"https:\/\/iberoid.com\/fr\/wp-json\/wp\/v2\/product"}],"about":[{"href":"https:\/\/iberoid.com\/fr\/wp-json\/wp\/v2\/types\/product"}],"replies":[{"embeddable":true,"href":"https:\/\/iberoid.com\/fr\/wp-json\/wp\/v2\/comments?post=9790"}],"wp:featuredmedia":[{"embeddable":true,"href":"https:\/\/iberoid.com\/fr\/wp-json\/wp\/v2\/media\/9791"}],"wp:attachment":[{"href":"https:\/\/iberoid.com\/fr\/wp-json\/wp\/v2\/media?parent=9790"}],"wp:term":[{"taxonomy":"product_brand","embeddable":true,"href":"https:\/\/iberoid.com\/fr\/wp-json\/wp\/v2\/product_brand?post=9790"},{"taxonomy":"product_cat","embeddable":true,"href":"https:\/\/iberoid.com\/fr\/wp-json\/wp\/v2\/product_cat?post=9790"},{"taxonomy":"product_tag","embeddable":true,"href":"https:\/\/iberoid.com\/fr\/wp-json\/wp\/v2\/product_tag?post=9790"}],"curies":[{"name":"wp","href":"https:\/\/api.w.org\/{rel}","templated":true}]}}