{"id":9835,"date":"2024-12-05T11:15:34","date_gmt":"2024-12-05T11:15:34","guid":{"rendered":"https:\/\/iberoid.com\/?post_type=product&#038;p=9835"},"modified":"2026-03-29T16:01:05","modified_gmt":"2026-03-29T16:01:05","slug":"careforce-sidenafil100-mg-caja-de-100-tabletas","status":"publish","type":"product","link":"https:\/\/iberoid.com\/fr\/product\/careforce-sidenafil100-mg-caja-de-100-tabletas\/","title":{"rendered":"CAREFORCE (SIDENAFIL) 100 mg \/ 100 tablets"},"content":{"rendered":"<p><span>Careforce 100 mg est un m\u00e9dicament utilis\u00e9 pour traiter la dysfonction \u00e9rectile, contenant le principe actif Sildenafil Citrate 100 mg\u00a0\u00a0<\/span><strong><span>Viagra<\/span><\/strong><span>\u00a0. Le citrate de sild\u00e9nafil est un inhibiteur de la phosphodiest\u00e9rase de type 5 (PDE5), une classe de m\u00e9dicaments largement connue pour son efficacit\u00e9 dans\u00a0\u00a0<\/span><strong><span>le traitement de la dysfonction \u00e9rectile<\/span><\/strong><span>\u00a0. Il aide les hommes \u00e0 obtenir et \u00e0 maintenir une \u00e9rection en augmentant le flux sanguin vers le p\u00e9nis pendant toute la dur\u00e9e de la stimulation sexuelle.<\/span><\/p>\n<h2><span>Comment fonctionne Careforce 100 mg ?<\/span><\/h2>\n<p><span>Careforce 100 mg agit en inhibant l&rsquo;enzyme PDE5, qui joue un r\u00f4le essentiel dans la r\u00e9gulation du flux sanguin \u00e0 l&rsquo;int\u00e9rieur du p\u00e9nis. Voici comment cela fonctionne en d\u00e9tail\u00a0:<\/span><\/p>\n<p><span>Lors de l&rsquo;excitation sexuelle, l&rsquo;oxyde nitrique est lib\u00e9r\u00e9 dans le tissu \u00e9rectile du p\u00e9nis. L&rsquo;oxyde nitrique active l&rsquo;enzyme guanylate cyclase, ce qui entra\u00eene des niveaux accrus de guanosine monophosphate cyclique (GMPc). Le CGMP d\u00e9tend les muscles souples et augmente le flux sanguin vers le p\u00e9nis, ce qui conduit \u00e0 une \u00e9rection. La PDE5 d\u00e9compose le GMPc, ce qui peut entraver le processus d&rsquo;\u00e9rection. Careforce 100 mg inhibe la PDE5, permettant au GMPc de s&rsquo;accumuler et\u00a0\u00a0<\/span><strong><span>de maintenir une \u00e9rection<\/span><\/strong><span>\u00a0.<\/span><\/p>\n<p><span>En inhibant la PDE5, Careforce 100 mg compl\u00e8te le flux sanguin vers le p\u00e9nis, facilitant la proc\u00e9dure d&rsquo;\u00e9rection \u00e0 base de plantes pendant qu&rsquo;une personne est excit\u00e9e sexuellement.<\/span><\/p>\n<h2><span>Avantages de Careforce 100 mg<\/span><\/h2>\n<p><span>Ce comprim\u00e9 offre de nombreux avantages aux hommes aux prises avec la dysfonction \u00e9rectile :<\/span><\/p>\n<ul>\n<li><span>Il a \u00e9t\u00e9 cliniquement prouv\u00e9 que ce m\u00e9dicament est efficace dans le traitement de la dysfonction \u00e9rectile, aidant les hommes \u00e0 acqu\u00e9rir et \u00e0 pr\u00e9server une \u00e9rection robuste.<\/span><\/li>\n<li><span>En r\u00e9tablissant la fonction \u00e9rectile, Careforce 100 mg peut consid\u00e9rablement augmenter la confiance en soi d&rsquo;un homme et l&rsquo;excellence g\u00e9n\u00e9rale de son mode de vie.<\/span><\/li>\n<li><span>Ce m\u00e9dicament commence g\u00e9n\u00e9ralement \u00e0 agir dans les 30 \u00e0 60 minutes, ce qui en fait une alternative pratique pour l\u2019activit\u00e9 sexuelle spontan\u00e9e.<\/span><\/li>\n<li><span>Les effets du comprim\u00e9 Careforce peuvent durer jusqu&rsquo;\u00e0 4 heures, offrant suffisamment de temps pour les rapports sexuels.<\/span><\/li>\n<\/ul>\n<h2><span>Consignes d&rsquo;utilisation<\/span><\/h2>\n<p><span>Pour garantir une utilisation s\u00fbre et efficace de Careforce 100 mg, suivez ces conseils\u00a0:<\/span><\/p>\n<ul>\n<li><span>Prenez ce m\u00e9dicament comme prescrit par votre professionnel de la sant\u00e9. La dose initiale habituelle est de 100 mg, mais votre m\u00e9decin peut \u00e9galement ajuster la posologie en fonction des besoins de votre personne et de sa r\u00e9action au m\u00e9dicament.<\/span><\/li>\n<li><span>Avalez le comprim\u00e9 avec un verre d&rsquo;eau. Veillez \u00e0 ne pas \u00e9craser, briser ou casser le m\u00e9dicament.<\/span><\/li>\n<li><span>Prenez Careforce 100 mg environ 30 \u00e0 60 minutes avant l&rsquo;activit\u00e9 sexuelle. Le m\u00e9dicament peut \u00eatre pris avec ou sans repas, mais un repas riche en graisses peut \u00e9galement retarder son d\u00e9but d&rsquo;action.<\/span><\/li>\n<li><span>Ne prenez pas plus d\u2019un comprim\u00e9 par p\u00e9riode de 24 heures.<\/span><\/li>\n<\/ul>\n<h3><span>Les gens ont \u00e9galement demand\u00e9 ?<\/span><\/h3>\n<h4><span>1. Puis-je prendre Careforce 100 mg avec de la nourriture ?<\/span><\/h4>\n<p><span>En effet, vous pouvez le prendre avec ou sans nourriture. Cependant, un repas riche en graisses peut retarder son action.<\/span><\/p>\n<h4><span>2. Quelle est la dur\u00e9e d&rsquo;action de Careforce 100 mg ?<\/span><\/h4>\n<p><span>Les effets de ce m\u00e9dicament peuvent durer jusqu&rsquo;\u00e0 4 heures. Cependant, cette dur\u00e9e peut varier en fonction de la r\u00e9ponse individuelle et d&rsquo;autres facteurs.<\/span><\/p>\n<h4><span>3. Si vous oubliez une dose, quelles mesures devez-vous prendre\u00a0?<\/span><\/h4>\n<p><span>Il est pris au besoin en cas de dysfonction \u00e9rectile, il n&rsquo;y a donc pas de sch\u00e9ma posologique r\u00e9gulier. Ne prenez pas de m\u00e9dicament suppl\u00e9mentaire pour compenser une dose oubli\u00e9e.<\/span><\/p>\n<h4><span>4. Puis-je prendre d&rsquo;autres m\u00e9dicaments contre la dysfonction \u00e9rectile avec Careforce 100 mg ?<\/span><\/h4>\n<p><span>Ne prenez pas d&rsquo;autres m\u00e9dicaments contre la dysfonction \u00e9rectile pendant que vous utilisez Careforce 100 mg sans consulter votre professionnel de la sant\u00e9. L&rsquo;association de m\u00e9dicaments contre la dysfonction \u00e9rectile peut augmenter le risque d&rsquo;effets secondaires graves.<\/span><\/p>\n<h4><span>5. Quelle est l\u2019efficacit\u00e9 de Careforce 100 mg ?<\/span><\/h4>\n<p><span>Il a \u00e9t\u00e9 cliniquement prouv\u00e9 que Careforce 100 mg est efficace dans le traitement de la dysfonction \u00e9rectile chez de nombreux hommes. Les r\u00e9sultats individuels peuvent varier et il est important de suivre les instructions de votre professionnel de la sant\u00e9 pour obtenir le meilleur r\u00e9sultat.<\/span><\/p>","protected":false},"excerpt":{"rendered":"<p>Careforce 100 mg est un m\u00e9dicament utilis\u00e9 pour traiter la dysfonction \u00e9rectile, contenant le principe actif Sildenafil Citrate 100 mg\u00a0\u00a0Viagra\u00a0.<\/p>\n","protected":false},"featured_media":9030,"comment_status":"open","ping_status":"closed","template":"","meta":[],"product_brand":[],"product_cat":[3533,3412],"product_tag":[],"class_list":{"0":"post-9835","1":"product","2":"type-product","3":"status-publish","4":"has-post-thumbnail","6":"product_cat-sales-rebajas","7":"product_cat-varios","9":"first","10":"instock","11":"sale","12":"shipping-taxable","13":"purchasable","14":"product-type-simple"},"yoast_head":"<!-- This site is optimized with the Yoast SEO Premium plugin v24.4 (Yoast SEO v27.0) - https:\/\/yoast.com\/product\/yoast-seo-premium-wordpress\/ -->\n<title>CAREFORCE (SIDENAFIL) 100 mg \/ 100 tablets - (Espa\u00f1ol) Esteroides en l\u00ednea<\/title>\n<meta name=\"description\" content=\"Careforce 100mg, contenant du citrate de sild\u00e9nafil, traite la dysfonction \u00e9rectile en am\u00e9liorant le flux sanguin vers le p\u00e9nis, permettant des \u00e9rections pendant la stimulation sexuelle.\" \/>\n<meta name=\"robots\" content=\"index, follow, max-snippet:-1, max-image-preview:large, max-video-preview:-1\" \/>\n<link rel=\"canonical\" href=\"https:\/\/iberoid.com\/fr\/product\/careforce-sidenafil100-mg-caja-de-100-tabletas\/\" \/>\n<meta property=\"og:locale\" content=\"fr_FR\" \/>\n<meta property=\"og:type\" content=\"article\" \/>\n<meta property=\"og:title\" content=\"CAREFORCE (SIDENAFIL) 100 mg \/ 100 tablets\" \/>\n<meta property=\"og:description\" content=\"Careforce 100mg, contenant du citrate de sild\u00e9nafil, traite la dysfonction \u00e9rectile en am\u00e9liorant le flux sanguin vers le p\u00e9nis, permettant des \u00e9rections pendant la stimulation sexuelle.\" \/>\n<meta property=\"og:url\" content=\"https:\/\/iberoid.com\/fr\/product\/careforce-sidenafil100-mg-caja-de-100-tabletas\/\" \/>\n<meta property=\"og:site_name\" content=\"(Espa\u00f1ol) Esteroides en l\u00ednea\" \/>\n<meta property=\"article:modified_time\" content=\"2026-03-29T16:01:05+00:00\" \/>\n<meta property=\"og:image\" content=\"https:\/\/iberoid.com\/wp-content\/uploads\/2023\/10\/cenforce-100-500x500-1.webp\" \/>\n\t<meta property=\"og:image:width\" content=\"500\" \/>\n\t<meta property=\"og:image:height\" content=\"355\" \/>\n\t<meta property=\"og:image:type\" content=\"image\/webp\" \/>\n<meta name=\"twitter:card\" content=\"summary_large_image\" \/>\n<meta name=\"twitter:label1\" content=\"Prix\" \/>\n\t<meta name=\"twitter:data1\" content=\"&euro;65.00\" \/>\n\t<meta name=\"twitter:label2\" content=\"Disponibilit\u00e9\" \/>\n\t<meta name=\"twitter:data2\" content=\"En stock\" \/>\n<script type=\"application\/ld+json\" class=\"yoast-schema-graph\">{\"@context\":\"https:\/\/schema.org\",\"@graph\":[{\"@type\":\"WebPage\",\"@id\":\"https:\/\/iberoid.com\/fr\/product\/careforce-sidenafil100-mg-caja-de-100-tabletas\/\",\"url\":\"https:\/\/iberoid.com\/fr\/product\/careforce-sidenafil100-mg-caja-de-100-tabletas\/\",\"name\":\"CAREFORCE (SIDENAFIL) 100 mg \/ 100 tablets - (Espa\u00f1ol) Esteroides en l\u00ednea\",\"isPartOf\":{\"@id\":\"https:\/\/iberoid-shop.com\/#website\"},\"primaryImageOfPage\":{\"@id\":\"https:\/\/iberoid.com\/fr\/product\/careforce-sidenafil100-mg-caja-de-100-tabletas\/#primaryimage\"},\"image\":{\"@id\":\"https:\/\/iberoid.com\/fr\/product\/careforce-sidenafil100-mg-caja-de-100-tabletas\/#primaryimage\"},\"thumbnailUrl\":\"https:\/\/iberoid.com\/wp-content\/uploads\/2023\/10\/cenforce-100-500x500-1.webp\",\"datePublished\":\"2024-12-05T11:15:34+00:00\",\"dateModified\":\"2026-03-29T16:01:05+00:00\",\"description\":\"Careforce 100mg, contenant du citrate de sild\u00e9nafil, traite la dysfonction \u00e9rectile en am\u00e9liorant le flux sanguin vers le p\u00e9nis, permettant des \u00e9rections pendant la stimulation sexuelle.\",\"breadcrumb\":{\"@id\":\"https:\/\/iberoid.com\/fr\/product\/careforce-sidenafil100-mg-caja-de-100-tabletas\/#breadcrumb\"},\"inLanguage\":\"fr-FR\",\"potentialAction\":[{\"@type\":\"ReadAction\",\"target\":[[\"https:\/\/iberoid.com\/fr\/product\/careforce-sidenafil100-mg-caja-de-100-tabletas\/\"]]}]},{\"@type\":\"ImageObject\",\"inLanguage\":\"fr-FR\",\"@id\":\"https:\/\/iberoid.com\/fr\/product\/careforce-sidenafil100-mg-caja-de-100-tabletas\/#primaryimage\",\"url\":\"https:\/\/iberoid.com\/wp-content\/uploads\/2023\/10\/cenforce-100-500x500-1.webp\",\"contentUrl\":\"https:\/\/iberoid.com\/wp-content\/uploads\/2023\/10\/cenforce-100-500x500-1.webp\",\"width\":500,\"height\":355},{\"@type\":\"BreadcrumbList\",\"@id\":\"https:\/\/iberoid.com\/fr\/product\/careforce-sidenafil100-mg-caja-de-100-tabletas\/#breadcrumb\",\"itemListElement\":[{\"@type\":\"ListItem\",\"position\":1,\"name\":\"Portada\",\"item\":\"https:\/\/iberoid.com\/fr\/\"},{\"@type\":\"ListItem\",\"position\":2,\"name\":\"Magasin\",\"item\":\"https:\/\/iberoid.com\/fr\/shop\/\"},{\"@type\":\"ListItem\",\"position\":3,\"name\":\"CAREFORCE (SIDENAFIL) 100 mg \/ 100 tablets\"}]},{\"@type\":\"WebSite\",\"@id\":\"https:\/\/iberoid-shop.com\/#website\",\"url\":\"https:\/\/iberoid-shop.com\/\",\"name\":\"(Espa\u00f1ol) Esteroides en l\u00ednea\",\"description\":\"(Espa\u00f1ol) Comprar esteroides en l\u00ednea hoy en Espa\u00f1a y Portugal. Tenemos el mejor servicio al cliente en la industria y los productos de la m\u00e1s alta calidad\",\"potentialAction\":[{\"@type\":\"SearchAction\",\"target\":{\"@type\":\"EntryPoint\",\"urlTemplate\":\"https:\/\/iberoid-shop.com\/?s={search_term_string}\"},\"query-input\":{\"@type\":\"PropertyValueSpecification\",\"valueRequired\":true,\"valueName\":\"search_term_string\"}}],\"inLanguage\":\"fr-FR\"}]}<\/script>\n<meta property=\"product:brand\" content=\"CARECLUB Pharmacy\" \/>\n<meta property=\"product:price:amount\" content=\"65.00\" \/>\n<meta property=\"product:price:currency\" content=\"EUR\" \/>\n<meta property=\"og:availability\" content=\"instock\" \/>\n<meta property=\"product:availability\" content=\"instock\" \/>\n<meta property=\"product:condition\" content=\"new\" \/>\n<!-- \/ Yoast SEO Premium plugin. -->","yoast_head_json":{"title":"CAREFORCE (SIDENAFIL) 100 mg \/ 100 tablets - (Espa\u00f1ol) Esteroides en l\u00ednea","description":"Careforce 100mg, contenant du citrate de sild\u00e9nafil, traite la dysfonction \u00e9rectile en am\u00e9liorant le flux sanguin vers le p\u00e9nis, permettant des \u00e9rections pendant la stimulation sexuelle.","robots":{"index":"index","follow":"follow","max-snippet":"max-snippet:-1","max-image-preview":"max-image-preview:large","max-video-preview":"max-video-preview:-1"},"canonical":"https:\/\/iberoid.com\/fr\/product\/careforce-sidenafil100-mg-caja-de-100-tabletas\/","og_locale":"fr_FR","og_type":"article","og_title":"CAREFORCE (SIDENAFIL) 100 mg \/ 100 tablets","og_description":"Careforce 100mg, contenant du citrate de sild\u00e9nafil, traite la dysfonction \u00e9rectile en am\u00e9liorant le flux sanguin vers le p\u00e9nis, permettant des \u00e9rections pendant la stimulation sexuelle.","og_url":"https:\/\/iberoid.com\/fr\/product\/careforce-sidenafil100-mg-caja-de-100-tabletas\/","og_site_name":"(Espa\u00f1ol) Esteroides en l\u00ednea","article_modified_time":"2026-03-29T16:01:05+00:00","og_image":[{"width":500,"height":355,"url":"https:\/\/iberoid.com\/wp-content\/uploads\/2023\/10\/cenforce-100-500x500-1.webp","type":"image\/webp"}],"twitter_card":"summary_large_image","twitter_misc":{"Prix":"&euro;65.00","Disponibilit\u00e9":"En stock"},"schema":{"@context":"https:\/\/schema.org","@graph":[{"@type":"WebPage","@id":"https:\/\/iberoid.com\/fr\/product\/careforce-sidenafil100-mg-caja-de-100-tabletas\/","url":"https:\/\/iberoid.com\/fr\/product\/careforce-sidenafil100-mg-caja-de-100-tabletas\/","name":"CAREFORCE (SIDENAFIL) 100 mg \/ 100 tablets - (Espa\u00f1ol) Esteroides en l\u00ednea","isPartOf":{"@id":"https:\/\/iberoid-shop.com\/#website"},"primaryImageOfPage":{"@id":"https:\/\/iberoid.com\/fr\/product\/careforce-sidenafil100-mg-caja-de-100-tabletas\/#primaryimage"},"image":{"@id":"https:\/\/iberoid.com\/fr\/product\/careforce-sidenafil100-mg-caja-de-100-tabletas\/#primaryimage"},"thumbnailUrl":"https:\/\/iberoid.com\/wp-content\/uploads\/2023\/10\/cenforce-100-500x500-1.webp","datePublished":"2024-12-05T11:15:34+00:00","dateModified":"2026-03-29T16:01:05+00:00","description":"Careforce 100mg, contenant du citrate de sild\u00e9nafil, traite la dysfonction \u00e9rectile en am\u00e9liorant le flux sanguin vers le p\u00e9nis, permettant des \u00e9rections pendant la stimulation sexuelle.","breadcrumb":{"@id":"https:\/\/iberoid.com\/fr\/product\/careforce-sidenafil100-mg-caja-de-100-tabletas\/#breadcrumb"},"inLanguage":"fr-FR","potentialAction":[{"@type":"ReadAction","target":[["https:\/\/iberoid.com\/fr\/product\/careforce-sidenafil100-mg-caja-de-100-tabletas\/"]]}]},{"@type":"ImageObject","inLanguage":"fr-FR","@id":"https:\/\/iberoid.com\/fr\/product\/careforce-sidenafil100-mg-caja-de-100-tabletas\/#primaryimage","url":"https:\/\/iberoid.com\/wp-content\/uploads\/2023\/10\/cenforce-100-500x500-1.webp","contentUrl":"https:\/\/iberoid.com\/wp-content\/uploads\/2023\/10\/cenforce-100-500x500-1.webp","width":500,"height":355},{"@type":"BreadcrumbList","@id":"https:\/\/iberoid.com\/fr\/product\/careforce-sidenafil100-mg-caja-de-100-tabletas\/#breadcrumb","itemListElement":[{"@type":"ListItem","position":1,"name":"Portada","item":"https:\/\/iberoid.com\/fr\/"},{"@type":"ListItem","position":2,"name":"Magasin","item":"https:\/\/iberoid.com\/fr\/shop\/"},{"@type":"ListItem","position":3,"name":"CAREFORCE (SIDENAFIL) 100 mg \/ 100 tablets"}]},{"@type":"WebSite","@id":"https:\/\/iberoid-shop.com\/#website","url":"https:\/\/iberoid-shop.com\/","name":"(Espa\u00f1ol) Esteroides en l\u00ednea","description":"(Espa\u00f1ol) Comprar esteroides en l\u00ednea hoy en Espa\u00f1a y Portugal. Tenemos el mejor servicio al cliente en la industria y los productos de la m\u00e1s alta calidad","potentialAction":[{"@type":"SearchAction","target":{"@type":"EntryPoint","urlTemplate":"https:\/\/iberoid-shop.com\/?s={search_term_string}"},"query-input":{"@type":"PropertyValueSpecification","valueRequired":true,"valueName":"search_term_string"}}],"inLanguage":"fr-FR"}]},"product_brand":"CARECLUB Pharmacy","product_price_amount":"65.00","product_price_currency":"EUR","og_availability":"instock","product_availability":"instock","product_condition":"new"},"_links":{"self":[{"href":"https:\/\/iberoid.com\/fr\/wp-json\/wp\/v2\/product\/9835","targetHints":{"allow":["GET"]}}],"collection":[{"href":"https:\/\/iberoid.com\/fr\/wp-json\/wp\/v2\/product"}],"about":[{"href":"https:\/\/iberoid.com\/fr\/wp-json\/wp\/v2\/types\/product"}],"replies":[{"embeddable":true,"href":"https:\/\/iberoid.com\/fr\/wp-json\/wp\/v2\/comments?post=9835"}],"wp:featuredmedia":[{"embeddable":true,"href":"https:\/\/iberoid.com\/fr\/wp-json\/wp\/v2\/media\/9030"}],"wp:attachment":[{"href":"https:\/\/iberoid.com\/fr\/wp-json\/wp\/v2\/media?parent=9835"}],"wp:term":[{"taxonomy":"product_brand","embeddable":true,"href":"https:\/\/iberoid.com\/fr\/wp-json\/wp\/v2\/product_brand?post=9835"},{"taxonomy":"product_cat","embeddable":true,"href":"https:\/\/iberoid.com\/fr\/wp-json\/wp\/v2\/product_cat?post=9835"},{"taxonomy":"product_tag","embeddable":true,"href":"https:\/\/iberoid.com\/fr\/wp-json\/wp\/v2\/product_tag?post=9835"}],"curies":[{"name":"wp","href":"https:\/\/api.w.org\/{rel}","templated":true}]}}