{"id":9845,"date":"2024-12-14T10:52:08","date_gmt":"2024-12-14T10:52:08","guid":{"rendered":"https:\/\/iberoid.com\/?post_type=product&#038;p=9845"},"modified":"2026-03-22T11:48:49","modified_gmt":"2026-03-22T11:48:49","slug":"stanozolol-100-tabs-epf-premium","status":"publish","type":"product","link":"https:\/\/iberoid.com\/fr\/product\/stanozolol-100-tabs-epf-premium\/","title":{"rendered":"stanozolol 100 tabs"},"content":{"rendered":"<p>L&rsquo;entreprise <strong>Euro Prime Pharmaceuticals<\/strong> produit le m\u00e9dicament \u00ab\u00a0Strombaged EPF\u00a0\u00bb, qui est devenu tr\u00e8s populaire et demand\u00e9 depuis son arriv\u00e9e sur le march\u00e9 national. Le principe actif de ce m\u00e9dicament est le <strong>stanozolol<\/strong>, un st\u00e9ro\u00efde couramment utilis\u00e9 par les athl\u00e8tes pendant les phases de s\u00e8che.<\/p>\n<p>Ce produit poss\u00e8de de puissantes propri\u00e9t\u00e9s anabolisantes, avec des effets androg\u00e9niques minimes compar\u00e9s \u00e0 ceux de la testost\u00e9rone. De nombreux athl\u00e8tes consid\u00e8rent le stanozolol comme un st\u00e9ro\u00efde id\u00e9al pour la pr\u00e9paration aux comp\u00e9titions. Il aide \u00e0 \u00e9liminer les graisses superflues et \u00e0 r\u00e9duire la r\u00e9tention d&rsquo;eau, tout en pr\u00e9sentant tr\u00e8s peu d&rsquo;effets secondaires. De plus, le \u00ab\u00a0Strombaged EPF\u00a0\u00bb s\u00e9duit les consommateurs gr\u00e2ce \u00e0 son prix abordable.<\/p>\n<h3>Efficacit\u00e9 du M\u00e9dicament<\/h3>\n<p>Bien que le stanozolol ait \u00e9t\u00e9 d\u00e9velopp\u00e9 il y a plusieurs d\u00e9cennies, sa popularit\u00e9 en tant que l&rsquo;un des meilleurs br\u00fbleurs de graisse reste \u00e9lev\u00e9e. Ce st\u00e9ro\u00efde anabolisant est bas\u00e9 sur une dihydrotestost\u00e9rone (DHT) modifi\u00e9e avec une activit\u00e9 androg\u00e9nique r\u00e9duite.<\/p>\n<p>Comme la plupart des st\u00e9ro\u00efdes anabolisants androg\u00e8nes (AAS) sous forme orale, le Strombaged EPF agit rapidement apr\u00e8s administration. Le stanozolol a une courte demi-vie, ce qui n\u00e9cessite une prise quotidienne par les athl\u00e8tes. Gr\u00e2ce \u00e0 sa forme pratique, ce probl\u00e8me a \u00e9t\u00e9 r\u00e9solu par le fabricant.<\/p>\n<p>Ce type d&rsquo;AAS peut \u00e9galement \u00eatre utilis\u00e9 en toute s\u00e9curit\u00e9 par les femmes sans risque significatif de virilisation. La seule pr\u00e9caution est de respecter un dosage plus faible.<\/p>\n<h3>Caract\u00e9ristiques Principales du Produit :<\/h3>\n<ul>\n<li>Ne provoque pas d&rsquo;effets secondaires \u0153strog\u00e9niques ;<\/li>\n<li>Augmente l&rsquo;endurance des athl\u00e8tes ;<\/li>\n<li>Am\u00e9liore la force ;<\/li>\n<li>Agit comme un puissant br\u00fbleur de graisses ;<\/li>\n<li>\u00c9limine rapidement l&rsquo;exc\u00e8s d&rsquo;eau du corps ;<\/li>\n<li>Stimule l&rsquo;app\u00e9tit.<\/li>\n<\/ul>\n<h3>Comment Utiliser Correctement le Strombaged EPF<\/h3>\n<p>Le produit a \u00e9t\u00e9 initialement con\u00e7u pour aider les athl\u00e8tes \u00e0 d\u00e9velopper leur masse musculaire efficacement. Il peut \u00e9galement \u00eatre utilis\u00e9 dans des cycles combin\u00e9s pour favoriser la prise de masse musculaire.<\/p>\n<p>La cl\u00e9 pour utiliser ce m\u00e9dicament est de respecter le dosage recommand\u00e9.<\/p>\n<ul>\n<li><strong>Hommes<\/strong> : La dose quotidienne ne doit pas d\u00e9passer <strong>50 mg<\/strong>.<\/li>\n<li><strong>Femmes<\/strong> : La dose est significativement inf\u00e9rieure, avec un maximum de <strong>10 mg<\/strong> par jour.<\/li>\n<\/ul>\n<p>La dur\u00e9e du cycle est limit\u00e9e \u00e0 un maximum de <strong>6 semaines<\/strong>, et il est d\u00e9conseill\u00e9 de d\u00e9passer cette p\u00e9riode. Certains athl\u00e8tes utilisent ce st\u00e9ro\u00efde anabolisant comme un pont entre diff\u00e9rents cycles.<\/p>\n<h3>Utilisation Combin\u00e9e<\/h3>\n<p>Le Strombaged EPF peut \u00eatre facilement combin\u00e9 avec d&rsquo;autres AAS sans effets n\u00e9gatifs. Les combinaisons les plus courantes incluent <strong>le propionate de testost\u00e9rone<\/strong> et <strong>le trenbolone<\/strong>.<\/p>","protected":false},"excerpt":{"rendered":"<p>L&rsquo;entreprise Euro Prime Pharmaceuticals produit le m\u00e9dicament \u00ab\u00a0Strombaged EPF\u00a0\u00bb, qui est devenu tr\u00e8s populaire et demand\u00e9 depuis son arriv\u00e9e sur<\/p>\n","protected":false},"featured_media":9846,"comment_status":"open","ping_status":"closed","template":"","meta":[],"product_brand":[],"product_cat":[73],"product_tag":[],"class_list":{"0":"post-9845","1":"product","2":"type-product","3":"status-publish","4":"has-post-thumbnail","6":"product_cat-ssteroides_orales","8":"first","9":"instock","10":"sale","11":"shipping-taxable","12":"purchasable","13":"product-type-simple"},"yoast_head":"<!-- This site is optimized with the Yoast SEO Premium plugin v24.4 (Yoast SEO v27.0) - https:\/\/yoast.com\/product\/yoast-seo-premium-wordpress\/ -->\n<title>stanozolol 100 tabs - (Espa\u00f1ol) Esteroides en l\u00ednea<\/title>\n<meta name=\"description\" content=\"Strombaged EPF de Euro Prime Pharmaceuticals est un st\u00e9ro\u00efde \u00e0 base de stanozolol, populaire pour la d\u00e9finition, l&#039;augmentation de la force et la perte de graisse avec peu d&#039;effets secondaires.\" \/>\n<meta name=\"robots\" content=\"index, follow, max-snippet:-1, max-image-preview:large, max-video-preview:-1\" \/>\n<link rel=\"canonical\" href=\"https:\/\/iberoid.com\/fr\/product\/stanozolol-100-tabs-epf-premium\/\" \/>\n<meta property=\"og:locale\" content=\"fr_FR\" \/>\n<meta property=\"og:type\" content=\"article\" \/>\n<meta property=\"og:title\" content=\"stanozolol 100 tabs\" \/>\n<meta property=\"og:description\" content=\"Strombaged EPF de Euro Prime Pharmaceuticals est un st\u00e9ro\u00efde \u00e0 base de stanozolol, populaire pour la d\u00e9finition, l&#039;augmentation de la force et la perte de graisse avec peu d&#039;effets secondaires.\" \/>\n<meta property=\"og:url\" content=\"https:\/\/iberoid.com\/fr\/product\/stanozolol-100-tabs-epf-premium\/\" \/>\n<meta property=\"og:site_name\" content=\"(Espa\u00f1ol) Esteroides en l\u00ednea\" \/>\n<meta property=\"article:modified_time\" content=\"2026-03-22T11:48:49+00:00\" \/>\n<meta property=\"og:image\" content=\"https:\/\/iberoid.com\/wp-content\/uploads\/2024\/12\/stromba1-scaled.jpeg?v=1734173508\" \/>\n\t<meta property=\"og:image:width\" content=\"1794\" \/>\n\t<meta property=\"og:image:height\" content=\"2560\" \/>\n\t<meta property=\"og:image:type\" content=\"image\/jpeg\" \/>\n<meta name=\"twitter:card\" content=\"summary_large_image\" \/>\n<meta name=\"twitter:label1\" content=\"Prix\" \/>\n\t<meta name=\"twitter:data1\" content=\"&euro;30.00\" \/>\n\t<meta name=\"twitter:label2\" content=\"Disponibilit\u00e9\" \/>\n\t<meta name=\"twitter:data2\" content=\"En stock\" \/>\n<script type=\"application\/ld+json\" class=\"yoast-schema-graph\">{\"@context\":\"https:\/\/schema.org\",\"@graph\":[{\"@type\":\"WebPage\",\"@id\":\"https:\/\/iberoid.com\/fr\/product\/stanozolol-100-tabs-epf-premium\/\",\"url\":\"https:\/\/iberoid.com\/fr\/product\/stanozolol-100-tabs-epf-premium\/\",\"name\":\"stanozolol 100 tabs - (Espa\u00f1ol) Esteroides en l\u00ednea\",\"isPartOf\":{\"@id\":\"https:\/\/iberoid-shop.com\/#website\"},\"primaryImageOfPage\":{\"@id\":\"https:\/\/iberoid.com\/fr\/product\/stanozolol-100-tabs-epf-premium\/#primaryimage\"},\"image\":{\"@id\":\"https:\/\/iberoid.com\/fr\/product\/stanozolol-100-tabs-epf-premium\/#primaryimage\"},\"thumbnailUrl\":\"https:\/\/iberoid.com\/wp-content\/uploads\/2024\/12\/stromba1-scaled.jpeg?v=1734173508\",\"datePublished\":\"2024-12-14T10:52:08+00:00\",\"dateModified\":\"2026-03-22T11:48:49+00:00\",\"description\":\"Strombaged EPF de Euro Prime Pharmaceuticals est un st\u00e9ro\u00efde \u00e0 base de stanozolol, populaire pour la d\u00e9finition, l'augmentation de la force et la perte de graisse avec peu d'effets secondaires.\",\"breadcrumb\":{\"@id\":\"https:\/\/iberoid.com\/fr\/product\/stanozolol-100-tabs-epf-premium\/#breadcrumb\"},\"inLanguage\":\"fr-FR\",\"potentialAction\":[{\"@type\":\"ReadAction\",\"target\":[[\"https:\/\/iberoid.com\/fr\/product\/stanozolol-100-tabs-epf-premium\/\"]]}]},{\"@type\":\"ImageObject\",\"inLanguage\":\"fr-FR\",\"@id\":\"https:\/\/iberoid.com\/fr\/product\/stanozolol-100-tabs-epf-premium\/#primaryimage\",\"url\":\"https:\/\/iberoid.com\/wp-content\/uploads\/2024\/12\/stromba1-scaled.jpeg?v=1734173508\",\"contentUrl\":\"https:\/\/iberoid.com\/wp-content\/uploads\/2024\/12\/stromba1-scaled.jpeg?v=1734173508\",\"width\":1794,\"height\":2560},{\"@type\":\"BreadcrumbList\",\"@id\":\"https:\/\/iberoid.com\/fr\/product\/stanozolol-100-tabs-epf-premium\/#breadcrumb\",\"itemListElement\":[{\"@type\":\"ListItem\",\"position\":1,\"name\":\"Portada\",\"item\":\"https:\/\/iberoid.com\/fr\/\"},{\"@type\":\"ListItem\",\"position\":2,\"name\":\"Magasin\",\"item\":\"https:\/\/iberoid.com\/fr\/shop\/\"},{\"@type\":\"ListItem\",\"position\":3,\"name\":\"stanozolol 100 tabs\"}]},{\"@type\":\"WebSite\",\"@id\":\"https:\/\/iberoid-shop.com\/#website\",\"url\":\"https:\/\/iberoid-shop.com\/\",\"name\":\"(Espa\u00f1ol) Esteroides en l\u00ednea\",\"description\":\"(Espa\u00f1ol) Comprar esteroides en l\u00ednea hoy en Espa\u00f1a y Portugal. Tenemos el mejor servicio al cliente en la industria y los productos de la m\u00e1s alta calidad\",\"potentialAction\":[{\"@type\":\"SearchAction\",\"target\":{\"@type\":\"EntryPoint\",\"urlTemplate\":\"https:\/\/iberoid-shop.com\/?s={search_term_string}\"},\"query-input\":{\"@type\":\"PropertyValueSpecification\",\"valueRequired\":true,\"valueName\":\"search_term_string\"}}],\"inLanguage\":\"fr-FR\"}]}<\/script>\n<meta property=\"product:brand\" content=\"Euro Prime Pharmaceuticals (EPF)\" \/>\n<meta property=\"product:price:amount\" content=\"30.00\" \/>\n<meta property=\"product:price:currency\" content=\"EUR\" \/>\n<meta property=\"og:availability\" content=\"instock\" \/>\n<meta property=\"product:availability\" content=\"instock\" \/>\n<meta property=\"product:condition\" content=\"new\" \/>\n<!-- \/ Yoast SEO Premium plugin. -->","yoast_head_json":{"title":"stanozolol 100 tabs - (Espa\u00f1ol) Esteroides en l\u00ednea","description":"Strombaged EPF de Euro Prime Pharmaceuticals est un st\u00e9ro\u00efde \u00e0 base de stanozolol, populaire pour la d\u00e9finition, l'augmentation de la force et la perte de graisse avec peu d'effets secondaires.","robots":{"index":"index","follow":"follow","max-snippet":"max-snippet:-1","max-image-preview":"max-image-preview:large","max-video-preview":"max-video-preview:-1"},"canonical":"https:\/\/iberoid.com\/fr\/product\/stanozolol-100-tabs-epf-premium\/","og_locale":"fr_FR","og_type":"article","og_title":"stanozolol 100 tabs","og_description":"Strombaged EPF de Euro Prime Pharmaceuticals est un st\u00e9ro\u00efde \u00e0 base de stanozolol, populaire pour la d\u00e9finition, l'augmentation de la force et la perte de graisse avec peu d'effets secondaires.","og_url":"https:\/\/iberoid.com\/fr\/product\/stanozolol-100-tabs-epf-premium\/","og_site_name":"(Espa\u00f1ol) Esteroides en l\u00ednea","article_modified_time":"2026-03-22T11:48:49+00:00","og_image":[{"width":1794,"height":2560,"url":"https:\/\/iberoid.com\/wp-content\/uploads\/2024\/12\/stromba1-scaled.jpeg?v=1734173508","type":"image\/jpeg"}],"twitter_card":"summary_large_image","twitter_misc":{"Prix":"&euro;30.00","Disponibilit\u00e9":"En stock"},"schema":{"@context":"https:\/\/schema.org","@graph":[{"@type":"WebPage","@id":"https:\/\/iberoid.com\/fr\/product\/stanozolol-100-tabs-epf-premium\/","url":"https:\/\/iberoid.com\/fr\/product\/stanozolol-100-tabs-epf-premium\/","name":"stanozolol 100 tabs - (Espa\u00f1ol) Esteroides en l\u00ednea","isPartOf":{"@id":"https:\/\/iberoid-shop.com\/#website"},"primaryImageOfPage":{"@id":"https:\/\/iberoid.com\/fr\/product\/stanozolol-100-tabs-epf-premium\/#primaryimage"},"image":{"@id":"https:\/\/iberoid.com\/fr\/product\/stanozolol-100-tabs-epf-premium\/#primaryimage"},"thumbnailUrl":"https:\/\/iberoid.com\/wp-content\/uploads\/2024\/12\/stromba1-scaled.jpeg?v=1734173508","datePublished":"2024-12-14T10:52:08+00:00","dateModified":"2026-03-22T11:48:49+00:00","description":"Strombaged EPF de Euro Prime Pharmaceuticals est un st\u00e9ro\u00efde \u00e0 base de stanozolol, populaire pour la d\u00e9finition, l'augmentation de la force et la perte de graisse avec peu d'effets secondaires.","breadcrumb":{"@id":"https:\/\/iberoid.com\/fr\/product\/stanozolol-100-tabs-epf-premium\/#breadcrumb"},"inLanguage":"fr-FR","potentialAction":[{"@type":"ReadAction","target":[["https:\/\/iberoid.com\/fr\/product\/stanozolol-100-tabs-epf-premium\/"]]}]},{"@type":"ImageObject","inLanguage":"fr-FR","@id":"https:\/\/iberoid.com\/fr\/product\/stanozolol-100-tabs-epf-premium\/#primaryimage","url":"https:\/\/iberoid.com\/wp-content\/uploads\/2024\/12\/stromba1-scaled.jpeg?v=1734173508","contentUrl":"https:\/\/iberoid.com\/wp-content\/uploads\/2024\/12\/stromba1-scaled.jpeg?v=1734173508","width":1794,"height":2560},{"@type":"BreadcrumbList","@id":"https:\/\/iberoid.com\/fr\/product\/stanozolol-100-tabs-epf-premium\/#breadcrumb","itemListElement":[{"@type":"ListItem","position":1,"name":"Portada","item":"https:\/\/iberoid.com\/fr\/"},{"@type":"ListItem","position":2,"name":"Magasin","item":"https:\/\/iberoid.com\/fr\/shop\/"},{"@type":"ListItem","position":3,"name":"stanozolol 100 tabs"}]},{"@type":"WebSite","@id":"https:\/\/iberoid-shop.com\/#website","url":"https:\/\/iberoid-shop.com\/","name":"(Espa\u00f1ol) Esteroides en l\u00ednea","description":"(Espa\u00f1ol) Comprar esteroides en l\u00ednea hoy en Espa\u00f1a y Portugal. Tenemos el mejor servicio al cliente en la industria y los productos de la m\u00e1s alta calidad","potentialAction":[{"@type":"SearchAction","target":{"@type":"EntryPoint","urlTemplate":"https:\/\/iberoid-shop.com\/?s={search_term_string}"},"query-input":{"@type":"PropertyValueSpecification","valueRequired":true,"valueName":"search_term_string"}}],"inLanguage":"fr-FR"}]},"product_brand":"Euro Prime Pharmaceuticals (EPF)","product_price_amount":"30.00","product_price_currency":"EUR","og_availability":"instock","product_availability":"instock","product_condition":"new"},"_links":{"self":[{"href":"https:\/\/iberoid.com\/fr\/wp-json\/wp\/v2\/product\/9845","targetHints":{"allow":["GET"]}}],"collection":[{"href":"https:\/\/iberoid.com\/fr\/wp-json\/wp\/v2\/product"}],"about":[{"href":"https:\/\/iberoid.com\/fr\/wp-json\/wp\/v2\/types\/product"}],"replies":[{"embeddable":true,"href":"https:\/\/iberoid.com\/fr\/wp-json\/wp\/v2\/comments?post=9845"}],"wp:featuredmedia":[{"embeddable":true,"href":"https:\/\/iberoid.com\/fr\/wp-json\/wp\/v2\/media\/9846"}],"wp:attachment":[{"href":"https:\/\/iberoid.com\/fr\/wp-json\/wp\/v2\/media?parent=9845"}],"wp:term":[{"taxonomy":"product_brand","embeddable":true,"href":"https:\/\/iberoid.com\/fr\/wp-json\/wp\/v2\/product_brand?post=9845"},{"taxonomy":"product_cat","embeddable":true,"href":"https:\/\/iberoid.com\/fr\/wp-json\/wp\/v2\/product_cat?post=9845"},{"taxonomy":"product_tag","embeddable":true,"href":"https:\/\/iberoid.com\/fr\/wp-json\/wp\/v2\/product_tag?post=9845"}],"curies":[{"name":"wp","href":"https:\/\/api.w.org\/{rel}","templated":true}]}}