{"id":9847,"date":"2024-12-14T11:00:10","date_gmt":"2024-12-14T11:00:10","guid":{"rendered":"https:\/\/iberoid.com\/?post_type=product&#038;p=9847"},"modified":"2026-03-29T16:00:17","modified_gmt":"2026-03-29T16:00:17","slug":"pack3stanozolol10-mg-epfpremium","status":"publish","type":"product","link":"https:\/\/iberoid.com\/fr\/product\/pack3stanozolol10-mg-epfpremium\/","title":{"rendered":"PACK 3 Stanozolol 10 mg"},"content":{"rendered":"<p>Le Stanozolol d&rsquo;EPF est un produit tr\u00e8s recherch\u00e9 sur le march\u00e9 pharmacologique moderne. Les produits de cette entreprise moldave sont extr\u00eamement populaires parmi les athl\u00e8tes de diff\u00e9rents pays \u00e0 travers le monde. La principale caract\u00e9ristique de cet st\u00e9ro\u00efde anabolisant est sa capacit\u00e9 \u00e0 am\u00e9liorer significativement l&rsquo;endurance. Il convient de noter que la plupart des st\u00e9ro\u00efdes anabolisants-androg\u00e9niques stimulent principalement l&rsquo;augmentation des indicateurs de force. Les athl\u00e8tes pratiquant des sports cycliques peuvent acheter le Stanozolol d&rsquo;EPF.<\/p>\n<p>Ce produit se distingue par son haut niveau de s\u00e9curit\u00e9. Pour cette raison, les athl\u00e8tes f\u00e9minines peuvent \u00e9galement l&rsquo;utiliser. Les femmes ont la possibilit\u00e9 d&rsquo;utiliser ce produit avec un risque minimal pour leur sant\u00e9.<\/p>\n<p><strong>Effets principaux du Stanozolol EPF<\/strong><\/p>\n<p>Ce st\u00e9ro\u00efde est bas\u00e9 sur la substance active portant le m\u00eame nom, qui est un d\u00e9riv\u00e9 de la dihydrotestost\u00e9rone. Comme l&rsquo;hormone originale, le Stanozolol n&rsquo;est pas capable d&rsquo;interagir avec l&rsquo;enzyme aromatase. Cependant, son activit\u00e9 androg\u00e9nique est significativement inf\u00e9rieure \u00e0 celle de la dihydrotestost\u00e9rone, s&rsquo;\u00e9tablissant \u00e0 seulement 30 %. Pendant ce temps, l&rsquo;activit\u00e9 anabolique du produit est de 320 %.<\/p>\n<p>Les principaux effets positifs de cet anabolisant incluent :<\/p>\n<ul>\n<li>Puissantes propri\u00e9t\u00e9s br\u00fble-graisses ;<\/li>\n<li>Am\u00e9lioration de la d\u00e9finition musculaire ;<\/li>\n<li>Stimulation de l&rsquo;augmentation de la force, des performances et de l&rsquo;endurance ;<\/li>\n<li>Acc\u00e9l\u00e9ration de l&rsquo;\u00e9limination des liquides du corps ;<\/li>\n<li>Fonction d&rsquo;anticatabolique puissant.<\/li>\n<\/ul>\n<p><strong>Instructions pour un cycle solo de Strombaged EPF<\/strong><\/p>\n<p>\u00c9tant donn\u00e9 que l&rsquo;ingr\u00e9dient actif de ce st\u00e9ro\u00efde a une demi-vie courte, les comprim\u00e9s doivent \u00eatre pris quotidiennement. La dose quotidienne d\u00e9pend du sexe de l&rsquo;athl\u00e8te. Il est fortement recommand\u00e9 aux femmes de ne pas d\u00e9passer une dose quotidienne de 20 mg. Pour les hommes, la dose quotidienne maximale est de 60 mg.<\/p>\n<p>Les cycles d\u00e9passent rarement deux mois de dur\u00e9e. Cela s&rsquo;explique par le fait que tous les st\u00e9ro\u00efdes anabolisants oraux pr\u00e9sentent un certain niveau d&rsquo;h\u00e9patotoxicit\u00e9, ce qui peut affecter la fonction h\u00e9patique. Pour \u00e9viter cela, n&rsquo;utilisez pas de st\u00e9ro\u00efdes anabolisants oraux pendant plus de 8 semaines. De plus, il est recommand\u00e9 de suivre une th\u00e9rapie post-cycle apr\u00e8s avoir interrompu le st\u00e9ro\u00efde.<\/p>\n<p><strong>Caract\u00e9ristiques des combinaisons de st\u00e9ro\u00efdes<\/strong><\/p>\n<p>Les combinaisons de cycles peuvent am\u00e9liorer l&rsquo;efficacit\u00e9 de l&rsquo;utilisation pharmacologique, tandis que les risques d&rsquo;effets secondaires restent presque inchang\u00e9s. \u00c9tant donn\u00e9 que le Stanozolol est un puissant br\u00fbleur de graisses, il est le plus souvent utilis\u00e9 par les culturistes pendant les phases de d\u00e9finition. Cela signifie qu&rsquo;il est couramment combin\u00e9 avec le Ph\u00e9nylpropionate de Testost\u00e9rone, le Masteron, le Primobolan, le Propionate de Testost\u00e9rone et l&rsquo;Ac\u00e9tate de Trenbolone. Ces combinaisons de Strombaged d&rsquo;EPF sont tr\u00e8s populaires parmi les athl\u00e8tes.<\/p>\n<p>Les athl\u00e8tes f\u00e9minines exp\u00e9riment\u00e9es peuvent \u00e9galement effectuer des cycles combin\u00e9s impliquant ce st\u00e9ro\u00efde. Cependant, elles ne devraient le combiner qu&rsquo;avec le Primobolan, car l&rsquo;utilisation d&rsquo;autres combinaisons augmente consid\u00e9rablement le risque d&rsquo;effets secondaires.<\/p>","protected":false},"excerpt":{"rendered":"<p>Le Stanozolol d&rsquo;EPF est un produit tr\u00e8s recherch\u00e9 sur le march\u00e9 pharmacologique moderne. Les produits de cette entreprise moldave sont<\/p>\n","protected":false},"featured_media":9848,"comment_status":"open","ping_status":"closed","template":"","meta":[],"product_brand":[],"product_cat":[73,3474],"product_tag":[],"class_list":{"0":"post-9847","1":"product","2":"type-product","3":"status-publish","4":"has-post-thumbnail","6":"product_cat-ssteroides_orales","7":"product_cat-packs","9":"first","10":"instock","11":"sale","12":"shipping-taxable","13":"purchasable","14":"product-type-simple"},"yoast_head":"<!-- This site is optimized with the Yoast SEO Premium plugin v24.4 (Yoast SEO v27.0) - https:\/\/yoast.com\/product\/yoast-seo-premium-wordpress\/ -->\n<title>PACK 3 Stanozolol 10 mg - (Espa\u00f1ol) Esteroides en l\u00ednea<\/title>\n<meta name=\"description\" content=\"Stanozolol par EPF : Am\u00e9liore l&#039;endurance, br\u00fble les graisses et booste les performances. Populaire parmi les athl\u00e8tes pour sa s\u00e9curit\u00e9 et son efficacit\u00e9.\" \/>\n<meta name=\"robots\" content=\"index, follow, max-snippet:-1, max-image-preview:large, max-video-preview:-1\" \/>\n<link rel=\"canonical\" href=\"https:\/\/iberoid.com\/fr\/product\/pack3stanozolol10-mg-epfpremium\/\" \/>\n<meta property=\"og:locale\" content=\"fr_FR\" \/>\n<meta property=\"og:type\" content=\"article\" \/>\n<meta property=\"og:title\" content=\"PACK 3 Stanozolol 10 mg\" \/>\n<meta property=\"og:description\" content=\"Stanozolol par EPF : Am\u00e9liore l&#039;endurance, br\u00fble les graisses et booste les performances. Populaire parmi les athl\u00e8tes pour sa s\u00e9curit\u00e9 et son efficacit\u00e9.\" \/>\n<meta property=\"og:url\" content=\"https:\/\/iberoid.com\/fr\/product\/pack3stanozolol10-mg-epfpremium\/\" \/>\n<meta property=\"og:site_name\" content=\"(Espa\u00f1ol) Esteroides en l\u00ednea\" \/>\n<meta property=\"article:modified_time\" content=\"2026-03-29T16:00:17+00:00\" \/>\n<meta property=\"og:image\" content=\"https:\/\/iberoid.com\/wp-content\/uploads\/2024\/12\/stromba3-scaled.jpeg?v=1734173928\" \/>\n\t<meta property=\"og:image:width\" content=\"2416\" \/>\n\t<meta property=\"og:image:height\" content=\"2560\" \/>\n\t<meta property=\"og:image:type\" content=\"image\/jpeg\" \/>\n<meta name=\"twitter:card\" content=\"summary_large_image\" \/>\n<meta name=\"twitter:label1\" content=\"Prix\" \/>\n\t<meta name=\"twitter:data1\" content=\"&euro;55.00\" \/>\n\t<meta name=\"twitter:label2\" content=\"Disponibilit\u00e9\" \/>\n\t<meta name=\"twitter:data2\" content=\"En stock\" \/>\n<script type=\"application\/ld+json\" class=\"yoast-schema-graph\">{\"@context\":\"https:\/\/schema.org\",\"@graph\":[{\"@type\":\"WebPage\",\"@id\":\"https:\/\/iberoid.com\/fr\/product\/pack3stanozolol10-mg-epfpremium\/\",\"url\":\"https:\/\/iberoid.com\/fr\/product\/pack3stanozolol10-mg-epfpremium\/\",\"name\":\"PACK 3 Stanozolol 10 mg - (Espa\u00f1ol) Esteroides en l\u00ednea\",\"isPartOf\":{\"@id\":\"https:\/\/iberoid-shop.com\/#website\"},\"primaryImageOfPage\":{\"@id\":\"https:\/\/iberoid.com\/fr\/product\/pack3stanozolol10-mg-epfpremium\/#primaryimage\"},\"image\":{\"@id\":\"https:\/\/iberoid.com\/fr\/product\/pack3stanozolol10-mg-epfpremium\/#primaryimage\"},\"thumbnailUrl\":\"https:\/\/iberoid.com\/wp-content\/uploads\/2024\/12\/stromba3-scaled.jpeg?v=1734173928\",\"datePublished\":\"2024-12-14T11:00:10+00:00\",\"dateModified\":\"2026-03-29T16:00:17+00:00\",\"description\":\"Stanozolol par EPF : Am\u00e9liore l'endurance, br\u00fble les graisses et booste les performances. Populaire parmi les athl\u00e8tes pour sa s\u00e9curit\u00e9 et son efficacit\u00e9.\",\"breadcrumb\":{\"@id\":\"https:\/\/iberoid.com\/fr\/product\/pack3stanozolol10-mg-epfpremium\/#breadcrumb\"},\"inLanguage\":\"fr-FR\",\"potentialAction\":[{\"@type\":\"ReadAction\",\"target\":[[\"https:\/\/iberoid.com\/fr\/product\/pack3stanozolol10-mg-epfpremium\/\"]]}]},{\"@type\":\"ImageObject\",\"inLanguage\":\"fr-FR\",\"@id\":\"https:\/\/iberoid.com\/fr\/product\/pack3stanozolol10-mg-epfpremium\/#primaryimage\",\"url\":\"https:\/\/iberoid.com\/wp-content\/uploads\/2024\/12\/stromba3-scaled.jpeg?v=1734173928\",\"contentUrl\":\"https:\/\/iberoid.com\/wp-content\/uploads\/2024\/12\/stromba3-scaled.jpeg?v=1734173928\",\"width\":2416,\"height\":2560},{\"@type\":\"BreadcrumbList\",\"@id\":\"https:\/\/iberoid.com\/fr\/product\/pack3stanozolol10-mg-epfpremium\/#breadcrumb\",\"itemListElement\":[{\"@type\":\"ListItem\",\"position\":1,\"name\":\"Portada\",\"item\":\"https:\/\/iberoid.com\/fr\/\"},{\"@type\":\"ListItem\",\"position\":2,\"name\":\"Magasin\",\"item\":\"https:\/\/iberoid.com\/fr\/shop\/\"},{\"@type\":\"ListItem\",\"position\":3,\"name\":\"PACK 3 Stanozolol 10 mg\"}]},{\"@type\":\"WebSite\",\"@id\":\"https:\/\/iberoid-shop.com\/#website\",\"url\":\"https:\/\/iberoid-shop.com\/\",\"name\":\"(Espa\u00f1ol) Esteroides en l\u00ednea\",\"description\":\"(Espa\u00f1ol) Comprar esteroides en l\u00ednea hoy en Espa\u00f1a y Portugal. Tenemos el mejor servicio al cliente en la industria y los productos de la m\u00e1s alta calidad\",\"potentialAction\":[{\"@type\":\"SearchAction\",\"target\":{\"@type\":\"EntryPoint\",\"urlTemplate\":\"https:\/\/iberoid-shop.com\/?s={search_term_string}\"},\"query-input\":{\"@type\":\"PropertyValueSpecification\",\"valueRequired\":true,\"valueName\":\"search_term_string\"}}],\"inLanguage\":\"fr-FR\"}]}<\/script>\n<meta property=\"product:brand\" content=\"Euro Prime Pharmaceuticals (EPF)\" \/>\n<meta property=\"product:price:amount\" content=\"55.00\" \/>\n<meta property=\"product:price:currency\" content=\"EUR\" \/>\n<meta property=\"og:availability\" content=\"instock\" \/>\n<meta property=\"product:availability\" content=\"instock\" \/>\n<meta property=\"product:condition\" content=\"new\" \/>\n<!-- \/ Yoast SEO Premium plugin. -->","yoast_head_json":{"title":"PACK 3 Stanozolol 10 mg - (Espa\u00f1ol) Esteroides en l\u00ednea","description":"Stanozolol par EPF : Am\u00e9liore l'endurance, br\u00fble les graisses et booste les performances. Populaire parmi les athl\u00e8tes pour sa s\u00e9curit\u00e9 et son efficacit\u00e9.","robots":{"index":"index","follow":"follow","max-snippet":"max-snippet:-1","max-image-preview":"max-image-preview:large","max-video-preview":"max-video-preview:-1"},"canonical":"https:\/\/iberoid.com\/fr\/product\/pack3stanozolol10-mg-epfpremium\/","og_locale":"fr_FR","og_type":"article","og_title":"PACK 3 Stanozolol 10 mg","og_description":"Stanozolol par EPF : Am\u00e9liore l'endurance, br\u00fble les graisses et booste les performances. Populaire parmi les athl\u00e8tes pour sa s\u00e9curit\u00e9 et son efficacit\u00e9.","og_url":"https:\/\/iberoid.com\/fr\/product\/pack3stanozolol10-mg-epfpremium\/","og_site_name":"(Espa\u00f1ol) Esteroides en l\u00ednea","article_modified_time":"2026-03-29T16:00:17+00:00","og_image":[{"width":2416,"height":2560,"url":"https:\/\/iberoid.com\/wp-content\/uploads\/2024\/12\/stromba3-scaled.jpeg?v=1734173928","type":"image\/jpeg"}],"twitter_card":"summary_large_image","twitter_misc":{"Prix":"&euro;55.00","Disponibilit\u00e9":"En stock"},"schema":{"@context":"https:\/\/schema.org","@graph":[{"@type":"WebPage","@id":"https:\/\/iberoid.com\/fr\/product\/pack3stanozolol10-mg-epfpremium\/","url":"https:\/\/iberoid.com\/fr\/product\/pack3stanozolol10-mg-epfpremium\/","name":"PACK 3 Stanozolol 10 mg - (Espa\u00f1ol) Esteroides en l\u00ednea","isPartOf":{"@id":"https:\/\/iberoid-shop.com\/#website"},"primaryImageOfPage":{"@id":"https:\/\/iberoid.com\/fr\/product\/pack3stanozolol10-mg-epfpremium\/#primaryimage"},"image":{"@id":"https:\/\/iberoid.com\/fr\/product\/pack3stanozolol10-mg-epfpremium\/#primaryimage"},"thumbnailUrl":"https:\/\/iberoid.com\/wp-content\/uploads\/2024\/12\/stromba3-scaled.jpeg?v=1734173928","datePublished":"2024-12-14T11:00:10+00:00","dateModified":"2026-03-29T16:00:17+00:00","description":"Stanozolol par EPF : Am\u00e9liore l'endurance, br\u00fble les graisses et booste les performances. Populaire parmi les athl\u00e8tes pour sa s\u00e9curit\u00e9 et son efficacit\u00e9.","breadcrumb":{"@id":"https:\/\/iberoid.com\/fr\/product\/pack3stanozolol10-mg-epfpremium\/#breadcrumb"},"inLanguage":"fr-FR","potentialAction":[{"@type":"ReadAction","target":[["https:\/\/iberoid.com\/fr\/product\/pack3stanozolol10-mg-epfpremium\/"]]}]},{"@type":"ImageObject","inLanguage":"fr-FR","@id":"https:\/\/iberoid.com\/fr\/product\/pack3stanozolol10-mg-epfpremium\/#primaryimage","url":"https:\/\/iberoid.com\/wp-content\/uploads\/2024\/12\/stromba3-scaled.jpeg?v=1734173928","contentUrl":"https:\/\/iberoid.com\/wp-content\/uploads\/2024\/12\/stromba3-scaled.jpeg?v=1734173928","width":2416,"height":2560},{"@type":"BreadcrumbList","@id":"https:\/\/iberoid.com\/fr\/product\/pack3stanozolol10-mg-epfpremium\/#breadcrumb","itemListElement":[{"@type":"ListItem","position":1,"name":"Portada","item":"https:\/\/iberoid.com\/fr\/"},{"@type":"ListItem","position":2,"name":"Magasin","item":"https:\/\/iberoid.com\/fr\/shop\/"},{"@type":"ListItem","position":3,"name":"PACK 3 Stanozolol 10 mg"}]},{"@type":"WebSite","@id":"https:\/\/iberoid-shop.com\/#website","url":"https:\/\/iberoid-shop.com\/","name":"(Espa\u00f1ol) Esteroides en l\u00ednea","description":"(Espa\u00f1ol) Comprar esteroides en l\u00ednea hoy en Espa\u00f1a y Portugal. Tenemos el mejor servicio al cliente en la industria y los productos de la m\u00e1s alta calidad","potentialAction":[{"@type":"SearchAction","target":{"@type":"EntryPoint","urlTemplate":"https:\/\/iberoid-shop.com\/?s={search_term_string}"},"query-input":{"@type":"PropertyValueSpecification","valueRequired":true,"valueName":"search_term_string"}}],"inLanguage":"fr-FR"}]},"product_brand":"Euro Prime Pharmaceuticals (EPF)","product_price_amount":"55.00","product_price_currency":"EUR","og_availability":"instock","product_availability":"instock","product_condition":"new"},"_links":{"self":[{"href":"https:\/\/iberoid.com\/fr\/wp-json\/wp\/v2\/product\/9847","targetHints":{"allow":["GET"]}}],"collection":[{"href":"https:\/\/iberoid.com\/fr\/wp-json\/wp\/v2\/product"}],"about":[{"href":"https:\/\/iberoid.com\/fr\/wp-json\/wp\/v2\/types\/product"}],"replies":[{"embeddable":true,"href":"https:\/\/iberoid.com\/fr\/wp-json\/wp\/v2\/comments?post=9847"}],"wp:featuredmedia":[{"embeddable":true,"href":"https:\/\/iberoid.com\/fr\/wp-json\/wp\/v2\/media\/9848"}],"wp:attachment":[{"href":"https:\/\/iberoid.com\/fr\/wp-json\/wp\/v2\/media?parent=9847"}],"wp:term":[{"taxonomy":"product_brand","embeddable":true,"href":"https:\/\/iberoid.com\/fr\/wp-json\/wp\/v2\/product_brand?post=9847"},{"taxonomy":"product_cat","embeddable":true,"href":"https:\/\/iberoid.com\/fr\/wp-json\/wp\/v2\/product_cat?post=9847"},{"taxonomy":"product_tag","embeddable":true,"href":"https:\/\/iberoid.com\/fr\/wp-json\/wp\/v2\/product_tag?post=9847"}],"curies":[{"name":"wp","href":"https:\/\/api.w.org\/{rel}","templated":true}]}}