{"id":9871,"date":"2025-01-02T13:54:51","date_gmt":"2025-01-02T13:54:51","guid":{"rendered":"https:\/\/iberoid.com\/?post_type=product&#038;p=9871"},"modified":"2026-04-08T09:05:00","modified_gmt":"2026-04-08T09:05:00","slug":"pack3-tamoxifeno-tamoxitech-biotech-canada","status":"publish","type":"product","link":"https:\/\/iberoid.com\/fr\/product\/pack3-tamoxifeno-tamoxitech-biotech-canada\/","title":{"rendered":"PACK 3 &#8211; TAMOXIFENO \/ TAMOXITECH"},"content":{"rendered":"<p>Le citrate de tamoxif\u00e8ne est un type de th\u00e9rapie hormonale appel\u00e9 modulateur s\u00e9lectif des r\u00e9cepteurs des \u0153strog\u00e8nes (ou SERM). Il agit en se liant aux r\u00e9cepteurs des \u0153strog\u00e8nes, bloquant les effets des \u0153strog\u00e8nes dans certains tissus tout en imitant leurs effets dans d&rsquo;autres. Dans le tissu mammaire, le citrate de tamoxif\u00e8ne bloque les \u0153strog\u00e8nes de se lier \u00e0 leurs r\u00e9cepteurs, ce qui peut pr\u00e9venir la croissance des cellules canc\u00e9reuses. Le citrate de tamoxif\u00e8ne imite les effets des \u0153strog\u00e8nes dans le tissu osseux, ce qui peut r\u00e9duire la r\u00e9sorption osseuse, diminuer le renouvellement osseux et augmenter la densit\u00e9 min\u00e9rale osseuse.<\/p>\n<p>Le citrate de tamoxif\u00e8ne est approuv\u00e9 pour traiter :<\/p>\n<ul>\n<li><strong>Le cancer du sein<\/strong> chez les femmes et les hommes. Il est utilis\u00e9 :\n<ul>\n<li>Chez les patients dont le cancer s&rsquo;est propag\u00e9 \u00e0 d&rsquo;autres parties du corps ;<\/li>\n<li>Comme th\u00e9rapie adjuvante chez les femmes dont le cancer a \u00e9t\u00e9 trait\u00e9 par chirurgie et radioth\u00e9rapie.<\/li>\n<\/ul>\n<\/li>\n<li><strong>Le carcinome canalaire in situ (CCIS)<\/strong>. Il est utilis\u00e9 pour r\u00e9duire le risque de cancer du sein invasif chez les femmes ayant subi une chirurgie et une radioth\u00e9rapie pour le CCIS.<\/li>\n<\/ul>\n<p>Le citrate de tamoxif\u00e8ne est \u00e9galement approuv\u00e9 pour <strong>pr\u00e9venir<\/strong> :<\/p>\n<ul>\n<li><strong>Le cancer du sein<\/strong> chez les femmes \u00e0 haut risque de d\u00e9velopper la maladie.<\/li>\n<\/ul>\n<p>De plus, le citrate de tamoxif\u00e8ne est en cours d&rsquo;\u00e9tude pour le traitement d&rsquo;autres types de cancer.<\/p>","protected":false},"excerpt":{"rendered":"<p>Le citrate de tamoxif\u00e8ne est un type de th\u00e9rapie hormonale appel\u00e9 modulateur s\u00e9lectif des r\u00e9cepteurs des \u0153strog\u00e8nes (ou SERM). Il<\/p>\n","protected":false},"featured_media":9298,"comment_status":"open","ping_status":"closed","template":"","meta":[],"product_brand":[],"product_cat":[3474],"product_tag":[],"class_list":{"0":"post-9871","1":"product","2":"type-product","3":"status-publish","4":"has-post-thumbnail","6":"product_cat-packs","8":"first","9":"instock","10":"sale","11":"shipping-taxable","12":"purchasable","13":"product-type-simple"},"yoast_head":"<!-- This site is optimized with the Yoast SEO Premium plugin v24.4 (Yoast SEO v27.3) - https:\/\/yoast.com\/product\/yoast-seo-premium-wordpress\/ -->\n<title>PACK 3 - TAMOXIFENO \/ TAMOXITECH - (Espa\u00f1ol) Esteroides en l\u00ednea<\/title>\n<meta name=\"description\" content=\"Le citrate de tamoxif\u00e8ne est un modulateur s\u00e9lectif des r\u00e9cepteurs d&#039;\u0153strog\u00e8nes (SERM) qui bloque l&#039;\u0153strog\u00e8ne dans le tissu mammaire pour pr\u00e9venir la croissance du cancer et l&#039;imite dans les os pour am\u00e9liorer la densit\u00e9. Il est utilis\u00e9 pour le traitement et la pr\u00e9vention du cancer du sein.\" \/>\n<meta name=\"robots\" content=\"index, follow, max-snippet:-1, max-image-preview:large, max-video-preview:-1\" \/>\n<link rel=\"canonical\" href=\"https:\/\/iberoid.com\/fr\/product\/pack3-tamoxifeno-tamoxitech-biotech-canada\/\" \/>\n<meta property=\"og:locale\" content=\"fr_FR\" \/>\n<meta property=\"og:type\" content=\"article\" \/>\n<meta property=\"og:title\" content=\"PACK 3 - TAMOXIFENO \/ TAMOXITECH\" \/>\n<meta property=\"og:description\" content=\"Le citrate de tamoxif\u00e8ne est un modulateur s\u00e9lectif des r\u00e9cepteurs d&#039;\u0153strog\u00e8nes (SERM) qui bloque l&#039;\u0153strog\u00e8ne dans le tissu mammaire pour pr\u00e9venir la croissance du cancer et l&#039;imite dans les os pour am\u00e9liorer la densit\u00e9. Il est utilis\u00e9 pour le traitement et la pr\u00e9vention du cancer du sein.\" \/>\n<meta property=\"og:url\" content=\"https:\/\/iberoid.com\/fr\/product\/pack3-tamoxifeno-tamoxitech-biotech-canada\/\" \/>\n<meta property=\"og:site_name\" content=\"(Espa\u00f1ol) Esteroides en l\u00ednea\" \/>\n<meta property=\"article:modified_time\" content=\"2026-04-08T09:05:00+00:00\" \/>\n<meta property=\"og:image\" content=\"https:\/\/iberoid.com\/wp-content\/uploads\/2024\/03\/tamobi.jpg?v=1711306023\" \/>\n\t<meta property=\"og:image:width\" content=\"1748\" \/>\n\t<meta property=\"og:image:height\" content=\"2048\" \/>\n\t<meta property=\"og:image:type\" content=\"image\/jpeg\" \/>\n<meta name=\"twitter:card\" content=\"summary_large_image\" \/>\n<meta name=\"twitter:label1\" content=\"Prix\" \/>\n\t<meta name=\"twitter:data1\" content=\"&euro;30.00\" \/>\n\t<meta name=\"twitter:label2\" content=\"Disponibilit\u00e9\" \/>\n\t<meta name=\"twitter:data2\" content=\"En stock\" \/>\n<script type=\"application\/ld+json\" class=\"yoast-schema-graph\">{\"@context\":\"https:\\\/\\\/schema.org\",\"@graph\":[{\"@type\":\"WebPage\",\"@id\":\"https:\\\/\\\/iberoid.com\\\/fr\\\/product\\\/pack3-tamoxifeno-tamoxitech-biotech-canada\\\/\",\"url\":\"https:\\\/\\\/iberoid.com\\\/fr\\\/product\\\/pack3-tamoxifeno-tamoxitech-biotech-canada\\\/\",\"name\":\"PACK 3 - TAMOXIFENO \\\/ TAMOXITECH - (Espa\u00f1ol) Esteroides en l\u00ednea\",\"isPartOf\":{\"@id\":\"https:\\\/\\\/iberoid-shop.com\\\/#website\"},\"primaryImageOfPage\":{\"@id\":\"https:\\\/\\\/iberoid.com\\\/fr\\\/product\\\/pack3-tamoxifeno-tamoxitech-biotech-canada\\\/#primaryimage\"},\"image\":{\"@id\":\"https:\\\/\\\/iberoid.com\\\/fr\\\/product\\\/pack3-tamoxifeno-tamoxitech-biotech-canada\\\/#primaryimage\"},\"thumbnailUrl\":\"https:\\\/\\\/iberoid.com\\\/wp-content\\\/uploads\\\/2024\\\/03\\\/tamobi.jpg?v=1711306023\",\"datePublished\":\"2025-01-02T13:54:51+00:00\",\"dateModified\":\"2026-04-08T09:05:00+00:00\",\"description\":\"Le citrate de tamoxif\u00e8ne est un modulateur s\u00e9lectif des r\u00e9cepteurs d'\u0153strog\u00e8nes (SERM) qui bloque l'\u0153strog\u00e8ne dans le tissu mammaire pour pr\u00e9venir la croissance du cancer et l'imite dans les os pour am\u00e9liorer la densit\u00e9. Il est utilis\u00e9 pour le traitement et la pr\u00e9vention du cancer du sein.\",\"breadcrumb\":{\"@id\":\"https:\\\/\\\/iberoid.com\\\/fr\\\/product\\\/pack3-tamoxifeno-tamoxitech-biotech-canada\\\/#breadcrumb\"},\"inLanguage\":\"fr-FR\",\"potentialAction\":[{\"@type\":\"ReadAction\",\"target\":[[\"https:\\\/\\\/iberoid.com\\\/fr\\\/product\\\/pack3-tamoxifeno-tamoxitech-biotech-canada\\\/\"]]}]},{\"@type\":\"ImageObject\",\"inLanguage\":\"fr-FR\",\"@id\":\"https:\\\/\\\/iberoid.com\\\/fr\\\/product\\\/pack3-tamoxifeno-tamoxitech-biotech-canada\\\/#primaryimage\",\"url\":\"https:\\\/\\\/iberoid.com\\\/wp-content\\\/uploads\\\/2024\\\/03\\\/tamobi.jpg?v=1711306023\",\"contentUrl\":\"https:\\\/\\\/iberoid.com\\\/wp-content\\\/uploads\\\/2024\\\/03\\\/tamobi.jpg?v=1711306023\",\"width\":1748,\"height\":2048,\"caption\":\"TAMOXITECH 20\"},{\"@type\":\"BreadcrumbList\",\"@id\":\"https:\\\/\\\/iberoid.com\\\/fr\\\/product\\\/pack3-tamoxifeno-tamoxitech-biotech-canada\\\/#breadcrumb\",\"itemListElement\":[{\"@type\":\"ListItem\",\"position\":1,\"name\":\"Portada\",\"item\":\"https:\\\/\\\/iberoid.com\\\/fr\\\/\"},{\"@type\":\"ListItem\",\"position\":2,\"name\":\"Magasin\",\"item\":\"https:\\\/\\\/iberoid.com\\\/fr\\\/shop\\\/\"},{\"@type\":\"ListItem\",\"position\":3,\"name\":\"PACK 3 &#8211; TAMOXIFENO \\\/ TAMOXITECH\"}]},{\"@type\":\"WebSite\",\"@id\":\"https:\\\/\\\/iberoid-shop.com\\\/#website\",\"url\":\"https:\\\/\\\/iberoid-shop.com\\\/\",\"name\":\"(Espa\u00f1ol) Esteroides en l\u00ednea\",\"description\":\"(Espa\u00f1ol) Comprar esteroides en l\u00ednea hoy en Espa\u00f1a y Portugal. Tenemos el mejor servicio al cliente en la industria y los productos de la m\u00e1s alta calidad\",\"potentialAction\":[{\"@type\":\"SearchAction\",\"target\":{\"@type\":\"EntryPoint\",\"urlTemplate\":\"https:\\\/\\\/iberoid-shop.com\\\/?s={search_term_string}\"},\"query-input\":{\"@type\":\"PropertyValueSpecification\",\"valueRequired\":true,\"valueName\":\"search_term_string\"}}],\"inLanguage\":\"fr-FR\"}]}<\/script>\n<meta property=\"product:brand\" content=\"Canada Biotech Peptides\" \/>\n<meta property=\"product:price:amount\" content=\"30.00\" \/>\n<meta property=\"product:price:currency\" content=\"EUR\" \/>\n<meta property=\"og:availability\" content=\"instock\" \/>\n<meta property=\"product:availability\" content=\"instock\" \/>\n<meta property=\"product:condition\" content=\"new\" \/>\n<!-- \/ Yoast SEO Premium plugin. -->","yoast_head_json":{"title":"PACK 3 - TAMOXIFENO \/ TAMOXITECH - (Espa\u00f1ol) Esteroides en l\u00ednea","description":"Le citrate de tamoxif\u00e8ne est un modulateur s\u00e9lectif des r\u00e9cepteurs d'\u0153strog\u00e8nes (SERM) qui bloque l'\u0153strog\u00e8ne dans le tissu mammaire pour pr\u00e9venir la croissance du cancer et l'imite dans les os pour am\u00e9liorer la densit\u00e9. Il est utilis\u00e9 pour le traitement et la pr\u00e9vention du cancer du sein.","robots":{"index":"index","follow":"follow","max-snippet":"max-snippet:-1","max-image-preview":"max-image-preview:large","max-video-preview":"max-video-preview:-1"},"canonical":"https:\/\/iberoid.com\/fr\/product\/pack3-tamoxifeno-tamoxitech-biotech-canada\/","og_locale":"fr_FR","og_type":"article","og_title":"PACK 3 - TAMOXIFENO \/ TAMOXITECH","og_description":"Le citrate de tamoxif\u00e8ne est un modulateur s\u00e9lectif des r\u00e9cepteurs d'\u0153strog\u00e8nes (SERM) qui bloque l'\u0153strog\u00e8ne dans le tissu mammaire pour pr\u00e9venir la croissance du cancer et l'imite dans les os pour am\u00e9liorer la densit\u00e9. Il est utilis\u00e9 pour le traitement et la pr\u00e9vention du cancer du sein.","og_url":"https:\/\/iberoid.com\/fr\/product\/pack3-tamoxifeno-tamoxitech-biotech-canada\/","og_site_name":"(Espa\u00f1ol) Esteroides en l\u00ednea","article_modified_time":"2026-04-08T09:05:00+00:00","og_image":[{"width":1748,"height":2048,"url":"https:\/\/iberoid.com\/wp-content\/uploads\/2024\/03\/tamobi.jpg?v=1711306023","type":"image\/jpeg"}],"twitter_card":"summary_large_image","twitter_misc":{"Prix":"&euro;30.00","Disponibilit\u00e9":"En stock"},"schema":{"@context":"https:\/\/schema.org","@graph":[{"@type":"WebPage","@id":"https:\/\/iberoid.com\/fr\/product\/pack3-tamoxifeno-tamoxitech-biotech-canada\/","url":"https:\/\/iberoid.com\/fr\/product\/pack3-tamoxifeno-tamoxitech-biotech-canada\/","name":"PACK 3 - TAMOXIFENO \/ TAMOXITECH - (Espa\u00f1ol) Esteroides en l\u00ednea","isPartOf":{"@id":"https:\/\/iberoid-shop.com\/#website"},"primaryImageOfPage":{"@id":"https:\/\/iberoid.com\/fr\/product\/pack3-tamoxifeno-tamoxitech-biotech-canada\/#primaryimage"},"image":{"@id":"https:\/\/iberoid.com\/fr\/product\/pack3-tamoxifeno-tamoxitech-biotech-canada\/#primaryimage"},"thumbnailUrl":"https:\/\/iberoid.com\/wp-content\/uploads\/2024\/03\/tamobi.jpg?v=1711306023","datePublished":"2025-01-02T13:54:51+00:00","dateModified":"2026-04-08T09:05:00+00:00","description":"Le citrate de tamoxif\u00e8ne est un modulateur s\u00e9lectif des r\u00e9cepteurs d'\u0153strog\u00e8nes (SERM) qui bloque l'\u0153strog\u00e8ne dans le tissu mammaire pour pr\u00e9venir la croissance du cancer et l'imite dans les os pour am\u00e9liorer la densit\u00e9. Il est utilis\u00e9 pour le traitement et la pr\u00e9vention du cancer du sein.","breadcrumb":{"@id":"https:\/\/iberoid.com\/fr\/product\/pack3-tamoxifeno-tamoxitech-biotech-canada\/#breadcrumb"},"inLanguage":"fr-FR","potentialAction":[{"@type":"ReadAction","target":[["https:\/\/iberoid.com\/fr\/product\/pack3-tamoxifeno-tamoxitech-biotech-canada\/"]]}]},{"@type":"ImageObject","inLanguage":"fr-FR","@id":"https:\/\/iberoid.com\/fr\/product\/pack3-tamoxifeno-tamoxitech-biotech-canada\/#primaryimage","url":"https:\/\/iberoid.com\/wp-content\/uploads\/2024\/03\/tamobi.jpg?v=1711306023","contentUrl":"https:\/\/iberoid.com\/wp-content\/uploads\/2024\/03\/tamobi.jpg?v=1711306023","width":1748,"height":2048,"caption":"TAMOXITECH 20"},{"@type":"BreadcrumbList","@id":"https:\/\/iberoid.com\/fr\/product\/pack3-tamoxifeno-tamoxitech-biotech-canada\/#breadcrumb","itemListElement":[{"@type":"ListItem","position":1,"name":"Portada","item":"https:\/\/iberoid.com\/fr\/"},{"@type":"ListItem","position":2,"name":"Magasin","item":"https:\/\/iberoid.com\/fr\/shop\/"},{"@type":"ListItem","position":3,"name":"PACK 3 &#8211; TAMOXIFENO \/ TAMOXITECH"}]},{"@type":"WebSite","@id":"https:\/\/iberoid-shop.com\/#website","url":"https:\/\/iberoid-shop.com\/","name":"(Espa\u00f1ol) Esteroides en l\u00ednea","description":"(Espa\u00f1ol) Comprar esteroides en l\u00ednea hoy en Espa\u00f1a y Portugal. Tenemos el mejor servicio al cliente en la industria y los productos de la m\u00e1s alta calidad","potentialAction":[{"@type":"SearchAction","target":{"@type":"EntryPoint","urlTemplate":"https:\/\/iberoid-shop.com\/?s={search_term_string}"},"query-input":{"@type":"PropertyValueSpecification","valueRequired":true,"valueName":"search_term_string"}}],"inLanguage":"fr-FR"}]},"product_brand":"Canada Biotech Peptides","product_price_amount":"30.00","product_price_currency":"EUR","og_availability":"instock","product_availability":"instock","product_condition":"new"},"_links":{"self":[{"href":"https:\/\/iberoid.com\/fr\/wp-json\/wp\/v2\/product\/9871","targetHints":{"allow":["GET"]}}],"collection":[{"href":"https:\/\/iberoid.com\/fr\/wp-json\/wp\/v2\/product"}],"about":[{"href":"https:\/\/iberoid.com\/fr\/wp-json\/wp\/v2\/types\/product"}],"replies":[{"embeddable":true,"href":"https:\/\/iberoid.com\/fr\/wp-json\/wp\/v2\/comments?post=9871"}],"wp:featuredmedia":[{"embeddable":true,"href":"https:\/\/iberoid.com\/fr\/wp-json\/wp\/v2\/media\/9298"}],"wp:attachment":[{"href":"https:\/\/iberoid.com\/fr\/wp-json\/wp\/v2\/media?parent=9871"}],"wp:term":[{"taxonomy":"product_brand","embeddable":true,"href":"https:\/\/iberoid.com\/fr\/wp-json\/wp\/v2\/product_brand?post=9871"},{"taxonomy":"product_cat","embeddable":true,"href":"https:\/\/iberoid.com\/fr\/wp-json\/wp\/v2\/product_cat?post=9871"},{"taxonomy":"product_tag","embeddable":true,"href":"https:\/\/iberoid.com\/fr\/wp-json\/wp\/v2\/product_tag?post=9871"}],"curies":[{"name":"wp","href":"https:\/\/api.w.org\/{rel}","templated":true}]}}