{"id":9956,"date":"2025-03-05T22:41:04","date_gmt":"2025-03-05T22:41:04","guid":{"rendered":"https:\/\/iberoid.com\/?post_type=product&#038;p=9956"},"modified":"2025-10-03T08:53:19","modified_gmt":"2025-10-03T08:53:19","slug":"liv52-protector-hepatico","status":"publish","type":"product","link":"https:\/\/iberoid.com\/fr\/product\/liv52-protector-hepatico\/","title":{"rendered":"LIV 52 \/ PROTECTEUR HEPATIQUE"},"content":{"rendered":"<p>Les comprim\u00e9s Liv.52 ont un effet favorable sur la sant\u00e9 du corps en soutenant les fonctions h\u00e9patobiliaires.<\/p>\n<p>prot\u00e8ge le foie des effets nocifs de l&rsquo;alcool, des m\u00e9dicaments et de diverses toxines et aide au processus de r\u00e9g\u00e9n\u00e9ration du foie ;<br \/>\nemp\u00eache le foie d\u2019\u00eatre surcharg\u00e9 de graisse ;<br \/>\nchol\u00e9r\u00e9tique et cholagogue, stimulant la contraction de la v\u00e9sicule biliaire et provoquant l&rsquo;\u00e9limination des s\u00e9cr\u00e9tions de la v\u00e9sicule biliaire ;<br \/>\nam\u00e9liore l&rsquo;app\u00e9tit et la digestion des aliments ;<br \/>\nadjuvant dans les dysfonctionnements de la v\u00e9sicule biliaire et du foie.<\/p>\n<p>Mode d&rsquo;administration :<br \/>\nPour un meilleur soutien de la fonction h\u00e9patique, 2 comprim\u00e9s peuvent \u00eatre administr\u00e9s 3 fois par jour.<br \/>\nEnfants de plus de 6 ans : 1 comprim\u00e9 2 fois par jour ;<br \/>\nAdultes : 2 comprim\u00e9s 2 fois par jour ;<\/p>","protected":false},"excerpt":{"rendered":"<p>Les comprim\u00e9s Liv.52 ont un effet favorable sur la sant\u00e9 du corps en soutenant les fonctions h\u00e9patobiliaires. prot\u00e8ge le foie<\/p>\n","protected":false},"featured_media":5116,"comment_status":"open","ping_status":"closed","template":"","meta":[],"product_brand":[],"product_cat":[3517],"product_tag":[],"class_list":{"0":"post-9956","1":"product","2":"type-product","3":"status-publish","4":"has-post-thumbnail","6":"product_cat-suplementos-2","8":"first","9":"outofstock","10":"sale","11":"shipping-taxable","12":"purchasable","13":"product-type-simple"},"yoast_head":"<!-- This site is optimized with the Yoast SEO Premium plugin v24.4 (Yoast SEO v27.3) - https:\/\/yoast.com\/product\/yoast-seo-premium-wordpress\/ -->\n<title>LIV 52 \/ PROTECTEUR HEPATIQUE - (Espa\u00f1ol) Esteroides en l\u00ednea<\/title>\n<meta name=\"description\" content=\"Liv.52 : Soutient la sant\u00e9 du foie, prot\u00e8ge contre les toxines, aide \u00e0 la r\u00e9g\u00e9n\u00e9ration, pr\u00e9vient la st\u00e9atose h\u00e9patique. Am\u00e9liore la digestion et l&#039;app\u00e9tit. Adultes : 2 comprim\u00e9s 2-3 fois par jour. Enfants de plus de 6 ans : 1 comprim\u00e9 deux fois par jour.\" \/>\n<meta name=\"robots\" content=\"index, follow, max-snippet:-1, max-image-preview:large, max-video-preview:-1\" \/>\n<link rel=\"canonical\" href=\"https:\/\/iberoid.com\/fr\/product\/liv52-protector-hepatico\/\" \/>\n<meta property=\"og:locale\" content=\"fr_FR\" \/>\n<meta property=\"og:type\" content=\"article\" \/>\n<meta property=\"og:title\" content=\"LIV 52 \/ PROTECTEUR HEPATIQUE\" \/>\n<meta property=\"og:description\" content=\"Liv.52 : Soutient la sant\u00e9 du foie, prot\u00e8ge contre les toxines, aide \u00e0 la r\u00e9g\u00e9n\u00e9ration, pr\u00e9vient la st\u00e9atose h\u00e9patique. Am\u00e9liore la digestion et l&#039;app\u00e9tit. Adultes : 2 comprim\u00e9s 2-3 fois par jour. Enfants de plus de 6 ans : 1 comprim\u00e9 deux fois par jour.\" \/>\n<meta property=\"og:url\" content=\"https:\/\/iberoid.com\/fr\/product\/liv52-protector-hepatico\/\" \/>\n<meta property=\"og:site_name\" content=\"(Espa\u00f1ol) Esteroides en l\u00ednea\" \/>\n<meta property=\"article:modified_time\" content=\"2025-10-03T08:53:19+00:00\" \/>\n<meta property=\"og:image\" content=\"https:\/\/iberoid.com\/wp-content\/uploads\/2020\/05\/liv-52-ds-60-tablete-himalaya-1320.jpg?v=1741214760\" \/>\n\t<meta property=\"og:image:width\" content=\"1000\" \/>\n\t<meta property=\"og:image:height\" content=\"1000\" \/>\n\t<meta property=\"og:image:type\" content=\"image\/jpeg\" \/>\n<meta name=\"twitter:card\" content=\"summary_large_image\" \/>\n<meta name=\"twitter:label1\" content=\"Prix\" \/>\n\t<meta name=\"twitter:data1\" content=\"&euro;10.00\" \/>\n\t<meta name=\"twitter:label2\" content=\"Disponibilit\u00e9\" \/>\n\t<meta name=\"twitter:data2\" content=\"Rupture de stock\" \/>\n<script type=\"application\/ld+json\" class=\"yoast-schema-graph\">{\"@context\":\"https:\\\/\\\/schema.org\",\"@graph\":[{\"@type\":\"WebPage\",\"@id\":\"https:\\\/\\\/iberoid.com\\\/fr\\\/product\\\/liv52-protector-hepatico\\\/\",\"url\":\"https:\\\/\\\/iberoid.com\\\/fr\\\/product\\\/liv52-protector-hepatico\\\/\",\"name\":\"LIV 52 \\\/ PROTECTEUR HEPATIQUE - (Espa\u00f1ol) Esteroides en l\u00ednea\",\"isPartOf\":{\"@id\":\"https:\\\/\\\/iberoid-shop.com\\\/#website\"},\"primaryImageOfPage\":{\"@id\":\"https:\\\/\\\/iberoid.com\\\/fr\\\/product\\\/liv52-protector-hepatico\\\/#primaryimage\"},\"image\":{\"@id\":\"https:\\\/\\\/iberoid.com\\\/fr\\\/product\\\/liv52-protector-hepatico\\\/#primaryimage\"},\"thumbnailUrl\":\"https:\\\/\\\/iberoid.com\\\/wp-content\\\/uploads\\\/2020\\\/05\\\/liv-52-ds-60-tablete-himalaya-1320.jpg?v=1741214760\",\"datePublished\":\"2025-03-05T22:41:04+00:00\",\"dateModified\":\"2025-10-03T08:53:19+00:00\",\"description\":\"Liv.52 : Soutient la sant\u00e9 du foie, prot\u00e8ge contre les toxines, aide \u00e0 la r\u00e9g\u00e9n\u00e9ration, pr\u00e9vient la st\u00e9atose h\u00e9patique. Am\u00e9liore la digestion et l'app\u00e9tit. Adultes : 2 comprim\u00e9s 2-3 fois par jour. Enfants de plus de 6 ans : 1 comprim\u00e9 deux fois par jour.\",\"breadcrumb\":{\"@id\":\"https:\\\/\\\/iberoid.com\\\/fr\\\/product\\\/liv52-protector-hepatico\\\/#breadcrumb\"},\"inLanguage\":\"fr-FR\",\"potentialAction\":[{\"@type\":\"ReadAction\",\"target\":[[\"https:\\\/\\\/iberoid.com\\\/fr\\\/product\\\/liv52-protector-hepatico\\\/\"]]}]},{\"@type\":\"ImageObject\",\"inLanguage\":\"fr-FR\",\"@id\":\"https:\\\/\\\/iberoid.com\\\/fr\\\/product\\\/liv52-protector-hepatico\\\/#primaryimage\",\"url\":\"https:\\\/\\\/iberoid.com\\\/wp-content\\\/uploads\\\/2020\\\/05\\\/liv-52-ds-60-tablete-himalaya-1320.jpg?v=1741214760\",\"contentUrl\":\"https:\\\/\\\/iberoid.com\\\/wp-content\\\/uploads\\\/2020\\\/05\\\/liv-52-ds-60-tablete-himalaya-1320.jpg?v=1741214760\",\"width\":1000,\"height\":1000},{\"@type\":\"BreadcrumbList\",\"@id\":\"https:\\\/\\\/iberoid.com\\\/fr\\\/product\\\/liv52-protector-hepatico\\\/#breadcrumb\",\"itemListElement\":[{\"@type\":\"ListItem\",\"position\":1,\"name\":\"Portada\",\"item\":\"https:\\\/\\\/iberoid.com\\\/fr\\\/\"},{\"@type\":\"ListItem\",\"position\":2,\"name\":\"Magasin\",\"item\":\"https:\\\/\\\/iberoid.com\\\/fr\\\/shop\\\/\"},{\"@type\":\"ListItem\",\"position\":3,\"name\":\"LIV 52 \\\/ PROTECTEUR HEPATIQUE\"}]},{\"@type\":\"WebSite\",\"@id\":\"https:\\\/\\\/iberoid-shop.com\\\/#website\",\"url\":\"https:\\\/\\\/iberoid-shop.com\\\/\",\"name\":\"(Espa\u00f1ol) Esteroides en l\u00ednea\",\"description\":\"(Espa\u00f1ol) Comprar esteroides en l\u00ednea hoy en Espa\u00f1a y Portugal. Tenemos el mejor servicio al cliente en la industria y los productos de la m\u00e1s alta calidad\",\"potentialAction\":[{\"@type\":\"SearchAction\",\"target\":{\"@type\":\"EntryPoint\",\"urlTemplate\":\"https:\\\/\\\/iberoid-shop.com\\\/?s={search_term_string}\"},\"query-input\":{\"@type\":\"PropertyValueSpecification\",\"valueRequired\":true,\"valueName\":\"search_term_string\"}}],\"inLanguage\":\"fr-FR\"}]}<\/script>\n<meta property=\"product:brand\" content=\"The Himalaya\" \/>\n<meta property=\"product:price:amount\" content=\"10.00\" \/>\n<meta property=\"product:price:currency\" content=\"EUR\" \/>\n<meta property=\"og:availability\" content=\"out of stock\" \/>\n<meta property=\"product:availability\" content=\"out of stock\" \/>\n<meta property=\"product:condition\" content=\"new\" \/>\n<!-- \/ Yoast SEO Premium plugin. -->","yoast_head_json":{"title":"LIV 52 \/ PROTECTEUR HEPATIQUE - (Espa\u00f1ol) Esteroides en l\u00ednea","description":"Liv.52 : Soutient la sant\u00e9 du foie, prot\u00e8ge contre les toxines, aide \u00e0 la r\u00e9g\u00e9n\u00e9ration, pr\u00e9vient la st\u00e9atose h\u00e9patique. Am\u00e9liore la digestion et l'app\u00e9tit. Adultes : 2 comprim\u00e9s 2-3 fois par jour. Enfants de plus de 6 ans : 1 comprim\u00e9 deux fois par jour.","robots":{"index":"index","follow":"follow","max-snippet":"max-snippet:-1","max-image-preview":"max-image-preview:large","max-video-preview":"max-video-preview:-1"},"canonical":"https:\/\/iberoid.com\/fr\/product\/liv52-protector-hepatico\/","og_locale":"fr_FR","og_type":"article","og_title":"LIV 52 \/ PROTECTEUR HEPATIQUE","og_description":"Liv.52 : Soutient la sant\u00e9 du foie, prot\u00e8ge contre les toxines, aide \u00e0 la r\u00e9g\u00e9n\u00e9ration, pr\u00e9vient la st\u00e9atose h\u00e9patique. Am\u00e9liore la digestion et l'app\u00e9tit. Adultes : 2 comprim\u00e9s 2-3 fois par jour. Enfants de plus de 6 ans : 1 comprim\u00e9 deux fois par jour.","og_url":"https:\/\/iberoid.com\/fr\/product\/liv52-protector-hepatico\/","og_site_name":"(Espa\u00f1ol) Esteroides en l\u00ednea","article_modified_time":"2025-10-03T08:53:19+00:00","og_image":[{"width":1000,"height":1000,"url":"https:\/\/iberoid.com\/wp-content\/uploads\/2020\/05\/liv-52-ds-60-tablete-himalaya-1320.jpg?v=1741214760","type":"image\/jpeg"}],"twitter_card":"summary_large_image","twitter_misc":{"Prix":"&euro;10.00","Disponibilit\u00e9":"Rupture de stock"},"schema":{"@context":"https:\/\/schema.org","@graph":[{"@type":"WebPage","@id":"https:\/\/iberoid.com\/fr\/product\/liv52-protector-hepatico\/","url":"https:\/\/iberoid.com\/fr\/product\/liv52-protector-hepatico\/","name":"LIV 52 \/ PROTECTEUR HEPATIQUE - (Espa\u00f1ol) Esteroides en l\u00ednea","isPartOf":{"@id":"https:\/\/iberoid-shop.com\/#website"},"primaryImageOfPage":{"@id":"https:\/\/iberoid.com\/fr\/product\/liv52-protector-hepatico\/#primaryimage"},"image":{"@id":"https:\/\/iberoid.com\/fr\/product\/liv52-protector-hepatico\/#primaryimage"},"thumbnailUrl":"https:\/\/iberoid.com\/wp-content\/uploads\/2020\/05\/liv-52-ds-60-tablete-himalaya-1320.jpg?v=1741214760","datePublished":"2025-03-05T22:41:04+00:00","dateModified":"2025-10-03T08:53:19+00:00","description":"Liv.52 : Soutient la sant\u00e9 du foie, prot\u00e8ge contre les toxines, aide \u00e0 la r\u00e9g\u00e9n\u00e9ration, pr\u00e9vient la st\u00e9atose h\u00e9patique. Am\u00e9liore la digestion et l'app\u00e9tit. Adultes : 2 comprim\u00e9s 2-3 fois par jour. Enfants de plus de 6 ans : 1 comprim\u00e9 deux fois par jour.","breadcrumb":{"@id":"https:\/\/iberoid.com\/fr\/product\/liv52-protector-hepatico\/#breadcrumb"},"inLanguage":"fr-FR","potentialAction":[{"@type":"ReadAction","target":[["https:\/\/iberoid.com\/fr\/product\/liv52-protector-hepatico\/"]]}]},{"@type":"ImageObject","inLanguage":"fr-FR","@id":"https:\/\/iberoid.com\/fr\/product\/liv52-protector-hepatico\/#primaryimage","url":"https:\/\/iberoid.com\/wp-content\/uploads\/2020\/05\/liv-52-ds-60-tablete-himalaya-1320.jpg?v=1741214760","contentUrl":"https:\/\/iberoid.com\/wp-content\/uploads\/2020\/05\/liv-52-ds-60-tablete-himalaya-1320.jpg?v=1741214760","width":1000,"height":1000},{"@type":"BreadcrumbList","@id":"https:\/\/iberoid.com\/fr\/product\/liv52-protector-hepatico\/#breadcrumb","itemListElement":[{"@type":"ListItem","position":1,"name":"Portada","item":"https:\/\/iberoid.com\/fr\/"},{"@type":"ListItem","position":2,"name":"Magasin","item":"https:\/\/iberoid.com\/fr\/shop\/"},{"@type":"ListItem","position":3,"name":"LIV 52 \/ PROTECTEUR HEPATIQUE"}]},{"@type":"WebSite","@id":"https:\/\/iberoid-shop.com\/#website","url":"https:\/\/iberoid-shop.com\/","name":"(Espa\u00f1ol) Esteroides en l\u00ednea","description":"(Espa\u00f1ol) Comprar esteroides en l\u00ednea hoy en Espa\u00f1a y Portugal. Tenemos el mejor servicio al cliente en la industria y los productos de la m\u00e1s alta calidad","potentialAction":[{"@type":"SearchAction","target":{"@type":"EntryPoint","urlTemplate":"https:\/\/iberoid-shop.com\/?s={search_term_string}"},"query-input":{"@type":"PropertyValueSpecification","valueRequired":true,"valueName":"search_term_string"}}],"inLanguage":"fr-FR"}]},"product_brand":"The Himalaya","product_price_amount":"10.00","product_price_currency":"EUR","og_availability":"out of stock","product_availability":"out of stock","product_condition":"new"},"_links":{"self":[{"href":"https:\/\/iberoid.com\/fr\/wp-json\/wp\/v2\/product\/9956","targetHints":{"allow":["GET"]}}],"collection":[{"href":"https:\/\/iberoid.com\/fr\/wp-json\/wp\/v2\/product"}],"about":[{"href":"https:\/\/iberoid.com\/fr\/wp-json\/wp\/v2\/types\/product"}],"replies":[{"embeddable":true,"href":"https:\/\/iberoid.com\/fr\/wp-json\/wp\/v2\/comments?post=9956"}],"wp:featuredmedia":[{"embeddable":true,"href":"https:\/\/iberoid.com\/fr\/wp-json\/wp\/v2\/media\/5116"}],"wp:attachment":[{"href":"https:\/\/iberoid.com\/fr\/wp-json\/wp\/v2\/media?parent=9956"}],"wp:term":[{"taxonomy":"product_brand","embeddable":true,"href":"https:\/\/iberoid.com\/fr\/wp-json\/wp\/v2\/product_brand?post=9956"},{"taxonomy":"product_cat","embeddable":true,"href":"https:\/\/iberoid.com\/fr\/wp-json\/wp\/v2\/product_cat?post=9956"},{"taxonomy":"product_tag","embeddable":true,"href":"https:\/\/iberoid.com\/fr\/wp-json\/wp\/v2\/product_tag?post=9956"}],"curies":[{"name":"wp","href":"https:\/\/api.w.org\/{rel}","templated":true}]}}